{"id":7278,"date":"2023-11-21T09:47:54","date_gmt":"2023-11-21T09:47:54","guid":{"rendered":"https:\/\/www.whitesmh.co.uk\/products\/secchio-a-polipo-teletruk-jcb-hd-x\/"},"modified":"2024-11-19T10:51:27","modified_gmt":"2024-11-19T10:51:27","slug":"secchio-a-polipo-teletruk-jcb-hd-x","status":"publish","type":"product","link":"https:\/\/www.whitesmh.co.uk\/it\/prodotto\/secchio-a-polipo-teletruk-jcb-hd-x\/","title":{"rendered":"Secchio a polipo teletruk jcb HD-X"},"content":{"rendered":"\n<div class=\"wp-block-columns is-layout-flex wp-container-core-columns-is-layout-28f84493 wp-block-columns-is-layout-flex\">\n<div class=\"wp-block-column is-layout-flow wp-block-column-is-layout-flow\">\n<h2 class=\"wp-block-heading\" style=\"text-transform:uppercase\">BENNA A POLIPO HD-X JCB TELETRUK<\/h2>\n\n\n\n<p>La benna a polipo Teletruk WHITES HD-X JCB \u00e8 progettata specificamente per la gestione di rifiuti e altri materiali riciclabili. La pinza divisa \u00e8 perfetta per carichi irregolari, mentre i lati possono essere rimossi per una maggiore capacit\u00e0.  <\/p>\n\n\n\n<ul class=\"wp-block-list\">\n<li>Specificamente progettato per JCB Teletruk<\/li>\n\n\n\n<li>1525 mm \/ 5&#8242; di larghezza<\/li>\n\n\n\n<li>0,85 m3<\/li>\n\n\n\n<li>Benna divisa: ideale per carichi irregolari<\/li>\n\n\n\n<li>Puntale reversibile imbullonato<\/li>\n\n\n\n<li>Pannelli laterali rimovibili<\/li>\n\n\n\n<li>Cuscinetti antiusura esterni in Hardox<\/li>\n\n\n\n<li>Corpi pistoni e tubi protetti<\/li>\n\n\n\n<li>Disponibile con staffe di classe 3 o Changeeze<\/li>\n\n\n\n<li>Piastra opzionale sulle punte di presa<\/li>\n<\/ul>\n\n\n\n<div class=\"wp-block-columns is-layout-flex wp-container-core-columns-is-layout-28f84493 wp-block-columns-is-layout-flex\">\n<div class=\"wp-block-column is-layout-flow wp-block-column-is-layout-flow\" style=\"flex-basis:100%\">\n<figure class=\"wp-block-image size-medium is-resized\"><img loading=\"lazy\" decoding=\"async\" width=\"800\" height=\"128\" src=\"https:\/\/www.whitesmh.co.uk\/wp-content\/uploads\/MIB-HDX-2-800x128.jpg\" alt=\"\" class=\"wp-image-1262\" style=\"width:268px;height:auto\" srcset=\"https:\/\/www.whitesmh.co.uk\/wp-content\/uploads\/MIB-HDX-2-800x128.jpg 800w, https:\/\/www.whitesmh.co.uk\/wp-content\/uploads\/MIB-HDX-2-600x96.jpg 600w, https:\/\/www.whitesmh.co.uk\/wp-content\/uploads\/MIB-HDX-2-768x123.jpg 768w\" sizes=\"auto, (max-width: 800px) 100vw, 800px\" \/><\/figure>\n<\/div>\n<\/div>\n\n\n\n<div class=\"wp-block-buttons is-layout-flex wp-block-buttons-is-layout-flex\">\n<div class=\"wp-block-button\"><a class=\"wp-block-button__link wp-element-button\" href=\"https:\/\/www.whitesmh.co.uk\/it\/contatto\/\">CONTATTACI<\/a><\/div>\n\n\n\n<div class=\"wp-block-button\"><a class=\"wp-block-button__link wp-element-button\" href=\"https:\/\/www.whitesmh.co.uk\/support\/buckets-product-support\/\">SUPPORTO PER IL PRODOTTO<\/a><\/div>\n\n\n\n<div class=\"wp-block-button\"><a class=\"wp-block-button__link wp-element-button\" href=\"https:\/\/www.whitesmh.co.uk\/wp-content\/uploads\/WMH-Data-Sheet-JCB-Teletruk-Grab-Bucket.pptx\" target=\"_blank\" rel=\"noreferrer noopener\">SCHEDA TECNICA<\/a><\/div>\n<\/div>\n<\/div>\n\n\n\n<div class=\"wp-block-column is-vertically-aligned-center is-layout-flow wp-block-column-is-layout-flow\">\n<figure class=\"wp-block-image size-full\"><img loading=\"lazy\" decoding=\"async\" width=\"2000\" height=\"1500\" src=\"https:\/\/www.whitesmh.co.uk\/wp-content\/uploads\/IMG_1600-1-scaled.jpeg\" alt=\"\" class=\"wp-image-1395\" srcset=\"https:\/\/www.whitesmh.co.uk\/wp-content\/uploads\/IMG_1600-1-scaled.jpeg 2000w, https:\/\/www.whitesmh.co.uk\/wp-content\/uploads\/IMG_1600-1-scaled-600x450.jpeg 600w, https:\/\/www.whitesmh.co.uk\/wp-content\/uploads\/IMG_1600-1-800x600.jpeg 800w, https:\/\/www.whitesmh.co.uk\/wp-content\/uploads\/IMG_1600-1-768x576.jpeg 768w\" sizes=\"auto, (max-width: 800px) 100vw, 800px\" \/><\/figure>\n<\/div>\n<\/div>\n\n<div class=\"wp-block-group has-primary-background-color has-background is-layout-flow wp-block-group-is-layout-flow\" style=\"margin-top:30px;margin-bottom:30px;padding-top:var(--wp--preset--spacing--40);padding-right:var(--wp--preset--spacing--40);padding-bottom:var(--wp--preset--spacing--40);padding-left:var(--wp--preset--spacing--40)\">\n<h3 class=\"wp-block-heading\">MODELLI<\/h3>\n<\/div>\n\n<figure class=\"wp-block-table\"><table><tbody><tr><td class=\"has-text-align-center\" data-align=\"center\"><strong>Modello<\/strong><\/td><td class=\"has-text-align-center\" data-align=\"center\"><strong>Larghezza (mm)<\/strong><\/td><td class=\"has-text-align-center\" data-align=\"center\"><strong>Capacit\u00e0<\/strong><\/td><\/tr><tr><td class=\"has-text-align-center\" data-align=\"center\">IGTT1525<\/td><td class=\"has-text-align-center\" data-align=\"center\">1525mm<\/td><td class=\"has-text-align-center\" data-align=\"center\">0,85 m3<\/td><\/tr><\/tbody><\/table><\/figure>\n\n<div class=\"wp-block-group is-layout-flow wp-block-group-is-layout-flow\">\n<div class=\"wp-block-group has-primary-background-color has-background is-layout-flow wp-block-group-is-layout-flow\" style=\"margin-top:30px;margin-bottom:30px;padding-top:var(--wp--preset--spacing--40);padding-right:var(--wp--preset--spacing--40);padding-bottom:var(--wp--preset--spacing--40);padding-left:var(--wp--preset--spacing--40)\">\n<h3 class=\"wp-block-heading\">GALLERIA<\/h3>\n<\/div>\n\n\n\n<figure class=\"wp-block-gallery has-nested-images columns-4 is-cropped wp-block-gallery-1 is-layout-flex wp-block-gallery-is-layout-flex\">\n<figure class=\"wp-block-image size-thumbnail\"><a href=\"https:\/\/www.whitesmh.co.uk\/wp-content\/uploads\/IMG_1595-scaled.jpeg\"><img loading=\"lazy\" decoding=\"async\" width=\"400\" height=\"400\" data-id=\"1396\" src=\"https:\/\/www.whitesmh.co.uk\/wp-content\/uploads\/IMG_1595-400x400.jpeg\" alt=\"\" class=\"wp-image-1396\" srcset=\"https:\/\/www.whitesmh.co.uk\/wp-content\/uploads\/IMG_1595-400x400.jpeg 400w, https:\/\/www.whitesmh.co.uk\/wp-content\/uploads\/IMG_1595-scaled-300x300.jpeg 300w, https:\/\/www.whitesmh.co.uk\/wp-content\/uploads\/IMG_1595-scaled-100x100.jpeg 100w\" sizes=\"auto, (max-width: 400px) 100vw, 400px\" \/><\/a><\/figure>\n\n\n\n<figure class=\"wp-block-image size-thumbnail\"><a href=\"https:\/\/www.whitesmh.co.uk\/wp-content\/uploads\/IMG_1601-scaled.jpeg\"><img loading=\"lazy\" decoding=\"async\" width=\"400\" height=\"400\" data-id=\"1397\" src=\"https:\/\/www.whitesmh.co.uk\/wp-content\/uploads\/IMG_1601-400x400.jpeg\" alt=\"\" class=\"wp-image-1397\" srcset=\"https:\/\/www.whitesmh.co.uk\/wp-content\/uploads\/IMG_1601-400x400.jpeg 400w, https:\/\/www.whitesmh.co.uk\/wp-content\/uploads\/IMG_1601-scaled-300x300.jpeg 300w, https:\/\/www.whitesmh.co.uk\/wp-content\/uploads\/IMG_1601-scaled-100x100.jpeg 100w\" sizes=\"auto, (max-width: 400px) 100vw, 400px\" \/><\/a><\/figure>\n\n\n\n<figure class=\"wp-block-image size-thumbnail\"><a href=\"https:\/\/www.whitesmh.co.uk\/wp-content\/uploads\/IMG_1602-scaled.jpeg\"><img loading=\"lazy\" decoding=\"async\" width=\"400\" height=\"400\" data-id=\"1398\" src=\"https:\/\/www.whitesmh.co.uk\/wp-content\/uploads\/IMG_1602-400x400.jpeg\" alt=\"\" class=\"wp-image-1398\" srcset=\"https:\/\/www.whitesmh.co.uk\/wp-content\/uploads\/IMG_1602-400x400.jpeg 400w, https:\/\/www.whitesmh.co.uk\/wp-content\/uploads\/IMG_1602-scaled-300x300.jpeg 300w, https:\/\/www.whitesmh.co.uk\/wp-content\/uploads\/IMG_1602-scaled-100x100.jpeg 100w\" sizes=\"auto, (max-width: 400px) 100vw, 400px\" \/><\/a><\/figure>\n\n\n\n<figure class=\"wp-block-image size-thumbnail\"><a href=\"https:\/\/www.whitesmh.co.uk\/wp-content\/uploads\/IMG_1694-scaled.jpeg\"><img loading=\"lazy\" decoding=\"async\" width=\"400\" height=\"400\" data-id=\"1400\" src=\"https:\/\/www.whitesmh.co.uk\/wp-content\/uploads\/IMG_1694-400x400.jpeg\" alt=\"\" class=\"wp-image-1400\" srcset=\"https:\/\/www.whitesmh.co.uk\/wp-content\/uploads\/IMG_1694-400x400.jpeg 400w, https:\/\/www.whitesmh.co.uk\/wp-content\/uploads\/IMG_1694-scaled-300x300.jpeg 300w, https:\/\/www.whitesmh.co.uk\/wp-content\/uploads\/IMG_1694-scaled-100x100.jpeg 100w\" sizes=\"auto, (max-width: 400px) 100vw, 400px\" \/><\/a><\/figure>\n\n\n\n<figure class=\"wp-block-image size-thumbnail\"><a href=\"https:\/\/www.whitesmh.co.uk\/wp-content\/uploads\/IMG_1695-scaled.jpeg\"><img loading=\"lazy\" decoding=\"async\" width=\"400\" height=\"400\" data-id=\"1401\" src=\"https:\/\/www.whitesmh.co.uk\/wp-content\/uploads\/IMG_1695-400x400.jpeg\" alt=\"\" class=\"wp-image-1401\" srcset=\"https:\/\/www.whitesmh.co.uk\/wp-content\/uploads\/IMG_1695-400x400.jpeg 400w, https:\/\/www.whitesmh.co.uk\/wp-content\/uploads\/IMG_1695-scaled-300x300.jpeg 300w, https:\/\/www.whitesmh.co.uk\/wp-content\/uploads\/IMG_1695-scaled-100x100.jpeg 100w\" sizes=\"auto, (max-width: 400px) 100vw, 400px\" \/><\/a><\/figure>\n\n\n\n<figure class=\"wp-block-image size-thumbnail\"><a href=\"https:\/\/www.whitesmh.co.uk\/wp-content\/uploads\/IMG_1696-scaled.jpeg\"><img loading=\"lazy\" decoding=\"async\" width=\"400\" height=\"400\" data-id=\"1402\" src=\"https:\/\/www.whitesmh.co.uk\/wp-content\/uploads\/IMG_1696-400x400.jpeg\" alt=\"\" class=\"wp-image-1402\" srcset=\"https:\/\/www.whitesmh.co.uk\/wp-content\/uploads\/IMG_1696-400x400.jpeg 400w, https:\/\/www.whitesmh.co.uk\/wp-content\/uploads\/IMG_1696-scaled-300x300.jpeg 300w, https:\/\/www.whitesmh.co.uk\/wp-content\/uploads\/IMG_1696-scaled-100x100.jpeg 100w\" sizes=\"auto, (max-width: 400px) 100vw, 400px\" \/><\/a><\/figure>\n\n\n\n<figure class=\"wp-block-image size-thumbnail\"><a href=\"https:\/\/www.whitesmh.co.uk\/wp-content\/uploads\/IMG_1700-scaled.jpeg\"><img loading=\"lazy\" decoding=\"async\" width=\"400\" height=\"400\" data-id=\"1403\" src=\"https:\/\/www.whitesmh.co.uk\/wp-content\/uploads\/IMG_1700-400x400.jpeg\" alt=\"\" class=\"wp-image-1403\" srcset=\"https:\/\/www.whitesmh.co.uk\/wp-content\/uploads\/IMG_1700-400x400.jpeg 400w, https:\/\/www.whitesmh.co.uk\/wp-content\/uploads\/IMG_1700-scaled-300x300.jpeg 300w, https:\/\/www.whitesmh.co.uk\/wp-content\/uploads\/IMG_1700-scaled-100x100.jpeg 100w\" sizes=\"auto, (max-width: 400px) 100vw, 400px\" \/><\/a><\/figure>\n\n\n\n<figure class=\"wp-block-image size-thumbnail\"><a href=\"https:\/\/www.whitesmh.co.uk\/wp-content\/uploads\/IMG_1681-scaled.jpeg\"><img loading=\"lazy\" decoding=\"async\" width=\"400\" height=\"400\" data-id=\"1399\" src=\"https:\/\/www.whitesmh.co.uk\/wp-content\/uploads\/IMG_1681-400x400.jpeg\" alt=\"\" class=\"wp-image-1399\" srcset=\"https:\/\/www.whitesmh.co.uk\/wp-content\/uploads\/IMG_1681-400x400.jpeg 400w, https:\/\/www.whitesmh.co.uk\/wp-content\/uploads\/IMG_1681-scaled-300x300.jpeg 300w, https:\/\/www.whitesmh.co.uk\/wp-content\/uploads\/IMG_1681-scaled-100x100.jpeg 100w\" sizes=\"auto, (max-width: 400px) 100vw, 400px\" \/><\/a><\/figure>\n<\/figure>\n<\/div>\n\n<div class=\"wp-block-group has-primary-background-color has-background is-layout-flow wp-block-group-is-layout-flow\" style=\"margin-top:30px;margin-bottom:30px;padding-top:var(--wp--preset--spacing--40);padding-right:var(--wp--preset--spacing--40);padding-bottom:var(--wp--preset--spacing--40);padding-left:var(--wp--preset--spacing--40)\">\n<h3 class=\"wp-block-heading\">VIDEO<\/h3>\n<\/div>\n\n<figure class=\"wp-block-embed is-type-video is-provider-youtube wp-block-embed-youtube wp-embed-aspect-16-9 wp-has-aspect-ratio\"><div class=\"wp-block-embed__wrapper\">\n<iframe loading=\"lazy\" title=\"#WhitesDifference - HDX Waste+ JCB Teletruk Grapple Bucket\" width=\"800\" height=\"450\" src=\"https:\/\/www.youtube.com\/embed\/-8pvUkPOgwY?feature=oembed\" frameborder=\"0\" allow=\"accelerometer; autoplay; clipboard-write; encrypted-media; gyroscope; picture-in-picture; web-share\" referrerpolicy=\"strict-origin-when-cross-origin\" allowfullscreen><\/iframe>\n<\/div><\/figure>\n\n<div class=\"wp-block-group is-layout-constrained wp-block-group-is-layout-constrained\">\n<div class=\"wp-block-group alignfull has-primary-background-color has-background is-layout-flow wp-block-group-is-layout-flow\" style=\"margin-top:30px;margin-bottom:30px;padding-top:var(--wp--preset--spacing--40);padding-right:var(--wp--preset--spacing--40);padding-bottom:var(--wp--preset--spacing--40);padding-left:var(--wp--preset--spacing--40)\">\n<h3 class=\"wp-block-heading\">PRODOTTI CORRELATI<\/h3>\n<\/div>\n\n\n\n<div class=\"product-grid flex\">\n\t\t<div class=\"col-25 padBottom\">\n\t\t<a href=\"https:\/\/www.whitesmh.co.uk\/it\/prodotto\/secchi-hd-x-jcb-teletruk-gp\/\" title=\"Secchi HD-X jcb teletruk gp\" class=\"block radius\">\n\t\t\t\t\t\t<div class=\"thumb\">\n\t\t\t\t<img loading=\"lazy\" decoding=\"async\" width=\"400\" height=\"400\" src=\"https:\/\/www.whitesmh.co.uk\/wp-content\/uploads\/Teletruk-GP-Bucket-400x400.jpg\" class=\"attachment-thumbnail size-thumbnail wp-post-image\" alt=\"\" srcset=\"https:\/\/www.whitesmh.co.uk\/wp-content\/uploads\/Teletruk-GP-Bucket-400x400.jpg 400w, https:\/\/www.whitesmh.co.uk\/wp-content\/uploads\/Teletruk-GP-Bucket-300x300.jpg 300w, https:\/\/www.whitesmh.co.uk\/wp-content\/uploads\/Teletruk-GP-Bucket-100x100.jpg 100w\" sizes=\"auto, (max-width: 400px) 100vw, 400px\" \/>\t\t\t\t\t\t\t\t\t\n\t\t\t<\/div>\n\t\t\t\t\t\t<div class=\"meta smlPadAll\">\n\t\t\t\t<h4 class=\"no-margin\">Secchi HD-X jcb teletruk gp<\/h4>\n\t\t\t\t<span class=\"blue button marTop\">Find out more <i class=\"fa-solid fa-chevron-right\"><\/i><\/span>\n\t\t\t<\/div>\n\t\t<\/a>\n\t<\/div>\n\t<\/div>\n<\/div>\n","protected":false},"excerpt":{"rendered":"<p>BENNA A POLIPO HD-X JCB TELETRUK La benna a polipo Teletruk WHITES HD-X JCB \u00e8 progettata specificamente per la gestione di rifiuti e altri materiali riciclabili. La pinza divisa \u00e8 perfetta per carichi irregolari, mentre i lati possono essere rimossi per una maggiore capacit\u00e0. MODELLI Modello Larghezza (mm) Capacit\u00e0 IGTT1525 1525mm 0,85 m3 GALLERIA VIDEO&hellip;<\/p>\n","protected":false},"featured_media":7288,"template":"","meta":{"_acf_changed":false},"product_brand":[],"product_cat":[315,294],"product_tag":[],"class_list":{"2":"type-product","8":"product","9":"first","10":"instock","11":"taxable","12":"shipping-taxable","13":"product-type-simple"},"acf":[],"_links":{"self":[{"href":"https:\/\/www.whitesmh.co.uk\/it\/wp-json\/wp\/v2\/product\/7278","targetHints":{"allow":["GET"]}}],"collection":[{"href":"https:\/\/www.whitesmh.co.uk\/it\/wp-json\/wp\/v2\/product"}],"about":[{"href":"https:\/\/www.whitesmh.co.uk\/it\/wp-json\/wp\/v2\/types\/product"}],"wp:featuredmedia":[{"embeddable":true,"href":"https:\/\/www.whitesmh.co.uk\/it\/wp-json\/wp\/v2\/media\/7288"}],"wp:attachment":[{"href":"https:\/\/www.whitesmh.co.uk\/it\/wp-json\/wp\/v2\/media?parent=7278"}],"wp:term":[{"taxonomy":"product_brand","embeddable":true,"href":"https:\/\/www.whitesmh.co.uk\/it\/wp-json\/wp\/v2\/product_brand?post=7278"},{"taxonomy":"product_cat","embeddable":true,"href":"https:\/\/www.whitesmh.co.uk\/it\/wp-json\/wp\/v2\/product_cat?post=7278"},{"taxonomy":"product_tag","embeddable":true,"href":"https:\/\/www.whitesmh.co.uk\/it\/wp-json\/wp\/v2\/product_tag?post=7278"}],"curies":[{"name":"wp","href":"https:\/\/api.w.org\/{rel}","templated":true}]}}