{"id":7269,"date":"2024-01-30T12:50:45","date_gmt":"2024-01-30T12:50:45","guid":{"rendered":"https:\/\/www.whitesmh.co.uk\/products\/traslatori-laterali\/"},"modified":"2024-11-19T10:59:16","modified_gmt":"2024-11-19T10:59:16","slug":"traslatori-laterali","status":"publish","type":"product","link":"https:\/\/www.whitesmh.co.uk\/it\/prodotto\/traslatori-laterali\/","title":{"rendered":"TRASLATORI LATERALI"},"content":{"rendered":"\n<div class=\"wp-block-columns is-layout-flex wp-container-core-columns-is-layout-28f84493 wp-block-columns-is-layout-flex\">\n<div class=\"wp-block-column is-vertically-aligned-center is-layout-flow wp-block-column-is-layout-flow\">\n<figure class=\"wp-block-image size-full\"><img loading=\"lazy\" decoding=\"async\" width=\"1355\" height=\"1016\" src=\"https:\/\/www.whitesmh.co.uk\/wp-content\/uploads\/Side-Shift-No-Forks.jpg\" alt=\"\" class=\"wp-image-2554\" srcset=\"https:\/\/www.whitesmh.co.uk\/wp-content\/uploads\/Side-Shift-No-Forks.jpg 1355w, https:\/\/www.whitesmh.co.uk\/wp-content\/uploads\/Side-Shift-No-Forks-600x450.jpg 600w, https:\/\/www.whitesmh.co.uk\/wp-content\/uploads\/Side-Shift-No-Forks-800x600.jpg 800w, https:\/\/www.whitesmh.co.uk\/wp-content\/uploads\/Side-Shift-No-Forks-768x576.jpg 768w\" sizes=\"auto, (max-width: 800px) 100vw, 800px\" \/><\/figure>\n<\/div>\n\n\n\n<div class=\"wp-block-column is-layout-flow wp-block-column-is-layout-flow\">\n<h2 class=\"wp-block-heading\" style=\"text-transform:uppercase\">TRASLATORI LATERALI<\/h2>\n\n\n\n<p>L&#8217;unit\u00e0 di spostamento laterale del sollevatore telescopico WHITES \u00e8 un&#8217;opzione fantastica per coloro che desiderano una maggiore versatilit\u00e0 dalla propria macchina di carico. Le forche per pallet a barra tonda possono adattarsi all&#8217;unit\u00e0 Side Shift e quindi spostarsi a sinistra o a destra di 200 mm. Ideale per un caricamento preciso. Per una versatilit\u00e0 ancora maggiore, offriamo anche un&#8217;unit\u00e0 combinata di spostamento laterale e posizionatore forche.  <\/p>\n\n\n\n<ul class=\"wp-block-list\">\n<li>Opzioni combinate Spostamento laterale e Spostamento laterale\/Posizionatore forche<\/li>\n\n\n\n<li>Traslatore laterale ad azionamento idraulico<\/li>\n\n\n\n<li>Posiziona rapidamente il carico comodamente dalla cabina<\/li>\n\n\n\n<li>Corsa di 200 mm  <\/li>\n<\/ul>\n\n\n\n<div class=\"wp-block-columns is-layout-flex wp-container-core-columns-is-layout-28f84493 wp-block-columns-is-layout-flex\">\n<div class=\"wp-block-column is-layout-flow wp-block-column-is-layout-flow\" style=\"flex-basis:100%\">\n<figure class=\"wp-block-image size-medium is-resized\"><img loading=\"lazy\" decoding=\"async\" width=\"300\" height=\"71\" src=\"https:\/\/www.whitesmh.co.uk\/wp-content\/uploads\/2023\/09\/Made-in-Britain2-300x71.png\" alt=\"\" class=\"wp-image-237\" style=\"width:268px;height:auto\" srcset=\"https:\/\/www.whitesmh.co.uk\/wp-content\/uploads\/2023\/09\/Made-in-Britain2-300x71.png 300w, https:\/\/www.whitesmh.co.uk\/wp-content\/uploads\/2023\/09\/Made-in-Britain2-600x143.png 600w, https:\/\/www.whitesmh.co.uk\/wp-content\/uploads\/2023\/09\/Made-in-Britain2.png 626w\" sizes=\"auto, (max-width: 300px) 100vw, 300px\" \/><\/figure>\n<\/div>\n<\/div>\n\n\n\n<div class=\"wp-block-buttons is-layout-flex wp-block-buttons-is-layout-flex\">\n<div class=\"wp-block-button\"><a class=\"wp-block-button__link wp-element-button\" href=\"https:\/\/www.whitesmh.co.uk\/it\/contatto\/\">CONTATTACI<\/a><\/div>\n\n\n\n<div class=\"wp-block-button\"><a class=\"wp-block-button__link wp-element-button\" href=\"https:\/\/www.whitesmh.co.uk\/docs\/fork-positioner-product-support\/\">SUPPORTO PER IL PRODOTTO<\/a><\/div>\n<\/div>\n<\/div>\n<\/div>\n\n<div class=\"wp-block-group is-layout-constrained wp-block-group-is-layout-constrained\">\n<div class=\"wp-block-group alignfull has-primary-background-color has-background is-layout-flow wp-block-group-is-layout-flow\" style=\"margin-top:30px;margin-bottom:30px;padding-top:var(--wp--preset--spacing--40);padding-right:var(--wp--preset--spacing--40);padding-bottom:var(--wp--preset--spacing--40);padding-left:var(--wp--preset--spacing--40)\">\n<h3 class=\"wp-block-heading\">MODELLI<\/h3>\n<\/div>\n<\/div>\n\n<figure class=\"wp-block-table\"><table><tbody><tr><td class=\"has-text-align-center\" data-align=\"center\"><strong>Numero di parte<\/strong><\/td><td class=\"has-text-align-center\" data-align=\"center\"><strong>Digitare<\/strong><\/td><td class=\"has-text-align-center\" data-align=\"center\"><strong>Forchette<\/strong><\/td><\/tr><tr><td class=\"has-text-align-center\" data-align=\"center\">SS5A1200<\/td><td class=\"has-text-align-center\" data-align=\"center\">Unit\u00e0 di spostamento laterale<\/td><td class=\"has-text-align-center\" data-align=\"center\">No<\/td><\/tr><tr><td class=\"has-text-align-center\" data-align=\"center\">SSPF5A1200<\/td><td class=\"has-text-align-center\" data-align=\"center\">Unit\u00e0 di spostamento laterale con forche  <\/td><td class=\"has-text-align-center\" data-align=\"center\">S\u00ec<\/td><\/tr><tr><td class=\"has-text-align-center\" data-align=\"center\">DPFSS1200<\/td><td class=\"has-text-align-center\" data-align=\"center\">Spostamento laterale e posizionatore forche doppio con forche<\/td><td class=\"has-text-align-center\" data-align=\"center\">S\u00ec<\/td><\/tr><\/tbody><\/table><\/figure>\n\n<div class=\"wp-block-group is-layout-flow wp-block-group-is-layout-flow\">\n<div class=\"wp-block-group has-primary-background-color has-background is-layout-flow wp-block-group-is-layout-flow\" style=\"margin-top:30px;margin-bottom:30px;padding-top:var(--wp--preset--spacing--40);padding-right:var(--wp--preset--spacing--40);padding-bottom:var(--wp--preset--spacing--40);padding-left:var(--wp--preset--spacing--40)\">\n<h3 class=\"wp-block-heading\">GALLERIA<\/h3>\n<\/div>\n\n\n\n<figure class=\"wp-block-gallery has-nested-images columns-4 is-cropped wp-block-gallery-1 is-layout-flex wp-block-gallery-is-layout-flex\">\n<figure class=\"wp-block-image size-thumbnail\"><a href=\"https:\/\/www.whitesmh.co.uk\/wp-content\/uploads\/e44350ff-49b4-40a1-aec4-1c8acf668a09.jpeg\"><img loading=\"lazy\" decoding=\"async\" width=\"400\" height=\"400\" data-id=\"2572\" src=\"https:\/\/www.whitesmh.co.uk\/wp-content\/uploads\/e44350ff-49b4-40a1-aec4-1c8acf668a09-400x400.jpeg\" alt=\"\" class=\"wp-image-2572\" srcset=\"https:\/\/www.whitesmh.co.uk\/wp-content\/uploads\/e44350ff-49b4-40a1-aec4-1c8acf668a09-400x400.jpeg 400w, https:\/\/www.whitesmh.co.uk\/wp-content\/uploads\/e44350ff-49b4-40a1-aec4-1c8acf668a09-300x300.jpeg 300w, https:\/\/www.whitesmh.co.uk\/wp-content\/uploads\/e44350ff-49b4-40a1-aec4-1c8acf668a09-100x100.jpeg 100w\" sizes=\"auto, (max-width: 400px) 100vw, 400px\" \/><\/a><\/figure>\n\n\n\n<figure class=\"wp-block-image size-thumbnail\"><a href=\"https:\/\/www.whitesmh.co.uk\/wp-content\/uploads\/4791f755-f1c8-4aa9-aeca-4ddd372f6e3e.jpeg\"><img loading=\"lazy\" decoding=\"async\" width=\"400\" height=\"400\" data-id=\"2571\" src=\"https:\/\/www.whitesmh.co.uk\/wp-content\/uploads\/4791f755-f1c8-4aa9-aeca-4ddd372f6e3e-400x400.jpeg\" alt=\"\" class=\"wp-image-2571\" srcset=\"https:\/\/www.whitesmh.co.uk\/wp-content\/uploads\/4791f755-f1c8-4aa9-aeca-4ddd372f6e3e-400x400.jpeg 400w, https:\/\/www.whitesmh.co.uk\/wp-content\/uploads\/4791f755-f1c8-4aa9-aeca-4ddd372f6e3e-300x300.jpeg 300w, https:\/\/www.whitesmh.co.uk\/wp-content\/uploads\/4791f755-f1c8-4aa9-aeca-4ddd372f6e3e-100x100.jpeg 100w\" sizes=\"auto, (max-width: 400px) 100vw, 400px\" \/><\/a><\/figure>\n\n\n\n<figure class=\"wp-block-image size-thumbnail\"><a href=\"https:\/\/www.whitesmh.co.uk\/wp-content\/uploads\/0cd948bb-553a-49e1-a1f4-ab18aeb8d4c6.jpeg\"><img loading=\"lazy\" decoding=\"async\" width=\"400\" height=\"400\" data-id=\"2570\" src=\"https:\/\/www.whitesmh.co.uk\/wp-content\/uploads\/0cd948bb-553a-49e1-a1f4-ab18aeb8d4c6-400x400.jpeg\" alt=\"\" class=\"wp-image-2570\" srcset=\"https:\/\/www.whitesmh.co.uk\/wp-content\/uploads\/0cd948bb-553a-49e1-a1f4-ab18aeb8d4c6-400x400.jpeg 400w, https:\/\/www.whitesmh.co.uk\/wp-content\/uploads\/0cd948bb-553a-49e1-a1f4-ab18aeb8d4c6-300x300.jpeg 300w, https:\/\/www.whitesmh.co.uk\/wp-content\/uploads\/0cd948bb-553a-49e1-a1f4-ab18aeb8d4c6-100x100.jpeg 100w\" sizes=\"auto, (max-width: 400px) 100vw, 400px\" \/><\/a><\/figure>\n\n\n\n<figure class=\"wp-block-image size-thumbnail\"><a href=\"https:\/\/www.whitesmh.co.uk\/wp-content\/uploads\/0bce3946-95d9-471a-a265-52d6ebe61024.jpeg\"><img loading=\"lazy\" decoding=\"async\" width=\"400\" height=\"400\" data-id=\"2569\" src=\"https:\/\/www.whitesmh.co.uk\/wp-content\/uploads\/0bce3946-95d9-471a-a265-52d6ebe61024-400x400.jpeg\" alt=\"\" class=\"wp-image-2569\" srcset=\"https:\/\/www.whitesmh.co.uk\/wp-content\/uploads\/0bce3946-95d9-471a-a265-52d6ebe61024-400x400.jpeg 400w, https:\/\/www.whitesmh.co.uk\/wp-content\/uploads\/0bce3946-95d9-471a-a265-52d6ebe61024-300x300.jpeg 300w, https:\/\/www.whitesmh.co.uk\/wp-content\/uploads\/0bce3946-95d9-471a-a265-52d6ebe61024-100x100.jpeg 100w\" sizes=\"auto, (max-width: 400px) 100vw, 400px\" \/><\/a><\/figure>\n\n\n\n<figure class=\"wp-block-image size-thumbnail\"><a href=\"https:\/\/www.whitesmh.co.uk\/wp-content\/uploads\/Side-Shift-No-Forks2.jpg\"><img loading=\"lazy\" decoding=\"async\" width=\"400\" height=\"400\" data-id=\"2555\" src=\"https:\/\/www.whitesmh.co.uk\/wp-content\/uploads\/Side-Shift-No-Forks2-400x400.jpg\" alt=\"\" class=\"wp-image-2555\" srcset=\"https:\/\/www.whitesmh.co.uk\/wp-content\/uploads\/Side-Shift-No-Forks2-400x400.jpg 400w, https:\/\/www.whitesmh.co.uk\/wp-content\/uploads\/Side-Shift-No-Forks2-300x300.jpg 300w, https:\/\/www.whitesmh.co.uk\/wp-content\/uploads\/Side-Shift-No-Forks2-100x100.jpg 100w\" sizes=\"auto, (max-width: 400px) 100vw, 400px\" \/><\/a><\/figure>\n\n\n\n<figure class=\"wp-block-image size-thumbnail\"><a href=\"https:\/\/www.whitesmh.co.uk\/wp-content\/uploads\/Side-Shift-No-Forks.jpg\"><img loading=\"lazy\" decoding=\"async\" width=\"400\" height=\"400\" data-id=\"2554\" src=\"https:\/\/www.whitesmh.co.uk\/wp-content\/uploads\/Side-Shift-No-Forks-400x400.jpg\" alt=\"\" class=\"wp-image-2554\" srcset=\"https:\/\/www.whitesmh.co.uk\/wp-content\/uploads\/Side-Shift-No-Forks-400x400.jpg 400w, https:\/\/www.whitesmh.co.uk\/wp-content\/uploads\/Side-Shift-No-Forks-300x300.jpg 300w, https:\/\/www.whitesmh.co.uk\/wp-content\/uploads\/Side-Shift-No-Forks-100x100.jpg 100w\" sizes=\"auto, (max-width: 400px) 100vw, 400px\" \/><\/a><\/figure>\n\n\n\n<figure class=\"wp-block-image size-thumbnail\"><a href=\"https:\/\/www.whitesmh.co.uk\/wp-content\/uploads\/Fork-Positioner-with-Side-Shift-1.jpg\"><img loading=\"lazy\" decoding=\"async\" width=\"400\" height=\"400\" data-id=\"2556\" src=\"https:\/\/www.whitesmh.co.uk\/wp-content\/uploads\/Fork-Positioner-with-Side-Shift-1-400x400.jpg\" alt=\"\" class=\"wp-image-2556\" srcset=\"https:\/\/www.whitesmh.co.uk\/wp-content\/uploads\/Fork-Positioner-with-Side-Shift-1-400x400.jpg 400w, https:\/\/www.whitesmh.co.uk\/wp-content\/uploads\/Fork-Positioner-with-Side-Shift-1-300x300.jpg 300w, https:\/\/www.whitesmh.co.uk\/wp-content\/uploads\/Fork-Positioner-with-Side-Shift-1-100x100.jpg 100w\" sizes=\"auto, (max-width: 400px) 100vw, 400px\" \/><\/a><\/figure>\n<\/figure>\n<\/div>\n\n<div style=\"height:39px\" aria-hidden=\"true\" class=\"wp-block-spacer\"><\/div>\n\n<div class=\"wp-block-group is-layout-constrained wp-block-group-is-layout-constrained\">\n<figure class=\"wp-block-embed is-type-video is-provider-youtube wp-block-embed-youtube wp-embed-aspect-4-3 wp-has-aspect-ratio\"><div class=\"wp-block-embed__wrapper\">\n<iframe loading=\"lazy\" title=\"SIDE SHIFT PALLET FORKS - MANITOU - TELEHANDLER\" width=\"800\" height=\"600\" src=\"https:\/\/www.youtube.com\/embed\/1d_x336VWnc?feature=oembed\" frameborder=\"0\" allow=\"accelerometer; autoplay; clipboard-write; encrypted-media; gyroscope; picture-in-picture; web-share\" referrerpolicy=\"strict-origin-when-cross-origin\" allowfullscreen><\/iframe>\n<\/div><\/figure>\n<\/div>\n","protected":false},"excerpt":{"rendered":"<p>TRASLATORI LATERALI L&#8217;unit\u00e0 di spostamento laterale del sollevatore telescopico WHITES \u00e8 un&#8217;opzione fantastica per coloro che desiderano una maggiore versatilit\u00e0 dalla propria macchina di carico. Le forche per pallet a barra tonda possono adattarsi all&#8217;unit\u00e0 Side Shift e quindi spostarsi a sinistra o a destra di 200 mm. Ideale per un caricamento preciso. Per una&hellip;<\/p>\n","protected":false},"featured_media":7271,"template":"","meta":{"_acf_changed":false},"product_brand":[],"product_cat":[318,315],"product_tag":[],"class_list":{"2":"type-product","8":"product","9":"first","10":"instock","11":"taxable","12":"shipping-taxable","13":"product-type-simple"},"acf":[],"_links":{"self":[{"href":"https:\/\/www.whitesmh.co.uk\/it\/wp-json\/wp\/v2\/product\/7269","targetHints":{"allow":["GET"]}}],"collection":[{"href":"https:\/\/www.whitesmh.co.uk\/it\/wp-json\/wp\/v2\/product"}],"about":[{"href":"https:\/\/www.whitesmh.co.uk\/it\/wp-json\/wp\/v2\/types\/product"}],"wp:featuredmedia":[{"embeddable":true,"href":"https:\/\/www.whitesmh.co.uk\/it\/wp-json\/wp\/v2\/media\/7271"}],"wp:attachment":[{"href":"https:\/\/www.whitesmh.co.uk\/it\/wp-json\/wp\/v2\/media?parent=7269"}],"wp:term":[{"taxonomy":"product_brand","embeddable":true,"href":"https:\/\/www.whitesmh.co.uk\/it\/wp-json\/wp\/v2\/product_brand?post=7269"},{"taxonomy":"product_cat","embeddable":true,"href":"https:\/\/www.whitesmh.co.uk\/it\/wp-json\/wp\/v2\/product_cat?post=7269"},{"taxonomy":"product_tag","embeddable":true,"href":"https:\/\/www.whitesmh.co.uk\/it\/wp-json\/wp\/v2\/product_tag?post=7269"}],"curies":[{"name":"wp","href":"https:\/\/api.w.org\/{rel}","templated":true}]}}