{"id":6883,"date":"2023-12-07T08:41:18","date_gmt":"2023-12-07T08:41:18","guid":{"rendered":"https:\/\/www.whitesmh.co.uk\/products\/forche-per-pallet-2\/"},"modified":"2024-11-19T10:44:36","modified_gmt":"2024-11-19T10:44:36","slug":"forche-per-pallet-2","status":"publish","type":"product","link":"https:\/\/www.whitesmh.co.uk\/it\/prodotto\/forche-per-pallet-2\/","title":{"rendered":"Forche per pallet&#8217;"},"content":{"rendered":"\n<div class=\"wp-block-columns is-layout-flex wp-container-core-columns-is-layout-28f84493 wp-block-columns-is-layout-flex\">\n<div class=\"wp-block-column is-vertically-aligned-center is-layout-flow wp-block-column-is-layout-flow\">\n<figure class=\"wp-block-image size-full\"><img loading=\"lazy\" decoding=\"async\" width=\"1024\" height=\"768\" src=\"https:\/\/www.whitesmh.co.uk\/wp-content\/uploads\/547.jpg\" alt=\"\" class=\"wp-image-1812\" srcset=\"https:\/\/www.whitesmh.co.uk\/wp-content\/uploads\/547.jpg 1024w, https:\/\/www.whitesmh.co.uk\/wp-content\/uploads\/547-600x450.jpg 600w, https:\/\/www.whitesmh.co.uk\/wp-content\/uploads\/547-800x600.jpg 800w, https:\/\/www.whitesmh.co.uk\/wp-content\/uploads\/547-768x576.jpg 768w\" sizes=\"auto, (max-width: 800px) 100vw, 800px\" \/><\/figure>\n<\/div>\n\n\n\n<div class=\"wp-block-column is-layout-flow wp-block-column-is-layout-flow\">\n<h2 class=\"wp-block-heading\" style=\"text-transform:uppercase\">FORCHE PER PALLET<\/h2>\n\n\n\n<p>Le forche per pallet per escavatori WHITES sono la soluzione ideale per coloro che desiderano aumentare la produttivit\u00e0 in cantiere. Non \u00e8 pi\u00f9 necessario un sollevatore telescopico dedicato alla movimentazione delle forche per pallet in loco.  <\/p>\n\n\n\n<ul class=\"wp-block-list\">\n<li>Opzioni forche flottanti e fisse  <\/li>\n\n\n\n<li>Opzioni per tiranti per un trasporto sicuro<\/li>\n\n\n\n<li>Barra flottante su forca flottante &#8211; ideale per terreni irregolari<\/li>\n\n\n\n<li>Opzioni di protezione del carico  <\/li>\n\n\n\n<li>Disponibili forche di varie lunghezze  <\/li>\n\n\n\n<li>Adatto per una variet\u00e0 di capacit\u00e0 della macchina<\/li>\n<\/ul>\n\n\n\n<div class=\"wp-block-columns is-layout-flex wp-container-core-columns-is-layout-28f84493 wp-block-columns-is-layout-flex\">\n<div class=\"wp-block-column is-layout-flow wp-block-column-is-layout-flow\" style=\"flex-basis:100%\">\n<figure class=\"wp-block-image size-full is-resized\"><img loading=\"lazy\" decoding=\"async\" width=\"626\" height=\"149\" src=\"https:\/\/www.whitesmh.co.uk\/wp-content\/uploads\/image.png\" alt=\"\" class=\"wp-image-635\" style=\"width:268px;height:auto\" srcset=\"https:\/\/www.whitesmh.co.uk\/wp-content\/uploads\/image.png 626w, https:\/\/www.whitesmh.co.uk\/wp-content\/uploads\/image-600x143.png 600w\" sizes=\"auto, (max-width: 626px) 100vw, 626px\" \/><\/figure>\n<\/div>\n<\/div>\n\n\n\n<div class=\"wp-block-buttons is-layout-flex wp-block-buttons-is-layout-flex\">\n<div class=\"wp-block-button\"><a class=\"wp-block-button__link wp-element-button\" href=\"https:\/\/www.whitesmh.co.uk\/it\/contatto\/\">CONTATTACI<\/a><\/div>\n\n\n\n<div class=\"wp-block-button\"><a class=\"wp-block-button__link wp-element-button\" href=\"https:\/\/www.whitesmh.co.uk\/it\/supporto-per-i-prodotti\/\">SUPPORTO PER IL PRODOTTO<\/a><\/div>\n\n\n\n<div class=\"wp-block-button\"><a class=\"wp-block-button__link wp-element-button\" href=\"https:\/\/www.whitesmh.co.uk\/wp-content\/uploads\/WMH-Data-Sheet-Excavator-Pallet-Forks.pptx\">SCHEDA TECNICA<\/a><\/div>\n<\/div>\n<\/div>\n<\/div>\n\n<div class=\"wp-block-group is-layout-flow wp-block-group-is-layout-flow\">\n<div class=\"wp-block-group has-primary-background-color has-background is-layout-flow wp-block-group-is-layout-flow\" style=\"margin-top:30px;margin-bottom:30px;padding-top:var(--wp--preset--spacing--40);padding-right:var(--wp--preset--spacing--40);padding-bottom:var(--wp--preset--spacing--40);padding-left:var(--wp--preset--spacing--40)\">\n<h3 class=\"wp-block-heading\">GALLERIA<\/h3>\n<\/div>\n\n\n\n<figure class=\"wp-block-gallery has-nested-images columns-4 is-cropped wp-block-gallery-1 is-layout-flex wp-block-gallery-is-layout-flex\">\n<figure class=\"wp-block-image size-thumbnail\"><a href=\"https:\/\/www.whitesmh.co.uk\/wp-content\/uploads\/552-scaled.jpg\"><img loading=\"lazy\" decoding=\"async\" width=\"400\" height=\"400\" data-id=\"1814\" src=\"https:\/\/www.whitesmh.co.uk\/wp-content\/uploads\/552-400x400.jpg\" alt=\"\" class=\"wp-image-1814\" srcset=\"https:\/\/www.whitesmh.co.uk\/wp-content\/uploads\/552-400x400.jpg 400w, https:\/\/www.whitesmh.co.uk\/wp-content\/uploads\/552-scaled-300x300.jpg 300w, https:\/\/www.whitesmh.co.uk\/wp-content\/uploads\/552-scaled-100x100.jpg 100w\" sizes=\"auto, (max-width: 400px) 100vw, 400px\" \/><\/a><\/figure>\n\n\n\n<figure class=\"wp-block-image size-thumbnail\"><a href=\"https:\/\/www.whitesmh.co.uk\/wp-content\/uploads\/MicrosoftTeams-image-24-scaled.jpg\"><img loading=\"lazy\" decoding=\"async\" width=\"400\" height=\"400\" data-id=\"1821\" src=\"https:\/\/www.whitesmh.co.uk\/wp-content\/uploads\/MicrosoftTeams-image-24-400x400.jpg\" alt=\"\" class=\"wp-image-1821\" srcset=\"https:\/\/www.whitesmh.co.uk\/wp-content\/uploads\/MicrosoftTeams-image-24-400x400.jpg 400w, https:\/\/www.whitesmh.co.uk\/wp-content\/uploads\/MicrosoftTeams-image-24-scaled-300x300.jpg 300w, https:\/\/www.whitesmh.co.uk\/wp-content\/uploads\/MicrosoftTeams-image-24-scaled-100x100.jpg 100w\" sizes=\"auto, (max-width: 400px) 100vw, 400px\" \/><\/a><\/figure>\n\n\n\n<figure class=\"wp-block-image size-thumbnail\"><a href=\"https:\/\/www.whitesmh.co.uk\/wp-content\/uploads\/IMG_0986-scaled.jpeg\"><img loading=\"lazy\" decoding=\"async\" width=\"400\" height=\"400\" data-id=\"1815\" src=\"https:\/\/www.whitesmh.co.uk\/wp-content\/uploads\/IMG_0986-400x400.jpeg\" alt=\"\" class=\"wp-image-1815\" srcset=\"https:\/\/www.whitesmh.co.uk\/wp-content\/uploads\/IMG_0986-400x400.jpeg 400w, https:\/\/www.whitesmh.co.uk\/wp-content\/uploads\/IMG_0986-scaled-300x300.jpeg 300w, https:\/\/www.whitesmh.co.uk\/wp-content\/uploads\/IMG_0986-scaled-100x100.jpeg 100w\" sizes=\"auto, (max-width: 400px) 100vw, 400px\" \/><\/a><\/figure>\n\n\n\n<figure class=\"wp-block-image size-thumbnail\"><a href=\"https:\/\/www.whitesmh.co.uk\/wp-content\/uploads\/MicrosoftTeams-image-17-scaled.jpg\"><img loading=\"lazy\" decoding=\"async\" width=\"400\" height=\"400\" data-id=\"1820\" src=\"https:\/\/www.whitesmh.co.uk\/wp-content\/uploads\/MicrosoftTeams-image-17-400x400.jpg\" alt=\"\" class=\"wp-image-1820\" srcset=\"https:\/\/www.whitesmh.co.uk\/wp-content\/uploads\/MicrosoftTeams-image-17-400x400.jpg 400w, https:\/\/www.whitesmh.co.uk\/wp-content\/uploads\/MicrosoftTeams-image-17-scaled-300x300.jpg 300w, https:\/\/www.whitesmh.co.uk\/wp-content\/uploads\/MicrosoftTeams-image-17-scaled-100x100.jpg 100w\" sizes=\"auto, (max-width: 400px) 100vw, 400px\" \/><\/a><\/figure>\n\n\n\n<figure class=\"wp-block-image size-thumbnail\"><a href=\"https:\/\/www.whitesmh.co.uk\/wp-content\/uploads\/MicrosoftTeams-image-13-scaled.jpg\"><img loading=\"lazy\" decoding=\"async\" width=\"400\" height=\"400\" data-id=\"1819\" src=\"https:\/\/www.whitesmh.co.uk\/wp-content\/uploads\/MicrosoftTeams-image-13-400x400.jpg\" alt=\"\" class=\"wp-image-1819\" srcset=\"https:\/\/www.whitesmh.co.uk\/wp-content\/uploads\/MicrosoftTeams-image-13-400x400.jpg 400w, https:\/\/www.whitesmh.co.uk\/wp-content\/uploads\/MicrosoftTeams-image-13-scaled-300x300.jpg 300w, https:\/\/www.whitesmh.co.uk\/wp-content\/uploads\/MicrosoftTeams-image-13-scaled-100x100.jpg 100w\" sizes=\"auto, (max-width: 400px) 100vw, 400px\" \/><\/a><\/figure>\n\n\n\n<figure class=\"wp-block-image size-thumbnail\"><a href=\"https:\/\/www.whitesmh.co.uk\/wp-content\/uploads\/IMG_0989-scaled.jpeg\"><img loading=\"lazy\" decoding=\"async\" width=\"400\" height=\"400\" data-id=\"1817\" src=\"https:\/\/www.whitesmh.co.uk\/wp-content\/uploads\/IMG_0989-400x400.jpeg\" alt=\"\" class=\"wp-image-1817\" srcset=\"https:\/\/www.whitesmh.co.uk\/wp-content\/uploads\/IMG_0989-400x400.jpeg 400w, https:\/\/www.whitesmh.co.uk\/wp-content\/uploads\/IMG_0989-scaled-300x300.jpeg 300w, https:\/\/www.whitesmh.co.uk\/wp-content\/uploads\/IMG_0989-scaled-100x100.jpeg 100w\" sizes=\"auto, (max-width: 400px) 100vw, 400px\" \/><\/a><\/figure>\n\n\n\n<figure class=\"wp-block-image size-thumbnail\"><a href=\"https:\/\/www.whitesmh.co.uk\/wp-content\/uploads\/IMG_0988-scaled.jpeg\"><img loading=\"lazy\" decoding=\"async\" width=\"400\" height=\"400\" data-id=\"1816\" src=\"https:\/\/www.whitesmh.co.uk\/wp-content\/uploads\/IMG_0988-400x400.jpeg\" alt=\"\" class=\"wp-image-1816\" srcset=\"https:\/\/www.whitesmh.co.uk\/wp-content\/uploads\/IMG_0988-400x400.jpeg 400w, https:\/\/www.whitesmh.co.uk\/wp-content\/uploads\/IMG_0988-scaled-300x300.jpeg 300w, https:\/\/www.whitesmh.co.uk\/wp-content\/uploads\/IMG_0988-scaled-100x100.jpeg 100w\" sizes=\"auto, (max-width: 400px) 100vw, 400px\" \/><\/a><\/figure>\n\n\n\n<figure class=\"wp-block-image size-thumbnail\"><a href=\"https:\/\/www.whitesmh.co.uk\/wp-content\/uploads\/MicrosoftTeams-image-11-scaled.jpg\"><img loading=\"lazy\" decoding=\"async\" width=\"400\" height=\"400\" data-id=\"1818\" src=\"https:\/\/www.whitesmh.co.uk\/wp-content\/uploads\/MicrosoftTeams-image-11-400x400.jpg\" alt=\"\" class=\"wp-image-1818\" srcset=\"https:\/\/www.whitesmh.co.uk\/wp-content\/uploads\/MicrosoftTeams-image-11-400x400.jpg 400w, https:\/\/www.whitesmh.co.uk\/wp-content\/uploads\/MicrosoftTeams-image-11-scaled-300x300.jpg 300w, https:\/\/www.whitesmh.co.uk\/wp-content\/uploads\/MicrosoftTeams-image-11-scaled-100x100.jpg 100w\" sizes=\"auto, (max-width: 400px) 100vw, 400px\" \/><\/a><\/figure>\n<\/figure>\n\n\n\n<div class=\"wp-block-group has-primary-background-color has-background is-layout-flow wp-block-group-is-layout-flow\" style=\"margin-top:30px;margin-bottom:30px;padding-top:var(--wp--preset--spacing--40);padding-right:var(--wp--preset--spacing--40);padding-bottom:var(--wp--preset--spacing--40);padding-left:var(--wp--preset--spacing--40)\">\n<h3 class=\"wp-block-heading\">VIDEO<\/h3>\n<\/div>\n<\/div>\n\n<figure class=\"wp-block-embed is-type-video is-provider-youtube wp-block-embed-youtube wp-embed-aspect-16-9 wp-has-aspect-ratio\"><div class=\"wp-block-embed__wrapper\">\n<iframe loading=\"lazy\" title=\"Whites Material Handling - Excavator Pallet Forks\" width=\"800\" height=\"450\" src=\"https:\/\/www.youtube.com\/embed\/3ao5mBoLnL4?feature=oembed\" frameborder=\"0\" allow=\"accelerometer; autoplay; clipboard-write; encrypted-media; gyroscope; picture-in-picture; web-share\" referrerpolicy=\"strict-origin-when-cross-origin\" allowfullscreen><\/iframe>\n<\/div><\/figure>\n","protected":false},"excerpt":{"rendered":"<p>FORCHE PER PALLET Le forche per pallet per escavatori WHITES sono la soluzione ideale per coloro che desiderano aumentare la produttivit\u00e0 in cantiere. Non \u00e8 pi\u00f9 necessario un sollevatore telescopico dedicato alla movimentazione delle forche per pallet in loco. GALLERIA VIDEO<\/p>\n","protected":false},"featured_media":6903,"template":"","meta":{"_acf_changed":false},"product_brand":[],"product_cat":[293,319],"product_tag":[],"class_list":{"2":"type-product","8":"product","9":"first","10":"instock","11":"taxable","12":"shipping-taxable","13":"product-type-simple"},"acf":[],"_links":{"self":[{"href":"https:\/\/www.whitesmh.co.uk\/it\/wp-json\/wp\/v2\/product\/6883","targetHints":{"allow":["GET"]}}],"collection":[{"href":"https:\/\/www.whitesmh.co.uk\/it\/wp-json\/wp\/v2\/product"}],"about":[{"href":"https:\/\/www.whitesmh.co.uk\/it\/wp-json\/wp\/v2\/types\/product"}],"wp:featuredmedia":[{"embeddable":true,"href":"https:\/\/www.whitesmh.co.uk\/it\/wp-json\/wp\/v2\/media\/6903"}],"wp:attachment":[{"href":"https:\/\/www.whitesmh.co.uk\/it\/wp-json\/wp\/v2\/media?parent=6883"}],"wp:term":[{"taxonomy":"product_brand","embeddable":true,"href":"https:\/\/www.whitesmh.co.uk\/it\/wp-json\/wp\/v2\/product_brand?post=6883"},{"taxonomy":"product_cat","embeddable":true,"href":"https:\/\/www.whitesmh.co.uk\/it\/wp-json\/wp\/v2\/product_cat?post=6883"},{"taxonomy":"product_tag","embeddable":true,"href":"https:\/\/www.whitesmh.co.uk\/it\/wp-json\/wp\/v2\/product_tag?post=6883"}],"curies":[{"name":"wp","href":"https:\/\/api.w.org\/{rel}","templated":true}]}}