{"id":6574,"date":"2023-12-09T22:07:10","date_gmt":"2023-12-09T22:07:10","guid":{"rendered":"https:\/\/www.whitesmh.co.uk\/products\/benne-multiuso\/"},"modified":"2024-11-19T10:33:11","modified_gmt":"2024-11-19T10:33:11","slug":"benne-multiuso","status":"publish","type":"product","link":"https:\/\/www.whitesmh.co.uk\/it\/prodotto\/benne-multiuso\/","title":{"rendered":"Benne multiuso"},"content":{"rendered":"\n<div class=\"wp-block-columns is-layout-flex wp-container-core-columns-is-layout-28f84493 wp-block-columns-is-layout-flex\">\n<div class=\"wp-block-column is-vertically-aligned-center is-layout-flow wp-block-column-is-layout-flow\">\n<figure class=\"wp-block-image size-full\"><img loading=\"lazy\" decoding=\"async\" width=\"1196\" height=\"1196\" src=\"https:\/\/www.whitesmh.co.uk\/wp-content\/uploads\/Skidsteer-Light-Materials.jpg\" alt=\"\" class=\"wp-image-2353\" srcset=\"https:\/\/www.whitesmh.co.uk\/wp-content\/uploads\/Skidsteer-Light-Materials.jpg 1196w, https:\/\/www.whitesmh.co.uk\/wp-content\/uploads\/Skidsteer-Light-Materials-300x300.jpg 300w, https:\/\/www.whitesmh.co.uk\/wp-content\/uploads\/Skidsteer-Light-Materials-100x100.jpg 100w, https:\/\/www.whitesmh.co.uk\/wp-content\/uploads\/Skidsteer-Light-Materials-600x600.jpg 600w, https:\/\/www.whitesmh.co.uk\/wp-content\/uploads\/Skidsteer-Light-Materials-400x400.jpg 400w, https:\/\/www.whitesmh.co.uk\/wp-content\/uploads\/Skidsteer-Light-Materials-800x800.jpg 800w, https:\/\/www.whitesmh.co.uk\/wp-content\/uploads\/Skidsteer-Light-Materials-768x768.jpg 768w\" sizes=\"auto, (max-width: 800px) 100vw, 800px\" \/><\/figure>\n<\/div>\n\n\n\n<div class=\"wp-block-column is-layout-flow wp-block-column-is-layout-flow\">\n<h2 class=\"wp-block-heading\" style=\"text-transform:uppercase\">Benne di utilit\u00e0<\/h2>\n\n\n\n<p>La benna per minipala multiuso WHITES \u00e8 la soluzione ideale per chi cerca il tuttofare per la propria minipala. Ottimo per le flotte a noleggio, funziona bene anche per materiali pi\u00f9 leggeri ha una capacit\u00e0 maggiore rispetto a una benna standard.<\/p>\n\n\n\n<ul class=\"wp-block-list\">\n<li>Molto popolare nel settore del noleggio<\/li>\n\n\n\n<li>Benna per uso generale<\/li>\n\n\n\n<li>Capacit\u00e0 maggiore rispetto a una benna standard<\/li>\n\n\n\n<li>Bullone opzionale sul tagliente reversibile<\/li>\n<\/ul>\n\n\n\n<div class=\"wp-block-columns is-layout-flex wp-container-core-columns-is-layout-28f84493 wp-block-columns-is-layout-flex\">\n<div class=\"wp-block-column is-layout-flow wp-block-column-is-layout-flow\" style=\"flex-basis:100%\">\n<figure class=\"wp-block-image size-full is-resized\"><img loading=\"lazy\" decoding=\"async\" width=\"626\" height=\"149\" src=\"https:\/\/www.whitesmh.co.uk\/wp-content\/uploads\/image.png\" alt=\"\" class=\"wp-image-635\" style=\"width:268px;height:auto\" srcset=\"https:\/\/www.whitesmh.co.uk\/wp-content\/uploads\/image.png 626w, https:\/\/www.whitesmh.co.uk\/wp-content\/uploads\/image-600x143.png 600w\" sizes=\"auto, (max-width: 626px) 100vw, 626px\" \/><\/figure>\n<\/div>\n<\/div>\n\n\n\n<div class=\"wp-block-buttons is-layout-flex wp-block-buttons-is-layout-flex\">\n<div class=\"wp-block-button\"><a class=\"wp-block-button__link wp-element-button\" href=\"https:\/\/www.whitesmh.co.uk\/it\/contatto\/\">CONTATTACI<\/a><\/div>\n\n\n\n<div class=\"wp-block-button\"><a class=\"wp-block-button__link wp-element-button\" href=\"https:\/\/www.whitesmh.co.uk\/support\/buckets-product-support\/\">SUPPORTO PER IL PRODOTTO<\/a><\/div>\n<\/div>\n<\/div>\n<\/div>\n\n<div class=\"wp-block-group is-layout-flow wp-block-group-is-layout-flow\">\n<div class=\"wp-block-group has-primary-background-color has-background is-layout-flow wp-block-group-is-layout-flow\" style=\"margin-top:30px;margin-bottom:30px;padding-top:var(--wp--preset--spacing--40);padding-right:var(--wp--preset--spacing--40);padding-bottom:var(--wp--preset--spacing--40);padding-left:var(--wp--preset--spacing--40)\">\n<h3 class=\"wp-block-heading\">MODELLI<\/h3>\n<\/div>\n<\/div>\n\n<figure class=\"wp-block-table\"><table><tbody><tr><td class=\"has-text-align-center\" data-align=\"center\"><strong>Numero di parte<\/strong><\/td><td class=\"has-text-align-center\" data-align=\"center\"><strong>Larghezza (mm)<\/strong><\/td><td class=\"has-text-align-center\" data-align=\"center\"><strong>Larghezza (pollici)<\/strong><\/td><td class=\"has-text-align-center\" data-align=\"center\"><strong>Capacit\u00e0 (m3)<\/strong><\/td><\/tr><tr><td class=\"has-text-align-center\" data-align=\"center\">UB-0890<\/td><td class=\"has-text-align-center\" data-align=\"center\">890<\/td><td class=\"has-text-align-center\" data-align=\"center\">35<\/td><td class=\"has-text-align-center\" data-align=\"center\">0.17m3<\/td><\/tr><tr><td class=\"has-text-align-center\" data-align=\"center\">UB-0915<\/td><td class=\"has-text-align-center\" data-align=\"center\">915<\/td><td class=\"has-text-align-center\" data-align=\"center\">36<\/td><td class=\"has-text-align-center\" data-align=\"center\">0,18 m3<\/td><\/tr><tr><td class=\"has-text-align-center\" data-align=\"center\">UB-1080<\/td><td class=\"has-text-align-center\" data-align=\"center\">1080<\/td><td class=\"has-text-align-center\" data-align=\"center\">43<\/td><td class=\"has-text-align-center\" data-align=\"center\">0,22 m3<\/td><\/tr><tr><td class=\"has-text-align-center\" data-align=\"center\">UB-1120<\/td><td class=\"has-text-align-center\" data-align=\"center\">1120<\/td><td class=\"has-text-align-center\" data-align=\"center\">44<\/td><td class=\"has-text-align-center\" data-align=\"center\">0.23m3<\/td><\/tr><tr><td class=\"has-text-align-center\" data-align=\"center\">UB-1220<\/td><td class=\"has-text-align-center\" data-align=\"center\">1220<\/td><td class=\"has-text-align-center\" data-align=\"center\">48<\/td><td class=\"has-text-align-center\" data-align=\"center\">0.26m3<\/td><\/tr><tr><td class=\"has-text-align-center\" data-align=\"center\">UB-1255<\/td><td class=\"has-text-align-center\" data-align=\"center\">1255<\/td><td class=\"has-text-align-center\" data-align=\"center\">49<\/td><td class=\"has-text-align-center\" data-align=\"center\">0.28m3<\/td><\/tr><tr><td class=\"has-text-align-center\" data-align=\"center\">UB-1380<\/td><td class=\"has-text-align-center\" data-align=\"center\">1380<\/td><td class=\"has-text-align-center\" data-align=\"center\">54<\/td><td class=\"has-text-align-center\" data-align=\"center\">0,37 m3<\/td><\/tr><tr><td class=\"has-text-align-center\" data-align=\"center\">UB-1525<\/td><td class=\"has-text-align-center\" data-align=\"center\">1525<\/td><td class=\"has-text-align-center\" data-align=\"center\">60<\/td><td class=\"has-text-align-center\" data-align=\"center\">0.42m3<\/td><\/tr><tr><td class=\"has-text-align-center\" data-align=\"center\">UB-1575<\/td><td class=\"has-text-align-center\" data-align=\"center\">1575<\/td><td class=\"has-text-align-center\" data-align=\"center\">62<\/td><td class=\"has-text-align-center\" data-align=\"center\">0,45 m3<\/td><\/tr><tr><td class=\"has-text-align-center\" data-align=\"center\">UB-1680<\/td><td class=\"has-text-align-center\" data-align=\"center\">1680<\/td><td class=\"has-text-align-center\" data-align=\"center\">66<\/td><td class=\"has-text-align-center\" data-align=\"center\">0.47m3<\/td><\/tr><tr><td class=\"has-text-align-center\" data-align=\"center\">UB-1760<\/td><td class=\"has-text-align-center\" data-align=\"center\">1760<\/td><td class=\"has-text-align-center\" data-align=\"center\">69<\/td><td class=\"has-text-align-center\" data-align=\"center\">0,61 m3<\/td><\/tr><tr><td class=\"has-text-align-center\" data-align=\"center\">UB-1850<\/td><td class=\"has-text-align-center\" data-align=\"center\">1850<\/td><td class=\"has-text-align-center\" data-align=\"center\">73<\/td><td class=\"has-text-align-center\" data-align=\"center\">0,78 m3<\/td><\/tr><tr><td class=\"has-text-align-center\" data-align=\"center\">UB-2080<\/td><td class=\"has-text-align-center\" data-align=\"center\">2080<\/td><td class=\"has-text-align-center\" data-align=\"center\">82<\/td><td class=\"has-text-align-center\" data-align=\"center\">1,10 m3<\/td><\/tr><tr><td class=\"has-text-align-center\" data-align=\"center\">UB-2140<\/td><td class=\"has-text-align-center\" data-align=\"center\">2140<\/td><td class=\"has-text-align-center\" data-align=\"center\">84<\/td><td class=\"has-text-align-center\" data-align=\"center\">1,15 m3<\/td><\/tr><\/tbody><\/table><\/figure>\n","protected":false},"excerpt":{"rendered":"<p>Benne di utilit\u00e0 La benna per minipala multiuso WHITES \u00e8 la soluzione ideale per chi cerca il tuttofare per la propria minipala. Ottimo per le flotte a noleggio, funziona bene anche per materiali pi\u00f9 leggeri ha una capacit\u00e0 maggiore rispetto a una benna standard. MODELLI Numero di parte Larghezza (mm) Larghezza (pollici) Capacit\u00e0 (m3) UB-0890&hellip;<\/p>\n","protected":false},"featured_media":6577,"template":"","meta":{"_acf_changed":false},"product_brand":[],"product_cat":[314],"product_tag":[],"class_list":{"2":"type-product","7":"product","8":"first","9":"instock","10":"taxable","11":"shipping-taxable","12":"product-type-simple"},"acf":[],"_links":{"self":[{"href":"https:\/\/www.whitesmh.co.uk\/it\/wp-json\/wp\/v2\/product\/6574","targetHints":{"allow":["GET"]}}],"collection":[{"href":"https:\/\/www.whitesmh.co.uk\/it\/wp-json\/wp\/v2\/product"}],"about":[{"href":"https:\/\/www.whitesmh.co.uk\/it\/wp-json\/wp\/v2\/types\/product"}],"wp:featuredmedia":[{"embeddable":true,"href":"https:\/\/www.whitesmh.co.uk\/it\/wp-json\/wp\/v2\/media\/6577"}],"wp:attachment":[{"href":"https:\/\/www.whitesmh.co.uk\/it\/wp-json\/wp\/v2\/media?parent=6574"}],"wp:term":[{"taxonomy":"product_brand","embeddable":true,"href":"https:\/\/www.whitesmh.co.uk\/it\/wp-json\/wp\/v2\/product_brand?post=6574"},{"taxonomy":"product_cat","embeddable":true,"href":"https:\/\/www.whitesmh.co.uk\/it\/wp-json\/wp\/v2\/product_cat?post=6574"},{"taxonomy":"product_tag","embeddable":true,"href":"https:\/\/www.whitesmh.co.uk\/it\/wp-json\/wp\/v2\/product_tag?post=6574"}],"curies":[{"name":"wp","href":"https:\/\/api.w.org\/{rel}","templated":true}]}}