{"id":6448,"date":"2023-12-09T22:05:41","date_gmt":"2023-12-09T22:05:41","guid":{"rendered":"https:\/\/www.whitesmh.co.uk\/products\/con-dem-secchi-2\/"},"modified":"2024-11-19T10:34:58","modified_gmt":"2024-11-19T10:34:58","slug":"con-dem-secchi-2","status":"publish","type":"product","link":"https:\/\/www.whitesmh.co.uk\/it\/prodotto\/con-dem-secchi-2\/","title":{"rendered":"Con dem secchi"},"content":{"rendered":"\n<div class=\"wp-block-columns is-layout-flex wp-container-core-columns-is-layout-28f84493 wp-block-columns-is-layout-flex\">\n<div class=\"wp-block-column is-vertically-aligned-center is-layout-flow wp-block-column-is-layout-flow\">\n<figure class=\"wp-block-image size-full\"><img loading=\"lazy\" decoding=\"async\" width=\"1382\" height=\"1382\" src=\"https:\/\/www.whitesmh.co.uk\/wp-content\/uploads\/Skidsteer-Con-Dem-Bucket.jpg\" alt=\"\" class=\"wp-image-2342\" srcset=\"https:\/\/www.whitesmh.co.uk\/wp-content\/uploads\/Skidsteer-Con-Dem-Bucket.jpg 1382w, https:\/\/www.whitesmh.co.uk\/wp-content\/uploads\/Skidsteer-Con-Dem-Bucket-300x300.jpg 300w, https:\/\/www.whitesmh.co.uk\/wp-content\/uploads\/Skidsteer-Con-Dem-Bucket-100x100.jpg 100w, https:\/\/www.whitesmh.co.uk\/wp-content\/uploads\/Skidsteer-Con-Dem-Bucket-600x600.jpg 600w, https:\/\/www.whitesmh.co.uk\/wp-content\/uploads\/Skidsteer-Con-Dem-Bucket-400x400.jpg 400w, https:\/\/www.whitesmh.co.uk\/wp-content\/uploads\/Skidsteer-Con-Dem-Bucket-800x800.jpg 800w, https:\/\/www.whitesmh.co.uk\/wp-content\/uploads\/Skidsteer-Con-Dem-Bucket-768x768.jpg 768w\" sizes=\"auto, (max-width: 800px) 100vw, 800px\" \/><\/figure>\n<\/div>\n\n\n\n<div class=\"wp-block-column is-layout-flow wp-block-column-is-layout-flow\">\n<h2 class=\"wp-block-heading\" style=\"text-transform:uppercase\">BENNE CON DEM<\/h2>\n\n\n\n<p>La benna compatta per costruzione\/demolizione WHITES \u00e8 un vero leader di mercato per qualit\u00e0 costruttiva e specifiche. Se hai bisogno di pi\u00f9 dalla tua minipala, negli ambienti pi\u00f9 difficili, specifica la benna Con Dem WHITES.<\/p>\n\n\n\n<ul class=\"wp-block-list\">\n<li>Costruzione ultra resistente<\/li>\n\n\n\n<li>Ideale per l&#8217;uso in edilizia, demolizione, fonderie e cave<\/li>\n\n\n\n<li>Soffietti angolari rinforzati<\/li>\n\n\n\n<li>Corpo piegato con rinforzo superiore<\/li>\n\n\n\n<li>Bullone opzionale sul tagliente reversibile<\/li>\n<\/ul>\n\n\n\n<div class=\"wp-block-columns is-layout-flex wp-container-core-columns-is-layout-28f84493 wp-block-columns-is-layout-flex\">\n<div class=\"wp-block-column is-layout-flow wp-block-column-is-layout-flow\" style=\"flex-basis:100%\">\n<figure class=\"wp-block-image size-full is-resized\"><img loading=\"lazy\" decoding=\"async\" width=\"626\" height=\"149\" src=\"https:\/\/www.whitesmh.co.uk\/wp-content\/uploads\/image.png\" alt=\"\" class=\"wp-image-635\" style=\"width:268px;height:auto\" srcset=\"https:\/\/www.whitesmh.co.uk\/wp-content\/uploads\/image.png 626w, https:\/\/www.whitesmh.co.uk\/wp-content\/uploads\/image-600x143.png 600w\" sizes=\"auto, (max-width: 626px) 100vw, 626px\" \/><\/figure>\n<\/div>\n<\/div>\n\n\n\n<div class=\"wp-block-buttons is-layout-flex wp-block-buttons-is-layout-flex\">\n<div class=\"wp-block-button\"><a class=\"wp-block-button__link wp-element-button\" href=\"https:\/\/www.whitesmh.co.uk\/contact\/\">CONTATTACI<\/a><\/div>\n\n\n\n<div class=\"wp-block-button\"><a class=\"wp-block-button__link wp-element-button\" href=\"https:\/\/www.whitesmh.co.uk\/support\/buckets-product-support\/\">SUPPORTO PER IL PRODOTTO<\/a><\/div>\n<\/div>\n<\/div>\n<\/div>\n\n<div class=\"wp-block-group is-layout-flow wp-block-group-is-layout-flow\">\n<div class=\"wp-block-group has-primary-background-color has-background is-layout-flow wp-block-group-is-layout-flow\" style=\"margin-top:30px;margin-bottom:30px;padding-top:var(--wp--preset--spacing--40);padding-right:var(--wp--preset--spacing--40);padding-bottom:var(--wp--preset--spacing--40);padding-left:var(--wp--preset--spacing--40)\">\n<h3 class=\"wp-block-heading\">MODELLI<\/h3>\n<\/div>\n<\/div>\n\n<figure class=\"wp-block-table\"><table><tbody><tr><td class=\"has-text-align-center\" data-align=\"center\"><strong>Numero di parte<\/strong><\/td><td class=\"has-text-align-center\" data-align=\"center\"><strong>Larghezza (mm)<\/strong><\/td><td class=\"has-text-align-center\" data-align=\"center\"><strong>Larghezza (pollici)<\/strong><\/td><td class=\"has-text-align-center\" data-align=\"center\"><strong>Capacit\u00e0 (m3)<\/strong><\/td><\/tr><tr><td class=\"has-text-align-center\" data-align=\"center\">CD-1120<\/td><td class=\"has-text-align-center\" data-align=\"center\">1120<\/td><td class=\"has-text-align-center\" data-align=\"center\">44<\/td><td class=\"has-text-align-center\" data-align=\"center\">0.17m3<\/td><\/tr><tr><td class=\"has-text-align-center\" data-align=\"center\">CD-1220<\/td><td class=\"has-text-align-center\" data-align=\"center\">1220<\/td><td class=\"has-text-align-center\" data-align=\"center\">48<\/td><td class=\"has-text-align-center\" data-align=\"center\">0,18 m3<\/td><\/tr><tr><td class=\"has-text-align-center\" data-align=\"center\">CD-1255<\/td><td class=\"has-text-align-center\" data-align=\"center\">1255<\/td><td class=\"has-text-align-center\" data-align=\"center\">49<\/td><td class=\"has-text-align-center\" data-align=\"center\">0.19m3<\/td><\/tr><tr><td class=\"has-text-align-center\" data-align=\"center\">CD-1380<\/td><td class=\"has-text-align-center\" data-align=\"center\">1380<\/td><td class=\"has-text-align-center\" data-align=\"center\">54<\/td><td class=\"has-text-align-center\" data-align=\"center\">0,25 m3<\/td><\/tr><tr><td class=\"has-text-align-center\" data-align=\"center\">CD-1480<\/td><td class=\"has-text-align-center\" data-align=\"center\">1480<\/td><td class=\"has-text-align-center\" data-align=\"center\">58<\/td><td class=\"has-text-align-center\" data-align=\"center\">0.28m3<\/td><\/tr><tr><td class=\"has-text-align-center\" data-align=\"center\">CD-1525<\/td><td class=\"has-text-align-center\" data-align=\"center\">1525<\/td><td class=\"has-text-align-center\" data-align=\"center\">60<\/td><td class=\"has-text-align-center\" data-align=\"center\">0,30 m3<\/td><\/tr><tr><td class=\"has-text-align-center\" data-align=\"center\">CD-1575<\/td><td class=\"has-text-align-center\" data-align=\"center\">1575<\/td><td class=\"has-text-align-center\" data-align=\"center\">62<\/td><td class=\"has-text-align-center\" data-align=\"center\">0,35 m3<\/td><\/tr><tr><td class=\"has-text-align-center\" data-align=\"center\">CD-1680<\/td><td class=\"has-text-align-center\" data-align=\"center\">1680<\/td><td class=\"has-text-align-center\" data-align=\"center\">66<\/td><td class=\"has-text-align-center\" data-align=\"center\">0.41m3<\/td><\/tr><tr><td class=\"has-text-align-center\" data-align=\"center\">CD-1760<\/td><td class=\"has-text-align-center\" data-align=\"center\">1760<\/td><td class=\"has-text-align-center\" data-align=\"center\">69<\/td><td class=\"has-text-align-center\" data-align=\"center\">0,49 m3<\/td><\/tr><tr><td class=\"has-text-align-center\" data-align=\"center\">CD-HD-1850<\/td><td class=\"has-text-align-center\" data-align=\"center\">1850<\/td><td class=\"has-text-align-center\" data-align=\"center\">73<\/td><td class=\"has-text-align-center\" data-align=\"center\">0.56m3<\/td><\/tr><tr><td class=\"has-text-align-center\" data-align=\"center\">CD-HD-2080<\/td><td class=\"has-text-align-center\" data-align=\"center\">2080<\/td><td class=\"has-text-align-center\" data-align=\"center\">82<\/td><td class=\"has-text-align-center\" data-align=\"center\">0.82m3<\/td><\/tr><tr><td class=\"has-text-align-center\" data-align=\"center\">CD-HD-2140<\/td><td class=\"has-text-align-center\" data-align=\"center\">2140<\/td><td class=\"has-text-align-center\" data-align=\"center\">84<\/td><td class=\"has-text-align-center\" data-align=\"center\">0,87 m3<\/td><\/tr><\/tbody><\/table><\/figure>\n","protected":false},"excerpt":{"rendered":"<p>BENNE CON DEM La benna compatta per costruzione\/demolizione WHITES \u00e8 un vero leader di mercato per qualit\u00e0 costruttiva e specifiche. Se hai bisogno di pi\u00f9 dalla tua minipala, negli ambienti pi\u00f9 difficili, specifica la benna Con Dem WHITES. MODELLI Numero di parte Larghezza (mm) Larghezza (pollici) Capacit\u00e0 (m3) CD-1120 1120 44 0.17m3 CD-1220 1220 48&hellip;<\/p>\n","protected":false},"featured_media":6449,"template":"","meta":{"_acf_changed":false},"product_brand":[],"product_cat":[314],"product_tag":[],"class_list":{"2":"type-product","7":"product","8":"first","9":"instock","10":"taxable","11":"shipping-taxable","12":"product-type-simple"},"acf":[],"_links":{"self":[{"href":"https:\/\/www.whitesmh.co.uk\/it\/wp-json\/wp\/v2\/product\/6448","targetHints":{"allow":["GET"]}}],"collection":[{"href":"https:\/\/www.whitesmh.co.uk\/it\/wp-json\/wp\/v2\/product"}],"about":[{"href":"https:\/\/www.whitesmh.co.uk\/it\/wp-json\/wp\/v2\/types\/product"}],"wp:featuredmedia":[{"embeddable":true,"href":"https:\/\/www.whitesmh.co.uk\/it\/wp-json\/wp\/v2\/media\/6449"}],"wp:attachment":[{"href":"https:\/\/www.whitesmh.co.uk\/it\/wp-json\/wp\/v2\/media?parent=6448"}],"wp:term":[{"taxonomy":"product_brand","embeddable":true,"href":"https:\/\/www.whitesmh.co.uk\/it\/wp-json\/wp\/v2\/product_brand?post=6448"},{"taxonomy":"product_cat","embeddable":true,"href":"https:\/\/www.whitesmh.co.uk\/it\/wp-json\/wp\/v2\/product_cat?post=6448"},{"taxonomy":"product_tag","embeddable":true,"href":"https:\/\/www.whitesmh.co.uk\/it\/wp-json\/wp\/v2\/product_tag?post=6448"}],"curies":[{"name":"wp","href":"https:\/\/api.w.org\/{rel}","templated":true}]}}