{"id":6258,"date":"2024-01-04T07:54:38","date_gmt":"2024-01-04T07:54:38","guid":{"rendered":"https:\/\/www.whitesmh.co.uk\/products\/benne-a-scarico-alto\/"},"modified":"2024-11-19T10:32:54","modified_gmt":"2024-11-19T10:32:54","slug":"benne-a-scarico-alto","status":"publish","type":"product","link":"https:\/\/www.whitesmh.co.uk\/it\/prodotto\/benne-a-scarico-alto\/","title":{"rendered":"Benne a scarico alto"},"content":{"rendered":"\n<div class=\"wp-block-columns is-layout-flex wp-container-core-columns-is-layout-28f84493 wp-block-columns-is-layout-flex\">\n<div class=\"wp-block-column is-vertically-aligned-center is-layout-flow wp-block-column-is-layout-flow\">\n<figure class=\"wp-block-image size-full\"><img loading=\"lazy\" decoding=\"async\" width=\"1226\" height=\"1226\" src=\"https:\/\/www.whitesmh.co.uk\/wp-content\/uploads\/Skidsteer-High-Tip.jpg\" alt=\"\" class=\"wp-image-2351\" srcset=\"https:\/\/www.whitesmh.co.uk\/wp-content\/uploads\/Skidsteer-High-Tip.jpg 1226w, https:\/\/www.whitesmh.co.uk\/wp-content\/uploads\/Skidsteer-High-Tip-300x300.jpg 300w, https:\/\/www.whitesmh.co.uk\/wp-content\/uploads\/Skidsteer-High-Tip-100x100.jpg 100w, https:\/\/www.whitesmh.co.uk\/wp-content\/uploads\/Skidsteer-High-Tip-600x600.jpg 600w, https:\/\/www.whitesmh.co.uk\/wp-content\/uploads\/Skidsteer-High-Tip-400x400.jpg 400w, https:\/\/www.whitesmh.co.uk\/wp-content\/uploads\/Skidsteer-High-Tip-800x800.jpg 800w, https:\/\/www.whitesmh.co.uk\/wp-content\/uploads\/Skidsteer-High-Tip-768x768.jpg 768w\" sizes=\"auto, (max-width: 800px) 100vw, 800px\" \/><\/figure>\n<\/div>\n\n\n\n<div class=\"wp-block-column is-layout-flow wp-block-column-is-layout-flow\">\n<h2 class=\"wp-block-heading\" style=\"text-transform:uppercase\">BENNE A SCARICO ALTO<\/h2>\n\n\n\n<p>La benna a punta alta WHITES \u00e8 disponibile in una variet\u00e0 di dimensioni e capacit\u00e0 per adattarsi al materiale, all&#8217;applicazione e alle capacit\u00e0 della macchina ospite.  <\/p>\n\n\n\n<ul class=\"wp-block-list\">\n<li>Adatto per la maggior parte delle minipale<\/li>\n\n\n\n<li>Aumenta l&#8217;altezza di scarico tra 800 mm e 1200 mm<\/li>\n\n\n\n<li>Design per impieghi gravosi<\/li>\n\n\n\n<li>Cilindri idraulici gemelli<\/li>\n\n\n\n<li>Cilindri completamente chiusi per la protezione<\/li>\n\n\n\n<li>Protezione antiversamento opzionale disponibile<\/li>\n\n\n\n<li>Bullone opzionale sul tagliente reversibile<\/li>\n\n\n\n<li>Bassa capacit\u00e0 \/\/ Alta densit\u00e0 (sabbia, aggregato, pietra &#8211; 1800 kg\/m3)<\/li>\n\n\n\n<li>Capacit\u00e0 media \/\/ Densit\u00e0 media (grano, generale &#8211; 1000 kg\/m3)<\/li>\n\n\n\n<li>Alta capacit\u00e0 \/\/ Bassa densit\u00e0 (neve, cippato secco &#8211; 400 kg\/m3)  <\/li>\n<\/ul>\n\n\n\n<div class=\"wp-block-columns is-layout-flex wp-container-core-columns-is-layout-28f84493 wp-block-columns-is-layout-flex\">\n<div class=\"wp-block-column is-layout-flow wp-block-column-is-layout-flow\" style=\"flex-basis:100%\">\n<figure class=\"wp-block-image size-full is-resized\"><img loading=\"lazy\" decoding=\"async\" width=\"626\" height=\"149\" src=\"https:\/\/www.whitesmh.co.uk\/wp-content\/uploads\/image.png\" alt=\"\" class=\"wp-image-635\" style=\"width:268px;height:auto\" srcset=\"https:\/\/www.whitesmh.co.uk\/wp-content\/uploads\/image.png 626w, https:\/\/www.whitesmh.co.uk\/wp-content\/uploads\/image-600x143.png 600w\" sizes=\"auto, (max-width: 626px) 100vw, 626px\" \/><\/figure>\n<\/div>\n<\/div>\n\n\n\n<div class=\"wp-block-buttons is-layout-flex wp-block-buttons-is-layout-flex\">\n<div class=\"wp-block-button\"><a class=\"wp-block-button__link wp-element-button\" href=\"https:\/\/www.whitesmh.co.uk\/contact\/\">CONTATTACI<\/a><\/div>\n\n\n\n<div class=\"wp-block-button\"><a class=\"wp-block-button__link wp-element-button\" href=\"https:\/\/www.whitesmh.co.uk\/support\/buckets-product-support\/\">SUPPORTO PER IL PRODOTTO<\/a><\/div>\n<\/div>\n<\/div>\n<\/div>\n\n<div class=\"wp-block-group is-layout-flow wp-block-group-is-layout-flow\">\n<div class=\"wp-block-group has-primary-background-color has-background is-layout-flow wp-block-group-is-layout-flow\" style=\"margin-top:30px;margin-bottom:30px;padding-top:var(--wp--preset--spacing--40);padding-right:var(--wp--preset--spacing--40);padding-bottom:var(--wp--preset--spacing--40);padding-left:var(--wp--preset--spacing--40)\">\n<h3 class=\"wp-block-heading\">BASSA CAPACIT\u00c0 \/\/ ALTA DENSIT\u00c0  <\/h3>\n<\/div>\n<\/div>\n\n<figure class=\"wp-block-table\"><table><tbody><tr><td class=\"has-text-align-center\" data-align=\"center\"><strong>Numero di parte<\/strong><\/td><td class=\"has-text-align-center\" data-align=\"center\"><strong>Larghezza (mm)<\/strong><\/td><td class=\"has-text-align-center\" data-align=\"center\"><strong>Larghezza (pollici)<\/strong><\/td><td class=\"has-text-align-center\" data-align=\"center\"><strong>Capacit\u00e0 (m3)<\/strong><\/td><\/tr><tr><td class=\"has-text-align-center\" data-align=\"center\">HT-3U-1220<\/td><td class=\"has-text-align-center\" data-align=\"center\">1220<\/td><td class=\"has-text-align-center\" data-align=\"center\">48<\/td><td class=\"has-text-align-center\" data-align=\"center\">0,18 m3<\/td><\/tr><tr><td class=\"has-text-align-center\" data-align=\"center\">HT-3U-1380<\/td><td class=\"has-text-align-center\" data-align=\"center\">1380<\/td><td class=\"has-text-align-center\" data-align=\"center\">54<\/td><td class=\"has-text-align-center\" data-align=\"center\">0,25 m3<\/td><\/tr><tr><td class=\"has-text-align-center\" data-align=\"center\">HT-3U-1525<\/td><td class=\"has-text-align-center\" data-align=\"center\">1525<\/td><td class=\"has-text-align-center\" data-align=\"center\">60<\/td><td class=\"has-text-align-center\" data-align=\"center\">0,30 m3<\/td><\/tr><tr><td class=\"has-text-align-center\" data-align=\"center\">HT-3U-1680<\/td><td class=\"has-text-align-center\" data-align=\"center\">1680<\/td><td class=\"has-text-align-center\" data-align=\"center\">66<\/td><td class=\"has-text-align-center\" data-align=\"center\">0.41m3<\/td><\/tr><tr><td class=\"has-text-align-center\" data-align=\"center\">HT-3U-1850<\/td><td class=\"has-text-align-center\" data-align=\"center\">1850<\/td><td class=\"has-text-align-center\" data-align=\"center\">73<\/td><td class=\"has-text-align-center\" data-align=\"center\">0.56m3<\/td><\/tr><tr><td class=\"has-text-align-center\" data-align=\"center\">HT-3U-2080<\/td><td class=\"has-text-align-center\" data-align=\"center\">2080<\/td><td class=\"has-text-align-center\" data-align=\"center\">82<\/td><td class=\"has-text-align-center\" data-align=\"center\">0,85 m3<\/td><\/tr><tr><td class=\"has-text-align-center\" data-align=\"center\">HT-3U-2140<\/td><td class=\"has-text-align-center\" data-align=\"center\">2140<\/td><td class=\"has-text-align-center\" data-align=\"center\">84<\/td><td class=\"has-text-align-center\" data-align=\"center\">0,87 m3<\/td><\/tr><\/tbody><\/table><\/figure>\n\n<div class=\"wp-block-group is-layout-constrained wp-block-group-is-layout-constrained\">\n<div class=\"wp-block-group alignfull has-primary-background-color has-background is-layout-flow wp-block-group-is-layout-flow\" style=\"margin-top:30px;margin-bottom:30px;padding-top:var(--wp--preset--spacing--40);padding-right:var(--wp--preset--spacing--40);padding-bottom:var(--wp--preset--spacing--40);padding-left:var(--wp--preset--spacing--40)\">\n<h3 class=\"wp-block-heading\">MEDIA CAPACIT\u00c0 \/\/ MEDIA DENSIT\u00c0<\/h3>\n<\/div>\n<\/div>\n\n<figure class=\"wp-block-table\"><table><tbody><tr><td class=\"has-text-align-center\" data-align=\"center\"><strong>Numero di parte<\/strong><\/td><td class=\"has-text-align-center\" data-align=\"center\"><strong>Larghezza (mm)<\/strong><\/td><td class=\"has-text-align-center\" data-align=\"center\"><strong>Larghezza (pollici)<\/strong><\/td><td class=\"has-text-align-center\" data-align=\"center\"><strong>Capacit\u00e0 (m3)<\/strong><\/td><\/tr><tr><td class=\"has-text-align-center\" data-align=\"center\">HT-3F-1220<\/td><td class=\"has-text-align-center\" data-align=\"center\">1220<\/td><td class=\"has-text-align-center\" data-align=\"center\">48<\/td><td class=\"has-text-align-center\" data-align=\"center\">0.26m3<\/td><\/tr><tr><td class=\"has-text-align-center\" data-align=\"center\">HT-3F-1380<\/td><td class=\"has-text-align-center\" data-align=\"center\">1380<\/td><td class=\"has-text-align-center\" data-align=\"center\">54<\/td><td class=\"has-text-align-center\" data-align=\"center\">0,37 m3<\/td><\/tr><tr><td class=\"has-text-align-center\" data-align=\"center\">HT-3F-1525<\/td><td class=\"has-text-align-center\" data-align=\"center\">1525<\/td><td class=\"has-text-align-center\" data-align=\"center\">60<\/td><td class=\"has-text-align-center\" data-align=\"center\">0.42m3<\/td><\/tr><tr><td class=\"has-text-align-center\" data-align=\"center\">HT-3F-1680<\/td><td class=\"has-text-align-center\" data-align=\"center\">1680<\/td><td class=\"has-text-align-center\" data-align=\"center\">66<\/td><td class=\"has-text-align-center\" data-align=\"center\">0.47m3<\/td><\/tr><tr><td class=\"has-text-align-center\" data-align=\"center\">HT-3F-1850<\/td><td class=\"has-text-align-center\" data-align=\"center\">1850<\/td><td class=\"has-text-align-center\" data-align=\"center\">73<\/td><td class=\"has-text-align-center\" data-align=\"center\">0,78 m3<\/td><\/tr><tr><td class=\"has-text-align-center\" data-align=\"center\">HT-3F-2080<\/td><td class=\"has-text-align-center\" data-align=\"center\">2080<\/td><td class=\"has-text-align-center\" data-align=\"center\">82<\/td><td class=\"has-text-align-center\" data-align=\"center\">1,10 m3<\/td><\/tr><tr><td class=\"has-text-align-center\" data-align=\"center\">HT-3F-2140<\/td><td class=\"has-text-align-center\" data-align=\"center\">2140<\/td><td class=\"has-text-align-center\" data-align=\"center\">84<\/td><td class=\"has-text-align-center\" data-align=\"center\">1,16 m3<\/td><\/tr><\/tbody><\/table><\/figure>\n\n<div class=\"wp-block-group is-layout-flow wp-block-group-is-layout-flow\">\n<div class=\"wp-block-group has-primary-background-color has-background is-layout-flow wp-block-group-is-layout-flow\" style=\"margin-top:30px;margin-bottom:30px;padding-top:var(--wp--preset--spacing--40);padding-right:var(--wp--preset--spacing--40);padding-bottom:var(--wp--preset--spacing--40);padding-left:var(--wp--preset--spacing--40)\">\n<h3 class=\"wp-block-heading\">ALTA CAPACIT\u00c0 \/\/ BASSA DENSIT\u00c0  <\/h3>\n<\/div>\n<\/div>\n\n<figure class=\"wp-block-table\"><table><tbody><tr><td class=\"has-text-align-center\" data-align=\"center\"><strong>Numero di parte<\/strong><\/td><td class=\"has-text-align-center\" data-align=\"center\"><strong>Larghezza (mm)<\/strong><\/td><td class=\"has-text-align-center\" data-align=\"center\"><strong>Larghezza (pollici)<\/strong><\/td><td class=\"has-text-align-center\" data-align=\"center\"><strong>Capacit\u00e0 (m3)<\/strong><\/td><\/tr><tr><td class=\"has-text-align-center\" data-align=\"center\">HT-PL-1525<\/td><td class=\"has-text-align-center\" data-align=\"center\">1525<\/td><td class=\"has-text-align-center\" data-align=\"center\">60<\/td><td class=\"has-text-align-center\" data-align=\"center\">0,52 m3<\/td><\/tr><tr><td class=\"has-text-align-center\" data-align=\"center\">HT-PL-1680<\/td><td class=\"has-text-align-center\" data-align=\"center\">1680<\/td><td class=\"has-text-align-center\" data-align=\"center\">66<\/td><td class=\"has-text-align-center\" data-align=\"center\">0,69 m3<\/td><\/tr><tr><td class=\"has-text-align-center\" data-align=\"center\">HT-PL-1850<\/td><td class=\"has-text-align-center\" data-align=\"center\">1850<\/td><td class=\"has-text-align-center\" data-align=\"center\">73<\/td><td class=\"has-text-align-center\" data-align=\"center\">1,06 m3<\/td><\/tr><tr><td class=\"has-text-align-center\" data-align=\"center\">HT-PL-2080<\/td><td class=\"has-text-align-center\" data-align=\"center\">2080<\/td><td class=\"has-text-align-center\" data-align=\"center\">82<\/td><td class=\"has-text-align-center\" data-align=\"center\">1,24 m3<\/td><\/tr><tr><td class=\"has-text-align-center\" data-align=\"center\">HT-PL-2140<\/td><td class=\"has-text-align-center\" data-align=\"center\">2140<\/td><td class=\"has-text-align-center\" data-align=\"center\">84<\/td><td class=\"has-text-align-center\" data-align=\"center\">1,28 m3<\/td><\/tr><\/tbody><\/table><\/figure>\n\n<div class=\"wp-block-group alignfull is-layout-constrained wp-block-group-is-layout-constrained\">\n<div class=\"wp-block-group has-primary-background-color has-background is-layout-flow wp-block-group-is-layout-flow\" style=\"margin-top:30px;margin-bottom:30px;padding-top:var(--wp--preset--spacing--40);padding-right:var(--wp--preset--spacing--40);padding-bottom:var(--wp--preset--spacing--40);padding-left:var(--wp--preset--spacing--40)\">\n<h3 class=\"wp-block-heading\">GALLERIA<\/h3>\n<\/div>\n\n\n\n<figure class=\"wp-block-gallery has-nested-images columns-4 is-cropped wp-block-gallery-1 is-layout-flex wp-block-gallery-is-layout-flex\">\n<figure class=\"wp-block-image size-thumbnail\"><a href=\"https:\/\/www.whitesmh.co.uk\/wp-content\/uploads\/IMG_2166-3-scaled.jpeg\"><img loading=\"lazy\" decoding=\"async\" width=\"400\" height=\"400\" data-id=\"2359\" src=\"https:\/\/www.whitesmh.co.uk\/wp-content\/uploads\/IMG_2166-3-400x400.jpeg\" alt=\"\" class=\"wp-image-2359\" srcset=\"https:\/\/www.whitesmh.co.uk\/wp-content\/uploads\/IMG_2166-3-400x400.jpeg 400w, https:\/\/www.whitesmh.co.uk\/wp-content\/uploads\/IMG_2166-3-scaled-300x300.jpeg 300w, https:\/\/www.whitesmh.co.uk\/wp-content\/uploads\/IMG_2166-3-scaled-100x100.jpeg 100w\" sizes=\"auto, (max-width: 400px) 100vw, 400px\" \/><\/a><\/figure>\n\n\n\n<figure class=\"wp-block-image size-thumbnail\"><a href=\"https:\/\/www.whitesmh.co.uk\/wp-content\/uploads\/IMG_2164-2-scaled.jpeg\"><img loading=\"lazy\" decoding=\"async\" width=\"400\" height=\"400\" data-id=\"2358\" src=\"https:\/\/www.whitesmh.co.uk\/wp-content\/uploads\/IMG_2164-2-400x400.jpeg\" alt=\"\" class=\"wp-image-2358\" srcset=\"https:\/\/www.whitesmh.co.uk\/wp-content\/uploads\/IMG_2164-2-400x400.jpeg 400w, https:\/\/www.whitesmh.co.uk\/wp-content\/uploads\/IMG_2164-2-scaled-300x300.jpeg 300w, https:\/\/www.whitesmh.co.uk\/wp-content\/uploads\/IMG_2164-2-scaled-100x100.jpeg 100w\" sizes=\"auto, (max-width: 400px) 100vw, 400px\" \/><\/a><\/figure>\n\n\n\n<figure class=\"wp-block-image size-thumbnail\"><a href=\"https:\/\/www.whitesmh.co.uk\/wp-content\/uploads\/371-scaled.jpg\"><img loading=\"lazy\" decoding=\"async\" width=\"400\" height=\"400\" data-id=\"2360\" src=\"https:\/\/www.whitesmh.co.uk\/wp-content\/uploads\/371-400x400.jpg\" alt=\"\" class=\"wp-image-2360\" srcset=\"https:\/\/www.whitesmh.co.uk\/wp-content\/uploads\/371-400x400.jpg 400w, https:\/\/www.whitesmh.co.uk\/wp-content\/uploads\/371-scaled-300x300.jpg 300w, https:\/\/www.whitesmh.co.uk\/wp-content\/uploads\/371-scaled-100x100.jpg 100w\" sizes=\"auto, (max-width: 400px) 100vw, 400px\" \/><\/a><\/figure>\n\n\n\n<figure class=\"wp-block-image size-thumbnail\"><a href=\"https:\/\/www.whitesmh.co.uk\/wp-content\/uploads\/372-scaled.jpg\"><img loading=\"lazy\" decoding=\"async\" width=\"400\" height=\"400\" data-id=\"2361\" src=\"https:\/\/www.whitesmh.co.uk\/wp-content\/uploads\/372-400x400.jpg\" alt=\"\" class=\"wp-image-2361\" srcset=\"https:\/\/www.whitesmh.co.uk\/wp-content\/uploads\/372-400x400.jpg 400w, https:\/\/www.whitesmh.co.uk\/wp-content\/uploads\/372-scaled-300x300.jpg 300w, https:\/\/www.whitesmh.co.uk\/wp-content\/uploads\/372-scaled-100x100.jpg 100w\" sizes=\"auto, (max-width: 400px) 100vw, 400px\" \/><\/a><\/figure>\n<\/figure>\n<\/div>\n","protected":false},"excerpt":{"rendered":"<p>BENNE A SCARICO ALTO La benna a punta alta WHITES \u00e8 disponibile in una variet\u00e0 di dimensioni e capacit\u00e0 per adattarsi al materiale, all&#8217;applicazione e alle capacit\u00e0 della macchina ospite. BASSA CAPACIT\u00c0 \/\/ ALTA DENSIT\u00c0 Numero di parte Larghezza (mm) Larghezza (pollici) Capacit\u00e0 (m3) HT-3U-1220 1220 48 0,18 m3 HT-3U-1380 1380 54 0,25 m3 HT-3U-1525&hellip;<\/p>\n","protected":false},"featured_media":6263,"template":"","meta":{"_acf_changed":false},"product_brand":[],"product_cat":[314],"product_tag":[],"class_list":{"2":"type-product","7":"product","8":"first","9":"instock","10":"taxable","11":"shipping-taxable","12":"product-type-simple"},"acf":[],"_links":{"self":[{"href":"https:\/\/www.whitesmh.co.uk\/it\/wp-json\/wp\/v2\/product\/6258","targetHints":{"allow":["GET"]}}],"collection":[{"href":"https:\/\/www.whitesmh.co.uk\/it\/wp-json\/wp\/v2\/product"}],"about":[{"href":"https:\/\/www.whitesmh.co.uk\/it\/wp-json\/wp\/v2\/types\/product"}],"wp:featuredmedia":[{"embeddable":true,"href":"https:\/\/www.whitesmh.co.uk\/it\/wp-json\/wp\/v2\/media\/6263"}],"wp:attachment":[{"href":"https:\/\/www.whitesmh.co.uk\/it\/wp-json\/wp\/v2\/media?parent=6258"}],"wp:term":[{"taxonomy":"product_brand","embeddable":true,"href":"https:\/\/www.whitesmh.co.uk\/it\/wp-json\/wp\/v2\/product_brand?post=6258"},{"taxonomy":"product_cat","embeddable":true,"href":"https:\/\/www.whitesmh.co.uk\/it\/wp-json\/wp\/v2\/product_cat?post=6258"},{"taxonomy":"product_tag","embeddable":true,"href":"https:\/\/www.whitesmh.co.uk\/it\/wp-json\/wp\/v2\/product_tag?post=6258"}],"curies":[{"name":"wp","href":"https:\/\/api.w.org\/{rel}","templated":true}]}}