{"id":6661,"date":"2023-08-17T11:23:33","date_gmt":"2023-08-17T11:23:33","guid":{"rendered":"https:\/\/www.whitesmh.co.uk\/informativa-sulla-privacy\/"},"modified":"2024-05-13T08:16:33","modified_gmt":"2024-05-13T08:16:33","slug":"informativa-sulla-privacy","status":"publish","type":"page","link":"https:\/\/www.whitesmh.co.uk\/it\/informativa-sulla-privacy\/","title":{"rendered":"Informativa sulla privacy"},"content":{"rendered":"\n<div class=\"wp-block-group is-layout-constrained wp-container-core-group-is-layout-82f22f87 wp-block-group-is-layout-constrained\" style=\"margin-top:var(--wp--preset--spacing--70);margin-bottom:var(--wp--preset--spacing--70)\">\n<h1 class=\"wp-block-heading\">INFORMATIVA SULLA PRIVACY<\/h1>\n\n\n\n<h2 class=\"wp-block-heading\">INTRODUZIONE<\/h2>\n\n\n\n<p>La presente Informativa sulla privacy delinea le pratiche di Whites Material Handling Limited (&#8220;<strong>noi<\/strong>&#8220;, &#8220;<strong>nostro<\/strong>&#8221; o &#8220;<strong>la Societ\u00e0<\/strong>&#8220;) in relazione alle informazioni raccolte dagli utenti che accedono al nostro sito Web <a href=\"http:\/\/www.precisionprofiles.co.uk\/\" target=\"_blank\" rel=\"noopener\">all&#8217;www.whitesmh.co.uk<\/a> (&#8220;<strong>Sito<\/strong>&#8220;) o condividono in altro modo informazioni personali con noi (collettivamente: &#8220;<strong>Utenti<\/strong>&#8220;).  <\/p>\n\n\n\n<h2 class=\"wp-block-heading\">MOTIVAZIONE DELLA RACCOLTA DEI DATI  <\/h2>\n\n\n\n<p>Trattamento dei dati personali dell&#8217;utente (vale a dire qualsiasi informazione che possa potenzialmente consentire l&#8217;identificazione dell&#8217;utente con mezzi ragionevoli; di seguito &#8220;<strong>Informazioni personali<\/strong>&#8220;) \u00e8 necessario per l&#8217;adempimento dei nostri obblighi contrattuali nei tuoi confronti e per fornirti i nostri servizi, per proteggere i nostri legittimi interessi e per il rispetto degli obblighi normativi legali e finanziari a cui siamo soggetti.<\/p>\n\n\n\n<p>Utilizzando il Sito, l&#8217;utente acconsente alla raccolta, all&#8217;archiviazione, all&#8217;uso, alla divulgazione e ad altri usi delle proprie Informazioni personali come descritto nella presente Informativa sulla privacy.<\/p>\n\n\n\n<p>Incoraggiamo i nostri Utenti a leggere attentamente l&#8217;Informativa sulla privacy e a utilizzarla per prendere decisioni informate.<\/p>\n\n\n\n<h2 class=\"wp-block-heading\">QUALI INFORMAZIONI RACCOGLIAMO?<\/h2>\n\n\n\n<p>Raccogliamo due tipi di dati e informazioni dagli Utenti.  <\/p>\n\n\n\n<p>Il primo tipo di informazioni \u00e8 costituito da informazioni non identificate e non identificabili relative a uno o pi\u00f9 utenti, che possono essere rese disponibili o raccolte tramite l&#8217;utilizzo del Sito da parte dell&#8217;utente (&#8220;<strong>Informazioni non personali<\/strong>&#8220;). Non siamo a conoscenza dell&#8217;identit\u00e0 di un Utente da cui sono state raccolte le Informazioni non personali. Le informazioni non personali raccolte possono includere informazioni aggregate sull&#8217;utilizzo e informazioni tecniche trasmesse dal dispositivo dell&#8217;utente, comprese alcune informazioni software e hardware (ad esempio, il tipo di browser e il sistema operativo utilizzato dal dispositivo, la lingua preferita, l&#8217;ora di accesso, ecc.) al fine di migliorare la funzionalit\u00e0 del nostro Sito. Potremmo anche raccogliere informazioni sull&#8217;attivit\u00e0 dell&#8217;utente sul Sito (e.g. pages visualizzati, navigazione online, clic, azioni, ecc.).<\/p>\n\n\n\n<p>Il secondo tipo di informazioni <strong>Informazioni personali<\/strong> che sono informazioni di identificazione individuale, vale a dire informazioni che identificano un individuo o possono, con uno sforzo ragionevole, identificare un individuo. Tali informazioni comprendono:<\/p>\n\n\n\n<ul class=\"wp-block-list\">\n<li>Informazioni sul dispositivo: Raccogliamo informazioni personali dal dispositivo dell&#8217;utente. Tali informazioni includono dati di geolocalizzazione, indirizzo IP, identificatori univoci (ad es. indirizzo MAC e UUID) e altre informazioni relative all&#8217;attivit\u00e0 dell&#8217;utente attraverso il Sito:<\/li>\n\n\n\n<li>Nome e qualifica professionale<\/li>\n\n\n\n<li>Informazioni di contatto, incluso l&#8217;indirizzo e-mail<\/li>\n\n\n\n<li>informazioni demografiche come codice postale, preferenze e interessi<\/li>\n\n\n\n<li>Altre informazioni rilevanti per le richieste dei clienti<\/li>\n\n\n\n<li>Non memorizziamo i dati finanziari<\/li>\n<\/ul>\n\n\n\n<h2 class=\"wp-block-heading\">COME RICEVIAMO INFORMAZIONI SU DI TE?<\/h2>\n\n\n\n<p>Riceviamo le informazioni personali dell&#8217;utente da varie fonti:<\/p>\n\n\n\n<ul class=\"wp-block-list\">\n<li>Quando ci fornisci volontariamente i tuoi dati personali al fine di registrarti sul nostro Sito;<\/li>\n\n\n\n<li>Quando l&#8217;utente utilizza o accede al nostro Sito in relazione all&#8217;utilizzo dei nostri servizi;<\/li>\n\n\n\n<li>Da fornitori, servizi e registri pubblici di terze parti (ad esempio, fornitori di analisi del traffico).<\/li>\n<\/ul>\n\n\n\n<h2 class=\"wp-block-heading\">QUALI INFORMAZIONI RACCOGLIAMO?<\/h2>\n\n\n\n<p>Non affittiamo, vendiamo o condividiamo le informazioni degli Utenti con terze parti, ad eccezione di quanto descritto nella presente Informativa sulla privacy.<\/p>\n\n\n\n<p>Possiamo utilizzare le informazioni per i seguenti scopi:<\/p>\n\n\n\n<ul class=\"wp-block-list\">\n<li>Comunicare con l&#8217;utente: inviare avvisi relativi ai nostri servizi, fornire informazioni tecniche e rispondere a qualsiasi problema del servizio clienti che l&#8217;utente possa avere;<\/li>\n\n\n\n<li>Per comunicare con l&#8217;utente e tenerlo informato sui nostri ultimi aggiornamenti e servizi;<\/li>\n\n\n\n<li>Per fornire all&#8217;utente annunci pubblicitari quando utilizza il nostro Sito (vedere di pi\u00f9 nella sezione &#8220;Pubblicit\u00e0&#8221;);  <\/li>\n\n\n\n<li>Per commercializzare i nostri siti web e prodotti (vedi maggiori informazioni nella sezione &#8220;Marketing&#8221;);  <\/li>\n\n\n\n<li>Possiamo utilizzare le informazioni per migliorare i nostri prodotti e servizi<\/li>\n\n\n\n<li>Per finalit\u00e0 statistiche e analitiche, volte a migliorare il Sito<\/li>\n\n\n\n<li>Tenuta dei registri interni<\/li>\n\n\n\n<li>Per contattare l&#8217;utente in risposta a una richiesta specifica<\/li>\n\n\n\n<li>Potremmo contattarti via e-mail, telefono, fax o posta per motivi di ricerca di mercato<\/li>\n<\/ul>\n\n\n\n<p>Oltre ai diversi usi sopra elencati, possiamo trasferire o divulgare le informazioni personali alle nostre societ\u00e0 controllate, affiliate e subappaltatori.<\/p>\n\n\n\n<p>Oltre agli scopi elencati nella presente Informativa sulla privacy, possiamo condividere le informazioni personali con i nostri fornitori di terze parti di fiducia, che possono trovarsi in diverse giurisdizioni in tutto il mondo, per uno dei seguenti scopi:  <\/p>\n\n\n\n<ul class=\"wp-block-list\">\n<li>Hosting e gestione del nostro Sito;<\/li>\n\n\n\n<li>Fornire all&#8217;utente i nostri servizi, inclusa la visualizzazione personalizzata del nostro Sito;<\/li>\n\n\n\n<li>Archiviazione ed elaborazione di tali informazioni per nostro conto;  <\/li>\n\n\n\n<li>Fornire all&#8217;utente annunci pubblicitari e aiutarci a valutare il successo delle nostre campagne pubblicitarie e aiutarci a effettuare il retargeting dei nostri utenti;<\/li>\n\n\n\n<li>Fornire all&#8217;utente offerte di marketing e materiali promozionali relativi al nostro Sito e ai nostri servizi;  <\/li>\n\n\n\n<li>Esecuzione di ricerche, diagnostica tecnica o analisi;<\/li>\n<\/ul>\n\n\n\n<p>Potremmo anche divulgare informazioni se abbiamo buone ragioni per ritenere che la divulgazione di tali informazioni sia utile o ragionevolmente necessaria per: (i) ottemperare a qualsiasi legge, regolamento, procedimento legale o richiesta governativa applicabile; (ii) far rispettare le nostre politiche (incluso il nostro Contratto), comprese le indagini su potenziali violazioni delle stesse; (iii) indagare, rilevare, prevenire o intraprendere azioni in merito ad attivit\u00e0 illegali o altri illeciti, sospette frodi o problemi di sicurezza; (iv) per stabilire o esercitare i nostri diritti di difesa da rivendicazioni legali; (v) prevenire danni ai diritti, alla propriet\u00e0 o alla sicurezza nostra, dei nostri utenti, dell&#8217;utente o di terzi; o (vi) allo scopo di collaborare con le forze dell&#8217;ordine e\/o nel caso in cui lo riteniamo necessario al fine di far valere la propriet\u00e0 intellettuale o altri diritti legali.<\/p>\n\n\n\n<h2 class=\"wp-block-heading\">DIRITTI DELL&#8217;UTENTE<\/h2>\n\n\n\n<p>L&#8217;utente pu\u00f2 richiedere di:  <\/p>\n\n\n\n<ol class=\"wp-block-list\">\n<li>Ricevere conferma dell&#8217;esistenza o meno di un trattamento di dati personali che lo riguardano e accedere ai dati personali memorizzati, insieme a informazioni supplementari.  <\/li>\n\n\n\n<li>Ricevere una copia delle informazioni personali che l&#8217;utente ci fornisce direttamente in un formato strutturato, di uso comune e leggibile da dispositivo automatico.  <\/li>\n\n\n\n<li>Richiedere la rettifica delle informazioni personali che sono sotto il nostro controllo.<\/li>\n\n\n\n<li>Richiedere la cancellazione dei propri dati personali.  <\/li>\n\n\n\n<li>Opporsi al trattamento dei dati personali da parte nostra.  <\/li>\n\n\n\n<li>Richiesta di limitazione del trattamento dei dati personali da parte nostra.<\/li>\n\n\n\n<li>Presentare un reclamo a un&#8217;autorit\u00e0 di controllo.<\/li>\n<\/ol>\n\n\n\n<p>Tuttavia, si prega di notare che questi diritti non sono assoluti e possono essere soggetti ai nostri legittimi interessi e requisiti normativi.  <\/p>\n\n\n\n<p>Se desideri esercitare uno dei diritti di cui sopra o ricevere maggiori informazioni, contatta il nostro Responsabile della protezione dei dati (&#8220;DPO&#8221;) utilizzando i dettagli forniti di seguito:<\/p>\n\n\n\n<p>Lisa Sinclair: lsinclair@precisionprofiles.co.uk<\/p>\n\n\n\n<h2 class=\"wp-block-heading\">DETENZIONE<\/h2>\n\n\n\n<p>Conserveremo le informazioni personali dell&#8217;utente per tutto il tempo necessario a fornire i nostri servizi e per rispettare i nostri obblighi legali, risolvere controversie e far rispettare le nostre politiche. I periodi di conservazione saranno determinati tenendo conto del tipo di informazioni raccolte e dello scopo per il quale vengono raccolte, tenendo conto dei requisiti applicabili alla situazione e della necessit\u00e0 di distruggere le informazioni obsolete e inutilizzate alla prima occasione ragionevole. Ai sensi delle normative applicabili, conserveremo i registri contenenti i dati personali dei clienti, i documenti di apertura del conto, le comunicazioni e quant&#8217;altro richiesto dalle leggi e dai regolamenti applicabili.  <\/p>\n\n\n\n<p>Ci riserviamo il diritto di rettificare, integrare o rimuovere le informazioni incomplete o inesatte, in qualsiasi momento e a nostra discrezione.<\/p>\n\n\n\n<h2 class=\"wp-block-heading\">BISCOTTI<\/h2>\n\n\n\n<p>Noi e i nostri partner di fiducia utilizziamo cookie e altre tecnologie nei nostri servizi correlati, anche quando visiti il nostro Sito o accedi ai nostri servizi.  <\/p>\n\n\n\n<p>Un &#8220;cookie&#8221; \u00e8 una piccola informazione che un sito web assegna al tuo dispositivo mentre stai visualizzando un sito web. I cookie sono molto utili e possono essere utilizzati per vari scopi diversi. Tali finalit\u00e0 includono consentire all&#8217;utente di navigare tra le pagine in modo efficiente, abilitare l&#8217;attivazione automatica di determinate funzionalit\u00e0, ricordare le preferenze dell&#8217;utente e rendere l&#8217;interazione tra l&#8217;utente e i nostri Servizi pi\u00f9 rapida e semplice. I cookie vengono utilizzati anche per garantire che gli annunci pubblicitari visualizzati siano pertinenti per l&#8217;utente e per i suoi interessi e per compilare dati statistici sull&#8217;utilizzo dei nostri Servizi.  <\/p>\n\n\n\n<p>Il Sito utilizza i seguenti tipi di cookie:<\/p>\n\n\n\n<p><strong>un. &#8216;cookie di sessione&#8217;<\/strong>  che vengono memorizzati solo temporaneamente durante una sessione di navigazione al fine di consentire il normale utilizzo del sistema e vengono cancellati dal dispositivo dell&#8217;utente alla chiusura del browser;  <\/p>\n\n\n\n<p><strong>b. \u00abCookie persistenti<\/strong>&#8216; che vengono solo letti dal Sito, salvati sul computer dell&#8217;utente per un periodo determinato e non vengono cancellati alla chiusura del browser. Tali cookie vengono utilizzati quando abbiamo bisogno di sapere chi sei per le visite ripetute, ad esempio per consentirci di memorizzare le tue preferenze per l&#8217;accesso successivo;  <\/p>\n\n\n\n<p><strong>c. &#8216;Cookie di terze parti&#8217;<\/strong>  che sono impostati da altri servizi online che gestiscono contenuti sulla pagina che stai visualizzando, ad esempio da societ\u00e0 di analisi di terze parti che monitorano e analizzano il nostro accesso al web.<\/p>\n\n\n\n<p>I cookie non contengono alcuna informazione che ti identifichi personalmente, ma le informazioni personali che memorizziamo su di te possono essere collegate, da noi, alle informazioni memorizzate e ottenute dai cookie. \u00c8 possibile rimuovere i cookie seguendo le istruzioni delle preferenze del dispositivo; tuttavia, se scegli di disabilitare i cookie, alcune funzionalit\u00e0 del nostro Sito potrebbero non funzionare correttamente e la tua esperienza online potrebbe essere limitata.<\/p>\n\n\n\n<p>Utilizziamo anche uno strumento chiamato &#8220;Google Analytics&#8221; per raccogliere informazioni sull&#8217;utilizzo del Sito da parte dell&#8217;utente. Google Analytics raccoglie informazioni come la frequenza con cui gli utenti accedono al Sito, quali pagine visitano, quando lo fanno, ecc. Utilizziamo le informazioni che otteniamo da Google Analytics solo per migliorare il nostro Sito e i nostri servizi. Google Analytics raccoglie l&#8217;indirizzo IP assegnato all&#8217;utente alla data in cui visita i siti, anzich\u00e9 il nome o altre informazioni identificative. Non combiniamo le informazioni raccolte attraverso l&#8217;uso di Google Analytics con informazioni di identificazione personale. La capacit\u00e0 di Google di utilizzare e condividere le informazioni raccolte da Google Analytics sulle visite dell&#8217;utente a questo Sito \u00e8 limitata dai Termini di utilizzo di Google Analytics e dalle Norme sulla privacy di Google.<\/p>\n\n\n\n<h2 class=\"wp-block-heading\">RACCOLTA DI INFORMAZIONI DA PARTE DI TERZI<\/h2>\n\n\n\n<p>La nostra politica riguarda solo l&#8217;uso e la divulgazione delle informazioni che raccogliamo da te. Nella misura in cui l&#8217;utente divulga le proprie informazioni ad altre parti o siti in Internet, potrebbero essere applicate regole diverse all&#8217;uso o alla divulgazione delle informazioni divulgate dall&#8217;utente. Di conseguenza, ti invitiamo a leggere i termini e le condizioni e l&#8217;informativa sulla privacy di ciascuna terza parte a cui scegli di divulgare le informazioni.  <\/p>\n\n\n\n<p>La presente Informativa sulla privacy non si applica alle pratiche di societ\u00e0 che non possediamo o controlliamo, n\u00e9 alle persone che non impieghiamo o gestiamo, comprese le terze parti a cui potremmo divulgare le informazioni come stabilito nella presente Informativa sulla privacy.  <\/p>\n\n\n\n<h2 class=\"wp-block-heading\" id=\"1604837267\">COME SALVAGUARDIAMO LE TUE INFORMAZIONI?<\/h2>\n\n\n\n<p>Prestiamo la massima attenzione nell&#8217;implementare e mantenere la sicurezza del Sito e delle informazioni dell&#8217;utente. Adottiamo procedure e politiche standard del settore per garantire la sicurezza delle informazioni che raccogliamo e conserviamo e preveniamo l&#8217;uso non autorizzato di tali informazioni e richiediamo a qualsiasi terza parte di rispettare requisiti di sicurezza simili, in conformit\u00e0 con la presente Informativa sulla privacy. Sebbene adottiamo misure ragionevoli per salvaguardare le informazioni, non possiamo essere responsabili per gli atti di coloro che ottengono l&#8217;accesso non autorizzato o abusano del nostro Sito e non forniamo alcuna garanzia, espressa, implicita o di altro tipo, che impediremo tale accesso.<\/p>\n\n\n\n<h2 class=\"wp-block-heading\">TRASFERIMENTO DEI DATI AL DI FUORI DEL SEE  <\/h2>\n\n\n\n<p>Si prega di notare che alcuni destinatari dei dati potrebbero trovarsi al di fuori del SEE. In tali casi, trasferiremo i tuoi dati solo in quei paesi approvati dalla Commissione Europea come in grado di fornire un livello adeguato di protezione dei dati, o stipuleremo accordi legali che garantiscano un livello adeguato di protezione dei dati.<\/p>\n\n\n\n<h2 class=\"wp-block-heading\">PUBBLICIT\u00c0<\/h2>\n\n\n\n<p>  Potremmo utilizzare una tecnologia pubblicitaria di terze parti per pubblicare annunci pubblicitari quando accedi al Sito. Questa tecnologia utilizza le informazioni dell&#8217;utente in relazione all&#8217;utilizzo dei Servizi per fornire annunci pubblicitari (ad esempio, inserendo cookie di terze parti nel browser Web dell&#8217;utente).  <\/p>\n\n\n\n<p>L&#8217;utente pu\u00f2 scegliere di non aderire a molte reti pubblicitarie di terze parti, comprese quelle gestite dai membri della Network Advertising Initiative (&#8220;NAI&#8221;) e della Digital Advertising Alliance (&#8220;DAA&#8221;). Per ulteriori informazioni su questa pratica da parte dei membri NAI e DAA e sulle scelte dell&#8217;utente in merito all&#8217;utilizzo di queste informazioni da parte di queste societ\u00e0, incluso come disattivare le reti pubblicitarie di terze parti gestite dai membri NAI e DAA, visitare i rispettivi siti Web: <a href=\"http:\/\/optout.networkadvertising.org\/\" target=\"_blank\" rel=\"noreferrer noopener\">http:\/\/optout.networkadvertising.org<\/a> e <a href=\"http:\/\/optout.aboutads.info\/\" target=\"_blank\" rel=\"noreferrer noopener\">http:\/\/optout.aboutads.info<\/a><\/p>\n\n\n\n<h2 class=\"wp-block-heading\">MARKETING<\/h2>\n\n\n\n<p>Possiamo utilizzare le informazioni personali dell&#8217;utente, come nome, indirizzo e-mail, numero di telefono, ecc., noi stessi o utilizzando i nostri subappaltatori di terze parti, allo scopo di fornire all&#8217;utente materiale promozionale relativo ai nostri servizi che riteniamo possa interessare l&#8217;utente.  <\/p>\n\n\n\n<p>Per rispettare il diritto alla privacy dell&#8217;utente, all&#8217;interno di tali materiali di marketing forniamo all&#8217;utente i mezzi per scegliere di non ricevere ulteriori offerte di marketing da parte nostra. Se annulli l&#8217;iscrizione, rimuoveremo il tuo indirizzo e-mail o numero di telefono dalle nostre liste di distribuzione di marketing.  <\/p>\n\n\n\n<p>Si prega di notare che anche se l&#8217;utente ha annullato l&#8217;iscrizione alla ricezione di e-mail di marketing da parte nostra, potremmo inviargli altri tipi di comunicazioni e-mail importanti senza offrirgli l&#8217;opportunit\u00e0 di scegliere di non riceverle. Questi possono includere annunci del servizio clienti o avvisi amministrativi.<\/p>\n\n\n\n<h2 class=\"wp-block-heading\">OPERAZIONE SOCIETARIA<\/h2>\n\n\n\n<p>Potremmo condividere le informazioni in caso di transazione aziendale (ad es. vendita di una parte sostanziale della nostra attivit\u00e0, fusione, consolidamento o vendita di attivit\u00e0). Nel caso in cui si verifichi quanto sopra, la societ\u00e0 cessionaria o acquirente assumer\u00e0 i diritti e gli obblighi descritti nella presente Informativa sulla privacy.<\/p>\n\n\n\n<h2 class=\"wp-block-heading\">MINORI<\/h2>\n\n\n\n<p>Comprendiamo l&#8217;importanza di proteggere la privacy dei bambini, soprattutto in un ambiente online. Il Sito non \u00e8 progettato o diretto ai bambini. In nessun caso consentiremo l&#8217;uso dei nostri servizi da parte di minori senza il previo consenso o l&#8217;autorizzazione di un genitore o tutore legale. Non raccogliamo consapevolmente informazioni personali da minori. Se un genitore o un tutore viene a conoscenza del fatto che suo figlio ci ha fornito informazioni personali senza il suo consenso, deve contattarci al <a href=\"mailto:lsinclair@precisionprofiles.co.uk\">lsinclair@precisionprofiles.co.uk<\/a>.<\/p>\n\n\n\n<h2 class=\"wp-block-heading\">AGGIORNAMENTI O MODIFICHE ALLA PRESENTE INFORMATIVA SULLA PRIVACY<\/h2>\n\n\n\n<p>Ci riserviamo il diritto di modificare o rivedere periodicamente l&#8217;Informativa sulla privacy; le modifiche sostanziali entreranno in vigore immediatamente dopo la visualizzazione dell&#8217;Informativa sulla privacy aggiornata. L&#8217;ultima revisione verr\u00e0 riflessa nella sezione &#8220;Ultima modifica&#8221;. L&#8217;uso continuato della Piattaforma, a seguito della notifica di tali modifiche sul nostro sito Web, costituisce il riconoscimento e il consenso di tali modifiche all&#8217;Informativa sulla privacy e l&#8217;accettazione da parte dell&#8217;utente di essere vincolato dai termini di tali modifiche.<\/p>\n\n\n\n<h2 class=\"wp-block-heading\">COME CONTATTARCI<\/h2>\n\n\n\n<p>In caso di domande generali sul Sito o sulle informazioni che raccogliamo su di te e su come lo utilizziamo, puoi contattarci all&#8217;indirizzo igroveswhitesmh.co.uk.<\/p>\n\n\n\n<p>Bianchi Material Handling Ltd<br\/>Azionamento di Southway<br\/>Bristol<br\/>BS30 5LW<\/p>\n\n\n\n<p>Registrazione n. 1248229<\/p>\n\n\n\n<p>Ultima modifica 25 mag 2018<\/p>\n<\/div>\n","protected":false},"excerpt":{"rendered":"<p>INFORMATIVA SULLA PRIVACY INTRODUZIONE La presente Informativa sulla privacy delinea le pratiche di Whites Material Handling Limited (&#8220;noi&#8220;, &#8220;nostro&#8221; o &#8220;la Societ\u00e0&#8220;) in relazione alle informazioni raccolte dagli utenti che accedono al nostro sito Web all&#8217;www.whitesmh.co.uk (&#8220;Sito&#8220;) o condividono in altro modo informazioni personali con noi (collettivamente: &#8220;Utenti&#8220;). MOTIVAZIONE DELLA RACCOLTA DEI DATI Trattamento dei&hellip;<\/p>\n","protected":false},"author":1,"featured_media":0,"parent":0,"menu_order":0,"comment_status":"closed","ping_status":"open","template":"","meta":{"_acf_changed":false,"footnotes":""},"class_list":{"2":"type-page"},"acf":[],"_links":{"self":[{"href":"https:\/\/www.whitesmh.co.uk\/it\/wp-json\/wp\/v2\/pages\/6661","targetHints":{"allow":["GET"]}}],"collection":[{"href":"https:\/\/www.whitesmh.co.uk\/it\/wp-json\/wp\/v2\/pages"}],"about":[{"href":"https:\/\/www.whitesmh.co.uk\/it\/wp-json\/wp\/v2\/types\/page"}],"author":[{"embeddable":true,"href":"https:\/\/www.whitesmh.co.uk\/it\/wp-json\/wp\/v2\/users\/1"}],"replies":[{"embeddable":true,"href":"https:\/\/www.whitesmh.co.uk\/it\/wp-json\/wp\/v2\/comments?post=6661"}],"version-history":[{"count":0,"href":"https:\/\/www.whitesmh.co.uk\/it\/wp-json\/wp\/v2\/pages\/6661\/revisions"}],"wp:attachment":[{"href":"https:\/\/www.whitesmh.co.uk\/it\/wp-json\/wp\/v2\/media?parent=6661"}],"curies":[{"name":"wp","href":"https:\/\/api.w.org\/{rel}","templated":true}]}}