{"id":6182,"date":"2023-10-24T14:58:23","date_gmt":"2023-10-24T14:58:23","guid":{"rendered":"https:\/\/www.whitesmh.co.uk\/legge-sulla-schiavitu-moderna\/"},"modified":"2024-05-13T08:00:00","modified_gmt":"2024-05-13T08:00:00","slug":"legge-sulla-schiavitu-moderna","status":"publish","type":"page","link":"https:\/\/www.whitesmh.co.uk\/it\/legge-sulla-schiavitu-moderna\/","title":{"rendered":"Legge sulla schiavit\u00f9 moderna"},"content":{"rendered":"\n<div class=\"wp-block-group is-layout-constrained wp-container-core-group-is-layout-f91bc924 wp-block-group-is-layout-constrained\" style=\"padding-top:var(--wp--preset--spacing--80);padding-bottom:var(--wp--preset--spacing--80)\">\n<h1 class=\"wp-block-heading has-text-align-center\">Bianchi Material Handling Ltd<\/h1>\n\n\n\n<div class=\"wp-block-group is-layout-constrained wp-container-core-group-is-layout-f36bc466 wp-block-group-is-layout-constrained\">\n<p class=\"has-text-align-left\">Alla Whites Material Handling Ltd, in qualit\u00e0 di progettista e produttore specializzato di benne e accessori, riconosciamo la responsabilit\u00e0 che condividiamo con i nostri fornitori, di acquistare materie prime e vendere i nostri prodotti in modo etico. Come parte di questo impegno, riconosciamo la nostra responsabilit\u00e0 nei confronti del Modern Slavery Act 2015 e garantiremo la trasparenza all&#8217;interno dell&#8217;organizzazione e con i nostri fornitori di beni e servizi a Whites Material Handling Ltd.  <\/p>\n\n\n\n<p class=\"has-text-align-left\">Vogliamo che i nostri clienti abbiano la certezza che i nostri partner commerciali trattino i loro dipendenti in modo equo, nel rispetto dei diritti umani e non siano esposti a condizioni di lavoro non sicure o in alcun modo costretti a lavorare in condizioni di schiavit\u00f9. Crediamo che quando sono in atto standard etici, questo pu\u00f2 migliorare il benessere, la produttivit\u00e0 e la qualit\u00e0 dei lavoratori, a vantaggio sia dei nostri fornitori che dei nostri clienti. Solo i fornitori che condividono i nostri standard e valori saranno considerati idonei a commerciare con Whites Material Handling Ltd e cerchiamo di sviluppare relazioni commerciali a lungo termine con i fornitori basate sul principio di rapporti equi, aperti e onesti in ogni momento.  <\/p>\n\n\n\n<p class=\"has-text-align-left\">Controlliamo regolarmente i nostri principali fornitori e miriamo a lavorare solo con organizzazioni che si impegnano anche per l&#8217;eliminazione della schiavit\u00f9 e della tratta di esseri umani. Verifichiamo che i nostri principali fornitori rilascino una dichiarazione annuale che delinei il loro impegno e le azioni intraprese per eliminare la schiavit\u00f9 moderna.  <\/p>\n\n\n\n<p class=\"has-text-align-left\">I prodotti importati provenienti da paesi al di fuori del Regno Unito o della CE sono potenzialmente pi\u00f9 a rischio di schiavit\u00f9 o di traffico di esseri umani. Se i prodotti provengono da tali localit\u00e0 in volumi significativi, miriamo a visitare regolarmente i nostri fornitori e a costruire una relazione a lungo termine che ci consenta di valutare gli standard che sostengono per quanto riguarda l&#8217;impegno per i diritti umani, le condizioni di lavoro e la fornitura di un salario dignitoso.  <\/p>\n\n\n\n<p class=\"has-text-align-left\">Whites Material Handling Ltd non collaborer\u00e0 con alcuna organizzazione che sia stata o sia risultata essere consapevolmente coinvolta nel traffico di esseri umani o nella schiavit\u00f9 moderna.  <\/p>\n\n\n\n<p class=\"has-text-align-left\">Gli amministratori e l&#8217;alta dirigenza della Societ\u00e0 sono responsabili dell&#8217;applicazione di questa politica e garantiscono che tutte le attivit\u00e0 siano conformi al Modern Slavery Act 2015. Whites Material Handling Ltd fornir\u00e0 risorse, formazione e investimenti adeguati per garantire la sua applicazione di successo nel corso del prossimo anno finanziario.  <br\/><\/p>\n<\/div>\n\n\n\n<figure class=\"wp-block-image aligncenter size-full\"><img loading=\"lazy\" decoding=\"async\" width=\"592\" height=\"127\" src=\"https:\/\/www.whitesmh.co.uk\/wp-content\/uploads\/image-3.png\" alt=\"\" class=\"wp-image-707\"\/><\/figure>\n<\/div>\n\n<div style=\"height:30px\" aria-hidden=\"true\" class=\"wp-block-spacer\"><\/div>\n","protected":false},"excerpt":{"rendered":"<p>Bianchi Material Handling Ltd Alla Whites Material Handling Ltd, in qualit\u00e0 di progettista e produttore specializzato di benne e accessori, riconosciamo la responsabilit\u00e0 che condividiamo con i nostri fornitori, di acquistare materie prime e vendere i nostri prodotti in modo etico. Come parte di questo impegno, riconosciamo la nostra responsabilit\u00e0 nei confronti del Modern Slavery&hellip;<\/p>\n","protected":false},"author":1,"featured_media":0,"parent":0,"menu_order":0,"comment_status":"closed","ping_status":"closed","template":"","meta":{"_acf_changed":false,"footnotes":""},"class_list":{"2":"type-page"},"acf":[],"_links":{"self":[{"href":"https:\/\/www.whitesmh.co.uk\/it\/wp-json\/wp\/v2\/pages\/6182","targetHints":{"allow":["GET"]}}],"collection":[{"href":"https:\/\/www.whitesmh.co.uk\/it\/wp-json\/wp\/v2\/pages"}],"about":[{"href":"https:\/\/www.whitesmh.co.uk\/it\/wp-json\/wp\/v2\/types\/page"}],"author":[{"embeddable":true,"href":"https:\/\/www.whitesmh.co.uk\/it\/wp-json\/wp\/v2\/users\/1"}],"replies":[{"embeddable":true,"href":"https:\/\/www.whitesmh.co.uk\/it\/wp-json\/wp\/v2\/comments?post=6182"}],"version-history":[{"count":0,"href":"https:\/\/www.whitesmh.co.uk\/it\/wp-json\/wp\/v2\/pages\/6182\/revisions"}],"wp:attachment":[{"href":"https:\/\/www.whitesmh.co.uk\/it\/wp-json\/wp\/v2\/media?parent=6182"}],"curies":[{"name":"wp","href":"https:\/\/api.w.org\/{rel}","templated":true}]}}