{"id":4817,"date":"2023-11-22T09:50:35","date_gmt":"2023-11-22T09:50:35","guid":{"rendered":"https:\/\/www.whitesmh.co.uk\/products\/godets-a-embout-lateral\/"},"modified":"2024-11-19T12:01:58","modified_gmt":"2024-11-19T12:01:58","slug":"godets-a-embout-lateral","status":"publish","type":"product","link":"https:\/\/www.whitesmh.co.uk\/fr\/produit\/godets-a-embout-lateral\/","title":{"rendered":"Godets \u00e0 embout lat\u00e9ral"},"content":{"rendered":"\n<div class=\"wp-block-columns is-layout-flex wp-container-core-columns-is-layout-28f84493 wp-block-columns-is-layout-flex\">\n<div class=\"wp-block-column is-vertically-aligned-center is-layout-flow wp-block-column-is-layout-flow\">\n<figure class=\"wp-block-image size-full\"><img loading=\"lazy\" decoding=\"async\" width=\"2000\" height=\"1500\" src=\"https:\/\/www.whitesmh.co.uk\/wp-content\/uploads\/IMG_1668-scaled.jpeg\" alt=\"\" class=\"wp-image-1514\" srcset=\"https:\/\/www.whitesmh.co.uk\/wp-content\/uploads\/IMG_1668-scaled.jpeg 2000w, https:\/\/www.whitesmh.co.uk\/wp-content\/uploads\/IMG_1668-scaled-600x450.jpeg 600w, https:\/\/www.whitesmh.co.uk\/wp-content\/uploads\/IMG_1668-800x600.jpeg 800w, https:\/\/www.whitesmh.co.uk\/wp-content\/uploads\/IMG_1668-768x576.jpeg 768w\" sizes=\"auto, (max-width: 800px) 100vw, 800px\" \/><\/figure>\n<\/div>\n\n\n\n<div class=\"wp-block-column is-layout-flow wp-block-column-is-layout-flow\">\n<h2 class=\"wp-block-heading\" style=\"text-transform:uppercase\">GODETS \u00c0 EMBOUT LAT\u00c9RAL<\/h2>\n\n\n\n<p>Le godet \u00e0 pointe lat\u00e9rale WHITES permet le chargement pr\u00e9cis des mat\u00e9riaux \u00e0 gauche ou \u00e0 droite de la machine &#8211; selon le mod\u00e8le choisi.  <\/p>\n\n\n\n<ul class=\"wp-block-list\">\n<li>Disponible en benne basculante \u00e0 gauche ou \u00e0 droite<\/li>\n\n\n\n<li>Position de d\u00e9versement basse<\/li>\n\n\n\n<li>Conception monocylindre robuste<\/li>\n\n\n\n<li>Convient pour le remplissage de tranch\u00e9es ou d\u2019auges d\u2019alimentation<\/li>\n\n\n\n<li>6R &#8211; \u00e0 droite ou 6L &#8211; d\u00e9charge \u00e0 gauche<\/li>\n\n\n\n<li>Autres tailles disponibles sur demande<\/li>\n<\/ul>\n\n\n\n<div class=\"wp-block-columns is-layout-flex wp-container-core-columns-is-layout-28f84493 wp-block-columns-is-layout-flex\">\n<div class=\"wp-block-column is-layout-flow wp-block-column-is-layout-flow\" style=\"flex-basis:100%\">\n<figure class=\"wp-block-image size-full is-resized\"><img loading=\"lazy\" decoding=\"async\" width=\"626\" height=\"152\" src=\"https:\/\/www.whitesmh.co.uk\/wp-content\/uploads\/Made-in-Britain2.png\" alt=\"\" class=\"wp-image-924\" style=\"width:268px;height:auto\" srcset=\"https:\/\/www.whitesmh.co.uk\/wp-content\/uploads\/Made-in-Britain2.png 626w, https:\/\/www.whitesmh.co.uk\/wp-content\/uploads\/Made-in-Britain2-600x146.png 600w\" sizes=\"auto, (max-width: 626px) 100vw, 626px\" \/><\/figure>\n<\/div>\n<\/div>\n\n\n\n<div class=\"wp-block-buttons is-layout-flex wp-block-buttons-is-layout-flex\">\n<div class=\"wp-block-button\"><a class=\"wp-block-button__link wp-element-button\" href=\"https:\/\/www.whitesmh.co.uk\/fr\/contact\/\">CONTACTEZ-NOUS<\/a><\/div>\n\n\n\n<div class=\"wp-block-button\"><a class=\"wp-block-button__link wp-element-button\" href=\"https:\/\/www.whitesmh.co.uk\/docs\/side-tip-bucket-product-support\/\">SOUTIEN PRODUIT<\/a><\/div>\n\n\n\n<div class=\"wp-block-button\"><a class=\"wp-block-button__link wp-element-button\" href=\"https:\/\/www.whitesmh.co.uk\/wp-content\/uploads\/WMH-Data-Sheet-Side-Tip-Buckets.pptx\" target=\"_blank\" rel=\"noreferrer noopener\">FICHE<\/a><\/div>\n<\/div>\n<\/div>\n<\/div>\n\n<div class=\"wp-block-group has-primary-background-color has-background is-layout-flow wp-block-group-is-layout-flow\" style=\"margin-top:30px;margin-bottom:30px;padding-top:var(--wp--preset--spacing--40);padding-right:var(--wp--preset--spacing--40);padding-bottom:var(--wp--preset--spacing--40);padding-left:var(--wp--preset--spacing--40)\">\n<h3 class=\"wp-block-heading\">MOD\u00c8LE<\/h3>\n<\/div>\n\n<figure class=\"wp-block-table\"><table><tbody><tr><td class=\"has-text-align-center\" data-align=\"center\"><strong>Mod\u00e8le<\/strong><\/td><td class=\"has-text-align-center\" data-align=\"center\"><strong>Largeur (mm)<\/strong><\/td><td class=\"has-text-align-center\" data-align=\"center\"><strong>Capacit\u00e9<\/strong><\/td><td class=\"has-text-align-center\" data-align=\"center\"><strong>D\u00e9potoir<\/strong><\/td><\/tr><tr><td class=\"has-text-align-center\" data-align=\"center\">ST-6L-2000<\/td><td class=\"has-text-align-center\" data-align=\"center\">2000mm<\/td><td class=\"has-text-align-center\" data-align=\"center\">1,03m3<\/td><td class=\"has-text-align-center\" data-align=\"center\">Gauche<\/td><\/tr><tr><td class=\"has-text-align-center\" data-align=\"center\">ST-6R-2000<\/td><td class=\"has-text-align-center\" data-align=\"center\">2000mm<\/td><td class=\"has-text-align-center\" data-align=\"center\">1,03m3<\/td><td class=\"has-text-align-center\" data-align=\"center\">Droite<\/td><\/tr><tr><td class=\"has-text-align-center\" data-align=\"center\">ST-6L-2300<\/td><td class=\"has-text-align-center\" data-align=\"center\">2300mm<\/td><td class=\"has-text-align-center\" data-align=\"center\">1,40 m3<\/td><td class=\"has-text-align-center\" data-align=\"center\">Gauche<\/td><\/tr><tr><td class=\"has-text-align-center\" data-align=\"center\">ST-6L-2300<\/td><td class=\"has-text-align-center\" data-align=\"center\">2300mm<\/td><td class=\"has-text-align-center\" data-align=\"center\">1,40 m3<\/td><td class=\"has-text-align-center\" data-align=\"center\">Droite<\/td><\/tr><\/tbody><\/table><\/figure>\n\n<div class=\"wp-block-group is-layout-flow wp-block-group-is-layout-flow\">\n<div class=\"wp-block-group has-primary-background-color has-background is-layout-flow wp-block-group-is-layout-flow\" style=\"margin-top:30px;margin-bottom:30px;padding-top:var(--wp--preset--spacing--40);padding-right:var(--wp--preset--spacing--40);padding-bottom:var(--wp--preset--spacing--40);padding-left:var(--wp--preset--spacing--40)\">\n<h3 class=\"wp-block-heading\">GALERIE<\/h3>\n<\/div>\n\n\n\n<figure class=\"wp-block-gallery has-nested-images columns-4 is-cropped wp-block-gallery-1 is-layout-flex wp-block-gallery-is-layout-flex\">\n<figure class=\"wp-block-image size-thumbnail\"><a href=\"https:\/\/www.whitesmh.co.uk\/wp-content\/uploads\/IMG_1669-scaled.jpeg\"><img loading=\"lazy\" decoding=\"async\" width=\"400\" height=\"400\" data-id=\"1515\" src=\"https:\/\/www.whitesmh.co.uk\/wp-content\/uploads\/IMG_1669-400x400.jpeg\" alt=\"\" class=\"wp-image-1515\" srcset=\"https:\/\/www.whitesmh.co.uk\/wp-content\/uploads\/IMG_1669-400x400.jpeg 400w, https:\/\/www.whitesmh.co.uk\/wp-content\/uploads\/IMG_1669-scaled-300x300.jpeg 300w, https:\/\/www.whitesmh.co.uk\/wp-content\/uploads\/IMG_1669-scaled-100x100.jpeg 100w\" sizes=\"auto, (max-width: 400px) 100vw, 400px\" \/><\/a><\/figure>\n\n\n\n<figure class=\"wp-block-image size-thumbnail\"><a href=\"https:\/\/www.whitesmh.co.uk\/wp-content\/uploads\/IMG_1670-scaled.jpeg\"><img loading=\"lazy\" decoding=\"async\" width=\"400\" height=\"400\" data-id=\"1516\" src=\"https:\/\/www.whitesmh.co.uk\/wp-content\/uploads\/IMG_1670-400x400.jpeg\" alt=\"\" class=\"wp-image-1516\" srcset=\"https:\/\/www.whitesmh.co.uk\/wp-content\/uploads\/IMG_1670-400x400.jpeg 400w, https:\/\/www.whitesmh.co.uk\/wp-content\/uploads\/IMG_1670-scaled-300x300.jpeg 300w, https:\/\/www.whitesmh.co.uk\/wp-content\/uploads\/IMG_1670-scaled-100x100.jpeg 100w\" sizes=\"auto, (max-width: 400px) 100vw, 400px\" \/><\/a><\/figure>\n\n\n\n<figure class=\"wp-block-image size-thumbnail\"><a href=\"https:\/\/www.whitesmh.co.uk\/wp-content\/uploads\/IMG_1671-scaled.jpeg\"><img loading=\"lazy\" decoding=\"async\" width=\"400\" height=\"400\" data-id=\"1518\" src=\"https:\/\/www.whitesmh.co.uk\/wp-content\/uploads\/IMG_1671-400x400.jpeg\" alt=\"\" class=\"wp-image-1518\" srcset=\"https:\/\/www.whitesmh.co.uk\/wp-content\/uploads\/IMG_1671-400x400.jpeg 400w, https:\/\/www.whitesmh.co.uk\/wp-content\/uploads\/IMG_1671-scaled-300x300.jpeg 300w, https:\/\/www.whitesmh.co.uk\/wp-content\/uploads\/IMG_1671-scaled-100x100.jpeg 100w\" sizes=\"auto, (max-width: 400px) 100vw, 400px\" \/><\/a><\/figure>\n\n\n\n<figure class=\"wp-block-image size-thumbnail\"><a href=\"https:\/\/www.whitesmh.co.uk\/wp-content\/uploads\/IMG_1673-scaled.jpeg\"><img loading=\"lazy\" decoding=\"async\" width=\"400\" height=\"400\" data-id=\"1519\" src=\"https:\/\/www.whitesmh.co.uk\/wp-content\/uploads\/IMG_1673-400x400.jpeg\" alt=\"\" class=\"wp-image-1519\" srcset=\"https:\/\/www.whitesmh.co.uk\/wp-content\/uploads\/IMG_1673-400x400.jpeg 400w, https:\/\/www.whitesmh.co.uk\/wp-content\/uploads\/IMG_1673-scaled-300x300.jpeg 300w, https:\/\/www.whitesmh.co.uk\/wp-content\/uploads\/IMG_1673-scaled-100x100.jpeg 100w\" sizes=\"auto, (max-width: 400px) 100vw, 400px\" \/><\/a><\/figure>\n<\/figure>\n<\/div>\n","protected":false},"excerpt":{"rendered":"<p>GODETS \u00c0 EMBOUT LAT\u00c9RAL Le godet \u00e0 pointe lat\u00e9rale WHITES permet le chargement pr\u00e9cis des mat\u00e9riaux \u00e0 gauche ou \u00e0 droite de la machine &#8211; selon le mod\u00e8le choisi. MOD\u00c8LE Mod\u00e8le Largeur (mm) Capacit\u00e9 D\u00e9potoir ST-6L-2000 2000mm 1,03m3 Gauche ST-6R-2000 2000mm 1,03m3 Droite ST-6L-2300 2300mm 1,40 m3 Gauche ST-6L-2300 2300mm 1,40 m3 Droite GALERIE<\/p>\n","protected":false},"featured_media":3743,"template":"","meta":{"_acf_changed":false},"product_brand":[],"product_cat":[294],"product_tag":[],"class_list":{"2":"type-product","7":"product","8":"first","9":"instock","10":"taxable","11":"shipping-taxable","12":"product-type-simple"},"acf":[],"_links":{"self":[{"href":"https:\/\/www.whitesmh.co.uk\/fr\/wp-json\/wp\/v2\/product\/4817","targetHints":{"allow":["GET"]}}],"collection":[{"href":"https:\/\/www.whitesmh.co.uk\/fr\/wp-json\/wp\/v2\/product"}],"about":[{"href":"https:\/\/www.whitesmh.co.uk\/fr\/wp-json\/wp\/v2\/types\/product"}],"wp:featuredmedia":[{"embeddable":true,"href":"https:\/\/www.whitesmh.co.uk\/fr\/wp-json\/wp\/v2\/media\/3743"}],"wp:attachment":[{"href":"https:\/\/www.whitesmh.co.uk\/fr\/wp-json\/wp\/v2\/media?parent=4817"}],"wp:term":[{"taxonomy":"product_brand","embeddable":true,"href":"https:\/\/www.whitesmh.co.uk\/fr\/wp-json\/wp\/v2\/product_brand?post=4817"},{"taxonomy":"product_cat","embeddable":true,"href":"https:\/\/www.whitesmh.co.uk\/fr\/wp-json\/wp\/v2\/product_cat?post=4817"},{"taxonomy":"product_tag","embeddable":true,"href":"https:\/\/www.whitesmh.co.uk\/fr\/wp-json\/wp\/v2\/product_tag?post=4817"}],"curies":[{"name":"wp","href":"https:\/\/api.w.org\/{rel}","templated":true}]}}