{"id":4816,"date":"2024-02-13T08:44:39","date_gmt":"2024-02-13T08:44:39","guid":{"rendered":"https:\/\/www.whitesmh.co.uk\/products\/haie\/"},"modified":"2024-11-19T12:00:25","modified_gmt":"2024-11-19T12:00:25","slug":"haie","status":"publish","type":"product","link":"https:\/\/www.whitesmh.co.uk\/fr\/produit\/haie\/","title":{"rendered":"HAIE"},"content":{"rendered":"\n<div class=\"wp-block-columns is-layout-flex wp-container-core-columns-is-layout-28f84493 wp-block-columns-is-layout-flex\">\n<div class=\"wp-block-column is-vertically-aligned-center is-layout-flow wp-block-column-is-layout-flow\">\n<figure class=\"wp-block-image size-full\"><img decoding=\"async\" src=\"https:\/\/www.whitesmh.co.uk\/wp-content\/uploads\/HAIE5275-180.jpg\" alt=\"\" class=\"wp-image-2660\"\/><\/figure>\n<\/div>\n\n\n\n<div class=\"wp-block-column is-layout-flow wp-block-column-is-layout-flow\">\n<h2 class=\"wp-block-heading\" style=\"text-transform:uppercase\">HAIE<\/h2>\n\n\n\n<p>Le taille-haie WHITES est un outil sp\u00e9cialement con\u00e7u pour couper avec pr\u00e9cision. R\u00e9alisez vos travaux de taille et de tonte sans aucune manipulation manuelle. La structure en acier renforc\u00e9 garantit la rigidit\u00e9 et la robustesse de l\u2019outil. Les sections de coupe sont rempla\u00e7ables afin de toujours maintenir un r\u00e9sultat optimal.<\/p>\n\n\n\n<ul class=\"wp-block-list\">\n<li>Mod\u00e8les adapt\u00e9s aux pelles 1,5 T &#8211; 8,0 T<\/li>\n\n\n\n<li>Permet une coupe pr\u00e9cise des haies<\/li>\n\n\n\n<li>Fonctionnement s\u00fbr\u00a0; Aucune manipulation manuelle requise<\/li>\n\n\n\n<li>Sections de coupe rempla\u00e7ables<\/li>\n<\/ul>\n\n\n\n<div class=\"wp-block-columns is-layout-flex wp-container-core-columns-is-layout-28f84493 wp-block-columns-is-layout-flex\">\n<div class=\"wp-block-column is-layout-flow wp-block-column-is-layout-flow\" style=\"flex-basis:100%\"><\/div>\n<\/div>\n\n\n\n<div class=\"wp-block-buttons is-layout-flex wp-block-buttons-is-layout-flex\">\n<div class=\"wp-block-button\"><a class=\"wp-block-button__link wp-element-button\" href=\"https:\/\/www.whitesmh.co.uk\/fr\/contact\/\">CONTACTEZ-NOUS<\/a><\/div>\n<\/div>\n<\/div>\n<\/div>\n\n<div class=\"wp-block-group is-layout-constrained wp-block-group-is-layout-constrained\">\n<div class=\"wp-block-group alignfull has-primary-background-color has-background is-layout-flow wp-block-group-is-layout-flow\" style=\"margin-top:30px;margin-bottom:30px;padding-top:var(--wp--preset--spacing--40);padding-right:var(--wp--preset--spacing--40);padding-bottom:var(--wp--preset--spacing--40);padding-left:var(--wp--preset--spacing--40)\">\n<h3 class=\"wp-block-heading alignfull\">MOD\u00c8LE<\/h3>\n<\/div>\n<\/div>\n\n<figure class=\"wp-block-table\"><table><tbody><tr><td class=\"has-text-align-center\" data-align=\"center\"><strong>Mod\u00e8le<\/strong><\/td><td class=\"has-text-align-center\" data-align=\"center\"><strong>Largeur de coupe <\/strong><\/td><td class=\"has-text-align-center\" data-align=\"center\"><strong>Taille de la machine<\/strong><\/td><\/tr><tr><td class=\"has-text-align-center\" data-align=\"center\">R\u00e9f. HT1825-150<\/td><td class=\"has-text-align-center\" data-align=\"center\">1500mm<\/td><td class=\"has-text-align-center\" data-align=\"center\">1,5 T \u00e0 2,5 T<\/td><\/tr><tr><td class=\"has-text-align-center\" data-align=\"center\">R\u00e9f. HT2235-150<\/td><td class=\"has-text-align-center\" data-align=\"center\">1500mm<\/td><td class=\"has-text-align-center\" data-align=\"center\">2,0 T \u00e0 3,5 T<\/td><\/tr><tr><td class=\"has-text-align-center\" data-align=\"center\">HT3255-180<\/td><td class=\"has-text-align-center\" data-align=\"center\">1800mm<\/td><td class=\"has-text-align-center\" data-align=\"center\">3,0 T \u00e0 5,5 T<\/td><\/tr><tr><td class=\"has-text-align-center\" data-align=\"center\">HT5275-180<\/td><td class=\"has-text-align-center\" data-align=\"center\">1800mm<\/td><td class=\"has-text-align-center\" data-align=\"center\">5,0 T \u00e0 7,5 T<\/td><\/tr><tr><td class=\"has-text-align-center\" data-align=\"center\">R\u00e9f. HT7295-180<\/td><td class=\"has-text-align-center\" data-align=\"center\">1800mm<\/td><td class=\"has-text-align-center\" data-align=\"center\">7,0 T \u00e0 9,5 T<\/td><\/tr><\/tbody><\/table><\/figure>\n","protected":false},"excerpt":{"rendered":"<p>HAIE Le taille-haie WHITES est un outil sp\u00e9cialement con\u00e7u pour couper avec pr\u00e9cision. R\u00e9alisez vos travaux de taille et de tonte sans aucune manipulation manuelle. La structure en acier renforc\u00e9 garantit la rigidit\u00e9 et la robustesse de l\u2019outil. Les sections de coupe sont rempla\u00e7ables afin de toujours maintenir un r\u00e9sultat optimal. MOD\u00c8LE Mod\u00e8le Largeur de&hellip;<\/p>\n","protected":false},"featured_media":4322,"template":"","meta":{"_acf_changed":false},"product_brand":[],"product_cat":[293],"product_tag":[],"class_list":{"2":"type-product","7":"product","8":"first","9":"instock","10":"taxable","11":"shipping-taxable","12":"product-type-simple"},"acf":[],"_links":{"self":[{"href":"https:\/\/www.whitesmh.co.uk\/fr\/wp-json\/wp\/v2\/product\/4816","targetHints":{"allow":["GET"]}}],"collection":[{"href":"https:\/\/www.whitesmh.co.uk\/fr\/wp-json\/wp\/v2\/product"}],"about":[{"href":"https:\/\/www.whitesmh.co.uk\/fr\/wp-json\/wp\/v2\/types\/product"}],"wp:featuredmedia":[{"embeddable":true,"href":"https:\/\/www.whitesmh.co.uk\/fr\/wp-json\/wp\/v2\/media\/4322"}],"wp:attachment":[{"href":"https:\/\/www.whitesmh.co.uk\/fr\/wp-json\/wp\/v2\/media?parent=4816"}],"wp:term":[{"taxonomy":"product_brand","embeddable":true,"href":"https:\/\/www.whitesmh.co.uk\/fr\/wp-json\/wp\/v2\/product_brand?post=4816"},{"taxonomy":"product_cat","embeddable":true,"href":"https:\/\/www.whitesmh.co.uk\/fr\/wp-json\/wp\/v2\/product_cat?post=4816"},{"taxonomy":"product_tag","embeddable":true,"href":"https:\/\/www.whitesmh.co.uk\/fr\/wp-json\/wp\/v2\/product_tag?post=4816"}],"curies":[{"name":"wp","href":"https:\/\/api.w.org\/{rel}","templated":true}]}}