{"id":4812,"date":"2023-11-21T09:16:29","date_gmt":"2023-11-21T09:16:29","guid":{"rendered":"https:\/\/www.whitesmh.co.uk\/products\/prises-de-puissance-ag-x\/"},"modified":"2024-11-19T12:00:50","modified_gmt":"2024-11-19T12:00:50","slug":"prises-de-puissance-ag-x","status":"publish","type":"product","link":"https:\/\/www.whitesmh.co.uk\/fr\/produit\/prises-de-puissance-ag-x\/","title":{"rendered":"Prises de puissance AG-X"},"content":{"rendered":"\n<div class=\"wp-block-columns is-layout-flex wp-container-core-columns-is-layout-28f84493 wp-block-columns-is-layout-flex\">\n<div class=\"wp-block-column is-vertically-aligned-center is-layout-flow wp-block-column-is-layout-flow\">\n<figure class=\"wp-block-image size-full\"><img loading=\"lazy\" decoding=\"async\" width=\"2000\" height=\"1500\" src=\"https:\/\/www.whitesmh.co.uk\/wp-content\/uploads\/IMG_8961-scaled.jpeg\" alt=\"\" class=\"wp-image-1374\" srcset=\"https:\/\/www.whitesmh.co.uk\/wp-content\/uploads\/IMG_8961-scaled.jpeg 2000w, https:\/\/www.whitesmh.co.uk\/wp-content\/uploads\/IMG_8961-scaled-600x450.jpeg 600w, https:\/\/www.whitesmh.co.uk\/wp-content\/uploads\/IMG_8961-800x600.jpeg 800w, https:\/\/www.whitesmh.co.uk\/wp-content\/uploads\/IMG_8961-768x576.jpeg 768w\" sizes=\"auto, (max-width: 800px) 100vw, 800px\" \/><\/figure>\n<\/div>\n\n\n\n<div class=\"wp-block-column is-layout-flow wp-block-column-is-layout-flow\">\n<h2 class=\"wp-block-heading\" style=\"text-transform:uppercase\">PRISES DE POUVOIR AG-X<\/h2>\n\n\n\n<p>La gamme de Power Grabs AG-X de WHITES poss\u00e8de une multitude de caract\u00e9ristiques remarquables qui en font le choix id\u00e9al pour le nettoyage et le chargement des remorques.  <\/p>\n\n\n\n<ul class=\"wp-block-list\">\n<li>Options de dents Hardox et KV<\/li>\n\n\n\n<li>Large ouverture du grappin<\/li>\n\n\n\n<li>But\u00e9es de maintien ouvertes et ferm\u00e9es pour la protection du v\u00e9rin et de la goupille<\/li>\n\n\n\n<li>Goupilles de haute qualit\u00e9 avec douilles<\/li>\n\n\n\n<li>Fentes de visibilit\u00e9 saisissantes<\/li>\n\n\n\n<li>Emplacement de stationnement pour tuyau<\/li>\n\n\n\n<li>Protection de la plaque arri\u00e8re pour la poup\u00e9e et l\u2019hydraulique<\/li>\n\n\n\n<li>V\u00e9rins hydrauliques de grande capacit\u00e9 <\/li>\n\n\n\n<li>Bande d\u2019usure de base pour la protection du porte-dents<\/li>\n\n\n\n<li>Livr\u00e9 avec des supports de montage pour chariot t\u00e9lescopique<\/li>\n\n\n\n<li>Livr\u00e9 avec tuyaux et raccords<\/li>\n<\/ul>\n\n\n\n<div class=\"wp-block-columns is-layout-flex wp-container-core-columns-is-layout-28f84493 wp-block-columns-is-layout-flex\">\n<div class=\"wp-block-column is-layout-flow wp-block-column-is-layout-flow\" style=\"flex-basis:100%\">\n<figure class=\"wp-block-image size-medium is-resized\"><img loading=\"lazy\" decoding=\"async\" width=\"800\" height=\"135\" src=\"https:\/\/www.whitesmh.co.uk\/wp-content\/uploads\/MIB-AGX-800x135.jpg\" alt=\"\" class=\"wp-image-1173\" style=\"width:268px;height:auto\" srcset=\"https:\/\/www.whitesmh.co.uk\/wp-content\/uploads\/MIB-AGX-800x135.jpg 800w, https:\/\/www.whitesmh.co.uk\/wp-content\/uploads\/MIB-AGX-600x101.jpg 600w, https:\/\/www.whitesmh.co.uk\/wp-content\/uploads\/MIB-AGX-768x129.jpg 768w, https:\/\/www.whitesmh.co.uk\/wp-content\/uploads\/MIB-AGX.jpg 1046w\" sizes=\"auto, (max-width: 800px) 100vw, 800px\" \/><\/figure>\n<\/div>\n<\/div>\n\n\n\n<div class=\"wp-block-buttons is-layout-flex wp-block-buttons-is-layout-flex\">\n<div class=\"wp-block-button\"><a class=\"wp-block-button__link wp-element-button\" href=\"https:\/\/www.whitesmh.co.uk\/fr\/contact\/\">CONTACTEZ-NOUS<\/a><\/div>\n\n\n\n<div class=\"wp-block-button\"><a class=\"wp-block-button__link wp-element-button\" href=\"https:\/\/www.whitesmh.co.uk\/support\/grapples-product-support\/\">SOUTIEN PRODUIT<\/a><\/div>\n\n\n\n<div class=\"wp-block-button\"><a class=\"wp-block-button__link wp-element-button\" href=\"https:\/\/www.whitesmh.co.uk\/wp-content\/uploads\/WMH-Data-Sheet-PowerGrab.pptx\" target=\"_blank\" rel=\"noreferrer noopener\">FICHE<\/a><\/div>\n<\/div>\n<\/div>\n<\/div>\n\n<div class=\"wp-block-group has-primary-background-color has-background is-layout-flow wp-block-group-is-layout-flow\" style=\"margin-top:30px;margin-bottom:30px;padding-top:var(--wp--preset--spacing--40);padding-right:var(--wp--preset--spacing--40);padding-bottom:var(--wp--preset--spacing--40);padding-left:var(--wp--preset--spacing--40)\">\n<h3 class=\"wp-block-heading\">MOD\u00c8LE<\/h3>\n<\/div>\n\n<figure class=\"wp-block-table\"><table><tbody><tr><td class=\"has-text-align-center\" data-align=\"center\"><strong>Mod\u00e8le<\/strong><\/td><td class=\"has-text-align-center\" data-align=\"center\"><strong>Largeur (ft)<\/strong><\/td><td class=\"has-text-align-center\" data-align=\"center\"><strong>Capacit\u00e9<\/strong><\/td><td class=\"has-text-align-center\" data-align=\"center\"><strong>Dents<\/strong><\/td><\/tr><tr><td class=\"has-text-align-center\" data-align=\"center\">PGKV2290<\/td><td class=\"has-text-align-center\" data-align=\"center\">7&rsquo;6\u00a0\u00bb<\/td><td class=\"has-text-align-center\" data-align=\"center\">1,98 m3<\/td><td class=\"has-text-align-center\" data-align=\"center\">KV<\/td><\/tr><tr><td class=\"has-text-align-center\" data-align=\"center\">PGHX2290<\/td><td class=\"has-text-align-center\" data-align=\"center\">7&rsquo;6\u00a0\u00bb<\/td><td class=\"has-text-align-center\" data-align=\"center\">1,98 m3<\/td><td class=\"has-text-align-center\" data-align=\"center\">Hardox<\/td><\/tr><tr><td class=\"has-text-align-center\" data-align=\"center\">PGKV2440<\/td><td class=\"has-text-align-center\" data-align=\"center\">8&prime;<\/td><td class=\"has-text-align-center\" data-align=\"center\">2,10 m3<\/td><td class=\"has-text-align-center\" data-align=\"center\">KV<\/td><\/tr><tr><td class=\"has-text-align-center\" data-align=\"center\">PGHX2440<\/td><td class=\"has-text-align-center\" data-align=\"center\">8&prime;<\/td><td class=\"has-text-align-center\" data-align=\"center\">2,10 m3<\/td><td class=\"has-text-align-center\" data-align=\"center\">Hardox<\/td><\/tr><\/tbody><\/table><\/figure>\n\n<div class=\"wp-block-group is-layout-flow wp-block-group-is-layout-flow\">\n<div class=\"wp-block-group has-primary-background-color has-background is-layout-flow wp-block-group-is-layout-flow\" style=\"margin-top:30px;margin-bottom:30px;padding-top:var(--wp--preset--spacing--40);padding-right:var(--wp--preset--spacing--40);padding-bottom:var(--wp--preset--spacing--40);padding-left:var(--wp--preset--spacing--40)\">\n<h3 class=\"wp-block-heading\">GALERIE<\/h3>\n<\/div>\n\n\n\n<figure class=\"wp-block-gallery has-nested-images columns-4 is-cropped wp-block-gallery-1 is-layout-flex wp-block-gallery-is-layout-flex\">\n<figure class=\"wp-block-image size-thumbnail\"><a href=\"https:\/\/www.whitesmh.co.uk\/wp-content\/uploads\/IMG_8967-scaled.jpeg\"><img loading=\"lazy\" decoding=\"async\" width=\"400\" height=\"400\" data-id=\"1380\" src=\"https:\/\/www.whitesmh.co.uk\/wp-content\/uploads\/IMG_8967-400x400.jpeg\" alt=\"\" class=\"wp-image-1380\" srcset=\"https:\/\/www.whitesmh.co.uk\/wp-content\/uploads\/IMG_8967-400x400.jpeg 400w, https:\/\/www.whitesmh.co.uk\/wp-content\/uploads\/IMG_8967-scaled-300x300.jpeg 300w, https:\/\/www.whitesmh.co.uk\/wp-content\/uploads\/IMG_8967-scaled-100x100.jpeg 100w\" sizes=\"auto, (max-width: 400px) 100vw, 400px\" \/><\/a><\/figure>\n\n\n\n<figure class=\"wp-block-image size-thumbnail\"><a href=\"https:\/\/www.whitesmh.co.uk\/wp-content\/uploads\/IMG_8969-scaled.jpeg\"><img loading=\"lazy\" decoding=\"async\" width=\"400\" height=\"400\" data-id=\"1381\" src=\"https:\/\/www.whitesmh.co.uk\/wp-content\/uploads\/IMG_8969-400x400.jpeg\" alt=\"\" class=\"wp-image-1381\" srcset=\"https:\/\/www.whitesmh.co.uk\/wp-content\/uploads\/IMG_8969-400x400.jpeg 400w, https:\/\/www.whitesmh.co.uk\/wp-content\/uploads\/IMG_8969-scaled-300x300.jpeg 300w, https:\/\/www.whitesmh.co.uk\/wp-content\/uploads\/IMG_8969-scaled-100x100.jpeg 100w\" sizes=\"auto, (max-width: 400px) 100vw, 400px\" \/><\/a><\/figure>\n\n\n\n<figure class=\"wp-block-image size-thumbnail\"><a href=\"https:\/\/www.whitesmh.co.uk\/wp-content\/uploads\/IMG_8965-scaled.jpeg\"><img loading=\"lazy\" decoding=\"async\" width=\"400\" height=\"400\" data-id=\"1378\" src=\"https:\/\/www.whitesmh.co.uk\/wp-content\/uploads\/IMG_8965-400x400.jpeg\" alt=\"\" class=\"wp-image-1378\" srcset=\"https:\/\/www.whitesmh.co.uk\/wp-content\/uploads\/IMG_8965-400x400.jpeg 400w, https:\/\/www.whitesmh.co.uk\/wp-content\/uploads\/IMG_8965-scaled-300x300.jpeg 300w, https:\/\/www.whitesmh.co.uk\/wp-content\/uploads\/IMG_8965-scaled-100x100.jpeg 100w\" sizes=\"auto, (max-width: 400px) 100vw, 400px\" \/><\/a><\/figure>\n\n\n\n<figure class=\"wp-block-image size-thumbnail\"><a href=\"https:\/\/www.whitesmh.co.uk\/wp-content\/uploads\/IMG_8963-scaled.jpeg\"><img loading=\"lazy\" decoding=\"async\" width=\"400\" height=\"400\" data-id=\"1376\" src=\"https:\/\/www.whitesmh.co.uk\/wp-content\/uploads\/IMG_8963-400x400.jpeg\" alt=\"\" class=\"wp-image-1376\" srcset=\"https:\/\/www.whitesmh.co.uk\/wp-content\/uploads\/IMG_8963-400x400.jpeg 400w, https:\/\/www.whitesmh.co.uk\/wp-content\/uploads\/IMG_8963-scaled-300x300.jpeg 300w, https:\/\/www.whitesmh.co.uk\/wp-content\/uploads\/IMG_8963-scaled-100x100.jpeg 100w\" sizes=\"auto, (max-width: 400px) 100vw, 400px\" \/><\/a><\/figure>\n\n\n\n<figure class=\"wp-block-image size-thumbnail\"><a href=\"https:\/\/www.whitesmh.co.uk\/wp-content\/uploads\/IMG_8962-scaled.jpeg\"><img loading=\"lazy\" decoding=\"async\" width=\"400\" height=\"400\" data-id=\"1375\" src=\"https:\/\/www.whitesmh.co.uk\/wp-content\/uploads\/IMG_8962-400x400.jpeg\" alt=\"\" class=\"wp-image-1375\" srcset=\"https:\/\/www.whitesmh.co.uk\/wp-content\/uploads\/IMG_8962-400x400.jpeg 400w, https:\/\/www.whitesmh.co.uk\/wp-content\/uploads\/IMG_8962-scaled-300x300.jpeg 300w, https:\/\/www.whitesmh.co.uk\/wp-content\/uploads\/IMG_8962-scaled-100x100.jpeg 100w\" sizes=\"auto, (max-width: 400px) 100vw, 400px\" \/><\/a><\/figure>\n\n\n\n<figure class=\"wp-block-image size-thumbnail\"><a href=\"https:\/\/www.whitesmh.co.uk\/wp-content\/uploads\/IMG_8971-scaled.jpeg\"><img loading=\"lazy\" decoding=\"async\" width=\"400\" height=\"400\" data-id=\"1382\" src=\"https:\/\/www.whitesmh.co.uk\/wp-content\/uploads\/IMG_8971-400x400.jpeg\" alt=\"\" class=\"wp-image-1382\" srcset=\"https:\/\/www.whitesmh.co.uk\/wp-content\/uploads\/IMG_8971-400x400.jpeg 400w, https:\/\/www.whitesmh.co.uk\/wp-content\/uploads\/IMG_8971-scaled-300x300.jpeg 300w, https:\/\/www.whitesmh.co.uk\/wp-content\/uploads\/IMG_8971-scaled-100x100.jpeg 100w\" sizes=\"auto, (max-width: 400px) 100vw, 400px\" \/><\/a><\/figure>\n\n\n\n<figure class=\"wp-block-image size-thumbnail\"><a href=\"https:\/\/www.whitesmh.co.uk\/wp-content\/uploads\/IMG_8964-scaled.jpeg\"><img loading=\"lazy\" decoding=\"async\" width=\"400\" height=\"400\" data-id=\"1377\" src=\"https:\/\/www.whitesmh.co.uk\/wp-content\/uploads\/IMG_8964-400x400.jpeg\" alt=\"\" class=\"wp-image-1377\" srcset=\"https:\/\/www.whitesmh.co.uk\/wp-content\/uploads\/IMG_8964-400x400.jpeg 400w, https:\/\/www.whitesmh.co.uk\/wp-content\/uploads\/IMG_8964-scaled-300x300.jpeg 300w, https:\/\/www.whitesmh.co.uk\/wp-content\/uploads\/IMG_8964-scaled-100x100.jpeg 100w\" sizes=\"auto, (max-width: 400px) 100vw, 400px\" \/><\/a><\/figure>\n\n\n\n<figure class=\"wp-block-image size-thumbnail\"><a href=\"https:\/\/www.whitesmh.co.uk\/wp-content\/uploads\/IMG_8972-scaled.jpeg\"><img loading=\"lazy\" decoding=\"async\" width=\"400\" height=\"400\" data-id=\"1383\" src=\"https:\/\/www.whitesmh.co.uk\/wp-content\/uploads\/IMG_8972-400x400.jpeg\" alt=\"\" class=\"wp-image-1383\" srcset=\"https:\/\/www.whitesmh.co.uk\/wp-content\/uploads\/IMG_8972-400x400.jpeg 400w, https:\/\/www.whitesmh.co.uk\/wp-content\/uploads\/IMG_8972-scaled-300x300.jpeg 300w, https:\/\/www.whitesmh.co.uk\/wp-content\/uploads\/IMG_8972-scaled-100x100.jpeg 100w\" sizes=\"auto, (max-width: 400px) 100vw, 400px\" \/><\/a><\/figure>\n<\/figure>\n<\/div>\n","protected":false},"excerpt":{"rendered":"<p>PRISES DE POUVOIR AG-X La gamme de Power Grabs AG-X de WHITES poss\u00e8de une multitude de caract\u00e9ristiques remarquables qui en font le choix id\u00e9al pour le nettoyage et le chargement des remorques. MOD\u00c8LE Mod\u00e8le Largeur (ft) Capacit\u00e9 Dents PGKV2290 7&rsquo;6\u00a0\u00bb 1,98 m3 KV PGHX2290 7&rsquo;6\u00a0\u00bb 1,98 m3 Hardox PGKV2440 8&prime; 2,10 m3 KV PGHX2440 8&prime;&hellip;<\/p>\n","protected":false},"featured_media":3736,"template":"","meta":{"_acf_changed":false},"product_brand":[],"product_cat":[296],"product_tag":[],"class_list":{"2":"type-product","7":"product","8":"first","9":"instock","10":"taxable","11":"shipping-taxable","12":"product-type-simple"},"acf":[],"_links":{"self":[{"href":"https:\/\/www.whitesmh.co.uk\/fr\/wp-json\/wp\/v2\/product\/4812","targetHints":{"allow":["GET"]}}],"collection":[{"href":"https:\/\/www.whitesmh.co.uk\/fr\/wp-json\/wp\/v2\/product"}],"about":[{"href":"https:\/\/www.whitesmh.co.uk\/fr\/wp-json\/wp\/v2\/types\/product"}],"wp:featuredmedia":[{"embeddable":true,"href":"https:\/\/www.whitesmh.co.uk\/fr\/wp-json\/wp\/v2\/media\/3736"}],"wp:attachment":[{"href":"https:\/\/www.whitesmh.co.uk\/fr\/wp-json\/wp\/v2\/media?parent=4812"}],"wp:term":[{"taxonomy":"product_brand","embeddable":true,"href":"https:\/\/www.whitesmh.co.uk\/fr\/wp-json\/wp\/v2\/product_brand?post=4812"},{"taxonomy":"product_cat","embeddable":true,"href":"https:\/\/www.whitesmh.co.uk\/fr\/wp-json\/wp\/v2\/product_cat?post=4812"},{"taxonomy":"product_tag","embeddable":true,"href":"https:\/\/www.whitesmh.co.uk\/fr\/wp-json\/wp\/v2\/product_tag?post=4812"}],"curies":[{"name":"wp","href":"https:\/\/api.w.org\/{rel}","templated":true}]}}