{"id":4809,"date":"2023-11-24T08:53:35","date_gmt":"2023-11-24T08:53:35","guid":{"rendered":"https:\/\/www.whitesmh.co.uk\/products\/tranche-de-balle-de-katana\/"},"modified":"2025-01-14T10:29:26","modified_gmt":"2025-01-14T10:29:26","slug":"tranche-de-balle-de-katana","status":"publish","type":"product","link":"https:\/\/www.whitesmh.co.uk\/fr\/produit\/tranche-de-balle-de-katana\/","title":{"rendered":"Tranche de balle de katana"},"content":{"rendered":"\n<div class=\"wp-block-columns is-layout-flex wp-container-core-columns-is-layout-28f84493 wp-block-columns-is-layout-flex\">\n<div class=\"wp-block-column is-vertically-aligned-center is-layout-flow wp-block-column-is-layout-flow\">\n<figure class=\"wp-block-image size-full\"><img loading=\"lazy\" decoding=\"async\" width=\"1193\" height=\"895\" src=\"https:\/\/www.whitesmh.co.uk\/wp-content\/uploads\/BSL-1.jpg\" alt=\"\" class=\"wp-image-1736\" srcset=\"https:\/\/www.whitesmh.co.uk\/wp-content\/uploads\/BSL-1.jpg 1193w, https:\/\/www.whitesmh.co.uk\/wp-content\/uploads\/BSL-1-600x450.jpg 600w, https:\/\/www.whitesmh.co.uk\/wp-content\/uploads\/BSL-1-800x600.jpg 800w, https:\/\/www.whitesmh.co.uk\/wp-content\/uploads\/BSL-1-768x576.jpg 768w\" sizes=\"auto, (max-width: 800px) 100vw, 800px\" \/><\/figure>\n<\/div>\n\n\n\n<div class=\"wp-block-column is-layout-flow wp-block-column-is-layout-flow\">\n<h2 class=\"wp-block-heading has-foreground-color has-text-color has-link-color wp-elements-89e79629065e9a3abff0cafe68bdd28d\" style=\"text-transform:uppercase\">TRANCHE DE BALLE DE KATANA  <\/h2>\n\n\n\n<p>La tranche de balles WHITES Katana est l\u2019accessoire ultime pour le chargement et l\u2019alimentation des balles enrubann\u00e9es. Sans quitter la cabine, l\u2019utilisateur peut prendre une balle de la pile, la trancher et la charger. Tout en conservant l\u2019enrubannage de la balle gr\u00e2ce \u00e0 notre syst\u00e8me innovant de r\u00e9tention de l\u2019enrubannage.  <\/p>\n\n\n\n<ul class=\"wp-block-list\">\n<li>Couper la balle et retirer l\u2019emballage de la cabine<\/li>\n\n\n\n<li>Griffes de r\u00e9tention de balles uniques<\/li>\n\n\n\n<li>Les griffes de r\u00e9tention \u00e9pousent la forme de la balle<\/li>\n\n\n\n<li>Fonctionnement de la vanne s\u00e9quentielle\u00a0; 1 seul service requis<\/li>\n\n\n\n<li>Dents en Hardox<\/li>\n\n\n\n<li>Les v\u00e9rins haute puissance assurent une coupe facile et nette<\/li>\n\n\n\n<li>Les v\u00e9rins verticaux offrent une action plus puissante<\/li>\n\n\n\n<li>Patins d\u2019usure HB500 inf\u00e9rieurs<\/li>\n\n\n\n<li>Broches de haute qualit\u00e9<\/li>\n\n\n\n<li>Supports boulonn\u00e9s<\/li>\n\n\n\n<li>490 kg ; convient aux chargeurs de tracteurs et aux chariots t\u00e9lescopiques<\/li>\n<\/ul>\n\n\n\n<div class=\"wp-block-columns is-layout-flex wp-container-core-columns-is-layout-28f84493 wp-block-columns-is-layout-flex\">\n<div class=\"wp-block-column is-layout-flow wp-block-column-is-layout-flow\" style=\"flex-basis:100%\">\n<figure class=\"wp-block-image size-medium is-resized\"><img loading=\"lazy\" decoding=\"async\" width=\"800\" height=\"246\" src=\"https:\/\/www.whitesmh.co.uk\/wp-content\/uploads\/Katana-Bale-Slice2-800x246.jpg\" alt=\"\" class=\"wp-image-1658\" style=\"width:268px;height:auto\" srcset=\"https:\/\/www.whitesmh.co.uk\/wp-content\/uploads\/Katana-Bale-Slice2-800x246.jpg 800w, https:\/\/www.whitesmh.co.uk\/wp-content\/uploads\/Katana-Bale-Slice2-600x184.jpg 600w, https:\/\/www.whitesmh.co.uk\/wp-content\/uploads\/Katana-Bale-Slice2-768x236.jpg 768w\" sizes=\"auto, (max-width: 800px) 100vw, 800px\" \/><\/figure>\n<\/div>\n<\/div>\n\n\n\n<div class=\"wp-block-buttons is-layout-flex wp-block-buttons-is-layout-flex\">\n<div class=\"wp-block-button\"><a class=\"wp-block-button__link wp-element-button\" href=\"https:\/\/www.whitesmh.co.uk\/fr\/contact\/\">CONTACTEZ-NOUS<\/a><\/div>\n\n\n\n<div class=\"wp-block-button\"><a class=\"wp-block-button__link wp-element-button\" href=\"https:\/\/www.whitesmh.co.uk\/fr\/assistance-produit\/\">SOUTIEN PRODUIT<\/a><\/div>\n\n\n\n<div class=\"wp-block-button\"><a class=\"wp-block-button__link wp-element-button\" href=\"https:\/\/www.whitesmh.co.uk\/wp-content\/uploads\/WMH-Data-Sheet-Katana-Bale-Slice-1.pptx\" target=\"_blank\" rel=\"noreferrer noopener\">FICHE<\/a><\/div>\n<\/div>\n<\/div>\n<\/div>\n\n<div class=\"wp-block-group has-primary-background-color has-background is-layout-flow wp-block-group-is-layout-flow\" style=\"margin-top:30px;margin-bottom:30px;padding-top:var(--wp--preset--spacing--40);padding-right:var(--wp--preset--spacing--40);padding-bottom:var(--wp--preset--spacing--40);padding-left:var(--wp--preset--spacing--40)\">\n<h3 class=\"wp-block-heading\">MOD\u00c8LE<\/h3>\n<\/div>\n\n<figure class=\"wp-block-table\"><table><tbody><tr><td class=\"has-text-align-center\" data-align=\"center\"><strong>Mod\u00e8le<\/strong><\/td><td class=\"has-text-align-center\" data-align=\"center\"><strong>Largeur (mm)<\/strong><\/td><td class=\"has-text-align-center\" data-align=\"center\"><strong>B\u00e9liers<\/strong><\/td><td class=\"has-text-align-center\" data-align=\"center\"><strong>Tailles des balles \u2300<\/strong><\/td><\/tr><tr><td class=\"has-text-align-center\" data-align=\"center\">BSL<\/td><td class=\"has-text-align-center\" data-align=\"center\">1900mm<\/td><td class=\"has-text-align-center\" data-align=\"center\">2<\/td><td class=\"has-text-align-center\" data-align=\"center\">1200 \u00e0 1500 mm<\/td><\/tr><\/tbody><\/table><\/figure>\n\n<div class=\"wp-block-group is-layout-flow wp-block-group-is-layout-flow\">\n<div class=\"wp-block-group has-primary-background-color has-background is-layout-flow wp-block-group-is-layout-flow\" style=\"margin-top:30px;margin-bottom:30px;padding-top:var(--wp--preset--spacing--40);padding-right:var(--wp--preset--spacing--40);padding-bottom:var(--wp--preset--spacing--40);padding-left:var(--wp--preset--spacing--40)\">\n<h3 class=\"wp-block-heading\">GALERIE<\/h3>\n<\/div>\n\n\n\n<figure class=\"wp-block-gallery has-nested-images columns-4 is-cropped wp-block-gallery-1 is-layout-flex wp-block-gallery-is-layout-flex\">\n<figure class=\"wp-block-image size-thumbnail\"><a href=\"https:\/\/www.whitesmh.co.uk\/wp-content\/uploads\/BSL-4.jpg\"><img loading=\"lazy\" decoding=\"async\" width=\"400\" height=\"400\" data-id=\"1739\" src=\"https:\/\/www.whitesmh.co.uk\/wp-content\/uploads\/BSL-4-400x400.jpg\" alt=\"\" class=\"wp-image-1739\" srcset=\"https:\/\/www.whitesmh.co.uk\/wp-content\/uploads\/BSL-4-400x400.jpg 400w, https:\/\/www.whitesmh.co.uk\/wp-content\/uploads\/BSL-4-300x300.jpg 300w, https:\/\/www.whitesmh.co.uk\/wp-content\/uploads\/BSL-4-100x100.jpg 100w\" sizes=\"auto, (max-width: 400px) 100vw, 400px\" \/><\/a><\/figure>\n\n\n\n<figure class=\"wp-block-image size-thumbnail\"><a href=\"https:\/\/www.whitesmh.co.uk\/wp-content\/uploads\/BSL-3.jpg\"><img loading=\"lazy\" decoding=\"async\" width=\"400\" height=\"400\" data-id=\"1738\" src=\"https:\/\/www.whitesmh.co.uk\/wp-content\/uploads\/BSL-3-400x400.jpg\" alt=\"\" class=\"wp-image-1738\" srcset=\"https:\/\/www.whitesmh.co.uk\/wp-content\/uploads\/BSL-3-400x400.jpg 400w, https:\/\/www.whitesmh.co.uk\/wp-content\/uploads\/BSL-3-300x300.jpg 300w, https:\/\/www.whitesmh.co.uk\/wp-content\/uploads\/BSL-3-100x100.jpg 100w\" sizes=\"auto, (max-width: 400px) 100vw, 400px\" \/><\/a><\/figure>\n\n\n\n<figure class=\"wp-block-image size-thumbnail\"><a href=\"https:\/\/www.whitesmh.co.uk\/wp-content\/uploads\/BSL-5.jpg\"><img loading=\"lazy\" decoding=\"async\" width=\"400\" height=\"400\" data-id=\"1740\" src=\"https:\/\/www.whitesmh.co.uk\/wp-content\/uploads\/BSL-5-400x400.jpg\" alt=\"\" class=\"wp-image-1740\" srcset=\"https:\/\/www.whitesmh.co.uk\/wp-content\/uploads\/BSL-5-400x400.jpg 400w, https:\/\/www.whitesmh.co.uk\/wp-content\/uploads\/BSL-5-300x300.jpg 300w, https:\/\/www.whitesmh.co.uk\/wp-content\/uploads\/BSL-5-100x100.jpg 100w\" sizes=\"auto, (max-width: 400px) 100vw, 400px\" \/><\/a><\/figure>\n\n\n\n<figure class=\"wp-block-image size-thumbnail\"><a href=\"https:\/\/www.whitesmh.co.uk\/wp-content\/uploads\/BSL-2.jpg\"><img loading=\"lazy\" decoding=\"async\" width=\"400\" height=\"400\" data-id=\"1737\" src=\"https:\/\/www.whitesmh.co.uk\/wp-content\/uploads\/BSL-2-400x400.jpg\" alt=\"\" class=\"wp-image-1737\" srcset=\"https:\/\/www.whitesmh.co.uk\/wp-content\/uploads\/BSL-2-400x400.jpg 400w, https:\/\/www.whitesmh.co.uk\/wp-content\/uploads\/BSL-2-300x300.jpg 300w, https:\/\/www.whitesmh.co.uk\/wp-content\/uploads\/BSL-2-100x100.jpg 100w\" sizes=\"auto, (max-width: 400px) 100vw, 400px\" \/><\/a><\/figure>\n<\/figure>\n<\/div>\n","protected":false},"excerpt":{"rendered":"<p>TRANCHE DE BALLE DE KATANA La tranche de balles WHITES Katana est l\u2019accessoire ultime pour le chargement et l\u2019alimentation des balles enrubann\u00e9es. Sans quitter la cabine, l\u2019utilisateur peut prendre une balle de la pile, la trancher et la charger. Tout en conservant l\u2019enrubannage de la balle gr\u00e2ce \u00e0 notre syst\u00e8me innovant de r\u00e9tention de l\u2019enrubannage.&hellip;<\/p>\n","protected":false},"featured_media":3810,"template":"","meta":{"_acf_changed":false},"product_brand":[],"product_cat":[303,306,305],"product_tag":[],"class_list":{"2":"type-product","9":"product","10":"first","11":"instock","12":"taxable","13":"shipping-taxable","14":"product-type-simple"},"acf":[],"_links":{"self":[{"href":"https:\/\/www.whitesmh.co.uk\/fr\/wp-json\/wp\/v2\/product\/4809","targetHints":{"allow":["GET"]}}],"collection":[{"href":"https:\/\/www.whitesmh.co.uk\/fr\/wp-json\/wp\/v2\/product"}],"about":[{"href":"https:\/\/www.whitesmh.co.uk\/fr\/wp-json\/wp\/v2\/types\/product"}],"wp:featuredmedia":[{"embeddable":true,"href":"https:\/\/www.whitesmh.co.uk\/fr\/wp-json\/wp\/v2\/media\/3810"}],"wp:attachment":[{"href":"https:\/\/www.whitesmh.co.uk\/fr\/wp-json\/wp\/v2\/media?parent=4809"}],"wp:term":[{"taxonomy":"product_brand","embeddable":true,"href":"https:\/\/www.whitesmh.co.uk\/fr\/wp-json\/wp\/v2\/product_brand?post=4809"},{"taxonomy":"product_cat","embeddable":true,"href":"https:\/\/www.whitesmh.co.uk\/fr\/wp-json\/wp\/v2\/product_cat?post=4809"},{"taxonomy":"product_tag","embeddable":true,"href":"https:\/\/www.whitesmh.co.uk\/fr\/wp-json\/wp\/v2\/product_tag?post=4809"}],"curies":[{"name":"wp","href":"https:\/\/api.w.org\/{rel}","templated":true}]}}