{"id":4808,"date":"2024-03-01T08:04:00","date_gmt":"2024-03-01T08:04:00","guid":{"rendered":"https:\/\/www.whitesmh.co.uk\/products\/chasse-neige\/"},"modified":"2024-11-19T12:03:11","modified_gmt":"2024-11-19T12:03:11","slug":"chasse-neige","status":"publish","type":"product","link":"https:\/\/www.whitesmh.co.uk\/fr\/produit\/chasse-neige\/","title":{"rendered":"CHASSE-NEIGE"},"content":{"rendered":"\n<div class=\"wp-block-columns is-layout-flex wp-container-core-columns-is-layout-28f84493 wp-block-columns-is-layout-flex\">\n<div class=\"wp-block-column is-vertically-aligned-center is-layout-flow wp-block-column-is-layout-flow\">\n<figure class=\"wp-block-image size-full\"><img loading=\"lazy\" decoding=\"async\" width=\"1197\" height=\"1197\" src=\"https:\/\/www.whitesmh.co.uk\/wp-content\/uploads\/SP6R28252460WK-A.jpg\" alt=\"\" class=\"wp-image-2726\" srcset=\"https:\/\/www.whitesmh.co.uk\/wp-content\/uploads\/SP6R28252460WK-A.jpg 1197w, https:\/\/www.whitesmh.co.uk\/wp-content\/uploads\/SP6R28252460WK-A-300x300.jpg 300w, https:\/\/www.whitesmh.co.uk\/wp-content\/uploads\/SP6R28252460WK-A-100x100.jpg 100w, https:\/\/www.whitesmh.co.uk\/wp-content\/uploads\/SP6R28252460WK-A-600x600.jpg 600w, https:\/\/www.whitesmh.co.uk\/wp-content\/uploads\/SP6R28252460WK-A-400x400.jpg 400w, https:\/\/www.whitesmh.co.uk\/wp-content\/uploads\/SP6R28252460WK-A-800x800.jpg 800w, https:\/\/www.whitesmh.co.uk\/wp-content\/uploads\/SP6R28252460WK-A-768x768.jpg 768w\" sizes=\"auto, (max-width: 800px) 100vw, 800px\" \/><\/figure>\n<\/div>\n\n\n\n<div class=\"wp-block-column is-layout-flow wp-block-column-is-layout-flow\">\n<h2 class=\"wp-block-heading\" style=\"text-transform:uppercase\">CHASSE-NEIGE<\/h2>\n\n\n\n<p>Le chasse-neige WHITES est une excellente option pour le d\u00e9neigement avec votre chariot t\u00e9lescopique. La lame peut \u00eatre inclin\u00e9e vers la gauche ou la droite pour d\u00e9gager selon les besoins.  <\/p>\n\n\n\n<ul class=\"wp-block-list\">\n<li>Les planches \u00e0 ressorts se replient \u00e0 l\u2019impact<\/li>\n\n\n\n<li>Conception \u00e0 angle \u00e0 4 voies<\/li>\n\n\n\n<li>Roues pivotantes<\/li>\n\n\n\n<li>Options de pivotement hydraulique ou manuel<\/li>\n\n\n\n<li>Bord d\u2019usure rempla\u00e7able<\/li>\n<\/ul>\n\n\n\n<div class=\"wp-block-columns is-layout-flex wp-container-core-columns-is-layout-28f84493 wp-block-columns-is-layout-flex\">\n<div class=\"wp-block-column is-layout-flow wp-block-column-is-layout-flow\" style=\"flex-basis:100%\">\n<figure class=\"wp-block-image size-full is-resized\"><img loading=\"lazy\" decoding=\"async\" width=\"626\" height=\"149\" src=\"https:\/\/www.whitesmh.co.uk\/wp-content\/uploads\/image.png\" alt=\"\" class=\"wp-image-635\" style=\"width:268px;height:auto\" srcset=\"https:\/\/www.whitesmh.co.uk\/wp-content\/uploads\/image.png 626w, https:\/\/www.whitesmh.co.uk\/wp-content\/uploads\/image-600x143.png 600w\" sizes=\"auto, (max-width: 626px) 100vw, 626px\" \/><\/figure>\n<\/div>\n<\/div>\n\n\n\n<div class=\"wp-block-buttons is-layout-flex wp-block-buttons-is-layout-flex\">\n<div class=\"wp-block-button\"><a class=\"wp-block-button__link wp-element-button\" href=\"https:\/\/www.whitesmh.co.uk\/fr\/contact\/\">CONTACTEZ-NOUS<\/a><\/div>\n\n\n\n<div class=\"wp-block-button\"><a class=\"wp-block-button__link wp-element-button\" href=\"https:\/\/www.whitesmh.co.uk\/docs\/snow-ploughs-product-support\/\">SOUTIEN PRODUIT<\/a><\/div>\n<\/div>\n<\/div>\n<\/div>\n\n<div class=\"wp-block-group is-layout-flow wp-block-group-is-layout-flow\">\n<div class=\"wp-block-group has-primary-background-color has-background is-layout-flow wp-block-group-is-layout-flow\" style=\"margin-top:30px;margin-bottom:30px;padding-top:var(--wp--preset--spacing--40);padding-right:var(--wp--preset--spacing--40);padding-bottom:var(--wp--preset--spacing--40);padding-left:var(--wp--preset--spacing--40)\">\n<h3 class=\"wp-block-heading\">MOD\u00c8LE<\/h3>\n<\/div>\n<\/div>\n\n<figure class=\"wp-block-table\"><table><tbody><tr><td class=\"has-text-align-center\" data-align=\"center\"><strong>Num\u00e9ro de pi\u00e8ce<\/strong><\/td><td class=\"has-text-align-center\" data-align=\"center\"><strong>Largeur (mm)<\/strong><\/td><td class=\"has-text-align-center\" data-align=\"center\"><strong>Largeur (pouces)<\/strong><\/td><td class=\"has-text-align-center\" data-align=\"center\"><strong>Aptitude<\/strong><\/td><\/tr><tr><td class=\"has-text-align-center\" data-align=\"center\">SP-6R-2460-WK<\/td><td class=\"has-text-align-center\" data-align=\"center\">2460<\/td><td class=\"has-text-align-center\" data-align=\"center\">97<\/td><td class=\"has-text-align-center\" data-align=\"center\">Chariot t\u00e9lescopique<\/td><\/tr><tr><td class=\"has-text-align-center\" data-align=\"center\">SP-6R-2640-WK<\/td><td class=\"has-text-align-center\" data-align=\"center\">2640<\/td><td class=\"has-text-align-center\" data-align=\"center\">104<\/td><td class=\"has-text-align-center\" data-align=\"center\">Chariot t\u00e9lescopique<\/td><\/tr><\/tbody><\/table><\/figure>\n\n<div class=\"wp-block-group is-layout-constrained wp-block-group-is-layout-constrained\">\n<div class=\"wp-block-group alignfull has-primary-background-color has-background is-layout-flow wp-block-group-is-layout-flow\" style=\"margin-top:30px;margin-bottom:30px;padding-top:var(--wp--preset--spacing--40);padding-right:var(--wp--preset--spacing--40);padding-bottom:var(--wp--preset--spacing--40);padding-left:var(--wp--preset--spacing--40)\">\n<h3 class=\"wp-block-heading\">GALERIE<\/h3>\n<\/div>\n\n\n\n<figure class=\"wp-block-gallery alignfull has-nested-images columns-4 is-cropped wp-block-gallery-1 is-layout-flex wp-block-gallery-is-layout-flex\">\n<figure class=\"wp-block-image size-thumbnail\"><a href=\"https:\/\/www.whitesmh.co.uk\/wp-content\/uploads\/SP6R28252460WK-A.jpg\"><img loading=\"lazy\" decoding=\"async\" width=\"400\" height=\"400\" data-id=\"2726\" src=\"https:\/\/www.whitesmh.co.uk\/wp-content\/uploads\/SP6R28252460WK-A-400x400.jpg\" alt=\"\" class=\"wp-image-2726\" srcset=\"https:\/\/www.whitesmh.co.uk\/wp-content\/uploads\/SP6R28252460WK-A-400x400.jpg 400w, https:\/\/www.whitesmh.co.uk\/wp-content\/uploads\/SP6R28252460WK-A-300x300.jpg 300w, https:\/\/www.whitesmh.co.uk\/wp-content\/uploads\/SP6R28252460WK-A-100x100.jpg 100w, https:\/\/www.whitesmh.co.uk\/wp-content\/uploads\/SP6R28252460WK-A-600x600.jpg 600w, https:\/\/www.whitesmh.co.uk\/wp-content\/uploads\/SP6R28252460WK-A-800x800.jpg 800w, https:\/\/www.whitesmh.co.uk\/wp-content\/uploads\/SP6R28252460WK-A-768x768.jpg 768w, https:\/\/www.whitesmh.co.uk\/wp-content\/uploads\/SP6R28252460WK-A.jpg 1197w\" sizes=\"auto, (max-width: 400px) 100vw, 400px\" \/><\/a><\/figure>\n\n\n\n<figure class=\"wp-block-image size-thumbnail\"><a href=\"https:\/\/www.whitesmh.co.uk\/wp-content\/uploads\/SP6R28252460WK-C.jpg\"><img loading=\"lazy\" decoding=\"async\" width=\"400\" height=\"400\" data-id=\"2728\" src=\"https:\/\/www.whitesmh.co.uk\/wp-content\/uploads\/SP6R28252460WK-C-400x400.jpg\" alt=\"\" class=\"wp-image-2728\" srcset=\"https:\/\/www.whitesmh.co.uk\/wp-content\/uploads\/SP6R28252460WK-C-400x400.jpg 400w, https:\/\/www.whitesmh.co.uk\/wp-content\/uploads\/SP6R28252460WK-C-300x300.jpg 300w, https:\/\/www.whitesmh.co.uk\/wp-content\/uploads\/SP6R28252460WK-C-100x100.jpg 100w\" sizes=\"auto, (max-width: 400px) 100vw, 400px\" \/><\/a><\/figure>\n\n\n\n<figure class=\"wp-block-image size-thumbnail\"><a href=\"https:\/\/www.whitesmh.co.uk\/wp-content\/uploads\/SP6R28252460WK-B.jpg\"><img loading=\"lazy\" decoding=\"async\" width=\"400\" height=\"400\" data-id=\"2727\" src=\"https:\/\/www.whitesmh.co.uk\/wp-content\/uploads\/SP6R28252460WK-B-400x400.jpg\" alt=\"\" class=\"wp-image-2727\" srcset=\"https:\/\/www.whitesmh.co.uk\/wp-content\/uploads\/SP6R28252460WK-B-400x400.jpg 400w, https:\/\/www.whitesmh.co.uk\/wp-content\/uploads\/SP6R28252460WK-B-300x300.jpg 300w, https:\/\/www.whitesmh.co.uk\/wp-content\/uploads\/SP6R28252460WK-B-100x100.jpg 100w\" sizes=\"auto, (max-width: 400px) 100vw, 400px\" \/><\/a><\/figure>\n<\/figure>\n<\/div>\n","protected":false},"excerpt":{"rendered":"<p>CHASSE-NEIGE Le chasse-neige WHITES est une excellente option pour le d\u00e9neigement avec votre chariot t\u00e9lescopique. La lame peut \u00eatre inclin\u00e9e vers la gauche ou la droite pour d\u00e9gager selon les besoins. MOD\u00c8LE Num\u00e9ro de pi\u00e8ce Largeur (mm) Largeur (pouces) Aptitude SP-6R-2460-WK 2460 97 Chariot t\u00e9lescopique SP-6R-2640-WK 2640 104 Chariot t\u00e9lescopique GALERIE<\/p>\n","protected":false},"featured_media":4352,"template":"","meta":{"_acf_changed":false},"product_brand":[],"product_cat":[303],"product_tag":[],"class_list":{"2":"type-product","7":"product","8":"first","9":"instock","10":"taxable","11":"shipping-taxable","12":"product-type-simple"},"acf":[],"_links":{"self":[{"href":"https:\/\/www.whitesmh.co.uk\/fr\/wp-json\/wp\/v2\/product\/4808","targetHints":{"allow":["GET"]}}],"collection":[{"href":"https:\/\/www.whitesmh.co.uk\/fr\/wp-json\/wp\/v2\/product"}],"about":[{"href":"https:\/\/www.whitesmh.co.uk\/fr\/wp-json\/wp\/v2\/types\/product"}],"wp:featuredmedia":[{"embeddable":true,"href":"https:\/\/www.whitesmh.co.uk\/fr\/wp-json\/wp\/v2\/media\/4352"}],"wp:attachment":[{"href":"https:\/\/www.whitesmh.co.uk\/fr\/wp-json\/wp\/v2\/media?parent=4808"}],"wp:term":[{"taxonomy":"product_brand","embeddable":true,"href":"https:\/\/www.whitesmh.co.uk\/fr\/wp-json\/wp\/v2\/product_brand?post=4808"},{"taxonomy":"product_cat","embeddable":true,"href":"https:\/\/www.whitesmh.co.uk\/fr\/wp-json\/wp\/v2\/product_cat?post=4808"},{"taxonomy":"product_tag","embeddable":true,"href":"https:\/\/www.whitesmh.co.uk\/fr\/wp-json\/wp\/v2\/product_tag?post=4808"}],"curies":[{"name":"wp","href":"https:\/\/api.w.org\/{rel}","templated":true}]}}