{"id":4807,"date":"2024-01-30T12:04:53","date_gmt":"2024-01-30T12:04:53","guid":{"rendered":"https:\/\/www.whitesmh.co.uk\/products\/fourches-a-palettes-3\/"},"modified":"2024-11-19T12:02:28","modified_gmt":"2024-11-19T12:02:28","slug":"fourches-a-palettes-3","status":"publish","type":"product","link":"https:\/\/www.whitesmh.co.uk\/fr\/produit\/fourches-a-palettes-3\/","title":{"rendered":"FOURCHES \u00c0 PALETTES"},"content":{"rendered":"\n<div class=\"wp-block-columns is-layout-flex wp-container-core-columns-is-layout-28f84493 wp-block-columns-is-layout-flex\">\n<div class=\"wp-block-column is-vertically-aligned-center is-layout-flow wp-block-column-is-layout-flow\">\n<figure class=\"wp-block-image size-full\"><img loading=\"lazy\" decoding=\"async\" width=\"1504\" height=\"960\" src=\"https:\/\/www.whitesmh.co.uk\/wp-content\/uploads\/PF6A07FA1200.jpg\" alt=\"\" class=\"wp-image-3293\" srcset=\"https:\/\/www.whitesmh.co.uk\/wp-content\/uploads\/PF6A07FA1200.jpg 1504w, https:\/\/www.whitesmh.co.uk\/wp-content\/uploads\/PF6A07FA1200-600x383.jpg 600w, https:\/\/www.whitesmh.co.uk\/wp-content\/uploads\/PF6A07FA1200-800x511.jpg 800w, https:\/\/www.whitesmh.co.uk\/wp-content\/uploads\/PF6A07FA1200-768x490.jpg 768w\" sizes=\"auto, (max-width: 800px) 100vw, 800px\" \/><\/figure>\n<\/div>\n\n\n\n<div class=\"wp-block-column is-layout-flow wp-block-column-is-layout-flow\">\n<h2 class=\"wp-block-heading\" style=\"text-transform:uppercase\">FOURCHES \u00c0 PALETTES<\/h2>\n\n\n\n<p>La gamme de tabliers \u00e0 fourches WHITES peut \u00eatre fournie avec ou sans fourches et convient \u00e0 tous les types de fourches \u00e0 palettes OEM. Le principal avantage d\u2019un syst\u00e8me de chariot de fourche \u00e0 palettes est que les fourches \u00e0 palettes peuvent \u00eatre transform\u00e9es en accessoire sans aucune manipulation manuelle.  <\/p>\n\n\n\n<ul class=\"wp-block-list\">\n<li>Retirez les fourches en toute s\u00e9curit\u00e9 sans manipulation manuelle<\/li>\n\n\n\n<li>Des mod\u00e8les adapt\u00e9s \u00e0 tous les styles de fourches OEM  <\/li>\n\n\n\n<li>Disponible avec ou sans fourches \u00e0 palettes  <\/li>\n\n\n\n<li>Options de protection de charge  <\/li>\n\n\n\n<li>Options d\u2019attache de fourche ; Transport routier s\u00fbr  <\/li>\n\n\n\n<li>Correspondance de la capacit\u00e9 de levage de la machine h\u00f4te  <\/li>\n\n\n\n<li>Conceptions approuv\u00e9es par les \u00e9quipementiers  <\/li>\n<\/ul>\n\n\n\n<div class=\"wp-block-columns is-layout-flex wp-container-core-columns-is-layout-28f84493 wp-block-columns-is-layout-flex\">\n<div class=\"wp-block-column is-layout-flow wp-block-column-is-layout-flow\" style=\"flex-basis:100%\">\n<figure class=\"wp-block-image size-medium is-resized\"><img loading=\"lazy\" decoding=\"async\" width=\"300\" height=\"71\" src=\"https:\/\/www.whitesmh.co.uk\/wp-content\/uploads\/2023\/09\/Made-in-Britain2-300x71.png\" alt=\"\" class=\"wp-image-237\" style=\"width:268px;height:auto\" srcset=\"https:\/\/www.whitesmh.co.uk\/wp-content\/uploads\/2023\/09\/Made-in-Britain2-300x71.png 300w, https:\/\/www.whitesmh.co.uk\/wp-content\/uploads\/2023\/09\/Made-in-Britain2-600x143.png 600w, https:\/\/www.whitesmh.co.uk\/wp-content\/uploads\/2023\/09\/Made-in-Britain2.png 626w\" sizes=\"auto, (max-width: 300px) 100vw, 300px\" \/><\/figure>\n<\/div>\n<\/div>\n\n\n\n<div class=\"wp-block-buttons is-layout-flex wp-block-buttons-is-layout-flex\">\n<div class=\"wp-block-button\"><a class=\"wp-block-button__link wp-element-button\" href=\"https:\/\/www.whitesmh.co.uk\/fr\/contact\/\">CONTACTEZ-NOUS<\/a><\/div>\n\n\n\n<div class=\"wp-block-button\"><a class=\"wp-block-button__link wp-element-button\" href=\"https:\/\/www.whitesmh.co.uk\/wp-content\/uploads\/Round-Bar-Forks.jpg\">SPECIALS &#8211; FOURCHES \u00c0 BARRE RONDE<\/a><\/div>\n\n\n\n<div class=\"wp-block-button\"><a class=\"wp-block-button__link wp-element-button\" href=\"https:\/\/www.whitesmh.co.uk\/wp-content\/uploads\/ITA-Forks.pdf\">SP\u00c9CIAUX &#8211; ITA FORKS<\/a><\/div>\n<\/div>\n\n\n\n<p><\/p>\n\n\n\n<p><em>Vous cherchez quelque chose de diff\u00e9rent ? Cliquez sur ce qui pr\u00e9c\u00e8de et remplissez le formulaire correspondant \u00e0 vos besoins exacts.<\/em><\/p>\n<\/div>\n<\/div>\n\n<div class=\"wp-block-group is-layout-constrained wp-block-group-is-layout-constrained\">\n<div class=\"wp-block-group alignfull has-primary-background-color has-background is-layout-flow wp-block-group-is-layout-flow\" style=\"margin-top:30px;margin-bottom:30px;padding-top:var(--wp--preset--spacing--40);padding-right:var(--wp--preset--spacing--40);padding-bottom:var(--wp--preset--spacing--40);padding-left:var(--wp--preset--spacing--40)\">\n<h3 class=\"wp-block-heading\">MOD\u00c8LE<\/h3>\n<\/div>\n<\/div>\n\n<figure class=\"wp-block-table\"><table><tbody><tr><td class=\"has-text-align-center\" data-align=\"center\"><strong>Type<\/strong><\/td><td class=\"has-text-align-center\" data-align=\"center\"><strong>Num\u00e9ro de pi\u00e8ce<\/strong><\/td><td class=\"has-text-align-center\" data-align=\"center\"><strong>Capacit\u00e9<\/strong><\/td><td class=\"has-text-align-center\" data-align=\"center\"><strong>Fourchettes<\/strong><\/td><td class=\"has-text-align-center\" data-align=\"center\"><strong>Largeur<\/strong><\/td><\/tr><tr><td class=\"has-text-align-center\" data-align=\"center\">Fourches et cadre flottants avec attache de fourche<\/td><td class=\"has-text-align-center\" data-align=\"center\">PF-5A-1200<\/td><td class=\"has-text-align-center\" data-align=\"center\">4500kg<\/td><td class=\"has-text-align-center\" data-align=\"center\">1200mm<\/td><td class=\"has-text-align-center\" data-align=\"center\">1100mm<\/td><\/tr><tr><td class=\"has-text-align-center\" data-align=\"center\">Fourches fixes ITA\/FEM2B avec cadre<\/td><td class=\"has-text-align-center\" data-align=\"center\">PFB21200<\/td><td class=\"has-text-align-center\" data-align=\"center\">2000kg<\/td><td class=\"has-text-align-center\" data-align=\"center\">1200mm<\/td><td class=\"has-text-align-center\" data-align=\"center\">1100mm<\/td><\/tr><tr><td class=\"has-text-align-center\" data-align=\"center\">Fourches fixes ITA\/FEM2B avec cadre<\/td><td class=\"has-text-align-center\" data-align=\"center\">PF3B1200<\/td><td class=\"has-text-align-center\" data-align=\"center\">3000kg<\/td><td class=\"has-text-align-center\" data-align=\"center\">1200mm<\/td><td class=\"has-text-align-center\" data-align=\"center\">1100mm<\/td><\/tr><tr><td class=\"has-text-align-center\" data-align=\"center\">Fourches fixes ITA\/FEM3B avec cadre<\/td><td class=\"has-text-align-center\" data-align=\"center\">PF3B1200<\/td><td class=\"has-text-align-center\" data-align=\"center\">4500kg<\/td><td class=\"has-text-align-center\" data-align=\"center\">1200mm<\/td><td class=\"has-text-align-center\" data-align=\"center\">1100mm<\/td><\/tr><tr><td class=\"has-text-align-center\" data-align=\"center\">Protection de charge boulonn\u00e9e<\/td><td class=\"has-text-align-center\" data-align=\"center\">LG<\/td><td class=\"has-text-align-center\" data-align=\"center\">N\/A<\/td><td class=\"has-text-align-center\" data-align=\"center\">N\/A<\/td><td class=\"has-text-align-center\" data-align=\"center\">1100mm<\/td><\/tr><tr><td class=\"has-text-align-center\" data-align=\"center\">Porte-fourche Merlo pour fourches \u00e0 palettes Merlo AG<\/td><td class=\"has-text-align-center\" data-align=\"center\">R\u00e9f\u00e9rence CF5428<\/td><td class=\"has-text-align-center\" data-align=\"center\">4200kg<\/td><td class=\"has-text-align-center\" data-align=\"center\">N\/A<\/td><td class=\"has-text-align-center\" data-align=\"center\">1000mm<\/td><\/tr><tr><td class=\"has-text-align-center\" data-align=\"center\">Porte-fourches Matbro pour fourches \u00e0 palettes Merlo AG<\/td><td class=\"has-text-align-center\" data-align=\"center\">CF30015426<\/td><td class=\"has-text-align-center\" data-align=\"center\">4200kg<\/td><td class=\"has-text-align-center\" data-align=\"center\">N\/A<\/td><td class=\"has-text-align-center\" data-align=\"center\">1000mm<\/td><\/tr><tr><td class=\"has-text-align-center\" data-align=\"center\">JCB Q-Fit Porte-fourche pour fourches \u00e0 palettes Merlo AG<\/td><td class=\"has-text-align-center\" data-align=\"center\">CF07FA5426<\/td><td class=\"has-text-align-center\" data-align=\"center\">4200kg<\/td><td class=\"has-text-align-center\" data-align=\"center\">N\/A<\/td><td class=\"has-text-align-center\" data-align=\"center\">1000mm<\/td><\/tr><tr><td class=\"has-text-align-center\" data-align=\"center\">Manitou Porte-fourches pour fourches \u00e0 palettes Merlo AG<\/td><td class=\"has-text-align-center\" data-align=\"center\">CF28ML5426<\/td><td class=\"has-text-align-center\" data-align=\"center\">4200kg<\/td><td class=\"has-text-align-center\" data-align=\"center\">N\/A<\/td><td class=\"has-text-align-center\" data-align=\"center\">1000mm<\/td><\/tr><\/tbody><\/table><\/figure>\n\n<div class=\"wp-block-group is-layout-flow wp-block-group-is-layout-flow\">\n<div class=\"wp-block-group has-primary-background-color has-background is-layout-flow wp-block-group-is-layout-flow\" style=\"margin-top:30px;margin-bottom:30px;padding-top:var(--wp--preset--spacing--40);padding-right:var(--wp--preset--spacing--40);padding-bottom:var(--wp--preset--spacing--40);padding-left:var(--wp--preset--spacing--40)\">\n<h3 class=\"wp-block-heading\">FOURCHES FLOTTANTES<\/h3>\n<\/div>\n\n\n\n<figure class=\"wp-block-gallery has-nested-images columns-4 is-cropped wp-block-gallery-1 is-layout-flex wp-block-gallery-is-layout-flex\">\n<figure class=\"wp-block-image size-large\"><a href=\"https:\/\/www.whitesmh.co.uk\/wp-content\/uploads\/PSX_20240508_084137.jpg\"><img loading=\"lazy\" decoding=\"async\" width=\"1400\" height=\"1050\" data-id=\"3300\" src=\"https:\/\/www.whitesmh.co.uk\/wp-content\/uploads\/PSX_20240508_084137-1400x1050.jpg\" alt=\"\" class=\"wp-image-3300\" srcset=\"https:\/\/www.whitesmh.co.uk\/wp-content\/uploads\/PSX_20240508_084137-1400x1050.jpg 1400w, https:\/\/www.whitesmh.co.uk\/wp-content\/uploads\/PSX_20240508_084137-600x450.jpg 600w, https:\/\/www.whitesmh.co.uk\/wp-content\/uploads\/PSX_20240508_084137-800x600.jpg 800w, https:\/\/www.whitesmh.co.uk\/wp-content\/uploads\/PSX_20240508_084137-768x576.jpg 768w\" sizes=\"auto, (max-width: 800px) 100vw, 800px\" \/><\/a><\/figure>\n\n\n\n<figure class=\"wp-block-image size-large\"><a href=\"https:\/\/www.whitesmh.co.uk\/wp-content\/uploads\/PSX_20240508_084639-scaled.jpg\"><img loading=\"lazy\" decoding=\"async\" width=\"1400\" height=\"1282\" data-id=\"3301\" src=\"https:\/\/www.whitesmh.co.uk\/wp-content\/uploads\/PSX_20240508_084639-1400x1282.jpg\" alt=\"\" class=\"wp-image-3301\" srcset=\"https:\/\/www.whitesmh.co.uk\/wp-content\/uploads\/PSX_20240508_084639-1400x1282.jpg 1400w, https:\/\/www.whitesmh.co.uk\/wp-content\/uploads\/PSX_20240508_084639-scaled-600x550.jpg 600w, https:\/\/www.whitesmh.co.uk\/wp-content\/uploads\/PSX_20240508_084639-800x733.jpg 800w, https:\/\/www.whitesmh.co.uk\/wp-content\/uploads\/PSX_20240508_084639-768x704.jpg 768w\" sizes=\"auto, (max-width: 800px) 100vw, 800px\" \/><\/a><\/figure>\n\n\n\n<figure class=\"wp-block-image size-large\"><a href=\"https:\/\/www.whitesmh.co.uk\/wp-content\/uploads\/PSX_20240508_084924-scaled.jpg\"><img loading=\"lazy\" decoding=\"async\" width=\"1400\" height=\"1050\" data-id=\"3303\" src=\"https:\/\/www.whitesmh.co.uk\/wp-content\/uploads\/PSX_20240508_084924-1400x1050.jpg\" alt=\"\" class=\"wp-image-3303\" srcset=\"https:\/\/www.whitesmh.co.uk\/wp-content\/uploads\/PSX_20240508_084924-1400x1050.jpg 1400w, https:\/\/www.whitesmh.co.uk\/wp-content\/uploads\/PSX_20240508_084924-scaled-600x450.jpg 600w, https:\/\/www.whitesmh.co.uk\/wp-content\/uploads\/PSX_20240508_084924-800x600.jpg 800w, https:\/\/www.whitesmh.co.uk\/wp-content\/uploads\/PSX_20240508_084924-768x576.jpg 768w\" sizes=\"auto, (max-width: 800px) 100vw, 800px\" \/><\/a><\/figure>\n\n\n\n<figure class=\"wp-block-image size-large\"><a href=\"https:\/\/www.whitesmh.co.uk\/wp-content\/uploads\/PSX_20240508_085116-scaled.jpg\"><img loading=\"lazy\" decoding=\"async\" width=\"1400\" height=\"1050\" data-id=\"3302\" src=\"https:\/\/www.whitesmh.co.uk\/wp-content\/uploads\/PSX_20240508_085116-1400x1050.jpg\" alt=\"\" class=\"wp-image-3302\" srcset=\"https:\/\/www.whitesmh.co.uk\/wp-content\/uploads\/PSX_20240508_085116-1400x1050.jpg 1400w, https:\/\/www.whitesmh.co.uk\/wp-content\/uploads\/PSX_20240508_085116-scaled-600x450.jpg 600w, https:\/\/www.whitesmh.co.uk\/wp-content\/uploads\/PSX_20240508_085116-800x600.jpg 800w, https:\/\/www.whitesmh.co.uk\/wp-content\/uploads\/PSX_20240508_085116-768x576.jpg 768w\" sizes=\"auto, (max-width: 800px) 100vw, 800px\" \/><\/a><\/figure>\n<\/figure>\n\n\n\n<div class=\"wp-block-group has-primary-background-color has-background is-layout-flow wp-block-group-is-layout-flow\" style=\"margin-top:30px;margin-bottom:30px;padding-top:var(--wp--preset--spacing--40);padding-right:var(--wp--preset--spacing--40);padding-bottom:var(--wp--preset--spacing--40);padding-left:var(--wp--preset--spacing--40)\">\n<h3 class=\"wp-block-heading\">ITA\/FEM<\/h3>\n<\/div>\n\n\n\n<figure class=\"wp-block-gallery has-nested-images columns-4 is-cropped wp-block-gallery-2 is-layout-flex wp-block-gallery-is-layout-flex\">\n<figure class=\"wp-block-image size-large\"><a href=\"https:\/\/www.whitesmh.co.uk\/wp-content\/uploads\/CF6A07FA.jpg\"><img loading=\"lazy\" decoding=\"async\" width=\"1400\" height=\"894\" data-id=\"3292\" src=\"https:\/\/www.whitesmh.co.uk\/wp-content\/uploads\/CF6A07FA-1400x894.jpg\" alt=\"\" class=\"wp-image-3292\" srcset=\"https:\/\/www.whitesmh.co.uk\/wp-content\/uploads\/CF6A07FA-1400x894.jpg 1400w, https:\/\/www.whitesmh.co.uk\/wp-content\/uploads\/CF6A07FA-600x383.jpg 600w, https:\/\/www.whitesmh.co.uk\/wp-content\/uploads\/CF6A07FA-800x511.jpg 800w, https:\/\/www.whitesmh.co.uk\/wp-content\/uploads\/CF6A07FA-768x490.jpg 768w\" sizes=\"auto, (max-width: 800px) 100vw, 800px\" \/><\/a><figcaption class=\"wp-element-caption\">ITA\/FEM 3 \u2013 CADRE QFIT<\/figcaption><\/figure>\n\n\n\n<figure class=\"wp-block-image size-large\"><a href=\"https:\/\/www.whitesmh.co.uk\/wp-content\/uploads\/CF6AGU.jpg\"><img loading=\"lazy\" decoding=\"async\" width=\"1400\" height=\"894\" data-id=\"3294\" src=\"https:\/\/www.whitesmh.co.uk\/wp-content\/uploads\/CF6AGU-1400x894.jpg\" alt=\"\" class=\"wp-image-3294\" srcset=\"https:\/\/www.whitesmh.co.uk\/wp-content\/uploads\/CF6AGU-1400x894.jpg 1400w, https:\/\/www.whitesmh.co.uk\/wp-content\/uploads\/CF6AGU-600x383.jpg 600w, https:\/\/www.whitesmh.co.uk\/wp-content\/uploads\/CF6AGU-800x511.jpg 800w, https:\/\/www.whitesmh.co.uk\/wp-content\/uploads\/CF6AGU-768x490.jpg 768w\" sizes=\"auto, (max-width: 800px) 100vw, 800px\" \/><\/a><figcaption class=\"wp-element-caption\">PROTECTION DE CHARGE BOULONN\u00c9E<\/figcaption><\/figure>\n\n\n\n<figure class=\"wp-block-image size-large\"><a href=\"https:\/\/www.whitesmh.co.uk\/wp-content\/uploads\/PF6A07FA1200-NO-FORKS.jpg\"><img loading=\"lazy\" decoding=\"async\" width=\"1400\" height=\"894\" data-id=\"3295\" src=\"https:\/\/www.whitesmh.co.uk\/wp-content\/uploads\/PF6A07FA1200-NO-FORKS-1400x894.jpg\" alt=\"\" class=\"wp-image-3295\" srcset=\"https:\/\/www.whitesmh.co.uk\/wp-content\/uploads\/PF6A07FA1200-NO-FORKS-1400x894.jpg 1400w, https:\/\/www.whitesmh.co.uk\/wp-content\/uploads\/PF6A07FA1200-NO-FORKS-600x383.jpg 600w, https:\/\/www.whitesmh.co.uk\/wp-content\/uploads\/PF6A07FA1200-NO-FORKS-800x511.jpg 800w, https:\/\/www.whitesmh.co.uk\/wp-content\/uploads\/PF6A07FA1200-NO-FORKS-768x490.jpg 768w\" sizes=\"auto, (max-width: 800px) 100vw, 800px\" \/><\/a><figcaption class=\"wp-element-caption\">ITA\/FEM 3 \u2013 CADRE QFIT ET PROTECTION DE CHARGE<\/figcaption><\/figure>\n\n\n\n<figure class=\"wp-block-image size-large\"><a href=\"https:\/\/www.whitesmh.co.uk\/wp-content\/uploads\/PF6A07FA1200.jpg\"><img loading=\"lazy\" decoding=\"async\" width=\"1400\" height=\"894\" data-id=\"3293\" src=\"https:\/\/www.whitesmh.co.uk\/wp-content\/uploads\/PF6A07FA1200-1400x894.jpg\" alt=\"\" class=\"wp-image-3293\" srcset=\"https:\/\/www.whitesmh.co.uk\/wp-content\/uploads\/PF6A07FA1200-1400x894.jpg 1400w, https:\/\/www.whitesmh.co.uk\/wp-content\/uploads\/PF6A07FA1200-600x383.jpg 600w, https:\/\/www.whitesmh.co.uk\/wp-content\/uploads\/PF6A07FA1200-800x511.jpg 800w, https:\/\/www.whitesmh.co.uk\/wp-content\/uploads\/PF6A07FA1200-768x490.jpg 768w\" sizes=\"auto, (max-width: 800px) 100vw, 800px\" \/><\/a><figcaption class=\"wp-element-caption\">ITA\/FEM 3 \u2013 CADRE, FOURCHES ET PROTECTION DE CHARGE QFIT<\/figcaption><\/figure>\n<\/figure>\n\n\n\n<div class=\"wp-block-group has-primary-background-color has-background is-layout-flow wp-block-group-is-layout-flow\" style=\"margin-top:30px;margin-bottom:30px;padding-top:var(--wp--preset--spacing--40);padding-right:var(--wp--preset--spacing--40);padding-bottom:var(--wp--preset--spacing--40);padding-left:var(--wp--preset--spacing--40)\">\n<h3 class=\"wp-block-heading\">VOITURES MERLO<\/h3>\n<\/div>\n\n\n\n<figure class=\"wp-block-gallery has-nested-images columns-4 is-cropped wp-block-gallery-3 is-layout-flex wp-block-gallery-is-layout-flex\">\n<figure class=\"wp-block-image size-thumbnail\"><a href=\"https:\/\/www.whitesmh.co.uk\/wp-content\/uploads\/4130dfd0-11b8-465d-9f88-281b1a8bef5c.jpeg\"><img loading=\"lazy\" decoding=\"async\" width=\"400\" height=\"400\" data-id=\"2550\" src=\"https:\/\/www.whitesmh.co.uk\/wp-content\/uploads\/4130dfd0-11b8-465d-9f88-281b1a8bef5c-400x400.jpeg\" alt=\"\" class=\"wp-image-2550\" srcset=\"https:\/\/www.whitesmh.co.uk\/wp-content\/uploads\/4130dfd0-11b8-465d-9f88-281b1a8bef5c-400x400.jpeg 400w, https:\/\/www.whitesmh.co.uk\/wp-content\/uploads\/4130dfd0-11b8-465d-9f88-281b1a8bef5c-300x300.jpeg 300w, https:\/\/www.whitesmh.co.uk\/wp-content\/uploads\/4130dfd0-11b8-465d-9f88-281b1a8bef5c-100x100.jpeg 100w\" sizes=\"auto, (max-width: 400px) 100vw, 400px\" \/><\/a><figcaption class=\"wp-element-caption\">JCB Q-Fit Porte-fourche pour fourches \u00e0 palettes Merlo AG<\/figcaption><\/figure>\n\n\n\n<figure class=\"wp-block-image size-thumbnail\"><a href=\"https:\/\/www.whitesmh.co.uk\/wp-content\/uploads\/886bcd2c-192e-4964-9b6e-78c5e0addcd7.jpeg\"><img loading=\"lazy\" decoding=\"async\" width=\"400\" height=\"400\" data-id=\"2549\" src=\"https:\/\/www.whitesmh.co.uk\/wp-content\/uploads\/886bcd2c-192e-4964-9b6e-78c5e0addcd7-400x400.jpeg\" alt=\"\" class=\"wp-image-2549\" srcset=\"https:\/\/www.whitesmh.co.uk\/wp-content\/uploads\/886bcd2c-192e-4964-9b6e-78c5e0addcd7-400x400.jpeg 400w, https:\/\/www.whitesmh.co.uk\/wp-content\/uploads\/886bcd2c-192e-4964-9b6e-78c5e0addcd7-300x300.jpeg 300w, https:\/\/www.whitesmh.co.uk\/wp-content\/uploads\/886bcd2c-192e-4964-9b6e-78c5e0addcd7-100x100.jpeg 100w\" sizes=\"auto, (max-width: 400px) 100vw, 400px\" \/><\/a><figcaption class=\"wp-element-caption\">JCB Q-Fit Porte-fourche pour fourches \u00e0 palettes Merlo AG<\/figcaption><\/figure>\n\n\n\n<figure class=\"wp-block-image size-thumbnail\"><a href=\"https:\/\/www.whitesmh.co.uk\/wp-content\/uploads\/18ea4d83-6b07-4e6e-8dec-6c1b75770141.jpeg\"><img loading=\"lazy\" decoding=\"async\" width=\"400\" height=\"400\" data-id=\"2547\" src=\"https:\/\/www.whitesmh.co.uk\/wp-content\/uploads\/18ea4d83-6b07-4e6e-8dec-6c1b75770141-400x400.jpeg\" alt=\"\" class=\"wp-image-2547\" srcset=\"https:\/\/www.whitesmh.co.uk\/wp-content\/uploads\/18ea4d83-6b07-4e6e-8dec-6c1b75770141-400x400.jpeg 400w, https:\/\/www.whitesmh.co.uk\/wp-content\/uploads\/18ea4d83-6b07-4e6e-8dec-6c1b75770141-300x300.jpeg 300w, https:\/\/www.whitesmh.co.uk\/wp-content\/uploads\/18ea4d83-6b07-4e6e-8dec-6c1b75770141-100x100.jpeg 100w\" sizes=\"auto, (max-width: 400px) 100vw, 400px\" \/><\/a><figcaption class=\"wp-element-caption\">Porte-fourches Matbro pour fourches \u00e0 palettes Merlo AG<\/figcaption><\/figure>\n\n\n\n<figure class=\"wp-block-image size-thumbnail\"><a href=\"https:\/\/www.whitesmh.co.uk\/wp-content\/uploads\/44ee290a-c594-4534-b494-9f596aa79110.jpeg\"><img loading=\"lazy\" decoding=\"async\" width=\"400\" height=\"400\" data-id=\"2548\" src=\"https:\/\/www.whitesmh.co.uk\/wp-content\/uploads\/44ee290a-c594-4534-b494-9f596aa79110-400x400.jpeg\" alt=\"\" class=\"wp-image-2548\" srcset=\"https:\/\/www.whitesmh.co.uk\/wp-content\/uploads\/44ee290a-c594-4534-b494-9f596aa79110-400x400.jpeg 400w, https:\/\/www.whitesmh.co.uk\/wp-content\/uploads\/44ee290a-c594-4534-b494-9f596aa79110-300x300.jpeg 300w, https:\/\/www.whitesmh.co.uk\/wp-content\/uploads\/44ee290a-c594-4534-b494-9f596aa79110-100x100.jpeg 100w\" sizes=\"auto, (max-width: 400px) 100vw, 400px\" \/><\/a><figcaption class=\"wp-element-caption\">Porte-fourches Matbro pour fourches \u00e0 palettes Merlo AG<\/figcaption><\/figure>\n<\/figure>\n<\/div>\n","protected":false},"excerpt":{"rendered":"<p>FOURCHES \u00c0 PALETTES La gamme de tabliers \u00e0 fourches WHITES peut \u00eatre fournie avec ou sans fourches et convient \u00e0 tous les types de fourches \u00e0 palettes OEM. Le principal avantage d\u2019un syst\u00e8me de chariot de fourche \u00e0 palettes est que les fourches \u00e0 palettes peuvent \u00eatre transform\u00e9es en accessoire sans aucune manipulation manuelle. Vous&hellip;<\/p>\n","protected":false},"featured_media":9197,"template":"","meta":{"_acf_changed":false},"product_brand":[],"product_cat":[303,305],"product_tag":[],"class_list":{"2":"type-product","8":"product","9":"first","10":"instock","11":"taxable","12":"shipping-taxable","13":"product-type-simple"},"acf":[],"_links":{"self":[{"href":"https:\/\/www.whitesmh.co.uk\/fr\/wp-json\/wp\/v2\/product\/4807","targetHints":{"allow":["GET"]}}],"collection":[{"href":"https:\/\/www.whitesmh.co.uk\/fr\/wp-json\/wp\/v2\/product"}],"about":[{"href":"https:\/\/www.whitesmh.co.uk\/fr\/wp-json\/wp\/v2\/types\/product"}],"wp:featuredmedia":[{"embeddable":true,"href":"https:\/\/www.whitesmh.co.uk\/fr\/wp-json\/wp\/v2\/media\/9197"}],"wp:attachment":[{"href":"https:\/\/www.whitesmh.co.uk\/fr\/wp-json\/wp\/v2\/media?parent=4807"}],"wp:term":[{"taxonomy":"product_brand","embeddable":true,"href":"https:\/\/www.whitesmh.co.uk\/fr\/wp-json\/wp\/v2\/product_brand?post=4807"},{"taxonomy":"product_cat","embeddable":true,"href":"https:\/\/www.whitesmh.co.uk\/fr\/wp-json\/wp\/v2\/product_cat?post=4807"},{"taxonomy":"product_tag","embeddable":true,"href":"https:\/\/www.whitesmh.co.uk\/fr\/wp-json\/wp\/v2\/product_tag?post=4807"}],"curies":[{"name":"wp","href":"https:\/\/api.w.org\/{rel}","templated":true}]}}