{"id":4802,"date":"2023-11-22T16:01:35","date_gmt":"2023-11-22T16:01:35","guid":{"rendered":"https:\/\/www.whitesmh.co.uk\/products\/sac-de-remplissage-de-sacs-bag-x\/"},"modified":"2024-11-19T12:01:36","modified_gmt":"2024-11-19T12:01:36","slug":"sac-de-remplissage-de-sacs-bag-x","status":"publish","type":"product","link":"https:\/\/www.whitesmh.co.uk\/fr\/produit\/sac-de-remplissage-de-sacs-bag-x\/","title":{"rendered":"Sac de remplissage de sacs Bag-X"},"content":{"rendered":"\n<div class=\"wp-block-columns is-layout-flex wp-container-core-columns-is-layout-28f84493 wp-block-columns-is-layout-flex\">\n<div class=\"wp-block-column is-vertically-aligned-center is-layout-flow wp-block-column-is-layout-flow\">\n<figure class=\"wp-block-image size-full\"><img loading=\"lazy\" decoding=\"async\" width=\"1140\" height=\"870\" src=\"https:\/\/www.whitesmh.co.uk\/wp-content\/uploads\/BFB0607X3-a-1.jpg\" alt=\"\" class=\"wp-image-1595\" srcset=\"https:\/\/www.whitesmh.co.uk\/wp-content\/uploads\/BFB0607X3-a-1.jpg 1140w, https:\/\/www.whitesmh.co.uk\/wp-content\/uploads\/BFB0607X3-a-1-600x458.jpg 600w, https:\/\/www.whitesmh.co.uk\/wp-content\/uploads\/BFB0607X3-a-1-800x611.jpg 800w, https:\/\/www.whitesmh.co.uk\/wp-content\/uploads\/BFB0607X3-a-1-768x586.jpg 768w\" sizes=\"auto, (max-width: 800px) 100vw, 800px\" \/><\/figure>\n<\/div>\n\n\n\n<div class=\"wp-block-column is-layout-flow wp-block-column-is-layout-flow\">\n<h2 class=\"wp-block-heading\" style=\"text-transform:uppercase\">SAC DE REMPLISSAGE DE SACS BAG-X<\/h2>\n\n\n\n<p>Le seau de remplissage de sacs WHITES BAG-X est l\u2019accessoire ultime pour gagner du temps et augmenter l\u2019efficacit\u00e9 du chargement. Une foule de fonctionnalit\u00e9s remarquables en font un v\u00e9ritable leader du march\u00e9.<\/p>\n\n\n\n<ul class=\"wp-block-list\">\n<li>Chargez jusqu\u2019\u00e0 45 bagages par heure<\/li>\n\n\n\n<li>Id\u00e9al pour le sable, la pierre, les granulats, le gravier  <\/li>\n\n\n\n<li>0,60 m3<\/li>\n\n\n\n<li>V\u00e9rin horizontal &#8211; sans syst\u00e8me de cha\u00eene<\/li>\n\n\n\n<li>Protection de b\u00e9lier<\/li>\n\n\n\n<li>Les c\u00f4t\u00e9s incurv\u00e9s et la protection offrent une protection contre les \u00e9claboussures<\/li>\n\n\n\n<li>Portes inclin\u00e9es avec protection lat\u00e9rale contre les \u00e9claboussures<\/li>\n\n\n\n<li>Lame de coupe et patins d\u2019usure HB500<\/li>\n\n\n\n<li>HB500 boulonn\u00e9 sur plaque d\u2019orteil r\u00e9versible<\/li>\n\n\n\n<li>Goussets de godet internes<\/li>\n\n\n\n<li>Places de stationnement QRC  <\/li>\n\n\n\n<li>Supports boulonn\u00e9s<\/li>\n<\/ul>\n\n\n\n<div class=\"wp-block-columns is-layout-flex wp-container-core-columns-is-layout-28f84493 wp-block-columns-is-layout-flex\">\n<div class=\"wp-block-column is-layout-flow wp-block-column-is-layout-flow\" style=\"flex-basis:100%\">\n<figure class=\"wp-block-image size-medium is-resized\"><img loading=\"lazy\" decoding=\"async\" width=\"800\" height=\"306\" src=\"https:\/\/www.whitesmh.co.uk\/wp-content\/uploads\/BAG-X-Logo1-800x306.jpg\" alt=\"\" class=\"wp-image-1596\" style=\"width:268px;height:auto\" srcset=\"https:\/\/www.whitesmh.co.uk\/wp-content\/uploads\/BAG-X-Logo1-800x306.jpg 800w, https:\/\/www.whitesmh.co.uk\/wp-content\/uploads\/BAG-X-Logo1-600x230.jpg 600w, https:\/\/www.whitesmh.co.uk\/wp-content\/uploads\/BAG-X-Logo1-768x294.jpg 768w\" sizes=\"auto, (max-width: 800px) 100vw, 800px\" \/><\/figure>\n<\/div>\n<\/div>\n\n\n\n<div class=\"wp-block-buttons is-layout-flex wp-block-buttons-is-layout-flex\">\n<div class=\"wp-block-button\"><a class=\"wp-block-button__link wp-element-button\" href=\"https:\/\/www.whitesmh.co.uk\/fr\/contact\/\">CONTACTEZ-NOUS<\/a><\/div>\n\n\n\n<div class=\"wp-block-button\"><a class=\"wp-block-button__link wp-element-button\" href=\"https:\/\/www.whitesmh.co.uk\/fr\/assistance-produit\/\">SOUTIEN PRODUIT<\/a><\/div>\n\n\n\n<div class=\"wp-block-button\"><a class=\"wp-block-button__link wp-element-button\" href=\"https:\/\/www.whitesmh.co.uk\/wp-content\/uploads\/WMH-Data-Sheet-Bag-X-Bag-Filling-Bucket-1.pptx\">FICHE<\/a><\/div>\n<\/div>\n<\/div>\n<\/div>\n\n<div class=\"wp-block-group has-primary-background-color has-background is-layout-flow wp-block-group-is-layout-flow\" style=\"margin-top:30px;margin-bottom:30px;padding-top:var(--wp--preset--spacing--40);padding-right:var(--wp--preset--spacing--40);padding-bottom:var(--wp--preset--spacing--40);padding-left:var(--wp--preset--spacing--40)\">\n<h3 class=\"wp-block-heading\">MOD\u00c8LE<\/h3>\n<\/div>\n\n<figure class=\"wp-block-table\"><table><tbody><tr><td class=\"has-text-align-center\" data-align=\"center\"><strong>Mod\u00e8le<\/strong><\/td><td class=\"has-text-align-center\" data-align=\"center\"><strong>Largeur (mm)<\/strong><\/td><td class=\"has-text-align-center\" data-align=\"center\"><strong>Capacit\u00e9<\/strong><\/td><\/tr><tr><td class=\"has-text-align-center\" data-align=\"center\">BFB600<\/td><td class=\"has-text-align-center\" data-align=\"center\">1600mm<\/td><td class=\"has-text-align-center\" data-align=\"center\">0,60 m3<\/td><\/tr><\/tbody><\/table><\/figure>\n\n<div class=\"wp-block-group is-layout-flow wp-block-group-is-layout-flow\">\n<div class=\"wp-block-group has-primary-background-color has-background is-layout-flow wp-block-group-is-layout-flow\" style=\"margin-top:30px;margin-bottom:30px;padding-top:var(--wp--preset--spacing--40);padding-right:var(--wp--preset--spacing--40);padding-bottom:var(--wp--preset--spacing--40);padding-left:var(--wp--preset--spacing--40)\">\n<h3 class=\"wp-block-heading\">GALERIE<\/h3>\n<\/div>\n\n\n\n<figure class=\"wp-block-gallery has-nested-images columns-4 is-cropped wp-block-gallery-1 is-layout-flex wp-block-gallery-is-layout-flex\">\n<figure class=\"wp-block-image size-thumbnail\"><a href=\"https:\/\/www.whitesmh.co.uk\/wp-content\/uploads\/IMG_2619-scaled.jpeg\"><img loading=\"lazy\" decoding=\"async\" width=\"400\" height=\"400\" data-id=\"2470\" src=\"https:\/\/www.whitesmh.co.uk\/wp-content\/uploads\/IMG_2619-400x400.jpeg\" alt=\"\" class=\"wp-image-2470\" srcset=\"https:\/\/www.whitesmh.co.uk\/wp-content\/uploads\/IMG_2619-400x400.jpeg 400w, https:\/\/www.whitesmh.co.uk\/wp-content\/uploads\/IMG_2619-scaled-300x300.jpeg 300w, https:\/\/www.whitesmh.co.uk\/wp-content\/uploads\/IMG_2619-scaled-100x100.jpeg 100w\" sizes=\"auto, (max-width: 400px) 100vw, 400px\" \/><\/a><\/figure>\n\n\n\n<figure class=\"wp-block-image size-thumbnail\"><a href=\"https:\/\/www.whitesmh.co.uk\/wp-content\/uploads\/IMG_2643-scaled.jpeg\"><img loading=\"lazy\" decoding=\"async\" width=\"400\" height=\"400\" data-id=\"2477\" src=\"https:\/\/www.whitesmh.co.uk\/wp-content\/uploads\/IMG_2643-400x400.jpeg\" alt=\"\" class=\"wp-image-2477\" srcset=\"https:\/\/www.whitesmh.co.uk\/wp-content\/uploads\/IMG_2643-400x400.jpeg 400w, https:\/\/www.whitesmh.co.uk\/wp-content\/uploads\/IMG_2643-scaled-300x300.jpeg 300w, https:\/\/www.whitesmh.co.uk\/wp-content\/uploads\/IMG_2643-scaled-100x100.jpeg 100w\" sizes=\"auto, (max-width: 400px) 100vw, 400px\" \/><\/a><\/figure>\n\n\n\n<figure class=\"wp-block-image size-thumbnail\"><a href=\"https:\/\/www.whitesmh.co.uk\/wp-content\/uploads\/IMG_2630-scaled.jpeg\"><img loading=\"lazy\" decoding=\"async\" width=\"400\" height=\"400\" data-id=\"2473\" src=\"https:\/\/www.whitesmh.co.uk\/wp-content\/uploads\/IMG_2630-400x400.jpeg\" alt=\"\" class=\"wp-image-2473\" srcset=\"https:\/\/www.whitesmh.co.uk\/wp-content\/uploads\/IMG_2630-400x400.jpeg 400w, https:\/\/www.whitesmh.co.uk\/wp-content\/uploads\/IMG_2630-scaled-300x300.jpeg 300w, https:\/\/www.whitesmh.co.uk\/wp-content\/uploads\/IMG_2630-scaled-100x100.jpeg 100w\" sizes=\"auto, (max-width: 400px) 100vw, 400px\" \/><\/a><\/figure>\n\n\n\n<figure class=\"wp-block-image size-thumbnail\"><a href=\"https:\/\/www.whitesmh.co.uk\/wp-content\/uploads\/IMG_2627-scaled.jpeg\"><img loading=\"lazy\" decoding=\"async\" width=\"400\" height=\"400\" data-id=\"2471\" src=\"https:\/\/www.whitesmh.co.uk\/wp-content\/uploads\/IMG_2627-400x400.jpeg\" alt=\"\" class=\"wp-image-2471\" srcset=\"https:\/\/www.whitesmh.co.uk\/wp-content\/uploads\/IMG_2627-400x400.jpeg 400w, https:\/\/www.whitesmh.co.uk\/wp-content\/uploads\/IMG_2627-scaled-300x300.jpeg 300w, https:\/\/www.whitesmh.co.uk\/wp-content\/uploads\/IMG_2627-scaled-100x100.jpeg 100w\" sizes=\"auto, (max-width: 400px) 100vw, 400px\" \/><\/a><\/figure>\n\n\n\n<figure class=\"wp-block-image size-thumbnail\"><a href=\"https:\/\/www.whitesmh.co.uk\/wp-content\/uploads\/IMG_2638-scaled.jpeg\"><img loading=\"lazy\" decoding=\"async\" width=\"400\" height=\"400\" data-id=\"2475\" src=\"https:\/\/www.whitesmh.co.uk\/wp-content\/uploads\/IMG_2638-400x400.jpeg\" alt=\"\" class=\"wp-image-2475\" srcset=\"https:\/\/www.whitesmh.co.uk\/wp-content\/uploads\/IMG_2638-400x400.jpeg 400w, https:\/\/www.whitesmh.co.uk\/wp-content\/uploads\/IMG_2638-scaled-300x300.jpeg 300w, https:\/\/www.whitesmh.co.uk\/wp-content\/uploads\/IMG_2638-scaled-100x100.jpeg 100w\" sizes=\"auto, (max-width: 400px) 100vw, 400px\" \/><\/a><\/figure>\n\n\n\n<figure class=\"wp-block-image size-thumbnail\"><a href=\"https:\/\/www.whitesmh.co.uk\/wp-content\/uploads\/IMG_2628-scaled.jpeg\"><img loading=\"lazy\" decoding=\"async\" width=\"400\" height=\"400\" data-id=\"2472\" src=\"https:\/\/www.whitesmh.co.uk\/wp-content\/uploads\/IMG_2628-400x400.jpeg\" alt=\"\" class=\"wp-image-2472\" srcset=\"https:\/\/www.whitesmh.co.uk\/wp-content\/uploads\/IMG_2628-400x400.jpeg 400w, https:\/\/www.whitesmh.co.uk\/wp-content\/uploads\/IMG_2628-scaled-300x300.jpeg 300w, https:\/\/www.whitesmh.co.uk\/wp-content\/uploads\/IMG_2628-scaled-100x100.jpeg 100w\" sizes=\"auto, (max-width: 400px) 100vw, 400px\" \/><\/a><\/figure>\n\n\n\n<figure class=\"wp-block-image size-thumbnail\"><a href=\"https:\/\/www.whitesmh.co.uk\/wp-content\/uploads\/IMG_2631-scaled.jpeg\"><img loading=\"lazy\" decoding=\"async\" width=\"400\" height=\"400\" data-id=\"2474\" src=\"https:\/\/www.whitesmh.co.uk\/wp-content\/uploads\/IMG_2631-400x400.jpeg\" alt=\"\" class=\"wp-image-2474\" srcset=\"https:\/\/www.whitesmh.co.uk\/wp-content\/uploads\/IMG_2631-400x400.jpeg 400w, https:\/\/www.whitesmh.co.uk\/wp-content\/uploads\/IMG_2631-scaled-300x300.jpeg 300w, https:\/\/www.whitesmh.co.uk\/wp-content\/uploads\/IMG_2631-scaled-100x100.jpeg 100w\" sizes=\"auto, (max-width: 400px) 100vw, 400px\" \/><\/a><\/figure>\n\n\n\n<figure class=\"wp-block-image size-thumbnail\"><a href=\"https:\/\/www.whitesmh.co.uk\/wp-content\/uploads\/IMG_2639-scaled.jpeg\"><img loading=\"lazy\" decoding=\"async\" width=\"400\" height=\"400\" data-id=\"2476\" src=\"https:\/\/www.whitesmh.co.uk\/wp-content\/uploads\/IMG_2639-400x400.jpeg\" alt=\"\" class=\"wp-image-2476\" srcset=\"https:\/\/www.whitesmh.co.uk\/wp-content\/uploads\/IMG_2639-400x400.jpeg 400w, https:\/\/www.whitesmh.co.uk\/wp-content\/uploads\/IMG_2639-scaled-300x300.jpeg 300w, https:\/\/www.whitesmh.co.uk\/wp-content\/uploads\/IMG_2639-scaled-100x100.jpeg 100w\" sizes=\"auto, (max-width: 400px) 100vw, 400px\" \/><\/a><\/figure>\n<\/figure>\n<\/div>\n","protected":false},"excerpt":{"rendered":"<p>SAC DE REMPLISSAGE DE SACS BAG-X Le seau de remplissage de sacs WHITES BAG-X est l\u2019accessoire ultime pour gagner du temps et augmenter l\u2019efficacit\u00e9 du chargement. Une foule de fonctionnalit\u00e9s remarquables en font un v\u00e9ritable leader du march\u00e9. MOD\u00c8LE Mod\u00e8le Largeur (mm) Capacit\u00e9 BFB600 1600mm 0,60 m3 GALERIE<\/p>\n","protected":false},"featured_media":3753,"template":"","meta":{"_acf_changed":false},"product_brand":[],"product_cat":[303,305,296],"product_tag":[],"class_list":{"2":"type-product","9":"product","10":"first","11":"instock","12":"taxable","13":"shipping-taxable","14":"product-type-simple"},"acf":[],"_links":{"self":[{"href":"https:\/\/www.whitesmh.co.uk\/fr\/wp-json\/wp\/v2\/product\/4802","targetHints":{"allow":["GET"]}}],"collection":[{"href":"https:\/\/www.whitesmh.co.uk\/fr\/wp-json\/wp\/v2\/product"}],"about":[{"href":"https:\/\/www.whitesmh.co.uk\/fr\/wp-json\/wp\/v2\/types\/product"}],"wp:featuredmedia":[{"embeddable":true,"href":"https:\/\/www.whitesmh.co.uk\/fr\/wp-json\/wp\/v2\/media\/3753"}],"wp:attachment":[{"href":"https:\/\/www.whitesmh.co.uk\/fr\/wp-json\/wp\/v2\/media?parent=4802"}],"wp:term":[{"taxonomy":"product_brand","embeddable":true,"href":"https:\/\/www.whitesmh.co.uk\/fr\/wp-json\/wp\/v2\/product_brand?post=4802"},{"taxonomy":"product_cat","embeddable":true,"href":"https:\/\/www.whitesmh.co.uk\/fr\/wp-json\/wp\/v2\/product_cat?post=4802"},{"taxonomy":"product_tag","embeddable":true,"href":"https:\/\/www.whitesmh.co.uk\/fr\/wp-json\/wp\/v2\/product_tag?post=4802"}],"curies":[{"name":"wp","href":"https:\/\/api.w.org\/{rel}","templated":true}]}}