{"id":4800,"date":"2023-11-22T09:58:49","date_gmt":"2023-11-22T09:58:49","guid":{"rendered":"https:\/\/www.whitesmh.co.uk\/products\/seaux-4-en-1-2\/"},"modified":"2024-11-19T12:02:12","modified_gmt":"2024-11-19T12:02:12","slug":"seaux-4-en-1-2","status":"publish","type":"product","link":"https:\/\/www.whitesmh.co.uk\/fr\/produit\/seaux-4-en-1-2\/","title":{"rendered":"Seaux 4 en 1"},"content":{"rendered":"\n<div class=\"wp-block-columns is-layout-flex wp-container-core-columns-is-layout-28f84493 wp-block-columns-is-layout-flex\">\n<div class=\"wp-block-column is-layout-flow wp-block-column-is-layout-flow\">\n<h2 class=\"wp-block-heading\" style=\"text-transform:uppercase\">SEAUX 4 EN 1<\/h2>\n\n\n\n<p>Le godet WHITES HD-X 4 en 1 permet \u00e0 l\u2019utilisateur de niveler, creuser, saisir et remanipuler une vari\u00e9t\u00e9 de mat\u00e9riaux avec un seul accessoire.  <\/p>\n\n\n\n<ul class=\"wp-block-list\">\n<li>Deux v\u00e9rins hydrauliques<\/li>\n\n\n\n<li>Convient \u00e0 une vari\u00e9t\u00e9 d\u2019applications<\/li>\n\n\n\n<li>Niveler, creuser, saisir et remanipuler le mat\u00e9riau<\/li>\n\n\n\n<li>Bords dentel\u00e9s pour une prise en main s\u00fbre<\/li>\n\n\n\n<li>Lames de coupe soud\u00e9es HB500<\/li>\n\n\n\n<li>Boulon en option sur le tranchant r\u00e9versible<\/li>\n\n\n\n<li>Syst\u00e8me de dents et d\u2019adaptateur en option<\/li>\n<\/ul>\n\n\n\n<div class=\"wp-block-columns is-layout-flex wp-container-core-columns-is-layout-28f84493 wp-block-columns-is-layout-flex\">\n<div class=\"wp-block-column is-layout-flow wp-block-column-is-layout-flow\" style=\"flex-basis:100%\">\n<figure class=\"wp-block-image size-medium is-resized\"><img loading=\"lazy\" decoding=\"async\" width=\"800\" height=\"128\" src=\"https:\/\/www.whitesmh.co.uk\/wp-content\/uploads\/MIB-HDX-2-800x128.jpg\" alt=\"\" class=\"wp-image-1262\" style=\"width:268px;height:auto\" srcset=\"https:\/\/www.whitesmh.co.uk\/wp-content\/uploads\/MIB-HDX-2-800x128.jpg 800w, https:\/\/www.whitesmh.co.uk\/wp-content\/uploads\/MIB-HDX-2-600x96.jpg 600w, https:\/\/www.whitesmh.co.uk\/wp-content\/uploads\/MIB-HDX-2-768x123.jpg 768w\" sizes=\"auto, (max-width: 800px) 100vw, 800px\" \/><\/figure>\n<\/div>\n<\/div>\n\n\n\n<div class=\"wp-block-buttons is-layout-flex wp-block-buttons-is-layout-flex\">\n<div class=\"wp-block-button\"><a class=\"wp-block-button__link wp-element-button\" href=\"https:\/\/www.whitesmh.co.uk\/fr\/contact\/\">CONTACTEZ-NOUS<\/a><\/div>\n\n\n\n<div class=\"wp-block-button\"><a class=\"wp-block-button__link wp-element-button\" href=\"https:\/\/www.whitesmh.co.uk\/docs\/4-in-1-bucket-product-support\/\">SOUTIEN PRODUIT<\/a><\/div>\n<\/div>\n<\/div>\n\n\n\n<div class=\"wp-block-column is-vertically-aligned-center is-layout-flow wp-block-column-is-layout-flow\">\n<figure class=\"wp-block-image size-full\"><img loading=\"lazy\" decoding=\"async\" width=\"2000\" height=\"1500\" src=\"https:\/\/www.whitesmh.co.uk\/wp-content\/uploads\/IMG_1866-scaled.jpeg\" alt=\"\" class=\"wp-image-1528\" srcset=\"https:\/\/www.whitesmh.co.uk\/wp-content\/uploads\/IMG_1866-scaled.jpeg 2000w, https:\/\/www.whitesmh.co.uk\/wp-content\/uploads\/IMG_1866-scaled-600x450.jpeg 600w, https:\/\/www.whitesmh.co.uk\/wp-content\/uploads\/IMG_1866-800x600.jpeg 800w, https:\/\/www.whitesmh.co.uk\/wp-content\/uploads\/IMG_1866-768x576.jpeg 768w\" sizes=\"auto, (max-width: 800px) 100vw, 800px\" \/><\/figure>\n<\/div>\n<\/div>\n\n<div class=\"wp-block-group has-primary-background-color has-background is-layout-flow wp-block-group-is-layout-flow\" style=\"margin-top:30px;margin-bottom:30px;padding-top:var(--wp--preset--spacing--40);padding-right:var(--wp--preset--spacing--40);padding-bottom:var(--wp--preset--spacing--40);padding-left:var(--wp--preset--spacing--40)\">\n<h3 class=\"wp-block-heading\">MOD\u00c8LE<\/h3>\n<\/div>\n\n<figure class=\"wp-block-table\"><table><tbody><tr><td class=\"has-text-align-center\" data-align=\"center\"><strong>Mod\u00e8le<\/strong><\/td><td class=\"has-text-align-center\" data-align=\"center\"><strong>Largeur (mm)<\/strong><\/td><td class=\"has-text-align-center\" data-align=\"center\"><strong>Largeur (ft)<\/strong><\/td><td class=\"has-text-align-center\" data-align=\"center\"><strong>Capacit\u00e9<\/strong><\/td><\/tr><tr><td class=\"has-text-align-center\" data-align=\"center\">MB5A2080<\/td><td class=\"has-text-align-center\" data-align=\"center\">2080mm<\/td><td class=\"has-text-align-center\" data-align=\"center\">6&rsquo;7\u00a0\u00bb<\/td><td class=\"has-text-align-center\" data-align=\"center\">0,67 m3<\/td><\/tr><tr><td class=\"has-text-align-center\" data-align=\"center\">MB5A2290<\/td><td class=\"has-text-align-center\" data-align=\"center\">2290mm<\/td><td class=\"has-text-align-center\" data-align=\"center\">7&rsquo;6\u00a0\u00bb<\/td><td class=\"has-text-align-center\" data-align=\"center\">0,77 m3<\/td><\/tr><tr><td class=\"has-text-align-center\" data-align=\"center\">MB5A2440<\/td><td class=\"has-text-align-center\" data-align=\"center\">2440mm<\/td><td class=\"has-text-align-center\" data-align=\"center\">8&prime;<\/td><td class=\"has-text-align-center\" data-align=\"center\">0,82 m3<\/td><\/tr><\/tbody><\/table><\/figure>\n\n<div class=\"wp-block-group is-layout-flow wp-block-group-is-layout-flow\">\n<div class=\"wp-block-group has-primary-background-color has-background is-layout-flow wp-block-group-is-layout-flow\" style=\"margin-top:30px;margin-bottom:30px;padding-top:var(--wp--preset--spacing--40);padding-right:var(--wp--preset--spacing--40);padding-bottom:var(--wp--preset--spacing--40);padding-left:var(--wp--preset--spacing--40)\">\n<h3 class=\"wp-block-heading\">GALERIE<\/h3>\n<\/div>\n\n\n\n<figure class=\"wp-block-gallery has-nested-images columns-4 is-cropped wp-block-gallery-1 is-layout-flex wp-block-gallery-is-layout-flex\">\n<figure class=\"wp-block-image size-thumbnail\"><a href=\"https:\/\/www.whitesmh.co.uk\/wp-content\/uploads\/IMG_1860-scaled.jpeg\"><img loading=\"lazy\" decoding=\"async\" width=\"400\" height=\"400\" data-id=\"1523\" src=\"https:\/\/www.whitesmh.co.uk\/wp-content\/uploads\/IMG_1860-400x400.jpeg\" alt=\"\" class=\"wp-image-1523\" srcset=\"https:\/\/www.whitesmh.co.uk\/wp-content\/uploads\/IMG_1860-400x400.jpeg 400w, https:\/\/www.whitesmh.co.uk\/wp-content\/uploads\/IMG_1860-scaled-300x300.jpeg 300w, https:\/\/www.whitesmh.co.uk\/wp-content\/uploads\/IMG_1860-scaled-100x100.jpeg 100w\" sizes=\"auto, (max-width: 400px) 100vw, 400px\" \/><\/a><\/figure>\n\n\n\n<figure class=\"wp-block-image size-thumbnail\"><a href=\"https:\/\/www.whitesmh.co.uk\/wp-content\/uploads\/IMG_3029-scaled.jpeg\"><img loading=\"lazy\" decoding=\"async\" width=\"400\" height=\"400\" data-id=\"2702\" src=\"https:\/\/www.whitesmh.co.uk\/wp-content\/uploads\/IMG_3029-400x400.jpeg\" alt=\"\" class=\"wp-image-2702\" srcset=\"https:\/\/www.whitesmh.co.uk\/wp-content\/uploads\/IMG_3029-400x400.jpeg 400w, https:\/\/www.whitesmh.co.uk\/wp-content\/uploads\/IMG_3029-scaled-300x300.jpeg 300w, https:\/\/www.whitesmh.co.uk\/wp-content\/uploads\/IMG_3029-scaled-100x100.jpeg 100w\" sizes=\"auto, (max-width: 400px) 100vw, 400px\" \/><\/a><\/figure>\n\n\n\n<figure class=\"wp-block-image size-thumbnail\"><a href=\"https:\/\/www.whitesmh.co.uk\/wp-content\/uploads\/IMG_1867-scaled.jpeg\"><img loading=\"lazy\" decoding=\"async\" width=\"400\" height=\"400\" data-id=\"1529\" src=\"https:\/\/www.whitesmh.co.uk\/wp-content\/uploads\/IMG_1867-400x400.jpeg\" alt=\"\" class=\"wp-image-1529\" srcset=\"https:\/\/www.whitesmh.co.uk\/wp-content\/uploads\/IMG_1867-400x400.jpeg 400w, https:\/\/www.whitesmh.co.uk\/wp-content\/uploads\/IMG_1867-scaled-300x300.jpeg 300w, https:\/\/www.whitesmh.co.uk\/wp-content\/uploads\/IMG_1867-scaled-100x100.jpeg 100w\" sizes=\"auto, (max-width: 400px) 100vw, 400px\" \/><\/a><\/figure>\n\n\n\n<figure class=\"wp-block-image size-thumbnail\"><a href=\"https:\/\/www.whitesmh.co.uk\/wp-content\/uploads\/IMG_1868-scaled.jpeg\"><img loading=\"lazy\" decoding=\"async\" width=\"400\" height=\"400\" data-id=\"1530\" src=\"https:\/\/www.whitesmh.co.uk\/wp-content\/uploads\/IMG_1868-400x400.jpeg\" alt=\"\" class=\"wp-image-1530\" srcset=\"https:\/\/www.whitesmh.co.uk\/wp-content\/uploads\/IMG_1868-400x400.jpeg 400w, https:\/\/www.whitesmh.co.uk\/wp-content\/uploads\/IMG_1868-scaled-300x300.jpeg 300w, https:\/\/www.whitesmh.co.uk\/wp-content\/uploads\/IMG_1868-scaled-100x100.jpeg 100w\" sizes=\"auto, (max-width: 400px) 100vw, 400px\" \/><\/a><\/figure>\n\n\n\n<figure class=\"wp-block-image size-thumbnail\"><a href=\"https:\/\/www.whitesmh.co.uk\/wp-content\/uploads\/IMG_1869-scaled.jpeg\"><img loading=\"lazy\" decoding=\"async\" width=\"400\" height=\"400\" data-id=\"1531\" src=\"https:\/\/www.whitesmh.co.uk\/wp-content\/uploads\/IMG_1869-400x400.jpeg\" alt=\"\" class=\"wp-image-1531\" srcset=\"https:\/\/www.whitesmh.co.uk\/wp-content\/uploads\/IMG_1869-400x400.jpeg 400w, https:\/\/www.whitesmh.co.uk\/wp-content\/uploads\/IMG_1869-scaled-300x300.jpeg 300w, https:\/\/www.whitesmh.co.uk\/wp-content\/uploads\/IMG_1869-scaled-100x100.jpeg 100w\" sizes=\"auto, (max-width: 400px) 100vw, 400px\" \/><\/a><\/figure>\n\n\n\n<figure class=\"wp-block-image size-thumbnail\"><a href=\"https:\/\/www.whitesmh.co.uk\/wp-content\/uploads\/IMG_3027-scaled.jpeg\"><img loading=\"lazy\" decoding=\"async\" width=\"400\" height=\"400\" data-id=\"2703\" src=\"https:\/\/www.whitesmh.co.uk\/wp-content\/uploads\/IMG_3027-400x400.jpeg\" alt=\"\" class=\"wp-image-2703\" srcset=\"https:\/\/www.whitesmh.co.uk\/wp-content\/uploads\/IMG_3027-400x400.jpeg 400w, https:\/\/www.whitesmh.co.uk\/wp-content\/uploads\/IMG_3027-scaled-300x300.jpeg 300w, https:\/\/www.whitesmh.co.uk\/wp-content\/uploads\/IMG_3027-scaled-100x100.jpeg 100w\" sizes=\"auto, (max-width: 400px) 100vw, 400px\" \/><\/a><\/figure>\n\n\n\n<figure class=\"wp-block-image size-thumbnail\"><a href=\"https:\/\/www.whitesmh.co.uk\/wp-content\/uploads\/IMG_1861-scaled.jpeg\"><img loading=\"lazy\" decoding=\"async\" width=\"400\" height=\"400\" data-id=\"1524\" src=\"https:\/\/www.whitesmh.co.uk\/wp-content\/uploads\/IMG_1861-400x400.jpeg\" alt=\"\" class=\"wp-image-1524\" srcset=\"https:\/\/www.whitesmh.co.uk\/wp-content\/uploads\/IMG_1861-400x400.jpeg 400w, https:\/\/www.whitesmh.co.uk\/wp-content\/uploads\/IMG_1861-scaled-300x300.jpeg 300w, https:\/\/www.whitesmh.co.uk\/wp-content\/uploads\/IMG_1861-scaled-100x100.jpeg 100w\" sizes=\"auto, (max-width: 400px) 100vw, 400px\" \/><\/a><\/figure>\n\n\n\n<figure class=\"wp-block-image size-thumbnail\"><a href=\"https:\/\/www.whitesmh.co.uk\/wp-content\/uploads\/IMG_3031-scaled.jpeg\"><img loading=\"lazy\" decoding=\"async\" width=\"400\" height=\"400\" data-id=\"2706\" src=\"https:\/\/www.whitesmh.co.uk\/wp-content\/uploads\/IMG_3031-400x400.jpeg\" alt=\"\" class=\"wp-image-2706\" srcset=\"https:\/\/www.whitesmh.co.uk\/wp-content\/uploads\/IMG_3031-400x400.jpeg 400w, https:\/\/www.whitesmh.co.uk\/wp-content\/uploads\/IMG_3031-scaled-300x300.jpeg 300w, https:\/\/www.whitesmh.co.uk\/wp-content\/uploads\/IMG_3031-scaled-100x100.jpeg 100w\" sizes=\"auto, (max-width: 400px) 100vw, 400px\" \/><\/a><\/figure>\n<\/figure>\n<\/div>\n","protected":false},"excerpt":{"rendered":"<p>SEAUX 4 EN 1 Le godet WHITES HD-X 4 en 1 permet \u00e0 l\u2019utilisateur de niveler, creuser, saisir et remanipuler une vari\u00e9t\u00e9 de mat\u00e9riaux avec un seul accessoire. MOD\u00c8LE Mod\u00e8le Largeur (mm) Largeur (ft) Capacit\u00e9 MB5A2080 2080mm 6&rsquo;7\u00a0\u00bb 0,67 m3 MB5A2290 2290mm 7&rsquo;6\u00a0\u00bb 0,77 m3 MB5A2440 2440mm 8&prime; 0,82 m3 GALERIE<\/p>\n","protected":false},"featured_media":3744,"template":"","meta":{"_acf_changed":false},"product_brand":[],"product_cat":[296],"product_tag":[],"class_list":{"2":"type-product","7":"product","8":"first","9":"instock","10":"taxable","11":"shipping-taxable","12":"product-type-simple"},"acf":[],"_links":{"self":[{"href":"https:\/\/www.whitesmh.co.uk\/fr\/wp-json\/wp\/v2\/product\/4800","targetHints":{"allow":["GET"]}}],"collection":[{"href":"https:\/\/www.whitesmh.co.uk\/fr\/wp-json\/wp\/v2\/product"}],"about":[{"href":"https:\/\/www.whitesmh.co.uk\/fr\/wp-json\/wp\/v2\/types\/product"}],"wp:featuredmedia":[{"embeddable":true,"href":"https:\/\/www.whitesmh.co.uk\/fr\/wp-json\/wp\/v2\/media\/3744"}],"wp:attachment":[{"href":"https:\/\/www.whitesmh.co.uk\/fr\/wp-json\/wp\/v2\/media?parent=4800"}],"wp:term":[{"taxonomy":"product_brand","embeddable":true,"href":"https:\/\/www.whitesmh.co.uk\/fr\/wp-json\/wp\/v2\/product_brand?post=4800"},{"taxonomy":"product_cat","embeddable":true,"href":"https:\/\/www.whitesmh.co.uk\/fr\/wp-json\/wp\/v2\/product_cat?post=4800"},{"taxonomy":"product_tag","embeddable":true,"href":"https:\/\/www.whitesmh.co.uk\/fr\/wp-json\/wp\/v2\/product_tag?post=4800"}],"curies":[{"name":"wp","href":"https:\/\/api.w.org\/{rel}","templated":true}]}}