{"id":4799,"date":"2023-11-21T10:33:15","date_gmt":"2023-11-21T10:33:15","guid":{"rendered":"https:\/\/www.whitesmh.co.uk\/products\/positionneurs-de-fourches-doubles\/"},"modified":"2024-11-19T12:02:41","modified_gmt":"2024-11-19T12:02:41","slug":"positionneurs-de-fourches-doubles","status":"publish","type":"product","link":"https:\/\/www.whitesmh.co.uk\/fr\/produit\/positionneurs-de-fourches-doubles\/","title":{"rendered":"Positionneurs de fourches doubles"},"content":{"rendered":"\n<div class=\"wp-block-columns is-layout-flex wp-container-core-columns-is-layout-28f84493 wp-block-columns-is-layout-flex\">\n<div class=\"wp-block-column is-vertically-aligned-center is-layout-flow wp-block-column-is-layout-flow\">\n<figure class=\"wp-block-image size-full\"><img loading=\"lazy\" decoding=\"async\" width=\"2000\" height=\"1500\" src=\"https:\/\/www.whitesmh.co.uk\/wp-content\/uploads\/IMG_2483-scaled.jpeg\" alt=\"\" class=\"wp-image-1159\" srcset=\"https:\/\/www.whitesmh.co.uk\/wp-content\/uploads\/IMG_2483-scaled.jpeg 2000w, https:\/\/www.whitesmh.co.uk\/wp-content\/uploads\/IMG_2483-scaled-600x450.jpeg 600w, https:\/\/www.whitesmh.co.uk\/wp-content\/uploads\/IMG_2483-800x600.jpeg 800w, https:\/\/www.whitesmh.co.uk\/wp-content\/uploads\/IMG_2483-768x576.jpeg 768w\" sizes=\"auto, (max-width: 800px) 100vw, 800px\" \/><\/figure>\n<\/div>\n\n\n\n<div class=\"wp-block-column is-layout-flow wp-block-column-is-layout-flow\">\n<h2 class=\"wp-block-heading\" style=\"text-transform:uppercase\">POSITIONNEURS DE FOURCHES DOUBLES<\/h2>\n\n\n\n<p>Le positionneur \u00e0 double fourche WHITES est une solution approuv\u00e9e par les \u00e9quipementiers pour am\u00e9liorer la s\u00e9curit\u00e9 et l\u2019efficacit\u00e9 du site. Pour manipuler une vari\u00e9t\u00e9 de tailles de palettes, il suffit d\u2019ajuster la distance entre les fourches \u00e0 palettes depuis le confort de la cabine.  <\/p>\n\n\n\n<ul class=\"wp-block-list\">\n<li>R\u00e9glage s\u00fbr et pr\u00e9cis des fourches hydrauliquement depuis la s\u00e9curit\u00e9 de la cabine<\/li>\n\n\n\n<li>Conception approuv\u00e9e par les \u00e9quipementiers<\/li>\n\n\n\n<li>R\u00e9duire les temps de cycle<\/li>\n\n\n\n<li>Aide \u00e0 r\u00e9duire les dommages aux palettes \/ mat\u00e9riaux pendant la manutention<\/li>\n\n\n\n<li>Conception de fourche flottante pour une utilisation sur terrain accident\u00e9<\/li>\n\n\n\n<li>Emplacements de rangement des attaches de fourche<\/li>\n\n\n\n<li>Protection de charge pleine hauteur<\/li>\n\n\n\n<li>Barres de fourche chrom\u00e9es<\/li>\n<\/ul>\n\n\n\n<div class=\"wp-block-columns is-layout-flex wp-container-core-columns-is-layout-28f84493 wp-block-columns-is-layout-flex\">\n<div class=\"wp-block-column is-layout-flow wp-block-column-is-layout-flow\" style=\"flex-basis:100%\">\n<figure class=\"wp-block-image size-medium is-resized\"><img loading=\"lazy\" decoding=\"async\" width=\"300\" height=\"71\" src=\"https:\/\/www.whitesmh.co.uk\/wp-content\/uploads\/2023\/09\/Made-in-Britain2-300x71.png\" alt=\"\" class=\"wp-image-237\" style=\"width:268px;height:auto\" srcset=\"https:\/\/www.whitesmh.co.uk\/wp-content\/uploads\/2023\/09\/Made-in-Britain2-300x71.png 300w, https:\/\/www.whitesmh.co.uk\/wp-content\/uploads\/2023\/09\/Made-in-Britain2-600x143.png 600w, https:\/\/www.whitesmh.co.uk\/wp-content\/uploads\/2023\/09\/Made-in-Britain2.png 626w\" sizes=\"auto, (max-width: 300px) 100vw, 300px\" \/><\/figure>\n<\/div>\n<\/div>\n\n\n\n<div class=\"wp-block-buttons is-layout-flex wp-block-buttons-is-layout-flex\">\n<div class=\"wp-block-button\"><a class=\"wp-block-button__link wp-element-button\" href=\"https:\/\/www.whitesmh.co.uk\/fr\/contact\/\">CONTACTEZ-NOUS<\/a><\/div>\n\n\n\n<div class=\"wp-block-button\"><a class=\"wp-block-button__link wp-element-button\" href=\"https:\/\/www.whitesmh.co.uk\/docs\/fork-positioner-product-support\/\">SOUTIEN PRODUIT<\/a><\/div>\n\n\n\n<div class=\"wp-block-button\"><a class=\"wp-block-button__link wp-element-button\" href=\"https:\/\/www.whitesmh.co.uk\/wp-content\/uploads\/WMH-Data-Sheet-Fork-Positioner.pptx\" target=\"_blank\" rel=\"noreferrer noopener\">FICHE<\/a><\/div>\n<\/div>\n<\/div>\n<\/div>\n\n<div class=\"wp-block-group is-layout-flow wp-block-group-is-layout-flow\">\n<div class=\"wp-block-group has-primary-background-color has-background is-layout-flow wp-block-group-is-layout-flow\" style=\"margin-top:30px;margin-bottom:30px;padding-top:var(--wp--preset--spacing--40);padding-right:var(--wp--preset--spacing--40);padding-bottom:var(--wp--preset--spacing--40);padding-left:var(--wp--preset--spacing--40)\">\n<h3 class=\"wp-block-heading\">GALERIE<\/h3>\n<\/div>\n\n\n\n<figure class=\"wp-block-gallery has-nested-images columns-4 is-cropped wp-block-gallery-1 is-layout-flex wp-block-gallery-is-layout-flex\">\n<figure class=\"wp-block-image size-thumbnail\"><a href=\"https:\/\/www.whitesmh.co.uk\/wp-content\/uploads\/Double-Fork-Positioner-Manitu-scaled.jpeg\"><img loading=\"lazy\" decoding=\"async\" width=\"400\" height=\"400\" data-id=\"1416\" src=\"https:\/\/www.whitesmh.co.uk\/wp-content\/uploads\/Double-Fork-Positioner-Manitu-400x400.jpeg\" alt=\"\" class=\"wp-image-1416\" srcset=\"https:\/\/www.whitesmh.co.uk\/wp-content\/uploads\/Double-Fork-Positioner-Manitu-400x400.jpeg 400w, https:\/\/www.whitesmh.co.uk\/wp-content\/uploads\/Double-Fork-Positioner-Manitu-scaled-300x300.jpeg 300w, https:\/\/www.whitesmh.co.uk\/wp-content\/uploads\/Double-Fork-Positioner-Manitu-scaled-100x100.jpeg 100w\" sizes=\"auto, (max-width: 400px) 100vw, 400px\" \/><\/a><\/figure>\n\n\n\n<figure class=\"wp-block-image size-thumbnail\"><a href=\"https:\/\/www.whitesmh.co.uk\/wp-content\/uploads\/IMG_9892-scaled.jpeg\"><img loading=\"lazy\" decoding=\"async\" width=\"400\" height=\"400\" data-id=\"1423\" src=\"https:\/\/www.whitesmh.co.uk\/wp-content\/uploads\/IMG_9892-400x400.jpeg\" alt=\"\" class=\"wp-image-1423\" srcset=\"https:\/\/www.whitesmh.co.uk\/wp-content\/uploads\/IMG_9892-400x400.jpeg 400w, https:\/\/www.whitesmh.co.uk\/wp-content\/uploads\/IMG_9892-scaled-300x300.jpeg 300w, https:\/\/www.whitesmh.co.uk\/wp-content\/uploads\/IMG_9892-scaled-100x100.jpeg 100w\" sizes=\"auto, (max-width: 400px) 100vw, 400px\" \/><\/a><\/figure>\n\n\n\n<figure class=\"wp-block-image size-thumbnail\"><a href=\"https:\/\/www.whitesmh.co.uk\/wp-content\/uploads\/IMG_9890-scaled.jpeg\"><img loading=\"lazy\" decoding=\"async\" width=\"400\" height=\"400\" data-id=\"1422\" src=\"https:\/\/www.whitesmh.co.uk\/wp-content\/uploads\/IMG_9890-400x400.jpeg\" alt=\"\" class=\"wp-image-1422\" srcset=\"https:\/\/www.whitesmh.co.uk\/wp-content\/uploads\/IMG_9890-400x400.jpeg 400w, https:\/\/www.whitesmh.co.uk\/wp-content\/uploads\/IMG_9890-scaled-300x300.jpeg 300w, https:\/\/www.whitesmh.co.uk\/wp-content\/uploads\/IMG_9890-scaled-100x100.jpeg 100w\" sizes=\"auto, (max-width: 400px) 100vw, 400px\" \/><\/a><\/figure>\n\n\n\n<figure class=\"wp-block-image size-thumbnail\"><a href=\"https:\/\/www.whitesmh.co.uk\/wp-content\/uploads\/392-scaled.jpeg\"><img loading=\"lazy\" decoding=\"async\" width=\"400\" height=\"400\" data-id=\"1495\" src=\"https:\/\/www.whitesmh.co.uk\/wp-content\/uploads\/392-400x400.jpeg\" alt=\"\" class=\"wp-image-1495\" srcset=\"https:\/\/www.whitesmh.co.uk\/wp-content\/uploads\/392-400x400.jpeg 400w, https:\/\/www.whitesmh.co.uk\/wp-content\/uploads\/392-scaled-300x300.jpeg 300w, https:\/\/www.whitesmh.co.uk\/wp-content\/uploads\/392-scaled-100x100.jpeg 100w\" sizes=\"auto, (max-width: 400px) 100vw, 400px\" \/><\/a><\/figure>\n\n\n\n<figure class=\"wp-block-image size-thumbnail\"><a href=\"https:\/\/www.whitesmh.co.uk\/wp-content\/uploads\/IMG_2475-scaled.jpeg\"><img loading=\"lazy\" decoding=\"async\" width=\"400\" height=\"400\" data-id=\"1417\" src=\"https:\/\/www.whitesmh.co.uk\/wp-content\/uploads\/IMG_2475-400x400.jpeg\" alt=\"\" class=\"wp-image-1417\" srcset=\"https:\/\/www.whitesmh.co.uk\/wp-content\/uploads\/IMG_2475-400x400.jpeg 400w, https:\/\/www.whitesmh.co.uk\/wp-content\/uploads\/IMG_2475-scaled-300x300.jpeg 300w, https:\/\/www.whitesmh.co.uk\/wp-content\/uploads\/IMG_2475-scaled-100x100.jpeg 100w\" sizes=\"auto, (max-width: 400px) 100vw, 400px\" \/><\/a><\/figure>\n\n\n\n<figure class=\"wp-block-image size-thumbnail\"><a href=\"https:\/\/www.whitesmh.co.uk\/wp-content\/uploads\/IMG_2476-scaled.jpeg\"><img loading=\"lazy\" decoding=\"async\" width=\"400\" height=\"400\" data-id=\"1418\" src=\"https:\/\/www.whitesmh.co.uk\/wp-content\/uploads\/IMG_2476-400x400.jpeg\" alt=\"\" class=\"wp-image-1418\" srcset=\"https:\/\/www.whitesmh.co.uk\/wp-content\/uploads\/IMG_2476-400x400.jpeg 400w, https:\/\/www.whitesmh.co.uk\/wp-content\/uploads\/IMG_2476-scaled-300x300.jpeg 300w, https:\/\/www.whitesmh.co.uk\/wp-content\/uploads\/IMG_2476-scaled-100x100.jpeg 100w\" sizes=\"auto, (max-width: 400px) 100vw, 400px\" \/><\/a><\/figure>\n\n\n\n<figure class=\"wp-block-image size-thumbnail\"><a href=\"https:\/\/www.whitesmh.co.uk\/wp-content\/uploads\/IMG_2481-scaled.jpeg\"><img loading=\"lazy\" decoding=\"async\" width=\"400\" height=\"400\" data-id=\"1419\" src=\"https:\/\/www.whitesmh.co.uk\/wp-content\/uploads\/IMG_2481-400x400.jpeg\" alt=\"\" class=\"wp-image-1419\" srcset=\"https:\/\/www.whitesmh.co.uk\/wp-content\/uploads\/IMG_2481-400x400.jpeg 400w, https:\/\/www.whitesmh.co.uk\/wp-content\/uploads\/IMG_2481-scaled-300x300.jpeg 300w, https:\/\/www.whitesmh.co.uk\/wp-content\/uploads\/IMG_2481-scaled-100x100.jpeg 100w\" sizes=\"auto, (max-width: 400px) 100vw, 400px\" \/><\/a><\/figure>\n\n\n\n<figure class=\"wp-block-image size-thumbnail\"><a href=\"https:\/\/www.whitesmh.co.uk\/wp-content\/uploads\/391.jpg\"><img loading=\"lazy\" decoding=\"async\" width=\"400\" height=\"400\" data-id=\"1424\" src=\"https:\/\/www.whitesmh.co.uk\/wp-content\/uploads\/391-400x400.jpg\" alt=\"\" class=\"wp-image-1424\" srcset=\"https:\/\/www.whitesmh.co.uk\/wp-content\/uploads\/391-400x400.jpg 400w, https:\/\/www.whitesmh.co.uk\/wp-content\/uploads\/391-300x300.jpg 300w, https:\/\/www.whitesmh.co.uk\/wp-content\/uploads\/391-100x100.jpg 100w\" sizes=\"auto, (max-width: 400px) 100vw, 400px\" \/><\/a><\/figure>\n<\/figure>\n<\/div>\n\n<div class=\"wp-block-group has-primary-background-color has-background is-layout-flow wp-block-group-is-layout-flow\" style=\"margin-top:30px;margin-bottom:30px;padding-top:var(--wp--preset--spacing--40);padding-right:var(--wp--preset--spacing--40);padding-bottom:var(--wp--preset--spacing--40);padding-left:var(--wp--preset--spacing--40)\">\n<h3 class=\"wp-block-heading\">VID\u00c9OS<\/h3>\n<\/div>\n\n<figure class=\"wp-block-embed is-type-video is-provider-youtube wp-block-embed-youtube wp-embed-aspect-16-9 wp-has-aspect-ratio\"><div class=\"wp-block-embed__wrapper\">\n<iframe loading=\"lazy\" title=\"Whites Material Handling - Hydraulic Fork Positioner\" width=\"800\" height=\"450\" src=\"https:\/\/www.youtube.com\/embed\/IZ2O96l3sdQ?feature=oembed\" frameborder=\"0\" allow=\"accelerometer; autoplay; clipboard-write; encrypted-media; gyroscope; picture-in-picture; web-share\" referrerpolicy=\"strict-origin-when-cross-origin\" allowfullscreen><\/iframe>\n<\/div><\/figure>\n","protected":false},"excerpt":{"rendered":"<p>POSITIONNEURS DE FOURCHES DOUBLES Le positionneur \u00e0 double fourche WHITES est une solution approuv\u00e9e par les \u00e9quipementiers pour am\u00e9liorer la s\u00e9curit\u00e9 et l\u2019efficacit\u00e9 du site. Pour manipuler une vari\u00e9t\u00e9 de tailles de palettes, il suffit d\u2019ajuster la distance entre les fourches \u00e0 palettes depuis le confort de la cabine. GALERIE VID\u00c9OS<\/p>\n","protected":false},"featured_media":4439,"template":"","meta":{"_acf_changed":false},"product_brand":[],"product_cat":[303,305],"product_tag":[],"class_list":{"2":"type-product","8":"product","9":"first","10":"instock","11":"taxable","12":"shipping-taxable","13":"product-type-simple"},"acf":[],"_links":{"self":[{"href":"https:\/\/www.whitesmh.co.uk\/fr\/wp-json\/wp\/v2\/product\/4799","targetHints":{"allow":["GET"]}}],"collection":[{"href":"https:\/\/www.whitesmh.co.uk\/fr\/wp-json\/wp\/v2\/product"}],"about":[{"href":"https:\/\/www.whitesmh.co.uk\/fr\/wp-json\/wp\/v2\/types\/product"}],"wp:featuredmedia":[{"embeddable":true,"href":"https:\/\/www.whitesmh.co.uk\/fr\/wp-json\/wp\/v2\/media\/4439"}],"wp:attachment":[{"href":"https:\/\/www.whitesmh.co.uk\/fr\/wp-json\/wp\/v2\/media?parent=4799"}],"wp:term":[{"taxonomy":"product_brand","embeddable":true,"href":"https:\/\/www.whitesmh.co.uk\/fr\/wp-json\/wp\/v2\/product_brand?post=4799"},{"taxonomy":"product_cat","embeddable":true,"href":"https:\/\/www.whitesmh.co.uk\/fr\/wp-json\/wp\/v2\/product_cat?post=4799"},{"taxonomy":"product_tag","embeddable":true,"href":"https:\/\/www.whitesmh.co.uk\/fr\/wp-json\/wp\/v2\/product_tag?post=4799"}],"curies":[{"name":"wp","href":"https:\/\/api.w.org\/{rel}","templated":true}]}}