{"id":4795,"date":"2023-12-15T10:34:55","date_gmt":"2023-12-15T10:34:55","guid":{"rendered":"https:\/\/www.whitesmh.co.uk\/products\/fleche-de-grue\/"},"modified":"2024-11-19T12:03:00","modified_gmt":"2024-11-19T12:03:00","slug":"fleche-de-grue","status":"publish","type":"product","link":"https:\/\/www.whitesmh.co.uk\/fr\/produit\/fleche-de-grue\/","title":{"rendered":"Fl\u00e8che de grue"},"content":{"rendered":"\n<div class=\"wp-block-columns is-layout-flex wp-container-core-columns-is-layout-28f84493 wp-block-columns-is-layout-flex\">\n<div class=\"wp-block-column is-vertically-aligned-center is-layout-flow wp-block-column-is-layout-flow\">\n<figure class=\"wp-block-image size-full\"><img loading=\"lazy\" decoding=\"async\" width=\"1604\" height=\"1203\" src=\"https:\/\/www.whitesmh.co.uk\/wp-content\/uploads\/Lifting-Jib.jpg\" alt=\"\" class=\"wp-image-2149\" srcset=\"https:\/\/www.whitesmh.co.uk\/wp-content\/uploads\/Lifting-Jib.jpg 1604w, https:\/\/www.whitesmh.co.uk\/wp-content\/uploads\/Lifting-Jib-600x450.jpg 600w\" sizes=\"auto, (max-width: 800px) 100vw, 800px\" \/><\/figure>\n<\/div>\n\n\n\n<div class=\"wp-block-column is-layout-flow wp-block-column-is-layout-flow\">\n<h2 class=\"wp-block-heading\" style=\"text-transform:uppercase\">FL\u00c8CHE DE GRUE<\/h2>\n\n\n\n<p>La fl\u00e8che de grue WHITES permet la manutention en toute s\u00e9curit\u00e9 des mat\u00e9riaux autour des chantiers, ce qui donne une grande port\u00e9e aux chariots t\u00e9lescopiques sur site.  <\/p>\n\n\n\n<ul class=\"wp-block-list\">\n<li>Livr\u00e9 avec certificat de test<\/li>\n\n\n\n<li>Supports de montage direct<\/li>\n\n\n\n<li>Construction lourde<\/li>\n\n\n\n<li>Manille en D et crochet de levage pivotant<\/li>\n\n\n\n<li>Mod\u00e8le 1 tonne et 2 tonnes<\/li>\n<\/ul>\n\n\n\n<div class=\"wp-block-columns is-layout-flex wp-container-core-columns-is-layout-28f84493 wp-block-columns-is-layout-flex\">\n<div class=\"wp-block-column is-layout-flow wp-block-column-is-layout-flow\" style=\"flex-basis:100%\">\n<figure class=\"wp-block-image size-full is-resized\"><img loading=\"lazy\" decoding=\"async\" width=\"626\" height=\"152\" src=\"https:\/\/www.whitesmh.co.uk\/wp-content\/uploads\/Made-in-Britain2.png\" alt=\"\" class=\"wp-image-924\" style=\"width:268px;height:auto\" srcset=\"https:\/\/www.whitesmh.co.uk\/wp-content\/uploads\/Made-in-Britain2.png 626w, https:\/\/www.whitesmh.co.uk\/wp-content\/uploads\/Made-in-Britain2-600x146.png 600w\" sizes=\"auto, (max-width: 626px) 100vw, 626px\" \/><\/figure>\n<\/div>\n<\/div>\n\n\n\n<div class=\"wp-block-buttons is-layout-flex wp-block-buttons-is-layout-flex\">\n<div class=\"wp-block-button\"><a class=\"wp-block-button__link wp-element-button\" href=\"https:\/\/www.whitesmh.co.uk\/fr\/contact\/\">CONTACTEZ-NOUS<\/a><\/div>\n\n\n\n<div class=\"wp-block-button\"><a class=\"wp-block-button__link wp-element-button\" href=\"https:\/\/www.whitesmh.co.uk\/wp-content\/uploads\/WMH-Data-Sheet-Lifting-Jib.pptx\" target=\"_blank\" rel=\"noreferrer noopener\">FICHE<\/a><\/div>\n<\/div>\n<\/div>\n<\/div>\n\n<div class=\"wp-block-group is-layout-flow wp-block-group-is-layout-flow\">\n<div class=\"wp-block-group has-primary-background-color has-background is-layout-flow wp-block-group-is-layout-flow\" style=\"margin-top:30px;margin-bottom:30px;padding-top:var(--wp--preset--spacing--40);padding-right:var(--wp--preset--spacing--40);padding-bottom:var(--wp--preset--spacing--40);padding-left:var(--wp--preset--spacing--40)\">\n<h3 class=\"wp-block-heading\">MOD\u00c8LE<\/h3>\n<\/div>\n<\/div>\n\n<figure class=\"wp-block-table\"><table><tbody><tr><td class=\"has-text-align-center\" data-align=\"center\"><strong>Mod\u00e8le<\/strong><\/td><td class=\"has-text-align-center\" data-align=\"center\"><strong>Longueur<\/strong><\/td><td class=\"has-text-align-center\" data-align=\"center\"><strong>Capacit\u00e9<\/strong><\/td><\/tr><tr><td class=\"has-text-align-center\" data-align=\"center\">CJ10<\/td><td class=\"has-text-align-center\" data-align=\"center\">1 million<\/td><td class=\"has-text-align-center\" data-align=\"center\">1 tonne<\/td><\/tr><tr><td class=\"has-text-align-center\" data-align=\"center\">CJ20<\/td><td class=\"has-text-align-center\" data-align=\"center\">2 millions<\/td><td class=\"has-text-align-center\" data-align=\"center\">2 tonnes<\/td><\/tr><\/tbody><\/table><\/figure>\n\n<div class=\"wp-block-group is-layout-constrained wp-block-group-is-layout-constrained\">\n<div class=\"wp-block-group alignfull has-primary-background-color has-background is-layout-flow wp-block-group-is-layout-flow\" style=\"margin-top:30px;margin-bottom:30px;padding-top:var(--wp--preset--spacing--40);padding-right:var(--wp--preset--spacing--40);padding-bottom:var(--wp--preset--spacing--40);padding-left:var(--wp--preset--spacing--40)\">\n<h3 class=\"wp-block-heading\">GALERIE<\/h3>\n<\/div>\n\n\n\n<figure class=\"wp-block-gallery alignfull has-nested-images columns-4 is-cropped wp-block-gallery-1 is-layout-flex wp-block-gallery-is-layout-flex\">\n<figure class=\"wp-block-image size-thumbnail\"><a href=\"https:\/\/www.whitesmh.co.uk\/wp-content\/uploads\/eaaedf0a-4bb8-4b11-82fd-fc6fd6c4f952-scaled.jpeg\"><img loading=\"lazy\" decoding=\"async\" width=\"400\" height=\"400\" data-id=\"2642\" src=\"https:\/\/www.whitesmh.co.uk\/wp-content\/uploads\/eaaedf0a-4bb8-4b11-82fd-fc6fd6c4f952-400x400.jpeg\" alt=\"\" class=\"wp-image-2642\" srcset=\"https:\/\/www.whitesmh.co.uk\/wp-content\/uploads\/eaaedf0a-4bb8-4b11-82fd-fc6fd6c4f952-400x400.jpeg 400w, https:\/\/www.whitesmh.co.uk\/wp-content\/uploads\/eaaedf0a-4bb8-4b11-82fd-fc6fd6c4f952-scaled-300x300.jpeg 300w, https:\/\/www.whitesmh.co.uk\/wp-content\/uploads\/eaaedf0a-4bb8-4b11-82fd-fc6fd6c4f952-scaled-100x100.jpeg 100w\" sizes=\"auto, (max-width: 400px) 100vw, 400px\" \/><\/a><\/figure>\n\n\n\n<figure class=\"wp-block-image size-thumbnail\"><a href=\"https:\/\/www.whitesmh.co.uk\/wp-content\/uploads\/d478f77f-51ea-48a6-838b-bfe1ca524fb4-scaled.jpeg\"><img loading=\"lazy\" decoding=\"async\" width=\"400\" height=\"400\" data-id=\"2641\" src=\"https:\/\/www.whitesmh.co.uk\/wp-content\/uploads\/d478f77f-51ea-48a6-838b-bfe1ca524fb4-400x400.jpeg\" alt=\"\" class=\"wp-image-2641\" srcset=\"https:\/\/www.whitesmh.co.uk\/wp-content\/uploads\/d478f77f-51ea-48a6-838b-bfe1ca524fb4-400x400.jpeg 400w, https:\/\/www.whitesmh.co.uk\/wp-content\/uploads\/d478f77f-51ea-48a6-838b-bfe1ca524fb4-scaled-300x300.jpeg 300w, https:\/\/www.whitesmh.co.uk\/wp-content\/uploads\/d478f77f-51ea-48a6-838b-bfe1ca524fb4-scaled-100x100.jpeg 100w\" sizes=\"auto, (max-width: 400px) 100vw, 400px\" \/><\/a><\/figure>\n\n\n\n<figure class=\"wp-block-image size-thumbnail\"><a href=\"https:\/\/www.whitesmh.co.uk\/wp-content\/uploads\/b51ecc53-e527-4abb-90e2-deb590af308e-scaled.jpeg\"><img loading=\"lazy\" decoding=\"async\" width=\"400\" height=\"400\" data-id=\"2639\" src=\"https:\/\/www.whitesmh.co.uk\/wp-content\/uploads\/b51ecc53-e527-4abb-90e2-deb590af308e-400x400.jpeg\" alt=\"\" class=\"wp-image-2639\" srcset=\"https:\/\/www.whitesmh.co.uk\/wp-content\/uploads\/b51ecc53-e527-4abb-90e2-deb590af308e-400x400.jpeg 400w, https:\/\/www.whitesmh.co.uk\/wp-content\/uploads\/b51ecc53-e527-4abb-90e2-deb590af308e-scaled-300x300.jpeg 300w, https:\/\/www.whitesmh.co.uk\/wp-content\/uploads\/b51ecc53-e527-4abb-90e2-deb590af308e-scaled-100x100.jpeg 100w\" sizes=\"auto, (max-width: 400px) 100vw, 400px\" \/><\/a><\/figure>\n\n\n\n<figure class=\"wp-block-image size-thumbnail\"><a href=\"https:\/\/www.whitesmh.co.uk\/wp-content\/uploads\/1336e731-4fd7-4985-8107-50994acf895a-scaled.jpeg\"><img loading=\"lazy\" decoding=\"async\" width=\"400\" height=\"400\" data-id=\"2636\" src=\"https:\/\/www.whitesmh.co.uk\/wp-content\/uploads\/1336e731-4fd7-4985-8107-50994acf895a-400x400.jpeg\" alt=\"\" class=\"wp-image-2636\" srcset=\"https:\/\/www.whitesmh.co.uk\/wp-content\/uploads\/1336e731-4fd7-4985-8107-50994acf895a-400x400.jpeg 400w, https:\/\/www.whitesmh.co.uk\/wp-content\/uploads\/1336e731-4fd7-4985-8107-50994acf895a-scaled-300x300.jpeg 300w, https:\/\/www.whitesmh.co.uk\/wp-content\/uploads\/1336e731-4fd7-4985-8107-50994acf895a-scaled-100x100.jpeg 100w\" sizes=\"auto, (max-width: 400px) 100vw, 400px\" \/><\/a><\/figure>\n<\/figure>\n<\/div>\n","protected":false},"excerpt":{"rendered":"<p>FL\u00c8CHE DE GRUE La fl\u00e8che de grue WHITES permet la manutention en toute s\u00e9curit\u00e9 des mat\u00e9riaux autour des chantiers, ce qui donne une grande port\u00e9e aux chariots t\u00e9lescopiques sur site. MOD\u00c8LE Mod\u00e8le Longueur Capacit\u00e9 CJ10 1 million 1 tonne CJ20 2 millions 2 tonnes GALERIE<\/p>\n","protected":false},"featured_media":4089,"template":"","meta":{"_acf_changed":false},"product_brand":[],"product_cat":[303],"product_tag":[],"class_list":{"2":"type-product","7":"product","8":"first","9":"instock","10":"taxable","11":"shipping-taxable","12":"product-type-simple"},"acf":[],"_links":{"self":[{"href":"https:\/\/www.whitesmh.co.uk\/fr\/wp-json\/wp\/v2\/product\/4795","targetHints":{"allow":["GET"]}}],"collection":[{"href":"https:\/\/www.whitesmh.co.uk\/fr\/wp-json\/wp\/v2\/product"}],"about":[{"href":"https:\/\/www.whitesmh.co.uk\/fr\/wp-json\/wp\/v2\/types\/product"}],"wp:featuredmedia":[{"embeddable":true,"href":"https:\/\/www.whitesmh.co.uk\/fr\/wp-json\/wp\/v2\/media\/4089"}],"wp:attachment":[{"href":"https:\/\/www.whitesmh.co.uk\/fr\/wp-json\/wp\/v2\/media?parent=4795"}],"wp:term":[{"taxonomy":"product_brand","embeddable":true,"href":"https:\/\/www.whitesmh.co.uk\/fr\/wp-json\/wp\/v2\/product_brand?post=4795"},{"taxonomy":"product_cat","embeddable":true,"href":"https:\/\/www.whitesmh.co.uk\/fr\/wp-json\/wp\/v2\/product_cat?post=4795"},{"taxonomy":"product_tag","embeddable":true,"href":"https:\/\/www.whitesmh.co.uk\/fr\/wp-json\/wp\/v2\/product_tag?post=4795"}],"curies":[{"name":"wp","href":"https:\/\/api.w.org\/{rel}","templated":true}]}}