{"id":4794,"date":"2023-11-20T19:02:53","date_gmt":"2023-11-20T19:02:53","guid":{"rendered":"https:\/\/www.whitesmh.co.uk\/products\/godets-a-grappin-hdx-waste\/"},"modified":"2024-11-19T12:01:06","modified_gmt":"2024-11-19T12:01:06","slug":"godets-a-grappin-hdx-waste","status":"publish","type":"product","link":"https:\/\/www.whitesmh.co.uk\/fr\/produit\/godets-a-grappin-hdx-waste\/","title":{"rendered":"Godets \u00e0 grappin Hdx waste+"},"content":{"rendered":"\n<div class=\"wp-block-columns is-layout-flex wp-container-core-columns-is-layout-28f84493 wp-block-columns-is-layout-flex\">\n<div class=\"wp-block-column is-vertically-aligned-center is-layout-flow wp-block-column-is-layout-flow\">\n<figure class=\"wp-block-image size-full\"><img loading=\"lazy\" decoding=\"async\" width=\"2000\" height=\"1500\" src=\"https:\/\/www.whitesmh.co.uk\/wp-content\/uploads\/361680683_1314808642449112_4094801443334869295_n.jpg\" alt=\"\" class=\"wp-image-1161\" srcset=\"https:\/\/www.whitesmh.co.uk\/wp-content\/uploads\/361680683_1314808642449112_4094801443334869295_n.jpg 2000w, https:\/\/www.whitesmh.co.uk\/wp-content\/uploads\/361680683_1314808642449112_4094801443334869295_n-600x450.jpg 600w, https:\/\/www.whitesmh.co.uk\/wp-content\/uploads\/361680683_1314808642449112_4094801443334869295_n-800x600.jpg 800w, https:\/\/www.whitesmh.co.uk\/wp-content\/uploads\/361680683_1314808642449112_4094801443334869295_n-768x576.jpg 768w\" sizes=\"auto, (max-width: 800px) 100vw, 800px\" \/><\/figure>\n<\/div>\n\n\n\n<div class=\"wp-block-column is-layout-flow wp-block-column-is-layout-flow\">\n<h2 class=\"wp-block-heading\" style=\"text-transform:uppercase\">GODETS DE GRAPPINS HDX WASTE+<\/h2>\n\n\n\n<ul class=\"wp-block-list\">\n<li>Sp\u00e9cification ultra robuste<\/li>\n\n\n\n<li>Grappin fendu robuste Raex<\/li>\n\n\n\n<li>Coque et c\u00f4t\u00e9s de 8 mm<\/li>\n\n\n\n<li>Housses de protection de v\u00e9rin<\/li>\n\n\n\n<li>Amorti Ram<\/li>\n\n\n\n<li>Rev\u00eatement pour prot\u00e9ger les tuyaux et la vanne<\/li>\n\n\n\n<li>Bordure dentel\u00e9e pour la manutention des poteaux et des grumes<\/li>\n\n\n\n<li>But\u00e9es de maintien ouvertes et ferm\u00e9es pour la protection du v\u00e9rin et de la goupille<\/li>\n\n\n\n<li>Lame de coupe soud\u00e9e HB500<\/li>\n\n\n\n<li>HB500 Boulon 3 pi\u00e8ces sur plaque d\u2019orteil r\u00e9versible<\/li>\n\n\n\n<li>HB500 Tampons d\u2019usure inf\u00e9rieurs et couteaux lat\u00e9raux<\/li>\n\n\n\n<li>V\u00e9rins hydrauliques de grande capacit\u00e9<\/li>\n\n\n\n<li>Supports et coussinets de support enti\u00e8rement envelopp\u00e9s<\/li>\n\n\n\n<li>Coque de seau roul\u00e9e pour \u00e9viter que les mat\u00e9riaux ne collent<\/li>\n\n\n\n<li>Goupilles et bagues de haute qualit\u00e9<\/li>\n<\/ul>\n\n\n\n<div class=\"wp-block-columns is-layout-flex wp-container-core-columns-is-layout-28f84493 wp-block-columns-is-layout-flex\">\n<div class=\"wp-block-column is-layout-flow wp-block-column-is-layout-flow\" style=\"flex-basis:100%\">\n<figure class=\"wp-block-image size-medium is-resized\"><img loading=\"lazy\" decoding=\"async\" width=\"800\" height=\"103\" src=\"https:\/\/www.whitesmh.co.uk\/wp-content\/uploads\/MIB-HDX-800x103.jpg\" alt=\"\" class=\"wp-image-1190\" style=\"width:268px;height:auto\" srcset=\"https:\/\/www.whitesmh.co.uk\/wp-content\/uploads\/MIB-HDX-800x103.jpg 800w, https:\/\/www.whitesmh.co.uk\/wp-content\/uploads\/MIB-HDX-600x77.jpg 600w, https:\/\/www.whitesmh.co.uk\/wp-content\/uploads\/MIB-HDX-768x98.jpg 768w\" sizes=\"auto, (max-width: 800px) 100vw, 800px\" \/><\/figure>\n<\/div>\n<\/div>\n\n\n\n<div class=\"wp-block-buttons is-layout-flex wp-block-buttons-is-layout-flex\">\n<div class=\"wp-block-button\"><a class=\"wp-block-button__link wp-element-button\" href=\"https:\/\/www.whitesmh.co.uk\/fr\/contact\/\">CONTACTEZ-NOUS<\/a><\/div>\n\n\n\n<div class=\"wp-block-button\"><a class=\"wp-block-button__link wp-element-button\" href=\"https:\/\/www.whitesmh.co.uk\/support\/buckets-product-support\/\">SOUTIEN PRODUIT<\/a><\/div>\n\n\n\n<div class=\"wp-block-button\"><a class=\"wp-block-button__link wp-element-button\" href=\"https:\/\/www.whitesmh.co.uk\/wp-content\/uploads\/WMH-Data-Sheet-HDX-Waste-Grapple-Bucket.pptx\" target=\"_blank\" rel=\"noreferrer noopener\">FICHE<\/a><\/div>\n<\/div>\n<\/div>\n<\/div>\n\n<div class=\"wp-block-group has-primary-background-color has-background is-layout-flow wp-block-group-is-layout-flow\" style=\"margin-top:30px;margin-bottom:30px;padding-top:var(--wp--preset--spacing--40);padding-right:var(--wp--preset--spacing--40);padding-bottom:var(--wp--preset--spacing--40);padding-left:var(--wp--preset--spacing--40)\">\n<h3 class=\"wp-block-heading\">MACHINES D\u2019UNE CAPACIT\u00c9 ALLANT JUSQU\u2019\u00c0 2,7 TONNES<\/h3>\n<\/div>\n\n<figure class=\"wp-block-table\"><table><tbody><tr><td class=\"has-text-align-center\" data-align=\"center\"><strong>Mod\u00e8le<\/strong><\/td><td class=\"has-text-align-center\" data-align=\"center\"><strong>Largeur (mm)<\/strong><\/td><td class=\"has-text-align-center\" data-align=\"center\"><strong>Largeur (ft)<\/strong><\/td><td class=\"has-text-align-center\" data-align=\"center\"><strong>Capacit\u00e9<\/strong><\/td><\/tr><tr><td class=\"has-text-align-center\" data-align=\"center\">GB3X1650<\/td><td class=\"has-text-align-center\" data-align=\"center\">1650mm<\/td><td class=\"has-text-align-center\" data-align=\"center\">5&rsquo;4\u00a0\u00bb<\/td><td class=\"has-text-align-center\" data-align=\"center\">0,65 m3<\/td><\/tr><tr><td class=\"has-text-align-center\" data-align=\"center\">GB3X1850<\/td><td class=\"has-text-align-center\" data-align=\"center\">1850mm<\/td><td class=\"has-text-align-center\" data-align=\"center\">6&prime;<\/td><td class=\"has-text-align-center\" data-align=\"center\">0,95 m3<\/td><\/tr><\/tbody><\/table><\/figure>\n\n<div class=\"wp-block-group has-primary-background-color has-background is-layout-flow wp-block-group-is-layout-flow\" style=\"margin-top:30px;margin-bottom:30px;padding-top:var(--wp--preset--spacing--40);padding-right:var(--wp--preset--spacing--40);padding-bottom:var(--wp--preset--spacing--40);padding-left:var(--wp--preset--spacing--40)\">\n<h3 class=\"wp-block-heading\">MACHINES D\u2019UNE CAPACIT\u00c9 SUP\u00c9RIEURE \u00c0 3 TONNES<\/h3>\n<\/div>\n\n<figure class=\"wp-block-table\"><table><tbody><tr><td class=\"has-text-align-center\" data-align=\"center\"><strong>Mod\u00e8le<\/strong><\/td><td class=\"has-text-align-center\" data-align=\"center\"><strong>Largeur (mm)<\/strong><\/td><td class=\"has-text-align-center\" data-align=\"center\"><strong>Largeur (ft)<\/strong><\/td><td class=\"has-text-align-center\" data-align=\"center\"><strong>Capacit\u00e9<\/strong><\/td><\/tr><tr><td class=\"has-text-align-center\" data-align=\"center\">GXP1776<\/td><td class=\"has-text-align-center\" data-align=\"center\">2290mm<\/td><td class=\"has-text-align-center\" data-align=\"center\">7&rsquo;6\u00a0\u00bb<\/td><td class=\"has-text-align-center\" data-align=\"center\">1,70 m3<\/td><\/tr><tr><td class=\"has-text-align-center\" data-align=\"center\">GXP2076<\/td><td class=\"has-text-align-center\" data-align=\"center\">2290mm<\/td><td class=\"has-text-align-center\" data-align=\"center\">7&rsquo;6\u00a0\u00bb<\/td><td class=\"has-text-align-center\" data-align=\"center\">2.00m3<\/td><\/tr><tr><td class=\"has-text-align-center\" data-align=\"center\">GXP1780<\/td><td class=\"has-text-align-center\" data-align=\"center\">2450mm<\/td><td class=\"has-text-align-center\" data-align=\"center\">8&prime;<\/td><td class=\"has-text-align-center\" data-align=\"center\">1,75 m3<\/td><\/tr><tr><td class=\"has-text-align-center\" data-align=\"center\">GXP2380<\/td><td class=\"has-text-align-center\" data-align=\"center\">2450mm<\/td><td class=\"has-text-align-center\" data-align=\"center\">8&prime;<\/td><td class=\"has-text-align-center\" data-align=\"center\">2,30 m3<\/td><\/tr><tr><td class=\"has-text-align-center\" data-align=\"center\">GXP2588<\/td><td class=\"has-text-align-center\" data-align=\"center\">2640mm<\/td><td class=\"has-text-align-center\" data-align=\"center\">8&rsquo;8\u00a0\u00bb<\/td><td class=\"has-text-align-center\" data-align=\"center\">2,50 m3<\/td><\/tr><\/tbody><\/table><\/figure>\n\n<div class=\"wp-block-group is-layout-flow wp-block-group-is-layout-flow\">\n<div class=\"wp-block-group has-primary-background-color has-background is-layout-flow wp-block-group-is-layout-flow\" style=\"margin-top:30px;margin-bottom:30px;padding-top:var(--wp--preset--spacing--40);padding-right:var(--wp--preset--spacing--40);padding-bottom:var(--wp--preset--spacing--40);padding-left:var(--wp--preset--spacing--40)\">\n<h3 class=\"wp-block-heading\">MACHINES D\u2019UNE CAPACIT\u00c9 ALLANT JUSQU\u2019\u00c0 2,7 TONNES<\/h3>\n<\/div>\n\n\n\n<figure class=\"wp-block-gallery has-nested-images columns-4 is-cropped wp-block-gallery-1 is-layout-flex wp-block-gallery-is-layout-flex\">\n<figure class=\"wp-block-image size-large\"><a href=\"https:\/\/www.whitesmh.co.uk\/wp-content\/uploads\/8ebaa745-054f-486d-9f71-04311b44e1c0-1.jpeg\"><img loading=\"lazy\" decoding=\"async\" width=\"1400\" height=\"1050\" data-id=\"3260\" src=\"https:\/\/www.whitesmh.co.uk\/wp-content\/uploads\/8ebaa745-054f-486d-9f71-04311b44e1c0-1-1400x1050.jpeg\" alt=\"\" class=\"wp-image-3260\" srcset=\"https:\/\/www.whitesmh.co.uk\/wp-content\/uploads\/8ebaa745-054f-486d-9f71-04311b44e1c0-1-1400x1050.jpeg 1400w, https:\/\/www.whitesmh.co.uk\/wp-content\/uploads\/8ebaa745-054f-486d-9f71-04311b44e1c0-1-600x450.jpeg 600w, https:\/\/www.whitesmh.co.uk\/wp-content\/uploads\/8ebaa745-054f-486d-9f71-04311b44e1c0-1-800x600.jpeg 800w, https:\/\/www.whitesmh.co.uk\/wp-content\/uploads\/8ebaa745-054f-486d-9f71-04311b44e1c0-1-768x576.jpeg 768w\" sizes=\"auto, (max-width: 800px) 100vw, 800px\" \/><\/a><\/figure>\n\n\n\n<figure class=\"wp-block-image size-large\"><a href=\"https:\/\/www.whitesmh.co.uk\/wp-content\/uploads\/a0d8bf64-3a49-45bc-ae39-babd9ce6bab8-1.jpeg\"><img loading=\"lazy\" decoding=\"async\" width=\"1400\" height=\"1050\" data-id=\"3258\" src=\"https:\/\/www.whitesmh.co.uk\/wp-content\/uploads\/a0d8bf64-3a49-45bc-ae39-babd9ce6bab8-1-1400x1050.jpeg\" alt=\"\" class=\"wp-image-3258\" srcset=\"https:\/\/www.whitesmh.co.uk\/wp-content\/uploads\/a0d8bf64-3a49-45bc-ae39-babd9ce6bab8-1-1400x1050.jpeg 1400w, https:\/\/www.whitesmh.co.uk\/wp-content\/uploads\/a0d8bf64-3a49-45bc-ae39-babd9ce6bab8-1-600x450.jpeg 600w, https:\/\/www.whitesmh.co.uk\/wp-content\/uploads\/a0d8bf64-3a49-45bc-ae39-babd9ce6bab8-1-800x600.jpeg 800w, https:\/\/www.whitesmh.co.uk\/wp-content\/uploads\/a0d8bf64-3a49-45bc-ae39-babd9ce6bab8-1-768x576.jpeg 768w\" sizes=\"auto, (max-width: 800px) 100vw, 800px\" \/><\/a><\/figure>\n\n\n\n<figure class=\"wp-block-image size-large\"><a href=\"https:\/\/www.whitesmh.co.uk\/wp-content\/uploads\/78059fc0-3ed7-4575-b6a6-76ad085d37f0-1.jpeg\"><img loading=\"lazy\" decoding=\"async\" width=\"1400\" height=\"1050\" data-id=\"3256\" src=\"https:\/\/www.whitesmh.co.uk\/wp-content\/uploads\/78059fc0-3ed7-4575-b6a6-76ad085d37f0-1-1400x1050.jpeg\" alt=\"\" class=\"wp-image-3256\" srcset=\"https:\/\/www.whitesmh.co.uk\/wp-content\/uploads\/78059fc0-3ed7-4575-b6a6-76ad085d37f0-1-1400x1050.jpeg 1400w, https:\/\/www.whitesmh.co.uk\/wp-content\/uploads\/78059fc0-3ed7-4575-b6a6-76ad085d37f0-1-600x450.jpeg 600w, https:\/\/www.whitesmh.co.uk\/wp-content\/uploads\/78059fc0-3ed7-4575-b6a6-76ad085d37f0-1-800x600.jpeg 800w, https:\/\/www.whitesmh.co.uk\/wp-content\/uploads\/78059fc0-3ed7-4575-b6a6-76ad085d37f0-1-768x576.jpeg 768w\" sizes=\"auto, (max-width: 800px) 100vw, 800px\" \/><\/a><\/figure>\n\n\n\n<figure class=\"wp-block-image size-large\"><a href=\"https:\/\/www.whitesmh.co.uk\/wp-content\/uploads\/bf6eafb7-3307-495a-8f83-672a9a9e3ca4-1.jpeg\"><img loading=\"lazy\" decoding=\"async\" width=\"1400\" height=\"1050\" data-id=\"3259\" src=\"https:\/\/www.whitesmh.co.uk\/wp-content\/uploads\/bf6eafb7-3307-495a-8f83-672a9a9e3ca4-1-1400x1050.jpeg\" alt=\"\" class=\"wp-image-3259\" srcset=\"https:\/\/www.whitesmh.co.uk\/wp-content\/uploads\/bf6eafb7-3307-495a-8f83-672a9a9e3ca4-1-1400x1050.jpeg 1400w, https:\/\/www.whitesmh.co.uk\/wp-content\/uploads\/bf6eafb7-3307-495a-8f83-672a9a9e3ca4-1-600x450.jpeg 600w, https:\/\/www.whitesmh.co.uk\/wp-content\/uploads\/bf6eafb7-3307-495a-8f83-672a9a9e3ca4-1-800x600.jpeg 800w, https:\/\/www.whitesmh.co.uk\/wp-content\/uploads\/bf6eafb7-3307-495a-8f83-672a9a9e3ca4-1-768x576.jpeg 768w\" sizes=\"auto, (max-width: 800px) 100vw, 800px\" \/><\/a><\/figure>\n<\/figure>\n\n\n\n<div class=\"wp-block-group has-primary-background-color has-background is-layout-flow wp-block-group-is-layout-flow\" style=\"margin-top:30px;margin-bottom:30px;padding-top:var(--wp--preset--spacing--40);padding-right:var(--wp--preset--spacing--40);padding-bottom:var(--wp--preset--spacing--40);padding-left:var(--wp--preset--spacing--40)\">\n<h3 class=\"wp-block-heading\">MACHINES D\u2019UNE CAPACIT\u00c9 SUP\u00c9RIEURE \u00c0 3 TONNES<\/h3>\n<\/div>\n\n\n\n<figure class=\"wp-block-gallery has-nested-images columns-4 is-cropped wp-block-gallery-2 is-layout-flex wp-block-gallery-is-layout-flex\">\n<figure class=\"wp-block-image size-thumbnail\"><a href=\"https:\/\/www.whitesmh.co.uk\/wp-content\/uploads\/IMG_0635-scaled.jpeg\"><img loading=\"lazy\" decoding=\"async\" width=\"400\" height=\"400\" data-id=\"1196\" src=\"https:\/\/www.whitesmh.co.uk\/wp-content\/uploads\/IMG_0635-400x400.jpeg\" alt=\"\" class=\"wp-image-1196\" srcset=\"https:\/\/www.whitesmh.co.uk\/wp-content\/uploads\/IMG_0635-400x400.jpeg 400w, https:\/\/www.whitesmh.co.uk\/wp-content\/uploads\/IMG_0635-scaled-300x300.jpeg 300w, https:\/\/www.whitesmh.co.uk\/wp-content\/uploads\/IMG_0635-scaled-100x100.jpeg 100w\" sizes=\"auto, (max-width: 400px) 100vw, 400px\" \/><\/a><\/figure>\n\n\n\n<figure class=\"wp-block-image size-thumbnail\"><a href=\"https:\/\/www.whitesmh.co.uk\/wp-content\/uploads\/IMG_0633-scaled.jpeg\"><img loading=\"lazy\" decoding=\"async\" width=\"400\" height=\"400\" data-id=\"1195\" src=\"https:\/\/www.whitesmh.co.uk\/wp-content\/uploads\/IMG_0633-400x400.jpeg\" alt=\"\" class=\"wp-image-1195\" srcset=\"https:\/\/www.whitesmh.co.uk\/wp-content\/uploads\/IMG_0633-400x400.jpeg 400w, https:\/\/www.whitesmh.co.uk\/wp-content\/uploads\/IMG_0633-scaled-300x300.jpeg 300w, https:\/\/www.whitesmh.co.uk\/wp-content\/uploads\/IMG_0633-scaled-100x100.jpeg 100w\" sizes=\"auto, (max-width: 400px) 100vw, 400px\" \/><\/a><\/figure>\n\n\n\n<figure class=\"wp-block-image size-thumbnail\"><a href=\"https:\/\/www.whitesmh.co.uk\/wp-content\/uploads\/IMG_0632-scaled.jpeg\"><img loading=\"lazy\" decoding=\"async\" width=\"400\" height=\"400\" data-id=\"1194\" src=\"https:\/\/www.whitesmh.co.uk\/wp-content\/uploads\/IMG_0632-400x400.jpeg\" alt=\"\" class=\"wp-image-1194\" srcset=\"https:\/\/www.whitesmh.co.uk\/wp-content\/uploads\/IMG_0632-400x400.jpeg 400w, https:\/\/www.whitesmh.co.uk\/wp-content\/uploads\/IMG_0632-scaled-300x300.jpeg 300w, https:\/\/www.whitesmh.co.uk\/wp-content\/uploads\/IMG_0632-scaled-100x100.jpeg 100w\" sizes=\"auto, (max-width: 400px) 100vw, 400px\" \/><\/a><\/figure>\n\n\n\n<figure class=\"wp-block-image size-thumbnail\"><a href=\"https:\/\/www.whitesmh.co.uk\/wp-content\/uploads\/HDX1776-1.jpg\"><img loading=\"lazy\" decoding=\"async\" width=\"400\" height=\"400\" data-id=\"1193\" src=\"https:\/\/www.whitesmh.co.uk\/wp-content\/uploads\/HDX1776-1-400x400.jpg\" alt=\"\" class=\"wp-image-1193\" srcset=\"https:\/\/www.whitesmh.co.uk\/wp-content\/uploads\/HDX1776-1-400x400.jpg 400w, https:\/\/www.whitesmh.co.uk\/wp-content\/uploads\/HDX1776-1-300x300.jpg 300w, https:\/\/www.whitesmh.co.uk\/wp-content\/uploads\/HDX1776-1-100x100.jpg 100w\" sizes=\"auto, (max-width: 400px) 100vw, 400px\" \/><\/a><\/figure>\n\n\n\n<figure class=\"wp-block-image size-thumbnail\"><a href=\"https:\/\/www.whitesmh.co.uk\/wp-content\/uploads\/361829643_3445300359025860_6990567537800739337_n-1.jpg\"><img loading=\"lazy\" decoding=\"async\" width=\"400\" height=\"400\" data-id=\"1192\" src=\"https:\/\/www.whitesmh.co.uk\/wp-content\/uploads\/361829643_3445300359025860_6990567537800739337_n-1-400x400.jpg\" alt=\"\" class=\"wp-image-1192\" srcset=\"https:\/\/www.whitesmh.co.uk\/wp-content\/uploads\/361829643_3445300359025860_6990567537800739337_n-1-400x400.jpg 400w, https:\/\/www.whitesmh.co.uk\/wp-content\/uploads\/361829643_3445300359025860_6990567537800739337_n-1-300x300.jpg 300w, https:\/\/www.whitesmh.co.uk\/wp-content\/uploads\/361829643_3445300359025860_6990567537800739337_n-1-100x100.jpg 100w\" sizes=\"auto, (max-width: 400px) 100vw, 400px\" \/><\/a><\/figure>\n\n\n\n<figure class=\"wp-block-image size-thumbnail\"><a href=\"https:\/\/www.whitesmh.co.uk\/wp-content\/uploads\/361682359_234659489465405_1257722017602407132_n.jpg\"><img loading=\"lazy\" decoding=\"async\" width=\"400\" height=\"400\" data-id=\"1191\" src=\"https:\/\/www.whitesmh.co.uk\/wp-content\/uploads\/361682359_234659489465405_1257722017602407132_n-400x400.jpg\" alt=\"\" class=\"wp-image-1191\" srcset=\"https:\/\/www.whitesmh.co.uk\/wp-content\/uploads\/361682359_234659489465405_1257722017602407132_n-400x400.jpg 400w, https:\/\/www.whitesmh.co.uk\/wp-content\/uploads\/361682359_234659489465405_1257722017602407132_n-300x300.jpg 300w, https:\/\/www.whitesmh.co.uk\/wp-content\/uploads\/361682359_234659489465405_1257722017602407132_n-100x100.jpg 100w\" sizes=\"auto, (max-width: 400px) 100vw, 400px\" \/><\/a><\/figure>\n\n\n\n<figure class=\"wp-block-image size-thumbnail\"><a href=\"https:\/\/www.whitesmh.co.uk\/wp-content\/uploads\/IMG_1080-scaled.jpeg\"><img loading=\"lazy\" decoding=\"async\" width=\"400\" height=\"400\" data-id=\"1198\" src=\"https:\/\/www.whitesmh.co.uk\/wp-content\/uploads\/IMG_1080-400x400.jpeg\" alt=\"\" class=\"wp-image-1198\" srcset=\"https:\/\/www.whitesmh.co.uk\/wp-content\/uploads\/IMG_1080-400x400.jpeg 400w, https:\/\/www.whitesmh.co.uk\/wp-content\/uploads\/IMG_1080-scaled-300x300.jpeg 300w, https:\/\/www.whitesmh.co.uk\/wp-content\/uploads\/IMG_1080-scaled-100x100.jpeg 100w\" sizes=\"auto, (max-width: 400px) 100vw, 400px\" \/><\/a><\/figure>\n\n\n\n<figure class=\"wp-block-image size-thumbnail\"><a href=\"https:\/\/www.whitesmh.co.uk\/wp-content\/uploads\/IMG_1079-scaled.jpeg\"><img loading=\"lazy\" decoding=\"async\" width=\"400\" height=\"400\" data-id=\"1197\" src=\"https:\/\/www.whitesmh.co.uk\/wp-content\/uploads\/IMG_1079-400x400.jpeg\" alt=\"\" class=\"wp-image-1197\" srcset=\"https:\/\/www.whitesmh.co.uk\/wp-content\/uploads\/IMG_1079-400x400.jpeg 400w, https:\/\/www.whitesmh.co.uk\/wp-content\/uploads\/IMG_1079-scaled-300x300.jpeg 300w, https:\/\/www.whitesmh.co.uk\/wp-content\/uploads\/IMG_1079-scaled-100x100.jpeg 100w\" sizes=\"auto, (max-width: 400px) 100vw, 400px\" \/><\/a><\/figure>\n\n\n\n<figure class=\"wp-block-image size-thumbnail\"><a href=\"https:\/\/www.whitesmh.co.uk\/wp-content\/uploads\/WhatsApp-Image-2023-11-24-at-16.23.41-scaled.jpeg\"><img loading=\"lazy\" decoding=\"async\" width=\"400\" height=\"400\" data-id=\"1688\" src=\"https:\/\/www.whitesmh.co.uk\/wp-content\/uploads\/WhatsApp-Image-2023-11-24-at-16.23.41-400x400.jpeg\" alt=\"\" class=\"wp-image-1688\" srcset=\"https:\/\/www.whitesmh.co.uk\/wp-content\/uploads\/WhatsApp-Image-2023-11-24-at-16.23.41-400x400.jpeg 400w, https:\/\/www.whitesmh.co.uk\/wp-content\/uploads\/WhatsApp-Image-2023-11-24-at-16.23.41-scaled-300x300.jpeg 300w, https:\/\/www.whitesmh.co.uk\/wp-content\/uploads\/WhatsApp-Image-2023-11-24-at-16.23.41-scaled-100x100.jpeg 100w\" sizes=\"auto, (max-width: 400px) 100vw, 400px\" \/><\/a><\/figure>\n\n\n\n<figure class=\"wp-block-image size-thumbnail\"><a href=\"https:\/\/www.whitesmh.co.uk\/wp-content\/uploads\/1709491502745.jpg\"><img loading=\"lazy\" decoding=\"async\" width=\"400\" height=\"400\" data-id=\"2988\" src=\"https:\/\/www.whitesmh.co.uk\/wp-content\/uploads\/1709491502745-400x400.jpg\" alt=\"\" class=\"wp-image-2988\" srcset=\"https:\/\/www.whitesmh.co.uk\/wp-content\/uploads\/1709491502745-400x400.jpg 400w, https:\/\/www.whitesmh.co.uk\/wp-content\/uploads\/1709491502745-300x300.jpg 300w, https:\/\/www.whitesmh.co.uk\/wp-content\/uploads\/1709491502745-100x100.jpg 100w\" sizes=\"auto, (max-width: 400px) 100vw, 400px\" \/><\/a><\/figure>\n\n\n\n<figure class=\"wp-block-image size-thumbnail\"><a href=\"https:\/\/www.whitesmh.co.uk\/wp-content\/uploads\/WhatsApp-Image-2023-11-24-at-16.23.45-scaled.jpeg\"><img loading=\"lazy\" decoding=\"async\" width=\"400\" height=\"400\" data-id=\"1677\" src=\"https:\/\/www.whitesmh.co.uk\/wp-content\/uploads\/WhatsApp-Image-2023-11-24-at-16.23.45-400x400.jpeg\" alt=\"\" class=\"wp-image-1677\" srcset=\"https:\/\/www.whitesmh.co.uk\/wp-content\/uploads\/WhatsApp-Image-2023-11-24-at-16.23.45-400x400.jpeg 400w, https:\/\/www.whitesmh.co.uk\/wp-content\/uploads\/WhatsApp-Image-2023-11-24-at-16.23.45-scaled-300x300.jpeg 300w, https:\/\/www.whitesmh.co.uk\/wp-content\/uploads\/WhatsApp-Image-2023-11-24-at-16.23.45-scaled-100x100.jpeg 100w\" sizes=\"auto, (max-width: 400px) 100vw, 400px\" \/><\/a><\/figure>\n\n\n\n<figure class=\"wp-block-image size-thumbnail\"><a href=\"https:\/\/www.whitesmh.co.uk\/wp-content\/uploads\/1709491501309.jpg\"><img loading=\"lazy\" decoding=\"async\" width=\"400\" height=\"400\" data-id=\"2987\" src=\"https:\/\/www.whitesmh.co.uk\/wp-content\/uploads\/1709491501309-400x400.jpg\" alt=\"\" class=\"wp-image-2987\" srcset=\"https:\/\/www.whitesmh.co.uk\/wp-content\/uploads\/1709491501309-400x400.jpg 400w, https:\/\/www.whitesmh.co.uk\/wp-content\/uploads\/1709491501309-300x300.jpg 300w, https:\/\/www.whitesmh.co.uk\/wp-content\/uploads\/1709491501309-100x100.jpg 100w\" sizes=\"auto, (max-width: 400px) 100vw, 400px\" \/><\/a><\/figure>\n<\/figure>\n<\/div>\n\n<div class=\"wp-block-group has-primary-background-color has-background is-layout-flow wp-block-group-is-layout-flow\" style=\"margin-top:30px;margin-bottom:30px;padding-top:var(--wp--preset--spacing--40);padding-right:var(--wp--preset--spacing--40);padding-bottom:var(--wp--preset--spacing--40);padding-left:var(--wp--preset--spacing--40)\">\n<h3 class=\"wp-block-heading\">VID\u00c9OS<\/h3>\n<\/div>\n\n<figure class=\"wp-block-embed is-type-video is-provider-youtube wp-block-embed-youtube wp-embed-aspect-16-9 wp-has-aspect-ratio\"><div class=\"wp-block-embed__wrapper\">\n<iframe loading=\"lazy\" title=\"#WhitesDifference - HDX Waste+ Grapple Bucket\" width=\"800\" height=\"450\" src=\"https:\/\/www.youtube.com\/embed\/r3iQuGy6rP0?feature=oembed\" frameborder=\"0\" allow=\"accelerometer; autoplay; clipboard-write; encrypted-media; gyroscope; picture-in-picture; web-share\" referrerpolicy=\"strict-origin-when-cross-origin\" allowfullscreen><\/iframe>\n<\/div><\/figure>\n","protected":false},"excerpt":{"rendered":"<p>GODETS DE GRAPPINS HDX WASTE+ MACHINES D\u2019UNE CAPACIT\u00c9 ALLANT JUSQU\u2019\u00c0 2,7 TONNES Mod\u00e8le Largeur (mm) Largeur (ft) Capacit\u00e9 GB3X1650 1650mm 5&rsquo;4\u00a0\u00bb 0,65 m3 GB3X1850 1850mm 6&prime; 0,95 m3 MACHINES D\u2019UNE CAPACIT\u00c9 SUP\u00c9RIEURE \u00c0 3 TONNES Mod\u00e8le Largeur (mm) Largeur (ft) Capacit\u00e9 GXP1776 2290mm 7&rsquo;6\u00a0\u00bb 1,70 m3 GXP2076 2290mm 7&rsquo;6\u00a0\u00bb 2.00m3 GXP1780 2450mm 8&prime; 1,75 m3&hellip;<\/p>\n","protected":false},"featured_media":3740,"template":"","meta":{"_acf_changed":false},"product_brand":[],"product_cat":[296],"product_tag":[],"class_list":{"2":"type-product","7":"product","8":"first","9":"instock","10":"taxable","11":"shipping-taxable","12":"product-type-simple"},"acf":[],"_links":{"self":[{"href":"https:\/\/www.whitesmh.co.uk\/fr\/wp-json\/wp\/v2\/product\/4794","targetHints":{"allow":["GET"]}}],"collection":[{"href":"https:\/\/www.whitesmh.co.uk\/fr\/wp-json\/wp\/v2\/product"}],"about":[{"href":"https:\/\/www.whitesmh.co.uk\/fr\/wp-json\/wp\/v2\/types\/product"}],"wp:featuredmedia":[{"embeddable":true,"href":"https:\/\/www.whitesmh.co.uk\/fr\/wp-json\/wp\/v2\/media\/3740"}],"wp:attachment":[{"href":"https:\/\/www.whitesmh.co.uk\/fr\/wp-json\/wp\/v2\/media?parent=4794"}],"wp:term":[{"taxonomy":"product_brand","embeddable":true,"href":"https:\/\/www.whitesmh.co.uk\/fr\/wp-json\/wp\/v2\/product_brand?post=4794"},{"taxonomy":"product_cat","embeddable":true,"href":"https:\/\/www.whitesmh.co.uk\/fr\/wp-json\/wp\/v2\/product_cat?post=4794"},{"taxonomy":"product_tag","embeddable":true,"href":"https:\/\/www.whitesmh.co.uk\/fr\/wp-json\/wp\/v2\/product_tag?post=4794"}],"curies":[{"name":"wp","href":"https:\/\/api.w.org\/{rel}","templated":true}]}}