{"id":4792,"date":"2023-11-21T09:23:24","date_gmt":"2023-11-21T09:23:24","guid":{"rendered":"https:\/\/www.whitesmh.co.uk\/products\/fourches-a-herbe-ag-x\/"},"modified":"2024-11-19T12:01:13","modified_gmt":"2024-11-19T12:01:13","slug":"fourches-a-herbe-ag-x","status":"publish","type":"product","link":"https:\/\/www.whitesmh.co.uk\/fr\/produit\/fourches-a-herbe-ag-x\/","title":{"rendered":"Fourches \u00e0 herbe AG-X"},"content":{"rendered":"\n<div class=\"wp-block-columns is-layout-flex wp-container-core-columns-is-layout-28f84493 wp-block-columns-is-layout-flex\">\n<div class=\"wp-block-column is-layout-flow wp-block-column-is-layout-flow\">\n<h2 class=\"wp-block-heading\" style=\"text-transform:uppercase\">FOURCHES \u00c0 HERBE AG-X<\/h2>\n\n\n\n<p>La gamme de fourches \u00e0 herbe WHITES AG-X offre aux utilisateurs une option solide, fiable et durable pour travailler la pince sur leur chariot t\u00e9lescopique ou leur chargeuse sur pneus.<\/p>\n\n\n\n<ul class=\"wp-block-list\">\n<li>Dents Hardox de 1400 mm de long<\/li>\n\n\n\n<li>Bande d\u2019usure inf\u00e9rieure pleine largeur<\/li>\n\n\n\n<li>Patins d\u2019usure lat\u00e9raux HB500 pour la protection des murs<\/li>\n\n\n\n<li>Grandes fentes de visibilit\u00e9<\/li>\n\n\n\n<li>Protection contre les d\u00e9versements en treillis soud\u00e9<\/li>\n\n\n\n<li>Dents \u00e0 double face  <\/li>\n\n\n\n<li>Plaques inclin\u00e9es pour \u00e9viter l\u2019accumulation d\u2019herbe<\/li>\n\n\n\n<li>Supports boulonn\u00e9s  <\/li>\n\n\n\n<li>Plaque signal\u00e9tique personnalis\u00e9e en option<\/li>\n<\/ul>\n\n\n\n<div class=\"wp-block-columns is-layout-flex wp-container-core-columns-is-layout-28f84493 wp-block-columns-is-layout-flex\">\n<div class=\"wp-block-column is-layout-flow wp-block-column-is-layout-flow\" style=\"flex-basis:100%\">\n<figure class=\"wp-block-image size-medium is-resized\"><img loading=\"lazy\" decoding=\"async\" width=\"800\" height=\"135\" src=\"https:\/\/www.whitesmh.co.uk\/wp-content\/uploads\/MIB-AGX-800x135.jpg\" alt=\"\" class=\"wp-image-1173\" style=\"width:268px;height:auto\" srcset=\"https:\/\/www.whitesmh.co.uk\/wp-content\/uploads\/MIB-AGX-800x135.jpg 800w, https:\/\/www.whitesmh.co.uk\/wp-content\/uploads\/MIB-AGX-600x101.jpg 600w, https:\/\/www.whitesmh.co.uk\/wp-content\/uploads\/MIB-AGX-768x129.jpg 768w, https:\/\/www.whitesmh.co.uk\/wp-content\/uploads\/MIB-AGX.jpg 1046w\" sizes=\"auto, (max-width: 800px) 100vw, 800px\" \/><\/figure>\n<\/div>\n<\/div>\n\n\n\n<div class=\"wp-block-buttons is-layout-flex wp-block-buttons-is-layout-flex\">\n<div class=\"wp-block-button\"><a class=\"wp-block-button__link wp-element-button\" href=\"https:\/\/www.whitesmh.co.uk\/fr\/contact\/\">CONTACTEZ-NOUS<\/a><\/div>\n\n\n\n<div class=\"wp-block-button\"><a class=\"wp-block-button__link wp-element-button\" href=\"https:\/\/www.whitesmh.co.uk\/support\/grapples-product-support\/\">SOUTIEN PRODUIT<\/a><\/div>\n\n\n\n<div class=\"wp-block-button\"><a class=\"wp-block-button__link wp-element-button\" href=\"https:\/\/www.whitesmh.co.uk\/wp-content\/uploads\/WMH-Data-Sheet-Grass-Fork.pptx\" target=\"_blank\" rel=\"noreferrer noopener\">FICHE<\/a><\/div>\n<\/div>\n<\/div>\n\n\n\n<div class=\"wp-block-column is-vertically-aligned-center is-layout-flow wp-block-column-is-layout-flow\">\n<figure class=\"wp-block-image size-full\"><img loading=\"lazy\" decoding=\"async\" width=\"2000\" height=\"1500\" src=\"https:\/\/www.whitesmh.co.uk\/wp-content\/uploads\/IMG_1789-scaled.jpeg\" alt=\"\" class=\"wp-image-1393\" srcset=\"https:\/\/www.whitesmh.co.uk\/wp-content\/uploads\/IMG_1789-scaled.jpeg 2000w, https:\/\/www.whitesmh.co.uk\/wp-content\/uploads\/IMG_1789-scaled-600x450.jpeg 600w, https:\/\/www.whitesmh.co.uk\/wp-content\/uploads\/IMG_1789-800x600.jpeg 800w, https:\/\/www.whitesmh.co.uk\/wp-content\/uploads\/IMG_1789-768x576.jpeg 768w\" sizes=\"auto, (max-width: 800px) 100vw, 800px\" \/><\/figure>\n<\/div>\n<\/div>\n\n<div class=\"wp-block-group has-primary-background-color has-background is-layout-flow wp-block-group-is-layout-flow\" style=\"margin-top:30px;margin-bottom:30px;padding-top:var(--wp--preset--spacing--40);padding-right:var(--wp--preset--spacing--40);padding-bottom:var(--wp--preset--spacing--40);padding-left:var(--wp--preset--spacing--40)\">\n<h3 class=\"wp-block-heading\">MOD\u00c8LE<\/h3>\n<\/div>\n\n<figure class=\"wp-block-table\"><table><tbody><tr><td class=\"has-text-align-center\" data-align=\"center\"><strong>Mod\u00e8le<\/strong><\/td><td class=\"has-text-align-center\" data-align=\"center\"><strong>Largeur (ft)<\/strong><\/td><td class=\"has-text-align-center\" data-align=\"center\"><strong>Capacit\u00e9<\/strong><\/td><td class=\"has-text-align-center\" data-align=\"center\"><strong>Dents<\/strong><\/td><\/tr><tr><td class=\"has-text-align-center\" data-align=\"center\">GF80HX<\/td><td class=\"has-text-align-center\" data-align=\"center\">8 pieds<\/td><td class=\"has-text-align-center\" data-align=\"center\">4,50 m3<\/td><td class=\"has-text-align-center\" data-align=\"center\">Hardox<\/td><\/tr><tr><td class=\"has-text-align-center\" data-align=\"center\">GF90HX<\/td><td class=\"has-text-align-center\" data-align=\"center\">9 pieds<\/td><td class=\"has-text-align-center\" data-align=\"center\">5,15 m3<\/td><td class=\"has-text-align-center\" data-align=\"center\">Hardox<\/td><\/tr><tr><td class=\"has-text-align-center\" data-align=\"center\">GF10HX<\/td><td class=\"has-text-align-center\" data-align=\"center\">10 pieds<\/td><td class=\"has-text-align-center\" data-align=\"center\">5,70 m3<\/td><td class=\"has-text-align-center\" data-align=\"center\">Hardox<\/td><\/tr><\/tbody><\/table><\/figure>\n\n<div class=\"wp-block-group is-layout-flow wp-block-group-is-layout-flow\">\n<div class=\"wp-block-group has-primary-background-color has-background is-layout-flow wp-block-group-is-layout-flow\" style=\"margin-top:30px;margin-bottom:30px;padding-top:var(--wp--preset--spacing--40);padding-right:var(--wp--preset--spacing--40);padding-bottom:var(--wp--preset--spacing--40);padding-left:var(--wp--preset--spacing--40)\">\n<h3 class=\"wp-block-heading\">GALERIE<\/h3>\n<\/div>\n\n\n\n<figure class=\"wp-block-gallery has-nested-images columns-4 is-cropped wp-block-gallery-1 is-layout-flex wp-block-gallery-is-layout-flex\">\n<figure class=\"wp-block-image size-thumbnail\"><a href=\"https:\/\/www.whitesmh.co.uk\/wp-content\/uploads\/IMG_1788-scaled.jpeg\"><img loading=\"lazy\" decoding=\"async\" width=\"400\" height=\"400\" data-id=\"1392\" src=\"https:\/\/www.whitesmh.co.uk\/wp-content\/uploads\/IMG_1788-400x400.jpeg\" alt=\"\" class=\"wp-image-1392\" srcset=\"https:\/\/www.whitesmh.co.uk\/wp-content\/uploads\/IMG_1788-400x400.jpeg 400w, https:\/\/www.whitesmh.co.uk\/wp-content\/uploads\/IMG_1788-scaled-300x300.jpeg 300w, https:\/\/www.whitesmh.co.uk\/wp-content\/uploads\/IMG_1788-scaled-100x100.jpeg 100w\" sizes=\"auto, (max-width: 400px) 100vw, 400px\" \/><\/a><\/figure>\n\n\n\n<figure class=\"wp-block-image size-thumbnail\"><a href=\"https:\/\/www.whitesmh.co.uk\/wp-content\/uploads\/IMG_1786-scaled.jpeg\"><img loading=\"lazy\" decoding=\"async\" width=\"400\" height=\"400\" data-id=\"1391\" src=\"https:\/\/www.whitesmh.co.uk\/wp-content\/uploads\/IMG_1786-400x400.jpeg\" alt=\"\" class=\"wp-image-1391\" srcset=\"https:\/\/www.whitesmh.co.uk\/wp-content\/uploads\/IMG_1786-400x400.jpeg 400w, https:\/\/www.whitesmh.co.uk\/wp-content\/uploads\/IMG_1786-scaled-300x300.jpeg 300w, https:\/\/www.whitesmh.co.uk\/wp-content\/uploads\/IMG_1786-scaled-100x100.jpeg 100w\" sizes=\"auto, (max-width: 400px) 100vw, 400px\" \/><\/a><\/figure>\n\n\n\n<figure class=\"wp-block-image size-thumbnail\"><a href=\"https:\/\/www.whitesmh.co.uk\/wp-content\/uploads\/IMG_1785-scaled.jpeg\"><img loading=\"lazy\" decoding=\"async\" width=\"400\" height=\"400\" data-id=\"1390\" src=\"https:\/\/www.whitesmh.co.uk\/wp-content\/uploads\/IMG_1785-400x400.jpeg\" alt=\"\" class=\"wp-image-1390\" srcset=\"https:\/\/www.whitesmh.co.uk\/wp-content\/uploads\/IMG_1785-400x400.jpeg 400w, https:\/\/www.whitesmh.co.uk\/wp-content\/uploads\/IMG_1785-scaled-300x300.jpeg 300w, https:\/\/www.whitesmh.co.uk\/wp-content\/uploads\/IMG_1785-scaled-100x100.jpeg 100w\" sizes=\"auto, (max-width: 400px) 100vw, 400px\" \/><\/a><\/figure>\n\n\n\n<figure class=\"wp-block-image size-thumbnail\"><a href=\"https:\/\/www.whitesmh.co.uk\/wp-content\/uploads\/IMG_1784-scaled.jpeg\"><img loading=\"lazy\" decoding=\"async\" width=\"400\" height=\"400\" data-id=\"1389\" src=\"https:\/\/www.whitesmh.co.uk\/wp-content\/uploads\/IMG_1784-400x400.jpeg\" alt=\"\" class=\"wp-image-1389\" srcset=\"https:\/\/www.whitesmh.co.uk\/wp-content\/uploads\/IMG_1784-400x400.jpeg 400w, https:\/\/www.whitesmh.co.uk\/wp-content\/uploads\/IMG_1784-scaled-300x300.jpeg 300w, https:\/\/www.whitesmh.co.uk\/wp-content\/uploads\/IMG_1784-scaled-100x100.jpeg 100w\" sizes=\"auto, (max-width: 400px) 100vw, 400px\" \/><\/a><\/figure>\n\n\n\n<figure class=\"wp-block-image size-thumbnail\"><a href=\"https:\/\/www.whitesmh.co.uk\/wp-content\/uploads\/IMG_1780-scaled.jpeg\"><img loading=\"lazy\" decoding=\"async\" width=\"400\" height=\"400\" data-id=\"1388\" src=\"https:\/\/www.whitesmh.co.uk\/wp-content\/uploads\/IMG_1780-400x400.jpeg\" alt=\"\" class=\"wp-image-1388\" srcset=\"https:\/\/www.whitesmh.co.uk\/wp-content\/uploads\/IMG_1780-400x400.jpeg 400w, https:\/\/www.whitesmh.co.uk\/wp-content\/uploads\/IMG_1780-scaled-300x300.jpeg 300w, https:\/\/www.whitesmh.co.uk\/wp-content\/uploads\/IMG_1780-scaled-100x100.jpeg 100w\" sizes=\"auto, (max-width: 400px) 100vw, 400px\" \/><\/a><\/figure>\n\n\n\n<figure class=\"wp-block-image size-thumbnail\"><a href=\"https:\/\/www.whitesmh.co.uk\/wp-content\/uploads\/IMG_1779-scaled.jpeg\"><img loading=\"lazy\" decoding=\"async\" width=\"400\" height=\"400\" data-id=\"1387\" src=\"https:\/\/www.whitesmh.co.uk\/wp-content\/uploads\/IMG_1779-400x400.jpeg\" alt=\"\" class=\"wp-image-1387\" srcset=\"https:\/\/www.whitesmh.co.uk\/wp-content\/uploads\/IMG_1779-400x400.jpeg 400w, https:\/\/www.whitesmh.co.uk\/wp-content\/uploads\/IMG_1779-scaled-300x300.jpeg 300w, https:\/\/www.whitesmh.co.uk\/wp-content\/uploads\/IMG_1779-scaled-100x100.jpeg 100w\" sizes=\"auto, (max-width: 400px) 100vw, 400px\" \/><\/a><\/figure>\n\n\n\n<figure class=\"wp-block-image size-thumbnail\"><a href=\"https:\/\/www.whitesmh.co.uk\/wp-content\/uploads\/IMG_1778-scaled.jpeg\"><img loading=\"lazy\" decoding=\"async\" width=\"400\" height=\"400\" data-id=\"1386\" src=\"https:\/\/www.whitesmh.co.uk\/wp-content\/uploads\/IMG_1778-400x400.jpeg\" alt=\"\" class=\"wp-image-1386\" srcset=\"https:\/\/www.whitesmh.co.uk\/wp-content\/uploads\/IMG_1778-400x400.jpeg 400w, https:\/\/www.whitesmh.co.uk\/wp-content\/uploads\/IMG_1778-scaled-300x300.jpeg 300w, https:\/\/www.whitesmh.co.uk\/wp-content\/uploads\/IMG_1778-scaled-100x100.jpeg 100w\" sizes=\"auto, (max-width: 400px) 100vw, 400px\" \/><\/a><\/figure>\n\n\n\n<figure class=\"wp-block-image size-thumbnail\"><a href=\"https:\/\/www.whitesmh.co.uk\/wp-content\/uploads\/IMG_1776-scaled.jpeg\"><img loading=\"lazy\" decoding=\"async\" width=\"400\" height=\"400\" data-id=\"1385\" src=\"https:\/\/www.whitesmh.co.uk\/wp-content\/uploads\/IMG_1776-400x400.jpeg\" alt=\"\" class=\"wp-image-1385\" srcset=\"https:\/\/www.whitesmh.co.uk\/wp-content\/uploads\/IMG_1776-400x400.jpeg 400w, https:\/\/www.whitesmh.co.uk\/wp-content\/uploads\/IMG_1776-scaled-300x300.jpeg 300w, https:\/\/www.whitesmh.co.uk\/wp-content\/uploads\/IMG_1776-scaled-100x100.jpeg 100w\" sizes=\"auto, (max-width: 400px) 100vw, 400px\" \/><\/a><\/figure>\n<\/figure>\n<\/div>\n\n<div class=\"wp-block-group is-layout-constrained wp-block-group-is-layout-constrained\">\n<div class=\"wp-block-group alignfull has-primary-background-color has-background is-layout-flow wp-block-group-is-layout-flow\" style=\"margin-top:30px;margin-bottom:30px;padding-top:var(--wp--preset--spacing--40);padding-right:var(--wp--preset--spacing--40);padding-bottom:var(--wp--preset--spacing--40);padding-left:var(--wp--preset--spacing--40)\">\n<h3 class=\"wp-block-heading\">PRODUITS CONNEXES<\/h3>\n<\/div>\n\n\n\n<div class=\"product-grid flex\">\n\t\t<div class=\"col-25 padBottom\">\n\t\t<a href=\"https:\/\/www.whitesmh.co.uk\/fr\/produit\/racleurs-ag-x\/\" title=\"Racleurs AG-X\" class=\"block radius\">\n\t\t\t\t\t\t<div class=\"thumb\">\n\t\t\t\t<img loading=\"lazy\" decoding=\"async\" width=\"400\" height=\"400\" src=\"https:\/\/www.whitesmh.co.uk\/wp-content\/uploads\/Buckrake-400x400.jpg\" class=\"attachment-thumbnail size-thumbnail wp-post-image\" alt=\"\" srcset=\"https:\/\/www.whitesmh.co.uk\/wp-content\/uploads\/Buckrake-400x400.jpg 400w, https:\/\/www.whitesmh.co.uk\/wp-content\/uploads\/Buckrake-300x300.jpg 300w, https:\/\/www.whitesmh.co.uk\/wp-content\/uploads\/Buckrake-100x100.jpg 100w\" sizes=\"auto, (max-width: 400px) 100vw, 400px\" \/>\t\t\t\t\t\t\t\t\t\n\t\t\t<\/div>\n\t\t\t\t\t\t<div class=\"meta smlPadAll\">\n\t\t\t\t<h4 class=\"no-margin\">Racleurs AG-X<\/h4>\n\t\t\t\t<span class=\"blue button marTop\">Find out more <i class=\"fa-solid fa-chevron-right\"><\/i><\/span>\n\t\t\t<\/div>\n\t\t<\/a>\n\t<\/div>\n\t<\/div>\n<\/div>\n","protected":false},"excerpt":{"rendered":"<p>FOURCHES \u00c0 HERBE AG-X La gamme de fourches \u00e0 herbe WHITES AG-X offre aux utilisateurs une option solide, fiable et durable pour travailler la pince sur leur chariot t\u00e9lescopique ou leur chargeuse sur pneus. MOD\u00c8LE Mod\u00e8le Largeur (ft) Capacit\u00e9 Dents GF80HX 8 pieds 4,50 m3 Hardox GF90HX 9 pieds 5,15 m3 Hardox GF10HX 10 pieds&hellip;<\/p>\n","protected":false},"featured_media":3726,"template":"","meta":{"_acf_changed":false},"product_brand":[],"product_cat":[294,303],"product_tag":[],"class_list":{"2":"type-product","8":"product","9":"first","10":"instock","11":"taxable","12":"shipping-taxable","13":"product-type-simple"},"acf":[],"_links":{"self":[{"href":"https:\/\/www.whitesmh.co.uk\/fr\/wp-json\/wp\/v2\/product\/4792","targetHints":{"allow":["GET"]}}],"collection":[{"href":"https:\/\/www.whitesmh.co.uk\/fr\/wp-json\/wp\/v2\/product"}],"about":[{"href":"https:\/\/www.whitesmh.co.uk\/fr\/wp-json\/wp\/v2\/types\/product"}],"wp:featuredmedia":[{"embeddable":true,"href":"https:\/\/www.whitesmh.co.uk\/fr\/wp-json\/wp\/v2\/media\/3726"}],"wp:attachment":[{"href":"https:\/\/www.whitesmh.co.uk\/fr\/wp-json\/wp\/v2\/media?parent=4792"}],"wp:term":[{"taxonomy":"product_brand","embeddable":true,"href":"https:\/\/www.whitesmh.co.uk\/fr\/wp-json\/wp\/v2\/product_brand?post=4792"},{"taxonomy":"product_cat","embeddable":true,"href":"https:\/\/www.whitesmh.co.uk\/fr\/wp-json\/wp\/v2\/product_cat?post=4792"},{"taxonomy":"product_tag","embeddable":true,"href":"https:\/\/www.whitesmh.co.uk\/fr\/wp-json\/wp\/v2\/product_tag?post=4792"}],"curies":[{"name":"wp","href":"https:\/\/api.w.org\/{rel}","templated":true}]}}