{"id":4790,"date":"2023-11-21T08:06:27","date_gmt":"2023-11-21T08:06:27","guid":{"rendered":"https:\/\/www.whitesmh.co.uk\/products\/pointes-de-balles-ag-x\/"},"modified":"2024-11-19T11:52:46","modified_gmt":"2024-11-19T11:52:46","slug":"pointes-de-balles-ag-x","status":"publish","type":"product","link":"https:\/\/www.whitesmh.co.uk\/fr\/produit\/pointes-de-balles-ag-x\/","title":{"rendered":"Pointes de balles AG-X"},"content":{"rendered":"\n<div class=\"wp-block-columns is-layout-flex wp-container-core-columns-is-layout-28f84493 wp-block-columns-is-layout-flex\">\n<div class=\"wp-block-column is-vertically-aligned-center is-layout-flow wp-block-column-is-layout-flow\">\n<figure class=\"wp-block-image size-full\"><img loading=\"lazy\" decoding=\"async\" width=\"2000\" height=\"1500\" src=\"https:\/\/www.whitesmh.co.uk\/wp-content\/uploads\/IMG_1640-scaled.jpeg\" alt=\"\" class=\"wp-image-1158\" srcset=\"https:\/\/www.whitesmh.co.uk\/wp-content\/uploads\/IMG_1640-scaled.jpeg 2000w, https:\/\/www.whitesmh.co.uk\/wp-content\/uploads\/IMG_1640-scaled-600x450.jpeg 600w, https:\/\/www.whitesmh.co.uk\/wp-content\/uploads\/IMG_1640-800x600.jpeg 800w, https:\/\/www.whitesmh.co.uk\/wp-content\/uploads\/IMG_1640-768x576.jpeg 768w\" sizes=\"auto, (max-width: 800px) 100vw, 800px\" \/><\/figure>\n<\/div>\n\n\n\n<div class=\"wp-block-column is-layout-flow wp-block-column-is-layout-flow\">\n<h2 class=\"wp-block-heading\" style=\"text-transform:uppercase\">POINTES DE BALLES AG-X<\/h2>\n\n\n\n<p>La gamme de pointes \u00e0 balles WHITES AG-X est con\u00e7ue pour s\u2019adapter \u00e0 une gamme de tailles et de formes de balles. Tous les mod\u00e8les sont \u00e9quip\u00e9s de dents \u00e0 douille et de cadres de section de bo\u00eete surdimensionn\u00e9s.  <\/p>\n\n\n\n<ul class=\"wp-block-list\">\n<li>Des mod\u00e8les adapt\u00e9s \u00e0 toutes les formes et tailles de balles  <\/li>\n\n\n\n<li>Construction solide en caisson<\/li>\n\n\n\n<li>Dents forg\u00e9es rempla\u00e7ables \u00e0 haute teneur en carbone<\/li>\n\n\n\n<li>Livr\u00e9 avec des supports de montage  <\/li>\n\n\n\n<li>Extension r\u00e9glable BS5E (1290mm &gt; 1950mm)<\/li>\n<\/ul>\n\n\n\n<div class=\"wp-block-columns is-layout-flex wp-container-core-columns-is-layout-28f84493 wp-block-columns-is-layout-flex\">\n<div class=\"wp-block-column is-layout-flow wp-block-column-is-layout-flow\" style=\"flex-basis:100%\">\n<figure class=\"wp-block-image size-medium is-resized\"><img loading=\"lazy\" decoding=\"async\" width=\"800\" height=\"135\" src=\"https:\/\/www.whitesmh.co.uk\/wp-content\/uploads\/MIB-AGX-800x135.jpg\" alt=\"\" class=\"wp-image-1173\" style=\"width:268px;height:auto\" srcset=\"https:\/\/www.whitesmh.co.uk\/wp-content\/uploads\/MIB-AGX-800x135.jpg 800w, https:\/\/www.whitesmh.co.uk\/wp-content\/uploads\/MIB-AGX-600x101.jpg 600w, https:\/\/www.whitesmh.co.uk\/wp-content\/uploads\/MIB-AGX-768x129.jpg 768w, https:\/\/www.whitesmh.co.uk\/wp-content\/uploads\/MIB-AGX.jpg 1046w\" sizes=\"auto, (max-width: 800px) 100vw, 800px\" \/><\/figure>\n<\/div>\n<\/div>\n\n\n\n<div class=\"wp-block-buttons is-layout-flex wp-block-buttons-is-layout-flex\">\n<div class=\"wp-block-button\"><a class=\"wp-block-button__link wp-element-button\" href=\"https:\/\/www.whitesmh.co.uk\/fr\/contact\/\">CONTACTEZ-NOUS<\/a><\/div>\n\n\n\n<div class=\"wp-block-button\"><a class=\"wp-block-button__link wp-element-button\" href=\"https:\/\/www.whitesmh.co.uk\/docs\/bale-spikes-product-support\/\">SOUTIEN PRODUIT<\/a><\/div>\n\n\n\n<div class=\"wp-block-button\"><a class=\"wp-block-button__link wp-element-button\" href=\"https:\/\/www.whitesmh.co.uk\/wp-content\/uploads\/WMH-Data-Sheet-Bale-Spikes.pptx\" target=\"_blank\" rel=\"noreferrer noopener\">FICHE<\/a><\/div>\n<\/div>\n<\/div>\n<\/div>\n\n<div class=\"wp-block-group has-primary-background-color has-background is-layout-flow wp-block-group-is-layout-flow\" style=\"margin-top:30px;margin-bottom:30px;padding-top:var(--wp--preset--spacing--40);padding-right:var(--wp--preset--spacing--40);padding-bottom:var(--wp--preset--spacing--40);padding-left:var(--wp--preset--spacing--40)\">\n<h3 class=\"wp-block-heading\">MOD\u00c8LE<\/h3>\n<\/div>\n\n<figure class=\"wp-block-table\"><table><tbody><tr><td class=\"has-text-align-center\" data-align=\"center\"><strong>Mod\u00e8le<\/strong><\/td><td class=\"has-text-align-center\" data-align=\"center\"><strong>Dents<\/strong><\/td><td class=\"has-text-align-center\" data-align=\"center\"><strong>Balles rondes<\/strong><\/td><td class=\"has-text-align-center\" data-align=\"center\"><strong>Balles carr\u00e9es<\/strong><\/td><\/tr><tr><td class=\"has-text-align-center\" data-align=\"center\">BS2K<\/td><td class=\"has-text-align-center\" data-align=\"center\">2<\/td><td class=\"has-text-align-center\" data-align=\"center\">1<\/td><td class=\"has-text-align-center\" data-align=\"center\">1<\/td><\/tr><tr><td class=\"has-text-align-center\" data-align=\"center\">BS4K<\/td><td class=\"has-text-align-center\" data-align=\"center\">6<\/td><td class=\"has-text-align-center\" data-align=\"center\">2<\/td><td class=\"has-text-align-center\" data-align=\"center\">1<\/td><\/tr><tr><td class=\"has-text-align-center\" data-align=\"center\">BS5E<\/td><td class=\"has-text-align-center\" data-align=\"center\">5<\/td><td class=\"has-text-align-center\" data-align=\"center\">2<\/td><td class=\"has-text-align-center\" data-align=\"center\">2\/3<\/td><\/tr><\/tbody><\/table><\/figure>\n\n<div class=\"wp-block-group is-layout-flow wp-block-group-is-layout-flow\">\n<div class=\"wp-block-group has-primary-background-color has-background is-layout-flow wp-block-group-is-layout-flow\" style=\"margin-top:30px;margin-bottom:30px;padding-top:var(--wp--preset--spacing--40);padding-right:var(--wp--preset--spacing--40);padding-bottom:var(--wp--preset--spacing--40);padding-left:var(--wp--preset--spacing--40)\">\n<h3 class=\"wp-block-heading\">GALERIE<\/h3>\n<\/div>\n\n\n\n<figure class=\"wp-block-gallery has-nested-images columns-4 is-cropped wp-block-gallery-1 is-layout-flex wp-block-gallery-is-layout-flex\">\n<figure class=\"wp-block-image size-thumbnail\"><a href=\"https:\/\/www.whitesmh.co.uk\/wp-content\/uploads\/dedde449-2152-4733-9303-533e3f9802e6.jpeg\"><img loading=\"lazy\" decoding=\"async\" width=\"400\" height=\"400\" data-id=\"2798\" src=\"https:\/\/www.whitesmh.co.uk\/wp-content\/uploads\/dedde449-2152-4733-9303-533e3f9802e6-400x400.jpeg\" alt=\"\" class=\"wp-image-2798\" srcset=\"https:\/\/www.whitesmh.co.uk\/wp-content\/uploads\/dedde449-2152-4733-9303-533e3f9802e6-400x400.jpeg 400w, https:\/\/www.whitesmh.co.uk\/wp-content\/uploads\/dedde449-2152-4733-9303-533e3f9802e6-300x300.jpeg 300w, https:\/\/www.whitesmh.co.uk\/wp-content\/uploads\/dedde449-2152-4733-9303-533e3f9802e6-100x100.jpeg 100w\" sizes=\"auto, (max-width: 400px) 100vw, 400px\" \/><\/a><figcaption class=\"wp-element-caption\">Pointe de balles BS5E<\/figcaption><\/figure>\n\n\n\n<figure class=\"wp-block-image size-thumbnail\"><a href=\"https:\/\/www.whitesmh.co.uk\/wp-content\/uploads\/be5fbc61-177f-46eb-8f27-b0b9bddfa4ce.jpeg\"><img loading=\"lazy\" decoding=\"async\" width=\"400\" height=\"400\" data-id=\"2797\" src=\"https:\/\/www.whitesmh.co.uk\/wp-content\/uploads\/be5fbc61-177f-46eb-8f27-b0b9bddfa4ce-400x400.jpeg\" alt=\"\" class=\"wp-image-2797\" srcset=\"https:\/\/www.whitesmh.co.uk\/wp-content\/uploads\/be5fbc61-177f-46eb-8f27-b0b9bddfa4ce-400x400.jpeg 400w, https:\/\/www.whitesmh.co.uk\/wp-content\/uploads\/be5fbc61-177f-46eb-8f27-b0b9bddfa4ce-300x300.jpeg 300w, https:\/\/www.whitesmh.co.uk\/wp-content\/uploads\/be5fbc61-177f-46eb-8f27-b0b9bddfa4ce-100x100.jpeg 100w\" sizes=\"auto, (max-width: 400px) 100vw, 400px\" \/><\/a><figcaption class=\"wp-element-caption\">Pointe de balles BS5E<\/figcaption><\/figure>\n\n\n\n<figure class=\"wp-block-image size-thumbnail\"><a href=\"https:\/\/www.whitesmh.co.uk\/wp-content\/uploads\/IMG_1643-scaled.jpeg\"><img loading=\"lazy\" decoding=\"async\" width=\"400\" height=\"400\" data-id=\"1291\" src=\"https:\/\/www.whitesmh.co.uk\/wp-content\/uploads\/IMG_1643-400x400.jpeg\" alt=\"\" class=\"wp-image-1291\" srcset=\"https:\/\/www.whitesmh.co.uk\/wp-content\/uploads\/IMG_1643-400x400.jpeg 400w, https:\/\/www.whitesmh.co.uk\/wp-content\/uploads\/IMG_1643-scaled-300x300.jpeg 300w, https:\/\/www.whitesmh.co.uk\/wp-content\/uploads\/IMG_1643-scaled-100x100.jpeg 100w\" sizes=\"auto, (max-width: 400px) 100vw, 400px\" \/><\/a><figcaption class=\"wp-element-caption\">Pointe de balles BS5E<\/figcaption><\/figure>\n\n\n\n<figure class=\"wp-block-image size-thumbnail\"><a href=\"https:\/\/www.whitesmh.co.uk\/wp-content\/uploads\/IMG_1641-scaled.jpeg\"><img loading=\"lazy\" decoding=\"async\" width=\"400\" height=\"400\" data-id=\"1289\" src=\"https:\/\/www.whitesmh.co.uk\/wp-content\/uploads\/IMG_1641-400x400.jpeg\" alt=\"\" class=\"wp-image-1289\" srcset=\"https:\/\/www.whitesmh.co.uk\/wp-content\/uploads\/IMG_1641-400x400.jpeg 400w, https:\/\/www.whitesmh.co.uk\/wp-content\/uploads\/IMG_1641-scaled-300x300.jpeg 300w, https:\/\/www.whitesmh.co.uk\/wp-content\/uploads\/IMG_1641-scaled-100x100.jpeg 100w\" sizes=\"auto, (max-width: 400px) 100vw, 400px\" \/><\/a><figcaption class=\"wp-element-caption\">Pointe de balles BS5E<\/figcaption><\/figure>\n\n\n\n<figure class=\"wp-block-image size-thumbnail\"><a href=\"https:\/\/www.whitesmh.co.uk\/wp-content\/uploads\/BS2K07FA-01.jpg\"><img loading=\"lazy\" decoding=\"async\" width=\"400\" height=\"400\" data-id=\"1292\" src=\"https:\/\/www.whitesmh.co.uk\/wp-content\/uploads\/BS2K07FA-01-400x400.jpg\" alt=\"\" class=\"wp-image-1292\" srcset=\"https:\/\/www.whitesmh.co.uk\/wp-content\/uploads\/BS2K07FA-01-400x400.jpg 400w, https:\/\/www.whitesmh.co.uk\/wp-content\/uploads\/BS2K07FA-01-300x300.jpg 300w, https:\/\/www.whitesmh.co.uk\/wp-content\/uploads\/BS2K07FA-01-100x100.jpg 100w\" sizes=\"auto, (max-width: 400px) 100vw, 400px\" \/><\/a><figcaption class=\"wp-element-caption\">Pointe de balle BS2K<\/figcaption><\/figure>\n\n\n\n<figure class=\"wp-block-image size-thumbnail\"><a href=\"https:\/\/www.whitesmh.co.uk\/wp-content\/uploads\/BS4K.jpg\"><img loading=\"lazy\" decoding=\"async\" width=\"400\" height=\"400\" data-id=\"1293\" src=\"https:\/\/www.whitesmh.co.uk\/wp-content\/uploads\/BS4K-400x400.jpg\" alt=\"\" class=\"wp-image-1293\" srcset=\"https:\/\/www.whitesmh.co.uk\/wp-content\/uploads\/BS4K-400x400.jpg 400w, https:\/\/www.whitesmh.co.uk\/wp-content\/uploads\/BS4K-300x300.jpg 300w, https:\/\/www.whitesmh.co.uk\/wp-content\/uploads\/BS4K-100x100.jpg 100w\" sizes=\"auto, (max-width: 400px) 100vw, 400px\" \/><\/a><figcaption class=\"wp-element-caption\">Pointe de balle BS4K<\/figcaption><\/figure>\n\n\n\n<figure class=\"wp-block-image size-thumbnail\"><a href=\"https:\/\/www.whitesmh.co.uk\/wp-content\/uploads\/BS-5E-IMAGE-1.jpg\"><img loading=\"lazy\" decoding=\"async\" width=\"400\" height=\"400\" data-id=\"1294\" src=\"https:\/\/www.whitesmh.co.uk\/wp-content\/uploads\/BS-5E-IMAGE-1-400x400.jpg\" alt=\"\" class=\"wp-image-1294\" srcset=\"https:\/\/www.whitesmh.co.uk\/wp-content\/uploads\/BS-5E-IMAGE-1-400x400.jpg 400w, https:\/\/www.whitesmh.co.uk\/wp-content\/uploads\/BS-5E-IMAGE-1-300x300.jpg 300w, https:\/\/www.whitesmh.co.uk\/wp-content\/uploads\/BS-5E-IMAGE-1-100x100.jpg 100w\" sizes=\"auto, (max-width: 400px) 100vw, 400px\" \/><\/a><figcaption class=\"wp-element-caption\">Pointe de balles BS5E<\/figcaption><\/figure>\n\n\n\n<figure class=\"wp-block-image size-thumbnail\"><a href=\"https:\/\/www.whitesmh.co.uk\/wp-content\/uploads\/BS-5E-IMAGE-2.jpg\"><img loading=\"lazy\" decoding=\"async\" width=\"400\" height=\"400\" data-id=\"1295\" src=\"https:\/\/www.whitesmh.co.uk\/wp-content\/uploads\/BS-5E-IMAGE-2-400x400.jpg\" alt=\"\" class=\"wp-image-1295\" srcset=\"https:\/\/www.whitesmh.co.uk\/wp-content\/uploads\/BS-5E-IMAGE-2-400x400.jpg 400w, https:\/\/www.whitesmh.co.uk\/wp-content\/uploads\/BS-5E-IMAGE-2-300x300.jpg 300w, https:\/\/www.whitesmh.co.uk\/wp-content\/uploads\/BS-5E-IMAGE-2-100x100.jpg 100w\" sizes=\"auto, (max-width: 400px) 100vw, 400px\" \/><\/a><figcaption class=\"wp-element-caption\">Pointe de balles BS5E<\/figcaption><\/figure>\n<\/figure>\n<\/div>\n\n<div class=\"wp-block-group has-primary-background-color has-background is-layout-flow wp-block-group-is-layout-flow\" style=\"margin-top:30px;margin-bottom:30px;padding-top:var(--wp--preset--spacing--40);padding-right:var(--wp--preset--spacing--40);padding-bottom:var(--wp--preset--spacing--40);padding-left:var(--wp--preset--spacing--40)\">\n<h3 class=\"wp-block-heading\">VID\u00c9OS<\/h3>\n<\/div>\n\n<figure class=\"wp-block-embed is-type-video is-provider-youtube wp-block-embed-youtube wp-embed-aspect-16-9 wp-has-aspect-ratio\"><div class=\"wp-block-embed__wrapper\">\n<iframe loading=\"lazy\" title=\"#60SecondFeatures - BS5E Adjustable Bale Spike\" width=\"800\" height=\"450\" src=\"https:\/\/www.youtube.com\/embed\/Pca0Q1QrdAg?feature=oembed\" frameborder=\"0\" allow=\"accelerometer; autoplay; clipboard-write; encrypted-media; gyroscope; picture-in-picture; web-share\" referrerpolicy=\"strict-origin-when-cross-origin\" allowfullscreen><\/iframe>\n<\/div><\/figure>\n","protected":false},"excerpt":{"rendered":"<p>POINTES DE BALLES AG-X La gamme de pointes \u00e0 balles WHITES AG-X est con\u00e7ue pour s\u2019adapter \u00e0 une gamme de tailles et de formes de balles. Tous les mod\u00e8les sont \u00e9quip\u00e9s de dents \u00e0 douille et de cadres de section de bo\u00eete surdimensionn\u00e9s. MOD\u00c8LE Mod\u00e8le Dents Balles rondes Balles carr\u00e9es BS2K 2 1 1 BS4K&hellip;<\/p>\n","protected":false},"featured_media":3722,"template":"","meta":{"_acf_changed":false},"product_brand":[],"product_cat":[303,306,305],"product_tag":[],"class_list":{"2":"type-product","9":"product","10":"first","11":"instock","12":"taxable","13":"shipping-taxable","14":"product-type-simple"},"acf":[],"_links":{"self":[{"href":"https:\/\/www.whitesmh.co.uk\/fr\/wp-json\/wp\/v2\/product\/4790","targetHints":{"allow":["GET"]}}],"collection":[{"href":"https:\/\/www.whitesmh.co.uk\/fr\/wp-json\/wp\/v2\/product"}],"about":[{"href":"https:\/\/www.whitesmh.co.uk\/fr\/wp-json\/wp\/v2\/types\/product"}],"wp:featuredmedia":[{"embeddable":true,"href":"https:\/\/www.whitesmh.co.uk\/fr\/wp-json\/wp\/v2\/media\/3722"}],"wp:attachment":[{"href":"https:\/\/www.whitesmh.co.uk\/fr\/wp-json\/wp\/v2\/media?parent=4790"}],"wp:term":[{"taxonomy":"product_brand","embeddable":true,"href":"https:\/\/www.whitesmh.co.uk\/fr\/wp-json\/wp\/v2\/product_brand?post=4790"},{"taxonomy":"product_cat","embeddable":true,"href":"https:\/\/www.whitesmh.co.uk\/fr\/wp-json\/wp\/v2\/product_cat?post=4790"},{"taxonomy":"product_tag","embeddable":true,"href":"https:\/\/www.whitesmh.co.uk\/fr\/wp-json\/wp\/v2\/product_tag?post=4790"}],"curies":[{"name":"wp","href":"https:\/\/api.w.org\/{rel}","templated":true}]}}