{"id":4789,"date":"2024-02-13T08:52:55","date_gmt":"2024-02-13T08:52:55","guid":{"rendered":"https:\/\/www.whitesmh.co.uk\/products\/fendeuse-de-buches\/"},"modified":"2024-11-19T11:59:40","modified_gmt":"2024-11-19T11:59:40","slug":"fendeuse-de-buches","status":"publish","type":"product","link":"https:\/\/www.whitesmh.co.uk\/fr\/produit\/fendeuse-de-buches\/","title":{"rendered":"FENDEUSE DE B\u00dbCHES"},"content":{"rendered":"\n<div class=\"wp-block-columns is-layout-flex wp-container-core-columns-is-layout-28f84493 wp-block-columns-is-layout-flex\">\n<div class=\"wp-block-column is-vertically-aligned-center is-layout-flow wp-block-column-is-layout-flow\">\n<figure class=\"wp-block-image size-full\"><img decoding=\"async\" src=\"https:\/\/www.whitesmh.co.uk\/wp-content\/uploads\/FEND-PELLE5275-700.jpg\" alt=\"\" class=\"wp-image-2663\"\/><\/figure>\n<\/div>\n\n\n\n<div class=\"wp-block-column is-layout-flow wp-block-column-is-layout-flow\">\n<h2 class=\"wp-block-heading\" style=\"text-transform:uppercase\">FENDEUSE DE B\u00dbCHES<\/h2>\n\n\n\n<p>La fendeuse de b\u00fbches mont\u00e9e sur excavatrice WHITES est une solution id\u00e9ale pour ajouter de la polyvalence \u00e0 votre machine de chargement.  <\/p>\n\n\n\n<ul class=\"wp-block-list\">\n<li>Mod\u00e8les adapt\u00e9s aux pelles 3,0 T &#8211; 9,5 T<\/li>\n\n\n\n<li>2 \u00e0 4 pi\u00e8ces peuvent \u00eatre coup\u00e9es en une seule op\u00e9ration<\/li>\n\n\n\n<li>Fonctionnement s\u00fbr\u00a0; Aucune manipulation manuelle requise<\/li>\n\n\n\n<li>Lames Hardox interchangeables<\/li>\n<\/ul>\n\n\n\n<div class=\"wp-block-columns is-layout-flex wp-container-core-columns-is-layout-28f84493 wp-block-columns-is-layout-flex\">\n<div class=\"wp-block-column is-layout-flow wp-block-column-is-layout-flow\" style=\"flex-basis:100%\"><\/div>\n<\/div>\n\n\n\n<div class=\"wp-block-buttons is-layout-flex wp-block-buttons-is-layout-flex\">\n<div class=\"wp-block-button\"><a class=\"wp-block-button__link wp-element-button\" href=\"https:\/\/www.whitesmh.co.uk\/fr\/contact\/\">CONTACTEZ-NOUS<\/a><\/div>\n<\/div>\n<\/div>\n<\/div>\n\n<div class=\"wp-block-group is-layout-constrained wp-block-group-is-layout-constrained\">\n<div class=\"wp-block-group alignfull has-primary-background-color has-background is-layout-flow wp-block-group-is-layout-flow\" style=\"margin-top:30px;margin-bottom:30px;padding-top:var(--wp--preset--spacing--40);padding-right:var(--wp--preset--spacing--40);padding-bottom:var(--wp--preset--spacing--40);padding-left:var(--wp--preset--spacing--40)\">\n<h3 class=\"wp-block-heading alignfull\">MOD\u00c8LE<\/h3>\n<\/div>\n<\/div>\n\n<figure class=\"wp-block-table\"><table><tbody><tr><td class=\"has-text-align-center\" data-align=\"center\"><strong>Mod\u00e8le<\/strong><\/td><td class=\"has-text-align-center\" data-align=\"center\"><strong>Diam\u00e8tre maximal de la b\u00fbche<\/strong><\/td><td class=\"has-text-align-center\" data-align=\"center\"><strong>Longueur maximale de la b\u00fbche<\/strong><\/td><td class=\"has-text-align-center\" data-align=\"center\"><strong>Taille de la machine<\/strong><\/td><\/tr><tr><td class=\"has-text-align-center\" data-align=\"center\">LS3255-700<\/td><td class=\"has-text-align-center\" data-align=\"center\">600mm<\/td><td class=\"has-text-align-center\" data-align=\"center\">700mm<\/td><td class=\"has-text-align-center\" data-align=\"center\">3,0 T \u00e0 5,5 T<\/td><\/tr><tr><td class=\"has-text-align-center\" data-align=\"center\">LS3255-1000<\/td><td class=\"has-text-align-center\" data-align=\"center\">900mm<\/td><td class=\"has-text-align-center\" data-align=\"center\">1000mm<\/td><td class=\"has-text-align-center\" data-align=\"center\">3,0 T \u00e0 5,5 T<\/td><\/tr><tr><td class=\"has-text-align-center\" data-align=\"center\">LS5275-700<\/td><td class=\"has-text-align-center\" data-align=\"center\">600mm<\/td><td class=\"has-text-align-center\" data-align=\"center\">700mm<\/td><td class=\"has-text-align-center\" data-align=\"center\">5,0 T \u00e0 7,5 T<\/td><\/tr><tr><td class=\"has-text-align-center\" data-align=\"center\">LS5275-1000<\/td><td class=\"has-text-align-center\" data-align=\"center\">900mm<\/td><td class=\"has-text-align-center\" data-align=\"center\">1000mm<\/td><td class=\"has-text-align-center\" data-align=\"center\">5,0 T \u00e0 7,5 T<\/td><\/tr><tr><td class=\"has-text-align-center\" data-align=\"center\">LS7295-700<\/td><td class=\"has-text-align-center\" data-align=\"center\">600mm<\/td><td class=\"has-text-align-center\" data-align=\"center\">700mm<\/td><td class=\"has-text-align-center\" data-align=\"center\">7,0 T \u00e0 9,5 T<\/td><\/tr><tr><td class=\"has-text-align-center\" data-align=\"center\">R\u00e9f\u00e9rence LS7295-1000<\/td><td class=\"has-text-align-center\" data-align=\"center\">900mm<\/td><td class=\"has-text-align-center\" data-align=\"center\">1000mm<\/td><td class=\"has-text-align-center\" data-align=\"center\">7,0 T \u00e0 9,5 T<\/td><\/tr><\/tbody><\/table><\/figure>\n","protected":false},"excerpt":{"rendered":"<p>FENDEUSE DE B\u00dbCHES La fendeuse de b\u00fbches mont\u00e9e sur excavatrice WHITES est une solution id\u00e9ale pour ajouter de la polyvalence \u00e0 votre machine de chargement. MOD\u00c8LE Mod\u00e8le Diam\u00e8tre maximal de la b\u00fbche Longueur maximale de la b\u00fbche Taille de la machine LS3255-700 600mm 700mm 3,0 T \u00e0 5,5 T LS3255-1000 900mm 1000mm 3,0 T \u00e0&hellip;<\/p>\n","protected":false},"featured_media":4323,"template":"","meta":{"_acf_changed":false},"product_brand":[],"product_cat":[302],"product_tag":[],"class_list":{"2":"type-product","7":"product","8":"first","9":"instock","10":"taxable","11":"shipping-taxable","12":"product-type-simple"},"acf":[],"_links":{"self":[{"href":"https:\/\/www.whitesmh.co.uk\/fr\/wp-json\/wp\/v2\/product\/4789","targetHints":{"allow":["GET"]}}],"collection":[{"href":"https:\/\/www.whitesmh.co.uk\/fr\/wp-json\/wp\/v2\/product"}],"about":[{"href":"https:\/\/www.whitesmh.co.uk\/fr\/wp-json\/wp\/v2\/types\/product"}],"wp:featuredmedia":[{"embeddable":true,"href":"https:\/\/www.whitesmh.co.uk\/fr\/wp-json\/wp\/v2\/media\/4323"}],"wp:attachment":[{"href":"https:\/\/www.whitesmh.co.uk\/fr\/wp-json\/wp\/v2\/media?parent=4789"}],"wp:term":[{"taxonomy":"product_brand","embeddable":true,"href":"https:\/\/www.whitesmh.co.uk\/fr\/wp-json\/wp\/v2\/product_brand?post=4789"},{"taxonomy":"product_cat","embeddable":true,"href":"https:\/\/www.whitesmh.co.uk\/fr\/wp-json\/wp\/v2\/product_cat?post=4789"},{"taxonomy":"product_tag","embeddable":true,"href":"https:\/\/www.whitesmh.co.uk\/fr\/wp-json\/wp\/v2\/product_tag?post=4789"}],"curies":[{"name":"wp","href":"https:\/\/api.w.org\/{rel}","templated":true}]}}