{"id":4786,"date":"2023-12-10T14:35:59","date_gmt":"2023-12-10T14:35:59","guid":{"rendered":"https:\/\/www.whitesmh.co.uk\/products\/fourches-a-palettes-a-deplacement-lateral\/"},"modified":"2024-11-19T11:52:05","modified_gmt":"2024-11-19T11:52:05","slug":"fourches-a-palettes-a-deplacement-lateral","status":"publish","type":"product","link":"https:\/\/www.whitesmh.co.uk\/fr\/produit\/fourches-a-palettes-a-deplacement-lateral\/","title":{"rendered":"Fourches \u00e0 palettes \u00e0 d\u00e9placement lat\u00e9ral"},"content":{"rendered":"\n<div class=\"wp-block-columns is-layout-flex wp-container-core-columns-is-layout-28f84493 wp-block-columns-is-layout-flex\">\n<div class=\"wp-block-column is-vertically-aligned-center is-layout-flow wp-block-column-is-layout-flow\">\n<figure class=\"wp-block-image size-full\"><img loading=\"lazy\" decoding=\"async\" width=\"1355\" height=\"1016\" src=\"https:\/\/www.whitesmh.co.uk\/wp-content\/uploads\/Skidsteer-Side-Shift.jpg\" alt=\"\" class=\"wp-image-2006\" srcset=\"https:\/\/www.whitesmh.co.uk\/wp-content\/uploads\/Skidsteer-Side-Shift.jpg 1355w, https:\/\/www.whitesmh.co.uk\/wp-content\/uploads\/Skidsteer-Side-Shift-600x450.jpg 600w, https:\/\/www.whitesmh.co.uk\/wp-content\/uploads\/Skidsteer-Side-Shift-800x600.jpg 800w, https:\/\/www.whitesmh.co.uk\/wp-content\/uploads\/Skidsteer-Side-Shift-768x576.jpg 768w\" sizes=\"auto, (max-width: 800px) 100vw, 800px\" \/><\/figure>\n<\/div>\n\n\n\n<div class=\"wp-block-column is-layout-flow wp-block-column-is-layout-flow\">\n<h2 class=\"wp-block-heading\" style=\"text-transform:uppercase\">FOURCHES \u00c0 PALETTES \u00c0 D\u00c9PLACEMENT LAT\u00c9RAL<\/h2>\n\n\n\n<p>Les fourches \u00e0 palettes \u00e0 d\u00e9placement lat\u00e9ral WHITES sont une option fantastique pour les constructeurs, les jardineries, les concessionnaires et autres sites qui se chargent constamment avec des fourches. Les fourches peuvent se d\u00e9caler vers la gauche ou la droite de 100 mm, ce qui permet un empilage pr\u00e9cis et serr\u00e9.  <\/p>\n\n\n\n<ul class=\"wp-block-list\">\n<li>Fourches \u00e0 palettes, tablier \u00e0 fourches et unit\u00e9 de d\u00e9placement lat\u00e9ral fournis<\/li>\n\n\n\n<li>D\u00e9placement lat\u00e9ral \u00e0 commande hydraulique<\/li>\n\n\n\n<li>Positionne rapidement la charge dans le confort de votre cabine<\/li>\n\n\n\n<li>100 mm de course dans les deux sens \u00e0 partir du centre<\/li>\n\n\n\n<li>Protection anti-\u00e9claboussures en option<\/li>\n<\/ul>\n\n\n\n<div class=\"wp-block-columns is-layout-flex wp-container-core-columns-is-layout-28f84493 wp-block-columns-is-layout-flex\">\n<div class=\"wp-block-column is-layout-flow wp-block-column-is-layout-flow\" style=\"flex-basis:100%\">\n<figure class=\"wp-block-image size-full is-resized\"><img loading=\"lazy\" decoding=\"async\" width=\"626\" height=\"149\" src=\"https:\/\/www.whitesmh.co.uk\/wp-content\/uploads\/image.png\" alt=\"\" class=\"wp-image-635\" style=\"width:268px;height:auto\" srcset=\"https:\/\/www.whitesmh.co.uk\/wp-content\/uploads\/image.png 626w, https:\/\/www.whitesmh.co.uk\/wp-content\/uploads\/image-600x143.png 600w\" sizes=\"auto, (max-width: 626px) 100vw, 626px\" \/><\/figure>\n<\/div>\n<\/div>\n\n\n\n<div class=\"wp-block-buttons is-layout-flex wp-block-buttons-is-layout-flex\">\n<div class=\"wp-block-button\"><a class=\"wp-block-button__link wp-element-button\" href=\"https:\/\/www.whitesmh.co.uk\/fr\/contact\/\">CONTACTEZ-NOUS<\/a><\/div>\n\n\n\n<div class=\"wp-block-button\"><a class=\"wp-block-button__link wp-element-button\" href=\"https:\/\/www.whitesmh.co.uk\/fr\/assistance-produit\/\">SOUTIEN PRODUIT<\/a><\/div>\n<\/div>\n<\/div>\n<\/div>\n\n<div class=\"wp-block-group is-layout-flow wp-block-group-is-layout-flow\">\n<div class=\"wp-block-group has-primary-background-color has-background is-layout-flow wp-block-group-is-layout-flow\" style=\"margin-top:30px;margin-bottom:30px;padding-top:var(--wp--preset--spacing--40);padding-right:var(--wp--preset--spacing--40);padding-bottom:var(--wp--preset--spacing--40);padding-left:var(--wp--preset--spacing--40)\">\n<h3 class=\"wp-block-heading\">MOD\u00c8LE<\/h3>\n<\/div>\n<\/div>\n\n<figure class=\"wp-block-table\"><table><tbody><tr><td class=\"has-text-align-center\" data-align=\"center\"><strong>Num\u00e9ro de pi\u00e8ce<\/strong><\/td><td class=\"has-text-align-center\" data-align=\"center\"><strong>Longueur de la fourche (mm)<\/strong><\/td><td class=\"has-text-align-center\" data-align=\"center\"><strong>Longueur de la fourche (pouces)<\/strong><\/td><\/tr><tr><td class=\"has-text-align-center\" data-align=\"center\">PF-SS-1100<\/td><td class=\"has-text-align-center\" data-align=\"center\">1100<\/td><td class=\"has-text-align-center\" data-align=\"center\">43<\/td><\/tr><tr><td class=\"has-text-align-center\" data-align=\"center\">PF-SS-1200<\/td><td class=\"has-text-align-center\" data-align=\"center\">1200<\/td><td class=\"has-text-align-center\" data-align=\"center\">47<\/td><\/tr><\/tbody><\/table><\/figure>\n\n<div style=\"height:36px\" aria-hidden=\"true\" class=\"wp-block-spacer\"><\/div>\n\n<div class=\"wp-block-group is-layout-constrained wp-block-group-is-layout-constrained\">\n<figure class=\"wp-block-embed is-type-video is-provider-youtube wp-block-embed-youtube wp-embed-aspect-4-3 wp-has-aspect-ratio\"><div class=\"wp-block-embed__wrapper\">\n<iframe loading=\"lazy\" title=\"SIDE SHIFT PALLET FORKS - MANITOU - TELEHANDLER\" width=\"800\" height=\"600\" src=\"https:\/\/www.youtube.com\/embed\/1d_x336VWnc?feature=oembed\" frameborder=\"0\" allow=\"accelerometer; autoplay; clipboard-write; encrypted-media; gyroscope; picture-in-picture; web-share\" referrerpolicy=\"strict-origin-when-cross-origin\" allowfullscreen><\/iframe>\n<\/div><\/figure>\n<\/div>\n","protected":false},"excerpt":{"rendered":"<p>FOURCHES \u00c0 PALETTES \u00c0 D\u00c9PLACEMENT LAT\u00c9RAL Les fourches \u00e0 palettes \u00e0 d\u00e9placement lat\u00e9ral WHITES sont une option fantastique pour les constructeurs, les jardineries, les concessionnaires et autres sites qui se chargent constamment avec des fourches. Les fourches peuvent se d\u00e9caler vers la gauche ou la droite de 100 mm, ce qui permet un empilage pr\u00e9cis&hellip;<\/p>\n","protected":false},"featured_media":3985,"template":"","meta":{"_acf_changed":false},"product_brand":[],"product_cat":[304],"product_tag":[],"class_list":{"2":"type-product","7":"product","8":"first","9":"instock","10":"taxable","11":"shipping-taxable","12":"product-type-simple"},"acf":[],"_links":{"self":[{"href":"https:\/\/www.whitesmh.co.uk\/fr\/wp-json\/wp\/v2\/product\/4786","targetHints":{"allow":["GET"]}}],"collection":[{"href":"https:\/\/www.whitesmh.co.uk\/fr\/wp-json\/wp\/v2\/product"}],"about":[{"href":"https:\/\/www.whitesmh.co.uk\/fr\/wp-json\/wp\/v2\/types\/product"}],"wp:featuredmedia":[{"embeddable":true,"href":"https:\/\/www.whitesmh.co.uk\/fr\/wp-json\/wp\/v2\/media\/3985"}],"wp:attachment":[{"href":"https:\/\/www.whitesmh.co.uk\/fr\/wp-json\/wp\/v2\/media?parent=4786"}],"wp:term":[{"taxonomy":"product_brand","embeddable":true,"href":"https:\/\/www.whitesmh.co.uk\/fr\/wp-json\/wp\/v2\/product_brand?post=4786"},{"taxonomy":"product_cat","embeddable":true,"href":"https:\/\/www.whitesmh.co.uk\/fr\/wp-json\/wp\/v2\/product_cat?post=4786"},{"taxonomy":"product_tag","embeddable":true,"href":"https:\/\/www.whitesmh.co.uk\/fr\/wp-json\/wp\/v2\/product_tag?post=4786"}],"curies":[{"name":"wp","href":"https:\/\/api.w.org\/{rel}","templated":true}]}}