{"id":4779,"date":"2023-12-09T22:32:20","date_gmt":"2023-12-09T22:32:20","guid":{"rendered":"https:\/\/www.whitesmh.co.uk\/products\/grappin-a-godets-industriel\/"},"modified":"2024-11-19T11:54:27","modified_gmt":"2024-11-19T11:54:27","slug":"grappin-a-godets-industriel","status":"publish","type":"product","link":"https:\/\/www.whitesmh.co.uk\/fr\/produit\/grappin-a-godets-industriel\/","title":{"rendered":"Grappin \u00e0 godets industriel"},"content":{"rendered":"\n<div class=\"wp-block-columns is-layout-flex wp-container-core-columns-is-layout-28f84493 wp-block-columns-is-layout-flex\">\n<div class=\"wp-block-column is-vertically-aligned-center is-layout-flow wp-block-column-is-layout-flow\">\n<figure class=\"wp-block-image size-full\"><img loading=\"lazy\" decoding=\"async\" width=\"1494\" height=\"1494\" src=\"https:\/\/www.whitesmh.co.uk\/wp-content\/uploads\/Skidsteer-Industrial-Bucket-Grapple.jpg\" alt=\"\" class=\"wp-image-2403\" srcset=\"https:\/\/www.whitesmh.co.uk\/wp-content\/uploads\/Skidsteer-Industrial-Bucket-Grapple.jpg 1494w, https:\/\/www.whitesmh.co.uk\/wp-content\/uploads\/Skidsteer-Industrial-Bucket-Grapple-300x300.jpg 300w, https:\/\/www.whitesmh.co.uk\/wp-content\/uploads\/Skidsteer-Industrial-Bucket-Grapple-100x100.jpg 100w, https:\/\/www.whitesmh.co.uk\/wp-content\/uploads\/Skidsteer-Industrial-Bucket-Grapple-600x600.jpg 600w, https:\/\/www.whitesmh.co.uk\/wp-content\/uploads\/Skidsteer-Industrial-Bucket-Grapple-400x400.jpg 400w, https:\/\/www.whitesmh.co.uk\/wp-content\/uploads\/Skidsteer-Industrial-Bucket-Grapple-800x800.jpg 800w, https:\/\/www.whitesmh.co.uk\/wp-content\/uploads\/Skidsteer-Industrial-Bucket-Grapple-768x768.jpg 768w\" sizes=\"auto, (max-width: 800px) 100vw, 800px\" \/><\/figure>\n<\/div>\n\n\n\n<div class=\"wp-block-column is-layout-flow wp-block-column-is-layout-flow\">\n<h2 class=\"wp-block-heading\" style=\"text-transform:uppercase\">GRAPPIN \u00c0 GODETS INDUSTRIEL<\/h2>\n\n\n\n<p>Le grappin \u00e0 godet industriel WHITES est un accessoire robuste et leader sur le march\u00e9, adapt\u00e9 aux applications de d\u00e9molition et de recyclage.  <\/p>\n\n\n\n<ul class=\"wp-block-list\">\n<li>Convient \u00e0 la d\u00e9molition et au recyclage<\/li>\n\n\n\n<li>Construction robuste<\/li>\n\n\n\n<li>Bicylindre avec protection du v\u00e9rin<\/li>\n\n\n\n<li>Le c\u00f4t\u00e9 bas permet de transporter le mat\u00e9riau plus large que le godet<\/li>\n\n\n\n<li>Grappins ind\u00e9pendants en deux parties<\/li>\n\n\n\n<li>La soupape de surpression hydraulique \u00e9vite la surcharge du syst\u00e8me hydraulique<\/li>\n\n\n\n<li>Complet avec boulon sur ar\u00eate de coupe r\u00e9versible<\/li>\n\n\n\n<li>Goupilles de graissage partout<\/li>\n<\/ul>\n\n\n\n<div class=\"wp-block-columns is-layout-flex wp-container-core-columns-is-layout-28f84493 wp-block-columns-is-layout-flex\">\n<div class=\"wp-block-column is-layout-flow wp-block-column-is-layout-flow\" style=\"flex-basis:100%\">\n<figure class=\"wp-block-image size-full is-resized\"><img loading=\"lazy\" decoding=\"async\" width=\"626\" height=\"149\" src=\"https:\/\/www.whitesmh.co.uk\/wp-content\/uploads\/image.png\" alt=\"\" class=\"wp-image-635\" style=\"width:268px;height:auto\" srcset=\"https:\/\/www.whitesmh.co.uk\/wp-content\/uploads\/image.png 626w, https:\/\/www.whitesmh.co.uk\/wp-content\/uploads\/image-600x143.png 600w\" sizes=\"auto, (max-width: 626px) 100vw, 626px\" \/><\/figure>\n<\/div>\n<\/div>\n\n\n\n<div class=\"wp-block-buttons is-layout-flex wp-block-buttons-is-layout-flex\">\n<div class=\"wp-block-button\"><a class=\"wp-block-button__link wp-element-button\" href=\"https:\/\/www.whitesmh.co.uk\/fr\/contact\/\">CONTACTEZ-NOUS<\/a><\/div>\n\n\n\n<div class=\"wp-block-button\"><a class=\"wp-block-button__link wp-element-button\" href=\"https:\/\/www.whitesmh.co.uk\/docs\/industrial-grapple-product-support\/\">SOUTIEN PRODUIT<\/a><\/div>\n<\/div>\n<\/div>\n<\/div>\n\n<div class=\"wp-block-group is-layout-flow wp-block-group-is-layout-flow\">\n<div class=\"wp-block-group has-primary-background-color has-background is-layout-flow wp-block-group-is-layout-flow\" style=\"margin-top:30px;margin-bottom:30px;padding-top:var(--wp--preset--spacing--40);padding-right:var(--wp--preset--spacing--40);padding-bottom:var(--wp--preset--spacing--40);padding-left:var(--wp--preset--spacing--40)\">\n<h3 class=\"wp-block-heading\">MOD\u00c8LE<\/h3>\n<\/div>\n<\/div>\n\n<figure class=\"wp-block-table\"><table><tbody><tr><td class=\"has-text-align-center\" data-align=\"center\"><strong>Num\u00e9ro de pi\u00e8ce<\/strong><\/td><td class=\"has-text-align-center\" data-align=\"center\"><strong>Largeur (mm)<\/strong><\/td><td class=\"has-text-align-center\" data-align=\"center\"><strong>Largeur (pouces)<\/strong><\/td><td class=\"has-text-align-center\" data-align=\"center\"><strong>B\u00e9liers<\/strong><\/td><td class=\"has-text-align-center\" data-align=\"center\"><strong>Dents de pr\u00e9hension<\/strong><\/td><\/tr><tr><td class=\"has-text-align-center\" data-align=\"center\">IG-3G-1525<\/td><td class=\"has-text-align-center\" data-align=\"center\">1525<\/td><td class=\"has-text-align-center\" data-align=\"center\">60<\/td><td class=\"has-text-align-center\" data-align=\"center\">2<\/td><td class=\"has-text-align-center\" data-align=\"center\">Hardox<\/td><\/tr><tr><td class=\"has-text-align-center\" data-align=\"center\">IG-3G-1680<\/td><td class=\"has-text-align-center\" data-align=\"center\">1680<\/td><td class=\"has-text-align-center\" data-align=\"center\">66<\/td><td class=\"has-text-align-center\" data-align=\"center\">2<\/td><td class=\"has-text-align-center\" data-align=\"center\">Hardox<\/td><\/tr><tr><td class=\"has-text-align-center\" data-align=\"center\">IG-3G-1850<\/td><td class=\"has-text-align-center\" data-align=\"center\">1850<\/td><td class=\"has-text-align-center\" data-align=\"center\">73<\/td><td class=\"has-text-align-center\" data-align=\"center\">2<\/td><td class=\"has-text-align-center\" data-align=\"center\">Hardox<\/td><\/tr><tr><td class=\"has-text-align-center\" data-align=\"center\">IG-3G-2080<\/td><td class=\"has-text-align-center\" data-align=\"center\">2080<\/td><td class=\"has-text-align-center\" data-align=\"center\">82<\/td><td class=\"has-text-align-center\" data-align=\"center\">2<\/td><td class=\"has-text-align-center\" data-align=\"center\">Hardox<\/td><\/tr><tr><td class=\"has-text-align-center\" data-align=\"center\">IG-3G-2140<\/td><td class=\"has-text-align-center\" data-align=\"center\">2140<\/td><td class=\"has-text-align-center\" data-align=\"center\">84<\/td><td class=\"has-text-align-center\" data-align=\"center\">2<\/td><td class=\"has-text-align-center\" data-align=\"center\">Hardox<\/td><\/tr><\/tbody><\/table><\/figure>\n\n<div class=\"wp-block-group alignfull is-layout-constrained wp-block-group-is-layout-constrained\">\n<div class=\"wp-block-group has-primary-background-color has-background is-layout-flow wp-block-group-is-layout-flow\" style=\"margin-top:30px;margin-bottom:30px;padding-top:var(--wp--preset--spacing--40);padding-right:var(--wp--preset--spacing--40);padding-bottom:var(--wp--preset--spacing--40);padding-left:var(--wp--preset--spacing--40)\">\n<h3 class=\"wp-block-heading alignfull\">GALERIE<\/h3>\n<\/div>\n\n\n\n<figure class=\"wp-block-gallery alignfull has-nested-images columns-4 is-cropped wp-block-gallery-1 is-layout-flex wp-block-gallery-is-layout-flex\">\n<figure class=\"wp-block-image size-thumbnail\"><a href=\"https:\/\/www.whitesmh.co.uk\/wp-content\/uploads\/IMG_2511-scaled.jpeg\"><img loading=\"lazy\" decoding=\"async\" width=\"400\" height=\"400\" data-id=\"2262\" src=\"https:\/\/www.whitesmh.co.uk\/wp-content\/uploads\/IMG_2511-400x400.jpeg\" alt=\"\" class=\"wp-image-2262\" srcset=\"https:\/\/www.whitesmh.co.uk\/wp-content\/uploads\/IMG_2511-400x400.jpeg 400w, https:\/\/www.whitesmh.co.uk\/wp-content\/uploads\/IMG_2511-scaled-300x300.jpeg 300w, https:\/\/www.whitesmh.co.uk\/wp-content\/uploads\/IMG_2511-scaled-100x100.jpeg 100w\" sizes=\"auto, (max-width: 400px) 100vw, 400px\" \/><\/a><\/figure>\n\n\n\n<figure class=\"wp-block-image size-thumbnail\"><a href=\"https:\/\/www.whitesmh.co.uk\/wp-content\/uploads\/IMG_2510-scaled.jpeg\"><img loading=\"lazy\" decoding=\"async\" width=\"400\" height=\"400\" data-id=\"2261\" src=\"https:\/\/www.whitesmh.co.uk\/wp-content\/uploads\/IMG_2510-400x400.jpeg\" alt=\"\" class=\"wp-image-2261\" srcset=\"https:\/\/www.whitesmh.co.uk\/wp-content\/uploads\/IMG_2510-400x400.jpeg 400w, https:\/\/www.whitesmh.co.uk\/wp-content\/uploads\/IMG_2510-scaled-300x300.jpeg 300w, https:\/\/www.whitesmh.co.uk\/wp-content\/uploads\/IMG_2510-scaled-100x100.jpeg 100w\" sizes=\"auto, (max-width: 400px) 100vw, 400px\" \/><\/a><\/figure>\n\n\n\n<figure class=\"wp-block-image size-thumbnail\"><a href=\"https:\/\/www.whitesmh.co.uk\/wp-content\/uploads\/165-scaled.jpg\"><img loading=\"lazy\" decoding=\"async\" width=\"400\" height=\"400\" data-id=\"2426\" src=\"https:\/\/www.whitesmh.co.uk\/wp-content\/uploads\/165-400x400.jpg\" alt=\"\" class=\"wp-image-2426\" srcset=\"https:\/\/www.whitesmh.co.uk\/wp-content\/uploads\/165-400x400.jpg 400w, https:\/\/www.whitesmh.co.uk\/wp-content\/uploads\/165-scaled-300x300.jpg 300w, https:\/\/www.whitesmh.co.uk\/wp-content\/uploads\/165-scaled-100x100.jpg 100w\" sizes=\"auto, (max-width: 400px) 100vw, 400px\" \/><\/a><\/figure>\n\n\n\n<figure class=\"wp-block-image size-thumbnail\"><a href=\"https:\/\/www.whitesmh.co.uk\/wp-content\/uploads\/P1020199-scaled.jpg\"><img loading=\"lazy\" decoding=\"async\" width=\"400\" height=\"400\" data-id=\"2386\" src=\"https:\/\/www.whitesmh.co.uk\/wp-content\/uploads\/P1020199-400x400.jpg\" alt=\"\" class=\"wp-image-2386\" srcset=\"https:\/\/www.whitesmh.co.uk\/wp-content\/uploads\/P1020199-400x400.jpg 400w, https:\/\/www.whitesmh.co.uk\/wp-content\/uploads\/P1020199-scaled-300x300.jpg 300w, https:\/\/www.whitesmh.co.uk\/wp-content\/uploads\/P1020199-scaled-100x100.jpg 100w\" sizes=\"auto, (max-width: 400px) 100vw, 400px\" \/><\/a><\/figure>\n<\/figure>\n<\/div>\n","protected":false},"excerpt":{"rendered":"<p>GRAPPIN \u00c0 GODETS INDUSTRIEL Le grappin \u00e0 godet industriel WHITES est un accessoire robuste et leader sur le march\u00e9, adapt\u00e9 aux applications de d\u00e9molition et de recyclage. MOD\u00c8LE Num\u00e9ro de pi\u00e8ce Largeur (mm) Largeur (pouces) B\u00e9liers Dents de pr\u00e9hension IG-3G-1525 1525 60 2 Hardox IG-3G-1680 1680 66 2 Hardox IG-3G-1850 1850 73 2 Hardox IG-3G-2080&hellip;<\/p>\n","protected":false},"featured_media":4215,"template":"","meta":{"_acf_changed":false},"product_brand":[],"product_cat":[304,305],"product_tag":[],"class_list":{"2":"type-product","8":"product","9":"first","10":"instock","11":"taxable","12":"shipping-taxable","13":"product-type-simple"},"acf":[],"_links":{"self":[{"href":"https:\/\/www.whitesmh.co.uk\/fr\/wp-json\/wp\/v2\/product\/4779","targetHints":{"allow":["GET"]}}],"collection":[{"href":"https:\/\/www.whitesmh.co.uk\/fr\/wp-json\/wp\/v2\/product"}],"about":[{"href":"https:\/\/www.whitesmh.co.uk\/fr\/wp-json\/wp\/v2\/types\/product"}],"wp:featuredmedia":[{"embeddable":true,"href":"https:\/\/www.whitesmh.co.uk\/fr\/wp-json\/wp\/v2\/media\/4215"}],"wp:attachment":[{"href":"https:\/\/www.whitesmh.co.uk\/fr\/wp-json\/wp\/v2\/media?parent=4779"}],"wp:term":[{"taxonomy":"product_brand","embeddable":true,"href":"https:\/\/www.whitesmh.co.uk\/fr\/wp-json\/wp\/v2\/product_brand?post=4779"},{"taxonomy":"product_cat","embeddable":true,"href":"https:\/\/www.whitesmh.co.uk\/fr\/wp-json\/wp\/v2\/product_cat?post=4779"},{"taxonomy":"product_tag","embeddable":true,"href":"https:\/\/www.whitesmh.co.uk\/fr\/wp-json\/wp\/v2\/product_tag?post=4779"}],"curies":[{"name":"wp","href":"https:\/\/api.w.org\/{rel}","templated":true}]}}