{"id":4769,"date":"2023-12-07T10:16:50","date_gmt":"2023-12-07T10:16:50","guid":{"rendered":"https:\/\/www.whitesmh.co.uk\/products\/godets-a-cables\/"},"modified":"2024-11-19T11:55:44","modified_gmt":"2024-11-19T11:55:44","slug":"godets-a-cables","status":"publish","type":"product","link":"https:\/\/www.whitesmh.co.uk\/fr\/produit\/godets-a-cables\/","title":{"rendered":"Godets \u00e0 c\u00e2bles"},"content":{"rendered":"\n<div class=\"wp-block-columns is-layout-flex wp-container-core-columns-is-layout-28f84493 wp-block-columns-is-layout-flex\">\n<div class=\"wp-block-column is-vertically-aligned-center is-layout-flow wp-block-column-is-layout-flow\">\n<figure class=\"wp-block-image size-full\"><img loading=\"lazy\" decoding=\"async\" width=\"1200\" height=\"900\" src=\"https:\/\/www.whitesmh.co.uk\/wp-content\/uploads\/554-edited.jpg\" alt=\"\" class=\"wp-image-1843\" srcset=\"https:\/\/www.whitesmh.co.uk\/wp-content\/uploads\/554-edited.jpg 1200w, https:\/\/www.whitesmh.co.uk\/wp-content\/uploads\/554-edited-600x450.jpg 600w, https:\/\/www.whitesmh.co.uk\/wp-content\/uploads\/554-edited-800x600.jpg 800w, https:\/\/www.whitesmh.co.uk\/wp-content\/uploads\/554-edited-768x576.jpg 768w\" sizes=\"auto, (max-width: 800px) 100vw, 800px\" \/><\/figure>\n<\/div>\n\n\n\n<div class=\"wp-block-column is-layout-flow wp-block-column-is-layout-flow\">\n<h2 class=\"wp-block-heading\" style=\"text-transform:uppercase\">GODETS \u00c0 C\u00c2BLES<\/h2>\n\n\n\n<p>Adapt\u00e9 aux pelles de 1,50T, le godet \u00e0 c\u00e2bles WHITES est une solution id\u00e9ale pour creuser des tranch\u00e9es tr\u00e8s \u00e9troites, avec un minimum de perturbations, pour ensuite poser des c\u00e2bles.  <\/p>\n\n\n\n<ul class=\"wp-block-list\">\n<li>Design mince ; Id\u00e9al pour la pose de c\u00e2bles<\/li>\n\n\n\n<li>Perturbation minimale  <\/li>\n\n\n\n<li>Fabriqu\u00e9 selon les sp\u00e9cifications OEM<\/li>\n\n\n\n<li>Ar\u00eate de coupe de base tremp\u00e9e<\/li>\n\n\n\n<li>Boulon en option sur le bord d\u2019usure r\u00e9versible<\/li>\n<\/ul>\n\n\n\n<div class=\"wp-block-columns is-layout-flex wp-container-core-columns-is-layout-28f84493 wp-block-columns-is-layout-flex\">\n<div class=\"wp-block-column is-layout-flow wp-block-column-is-layout-flow\" style=\"flex-basis:100%\">\n<figure class=\"wp-block-image size-full is-resized\"><img loading=\"lazy\" decoding=\"async\" width=\"626\" height=\"149\" src=\"https:\/\/www.whitesmh.co.uk\/wp-content\/uploads\/image.png\" alt=\"\" class=\"wp-image-635\" style=\"width:268px;height:auto\" srcset=\"https:\/\/www.whitesmh.co.uk\/wp-content\/uploads\/image.png 626w, https:\/\/www.whitesmh.co.uk\/wp-content\/uploads\/image-600x143.png 600w\" sizes=\"auto, (max-width: 626px) 100vw, 626px\" \/><\/figure>\n<\/div>\n<\/div>\n\n\n\n<div class=\"wp-block-buttons is-layout-flex wp-block-buttons-is-layout-flex\">\n<div class=\"wp-block-button\"><a class=\"wp-block-button__link wp-element-button\" href=\"https:\/\/www.whitesmh.co.uk\/fr\/contact\/\">CONTACTEZ-NOUS<\/a><\/div>\n\n\n\n<div class=\"wp-block-button\"><a class=\"wp-block-button__link wp-element-button\" href=\"https:\/\/www.whitesmh.co.uk\/support\/buckets-product-support\/\">SOUTIEN PRODUIT<\/a><\/div>\n<\/div>\n<\/div>\n<\/div>\n\n<div class=\"wp-block-group is-layout-constrained wp-block-group-is-layout-constrained\">\n<div class=\"wp-block-group alignfull has-primary-background-color has-background is-layout-flow wp-block-group-is-layout-flow\" style=\"margin-top:30px;margin-bottom:30px;padding-top:var(--wp--preset--spacing--40);padding-right:var(--wp--preset--spacing--40);padding-bottom:var(--wp--preset--spacing--40);padding-left:var(--wp--preset--spacing--40)\">\n<h3 class=\"wp-block-heading\">MOD\u00c8LE<\/h3>\n<\/div>\n<\/div>\n\n<figure class=\"wp-block-table\"><table><tbody><tr><td class=\"has-text-align-center\" data-align=\"center\"><strong>Num\u00e9ro de pi\u00e8ce<\/strong><\/td><td class=\"has-text-align-center\" data-align=\"center\"><strong>Largeur (mm)<\/strong><\/td><td class=\"has-text-align-center\" data-align=\"center\"><strong>Largeur (pouces)<\/strong><\/td><td class=\"has-text-align-center\" data-align=\"center\"><strong>Taille de la machine<\/strong><\/td><\/tr><tr><td class=\"has-text-align-center\" data-align=\"center\">EF1503<\/td><td class=\"has-text-align-center\" data-align=\"center\">76mm<\/td><td class=\"has-text-align-center\" data-align=\"center\">3\u00a0\u00bb<\/td><td class=\"has-text-align-center\" data-align=\"center\">1,50 T<\/td><\/tr><tr><td class=\"has-text-align-center\" data-align=\"center\">EF1504<\/td><td class=\"has-text-align-center\" data-align=\"center\">100mm<\/td><td class=\"has-text-align-center\" data-align=\"center\">4\u00a0\u00bb<\/td><td class=\"has-text-align-center\" data-align=\"center\">1,50 T<\/td><\/tr><\/tbody><\/table><\/figure>\n\n<div class=\"wp-block-group is-layout-flow wp-block-group-is-layout-flow\">\n<div class=\"wp-block-group has-primary-background-color has-background is-layout-flow wp-block-group-is-layout-flow\" style=\"margin-top:30px;margin-bottom:30px;padding-top:var(--wp--preset--spacing--40);padding-right:var(--wp--preset--spacing--40);padding-bottom:var(--wp--preset--spacing--40);padding-left:var(--wp--preset--spacing--40)\">\n<h3 class=\"wp-block-heading\">GALERIE<\/h3>\n<\/div>\n\n\n\n<figure class=\"wp-block-gallery has-nested-images columns-4 is-cropped wp-block-gallery-1 is-layout-flex wp-block-gallery-is-layout-flex\">\n<figure class=\"wp-block-image size-thumbnail\"><a href=\"https:\/\/www.whitesmh.co.uk\/wp-content\/uploads\/555.jpg\"><img loading=\"lazy\" decoding=\"async\" width=\"400\" height=\"400\" data-id=\"1841\" src=\"https:\/\/www.whitesmh.co.uk\/wp-content\/uploads\/555-400x400.jpg\" alt=\"\" class=\"wp-image-1841\" srcset=\"https:\/\/www.whitesmh.co.uk\/wp-content\/uploads\/555-400x400.jpg 400w, https:\/\/www.whitesmh.co.uk\/wp-content\/uploads\/555-300x300.jpg 300w, https:\/\/www.whitesmh.co.uk\/wp-content\/uploads\/555-100x100.jpg 100w\" sizes=\"auto, (max-width: 400px) 100vw, 400px\" \/><\/a><\/figure>\n\n\n\n<figure class=\"wp-block-image size-thumbnail\"><a href=\"https:\/\/www.whitesmh.co.uk\/wp-content\/uploads\/554.jpg\"><img loading=\"lazy\" decoding=\"async\" width=\"400\" height=\"400\" data-id=\"1840\" src=\"https:\/\/www.whitesmh.co.uk\/wp-content\/uploads\/554-400x400.jpg\" alt=\"\" class=\"wp-image-1840\" srcset=\"https:\/\/www.whitesmh.co.uk\/wp-content\/uploads\/554-400x400.jpg 400w, https:\/\/www.whitesmh.co.uk\/wp-content\/uploads\/554-300x300.jpg 300w, https:\/\/www.whitesmh.co.uk\/wp-content\/uploads\/554-100x100.jpg 100w\" sizes=\"auto, (max-width: 400px) 100vw, 400px\" \/><\/a><\/figure>\n\n\n\n<figure class=\"wp-block-image size-thumbnail\"><a href=\"https:\/\/www.whitesmh.co.uk\/wp-content\/uploads\/556.jpg\"><img loading=\"lazy\" decoding=\"async\" width=\"400\" height=\"400\" data-id=\"1842\" src=\"https:\/\/www.whitesmh.co.uk\/wp-content\/uploads\/556-400x400.jpg\" alt=\"\" class=\"wp-image-1842\" srcset=\"https:\/\/www.whitesmh.co.uk\/wp-content\/uploads\/556-400x400.jpg 400w, https:\/\/www.whitesmh.co.uk\/wp-content\/uploads\/556-300x300.jpg 300w, https:\/\/www.whitesmh.co.uk\/wp-content\/uploads\/556-100x100.jpg 100w\" sizes=\"auto, (max-width: 400px) 100vw, 400px\" \/><\/a><\/figure>\n\n\n\n<figure class=\"wp-block-image size-thumbnail\"><a href=\"https:\/\/www.whitesmh.co.uk\/wp-content\/uploads\/IMG_3052-scaled.jpeg\"><img loading=\"lazy\" decoding=\"async\" width=\"400\" height=\"400\" data-id=\"2748\" src=\"https:\/\/www.whitesmh.co.uk\/wp-content\/uploads\/IMG_3052-400x400.jpeg\" alt=\"\" class=\"wp-image-2748\" srcset=\"https:\/\/www.whitesmh.co.uk\/wp-content\/uploads\/IMG_3052-400x400.jpeg 400w, https:\/\/www.whitesmh.co.uk\/wp-content\/uploads\/IMG_3052-scaled-300x300.jpeg 300w, https:\/\/www.whitesmh.co.uk\/wp-content\/uploads\/IMG_3052-scaled-100x100.jpeg 100w\" sizes=\"auto, (max-width: 400px) 100vw, 400px\" \/><\/a><\/figure>\n<\/figure>\n<\/div>\n","protected":false},"excerpt":{"rendered":"<p>GODETS \u00c0 C\u00c2BLES Adapt\u00e9 aux pelles de 1,50T, le godet \u00e0 c\u00e2bles WHITES est une solution id\u00e9ale pour creuser des tranch\u00e9es tr\u00e8s \u00e9troites, avec un minimum de perturbations, pour ensuite poser des c\u00e2bles. MOD\u00c8LE Num\u00e9ro de pi\u00e8ce Largeur (mm) Largeur (pouces) Taille de la machine EF1503 76mm 3\u00a0\u00bb 1,50 T EF1504 100mm 4\u00a0\u00bb 1,50 T&hellip;<\/p>\n","protected":false},"featured_media":10534,"template":"","meta":{"_acf_changed":false},"product_brand":[],"product_cat":[302],"product_tag":[],"class_list":{"2":"type-product","7":"product","8":"first","9":"instock","10":"taxable","11":"shipping-taxable","12":"product-type-simple"},"acf":[],"_links":{"self":[{"href":"https:\/\/www.whitesmh.co.uk\/fr\/wp-json\/wp\/v2\/product\/4769","targetHints":{"allow":["GET"]}}],"collection":[{"href":"https:\/\/www.whitesmh.co.uk\/fr\/wp-json\/wp\/v2\/product"}],"about":[{"href":"https:\/\/www.whitesmh.co.uk\/fr\/wp-json\/wp\/v2\/types\/product"}],"wp:featuredmedia":[{"embeddable":true,"href":"https:\/\/www.whitesmh.co.uk\/fr\/wp-json\/wp\/v2\/media\/10534"}],"wp:attachment":[{"href":"https:\/\/www.whitesmh.co.uk\/fr\/wp-json\/wp\/v2\/media?parent=4769"}],"wp:term":[{"taxonomy":"product_brand","embeddable":true,"href":"https:\/\/www.whitesmh.co.uk\/fr\/wp-json\/wp\/v2\/product_brand?post=4769"},{"taxonomy":"product_cat","embeddable":true,"href":"https:\/\/www.whitesmh.co.uk\/fr\/wp-json\/wp\/v2\/product_cat?post=4769"},{"taxonomy":"product_tag","embeddable":true,"href":"https:\/\/www.whitesmh.co.uk\/fr\/wp-json\/wp\/v2\/product_tag?post=4769"}],"curies":[{"name":"wp","href":"https:\/\/api.w.org\/{rel}","templated":true}]}}