{"id":4764,"date":"2023-11-21T07:58:01","date_gmt":"2023-11-21T07:58:01","guid":{"rendered":"https:\/\/www.whitesmh.co.uk\/products\/pinces-de-cisaillement-ag-x\/"},"modified":"2024-11-18T17:41:09","modified_gmt":"2024-11-18T17:41:09","slug":"pinces-de-cisaillement-ag-x","status":"publish","type":"product","link":"https:\/\/www.whitesmh.co.uk\/fr\/produit\/pinces-de-cisaillement-ag-x\/","title":{"rendered":"Pinces de cisaillement AG-X"},"content":{"rendered":"\n<div class=\"wp-block-columns is-layout-flex wp-container-core-columns-is-layout-28f84493 wp-block-columns-is-layout-flex\">\n<div class=\"wp-block-column is-vertically-aligned-center is-layout-flow wp-block-column-is-layout-flow\">\n<figure class=\"wp-block-image size-full\"><img loading=\"lazy\" decoding=\"async\" width=\"2000\" height=\"1500\" src=\"https:\/\/www.whitesmh.co.uk\/wp-content\/uploads\/IMG_6156-scaled.jpeg\" alt=\"\" class=\"wp-image-2270\" srcset=\"https:\/\/www.whitesmh.co.uk\/wp-content\/uploads\/IMG_6156-scaled.jpeg 2000w, https:\/\/www.whitesmh.co.uk\/wp-content\/uploads\/IMG_6156-scaled-600x450.jpeg 600w, https:\/\/www.whitesmh.co.uk\/wp-content\/uploads\/IMG_6156-800x600.jpeg 800w, https:\/\/www.whitesmh.co.uk\/wp-content\/uploads\/IMG_6156-768x576.jpeg 768w\" sizes=\"auto, (max-width: 800px) 100vw, 800px\" \/><\/figure>\n<\/div>\n\n\n\n<div class=\"wp-block-column is-layout-flow wp-block-column-is-layout-flow\">\n<h2 class=\"wp-block-heading has-foreground-color has-text-color has-link-color wp-elements-940ca4181912660e791b03fc0879db56\" style=\"text-transform:uppercase\">GRAPPINS DE CISAILLEMENT AG-X  <\/h2>\n\n\n\n<p>La gamme de grappins de cisaillement WHITES AG-X est vraiment in\u00e9gal\u00e9e pour ses sp\u00e9cifications et sa qualit\u00e9 de fabrication. Dot\u00e9e de dents, de dents et de lames Hardox, la gamme est con\u00e7ue pour r\u00e9pondre aux besoins difficiles des \u00e9leveurs.  <\/p>\n\n\n\n<ul class=\"wp-block-list\">\n<li>Excellente finition de coupe et de serrage<\/li>\n\n\n\n<li>Dents Hardox de 40 mm d\u2019\u00e9paisseur<\/li>\n\n\n\n<li>Dents et lames lat\u00e9rales en Hardox<\/li>\n\n\n\n<li>Options de 2 et 3 RAM<\/li>\n\n\n\n<li>Tuyau prot\u00e9g\u00e9<\/li>\n\n\n\n<li>1900 mm \/ 2200 mm sont livr\u00e9s avec un couteau de coupe central<\/li>\n\n\n\n<li>Finition de peinture de haute qualit\u00e9<\/li>\n\n\n\n<li>Axe de pivot de 50 mm de diam\u00e8tre<\/li>\n\n\n\n<li>Broches de haute qualit\u00e9<\/li>\n\n\n\n<li>Cylindres surdimensionn\u00e9s \u00e0 douille<\/li>\n\n\n\n<li>Ouverture de 817 mm<\/li>\n\n\n\n<li>Supports boulonn\u00e9s inclus<\/li>\n<\/ul>\n\n\n\n<div class=\"wp-block-columns is-layout-flex wp-container-core-columns-is-layout-28f84493 wp-block-columns-is-layout-flex\">\n<div class=\"wp-block-column is-layout-flow wp-block-column-is-layout-flow\" style=\"flex-basis:100%\">\n<figure class=\"wp-block-image size-medium is-resized\"><img loading=\"lazy\" decoding=\"async\" width=\"800\" height=\"135\" src=\"https:\/\/www.whitesmh.co.uk\/wp-content\/uploads\/MIB-AGX-800x135.jpg\" alt=\"\" class=\"wp-image-1173\" style=\"width:268px;height:auto\" srcset=\"https:\/\/www.whitesmh.co.uk\/wp-content\/uploads\/MIB-AGX-800x135.jpg 800w, https:\/\/www.whitesmh.co.uk\/wp-content\/uploads\/MIB-AGX-600x101.jpg 600w, https:\/\/www.whitesmh.co.uk\/wp-content\/uploads\/MIB-AGX-768x129.jpg 768w, https:\/\/www.whitesmh.co.uk\/wp-content\/uploads\/MIB-AGX.jpg 1046w\" sizes=\"auto, (max-width: 800px) 100vw, 800px\" \/><\/figure>\n<\/div>\n<\/div>\n\n\n\n<div class=\"wp-block-buttons is-layout-flex wp-block-buttons-is-layout-flex\">\n<div class=\"wp-block-button\"><a class=\"wp-block-button__link wp-element-button\" href=\"https:\/\/www.whitesmh.co.uk\/fr\/contact\/\">CONTACTEZ-NOUS<\/a><\/div>\n\n\n\n<div class=\"wp-block-button\"><a class=\"wp-block-button__link wp-element-button\" href=\"https:\/\/www.whitesmh.co.uk\/docs\/shear-grab\">SOUTIEN PRODUIT<\/a><\/div>\n\n\n\n<div class=\"wp-block-button\"><a class=\"wp-block-button__link wp-element-button\" href=\"https:\/\/www.whitesmh.co.uk\/wp-content\/uploads\/WMH-Data-Sheet-Shear-Grabs.pptx\" target=\"_blank\" rel=\"noreferrer noopener\">FICHE<\/a><\/div>\n<\/div>\n<\/div>\n<\/div>\n\n<div class=\"wp-block-group has-primary-background-color has-background is-layout-flow wp-block-group-is-layout-flow\" style=\"margin-top:30px;margin-bottom:30px;padding-top:var(--wp--preset--spacing--40);padding-right:var(--wp--preset--spacing--40);padding-bottom:var(--wp--preset--spacing--40);padding-left:var(--wp--preset--spacing--40)\">\n<h3 class=\"wp-block-heading\">MOD\u00c8LE<\/h3>\n<\/div>\n\n<figure class=\"wp-block-table\"><table><tbody><tr><td class=\"has-text-align-center\" data-align=\"center\"><strong>Mod\u00e8le<\/strong><\/td><td class=\"has-text-align-center\" data-align=\"center\"><strong>Largeur (mm)<\/strong><\/td><td class=\"has-text-align-center\" data-align=\"center\"><strong>B\u00e9liers<\/strong><\/td><td class=\"has-text-align-center\" data-align=\"center\"><strong>Capacit\u00e9<\/strong><\/td><\/tr><tr><td class=\"has-text-align-center\" data-align=\"center\">SHGX1300<\/td><td class=\"has-text-align-center\" data-align=\"center\">1300mm<\/td><td class=\"has-text-align-center\" data-align=\"center\">2<\/td><td class=\"has-text-align-center\" data-align=\"center\">0,70 m3<\/td><\/tr><tr><td class=\"has-text-align-center\" data-align=\"center\">SHGX1600<\/td><td class=\"has-text-align-center\" data-align=\"center\">1600mm<\/td><td class=\"has-text-align-center\" data-align=\"center\">2<\/td><td class=\"has-text-align-center\" data-align=\"center\">0,85 m3<\/td><\/tr><tr><td class=\"has-text-align-center\" data-align=\"center\">SHGX1900<\/td><td class=\"has-text-align-center\" data-align=\"center\">1900mm<\/td><td class=\"has-text-align-center\" data-align=\"center\">3<\/td><td class=\"has-text-align-center\" data-align=\"center\">1,00 m3<\/td><\/tr><tr><td class=\"has-text-align-center\" data-align=\"center\">SHGX2200<\/td><td class=\"has-text-align-center\" data-align=\"center\">2200mm<\/td><td class=\"has-text-align-center\" data-align=\"center\">3<\/td><td class=\"has-text-align-center\" data-align=\"center\">1,15 m3<\/td><\/tr><\/tbody><\/table><\/figure>\n\n<div class=\"wp-block-group is-layout-flow wp-block-group-is-layout-flow\">\n<div class=\"wp-block-group has-primary-background-color has-background is-layout-flow wp-block-group-is-layout-flow\" style=\"margin-top:30px;margin-bottom:30px;padding-top:var(--wp--preset--spacing--40);padding-right:var(--wp--preset--spacing--40);padding-bottom:var(--wp--preset--spacing--40);padding-left:var(--wp--preset--spacing--40)\">\n<h3 class=\"wp-block-heading\">GALERIE<\/h3>\n<\/div>\n\n\n\n<figure class=\"wp-block-gallery has-nested-images columns-4 is-cropped wp-block-gallery-1 is-layout-flex wp-block-gallery-is-layout-flex\">\n<figure class=\"wp-block-image size-thumbnail\"><a href=\"https:\/\/www.whitesmh.co.uk\/wp-content\/uploads\/IMG_0032-1-scaled.jpeg\"><img loading=\"lazy\" decoding=\"async\" width=\"400\" height=\"400\" data-id=\"1281\" src=\"https:\/\/www.whitesmh.co.uk\/wp-content\/uploads\/IMG_0032-1-400x400.jpeg\" alt=\"\" class=\"wp-image-1281\" srcset=\"https:\/\/www.whitesmh.co.uk\/wp-content\/uploads\/IMG_0032-1-400x400.jpeg 400w, https:\/\/www.whitesmh.co.uk\/wp-content\/uploads\/IMG_0032-1-scaled-300x300.jpeg 300w, https:\/\/www.whitesmh.co.uk\/wp-content\/uploads\/IMG_0032-1-scaled-100x100.jpeg 100w\" sizes=\"auto, (max-width: 400px) 100vw, 400px\" \/><\/a><\/figure>\n\n\n\n<figure class=\"wp-block-image size-thumbnail\"><a href=\"https:\/\/www.whitesmh.co.uk\/wp-content\/uploads\/fb8dc8d8-b0fc-44be-9713-15e9b77019d4.jpg\"><img loading=\"lazy\" decoding=\"async\" width=\"400\" height=\"400\" data-id=\"1744\" src=\"https:\/\/www.whitesmh.co.uk\/wp-content\/uploads\/fb8dc8d8-b0fc-44be-9713-15e9b77019d4-400x400.jpg\" alt=\"\" class=\"wp-image-1744\" srcset=\"https:\/\/www.whitesmh.co.uk\/wp-content\/uploads\/fb8dc8d8-b0fc-44be-9713-15e9b77019d4-400x400.jpg 400w, https:\/\/www.whitesmh.co.uk\/wp-content\/uploads\/fb8dc8d8-b0fc-44be-9713-15e9b77019d4-300x300.jpg 300w, https:\/\/www.whitesmh.co.uk\/wp-content\/uploads\/fb8dc8d8-b0fc-44be-9713-15e9b77019d4-100x100.jpg 100w\" sizes=\"auto, (max-width: 400px) 100vw, 400px\" \/><\/a><\/figure>\n\n\n\n<figure class=\"wp-block-image size-thumbnail\"><a href=\"https:\/\/www.whitesmh.co.uk\/wp-content\/uploads\/IMG_0022-scaled.jpeg\"><img loading=\"lazy\" decoding=\"async\" width=\"400\" height=\"400\" data-id=\"1279\" src=\"https:\/\/www.whitesmh.co.uk\/wp-content\/uploads\/IMG_0022-400x400.jpeg\" alt=\"\" class=\"wp-image-1279\" srcset=\"https:\/\/www.whitesmh.co.uk\/wp-content\/uploads\/IMG_0022-400x400.jpeg 400w, https:\/\/www.whitesmh.co.uk\/wp-content\/uploads\/IMG_0022-scaled-300x300.jpeg 300w, https:\/\/www.whitesmh.co.uk\/wp-content\/uploads\/IMG_0022-scaled-100x100.jpeg 100w\" sizes=\"auto, (max-width: 400px) 100vw, 400px\" \/><\/a><\/figure>\n\n\n\n<figure class=\"wp-block-image size-thumbnail\"><a href=\"https:\/\/www.whitesmh.co.uk\/wp-content\/uploads\/0b0437c3-9a8f-4456-95cd-6c367bf23f54-scaled.jpeg\"><img loading=\"lazy\" decoding=\"async\" width=\"400\" height=\"400\" data-id=\"1278\" src=\"https:\/\/www.whitesmh.co.uk\/wp-content\/uploads\/0b0437c3-9a8f-4456-95cd-6c367bf23f54-400x400.jpeg\" alt=\"\" class=\"wp-image-1278\" srcset=\"https:\/\/www.whitesmh.co.uk\/wp-content\/uploads\/0b0437c3-9a8f-4456-95cd-6c367bf23f54-400x400.jpeg 400w, https:\/\/www.whitesmh.co.uk\/wp-content\/uploads\/0b0437c3-9a8f-4456-95cd-6c367bf23f54-scaled-300x300.jpeg 300w, https:\/\/www.whitesmh.co.uk\/wp-content\/uploads\/0b0437c3-9a8f-4456-95cd-6c367bf23f54-scaled-100x100.jpeg 100w\" sizes=\"auto, (max-width: 400px) 100vw, 400px\" \/><\/a><\/figure>\n\n\n\n<figure class=\"wp-block-image size-thumbnail\"><a href=\"https:\/\/www.whitesmh.co.uk\/wp-content\/uploads\/IMG_4505-scaled.jpeg\"><img loading=\"lazy\" decoding=\"async\" width=\"400\" height=\"400\" data-id=\"1285\" src=\"https:\/\/www.whitesmh.co.uk\/wp-content\/uploads\/IMG_4505-400x400.jpeg\" alt=\"\" class=\"wp-image-1285\" srcset=\"https:\/\/www.whitesmh.co.uk\/wp-content\/uploads\/IMG_4505-400x400.jpeg 400w, https:\/\/www.whitesmh.co.uk\/wp-content\/uploads\/IMG_4505-scaled-300x300.jpeg 300w, https:\/\/www.whitesmh.co.uk\/wp-content\/uploads\/IMG_4505-scaled-100x100.jpeg 100w\" sizes=\"auto, (max-width: 400px) 100vw, 400px\" \/><\/a><\/figure>\n\n\n\n<figure class=\"wp-block-image size-thumbnail\"><a href=\"https:\/\/www.whitesmh.co.uk\/wp-content\/uploads\/IMG_6126-scaled.jpeg\"><img loading=\"lazy\" decoding=\"async\" width=\"400\" height=\"400\" data-id=\"2246\" src=\"https:\/\/www.whitesmh.co.uk\/wp-content\/uploads\/IMG_6126-400x400.jpeg\" alt=\"\" class=\"wp-image-2246\" srcset=\"https:\/\/www.whitesmh.co.uk\/wp-content\/uploads\/IMG_6126-400x400.jpeg 400w, https:\/\/www.whitesmh.co.uk\/wp-content\/uploads\/IMG_6126-scaled-300x300.jpeg 300w, https:\/\/www.whitesmh.co.uk\/wp-content\/uploads\/IMG_6126-scaled-100x100.jpeg 100w\" sizes=\"auto, (max-width: 400px) 100vw, 400px\" \/><\/a><\/figure>\n\n\n\n<figure class=\"wp-block-image size-thumbnail\"><a href=\"https:\/\/www.whitesmh.co.uk\/wp-content\/uploads\/IMG_4501-scaled.jpeg\"><img loading=\"lazy\" decoding=\"async\" width=\"400\" height=\"400\" data-id=\"1283\" src=\"https:\/\/www.whitesmh.co.uk\/wp-content\/uploads\/IMG_4501-400x400.jpeg\" alt=\"\" class=\"wp-image-1283\" srcset=\"https:\/\/www.whitesmh.co.uk\/wp-content\/uploads\/IMG_4501-400x400.jpeg 400w, https:\/\/www.whitesmh.co.uk\/wp-content\/uploads\/IMG_4501-scaled-300x300.jpeg 300w, https:\/\/www.whitesmh.co.uk\/wp-content\/uploads\/IMG_4501-scaled-100x100.jpeg 100w\" sizes=\"auto, (max-width: 400px) 100vw, 400px\" \/><\/a><\/figure>\n\n\n\n<figure class=\"wp-block-image size-thumbnail\"><a href=\"https:\/\/www.whitesmh.co.uk\/wp-content\/uploads\/IMG_4500-scaled.jpeg\"><img loading=\"lazy\" decoding=\"async\" width=\"400\" height=\"400\" data-id=\"1282\" src=\"https:\/\/www.whitesmh.co.uk\/wp-content\/uploads\/IMG_4500-400x400.jpeg\" alt=\"\" class=\"wp-image-1282\" srcset=\"https:\/\/www.whitesmh.co.uk\/wp-content\/uploads\/IMG_4500-400x400.jpeg 400w, https:\/\/www.whitesmh.co.uk\/wp-content\/uploads\/IMG_4500-scaled-300x300.jpeg 300w, https:\/\/www.whitesmh.co.uk\/wp-content\/uploads\/IMG_4500-scaled-100x100.jpeg 100w\" sizes=\"auto, (max-width: 400px) 100vw, 400px\" \/><\/a><\/figure>\n\n\n\n<figure class=\"wp-block-image size-thumbnail\"><a href=\"https:\/\/www.whitesmh.co.uk\/wp-content\/uploads\/IMG_6160-scaled.jpeg\"><img loading=\"lazy\" decoding=\"async\" width=\"400\" height=\"400\" data-id=\"2272\" src=\"https:\/\/www.whitesmh.co.uk\/wp-content\/uploads\/IMG_6160-400x400.jpeg\" alt=\"\" class=\"wp-image-2272\" srcset=\"https:\/\/www.whitesmh.co.uk\/wp-content\/uploads\/IMG_6160-400x400.jpeg 400w, https:\/\/www.whitesmh.co.uk\/wp-content\/uploads\/IMG_6160-scaled-300x300.jpeg 300w, https:\/\/www.whitesmh.co.uk\/wp-content\/uploads\/IMG_6160-scaled-100x100.jpeg 100w\" sizes=\"auto, (max-width: 400px) 100vw, 400px\" \/><\/a><\/figure>\n\n\n\n<figure class=\"wp-block-image size-thumbnail\"><a href=\"https:\/\/www.whitesmh.co.uk\/wp-content\/uploads\/IMG_6174-scaled.jpeg\"><img loading=\"lazy\" decoding=\"async\" width=\"400\" height=\"400\" data-id=\"2273\" src=\"https:\/\/www.whitesmh.co.uk\/wp-content\/uploads\/IMG_6174-400x400.jpeg\" alt=\"\" class=\"wp-image-2273\" srcset=\"https:\/\/www.whitesmh.co.uk\/wp-content\/uploads\/IMG_6174-400x400.jpeg 400w, https:\/\/www.whitesmh.co.uk\/wp-content\/uploads\/IMG_6174-scaled-300x300.jpeg 300w, https:\/\/www.whitesmh.co.uk\/wp-content\/uploads\/IMG_6174-scaled-100x100.jpeg 100w\" sizes=\"auto, (max-width: 400px) 100vw, 400px\" \/><\/a><\/figure>\n\n\n\n<figure class=\"wp-block-image size-thumbnail\"><a href=\"https:\/\/www.whitesmh.co.uk\/wp-content\/uploads\/IMG_6176-scaled.jpeg\"><img loading=\"lazy\" decoding=\"async\" width=\"400\" height=\"400\" data-id=\"2274\" src=\"https:\/\/www.whitesmh.co.uk\/wp-content\/uploads\/IMG_6176-400x400.jpeg\" alt=\"\" class=\"wp-image-2274\" srcset=\"https:\/\/www.whitesmh.co.uk\/wp-content\/uploads\/IMG_6176-400x400.jpeg 400w, https:\/\/www.whitesmh.co.uk\/wp-content\/uploads\/IMG_6176-scaled-300x300.jpeg 300w, https:\/\/www.whitesmh.co.uk\/wp-content\/uploads\/IMG_6176-scaled-100x100.jpeg 100w\" sizes=\"auto, (max-width: 400px) 100vw, 400px\" \/><\/a><\/figure>\n\n\n\n<figure class=\"wp-block-image size-thumbnail\"><a href=\"https:\/\/www.whitesmh.co.uk\/wp-content\/uploads\/IMG_6177-scaled.jpeg\"><img loading=\"lazy\" decoding=\"async\" width=\"400\" height=\"400\" data-id=\"2275\" src=\"https:\/\/www.whitesmh.co.uk\/wp-content\/uploads\/IMG_6177-400x400.jpeg\" alt=\"\" class=\"wp-image-2275\" srcset=\"https:\/\/www.whitesmh.co.uk\/wp-content\/uploads\/IMG_6177-400x400.jpeg 400w, https:\/\/www.whitesmh.co.uk\/wp-content\/uploads\/IMG_6177-scaled-300x300.jpeg 300w, https:\/\/www.whitesmh.co.uk\/wp-content\/uploads\/IMG_6177-scaled-100x100.jpeg 100w\" sizes=\"auto, (max-width: 400px) 100vw, 400px\" \/><\/a><\/figure>\n<\/figure>\n<\/div>\n\n<div class=\"wp-block-group has-primary-background-color has-background is-layout-flow wp-block-group-is-layout-flow\" style=\"margin-top:30px;margin-bottom:30px;padding-top:var(--wp--preset--spacing--40);padding-right:var(--wp--preset--spacing--40);padding-bottom:var(--wp--preset--spacing--40);padding-left:var(--wp--preset--spacing--40)\">\n<h3 class=\"wp-block-heading\">VID\u00c9OS<\/h3>\n<\/div>\n\n<figure class=\"wp-block-embed is-type-video is-provider-youtube wp-block-embed-youtube wp-embed-aspect-16-9 wp-has-aspect-ratio\"><div class=\"wp-block-embed__wrapper\">\n<iframe loading=\"lazy\" title=\"Whites Material Handling - Shear Grabs\" width=\"800\" height=\"450\" src=\"https:\/\/www.youtube.com\/embed\/Tjuz2p7S7HI?start=4&#038;feature=oembed\" frameborder=\"0\" allow=\"accelerometer; autoplay; clipboard-write; encrypted-media; gyroscope; picture-in-picture; web-share\" referrerpolicy=\"strict-origin-when-cross-origin\" allowfullscreen><\/iframe>\n<\/div><\/figure>\n","protected":false},"excerpt":{"rendered":"<p>GRAPPINS DE CISAILLEMENT AG-X La gamme de grappins de cisaillement WHITES AG-X est vraiment in\u00e9gal\u00e9e pour ses sp\u00e9cifications et sa qualit\u00e9 de fabrication. Dot\u00e9e de dents, de dents et de lames Hardox, la gamme est con\u00e7ue pour r\u00e9pondre aux besoins difficiles des \u00e9leveurs. MOD\u00c8LE Mod\u00e8le Largeur (mm) B\u00e9liers Capacit\u00e9 SHGX1300 1300mm 2 0,70 m3 SHGX1600&hellip;<\/p>\n","protected":false},"featured_media":3725,"template":"","meta":{"_acf_changed":false},"product_brand":[],"product_cat":[303,306,297],"product_tag":[],"class_list":{"2":"type-product","9":"product","10":"first","11":"instock","12":"taxable","13":"shipping-taxable","14":"product-type-simple"},"acf":[],"_links":{"self":[{"href":"https:\/\/www.whitesmh.co.uk\/fr\/wp-json\/wp\/v2\/product\/4764","targetHints":{"allow":["GET"]}}],"collection":[{"href":"https:\/\/www.whitesmh.co.uk\/fr\/wp-json\/wp\/v2\/product"}],"about":[{"href":"https:\/\/www.whitesmh.co.uk\/fr\/wp-json\/wp\/v2\/types\/product"}],"wp:featuredmedia":[{"embeddable":true,"href":"https:\/\/www.whitesmh.co.uk\/fr\/wp-json\/wp\/v2\/media\/3725"}],"wp:attachment":[{"href":"https:\/\/www.whitesmh.co.uk\/fr\/wp-json\/wp\/v2\/media?parent=4764"}],"wp:term":[{"taxonomy":"product_brand","embeddable":true,"href":"https:\/\/www.whitesmh.co.uk\/fr\/wp-json\/wp\/v2\/product_brand?post=4764"},{"taxonomy":"product_cat","embeddable":true,"href":"https:\/\/www.whitesmh.co.uk\/fr\/wp-json\/wp\/v2\/product_cat?post=4764"},{"taxonomy":"product_tag","embeddable":true,"href":"https:\/\/www.whitesmh.co.uk\/fr\/wp-json\/wp\/v2\/product_tag?post=4764"}],"curies":[{"name":"wp","href":"https:\/\/api.w.org\/{rel}","templated":true}]}}