{"id":4763,"date":"2023-12-07T09:30:02","date_gmt":"2023-12-07T09:30:02","guid":{"rendered":"https:\/\/www.whitesmh.co.uk\/products\/godets-de-fossoyage\/"},"modified":"2024-11-19T11:56:04","modified_gmt":"2024-11-19T11:56:04","slug":"godets-de-fossoyage","status":"publish","type":"product","link":"https:\/\/www.whitesmh.co.uk\/fr\/produit\/godets-de-fossoyage\/","title":{"rendered":"Godets de fossoyage"},"content":{"rendered":"\n<div class=\"wp-block-columns is-layout-flex wp-container-core-columns-is-layout-28f84493 wp-block-columns-is-layout-flex\">\n<div class=\"wp-block-column is-vertically-aligned-center is-layout-flow wp-block-column-is-layout-flow\">\n<figure class=\"wp-block-image size-full\"><img loading=\"lazy\" decoding=\"async\" width=\"1600\" height=\"1600\" src=\"https:\/\/www.whitesmh.co.uk\/wp-content\/uploads\/1000002575-edited-1-scaled.jpg\" alt=\"\" class=\"wp-image-3248\" srcset=\"https:\/\/www.whitesmh.co.uk\/wp-content\/uploads\/1000002575-edited-1-scaled.jpg 1600w, https:\/\/www.whitesmh.co.uk\/wp-content\/uploads\/1000002575-edited-1-scaled-300x300.jpg 300w, https:\/\/www.whitesmh.co.uk\/wp-content\/uploads\/1000002575-edited-1-scaled-100x100.jpg 100w, https:\/\/www.whitesmh.co.uk\/wp-content\/uploads\/1000002575-edited-1-scaled-600x600.jpg 600w, https:\/\/www.whitesmh.co.uk\/wp-content\/uploads\/1000002575-edited-1-800x800.jpg 800w, https:\/\/www.whitesmh.co.uk\/wp-content\/uploads\/1000002575-edited-1-400x400.jpg 400w, https:\/\/www.whitesmh.co.uk\/wp-content\/uploads\/1000002575-edited-1-768x768.jpg 768w\" sizes=\"auto, (max-width: 800px) 100vw, 800px\" \/><\/figure>\n<\/div>\n\n\n\n<div class=\"wp-block-column is-layout-flow wp-block-column-is-layout-flow\">\n<h2 class=\"wp-block-heading\" style=\"text-transform:uppercase\">GODETS DE FOSSOYAGE<\/h2>\n\n\n\n<p>Le godet de creusement de tombes WHITES est parfaitement con\u00e7u pour creuser rapidement et efficacement des tombes avec un rendement minimal de la machine.  <\/p>\n\n\n\n<ul class=\"wp-block-list\">\n<li>Con\u00e7u pour les applications de creusement de tombes<\/li>\n\n\n\n<li>Options standard de goupille et de goupille \u00e0 souder disponibles<\/li>\n\n\n\n<li>Livr\u00e9 avec des dents<\/li>\n\n\n\n<li>Conception robuste<\/li>\n<\/ul>\n\n\n\n<div class=\"wp-block-columns is-layout-flex wp-container-core-columns-is-layout-28f84493 wp-block-columns-is-layout-flex\">\n<div class=\"wp-block-column is-layout-flow wp-block-column-is-layout-flow\" style=\"flex-basis:100%\">\n<figure class=\"wp-block-image size-full is-resized\"><img loading=\"lazy\" decoding=\"async\" width=\"626\" height=\"149\" src=\"https:\/\/www.whitesmh.co.uk\/wp-content\/uploads\/image.png\" alt=\"\" class=\"wp-image-635\" style=\"width:268px;height:auto\" srcset=\"https:\/\/www.whitesmh.co.uk\/wp-content\/uploads\/image.png 626w, https:\/\/www.whitesmh.co.uk\/wp-content\/uploads\/image-600x143.png 600w\" sizes=\"auto, (max-width: 626px) 100vw, 626px\" \/><\/figure>\n<\/div>\n<\/div>\n\n\n\n<div class=\"wp-block-buttons is-layout-flex wp-block-buttons-is-layout-flex\">\n<div class=\"wp-block-button\"><a class=\"wp-block-button__link wp-element-button\" href=\"https:\/\/www.whitesmh.co.uk\/fr\/contact\/\">CONTACTEZ-NOUS<\/a><\/div>\n\n\n\n<div class=\"wp-block-button\"><a class=\"wp-block-button__link wp-element-button\" href=\"https:\/\/www.whitesmh.co.uk\/fr\/assistance-produit\/\">SOUTIEN PRODUIT<\/a><\/div>\n<\/div>\n<\/div>\n<\/div>\n\n<div class=\"wp-block-group is-layout-constrained wp-block-group-is-layout-constrained\">\n<div class=\"wp-block-group alignfull has-primary-background-color has-background is-layout-flow wp-block-group-is-layout-flow\" style=\"margin-top:30px;margin-bottom:30px;padding-top:var(--wp--preset--spacing--40);padding-right:var(--wp--preset--spacing--40);padding-bottom:var(--wp--preset--spacing--40);padding-left:var(--wp--preset--spacing--40)\">\n<h3 class=\"wp-block-heading\">MOD\u00c8LE<\/h3>\n<\/div>\n<\/div>\n\n<figure class=\"wp-block-table\"><table><tbody><tr><td class=\"has-text-align-center\" data-align=\"center\"><strong>Num\u00e9ro de pi\u00e8ce<\/strong><\/td><td class=\"has-text-align-center\" data-align=\"center\"><strong>Largeur (mm)<\/strong><\/td><td class=\"has-text-align-center\" data-align=\"center\"><strong>Largeur (pouces)<\/strong><\/td><td class=\"has-text-align-center\" data-align=\"center\"><strong>Taille de la machine<\/strong><\/td><\/tr><tr><td class=\"has-text-align-center\" data-align=\"center\">EV4012<\/td><td class=\"has-text-align-center\" data-align=\"center\">300mm<\/td><td class=\"has-text-align-center\" data-align=\"center\">12\u00a0\u00bb<\/td><td class=\"has-text-align-center\" data-align=\"center\">1,50 T<\/td><\/tr><tr><td class=\"has-text-align-center\" data-align=\"center\">EV4016<\/td><td class=\"has-text-align-center\" data-align=\"center\">400mm<\/td><td class=\"has-text-align-center\" data-align=\"center\">16\u00a0\u00bb<\/td><td class=\"has-text-align-center\" data-align=\"center\">1,50 T<\/td><\/tr><tr><td class=\"has-text-align-center\" data-align=\"center\">EV4018<\/td><td class=\"has-text-align-center\" data-align=\"center\">450mm<\/td><td class=\"has-text-align-center\" data-align=\"center\">18\u00a0\u00bb<\/td><td class=\"has-text-align-center\" data-align=\"center\">1,50 T<\/td><\/tr><tr><td class=\"has-text-align-center\" data-align=\"center\">EV4024<\/td><td class=\"has-text-align-center\" data-align=\"center\">600mm<\/td><td class=\"has-text-align-center\" data-align=\"center\">24\u00a0\u00bb<\/td><td class=\"has-text-align-center\" data-align=\"center\">1,50 T<\/td><\/tr><tr><td class=\"has-text-align-center\" data-align=\"center\">EV4012<\/td><td class=\"has-text-align-center\" data-align=\"center\">300mm<\/td><td class=\"has-text-align-center\" data-align=\"center\">12\u00a0\u00bb<\/td><td class=\"has-text-align-center\" data-align=\"center\">3,0 dents<\/td><\/tr><tr><td class=\"has-text-align-center\" data-align=\"center\">EV4016<\/td><td class=\"has-text-align-center\" data-align=\"center\">400mm<\/td><td class=\"has-text-align-center\" data-align=\"center\">16\u00a0\u00bb<\/td><td class=\"has-text-align-center\" data-align=\"center\">3,0 dents<\/td><\/tr><tr><td class=\"has-text-align-center\" data-align=\"center\">EV4018<\/td><td class=\"has-text-align-center\" data-align=\"center\">450mm<\/td><td class=\"has-text-align-center\" data-align=\"center\">18\u00a0\u00bb<\/td><td class=\"has-text-align-center\" data-align=\"center\">3,0 dents<\/td><\/tr><tr><td class=\"has-text-align-center\" data-align=\"center\">EV4024<\/td><td class=\"has-text-align-center\" data-align=\"center\">600mm<\/td><td class=\"has-text-align-center\" data-align=\"center\">24\u00a0\u00bb<\/td><td class=\"has-text-align-center\" data-align=\"center\">3,0 dents<\/td><\/tr><tr><td class=\"has-text-align-center\" data-align=\"center\">EV4030<\/td><td class=\"has-text-align-center\" data-align=\"center\">750mm<\/td><td class=\"has-text-align-center\" data-align=\"center\">30\u00a0\u00bb<\/td><td class=\"has-text-align-center\" data-align=\"center\">3,0 dents<\/td><\/tr><tr><td class=\"has-text-align-center\" data-align=\"center\">EV4012<\/td><td class=\"has-text-align-center\" data-align=\"center\">300mm<\/td><td class=\"has-text-align-center\" data-align=\"center\">12\u00a0\u00bb<\/td><td class=\"has-text-align-center\" data-align=\"center\">4,0 dents<\/td><\/tr><tr><td class=\"has-text-align-center\" data-align=\"center\">EV4016<\/td><td class=\"has-text-align-center\" data-align=\"center\">400mm<\/td><td class=\"has-text-align-center\" data-align=\"center\">16\u00a0\u00bb<\/td><td class=\"has-text-align-center\" data-align=\"center\">4,0 dents<\/td><\/tr><tr><td class=\"has-text-align-center\" data-align=\"center\">EV4018<\/td><td class=\"has-text-align-center\" data-align=\"center\">450mm<\/td><td class=\"has-text-align-center\" data-align=\"center\">18\u00a0\u00bb<\/td><td class=\"has-text-align-center\" data-align=\"center\">4,0 dents<\/td><\/tr><tr><td class=\"has-text-align-center\" data-align=\"center\">EV4024<\/td><td class=\"has-text-align-center\" data-align=\"center\">600mm<\/td><td class=\"has-text-align-center\" data-align=\"center\">24\u00a0\u00bb<\/td><td class=\"has-text-align-center\" data-align=\"center\">4,0 dents<\/td><\/tr><tr><td class=\"has-text-align-center\" data-align=\"center\">EV4030<\/td><td class=\"has-text-align-center\" data-align=\"center\">750mm<\/td><td class=\"has-text-align-center\" data-align=\"center\">30\u00a0\u00bb<\/td><td class=\"has-text-align-center\" data-align=\"center\">4,0 dents<\/td><\/tr><\/tbody><\/table><\/figure>\n\n<div class=\"wp-block-group is-layout-flow wp-block-group-is-layout-flow\">\n<div class=\"wp-block-group has-primary-background-color has-background is-layout-flow wp-block-group-is-layout-flow\" style=\"margin-top:30px;margin-bottom:30px;padding-top:var(--wp--preset--spacing--40);padding-right:var(--wp--preset--spacing--40);padding-bottom:var(--wp--preset--spacing--40);padding-left:var(--wp--preset--spacing--40)\">\n<h3 class=\"wp-block-heading\">GALERIE<\/h3>\n<\/div>\n\n\n\n<figure class=\"wp-block-gallery has-nested-images columns-4 is-cropped wp-block-gallery-1 is-layout-flex wp-block-gallery-is-layout-flex\">\n<figure class=\"wp-block-image size-thumbnail\"><a href=\"https:\/\/www.whitesmh.co.uk\/wp-content\/uploads\/1000002575-scaled.jpg\"><img loading=\"lazy\" decoding=\"async\" width=\"400\" height=\"400\" data-id=\"3243\" src=\"https:\/\/www.whitesmh.co.uk\/wp-content\/uploads\/1000002575-400x400.jpg\" alt=\"\" class=\"wp-image-3243\" srcset=\"https:\/\/www.whitesmh.co.uk\/wp-content\/uploads\/1000002575-400x400.jpg 400w, https:\/\/www.whitesmh.co.uk\/wp-content\/uploads\/1000002575-scaled-300x300.jpg 300w, https:\/\/www.whitesmh.co.uk\/wp-content\/uploads\/1000002575-scaled-100x100.jpg 100w\" sizes=\"auto, (max-width: 400px) 100vw, 400px\" \/><\/a><\/figure>\n\n\n\n<figure class=\"wp-block-image size-thumbnail\"><a href=\"https:\/\/www.whitesmh.co.uk\/wp-content\/uploads\/Bladed-angle-3.jpg\"><img loading=\"lazy\" decoding=\"async\" width=\"400\" height=\"400\" data-id=\"3273\" src=\"https:\/\/www.whitesmh.co.uk\/wp-content\/uploads\/Bladed-angle-3-400x400.jpg\" alt=\"\" class=\"wp-image-3273\" srcset=\"https:\/\/www.whitesmh.co.uk\/wp-content\/uploads\/Bladed-angle-3-400x400.jpg 400w, https:\/\/www.whitesmh.co.uk\/wp-content\/uploads\/Bladed-angle-3-scaled-300x300.jpg 300w, https:\/\/www.whitesmh.co.uk\/wp-content\/uploads\/Bladed-angle-3-scaled-100x100.jpg 100w\" sizes=\"auto, (max-width: 400px) 100vw, 400px\" \/><\/a><\/figure>\n\n\n\n<figure class=\"wp-block-image size-thumbnail\"><a href=\"https:\/\/www.whitesmh.co.uk\/wp-content\/uploads\/Tooth-side-on.jpg\"><img loading=\"lazy\" decoding=\"async\" width=\"400\" height=\"400\" data-id=\"3274\" src=\"https:\/\/www.whitesmh.co.uk\/wp-content\/uploads\/Tooth-side-on-400x400.jpg\" alt=\"\" class=\"wp-image-3274\" srcset=\"https:\/\/www.whitesmh.co.uk\/wp-content\/uploads\/Tooth-side-on-400x400.jpg 400w, https:\/\/www.whitesmh.co.uk\/wp-content\/uploads\/Tooth-side-on-scaled-300x300.jpg 300w, https:\/\/www.whitesmh.co.uk\/wp-content\/uploads\/Tooth-side-on-scaled-100x100.jpg 100w\" sizes=\"auto, (max-width: 400px) 100vw, 400px\" \/><\/a><\/figure>\n\n\n\n<figure class=\"wp-block-image size-thumbnail\"><a href=\"https:\/\/www.whitesmh.co.uk\/wp-content\/uploads\/Rear-GD-Bucket.jpg\"><img loading=\"lazy\" decoding=\"async\" width=\"400\" height=\"400\" data-id=\"3275\" src=\"https:\/\/www.whitesmh.co.uk\/wp-content\/uploads\/Rear-GD-Bucket-400x400.jpg\" alt=\"\" class=\"wp-image-3275\" srcset=\"https:\/\/www.whitesmh.co.uk\/wp-content\/uploads\/Rear-GD-Bucket-400x400.jpg 400w, https:\/\/www.whitesmh.co.uk\/wp-content\/uploads\/Rear-GD-Bucket-scaled-300x300.jpg 300w, https:\/\/www.whitesmh.co.uk\/wp-content\/uploads\/Rear-GD-Bucket-scaled-100x100.jpg 100w\" sizes=\"auto, (max-width: 400px) 100vw, 400px\" \/><\/a><\/figure>\n\n\n\n<figure class=\"wp-block-image size-thumbnail\"><a href=\"https:\/\/www.whitesmh.co.uk\/wp-content\/uploads\/Front-tooth.jpg\"><img loading=\"lazy\" decoding=\"async\" width=\"400\" height=\"400\" data-id=\"3276\" src=\"https:\/\/www.whitesmh.co.uk\/wp-content\/uploads\/Front-tooth-400x400.jpg\" alt=\"\" class=\"wp-image-3276\" srcset=\"https:\/\/www.whitesmh.co.uk\/wp-content\/uploads\/Front-tooth-400x400.jpg 400w, https:\/\/www.whitesmh.co.uk\/wp-content\/uploads\/Front-tooth-scaled-300x300.jpg 300w, https:\/\/www.whitesmh.co.uk\/wp-content\/uploads\/Front-tooth-scaled-100x100.jpg 100w\" sizes=\"auto, (max-width: 400px) 100vw, 400px\" \/><\/a><\/figure>\n\n\n\n<figure class=\"wp-block-image size-thumbnail\"><a href=\"https:\/\/www.whitesmh.co.uk\/wp-content\/uploads\/Front-Bladed-2.jpg\"><img loading=\"lazy\" decoding=\"async\" width=\"400\" height=\"400\" data-id=\"3279\" src=\"https:\/\/www.whitesmh.co.uk\/wp-content\/uploads\/Front-Bladed-2-400x400.jpg\" alt=\"\" class=\"wp-image-3279\" srcset=\"https:\/\/www.whitesmh.co.uk\/wp-content\/uploads\/Front-Bladed-2-400x400.jpg 400w, https:\/\/www.whitesmh.co.uk\/wp-content\/uploads\/Front-Bladed-2-scaled-300x300.jpg 300w, https:\/\/www.whitesmh.co.uk\/wp-content\/uploads\/Front-Bladed-2-scaled-100x100.jpg 100w\" sizes=\"auto, (max-width: 400px) 100vw, 400px\" \/><\/a><\/figure>\n\n\n\n<figure class=\"wp-block-image size-thumbnail\"><a href=\"https:\/\/www.whitesmh.co.uk\/wp-content\/uploads\/Grave-Digging-Bucket-2.jpg\"><img loading=\"lazy\" decoding=\"async\" width=\"400\" height=\"400\" data-id=\"1801\" src=\"https:\/\/www.whitesmh.co.uk\/wp-content\/uploads\/Grave-Digging-Bucket-2-400x400.jpg\" alt=\"\" class=\"wp-image-1801\" srcset=\"https:\/\/www.whitesmh.co.uk\/wp-content\/uploads\/Grave-Digging-Bucket-2-400x400.jpg 400w, https:\/\/www.whitesmh.co.uk\/wp-content\/uploads\/Grave-Digging-Bucket-2-300x300.jpg 300w, https:\/\/www.whitesmh.co.uk\/wp-content\/uploads\/Grave-Digging-Bucket-2-100x100.jpg 100w\" sizes=\"auto, (max-width: 400px) 100vw, 400px\" \/><\/a><\/figure>\n\n\n\n<figure class=\"wp-block-image size-thumbnail\"><a href=\"https:\/\/www.whitesmh.co.uk\/wp-content\/uploads\/Grave-Digging-Bucket-3.jpg\"><img loading=\"lazy\" decoding=\"async\" width=\"400\" height=\"400\" data-id=\"1802\" src=\"https:\/\/www.whitesmh.co.uk\/wp-content\/uploads\/Grave-Digging-Bucket-3-400x400.jpg\" alt=\"\" class=\"wp-image-1802\" srcset=\"https:\/\/www.whitesmh.co.uk\/wp-content\/uploads\/Grave-Digging-Bucket-3-400x400.jpg 400w, https:\/\/www.whitesmh.co.uk\/wp-content\/uploads\/Grave-Digging-Bucket-3-300x300.jpg 300w, https:\/\/www.whitesmh.co.uk\/wp-content\/uploads\/Grave-Digging-Bucket-3-100x100.jpg 100w\" sizes=\"auto, (max-width: 400px) 100vw, 400px\" \/><\/a><\/figure>\n<\/figure>\n<\/div>\n","protected":false},"excerpt":{"rendered":"<p>GODETS DE FOSSOYAGE Le godet de creusement de tombes WHITES est parfaitement con\u00e7u pour creuser rapidement et efficacement des tombes avec un rendement minimal de la machine. MOD\u00c8LE Num\u00e9ro de pi\u00e8ce Largeur (mm) Largeur (pouces) Taille de la machine EV4012 300mm 12\u00a0\u00bb 1,50 T EV4016 400mm 16\u00a0\u00bb 1,50 T EV4018 450mm 18\u00a0\u00bb 1,50 T EV4024&hellip;<\/p>\n","protected":false},"featured_media":10544,"template":"","meta":{"_acf_changed":false},"product_brand":[],"product_cat":[302],"product_tag":[],"class_list":{"2":"type-product","7":"product","8":"first","9":"instock","10":"taxable","11":"shipping-taxable","12":"product-type-simple"},"acf":[],"_links":{"self":[{"href":"https:\/\/www.whitesmh.co.uk\/fr\/wp-json\/wp\/v2\/product\/4763","targetHints":{"allow":["GET"]}}],"collection":[{"href":"https:\/\/www.whitesmh.co.uk\/fr\/wp-json\/wp\/v2\/product"}],"about":[{"href":"https:\/\/www.whitesmh.co.uk\/fr\/wp-json\/wp\/v2\/types\/product"}],"wp:featuredmedia":[{"embeddable":true,"href":"https:\/\/www.whitesmh.co.uk\/fr\/wp-json\/wp\/v2\/media\/10544"}],"wp:attachment":[{"href":"https:\/\/www.whitesmh.co.uk\/fr\/wp-json\/wp\/v2\/media?parent=4763"}],"wp:term":[{"taxonomy":"product_brand","embeddable":true,"href":"https:\/\/www.whitesmh.co.uk\/fr\/wp-json\/wp\/v2\/product_brand?post=4763"},{"taxonomy":"product_cat","embeddable":true,"href":"https:\/\/www.whitesmh.co.uk\/fr\/wp-json\/wp\/v2\/product_cat?post=4763"},{"taxonomy":"product_tag","embeddable":true,"href":"https:\/\/www.whitesmh.co.uk\/fr\/wp-json\/wp\/v2\/product_tag?post=4763"}],"curies":[{"name":"wp","href":"https:\/\/api.w.org\/{rel}","templated":true}]}}