{"id":4761,"date":"2023-12-10T14:13:49","date_gmt":"2023-12-10T14:13:49","guid":{"rendered":"https:\/\/www.whitesmh.co.uk\/products\/fourche-et-grappin-industriels\/"},"modified":"2024-11-19T11:53:30","modified_gmt":"2024-11-19T11:53:30","slug":"fourche-et-grappin-industriels","status":"publish","type":"product","link":"https:\/\/www.whitesmh.co.uk\/fr\/produit\/fourche-et-grappin-industriels\/","title":{"rendered":"Fourche et grappin industriels"},"content":{"rendered":"\n<div class=\"wp-block-columns is-layout-flex wp-container-core-columns-is-layout-28f84493 wp-block-columns-is-layout-flex\">\n<div class=\"wp-block-column is-vertically-aligned-center is-layout-flow wp-block-column-is-layout-flow\">\n<figure class=\"wp-block-image size-full\"><img loading=\"lazy\" decoding=\"async\" width=\"1147\" height=\"1147\" src=\"https:\/\/www.whitesmh.co.uk\/wp-content\/uploads\/Skidsteer-Industrial-Fork-and-Grapple.jpg\" alt=\"\" class=\"wp-image-2404\" srcset=\"https:\/\/www.whitesmh.co.uk\/wp-content\/uploads\/Skidsteer-Industrial-Fork-and-Grapple.jpg 1147w, https:\/\/www.whitesmh.co.uk\/wp-content\/uploads\/Skidsteer-Industrial-Fork-and-Grapple-300x300.jpg 300w, https:\/\/www.whitesmh.co.uk\/wp-content\/uploads\/Skidsteer-Industrial-Fork-and-Grapple-100x100.jpg 100w, https:\/\/www.whitesmh.co.uk\/wp-content\/uploads\/Skidsteer-Industrial-Fork-and-Grapple-600x600.jpg 600w, https:\/\/www.whitesmh.co.uk\/wp-content\/uploads\/Skidsteer-Industrial-Fork-and-Grapple-400x400.jpg 400w, https:\/\/www.whitesmh.co.uk\/wp-content\/uploads\/Skidsteer-Industrial-Fork-and-Grapple-800x800.jpg 800w, https:\/\/www.whitesmh.co.uk\/wp-content\/uploads\/Skidsteer-Industrial-Fork-and-Grapple-768x768.jpg 768w\" sizes=\"auto, (max-width: 800px) 100vw, 800px\" \/><\/figure>\n<\/div>\n\n\n\n<div class=\"wp-block-column is-layout-flow wp-block-column-is-layout-flow\">\n<h2 class=\"wp-block-heading\" style=\"text-transform:uppercase\">FOURCHE ET GRAPPIN INDUSTRIELS<\/h2>\n\n\n\n<p>Pour les applications intenses, nous recommandons notre gamme de fourches et de grappins industriels. Une foule de fonctionnalit\u00e9s remarquables en font un v\u00e9ritable leader du march\u00e9.  <\/p>\n\n\n\n<ul class=\"wp-block-list\">\n<li>Construction robuste<\/li>\n\n\n\n<li>Grappin 400 brinel HARDOX<\/li>\n\n\n\n<li>Dents de base de type KV ou Hardox<\/li>\n\n\n\n<li>Bicylindres avec protection de v\u00e9rin<\/li>\n\n\n\n<li>Grappins ind\u00e9pendants en deux parties<\/li>\n\n\n\n<li>La soupape de surpression hydraulique \u00e9vite la surcharge du syst\u00e8me hydraulique<\/li>\n\n\n\n<li>Douilles en acier tremp\u00e9 rempla\u00e7ables<\/li>\n\n\n\n<li>Goupilles de graissage partout<\/li>\n\n\n\n<li>Protection du v\u00e9rin hydraulique<\/li>\n<\/ul>\n\n\n\n<div class=\"wp-block-columns is-layout-flex wp-container-core-columns-is-layout-28f84493 wp-block-columns-is-layout-flex\">\n<div class=\"wp-block-column is-layout-flow wp-block-column-is-layout-flow\" style=\"flex-basis:100%\">\n<figure class=\"wp-block-image size-full is-resized\"><img loading=\"lazy\" decoding=\"async\" width=\"626\" height=\"149\" src=\"https:\/\/www.whitesmh.co.uk\/wp-content\/uploads\/image.png\" alt=\"\" class=\"wp-image-635\" style=\"width:268px;height:auto\" srcset=\"https:\/\/www.whitesmh.co.uk\/wp-content\/uploads\/image.png 626w, https:\/\/www.whitesmh.co.uk\/wp-content\/uploads\/image-600x143.png 600w\" sizes=\"auto, (max-width: 626px) 100vw, 626px\" \/><\/figure>\n<\/div>\n<\/div>\n\n\n\n<div class=\"wp-block-buttons is-layout-flex wp-block-buttons-is-layout-flex\">\n<div class=\"wp-block-button\"><a class=\"wp-block-button__link wp-element-button\" href=\"https:\/\/www.whitesmh.co.uk\/fr\/contact\/\">CONTACTEZ-NOUS<\/a><\/div>\n\n\n\n<div class=\"wp-block-button\"><a class=\"wp-block-button__link wp-element-button\" href=\"https:\/\/www.whitesmh.co.uk\/support\/grapples-product-support\/\">SOUTIEN PRODUIT<\/a><\/div>\n<\/div>\n<\/div>\n<\/div>\n\n<div class=\"wp-block-group is-layout-flow wp-block-group-is-layout-flow\">\n<div class=\"wp-block-group has-primary-background-color has-background is-layout-flow wp-block-group-is-layout-flow\" style=\"margin-top:30px;margin-bottom:30px;padding-top:var(--wp--preset--spacing--40);padding-right:var(--wp--preset--spacing--40);padding-bottom:var(--wp--preset--spacing--40);padding-left:var(--wp--preset--spacing--40)\">\n<h3 class=\"wp-block-heading\">MOD\u00c8LE<\/h3>\n<\/div>\n<\/div>\n\n<figure class=\"wp-block-table\"><table><tbody><tr><td class=\"has-text-align-center\" data-align=\"center\"><strong>Num\u00e9ro de pi\u00e8ce<\/strong><\/td><td class=\"has-text-align-center\" data-align=\"center\"><strong>Largeur (mm)<\/strong><\/td><td class=\"has-text-align-center\" data-align=\"center\"><strong>Largeur (pouces)<\/strong><\/td><td class=\"has-text-align-center\" data-align=\"center\"><strong>B\u00e9liers<\/strong><\/td><td class=\"has-text-align-center\" data-align=\"center\"><strong>Dents de pr\u00e9hension<\/strong><\/td><td class=\"has-text-align-center\" data-align=\"center\"><strong>Dents de base<\/strong><\/td><\/tr><tr><td class=\"has-text-align-center\" data-align=\"center\">IF-3X-1525<\/td><td class=\"has-text-align-center\" data-align=\"center\">1525<\/td><td class=\"has-text-align-center\" data-align=\"center\">60<\/td><td class=\"has-text-align-center\" data-align=\"center\">2<\/td><td class=\"has-text-align-center\" data-align=\"center\">Hardox<\/td><td class=\"has-text-align-center\" data-align=\"center\">KV ou Hardox<\/td><\/tr><tr><td class=\"has-text-align-center\" data-align=\"center\">IF-3X-1680<\/td><td class=\"has-text-align-center\" data-align=\"center\">1680<\/td><td class=\"has-text-align-center\" data-align=\"center\">66<\/td><td class=\"has-text-align-center\" data-align=\"center\">2<\/td><td class=\"has-text-align-center\" data-align=\"center\">Hardox<\/td><td class=\"has-text-align-center\" data-align=\"center\">KV ou Hardox<\/td><\/tr><tr><td class=\"has-text-align-center\" data-align=\"center\">IF-3X-1850<\/td><td class=\"has-text-align-center\" data-align=\"center\">1850<\/td><td class=\"has-text-align-center\" data-align=\"center\">73<\/td><td class=\"has-text-align-center\" data-align=\"center\">2<\/td><td class=\"has-text-align-center\" data-align=\"center\">Hardox<\/td><td class=\"has-text-align-center\" data-align=\"center\">KV ou Hardox<\/td><\/tr><tr><td class=\"has-text-align-center\" data-align=\"center\">IF-3X-2080<\/td><td class=\"has-text-align-center\" data-align=\"center\">2080<\/td><td class=\"has-text-align-center\" data-align=\"center\">82<\/td><td class=\"has-text-align-center\" data-align=\"center\">2<\/td><td class=\"has-text-align-center\" data-align=\"center\">Hardox<\/td><td class=\"has-text-align-center\" data-align=\"center\">KV ou Hardox<\/td><\/tr><tr><td class=\"has-text-align-center\" data-align=\"center\">IF-3X-2140<\/td><td class=\"has-text-align-center\" data-align=\"center\">2140<\/td><td class=\"has-text-align-center\" data-align=\"center\">84<\/td><td class=\"has-text-align-center\" data-align=\"center\">2<\/td><td class=\"has-text-align-center\" data-align=\"center\">Hardox<\/td><td class=\"has-text-align-center\" data-align=\"center\">KV ou Hardox<\/td><\/tr><\/tbody><\/table><\/figure>\n","protected":false},"excerpt":{"rendered":"<p>FOURCHE ET GRAPPIN INDUSTRIELS Pour les applications intenses, nous recommandons notre gamme de fourches et de grappins industriels. Une foule de fonctionnalit\u00e9s remarquables en font un v\u00e9ritable leader du march\u00e9. MOD\u00c8LE Num\u00e9ro de pi\u00e8ce Largeur (mm) Largeur (pouces) B\u00e9liers Dents de pr\u00e9hension Dents de base IF-3X-1525 1525 60 2 Hardox KV ou Hardox IF-3X-1680 1680&hellip;<\/p>\n","protected":false},"featured_media":4216,"template":"","meta":{"_acf_changed":false},"product_brand":[],"product_cat":[304],"product_tag":[],"class_list":{"2":"type-product","7":"product","8":"first","9":"instock","10":"taxable","11":"shipping-taxable","12":"product-type-simple"},"acf":[],"_links":{"self":[{"href":"https:\/\/www.whitesmh.co.uk\/fr\/wp-json\/wp\/v2\/product\/4761","targetHints":{"allow":["GET"]}}],"collection":[{"href":"https:\/\/www.whitesmh.co.uk\/fr\/wp-json\/wp\/v2\/product"}],"about":[{"href":"https:\/\/www.whitesmh.co.uk\/fr\/wp-json\/wp\/v2\/types\/product"}],"wp:featuredmedia":[{"embeddable":true,"href":"https:\/\/www.whitesmh.co.uk\/fr\/wp-json\/wp\/v2\/media\/4216"}],"wp:attachment":[{"href":"https:\/\/www.whitesmh.co.uk\/fr\/wp-json\/wp\/v2\/media?parent=4761"}],"wp:term":[{"taxonomy":"product_brand","embeddable":true,"href":"https:\/\/www.whitesmh.co.uk\/fr\/wp-json\/wp\/v2\/product_brand?post=4761"},{"taxonomy":"product_cat","embeddable":true,"href":"https:\/\/www.whitesmh.co.uk\/fr\/wp-json\/wp\/v2\/product_cat?post=4761"},{"taxonomy":"product_tag","embeddable":true,"href":"https:\/\/www.whitesmh.co.uk\/fr\/wp-json\/wp\/v2\/product_tag?post=4761"}],"curies":[{"name":"wp","href":"https:\/\/api.w.org\/{rel}","templated":true}]}}