{"id":4759,"date":"2023-12-07T10:36:02","date_gmt":"2023-12-07T10:36:02","guid":{"rendered":"https:\/\/www.whitesmh.co.uk\/products\/supports-de-marteau\/"},"modified":"2024-11-19T11:46:39","modified_gmt":"2024-11-19T11:46:39","slug":"supports-de-marteau","status":"publish","type":"product","link":"https:\/\/www.whitesmh.co.uk\/fr\/produit\/supports-de-marteau\/","title":{"rendered":"Supports de marteau"},"content":{"rendered":"\n<div class=\"wp-block-columns is-layout-flex wp-container-core-columns-is-layout-28f84493 wp-block-columns-is-layout-flex\">\n<div class=\"wp-block-column is-vertically-aligned-center is-layout-flow wp-block-column-is-layout-flow\">\n<figure class=\"wp-block-image size-full\"><img loading=\"lazy\" decoding=\"async\" width=\"1435\" height=\"879\" src=\"https:\/\/www.whitesmh.co.uk\/wp-content\/uploads\/Untitled-1.jpg\" alt=\"\" class=\"wp-image-1482\" srcset=\"https:\/\/www.whitesmh.co.uk\/wp-content\/uploads\/Untitled-1.jpg 1435w, https:\/\/www.whitesmh.co.uk\/wp-content\/uploads\/Untitled-1-600x368.jpg 600w, https:\/\/www.whitesmh.co.uk\/wp-content\/uploads\/Untitled-1-800x490.jpg 800w, https:\/\/www.whitesmh.co.uk\/wp-content\/uploads\/Untitled-1-768x470.jpg 768w\" sizes=\"auto, (max-width: 800px) 100vw, 800px\" \/><\/figure>\n<\/div>\n\n\n\n<div class=\"wp-block-column is-layout-flow wp-block-column-is-layout-flow\">\n<h2 class=\"wp-block-heading\" style=\"text-transform:uppercase\">SUPPORTS DE MARTEAU<\/h2>\n\n\n\n<ul class=\"wp-block-list\">\n<li>Disponible pour toutes les machines de 0,75 T \u00e0 50 tonnes<\/li>\n\n\n\n<li>Options de goupille l\u00e2che ou de goupille \u00e0 souder<\/li>\n\n\n\n<li>Des syst\u00e8mes d\u00e9di\u00e9s sont \u00e9galement disponibles<\/li>\n\n\n\n<li>Construction tr\u00e8s robuste<\/li>\n\n\n\n<li>Options de double prise de son<\/li>\n\n\n\n<li>Syst\u00e8mes KLAC disponibles<\/li>\n<\/ul>\n\n\n\n<div class=\"wp-block-columns is-layout-flex wp-container-core-columns-is-layout-28f84493 wp-block-columns-is-layout-flex\">\n<div class=\"wp-block-column is-layout-flow wp-block-column-is-layout-flow\" style=\"flex-basis:100%\">\n<figure class=\"wp-block-image size-full is-resized\"><img loading=\"lazy\" decoding=\"async\" width=\"626\" height=\"149\" src=\"https:\/\/www.whitesmh.co.uk\/wp-content\/uploads\/image.png\" alt=\"\" class=\"wp-image-635\" style=\"width:268px;height:auto\" srcset=\"https:\/\/www.whitesmh.co.uk\/wp-content\/uploads\/image.png 626w, https:\/\/www.whitesmh.co.uk\/wp-content\/uploads\/image-600x143.png 600w\" sizes=\"auto, (max-width: 626px) 100vw, 626px\" \/><\/figure>\n<\/div>\n<\/div>\n\n\n\n<div class=\"wp-block-buttons is-layout-flex wp-block-buttons-is-layout-flex\">\n<div class=\"wp-block-button\"><a class=\"wp-block-button__link wp-element-button\" href=\"https:\/\/www.whitesmh.co.uk\/fr\/contact\/\">CONTACTEZ-NOUS<\/a><\/div>\n\n\n\n<div class=\"wp-block-button\"><a class=\"wp-block-button__link wp-element-button\" href=\"https:\/\/www.whitesmh.co.uk\/docs\/hammer-bracket\/\">SOUTIEN PRODUIT<\/a><\/div>\n<\/div>\n<\/div>\n<\/div>\n\n<div class=\"wp-block-group is-layout-flow wp-block-group-is-layout-flow\">\n<div class=\"wp-block-group has-primary-background-color has-background is-layout-flow wp-block-group-is-layout-flow\" style=\"margin-top:30px;margin-bottom:30px;padding-top:var(--wp--preset--spacing--40);padding-right:var(--wp--preset--spacing--40);padding-bottom:var(--wp--preset--spacing--40);padding-left:var(--wp--preset--spacing--40)\">\n<h3 class=\"wp-block-heading\">GALERIE<\/h3>\n<\/div>\n\n\n\n<figure class=\"wp-block-gallery has-nested-images columns-4 is-cropped wp-block-gallery-1 is-layout-flex wp-block-gallery-is-layout-flex\">\n<figure class=\"wp-block-image size-thumbnail\"><a href=\"https:\/\/www.whitesmh.co.uk\/wp-content\/uploads\/Hammer-Bracket-8.jpg\"><img loading=\"lazy\" decoding=\"async\" width=\"400\" height=\"400\" data-id=\"1851\" src=\"https:\/\/www.whitesmh.co.uk\/wp-content\/uploads\/Hammer-Bracket-8-400x400.jpg\" alt=\"\" class=\"wp-image-1851\" srcset=\"https:\/\/www.whitesmh.co.uk\/wp-content\/uploads\/Hammer-Bracket-8-400x400.jpg 400w, https:\/\/www.whitesmh.co.uk\/wp-content\/uploads\/Hammer-Bracket-8-300x300.jpg 300w, https:\/\/www.whitesmh.co.uk\/wp-content\/uploads\/Hammer-Bracket-8-100x100.jpg 100w\" sizes=\"auto, (max-width: 400px) 100vw, 400px\" \/><\/a><\/figure>\n\n\n\n<figure class=\"wp-block-image size-thumbnail\"><a href=\"https:\/\/www.whitesmh.co.uk\/wp-content\/uploads\/Hammer-Bracket-10.jpg\"><img loading=\"lazy\" decoding=\"async\" width=\"400\" height=\"400\" data-id=\"1854\" src=\"https:\/\/www.whitesmh.co.uk\/wp-content\/uploads\/Hammer-Bracket-10-400x400.jpg\" alt=\"\" class=\"wp-image-1854\" srcset=\"https:\/\/www.whitesmh.co.uk\/wp-content\/uploads\/Hammer-Bracket-10-400x400.jpg 400w, https:\/\/www.whitesmh.co.uk\/wp-content\/uploads\/Hammer-Bracket-10-300x300.jpg 300w, https:\/\/www.whitesmh.co.uk\/wp-content\/uploads\/Hammer-Bracket-10-100x100.jpg 100w\" sizes=\"auto, (max-width: 400px) 100vw, 400px\" \/><\/a><\/figure>\n\n\n\n<figure class=\"wp-block-image size-thumbnail\"><a href=\"https:\/\/www.whitesmh.co.uk\/wp-content\/uploads\/56f32d81-0503-4ed8-854d-46a6a05e23a2.jpeg\"><img loading=\"lazy\" decoding=\"async\" width=\"400\" height=\"400\" data-id=\"2846\" src=\"https:\/\/www.whitesmh.co.uk\/wp-content\/uploads\/56f32d81-0503-4ed8-854d-46a6a05e23a2-400x400.jpeg\" alt=\"\" class=\"wp-image-2846\" srcset=\"https:\/\/www.whitesmh.co.uk\/wp-content\/uploads\/56f32d81-0503-4ed8-854d-46a6a05e23a2-400x400.jpeg 400w, https:\/\/www.whitesmh.co.uk\/wp-content\/uploads\/56f32d81-0503-4ed8-854d-46a6a05e23a2-300x300.jpeg 300w, https:\/\/www.whitesmh.co.uk\/wp-content\/uploads\/56f32d81-0503-4ed8-854d-46a6a05e23a2-100x100.jpeg 100w\" sizes=\"auto, (max-width: 400px) 100vw, 400px\" \/><\/a><\/figure>\n\n\n\n<figure class=\"wp-block-image size-thumbnail\"><a href=\"https:\/\/www.whitesmh.co.uk\/wp-content\/uploads\/Hammer-Bracket-3-1.jpg\"><img loading=\"lazy\" decoding=\"async\" width=\"400\" height=\"400\" data-id=\"1852\" src=\"https:\/\/www.whitesmh.co.uk\/wp-content\/uploads\/Hammer-Bracket-3-1-400x400.jpg\" alt=\"\" class=\"wp-image-1852\" srcset=\"https:\/\/www.whitesmh.co.uk\/wp-content\/uploads\/Hammer-Bracket-3-1-400x400.jpg 400w, https:\/\/www.whitesmh.co.uk\/wp-content\/uploads\/Hammer-Bracket-3-1-300x300.jpg 300w, https:\/\/www.whitesmh.co.uk\/wp-content\/uploads\/Hammer-Bracket-3-1-100x100.jpg 100w\" sizes=\"auto, (max-width: 400px) 100vw, 400px\" \/><\/a><\/figure>\n\n\n\n<figure class=\"wp-block-image size-thumbnail\"><a href=\"https:\/\/www.whitesmh.co.uk\/wp-content\/uploads\/WhatsApp-Image-2023-11-21-at-13.24.12-scaled.jpeg\"><img loading=\"lazy\" decoding=\"async\" width=\"400\" height=\"400\" data-id=\"1485\" src=\"https:\/\/www.whitesmh.co.uk\/wp-content\/uploads\/WhatsApp-Image-2023-11-21-at-13.24.12-400x400.jpeg\" alt=\"\" class=\"wp-image-1485\" srcset=\"https:\/\/www.whitesmh.co.uk\/wp-content\/uploads\/WhatsApp-Image-2023-11-21-at-13.24.12-400x400.jpeg 400w, https:\/\/www.whitesmh.co.uk\/wp-content\/uploads\/WhatsApp-Image-2023-11-21-at-13.24.12-scaled-300x300.jpeg 300w, https:\/\/www.whitesmh.co.uk\/wp-content\/uploads\/WhatsApp-Image-2023-11-21-at-13.24.12-scaled-100x100.jpeg 100w\" sizes=\"auto, (max-width: 400px) 100vw, 400px\" \/><\/a><\/figure>\n\n\n\n<figure class=\"wp-block-image size-thumbnail\"><a href=\"https:\/\/www.whitesmh.co.uk\/wp-content\/uploads\/347807352_1853393705024188_4529442118482992565_n.jpg\"><img loading=\"lazy\" decoding=\"async\" width=\"400\" height=\"400\" data-id=\"953\" src=\"https:\/\/www.whitesmh.co.uk\/wp-content\/uploads\/347807352_1853393705024188_4529442118482992565_n-400x400.jpg\" alt=\"\" class=\"wp-image-953\" srcset=\"https:\/\/www.whitesmh.co.uk\/wp-content\/uploads\/347807352_1853393705024188_4529442118482992565_n-400x400.jpg 400w, https:\/\/www.whitesmh.co.uk\/wp-content\/uploads\/347807352_1853393705024188_4529442118482992565_n-300x300.jpg 300w, https:\/\/www.whitesmh.co.uk\/wp-content\/uploads\/347807352_1853393705024188_4529442118482992565_n-100x100.jpg 100w\" sizes=\"auto, (max-width: 400px) 100vw, 400px\" \/><\/a><\/figure>\n\n\n\n<figure class=\"wp-block-image size-thumbnail\"><a href=\"https:\/\/www.whitesmh.co.uk\/wp-content\/uploads\/564-1.jpg\"><img loading=\"lazy\" decoding=\"async\" width=\"400\" height=\"400\" data-id=\"1855\" src=\"https:\/\/www.whitesmh.co.uk\/wp-content\/uploads\/564-1-400x400.jpg\" alt=\"\" class=\"wp-image-1855\" srcset=\"https:\/\/www.whitesmh.co.uk\/wp-content\/uploads\/564-1-400x400.jpg 400w, https:\/\/www.whitesmh.co.uk\/wp-content\/uploads\/564-1-300x300.jpg 300w, https:\/\/www.whitesmh.co.uk\/wp-content\/uploads\/564-1-100x100.jpg 100w\" sizes=\"auto, (max-width: 400px) 100vw, 400px\" \/><\/a><\/figure>\n\n\n\n<figure class=\"wp-block-image size-thumbnail\"><a href=\"https:\/\/www.whitesmh.co.uk\/wp-content\/uploads\/Hammer-Bracket-4.jpg\"><img loading=\"lazy\" decoding=\"async\" width=\"400\" height=\"400\" data-id=\"1856\" src=\"https:\/\/www.whitesmh.co.uk\/wp-content\/uploads\/Hammer-Bracket-4-400x400.jpg\" alt=\"\" class=\"wp-image-1856\" srcset=\"https:\/\/www.whitesmh.co.uk\/wp-content\/uploads\/Hammer-Bracket-4-400x400.jpg 400w, https:\/\/www.whitesmh.co.uk\/wp-content\/uploads\/Hammer-Bracket-4-300x300.jpg 300w, https:\/\/www.whitesmh.co.uk\/wp-content\/uploads\/Hammer-Bracket-4-100x100.jpg 100w\" sizes=\"auto, (max-width: 400px) 100vw, 400px\" \/><\/a><\/figure>\n<\/figure>\n<\/div>\n","protected":false},"excerpt":{"rendered":"<p>SUPPORTS DE MARTEAU GALERIE<\/p>\n","protected":false},"featured_media":10202,"template":"","meta":{"_acf_changed":false},"product_brand":[],"product_cat":[302],"product_tag":[],"class_list":{"2":"type-product","7":"product","8":"first","9":"instock","10":"taxable","11":"shipping-taxable","12":"product-type-simple"},"acf":[],"_links":{"self":[{"href":"https:\/\/www.whitesmh.co.uk\/fr\/wp-json\/wp\/v2\/product\/4759","targetHints":{"allow":["GET"]}}],"collection":[{"href":"https:\/\/www.whitesmh.co.uk\/fr\/wp-json\/wp\/v2\/product"}],"about":[{"href":"https:\/\/www.whitesmh.co.uk\/fr\/wp-json\/wp\/v2\/types\/product"}],"wp:featuredmedia":[{"embeddable":true,"href":"https:\/\/www.whitesmh.co.uk\/fr\/wp-json\/wp\/v2\/media\/10202"}],"wp:attachment":[{"href":"https:\/\/www.whitesmh.co.uk\/fr\/wp-json\/wp\/v2\/media?parent=4759"}],"wp:term":[{"taxonomy":"product_brand","embeddable":true,"href":"https:\/\/www.whitesmh.co.uk\/fr\/wp-json\/wp\/v2\/product_brand?post=4759"},{"taxonomy":"product_cat","embeddable":true,"href":"https:\/\/www.whitesmh.co.uk\/fr\/wp-json\/wp\/v2\/product_cat?post=4759"},{"taxonomy":"product_tag","embeddable":true,"href":"https:\/\/www.whitesmh.co.uk\/fr\/wp-json\/wp\/v2\/product_tag?post=4759"}],"curies":[{"name":"wp","href":"https:\/\/api.w.org\/{rel}","templated":true}]}}