{"id":4753,"date":"2024-04-24T15:10:48","date_gmt":"2024-04-24T15:10:48","guid":{"rendered":"https:\/\/www.whitesmh.co.uk\/products\/godets-a-balais-2\/"},"modified":"2024-11-19T11:54:02","modified_gmt":"2024-11-19T11:54:02","slug":"godets-a-balais-2","status":"publish","type":"product","link":"https:\/\/www.whitesmh.co.uk\/fr\/produit\/godets-a-balais-2\/","title":{"rendered":"Godets \u00e0 balais"},"content":{"rendered":"\n<div class=\"wp-block-columns is-layout-flex wp-container-core-columns-is-layout-28f84493 wp-block-columns-is-layout-flex\">\n<div class=\"wp-block-column is-vertically-aligned-center is-layout-flow wp-block-column-is-layout-flow\">\n<figure class=\"wp-block-image size-full\"><img loading=\"lazy\" decoding=\"async\" width=\"2000\" height=\"1500\" src=\"https:\/\/www.whitesmh.co.uk\/wp-content\/uploads\/Broom-Bucket-scaled.jpg\" alt=\"\" class=\"wp-image-1896\" srcset=\"https:\/\/www.whitesmh.co.uk\/wp-content\/uploads\/Broom-Bucket-scaled.jpg 2000w, https:\/\/www.whitesmh.co.uk\/wp-content\/uploads\/Broom-Bucket-scaled-600x450.jpg 600w, https:\/\/www.whitesmh.co.uk\/wp-content\/uploads\/Broom-Bucket-800x600.jpg 800w, https:\/\/www.whitesmh.co.uk\/wp-content\/uploads\/Broom-Bucket-768x576.jpg 768w\" sizes=\"auto, (max-width: 800px) 100vw, 800px\" \/><\/figure>\n<\/div>\n\n\n\n<div class=\"wp-block-column is-layout-flow wp-block-column-is-layout-flow\">\n<h2 class=\"wp-block-heading\" style=\"text-transform:uppercase\">SEAUX \u00c0 BALAIS<\/h2>\n\n\n\n<p>Le godet balai WHITES est un leader du march\u00e9 mondialement reconnu et fiable par les \u00e9quipementiers depuis plusieurs d\u00e9cennies.  <\/p>\n\n\n\n<ul class=\"wp-block-list\">\n<li>Construction robuste<\/li>\n\n\n\n<li>Puissant moteur \u00e0 entra\u00eenement direct<\/li>\n\n\n\n<li>Arbres et roulements de grand diam\u00e8tre pour une dur\u00e9e de vie sans probl\u00e8me<\/li>\n\n\n\n<li>Livr\u00e9 avec des poils en polypropyl\u00e8ne en standard<\/li>\n\n\n\n<li>Choix de mat\u00e9riaux de poils disponibles<\/li>\n\n\n\n<li>Boulon en option sur le tranchant r\u00e9versible<\/li>\n<\/ul>\n\n\n\n<div class=\"wp-block-columns is-layout-flex wp-container-core-columns-is-layout-28f84493 wp-block-columns-is-layout-flex\">\n<div class=\"wp-block-column is-layout-flow wp-block-column-is-layout-flow\" style=\"flex-basis:100%\">\n<figure class=\"wp-block-image size-full is-resized\"><img loading=\"lazy\" decoding=\"async\" width=\"626\" height=\"149\" src=\"https:\/\/www.whitesmh.co.uk\/wp-content\/uploads\/image.png\" alt=\"\" class=\"wp-image-635\" style=\"width:268px;height:auto\" srcset=\"https:\/\/www.whitesmh.co.uk\/wp-content\/uploads\/image.png 626w, https:\/\/www.whitesmh.co.uk\/wp-content\/uploads\/image-600x143.png 600w\" sizes=\"auto, (max-width: 626px) 100vw, 626px\" \/><\/figure>\n<\/div>\n<\/div>\n\n\n\n<div class=\"wp-block-buttons is-layout-flex wp-block-buttons-is-layout-flex\">\n<div class=\"wp-block-button\"><a class=\"wp-block-button__link wp-element-button\" href=\"https:\/\/www.whitesmh.co.uk\/fr\/contact\/\">CONTACTEZ-NOUS<\/a><\/div>\n\n\n\n<div class=\"wp-block-button\"><a class=\"wp-block-button__link wp-element-button\" href=\"https:\/\/www.whitesmh.co.uk\/docs\/broom-buckets\/\">SOUTIEN PRODUIT<\/a><\/div>\n<\/div>\n<\/div>\n<\/div>\n\n<div class=\"wp-block-group is-layout-flow wp-block-group-is-layout-flow\">\n<div class=\"wp-block-group has-primary-background-color has-background is-layout-flow wp-block-group-is-layout-flow\" style=\"margin-top:30px;margin-bottom:30px;padding-top:var(--wp--preset--spacing--40);padding-right:var(--wp--preset--spacing--40);padding-bottom:var(--wp--preset--spacing--40);padding-left:var(--wp--preset--spacing--40)\">\n<h3 class=\"wp-block-heading\">MOD\u00c8LE<\/h3>\n<\/div>\n<\/div>\n\n<figure class=\"wp-block-table\"><table><tbody><tr><td class=\"has-text-align-center\" data-align=\"center\"><strong>Num\u00e9ro de pi\u00e8ce<\/strong><\/td><td class=\"has-text-align-center\" data-align=\"center\"><strong>Largeur (mm)<\/strong><\/td><td class=\"has-text-align-center\" data-align=\"center\"><strong>Largeur (pouces)<\/strong><\/td><td class=\"has-text-align-center\" data-align=\"center\"><strong>DIA des poils<\/strong><\/td><\/tr><tr><td class=\"has-text-align-center\" data-align=\"center\">BB-3C-1850<\/td><td class=\"has-text-align-center\" data-align=\"center\">1850<\/td><td class=\"has-text-align-center\" data-align=\"center\">73<\/td><td class=\"has-text-align-center\" data-align=\"center\">24\u00a0\u00bb<\/td><\/tr><tr><td class=\"has-text-align-center\" data-align=\"center\">BB-3C-2080<\/td><td class=\"has-text-align-center\" data-align=\"center\">2080<\/td><td class=\"has-text-align-center\" data-align=\"center\">82<\/td><td class=\"has-text-align-center\" data-align=\"center\">24\u00a0\u00bb<\/td><\/tr><tr><td class=\"has-text-align-center\" data-align=\"center\">BB-3C-2140<\/td><td class=\"has-text-align-center\" data-align=\"center\">2140<\/td><td class=\"has-text-align-center\" data-align=\"center\">84<\/td><td class=\"has-text-align-center\" data-align=\"center\">24\u00a0\u00bb<\/td><\/tr><tr><td class=\"has-text-align-center\" data-align=\"center\">BB-3C-2290<\/td><td class=\"has-text-align-center\" data-align=\"center\">2290<\/td><td class=\"has-text-align-center\" data-align=\"center\">90<\/td><td class=\"has-text-align-center\" data-align=\"center\">24&Prime;<\/td><\/tr><tr><td class=\"has-text-align-center\" data-align=\"center\">BB-3C-2500<\/td><td class=\"has-text-align-center\" data-align=\"center\">2500<\/td><td class=\"has-text-align-center\" data-align=\"center\">98<\/td><td class=\"has-text-align-center\" data-align=\"center\">24&Prime;<\/td><\/tr><\/tbody><\/table><\/figure>\n\n<div class=\"wp-block-group has-primary-background-color has-background is-layout-flow wp-block-group-is-layout-flow\" style=\"margin-top:30px;margin-bottom:30px;padding-top:var(--wp--preset--spacing--40);padding-right:var(--wp--preset--spacing--40);padding-bottom:var(--wp--preset--spacing--40);padding-left:var(--wp--preset--spacing--40)\">\n<h3 class=\"wp-block-heading\">OPTIONS<\/h3>\n<\/div>\n\n<figure class=\"wp-block-table\"><table><tbody><tr><td class=\"has-text-align-center\" data-align=\"center\"><strong>Num\u00e9ro de pi\u00e8ce<\/strong><\/td><td class=\"has-text-align-center\" data-align=\"center\"><strong>Description<\/strong><\/td><\/tr><tr><td class=\"has-text-align-center\" data-align=\"center\">SI-00<\/td><td class=\"has-text-align-center\" data-align=\"center\">Balayeuse lat\u00e9rale<\/td><\/tr><tr><td class=\"has-text-align-center\" data-align=\"center\">SK-3C-BKT<\/td><td class=\"has-text-align-center\" data-align=\"center\">Kit d\u2019eau<\/td><\/tr><\/tbody><\/table><\/figure>\n\n<p><\/p>\n\n<figure class=\"wp-block-gallery alignfull has-nested-images columns-4 is-cropped wp-block-gallery-1 is-layout-flex wp-block-gallery-is-layout-flex\">\n<figure class=\"wp-block-image alignfull size-thumbnail\"><a href=\"https:\/\/www.whitesmh.co.uk\/wp-content\/uploads\/61.jpg\"><img loading=\"lazy\" decoding=\"async\" width=\"400\" height=\"400\" data-id=\"1958\" src=\"https:\/\/www.whitesmh.co.uk\/wp-content\/uploads\/61-400x400.jpg\" alt=\"\" class=\"wp-image-1958\" srcset=\"https:\/\/www.whitesmh.co.uk\/wp-content\/uploads\/61-400x400.jpg 400w, https:\/\/www.whitesmh.co.uk\/wp-content\/uploads\/61-300x300.jpg 300w, https:\/\/www.whitesmh.co.uk\/wp-content\/uploads\/61-100x100.jpg 100w\" sizes=\"auto, (max-width: 400px) 100vw, 400px\" \/><\/a><\/figure>\n\n\n\n<figure class=\"wp-block-image size-thumbnail\"><a href=\"https:\/\/www.whitesmh.co.uk\/wp-content\/uploads\/58.jpg\"><img loading=\"lazy\" decoding=\"async\" width=\"400\" height=\"400\" data-id=\"1955\" src=\"https:\/\/www.whitesmh.co.uk\/wp-content\/uploads\/58-400x400.jpg\" alt=\"\" class=\"wp-image-1955\" srcset=\"https:\/\/www.whitesmh.co.uk\/wp-content\/uploads\/58-400x400.jpg 400w, https:\/\/www.whitesmh.co.uk\/wp-content\/uploads\/58-300x300.jpg 300w, https:\/\/www.whitesmh.co.uk\/wp-content\/uploads\/58-100x100.jpg 100w\" sizes=\"auto, (max-width: 400px) 100vw, 400px\" \/><\/a><\/figure>\n\n\n\n<figure class=\"wp-block-image size-thumbnail\"><a href=\"https:\/\/www.whitesmh.co.uk\/wp-content\/uploads\/Picture-014.jpg\"><img loading=\"lazy\" decoding=\"async\" width=\"400\" height=\"400\" data-id=\"2391\" src=\"https:\/\/www.whitesmh.co.uk\/wp-content\/uploads\/Picture-014-400x400.jpg\" alt=\"\" class=\"wp-image-2391\" srcset=\"https:\/\/www.whitesmh.co.uk\/wp-content\/uploads\/Picture-014-400x400.jpg 400w, https:\/\/www.whitesmh.co.uk\/wp-content\/uploads\/Picture-014-300x300.jpg 300w, https:\/\/www.whitesmh.co.uk\/wp-content\/uploads\/Picture-014-100x100.jpg 100w\" sizes=\"auto, (max-width: 400px) 100vw, 400px\" \/><\/a><\/figure>\n\n\n\n<figure class=\"wp-block-image size-thumbnail\"><a href=\"https:\/\/www.whitesmh.co.uk\/wp-content\/uploads\/59.jpg\"><img loading=\"lazy\" decoding=\"async\" width=\"400\" height=\"400\" data-id=\"1956\" src=\"https:\/\/www.whitesmh.co.uk\/wp-content\/uploads\/59-400x400.jpg\" alt=\"\" class=\"wp-image-1956\" srcset=\"https:\/\/www.whitesmh.co.uk\/wp-content\/uploads\/59-400x400.jpg 400w, https:\/\/www.whitesmh.co.uk\/wp-content\/uploads\/59-300x300.jpg 300w, https:\/\/www.whitesmh.co.uk\/wp-content\/uploads\/59-100x100.jpg 100w\" sizes=\"auto, (max-width: 400px) 100vw, 400px\" \/><\/a><\/figure>\n<\/figure>\n\n<div class=\"wp-block-group alignfull has-primary-background-color has-background is-layout-flow wp-block-group-is-layout-flow\" style=\"margin-top:30px;margin-bottom:30px;padding-top:var(--wp--preset--spacing--40);padding-right:var(--wp--preset--spacing--40);padding-bottom:var(--wp--preset--spacing--40);padding-left:var(--wp--preset--spacing--40)\">\n<h3 class=\"wp-block-heading\">GALERIE<\/h3>\n<\/div>\n\n<figure class=\"wp-block-gallery alignfull has-nested-images columns-4 is-cropped wp-block-gallery-2 is-layout-flex wp-block-gallery-is-layout-flex\">\n<figure class=\"wp-block-image size-thumbnail\"><a href=\"https:\/\/www.whitesmh.co.uk\/wp-content\/uploads\/Whites-Broom-Bucket-5.jpg\"><img loading=\"lazy\" decoding=\"async\" width=\"400\" height=\"400\" data-id=\"1971\" src=\"https:\/\/www.whitesmh.co.uk\/wp-content\/uploads\/Whites-Broom-Bucket-5-400x400.jpg\" alt=\"\" class=\"wp-image-1971\" srcset=\"https:\/\/www.whitesmh.co.uk\/wp-content\/uploads\/Whites-Broom-Bucket-5-400x400.jpg 400w, https:\/\/www.whitesmh.co.uk\/wp-content\/uploads\/Whites-Broom-Bucket-5-300x300.jpg 300w, https:\/\/www.whitesmh.co.uk\/wp-content\/uploads\/Whites-Broom-Bucket-5-100x100.jpg 100w\" sizes=\"auto, (max-width: 400px) 100vw, 400px\" \/><\/a><\/figure>\n\n\n\n<figure class=\"wp-block-image size-thumbnail\"><a href=\"https:\/\/www.whitesmh.co.uk\/wp-content\/uploads\/Whites-Broom-Bucket-4.jpg\"><img loading=\"lazy\" decoding=\"async\" width=\"400\" height=\"400\" data-id=\"1970\" src=\"https:\/\/www.whitesmh.co.uk\/wp-content\/uploads\/Whites-Broom-Bucket-4-400x400.jpg\" alt=\"\" class=\"wp-image-1970\" srcset=\"https:\/\/www.whitesmh.co.uk\/wp-content\/uploads\/Whites-Broom-Bucket-4-400x400.jpg 400w, https:\/\/www.whitesmh.co.uk\/wp-content\/uploads\/Whites-Broom-Bucket-4-300x300.jpg 300w, https:\/\/www.whitesmh.co.uk\/wp-content\/uploads\/Whites-Broom-Bucket-4-100x100.jpg 100w\" sizes=\"auto, (max-width: 400px) 100vw, 400px\" \/><\/a><\/figure>\n\n\n\n<figure class=\"wp-block-image size-thumbnail\"><a href=\"https:\/\/www.whitesmh.co.uk\/wp-content\/uploads\/Whites-Broom-Bucket-3-1.jpg\"><img loading=\"lazy\" decoding=\"async\" width=\"400\" height=\"400\" data-id=\"1969\" src=\"https:\/\/www.whitesmh.co.uk\/wp-content\/uploads\/Whites-Broom-Bucket-3-1-400x400.jpg\" alt=\"\" class=\"wp-image-1969\" srcset=\"https:\/\/www.whitesmh.co.uk\/wp-content\/uploads\/Whites-Broom-Bucket-3-1-400x400.jpg 400w, https:\/\/www.whitesmh.co.uk\/wp-content\/uploads\/Whites-Broom-Bucket-3-1-300x300.jpg 300w, https:\/\/www.whitesmh.co.uk\/wp-content\/uploads\/Whites-Broom-Bucket-3-1-100x100.jpg 100w\" sizes=\"auto, (max-width: 400px) 100vw, 400px\" \/><\/a><\/figure>\n\n\n\n<figure class=\"wp-block-image size-thumbnail\"><a href=\"https:\/\/www.whitesmh.co.uk\/wp-content\/uploads\/Whites-Broom-Bucket-2.jpg\"><img loading=\"lazy\" decoding=\"async\" width=\"400\" height=\"400\" data-id=\"1968\" src=\"https:\/\/www.whitesmh.co.uk\/wp-content\/uploads\/Whites-Broom-Bucket-2-400x400.jpg\" alt=\"\" class=\"wp-image-1968\" srcset=\"https:\/\/www.whitesmh.co.uk\/wp-content\/uploads\/Whites-Broom-Bucket-2-400x400.jpg 400w, https:\/\/www.whitesmh.co.uk\/wp-content\/uploads\/Whites-Broom-Bucket-2-300x300.jpg 300w, https:\/\/www.whitesmh.co.uk\/wp-content\/uploads\/Whites-Broom-Bucket-2-100x100.jpg 100w\" sizes=\"auto, (max-width: 400px) 100vw, 400px\" \/><\/a><\/figure>\n<\/figure>\n\n<div style=\"height:33px\" aria-hidden=\"true\" class=\"wp-block-spacer\"><\/div>\n\n<div class=\"wp-block-group is-layout-constrained wp-block-group-is-layout-constrained\">\n<figure class=\"wp-block-embed is-type-video is-provider-youtube wp-block-embed-youtube wp-embed-aspect-4-3 wp-has-aspect-ratio\"><div class=\"wp-block-embed__wrapper\">\n<iframe loading=\"lazy\" title=\"Skid Steer Broom Bucket - WHITES Buckets &amp; Attachments\" width=\"800\" height=\"600\" src=\"https:\/\/www.youtube.com\/embed\/JLm_XZWBfk0?feature=oembed\" frameborder=\"0\" allow=\"accelerometer; autoplay; clipboard-write; encrypted-media; gyroscope; picture-in-picture; web-share\" referrerpolicy=\"strict-origin-when-cross-origin\" allowfullscreen><\/iframe>\n<\/div><\/figure>\n<\/div>\n","protected":false},"excerpt":{"rendered":"<p>SEAUX \u00c0 BALAIS Le godet balai WHITES est un leader du march\u00e9 mondialement reconnu et fiable par les \u00e9quipementiers depuis plusieurs d\u00e9cennies. MOD\u00c8LE Num\u00e9ro de pi\u00e8ce Largeur (mm) Largeur (pouces) DIA des poils BB-3C-1850 1850 73 24\u00a0\u00bb BB-3C-2080 2080 82 24\u00a0\u00bb BB-3C-2140 2140 84 24\u00a0\u00bb BB-3C-2290 2290 90 24&Prime; BB-3C-2500 2500 98 24&Prime; OPTIONS Num\u00e9ro&hellip;<\/p>\n","protected":false},"featured_media":3939,"template":"","meta":{"_acf_changed":false},"product_brand":[],"product_cat":[303],"product_tag":[],"class_list":{"2":"type-product","7":"product","8":"first","9":"instock","10":"taxable","11":"shipping-taxable","12":"product-type-simple"},"acf":[],"_links":{"self":[{"href":"https:\/\/www.whitesmh.co.uk\/fr\/wp-json\/wp\/v2\/product\/4753","targetHints":{"allow":["GET"]}}],"collection":[{"href":"https:\/\/www.whitesmh.co.uk\/fr\/wp-json\/wp\/v2\/product"}],"about":[{"href":"https:\/\/www.whitesmh.co.uk\/fr\/wp-json\/wp\/v2\/types\/product"}],"wp:featuredmedia":[{"embeddable":true,"href":"https:\/\/www.whitesmh.co.uk\/fr\/wp-json\/wp\/v2\/media\/3939"}],"wp:attachment":[{"href":"https:\/\/www.whitesmh.co.uk\/fr\/wp-json\/wp\/v2\/media?parent=4753"}],"wp:term":[{"taxonomy":"product_brand","embeddable":true,"href":"https:\/\/www.whitesmh.co.uk\/fr\/wp-json\/wp\/v2\/product_brand?post=4753"},{"taxonomy":"product_cat","embeddable":true,"href":"https:\/\/www.whitesmh.co.uk\/fr\/wp-json\/wp\/v2\/product_cat?post=4753"},{"taxonomy":"product_tag","embeddable":true,"href":"https:\/\/www.whitesmh.co.uk\/fr\/wp-json\/wp\/v2\/product_tag?post=4753"}],"curies":[{"name":"wp","href":"https:\/\/api.w.org\/{rel}","templated":true}]}}