{"id":4750,"date":"2023-12-08T11:34:36","date_gmt":"2023-12-08T11:34:36","guid":{"rendered":"https:\/\/www.whitesmh.co.uk\/products\/tondeuses-a-fleaux\/"},"modified":"2024-11-19T11:55:03","modified_gmt":"2024-11-19T11:55:03","slug":"tondeuses-a-fleaux","status":"publish","type":"product","link":"https:\/\/www.whitesmh.co.uk\/fr\/produit\/tondeuses-a-fleaux\/","title":{"rendered":"Tondeuses \u00e0 fl\u00e9aux"},"content":{"rendered":"\n<div class=\"wp-block-columns is-layout-flex wp-container-core-columns-is-layout-28f84493 wp-block-columns-is-layout-flex\">\n<div class=\"wp-block-column is-vertically-aligned-center is-layout-flow wp-block-column-is-layout-flow\">\n<figure class=\"wp-block-image size-full\"><img loading=\"lazy\" decoding=\"async\" width=\"2560\" height=\"1920\" src=\"https:\/\/www.whitesmh.co.uk\/wp-content\/uploads\/ea650489-4c31-4887-8e42-8ac5e9886731-scaled.jpeg\" alt=\"\" class=\"wp-image-2858\" srcset=\"https:\/\/www.whitesmh.co.uk\/wp-content\/uploads\/ea650489-4c31-4887-8e42-8ac5e9886731-scaled.jpeg 2560w, https:\/\/www.whitesmh.co.uk\/wp-content\/uploads\/ea650489-4c31-4887-8e42-8ac5e9886731-scaled-600x450.jpeg 600w, https:\/\/www.whitesmh.co.uk\/wp-content\/uploads\/ea650489-4c31-4887-8e42-8ac5e9886731-800x600.jpeg 800w, https:\/\/www.whitesmh.co.uk\/wp-content\/uploads\/ea650489-4c31-4887-8e42-8ac5e9886731-768x576.jpeg 768w\" sizes=\"auto, (max-width: 800px) 100vw, 800px\" \/><\/figure>\n<\/div>\n\n\n\n<div class=\"wp-block-column is-layout-flow wp-block-column-is-layout-flow\">\n<h2 class=\"wp-block-heading\" style=\"text-transform:uppercase\">TONDEUSES \u00c0 FL\u00c9AUX<\/h2>\n\n\n\n<p>La tondeuse \u00e0 fl\u00e9aux WHITES est un outil puissant et durable pour nettoyer les sites des mat\u00e9riaux les plus denses. Son action brutale de marteau facilite le travail de toutes les branches\/brosses jusqu\u2019\u00e0 80 mm de diam\u00e8tre.  <\/p>\n\n\n\n<ul class=\"wp-block-list\">\n<li>Moteur bidirectionnel &#8211; pas de ligne de vidange de bo\u00eetier<\/li>\n\n\n\n<li>Fonctionnement \u00e0 faible d\u00e9bit<\/li>\n\n\n\n<li>Conception de marteau oscillant<\/li>\n\n\n\n<li>Peut couper jusqu\u2019\u00e0 80 mm de branches\/brosse<\/li>\n\n\n\n<li>Compacteur \u00e0 rouleaux  <\/li>\n<\/ul>\n\n\n\n<div class=\"wp-block-columns is-layout-flex wp-container-core-columns-is-layout-28f84493 wp-block-columns-is-layout-flex\">\n<div class=\"wp-block-column is-layout-flow wp-block-column-is-layout-flow\" style=\"flex-basis:100%\">\n<figure class=\"wp-block-image size-full is-resized\"><img loading=\"lazy\" decoding=\"async\" width=\"626\" height=\"149\" src=\"https:\/\/www.whitesmh.co.uk\/wp-content\/uploads\/image.png\" alt=\"\" class=\"wp-image-635\" style=\"width:268px;height:auto\" srcset=\"https:\/\/www.whitesmh.co.uk\/wp-content\/uploads\/image.png 626w, https:\/\/www.whitesmh.co.uk\/wp-content\/uploads\/image-600x143.png 600w\" sizes=\"auto, (max-width: 626px) 100vw, 626px\" \/><\/figure>\n<\/div>\n<\/div>\n\n\n\n<div class=\"wp-block-buttons is-layout-flex wp-block-buttons-is-layout-flex\">\n<div class=\"wp-block-button\"><a class=\"wp-block-button__link wp-element-button\" href=\"https:\/\/www.whitesmh.co.uk\/fr\/contact\/\">CONTACTEZ-NOUS<\/a><\/div>\n<\/div>\n<\/div>\n<\/div>\n\n<div class=\"wp-block-group is-layout-constrained wp-block-group-is-layout-constrained\">\n<div class=\"wp-block-group alignfull has-primary-background-color has-background is-layout-flow wp-block-group-is-layout-flow\" style=\"margin-top:30px;margin-bottom:30px;padding-top:var(--wp--preset--spacing--40);padding-right:var(--wp--preset--spacing--40);padding-bottom:var(--wp--preset--spacing--40);padding-left:var(--wp--preset--spacing--40)\">\n<h3 class=\"wp-block-heading\">MOD\u00c8LE<\/h3>\n<\/div>\n<\/div>\n\n<figure class=\"wp-block-table\"><table><tbody><tr><td class=\"has-text-align-center\" data-align=\"center\"><strong>Mod\u00e8le<\/strong><\/td><td class=\"has-text-align-center\" data-align=\"center\"><strong>Largeur de coupe<\/strong><\/td><td class=\"has-text-align-center\" data-align=\"center\"><strong>Taille de la machine<\/strong><\/td><td class=\"has-text-align-center\" data-align=\"center\"><strong>Non. Marteaux<\/strong><\/td><td class=\"has-text-align-center\" data-align=\"center\"><strong>Coupe maximale<\/strong><\/td><td class=\"has-text-align-center\" data-align=\"center\"><strong>Contre-pression maximale<\/strong><\/td><td class=\"has-text-align-center\" data-align=\"center\"><strong>Plage de d\u00e9bit d\u2019huile<\/strong><\/td><td class=\"has-text-align-center\" data-align=\"center\"><strong>Poids<\/strong><\/td><\/tr><tr><td class=\"has-text-align-center\" data-align=\"center\">FM10-03<\/td><td class=\"has-text-align-center\" data-align=\"center\">850mm<\/td><td class=\"has-text-align-center\" data-align=\"center\">2,5 \u00e0 4,0 dents<\/td><td class=\"has-text-align-center\" data-align=\"center\">16<\/td><td class=\"has-text-align-center\" data-align=\"center\">80mm<\/td><td class=\"has-text-align-center\" data-align=\"center\">8 bars<\/td><td class=\"has-text-align-center\" data-align=\"center\">27 \u00e0 40 l\/min<\/td><td class=\"has-text-align-center\" data-align=\"center\">160 kg<\/td><\/tr><\/tbody><\/table><\/figure>\n\n<div class=\"wp-block-group is-layout-flow wp-block-group-is-layout-flow\">\n<div class=\"wp-block-group has-primary-background-color has-background is-layout-flow wp-block-group-is-layout-flow\" style=\"margin-top:30px;margin-bottom:30px;padding-top:var(--wp--preset--spacing--40);padding-right:var(--wp--preset--spacing--40);padding-bottom:var(--wp--preset--spacing--40);padding-left:var(--wp--preset--spacing--40)\">\n<h3 class=\"wp-block-heading\">GALERIE<\/h3>\n<\/div>\n\n\n\n<figure class=\"wp-block-gallery has-nested-images columns-4 is-cropped wp-block-gallery-1 is-layout-flex wp-block-gallery-is-layout-flex\">\n<figure class=\"wp-block-image size-thumbnail\"><a href=\"https:\/\/www.whitesmh.co.uk\/wp-content\/uploads\/IMG_3058-scaled.jpeg\"><img loading=\"lazy\" decoding=\"async\" width=\"400\" height=\"400\" data-id=\"2746\" src=\"https:\/\/www.whitesmh.co.uk\/wp-content\/uploads\/IMG_3058-400x400.jpeg\" alt=\"\" class=\"wp-image-2746\" srcset=\"https:\/\/www.whitesmh.co.uk\/wp-content\/uploads\/IMG_3058-400x400.jpeg 400w, https:\/\/www.whitesmh.co.uk\/wp-content\/uploads\/IMG_3058-scaled-300x300.jpeg 300w, https:\/\/www.whitesmh.co.uk\/wp-content\/uploads\/IMG_3058-scaled-100x100.jpeg 100w\" sizes=\"auto, (max-width: 400px) 100vw, 400px\" \/><\/a><\/figure>\n\n\n\n<figure class=\"wp-block-image size-thumbnail\"><a href=\"https:\/\/www.whitesmh.co.uk\/wp-content\/uploads\/164c27e8-df1a-4a33-adf3-1fafd82a529c.jpeg\"><img decoding=\"async\" data-id=\"2847\" src=\"https:\/\/www.whitesmh.co.uk\/wp-content\/uploads\/164c27e8-df1a-4a33-adf3-1fafd82a529c-400x400.jpeg\" alt=\"\" class=\"wp-image-2847\"\/><\/a><\/figure>\n\n\n\n<figure class=\"wp-block-image size-thumbnail\"><a href=\"https:\/\/www.whitesmh.co.uk\/wp-content\/uploads\/IMG_3056-scaled.jpeg\"><img loading=\"lazy\" decoding=\"async\" width=\"400\" height=\"400\" data-id=\"2744\" src=\"https:\/\/www.whitesmh.co.uk\/wp-content\/uploads\/IMG_3056-400x400.jpeg\" alt=\"\" class=\"wp-image-2744\" srcset=\"https:\/\/www.whitesmh.co.uk\/wp-content\/uploads\/IMG_3056-400x400.jpeg 400w, https:\/\/www.whitesmh.co.uk\/wp-content\/uploads\/IMG_3056-scaled-300x300.jpeg 300w, https:\/\/www.whitesmh.co.uk\/wp-content\/uploads\/IMG_3056-scaled-100x100.jpeg 100w\" sizes=\"auto, (max-width: 400px) 100vw, 400px\" \/><\/a><\/figure>\n\n\n\n<figure class=\"wp-block-image size-thumbnail\"><a href=\"https:\/\/www.whitesmh.co.uk\/wp-content\/uploads\/IMG_2676-1-scaled.jpeg\"><img loading=\"lazy\" decoding=\"async\" width=\"400\" height=\"400\" data-id=\"2743\" src=\"https:\/\/www.whitesmh.co.uk\/wp-content\/uploads\/IMG_2676-1-400x400.jpeg\" alt=\"\" class=\"wp-image-2743\" srcset=\"https:\/\/www.whitesmh.co.uk\/wp-content\/uploads\/IMG_2676-1-400x400.jpeg 400w, https:\/\/www.whitesmh.co.uk\/wp-content\/uploads\/IMG_2676-1-scaled-300x300.jpeg 300w, https:\/\/www.whitesmh.co.uk\/wp-content\/uploads\/IMG_2676-1-scaled-100x100.jpeg 100w\" sizes=\"auto, (max-width: 400px) 100vw, 400px\" \/><\/a><\/figure>\n\n\n\n<figure class=\"wp-block-image size-thumbnail\"><a href=\"https:\/\/www.whitesmh.co.uk\/wp-content\/uploads\/fb2aff86-a6d6-436a-8cd6-c77f64ecdf96-scaled.jpeg\"><img loading=\"lazy\" decoding=\"async\" width=\"400\" height=\"400\" data-id=\"2868\" src=\"https:\/\/www.whitesmh.co.uk\/wp-content\/uploads\/fb2aff86-a6d6-436a-8cd6-c77f64ecdf96-400x400.jpeg\" alt=\"\" class=\"wp-image-2868\" srcset=\"https:\/\/www.whitesmh.co.uk\/wp-content\/uploads\/fb2aff86-a6d6-436a-8cd6-c77f64ecdf96-400x400.jpeg 400w, https:\/\/www.whitesmh.co.uk\/wp-content\/uploads\/fb2aff86-a6d6-436a-8cd6-c77f64ecdf96-scaled-300x300.jpeg 300w, https:\/\/www.whitesmh.co.uk\/wp-content\/uploads\/fb2aff86-a6d6-436a-8cd6-c77f64ecdf96-scaled-100x100.jpeg 100w\" sizes=\"auto, (max-width: 400px) 100vw, 400px\" \/><\/a><\/figure>\n\n\n\n<figure class=\"wp-block-image size-thumbnail\"><a href=\"https:\/\/www.whitesmh.co.uk\/wp-content\/uploads\/IMG_3060-scaled.jpeg\"><img loading=\"lazy\" decoding=\"async\" width=\"400\" height=\"400\" data-id=\"2869\" src=\"https:\/\/www.whitesmh.co.uk\/wp-content\/uploads\/IMG_3060-400x400.jpeg\" alt=\"\" class=\"wp-image-2869\" srcset=\"https:\/\/www.whitesmh.co.uk\/wp-content\/uploads\/IMG_3060-400x400.jpeg 400w, https:\/\/www.whitesmh.co.uk\/wp-content\/uploads\/IMG_3060-scaled-300x300.jpeg 300w, https:\/\/www.whitesmh.co.uk\/wp-content\/uploads\/IMG_3060-scaled-100x100.jpeg 100w\" sizes=\"auto, (max-width: 400px) 100vw, 400px\" \/><\/a><\/figure>\n\n\n\n<figure class=\"wp-block-image size-thumbnail\"><a href=\"https:\/\/www.whitesmh.co.uk\/wp-content\/uploads\/20849c97-c9dd-46be-aaf4-569da05f4521-scaled.jpeg\"><img loading=\"lazy\" decoding=\"async\" width=\"400\" height=\"400\" data-id=\"2867\" src=\"https:\/\/www.whitesmh.co.uk\/wp-content\/uploads\/20849c97-c9dd-46be-aaf4-569da05f4521-400x400.jpeg\" alt=\"\" class=\"wp-image-2867\" srcset=\"https:\/\/www.whitesmh.co.uk\/wp-content\/uploads\/20849c97-c9dd-46be-aaf4-569da05f4521-400x400.jpeg 400w, https:\/\/www.whitesmh.co.uk\/wp-content\/uploads\/20849c97-c9dd-46be-aaf4-569da05f4521-scaled-300x300.jpeg 300w, https:\/\/www.whitesmh.co.uk\/wp-content\/uploads\/20849c97-c9dd-46be-aaf4-569da05f4521-scaled-100x100.jpeg 100w\" sizes=\"auto, (max-width: 400px) 100vw, 400px\" \/><\/a><\/figure>\n\n\n\n<figure class=\"wp-block-image size-thumbnail\"><a href=\"https:\/\/www.whitesmh.co.uk\/wp-content\/uploads\/6e22cb02-7531-454c-a55d-a0ef76282c98-scaled.jpeg\"><img decoding=\"async\" data-id=\"2866\" src=\"https:\/\/www.whitesmh.co.uk\/wp-content\/uploads\/6e22cb02-7531-454c-a55d-a0ef76282c98-400x400.jpeg\" alt=\"\" class=\"wp-image-2866\"\/><\/a><\/figure>\n\n\n\n<figure class=\"wp-block-image size-thumbnail\"><a href=\"https:\/\/www.whitesmh.co.uk\/wp-content\/uploads\/3cb5dc21-7547-4149-b70f-c2c4a2955229.jpeg\"><img loading=\"lazy\" decoding=\"async\" width=\"400\" height=\"400\" data-id=\"2909\" src=\"https:\/\/www.whitesmh.co.uk\/wp-content\/uploads\/3cb5dc21-7547-4149-b70f-c2c4a2955229-400x400.jpeg\" alt=\"\" class=\"wp-image-2909\" srcset=\"https:\/\/www.whitesmh.co.uk\/wp-content\/uploads\/3cb5dc21-7547-4149-b70f-c2c4a2955229-400x400.jpeg 400w, https:\/\/www.whitesmh.co.uk\/wp-content\/uploads\/3cb5dc21-7547-4149-b70f-c2c4a2955229-300x300.jpeg 300w, https:\/\/www.whitesmh.co.uk\/wp-content\/uploads\/3cb5dc21-7547-4149-b70f-c2c4a2955229-100x100.jpeg 100w\" sizes=\"auto, (max-width: 400px) 100vw, 400px\" \/><\/a><\/figure>\n\n\n\n<figure class=\"wp-block-image size-thumbnail\"><a href=\"https:\/\/www.whitesmh.co.uk\/wp-content\/uploads\/4df53a3a-a72c-4a86-ac86-adbee8a29b05.jpeg\"><img loading=\"lazy\" decoding=\"async\" width=\"400\" height=\"400\" data-id=\"2910\" src=\"https:\/\/www.whitesmh.co.uk\/wp-content\/uploads\/4df53a3a-a72c-4a86-ac86-adbee8a29b05-400x400.jpeg\" alt=\"\" class=\"wp-image-2910\" srcset=\"https:\/\/www.whitesmh.co.uk\/wp-content\/uploads\/4df53a3a-a72c-4a86-ac86-adbee8a29b05-400x400.jpeg 400w, https:\/\/www.whitesmh.co.uk\/wp-content\/uploads\/4df53a3a-a72c-4a86-ac86-adbee8a29b05-300x300.jpeg 300w, https:\/\/www.whitesmh.co.uk\/wp-content\/uploads\/4df53a3a-a72c-4a86-ac86-adbee8a29b05-100x100.jpeg 100w\" sizes=\"auto, (max-width: 400px) 100vw, 400px\" \/><\/a><\/figure>\n\n\n\n<figure class=\"wp-block-image size-thumbnail\"><a href=\"https:\/\/www.whitesmh.co.uk\/wp-content\/uploads\/cedd509c-a17b-4429-9838-4d702d41f605.jpeg\"><img loading=\"lazy\" decoding=\"async\" width=\"400\" height=\"400\" data-id=\"2912\" src=\"https:\/\/www.whitesmh.co.uk\/wp-content\/uploads\/cedd509c-a17b-4429-9838-4d702d41f605-400x400.jpeg\" alt=\"\" class=\"wp-image-2912\" srcset=\"https:\/\/www.whitesmh.co.uk\/wp-content\/uploads\/cedd509c-a17b-4429-9838-4d702d41f605-400x400.jpeg 400w, https:\/\/www.whitesmh.co.uk\/wp-content\/uploads\/cedd509c-a17b-4429-9838-4d702d41f605-300x300.jpeg 300w, https:\/\/www.whitesmh.co.uk\/wp-content\/uploads\/cedd509c-a17b-4429-9838-4d702d41f605-100x100.jpeg 100w\" sizes=\"auto, (max-width: 400px) 100vw, 400px\" \/><\/a><\/figure>\n\n\n\n<figure class=\"wp-block-image size-thumbnail\"><a href=\"https:\/\/www.whitesmh.co.uk\/wp-content\/uploads\/893f00f8-164e-466b-8e16-5cf6288c4696.jpeg\"><img loading=\"lazy\" decoding=\"async\" width=\"400\" height=\"400\" data-id=\"2911\" src=\"https:\/\/www.whitesmh.co.uk\/wp-content\/uploads\/893f00f8-164e-466b-8e16-5cf6288c4696-400x400.jpeg\" alt=\"\" class=\"wp-image-2911\" srcset=\"https:\/\/www.whitesmh.co.uk\/wp-content\/uploads\/893f00f8-164e-466b-8e16-5cf6288c4696-400x400.jpeg 400w, https:\/\/www.whitesmh.co.uk\/wp-content\/uploads\/893f00f8-164e-466b-8e16-5cf6288c4696-300x300.jpeg 300w, https:\/\/www.whitesmh.co.uk\/wp-content\/uploads\/893f00f8-164e-466b-8e16-5cf6288c4696-100x100.jpeg 100w\" sizes=\"auto, (max-width: 400px) 100vw, 400px\" \/><\/a><\/figure>\n<\/figure>\n<\/div>\n\n<div class=\"wp-block-group is-layout-constrained wp-block-group-is-layout-constrained\">\n<div class=\"wp-block-group alignfull has-primary-background-color has-background is-layout-flow wp-block-group-is-layout-flow\" style=\"margin-top:30px;margin-bottom:30px;padding-top:var(--wp--preset--spacing--40);padding-right:var(--wp--preset--spacing--40);padding-bottom:var(--wp--preset--spacing--40);padding-left:var(--wp--preset--spacing--40)\">\n<h3 class=\"wp-block-heading\">VID\u00c9O<\/h3>\n<\/div>\n<\/div>\n\n<figure class=\"wp-block-embed is-type-video is-provider-youtube wp-block-embed-youtube wp-embed-aspect-4-3 wp-has-aspect-ratio\"><div class=\"wp-block-embed__wrapper\">\n<iframe loading=\"lazy\" title=\"Whites Material Handling - Flail Mower\" width=\"800\" height=\"600\" src=\"https:\/\/www.youtube.com\/embed\/AXkqbwKeo-U?feature=oembed\" frameborder=\"0\" allow=\"accelerometer; autoplay; clipboard-write; encrypted-media; gyroscope; picture-in-picture; web-share\" referrerpolicy=\"strict-origin-when-cross-origin\" allowfullscreen><\/iframe>\n<\/div><\/figure>\n","protected":false},"excerpt":{"rendered":"<p>TONDEUSES \u00c0 FL\u00c9AUX La tondeuse \u00e0 fl\u00e9aux WHITES est un outil puissant et durable pour nettoyer les sites des mat\u00e9riaux les plus denses. Son action brutale de marteau facilite le travail de toutes les branches\/brosses jusqu\u2019\u00e0 80 mm de diam\u00e8tre. MOD\u00c8LE Mod\u00e8le Largeur de coupe Taille de la machine Non. Marteaux Coupe maximale Contre-pression maximale&hellip;<\/p>\n","protected":false},"featured_media":10207,"template":"","meta":{"_acf_changed":false},"product_brand":[],"product_cat":[302,295],"product_tag":[],"class_list":{"2":"type-product","8":"product","9":"first","10":"instock","11":"taxable","12":"shipping-taxable","13":"product-type-simple"},"acf":[],"_links":{"self":[{"href":"https:\/\/www.whitesmh.co.uk\/fr\/wp-json\/wp\/v2\/product\/4750","targetHints":{"allow":["GET"]}}],"collection":[{"href":"https:\/\/www.whitesmh.co.uk\/fr\/wp-json\/wp\/v2\/product"}],"about":[{"href":"https:\/\/www.whitesmh.co.uk\/fr\/wp-json\/wp\/v2\/types\/product"}],"wp:featuredmedia":[{"embeddable":true,"href":"https:\/\/www.whitesmh.co.uk\/fr\/wp-json\/wp\/v2\/media\/10207"}],"wp:attachment":[{"href":"https:\/\/www.whitesmh.co.uk\/fr\/wp-json\/wp\/v2\/media?parent=4750"}],"wp:term":[{"taxonomy":"product_brand","embeddable":true,"href":"https:\/\/www.whitesmh.co.uk\/fr\/wp-json\/wp\/v2\/product_brand?post=4750"},{"taxonomy":"product_cat","embeddable":true,"href":"https:\/\/www.whitesmh.co.uk\/fr\/wp-json\/wp\/v2\/product_cat?post=4750"},{"taxonomy":"product_tag","embeddable":true,"href":"https:\/\/www.whitesmh.co.uk\/fr\/wp-json\/wp\/v2\/product_tag?post=4750"}],"curies":[{"name":"wp","href":"https:\/\/api.w.org\/{rel}","templated":true}]}}