{"id":4748,"date":"2023-12-11T21:36:58","date_gmt":"2023-12-11T21:36:58","guid":{"rendered":"https:\/\/www.whitesmh.co.uk\/products\/godets-standard\/"},"modified":"2024-11-19T11:41:28","modified_gmt":"2024-11-19T11:41:28","slug":"godets-standard","status":"publish","type":"product","link":"https:\/\/www.whitesmh.co.uk\/fr\/produit\/godets-standard\/","title":{"rendered":"Godets standard"},"content":{"rendered":"\n<div class=\"wp-block-columns is-layout-flex wp-container-core-columns-is-layout-28f84493 wp-block-columns-is-layout-flex\">\n<div class=\"wp-block-column is-vertically-aligned-center is-layout-flow wp-block-column-is-layout-flow\">\n<figure class=\"wp-block-image size-full\"><img loading=\"lazy\" decoding=\"async\" width=\"714\" height=\"590\" src=\"https:\/\/www.whitesmh.co.uk\/wp-content\/uploads\/CWL-STD-Bucket.jpg\" alt=\"\" class=\"wp-image-2111\" srcset=\"https:\/\/www.whitesmh.co.uk\/wp-content\/uploads\/CWL-STD-Bucket.jpg 714w, https:\/\/www.whitesmh.co.uk\/wp-content\/uploads\/CWL-STD-Bucket-600x496.jpg 600w\" sizes=\"auto, (max-width: 714px) 100vw, 714px\" \/><\/figure>\n<\/div>\n\n\n\n<div class=\"wp-block-column is-layout-flow wp-block-column-is-layout-flow\">\n<h2 class=\"wp-block-heading\" style=\"text-transform:uppercase\">SEAUX STANDARD<\/h2>\n\n\n\n<p>Le godet standard WHITES pour chargeuse compacte sur pneus est un outil polyvalent, adapt\u00e9 \u00e0 la manutention d\u2019une vari\u00e9t\u00e9 de mat\u00e9riaux avec des mod\u00e8les adapt\u00e9s \u00e0 la plupart des tailles de chargeuses compactes sur pneus.  <\/p>\n\n\n\n<ul class=\"wp-block-list\">\n<li>Id\u00e9al pour la manutention de mat\u00e9riaux \u00e0 haute densit\u00e9<\/li>\n\n\n\n<li>Construction lourde<\/li>\n\n\n\n<li>Ar\u00eate de coupe trait\u00e9e thermiquement au bore<\/li>\n\n\n\n<li>Boulon en option sur le tranchant r\u00e9versible<\/li>\n<\/ul>\n\n\n\n<div class=\"wp-block-columns is-layout-flex wp-container-core-columns-is-layout-28f84493 wp-block-columns-is-layout-flex\">\n<div class=\"wp-block-column is-layout-flow wp-block-column-is-layout-flow\" style=\"flex-basis:100%\">\n<figure class=\"wp-block-image size-full is-resized\"><img loading=\"lazy\" decoding=\"async\" width=\"626\" height=\"152\" src=\"https:\/\/www.whitesmh.co.uk\/wp-content\/uploads\/Made-in-Britain2.png\" alt=\"\" class=\"wp-image-924\" style=\"width:268px;height:auto\" srcset=\"https:\/\/www.whitesmh.co.uk\/wp-content\/uploads\/Made-in-Britain2.png 626w, https:\/\/www.whitesmh.co.uk\/wp-content\/uploads\/Made-in-Britain2-600x146.png 600w\" sizes=\"auto, (max-width: 626px) 100vw, 626px\" \/><\/figure>\n<\/div>\n<\/div>\n\n\n\n<div class=\"wp-block-buttons is-layout-flex wp-block-buttons-is-layout-flex\">\n<div class=\"wp-block-button\"><a class=\"wp-block-button__link wp-element-button\" href=\"https:\/\/www.whitesmh.co.uk\/fr\/contact\/\">CONTACTEZ-NOUS<\/a><\/div>\n\n\n\n<div class=\"wp-block-button\"><a class=\"wp-block-button__link wp-element-button\" href=\"https:\/\/www.whitesmh.co.uk\/support\/buckets-product-support\/\">SOUTIEN PRODUIT<\/a><\/div>\n<\/div>\n<\/div>\n<\/div>\n\n<div class=\"wp-block-group is-layout-flow wp-block-group-is-layout-flow\">\n<div class=\"wp-block-group has-primary-background-color has-background is-layout-flow wp-block-group-is-layout-flow\" style=\"margin-top:30px;margin-bottom:30px;padding-top:var(--wp--preset--spacing--40);padding-right:var(--wp--preset--spacing--40);padding-bottom:var(--wp--preset--spacing--40);padding-left:var(--wp--preset--spacing--40)\">\n<h3 class=\"wp-block-heading\">GALERIE<\/h3>\n<\/div>\n\n\n\n<figure class=\"wp-block-gallery has-nested-images columns-4 is-cropped wp-block-gallery-1 is-layout-flex wp-block-gallery-is-layout-flex\">\n<figure class=\"wp-block-image size-thumbnail\"><a href=\"https:\/\/www.whitesmh.co.uk\/wp-content\/uploads\/f059faa7-59f5-4a9c-acdd-bcd5e63c34cd-scaled.jpeg\"><img loading=\"lazy\" decoding=\"async\" width=\"400\" height=\"400\" data-id=\"2802\" src=\"https:\/\/www.whitesmh.co.uk\/wp-content\/uploads\/f059faa7-59f5-4a9c-acdd-bcd5e63c34cd-400x400.jpeg\" alt=\"\" class=\"wp-image-2802\" srcset=\"https:\/\/www.whitesmh.co.uk\/wp-content\/uploads\/f059faa7-59f5-4a9c-acdd-bcd5e63c34cd-400x400.jpeg 400w, https:\/\/www.whitesmh.co.uk\/wp-content\/uploads\/f059faa7-59f5-4a9c-acdd-bcd5e63c34cd-scaled-300x300.jpeg 300w, https:\/\/www.whitesmh.co.uk\/wp-content\/uploads\/f059faa7-59f5-4a9c-acdd-bcd5e63c34cd-scaled-100x100.jpeg 100w\" sizes=\"auto, (max-width: 400px) 100vw, 400px\" \/><\/a><\/figure>\n\n\n\n<figure class=\"wp-block-image size-thumbnail\"><a href=\"https:\/\/www.whitesmh.co.uk\/wp-content\/uploads\/ddbec29d-adfd-4ebb-b8a0-d7153368c21e-scaled.jpeg\"><img loading=\"lazy\" decoding=\"async\" width=\"400\" height=\"400\" data-id=\"2801\" src=\"https:\/\/www.whitesmh.co.uk\/wp-content\/uploads\/ddbec29d-adfd-4ebb-b8a0-d7153368c21e-400x400.jpeg\" alt=\"\" class=\"wp-image-2801\" srcset=\"https:\/\/www.whitesmh.co.uk\/wp-content\/uploads\/ddbec29d-adfd-4ebb-b8a0-d7153368c21e-400x400.jpeg 400w, https:\/\/www.whitesmh.co.uk\/wp-content\/uploads\/ddbec29d-adfd-4ebb-b8a0-d7153368c21e-scaled-300x300.jpeg 300w, https:\/\/www.whitesmh.co.uk\/wp-content\/uploads\/ddbec29d-adfd-4ebb-b8a0-d7153368c21e-scaled-100x100.jpeg 100w\" sizes=\"auto, (max-width: 400px) 100vw, 400px\" \/><\/a><\/figure>\n\n\n\n<figure class=\"wp-block-image size-thumbnail\"><a href=\"https:\/\/www.whitesmh.co.uk\/wp-content\/uploads\/cc4d10e0-26af-4697-9df2-424893939646-scaled.jpeg\"><img loading=\"lazy\" decoding=\"async\" width=\"400\" height=\"400\" data-id=\"2800\" src=\"https:\/\/www.whitesmh.co.uk\/wp-content\/uploads\/cc4d10e0-26af-4697-9df2-424893939646-400x400.jpeg\" alt=\"\" class=\"wp-image-2800\" srcset=\"https:\/\/www.whitesmh.co.uk\/wp-content\/uploads\/cc4d10e0-26af-4697-9df2-424893939646-400x400.jpeg 400w, https:\/\/www.whitesmh.co.uk\/wp-content\/uploads\/cc4d10e0-26af-4697-9df2-424893939646-scaled-300x300.jpeg 300w, https:\/\/www.whitesmh.co.uk\/wp-content\/uploads\/cc4d10e0-26af-4697-9df2-424893939646-scaled-100x100.jpeg 100w\" sizes=\"auto, (max-width: 400px) 100vw, 400px\" \/><\/a><\/figure>\n\n\n\n<figure class=\"wp-block-image size-thumbnail\"><a href=\"https:\/\/www.whitesmh.co.uk\/wp-content\/uploads\/48058055-60e9-4ccc-a429-4ea0965b0aea-scaled.jpeg\"><img loading=\"lazy\" decoding=\"async\" width=\"400\" height=\"400\" data-id=\"2799\" src=\"https:\/\/www.whitesmh.co.uk\/wp-content\/uploads\/48058055-60e9-4ccc-a429-4ea0965b0aea-400x400.jpeg\" alt=\"\" class=\"wp-image-2799\" srcset=\"https:\/\/www.whitesmh.co.uk\/wp-content\/uploads\/48058055-60e9-4ccc-a429-4ea0965b0aea-400x400.jpeg 400w, https:\/\/www.whitesmh.co.uk\/wp-content\/uploads\/48058055-60e9-4ccc-a429-4ea0965b0aea-scaled-300x300.jpeg 300w, https:\/\/www.whitesmh.co.uk\/wp-content\/uploads\/48058055-60e9-4ccc-a429-4ea0965b0aea-scaled-100x100.jpeg 100w\" sizes=\"auto, (max-width: 400px) 100vw, 400px\" \/><\/a><\/figure>\n<\/figure>\n<\/div>\n","protected":false},"excerpt":{"rendered":"<p>SEAUX STANDARD Le godet standard WHITES pour chargeuse compacte sur pneus est un outil polyvalent, adapt\u00e9 \u00e0 la manutention d\u2019une vari\u00e9t\u00e9 de mat\u00e9riaux avec des mod\u00e8les adapt\u00e9s \u00e0 la plupart des tailles de chargeuses compactes sur pneus. GALERIE<\/p>\n","protected":false},"featured_media":9322,"template":"","meta":{"_acf_changed":false},"product_brand":[],"product_cat":[305],"product_tag":[],"class_list":{"2":"type-product","7":"product","8":"first","9":"instock","10":"taxable","11":"shipping-taxable","12":"product-type-simple"},"acf":[],"_links":{"self":[{"href":"https:\/\/www.whitesmh.co.uk\/fr\/wp-json\/wp\/v2\/product\/4748","targetHints":{"allow":["GET"]}}],"collection":[{"href":"https:\/\/www.whitesmh.co.uk\/fr\/wp-json\/wp\/v2\/product"}],"about":[{"href":"https:\/\/www.whitesmh.co.uk\/fr\/wp-json\/wp\/v2\/types\/product"}],"wp:featuredmedia":[{"embeddable":true,"href":"https:\/\/www.whitesmh.co.uk\/fr\/wp-json\/wp\/v2\/media\/9322"}],"wp:attachment":[{"href":"https:\/\/www.whitesmh.co.uk\/fr\/wp-json\/wp\/v2\/media?parent=4748"}],"wp:term":[{"taxonomy":"product_brand","embeddable":true,"href":"https:\/\/www.whitesmh.co.uk\/fr\/wp-json\/wp\/v2\/product_brand?post=4748"},{"taxonomy":"product_cat","embeddable":true,"href":"https:\/\/www.whitesmh.co.uk\/fr\/wp-json\/wp\/v2\/product_cat?post=4748"},{"taxonomy":"product_tag","embeddable":true,"href":"https:\/\/www.whitesmh.co.uk\/fr\/wp-json\/wp\/v2\/product_tag?post=4748"}],"curies":[{"name":"wp","href":"https:\/\/api.w.org\/{rel}","templated":true}]}}