{"id":4739,"date":"2023-12-07T10:21:19","date_gmt":"2023-12-07T10:21:19","guid":{"rendered":"https:\/\/www.whitesmh.co.uk\/products\/godets-de-calibrage\/"},"modified":"2024-11-19T11:47:12","modified_gmt":"2024-11-19T11:47:12","slug":"godets-de-calibrage","status":"publish","type":"product","link":"https:\/\/www.whitesmh.co.uk\/fr\/produit\/godets-de-calibrage\/","title":{"rendered":"Godets de calibrage"},"content":{"rendered":"\n<div class=\"wp-block-columns is-layout-flex wp-container-core-columns-is-layout-28f84493 wp-block-columns-is-layout-flex\">\n<div class=\"wp-block-column is-vertically-aligned-center is-layout-flow wp-block-column-is-layout-flow\">\n<figure class=\"wp-block-image size-full\"><img loading=\"lazy\" decoding=\"async\" width=\"1440\" height=\"1085\" src=\"https:\/\/www.whitesmh.co.uk\/wp-content\/uploads\/Whites-Grading-Bucket-7.jpg\" alt=\"\" class=\"wp-image-1769\" srcset=\"https:\/\/www.whitesmh.co.uk\/wp-content\/uploads\/Whites-Grading-Bucket-7.jpg 1440w, https:\/\/www.whitesmh.co.uk\/wp-content\/uploads\/Whites-Grading-Bucket-7-600x452.jpg 600w, https:\/\/www.whitesmh.co.uk\/wp-content\/uploads\/Whites-Grading-Bucket-7-800x603.jpg 800w, https:\/\/www.whitesmh.co.uk\/wp-content\/uploads\/Whites-Grading-Bucket-7-768x579.jpg 768w\" sizes=\"auto, (max-width: 800px) 100vw, 800px\" \/><\/figure>\n<\/div>\n\n\n\n<div class=\"wp-block-column is-layout-flow wp-block-column-is-layout-flow\">\n<h2 class=\"wp-block-heading\" style=\"text-transform:uppercase\">GODETS DE CALIBRAGE<\/h2>\n\n\n\n<p>WHITES est le plus grand fabricant de godets d\u2019excavatrice au Royaume-Uni, produisant des produits approuv\u00e9s par les \u00e9quipementiers dans le monde entier.  <\/p>\n\n\n\n<ul class=\"wp-block-list\">\n<li>Achetez en toute confiance &#8211; Le plus grand fabricant du Royaume-Uni<\/li>\n\n\n\n<li>Syst\u00e8mes \u00e0 goupille, \u00e0 goupille soud\u00e9e, KLAC et godets d\u00e9di\u00e9s<\/li>\n\n\n\n<li>Mod\u00e8les pour machines de 0,75 T \u00e0 21,0 T<\/li>\n\n\n\n<li>Fabriqu\u00e9 selon les normes OEM<\/li>\n\n\n\n<li>C\u00f4t\u00e9s solides adapt\u00e9s au gravier<\/li>\n\n\n\n<li>Con\u00e7u et fabriqu\u00e9 au Royaume-Uni par Whites avec plus de 3000 unit\u00e9s en stock<\/li>\n<\/ul>\n\n\n\n<div class=\"wp-block-columns is-layout-flex wp-container-core-columns-is-layout-28f84493 wp-block-columns-is-layout-flex\">\n<div class=\"wp-block-column is-layout-flow wp-block-column-is-layout-flow\" style=\"flex-basis:100%\">\n<figure class=\"wp-block-image size-full is-resized\"><img loading=\"lazy\" decoding=\"async\" width=\"626\" height=\"149\" src=\"https:\/\/www.whitesmh.co.uk\/wp-content\/uploads\/image.png\" alt=\"\" class=\"wp-image-635\" style=\"width:268px;height:auto\" srcset=\"https:\/\/www.whitesmh.co.uk\/wp-content\/uploads\/image.png 626w, https:\/\/www.whitesmh.co.uk\/wp-content\/uploads\/image-600x143.png 600w\" sizes=\"auto, (max-width: 626px) 100vw, 626px\" \/><\/figure>\n<\/div>\n<\/div>\n\n\n\n<div class=\"wp-block-buttons is-layout-flex wp-block-buttons-is-layout-flex\">\n<div class=\"wp-block-button\"><a class=\"wp-block-button__link wp-element-button\" href=\"https:\/\/www.whitesmh.co.uk\/fr\/contact\/\">CONTACTEZ-NOUS<\/a><\/div>\n\n\n\n<div class=\"wp-block-button\"><a class=\"wp-block-button__link wp-element-button\" href=\"https:\/\/www.whitesmh.co.uk\/support\/buckets-product-support\/\">SOUTIEN PRODUIT<\/a><\/div>\n\n\n\n<div class=\"wp-block-button\"><a class=\"wp-block-button__link wp-element-button\" href=\"https:\/\/www.whitesmh.co.uk\/wp-content\/uploads\/WMH-Data-Sheet-Excavator-Grading-Buckets.pdf\">FICHE<\/a><\/div>\n<\/div>\n<\/div>\n<\/div>\n\n<div class=\"wp-block-group is-layout-flow wp-block-group-is-layout-flow\">\n<div class=\"wp-block-group has-primary-background-color has-background is-layout-flow wp-block-group-is-layout-flow\" style=\"margin-top:30px;margin-bottom:30px;padding-top:var(--wp--preset--spacing--40);padding-right:var(--wp--preset--spacing--40);padding-bottom:var(--wp--preset--spacing--40);padding-left:var(--wp--preset--spacing--40)\">\n<h3 class=\"wp-block-heading\">GALERIE<\/h3>\n<\/div>\n\n\n\n<figure class=\"wp-block-gallery has-nested-images columns-4 is-cropped wp-block-gallery-1 is-layout-flex wp-block-gallery-is-layout-flex\">\n<figure class=\"wp-block-image size-thumbnail\"><a href=\"https:\/\/www.whitesmh.co.uk\/wp-content\/uploads\/Whites-Grading-Bucket-4.jpg\"><img loading=\"lazy\" decoding=\"async\" width=\"400\" height=\"400\" data-id=\"1766\" src=\"https:\/\/www.whitesmh.co.uk\/wp-content\/uploads\/Whites-Grading-Bucket-4-400x400.jpg\" alt=\"\" class=\"wp-image-1766\" srcset=\"https:\/\/www.whitesmh.co.uk\/wp-content\/uploads\/Whites-Grading-Bucket-4-400x400.jpg 400w, https:\/\/www.whitesmh.co.uk\/wp-content\/uploads\/Whites-Grading-Bucket-4-300x300.jpg 300w, https:\/\/www.whitesmh.co.uk\/wp-content\/uploads\/Whites-Grading-Bucket-4-100x100.jpg 100w\" sizes=\"auto, (max-width: 400px) 100vw, 400px\" \/><\/a><\/figure>\n\n\n\n<figure class=\"wp-block-image size-thumbnail\"><a href=\"https:\/\/www.whitesmh.co.uk\/wp-content\/uploads\/Whites-Grading-Bucket-3.jpg\"><img loading=\"lazy\" decoding=\"async\" width=\"400\" height=\"400\" data-id=\"1765\" src=\"https:\/\/www.whitesmh.co.uk\/wp-content\/uploads\/Whites-Grading-Bucket-3-400x400.jpg\" alt=\"\" class=\"wp-image-1765\" srcset=\"https:\/\/www.whitesmh.co.uk\/wp-content\/uploads\/Whites-Grading-Bucket-3-400x400.jpg 400w, https:\/\/www.whitesmh.co.uk\/wp-content\/uploads\/Whites-Grading-Bucket-3-300x300.jpg 300w, https:\/\/www.whitesmh.co.uk\/wp-content\/uploads\/Whites-Grading-Bucket-3-100x100.jpg 100w\" sizes=\"auto, (max-width: 400px) 100vw, 400px\" \/><\/a><\/figure>\n\n\n\n<figure class=\"wp-block-image size-thumbnail\"><a href=\"https:\/\/www.whitesmh.co.uk\/wp-content\/uploads\/Whites-Grading-Bucket-5.jpg\"><img loading=\"lazy\" decoding=\"async\" width=\"400\" height=\"400\" data-id=\"1767\" src=\"https:\/\/www.whitesmh.co.uk\/wp-content\/uploads\/Whites-Grading-Bucket-5-400x400.jpg\" alt=\"\" class=\"wp-image-1767\" srcset=\"https:\/\/www.whitesmh.co.uk\/wp-content\/uploads\/Whites-Grading-Bucket-5-400x400.jpg 400w, https:\/\/www.whitesmh.co.uk\/wp-content\/uploads\/Whites-Grading-Bucket-5-300x300.jpg 300w, https:\/\/www.whitesmh.co.uk\/wp-content\/uploads\/Whites-Grading-Bucket-5-100x100.jpg 100w\" sizes=\"auto, (max-width: 400px) 100vw, 400px\" \/><\/a><\/figure>\n\n\n\n<figure class=\"wp-block-image size-thumbnail\"><a href=\"https:\/\/www.whitesmh.co.uk\/wp-content\/uploads\/Whites-Grading-Bucket-9.jpg\"><img loading=\"lazy\" decoding=\"async\" width=\"400\" height=\"400\" data-id=\"1771\" src=\"https:\/\/www.whitesmh.co.uk\/wp-content\/uploads\/Whites-Grading-Bucket-9-400x400.jpg\" alt=\"\" class=\"wp-image-1771\" srcset=\"https:\/\/www.whitesmh.co.uk\/wp-content\/uploads\/Whites-Grading-Bucket-9-400x400.jpg 400w, https:\/\/www.whitesmh.co.uk\/wp-content\/uploads\/Whites-Grading-Bucket-9-300x300.jpg 300w, https:\/\/www.whitesmh.co.uk\/wp-content\/uploads\/Whites-Grading-Bucket-9-100x100.jpg 100w\" sizes=\"auto, (max-width: 400px) 100vw, 400px\" \/><\/a><\/figure>\n\n\n\n<figure class=\"wp-block-image size-thumbnail\"><a href=\"https:\/\/www.whitesmh.co.uk\/wp-content\/uploads\/Whites-Grading-Bucket-8.jpg\"><img loading=\"lazy\" decoding=\"async\" width=\"400\" height=\"400\" data-id=\"1770\" src=\"https:\/\/www.whitesmh.co.uk\/wp-content\/uploads\/Whites-Grading-Bucket-8-400x400.jpg\" alt=\"\" class=\"wp-image-1770\" srcset=\"https:\/\/www.whitesmh.co.uk\/wp-content\/uploads\/Whites-Grading-Bucket-8-400x400.jpg 400w, https:\/\/www.whitesmh.co.uk\/wp-content\/uploads\/Whites-Grading-Bucket-8-300x300.jpg 300w, https:\/\/www.whitesmh.co.uk\/wp-content\/uploads\/Whites-Grading-Bucket-8-100x100.jpg 100w\" sizes=\"auto, (max-width: 400px) 100vw, 400px\" \/><\/a><\/figure>\n\n\n\n<figure class=\"wp-block-image size-thumbnail\"><a href=\"https:\/\/www.whitesmh.co.uk\/wp-content\/uploads\/IMG_2098-scaled.jpeg\"><img loading=\"lazy\" decoding=\"async\" width=\"400\" height=\"400\" data-id=\"1761\" src=\"https:\/\/www.whitesmh.co.uk\/wp-content\/uploads\/IMG_2098-400x400.jpeg\" alt=\"\" class=\"wp-image-1761\" srcset=\"https:\/\/www.whitesmh.co.uk\/wp-content\/uploads\/IMG_2098-400x400.jpeg 400w, https:\/\/www.whitesmh.co.uk\/wp-content\/uploads\/IMG_2098-scaled-300x300.jpeg 300w, https:\/\/www.whitesmh.co.uk\/wp-content\/uploads\/IMG_2098-scaled-100x100.jpeg 100w\" sizes=\"auto, (max-width: 400px) 100vw, 400px\" \/><\/a><\/figure>\n\n\n\n<figure class=\"wp-block-image size-thumbnail\"><a href=\"https:\/\/www.whitesmh.co.uk\/wp-content\/uploads\/Whites-Grading-Bucket-6.jpg\"><img loading=\"lazy\" decoding=\"async\" width=\"400\" height=\"400\" data-id=\"1768\" src=\"https:\/\/www.whitesmh.co.uk\/wp-content\/uploads\/Whites-Grading-Bucket-6-400x400.jpg\" alt=\"\" class=\"wp-image-1768\" srcset=\"https:\/\/www.whitesmh.co.uk\/wp-content\/uploads\/Whites-Grading-Bucket-6-400x400.jpg 400w, https:\/\/www.whitesmh.co.uk\/wp-content\/uploads\/Whites-Grading-Bucket-6-300x300.jpg 300w, https:\/\/www.whitesmh.co.uk\/wp-content\/uploads\/Whites-Grading-Bucket-6-100x100.jpg 100w\" sizes=\"auto, (max-width: 400px) 100vw, 400px\" \/><\/a><\/figure>\n\n\n\n<figure class=\"wp-block-image size-thumbnail\"><a href=\"https:\/\/www.whitesmh.co.uk\/wp-content\/uploads\/Whites-Grading-Bucket-2.jpg\"><img loading=\"lazy\" decoding=\"async\" width=\"400\" height=\"400\" data-id=\"1764\" src=\"https:\/\/www.whitesmh.co.uk\/wp-content\/uploads\/Whites-Grading-Bucket-2-400x400.jpg\" alt=\"\" class=\"wp-image-1764\" srcset=\"https:\/\/www.whitesmh.co.uk\/wp-content\/uploads\/Whites-Grading-Bucket-2-400x400.jpg 400w, https:\/\/www.whitesmh.co.uk\/wp-content\/uploads\/Whites-Grading-Bucket-2-300x300.jpg 300w, https:\/\/www.whitesmh.co.uk\/wp-content\/uploads\/Whites-Grading-Bucket-2-100x100.jpg 100w\" sizes=\"auto, (max-width: 400px) 100vw, 400px\" \/><\/a><\/figure>\n<\/figure>\n<\/div>\n\n<div class=\"wp-block-group is-layout-constrained wp-block-group-is-layout-constrained\">\n<div class=\"wp-block-group alignfull has-primary-background-color has-background is-layout-flow wp-block-group-is-layout-flow\" style=\"margin-top:30px;margin-bottom:30px;padding-top:var(--wp--preset--spacing--40);padding-right:var(--wp--preset--spacing--40);padding-bottom:var(--wp--preset--spacing--40);padding-left:var(--wp--preset--spacing--40)\">\n<h3 class=\"wp-block-heading alignfull\">MOD\u00c8LE<\/h3>\n<\/div>\n<\/div>\n\n<figure class=\"wp-block-table\"><table><tbody><tr><td class=\"has-text-align-center\" data-align=\"center\"><strong>Num\u00e9ro de pi\u00e8ce<\/strong><\/td><td class=\"has-text-align-center\" data-align=\"center\"><strong>Largeur (mm)<\/strong><\/td><td class=\"has-text-align-center\" data-align=\"center\"><strong>Largeur (pouces)<\/strong><\/td><td class=\"has-text-align-center\" data-align=\"center\"><strong>Taille de la machine<\/strong><\/td><\/tr><tr><td class=\"has-text-align-center\" data-align=\"center\">R\u00e9f\u00e9rence EG0824<\/td><td class=\"has-text-align-center\" data-align=\"center\">600mm<\/td><td class=\"has-text-align-center\" data-align=\"center\">24\u00a0\u00bb<\/td><td class=\"has-text-align-center\" data-align=\"center\">0,75 T<\/td><\/tr><tr><td class=\"has-text-align-center\" data-align=\"center\">EG0830<\/td><td class=\"has-text-align-center\" data-align=\"center\">750mm<\/td><td class=\"has-text-align-center\" data-align=\"center\">30\u00a0\u00bb<\/td><td class=\"has-text-align-center\" data-align=\"center\">0,75 T<\/td><\/tr><tr><td class=\"has-text-align-center\" data-align=\"center\">EG1530<\/td><td class=\"has-text-align-center\" data-align=\"center\">750mm<\/td><td class=\"has-text-align-center\" data-align=\"center\">30\u00a0\u00bb<\/td><td class=\"has-text-align-center\" data-align=\"center\">1,50 T<\/td><\/tr><tr><td class=\"has-text-align-center\" data-align=\"center\">EG1532<\/td><td class=\"has-text-align-center\" data-align=\"center\">800mm<\/td><td class=\"has-text-align-center\" data-align=\"center\">32\u00a0\u00bb<\/td><td class=\"has-text-align-center\" data-align=\"center\">1,50 T<\/td><\/tr><tr><td class=\"has-text-align-center\" data-align=\"center\">EG1536<\/td><td class=\"has-text-align-center\" data-align=\"center\">900mm<\/td><td class=\"has-text-align-center\" data-align=\"center\">36\u00a0\u00bb<\/td><td class=\"has-text-align-center\" data-align=\"center\">1,50 T<\/td><\/tr><tr><td class=\"has-text-align-center\" data-align=\"center\">EG1539<\/td><td class=\"has-text-align-center\" data-align=\"center\">1000mm<\/td><td class=\"has-text-align-center\" data-align=\"center\">39\u00a0\u00bb<\/td><td class=\"has-text-align-center\" data-align=\"center\">1,50 T<\/td><\/tr><tr><td class=\"has-text-align-center\" data-align=\"center\">EG3036<\/td><td class=\"has-text-align-center\" data-align=\"center\">900mm<\/td><td class=\"has-text-align-center\" data-align=\"center\">36\u00a0\u00bb<\/td><td class=\"has-text-align-center\" data-align=\"center\">3,0 dents<\/td><\/tr><tr><td class=\"has-text-align-center\" data-align=\"center\">EG3042<\/td><td class=\"has-text-align-center\" data-align=\"center\">1050mm<\/td><td class=\"has-text-align-center\" data-align=\"center\">42\u00a0\u00bb<\/td><td class=\"has-text-align-center\" data-align=\"center\">3,0 dents<\/td><\/tr><tr><td class=\"has-text-align-center\" data-align=\"center\">EG3048<\/td><td class=\"has-text-align-center\" data-align=\"center\">1200mm<\/td><td class=\"has-text-align-center\" data-align=\"center\">48\u00a0\u00bb<\/td><td class=\"has-text-align-center\" data-align=\"center\">3,0 dents<\/td><\/tr><tr><td class=\"has-text-align-center\" data-align=\"center\">EG4042<\/td><td class=\"has-text-align-center\" data-align=\"center\">1050mm<\/td><td class=\"has-text-align-center\" data-align=\"center\">42\u00a0\u00bb<\/td><td class=\"has-text-align-center\" data-align=\"center\">4,0 dents<\/td><\/tr><tr><td class=\"has-text-align-center\" data-align=\"center\">EG4048<\/td><td class=\"has-text-align-center\" data-align=\"center\">1200mm<\/td><td class=\"has-text-align-center\" data-align=\"center\">48\u00a0\u00bb<\/td><td class=\"has-text-align-center\" data-align=\"center\">4,0 dents<\/td><\/tr><tr><td class=\"has-text-align-center\" data-align=\"center\">EG5548<\/td><td class=\"has-text-align-center\" data-align=\"center\">1200mm<\/td><td class=\"has-text-align-center\" data-align=\"center\">48\u00a0\u00bb<\/td><td class=\"has-text-align-center\" data-align=\"center\">5,50 dents<\/td><\/tr><tr><td class=\"has-text-align-center\" data-align=\"center\">EG5560<\/td><td class=\"has-text-align-center\" data-align=\"center\">1500mm<\/td><td class=\"has-text-align-center\" data-align=\"center\">60\u00a0\u00bb<\/td><td class=\"has-text-align-center\" data-align=\"center\">5,50 dents<\/td><\/tr><tr><td class=\"has-text-align-center\" data-align=\"center\">EG7060<\/td><td class=\"has-text-align-center\" data-align=\"center\">1500mm<\/td><td class=\"has-text-align-center\" data-align=\"center\">60\u00a0\u00bb<\/td><td class=\"has-text-align-center\" data-align=\"center\">7,0 T \u00e0 9,0 T<\/td><\/tr><tr><td class=\"has-text-align-center\" data-align=\"center\">EG7072<\/td><td class=\"has-text-align-center\" data-align=\"center\">1850mm<\/td><td class=\"has-text-align-center\" data-align=\"center\">72\u00a0\u00bb<\/td><td class=\"has-text-align-center\" data-align=\"center\">7,0 T \u00e0 9,0 T<\/td><\/tr><tr><td class=\"has-text-align-center\" data-align=\"center\">QGGP1360<\/td><td class=\"has-text-align-center\" data-align=\"center\">1500mm<\/td><td class=\"has-text-align-center\" data-align=\"center\">60\u00a0\u00bb<\/td><td class=\"has-text-align-center\" data-align=\"center\">13,0 dents<\/td><\/tr><tr><td class=\"has-text-align-center\" data-align=\"center\">QGGP1372<\/td><td class=\"has-text-align-center\" data-align=\"center\">1850mm<\/td><td class=\"has-text-align-center\" data-align=\"center\">72\u00a0\u00bb<\/td><td class=\"has-text-align-center\" data-align=\"center\">13,0 dents<\/td><\/tr><tr><td class=\"has-text-align-center\" data-align=\"center\">EMGP2184DB<\/td><td class=\"has-text-align-center\" data-align=\"center\">2130mm<\/td><td class=\"has-text-align-center\" data-align=\"center\">84\u00a0\u00bb<\/td><td class=\"has-text-align-center\" data-align=\"center\">21,0 dents<\/td><\/tr><\/tbody><\/table><\/figure>\n\n<div class=\"wp-block-group alignfull has-primary-background-color has-background is-layout-flow wp-block-group-is-layout-flow\" style=\"margin-top:30px;margin-bottom:30px;padding-top:var(--wp--preset--spacing--40);padding-right:var(--wp--preset--spacing--40);padding-bottom:var(--wp--preset--spacing--40);padding-left:var(--wp--preset--spacing--40)\">\n<h3 class=\"wp-block-heading alignfull\">PRODUITS CONNEXES<\/h3>\n<\/div>\n\n<div class=\"product-grid flex\">\n\t\t<div class=\"col-25 padBottom\">\n\t\t<a href=\"https:\/\/www.whitesmh.co.uk\/fr\/produit\/godets-de-creusement-2\/\" title=\"Godets de creusement\" class=\"block radius\">\n\t\t\t\t\t\t<div class=\"thumb\">\n\t\t\t\t<img loading=\"lazy\" decoding=\"async\" width=\"400\" height=\"400\" src=\"https:\/\/www.whitesmh.co.uk\/wp-content\/uploads\/ES042724-1-400x400.jpg\" class=\"attachment-thumbnail size-thumbnail wp-post-image\" alt=\"\" srcset=\"https:\/\/www.whitesmh.co.uk\/wp-content\/uploads\/ES042724-1-400x400.jpg 400w, https:\/\/www.whitesmh.co.uk\/wp-content\/uploads\/ES042724-1-300x300.jpg 300w, https:\/\/www.whitesmh.co.uk\/wp-content\/uploads\/ES042724-1-100x100.jpg 100w\" sizes=\"auto, (max-width: 400px) 100vw, 400px\" \/>\t\t\t\t\t\t\t\t\t\n\t\t\t<\/div>\n\t\t\t\t\t\t<div class=\"meta smlPadAll\">\n\t\t\t\t<h4 class=\"no-margin\">Godets de creusement<\/h4>\n\t\t\t\t<span class=\"blue button marTop\">Find out more <i class=\"fa-solid fa-chevron-right\"><\/i><\/span>\n\t\t\t<\/div>\n\t\t<\/a>\n\t<\/div>\n\t\t<div class=\"col-25 padBottom\">\n\t\t<a href=\"https:\/\/www.whitesmh.co.uk\/fr\/produit\/godets-basculants-hydrauliques\/\" title=\"Godets basculants hydrauliques\" class=\"block radius\">\n\t\t\t\t\t\t<div class=\"thumb\">\n\t\t\t\t<img loading=\"lazy\" decoding=\"async\" width=\"400\" height=\"400\" src=\"https:\/\/www.whitesmh.co.uk\/wp-content\/uploads\/EWST922548-1-400x400.jpg\" class=\"attachment-thumbnail size-thumbnail wp-post-image\" alt=\"\" srcset=\"https:\/\/www.whitesmh.co.uk\/wp-content\/uploads\/EWST922548-1-400x400.jpg 400w, https:\/\/www.whitesmh.co.uk\/wp-content\/uploads\/EWST922548-1-300x300.jpg 300w, https:\/\/www.whitesmh.co.uk\/wp-content\/uploads\/EWST922548-1-100x100.jpg 100w\" sizes=\"auto, (max-width: 400px) 100vw, 400px\" \/>\t\t\t\t\t\t\t\t\t\n\t\t\t<\/div>\n\t\t\t\t\t\t<div class=\"meta smlPadAll\">\n\t\t\t\t<h4 class=\"no-margin\">Godets basculants hydrauliques<\/h4>\n\t\t\t\t<span class=\"blue button marTop\">Find out more <i class=\"fa-solid fa-chevron-right\"><\/i><\/span>\n\t\t\t<\/div>\n\t\t<\/a>\n\t<\/div>\n\t\t<div class=\"col-25 padBottom\">\n\t\t<a href=\"https:\/\/www.whitesmh.co.uk\/fr\/produit\/godets-de-type-s\/\" title=\"Godets de type S\" class=\"block radius\">\n\t\t\t\t\t\t<div class=\"thumb\">\n\t\t\t\t<img loading=\"lazy\" decoding=\"async\" width=\"400\" height=\"400\" src=\"https:\/\/www.whitesmh.co.uk\/wp-content\/uploads\/Scandinavian-Bucket-400x400.jpg\" class=\"attachment-thumbnail size-thumbnail wp-post-image\" alt=\"\" srcset=\"https:\/\/www.whitesmh.co.uk\/wp-content\/uploads\/Scandinavian-Bucket-400x400.jpg 400w, https:\/\/www.whitesmh.co.uk\/wp-content\/uploads\/Scandinavian-Bucket-300x300.jpg 300w, https:\/\/www.whitesmh.co.uk\/wp-content\/uploads\/Scandinavian-Bucket-100x100.jpg 100w\" sizes=\"auto, (max-width: 400px) 100vw, 400px\" \/>\t\t\t\t\t\t\t\t\t\n\t\t\t<\/div>\n\t\t\t\t\t\t<div class=\"meta smlPadAll\">\n\t\t\t\t<h4 class=\"no-margin\">Godets de type S<\/h4>\n\t\t\t\t<span class=\"blue button marTop\">Find out more <i class=\"fa-solid fa-chevron-right\"><\/i><\/span>\n\t\t\t<\/div>\n\t\t<\/a>\n\t<\/div>\n\t\t<div class=\"col-25 padBottom\">\n\t\t<a href=\"https:\/\/www.whitesmh.co.uk\/fr\/produit\/godets-de-roche\/\" title=\"Godets de roche\" class=\"block radius\">\n\t\t\t\t\t\t<div class=\"thumb\">\n\t\t\t\t<img loading=\"lazy\" decoding=\"async\" width=\"400\" height=\"400\" src=\"https:\/\/www.whitesmh.co.uk\/wp-content\/uploads\/Rock-Bucket-1-400x400.png\" class=\"attachment-thumbnail size-thumbnail wp-post-image\" alt=\"\" srcset=\"https:\/\/www.whitesmh.co.uk\/wp-content\/uploads\/Rock-Bucket-1-400x400.png 400w, https:\/\/www.whitesmh.co.uk\/wp-content\/uploads\/Rock-Bucket-1-300x300.jpg 300w, https:\/\/www.whitesmh.co.uk\/wp-content\/uploads\/Rock-Bucket-1-100x100.jpg 100w, https:\/\/www.whitesmh.co.uk\/wp-content\/uploads\/Rock-Bucket-1-600x600.jpg 600w, https:\/\/www.whitesmh.co.uk\/wp-content\/uploads\/Rock-Bucket-1-800x800.png 800w, https:\/\/www.whitesmh.co.uk\/wp-content\/uploads\/Rock-Bucket-1-768x768.png 768w, https:\/\/www.whitesmh.co.uk\/wp-content\/uploads\/Rock-Bucket-1.jpg 926w\" sizes=\"auto, (max-width: 400px) 100vw, 400px\" \/>\t\t\t\t\t\t\t\t\t\n\t\t\t<\/div>\n\t\t\t\t\t\t<div class=\"meta smlPadAll\">\n\t\t\t\t<h4 class=\"no-margin\">Godets de roche<\/h4>\n\t\t\t\t<span class=\"blue button marTop\">Find out more <i class=\"fa-solid fa-chevron-right\"><\/i><\/span>\n\t\t\t<\/div>\n\t\t<\/a>\n\t<\/div>\n\t<\/div>\n","protected":false},"excerpt":{"rendered":"<p>GODETS DE CALIBRAGE WHITES est le plus grand fabricant de godets d\u2019excavatrice au Royaume-Uni, produisant des produits approuv\u00e9s par les \u00e9quipementiers dans le monde entier. GALERIE MOD\u00c8LE Num\u00e9ro de pi\u00e8ce Largeur (mm) Largeur (pouces) Taille de la machine R\u00e9f\u00e9rence EG0824 600mm 24\u00a0\u00bb 0,75 T EG0830 750mm 30\u00a0\u00bb 0,75 T EG1530 750mm 30\u00a0\u00bb 1,50 T EG1532&hellip;<\/p>\n","protected":false},"featured_media":3832,"template":"","meta":{"_acf_changed":false},"product_brand":[],"product_cat":[302],"product_tag":[],"class_list":{"2":"type-product","7":"product","8":"first","9":"instock","10":"taxable","11":"shipping-taxable","12":"product-type-simple"},"acf":[],"_links":{"self":[{"href":"https:\/\/www.whitesmh.co.uk\/fr\/wp-json\/wp\/v2\/product\/4739","targetHints":{"allow":["GET"]}}],"collection":[{"href":"https:\/\/www.whitesmh.co.uk\/fr\/wp-json\/wp\/v2\/product"}],"about":[{"href":"https:\/\/www.whitesmh.co.uk\/fr\/wp-json\/wp\/v2\/types\/product"}],"wp:featuredmedia":[{"embeddable":true,"href":"https:\/\/www.whitesmh.co.uk\/fr\/wp-json\/wp\/v2\/media\/3832"}],"wp:attachment":[{"href":"https:\/\/www.whitesmh.co.uk\/fr\/wp-json\/wp\/v2\/media?parent=4739"}],"wp:term":[{"taxonomy":"product_brand","embeddable":true,"href":"https:\/\/www.whitesmh.co.uk\/fr\/wp-json\/wp\/v2\/product_brand?post=4739"},{"taxonomy":"product_cat","embeddable":true,"href":"https:\/\/www.whitesmh.co.uk\/fr\/wp-json\/wp\/v2\/product_cat?post=4739"},{"taxonomy":"product_tag","embeddable":true,"href":"https:\/\/www.whitesmh.co.uk\/fr\/wp-json\/wp\/v2\/product_tag?post=4739"}],"curies":[{"name":"wp","href":"https:\/\/api.w.org\/{rel}","templated":true}]}}