{"id":4737,"date":"2024-02-14T08:32:54","date_gmt":"2024-02-14T08:32:54","guid":{"rendered":"https:\/\/www.whitesmh.co.uk\/products\/positionneur-de-fourche-avec-deplacement-lateral\/"},"modified":"2024-11-19T12:02:49","modified_gmt":"2024-11-19T12:02:49","slug":"positionneur-de-fourche-avec-deplacement-lateral","status":"publish","type":"product","link":"https:\/\/www.whitesmh.co.uk\/fr\/produit\/positionneur-de-fourche-avec-deplacement-lateral\/","title":{"rendered":"POSITIONNEUR DE FOURCHE AVEC D\u00c9PLACEMENT LAT\u00c9RAL"},"content":{"rendered":"\n<div class=\"wp-block-columns is-layout-flex wp-container-core-columns-is-layout-28f84493 wp-block-columns-is-layout-flex\">\n<div class=\"wp-block-column is-vertically-aligned-center is-layout-flow wp-block-column-is-layout-flow\">\n<figure class=\"wp-block-image size-full\"><img loading=\"lazy\" decoding=\"async\" width=\"2000\" height=\"1500\" src=\"https:\/\/www.whitesmh.co.uk\/wp-content\/uploads\/Fork-Positioner-with-Side-Shift-2.jpg\" alt=\"\" class=\"wp-image-2712\" srcset=\"https:\/\/www.whitesmh.co.uk\/wp-content\/uploads\/Fork-Positioner-with-Side-Shift-2.jpg 2000w, https:\/\/www.whitesmh.co.uk\/wp-content\/uploads\/Fork-Positioner-with-Side-Shift-2-600x450.jpg 600w, https:\/\/www.whitesmh.co.uk\/wp-content\/uploads\/Fork-Positioner-with-Side-Shift-2-800x600.jpg 800w, https:\/\/www.whitesmh.co.uk\/wp-content\/uploads\/Fork-Positioner-with-Side-Shift-2-768x576.jpg 768w\" sizes=\"auto, (max-width: 800px) 100vw, 800px\" \/><\/figure>\n<\/div>\n\n\n\n<div class=\"wp-block-column is-layout-flow wp-block-column-is-layout-flow\">\n<h2 class=\"wp-block-heading\" style=\"text-transform:uppercase\">POSITIONNEUR DE FOURCHE AVEC D\u00c9PLACEMENT LAT\u00c9RAL<\/h2>\n\n\n\n<p>Le positionneur de fourches pour chariot t\u00e9lescopique WHITES avec fonction de d\u00e9placement lat\u00e9ral est l\u2019accessoire ultime pour am\u00e9liorer l\u2019efficacit\u00e9 et la productivit\u00e9 du site.  <\/p>\n\n\n\n<ul class=\"wp-block-list\">\n<li>De la cabine ; D\u00e9placez les fourches vers l\u2019int\u00e9rieur\/vers l\u2019ext\u00e9rieur et d\u2019un c\u00f4t\u00e9 \u00e0 l\u2019autre<\/li>\n\n\n\n<li>Vanne de d\u00e9rivation \u00e9lectrique  <\/li>\n\n\n\n<li>Goupilles arri\u00e8re d\u2019attache de fourche pour un transport routier s\u00fbr  <\/li>\n\n\n\n<li>Barre de fourche flottante &#8211; id\u00e9ale pour les terrains accident\u00e9s<\/li>\n\n\n\n<li>Barres chrom\u00e9es  <\/li>\n\n\n\n<li>Convient \u00e0 une vari\u00e9t\u00e9 de machines<\/li>\n<\/ul>\n\n\n\n<div class=\"wp-block-columns is-layout-flex wp-container-core-columns-is-layout-28f84493 wp-block-columns-is-layout-flex\">\n<div class=\"wp-block-column is-layout-flow wp-block-column-is-layout-flow\" style=\"flex-basis:100%\">\n<figure class=\"wp-block-image size-medium is-resized\"><img loading=\"lazy\" decoding=\"async\" width=\"300\" height=\"71\" src=\"https:\/\/www.whitesmh.co.uk\/wp-content\/uploads\/2023\/09\/Made-in-Britain2-300x71.png\" alt=\"\" class=\"wp-image-237\" style=\"width:268px;height:auto\" srcset=\"https:\/\/www.whitesmh.co.uk\/wp-content\/uploads\/2023\/09\/Made-in-Britain2-300x71.png 300w, https:\/\/www.whitesmh.co.uk\/wp-content\/uploads\/2023\/09\/Made-in-Britain2-600x143.png 600w, https:\/\/www.whitesmh.co.uk\/wp-content\/uploads\/2023\/09\/Made-in-Britain2.png 626w\" sizes=\"auto, (max-width: 300px) 100vw, 300px\" \/><\/figure>\n<\/div>\n<\/div>\n\n\n\n<div class=\"wp-block-buttons is-layout-flex wp-block-buttons-is-layout-flex\">\n<div class=\"wp-block-button\"><a class=\"wp-block-button__link wp-element-button\" href=\"https:\/\/www.whitesmh.co.uk\/fr\/contact\/\">CONTACTEZ-NOUS<\/a><\/div>\n\n\n\n<div class=\"wp-block-button\"><a class=\"wp-block-button__link wp-element-button\" href=\"https:\/\/www.whitesmh.co.uk\/docs\/fork-positioner-product-support\/\">SOUTIEN PRODUIT<\/a><\/div>\n<\/div>\n<\/div>\n<\/div>\n\n<div class=\"wp-block-group is-layout-constrained wp-block-group-is-layout-constrained\">\n<div class=\"wp-block-group alignfull has-primary-background-color has-background is-layout-flow wp-block-group-is-layout-flow\" style=\"margin-top:30px;margin-bottom:30px;padding-top:var(--wp--preset--spacing--40);padding-right:var(--wp--preset--spacing--40);padding-bottom:var(--wp--preset--spacing--40);padding-left:var(--wp--preset--spacing--40)\">\n<h3 class=\"wp-block-heading\">MOD\u00c8LE<\/h3>\n<\/div>\n<\/div>\n\n<figure class=\"wp-block-table\"><table><tbody><tr><td class=\"has-text-align-center\" data-align=\"center\"><strong>Num\u00e9ro de pi\u00e8ce<\/strong><\/td><td class=\"has-text-align-center\" data-align=\"center\"><strong>Type<\/strong><\/td><td class=\"has-text-align-center\" data-align=\"center\"><strong>Fourchettes<\/strong><\/td><\/tr><tr><td class=\"has-text-align-center\" data-align=\"center\">DPFSS1200<\/td><td class=\"has-text-align-center\" data-align=\"center\">D\u00e9placement lat\u00e9ral et double positionneur de fourche avec fourches<\/td><td class=\"has-text-align-center\" data-align=\"center\">Oui<\/td><\/tr><\/tbody><\/table><\/figure>\n","protected":false},"excerpt":{"rendered":"<p>POSITIONNEUR DE FOURCHE AVEC D\u00c9PLACEMENT LAT\u00c9RAL Le positionneur de fourches pour chariot t\u00e9lescopique WHITES avec fonction de d\u00e9placement lat\u00e9ral est l\u2019accessoire ultime pour am\u00e9liorer l\u2019efficacit\u00e9 et la productivit\u00e9 du site. MOD\u00c8LE Num\u00e9ro de pi\u00e8ce Type Fourchettes DPFSS1200 D\u00e9placement lat\u00e9ral et double positionneur de fourche avec fourches Oui<\/p>\n","protected":false},"featured_media":4350,"template":"","meta":{"_acf_changed":false},"product_brand":[],"product_cat":[303,305],"product_tag":[],"class_list":{"2":"type-product","8":"product","9":"first","10":"instock","11":"taxable","12":"shipping-taxable","13":"product-type-simple"},"acf":[],"_links":{"self":[{"href":"https:\/\/www.whitesmh.co.uk\/fr\/wp-json\/wp\/v2\/product\/4737","targetHints":{"allow":["GET"]}}],"collection":[{"href":"https:\/\/www.whitesmh.co.uk\/fr\/wp-json\/wp\/v2\/product"}],"about":[{"href":"https:\/\/www.whitesmh.co.uk\/fr\/wp-json\/wp\/v2\/types\/product"}],"wp:featuredmedia":[{"embeddable":true,"href":"https:\/\/www.whitesmh.co.uk\/fr\/wp-json\/wp\/v2\/media\/4350"}],"wp:attachment":[{"href":"https:\/\/www.whitesmh.co.uk\/fr\/wp-json\/wp\/v2\/media?parent=4737"}],"wp:term":[{"taxonomy":"product_brand","embeddable":true,"href":"https:\/\/www.whitesmh.co.uk\/fr\/wp-json\/wp\/v2\/product_brand?post=4737"},{"taxonomy":"product_cat","embeddable":true,"href":"https:\/\/www.whitesmh.co.uk\/fr\/wp-json\/wp\/v2\/product_cat?post=4737"},{"taxonomy":"product_tag","embeddable":true,"href":"https:\/\/www.whitesmh.co.uk\/fr\/wp-json\/wp\/v2\/product_tag?post=4737"}],"curies":[{"name":"wp","href":"https:\/\/api.w.org\/{rel}","templated":true}]}}