{"id":4733,"date":"2023-12-09T22:05:41","date_gmt":"2023-12-09T22:05:41","guid":{"rendered":"https:\/\/www.whitesmh.co.uk\/products\/compartiments-de-con-dem-2\/"},"modified":"2024-11-19T11:49:45","modified_gmt":"2024-11-19T11:49:45","slug":"compartiments-de-con-dem-2","status":"publish","type":"product","link":"https:\/\/www.whitesmh.co.uk\/fr\/produit\/compartiments-de-con-dem-2\/","title":{"rendered":"Compartiments de con dem"},"content":{"rendered":"\n<div class=\"wp-block-columns is-layout-flex wp-container-core-columns-is-layout-28f84493 wp-block-columns-is-layout-flex\">\n<div class=\"wp-block-column is-vertically-aligned-center is-layout-flow wp-block-column-is-layout-flow\">\n<figure class=\"wp-block-image size-full\"><img loading=\"lazy\" decoding=\"async\" width=\"1382\" height=\"1382\" src=\"https:\/\/www.whitesmh.co.uk\/wp-content\/uploads\/Skidsteer-Con-Dem-Bucket.jpg\" alt=\"\" class=\"wp-image-2342\" srcset=\"https:\/\/www.whitesmh.co.uk\/wp-content\/uploads\/Skidsteer-Con-Dem-Bucket.jpg 1382w, https:\/\/www.whitesmh.co.uk\/wp-content\/uploads\/Skidsteer-Con-Dem-Bucket-300x300.jpg 300w, https:\/\/www.whitesmh.co.uk\/wp-content\/uploads\/Skidsteer-Con-Dem-Bucket-100x100.jpg 100w, https:\/\/www.whitesmh.co.uk\/wp-content\/uploads\/Skidsteer-Con-Dem-Bucket-600x600.jpg 600w, https:\/\/www.whitesmh.co.uk\/wp-content\/uploads\/Skidsteer-Con-Dem-Bucket-400x400.jpg 400w, https:\/\/www.whitesmh.co.uk\/wp-content\/uploads\/Skidsteer-Con-Dem-Bucket-800x800.jpg 800w, https:\/\/www.whitesmh.co.uk\/wp-content\/uploads\/Skidsteer-Con-Dem-Bucket-768x768.jpg 768w\" sizes=\"auto, (max-width: 800px) 100vw, 800px\" \/><\/figure>\n<\/div>\n\n\n\n<div class=\"wp-block-column is-layout-flow wp-block-column-is-layout-flow\">\n<h2 class=\"wp-block-heading\" style=\"text-transform:uppercase\">SEAUX CON DEM<\/h2>\n\n\n\n<p>Le godet de chargeuse compacte de construction\/d\u00e9molition WHITES est un v\u00e9ritable leader du march\u00e9 en termes de qualit\u00e9 de construction et de sp\u00e9cifications. Si vous avez besoin de plus de votre chargeuse compacte, dans les environnements les plus difficiles, optez pour le godet WHITES Con Dem.<\/p>\n\n\n\n<ul class=\"wp-block-list\">\n<li>Construction ultra robuste<\/li>\n\n\n\n<li>Id\u00e9al pour une utilisation dans la construction, la d\u00e9molition, les fonderies et les carri\u00e8res<\/li>\n\n\n\n<li>Goussets d\u2019angle renforc\u00e9s<\/li>\n\n\n\n<li>Corps pli\u00e9 avec renfort sup\u00e9rieur<\/li>\n\n\n\n<li>Boulon en option sur le tranchant r\u00e9versible<\/li>\n<\/ul>\n\n\n\n<div class=\"wp-block-columns is-layout-flex wp-container-core-columns-is-layout-28f84493 wp-block-columns-is-layout-flex\">\n<div class=\"wp-block-column is-layout-flow wp-block-column-is-layout-flow\" style=\"flex-basis:100%\">\n<figure class=\"wp-block-image size-full is-resized\"><img loading=\"lazy\" decoding=\"async\" width=\"626\" height=\"149\" src=\"https:\/\/www.whitesmh.co.uk\/wp-content\/uploads\/image.png\" alt=\"\" class=\"wp-image-635\" style=\"width:268px;height:auto\" srcset=\"https:\/\/www.whitesmh.co.uk\/wp-content\/uploads\/image.png 626w, https:\/\/www.whitesmh.co.uk\/wp-content\/uploads\/image-600x143.png 600w\" sizes=\"auto, (max-width: 626px) 100vw, 626px\" \/><\/figure>\n<\/div>\n<\/div>\n\n\n\n<div class=\"wp-block-buttons is-layout-flex wp-block-buttons-is-layout-flex\">\n<div class=\"wp-block-button\"><a class=\"wp-block-button__link wp-element-button\" href=\"https:\/\/www.whitesmh.co.uk\/fr\/contact\/\">CONTACTEZ-NOUS<\/a><\/div>\n\n\n\n<div class=\"wp-block-button\"><a class=\"wp-block-button__link wp-element-button\" href=\"https:\/\/www.whitesmh.co.uk\/support\/buckets-product-support\/\">SOUTIEN PRODUIT<\/a><\/div>\n<\/div>\n<\/div>\n<\/div>\n\n<div class=\"wp-block-group is-layout-flow wp-block-group-is-layout-flow\">\n<div class=\"wp-block-group has-primary-background-color has-background is-layout-flow wp-block-group-is-layout-flow\" style=\"margin-top:30px;margin-bottom:30px;padding-top:var(--wp--preset--spacing--40);padding-right:var(--wp--preset--spacing--40);padding-bottom:var(--wp--preset--spacing--40);padding-left:var(--wp--preset--spacing--40)\">\n<h3 class=\"wp-block-heading\">MOD\u00c8LE<\/h3>\n<\/div>\n<\/div>\n\n<figure class=\"wp-block-table\"><table><tbody><tr><td class=\"has-text-align-center\" data-align=\"center\"><strong>Num\u00e9ro de pi\u00e8ce<\/strong><\/td><td class=\"has-text-align-center\" data-align=\"center\"><strong>Largeur (mm)<\/strong><\/td><td class=\"has-text-align-center\" data-align=\"center\"><strong>Largeur (pouces)<\/strong><\/td><td class=\"has-text-align-center\" data-align=\"center\"><strong>Capacit\u00e9 (m3)<\/strong><\/td><\/tr><tr><td class=\"has-text-align-center\" data-align=\"center\">CD-1120<\/td><td class=\"has-text-align-center\" data-align=\"center\">1120<\/td><td class=\"has-text-align-center\" data-align=\"center\">44<\/td><td class=\"has-text-align-center\" data-align=\"center\">0,17 m3<\/td><\/tr><tr><td class=\"has-text-align-center\" data-align=\"center\">CD-1220<\/td><td class=\"has-text-align-center\" data-align=\"center\">1220<\/td><td class=\"has-text-align-center\" data-align=\"center\">48<\/td><td class=\"has-text-align-center\" data-align=\"center\">0,18 m3<\/td><\/tr><tr><td class=\"has-text-align-center\" data-align=\"center\">CD-1255<\/td><td class=\"has-text-align-center\" data-align=\"center\">1255<\/td><td class=\"has-text-align-center\" data-align=\"center\">49<\/td><td class=\"has-text-align-center\" data-align=\"center\">0,19 m3<\/td><\/tr><tr><td class=\"has-text-align-center\" data-align=\"center\">CD-1380<\/td><td class=\"has-text-align-center\" data-align=\"center\">1380<\/td><td class=\"has-text-align-center\" data-align=\"center\">54<\/td><td class=\"has-text-align-center\" data-align=\"center\">0,25 m3<\/td><\/tr><tr><td class=\"has-text-align-center\" data-align=\"center\">CD-1480<\/td><td class=\"has-text-align-center\" data-align=\"center\">1480<\/td><td class=\"has-text-align-center\" data-align=\"center\">58<\/td><td class=\"has-text-align-center\" data-align=\"center\">0,28 m3<\/td><\/tr><tr><td class=\"has-text-align-center\" data-align=\"center\">CD-1525<\/td><td class=\"has-text-align-center\" data-align=\"center\">1525<\/td><td class=\"has-text-align-center\" data-align=\"center\">60<\/td><td class=\"has-text-align-center\" data-align=\"center\">0,30 m3<\/td><\/tr><tr><td class=\"has-text-align-center\" data-align=\"center\">CD-1575<\/td><td class=\"has-text-align-center\" data-align=\"center\">1575<\/td><td class=\"has-text-align-center\" data-align=\"center\">62<\/td><td class=\"has-text-align-center\" data-align=\"center\">0,35 m3<\/td><\/tr><tr><td class=\"has-text-align-center\" data-align=\"center\">CD-1680<\/td><td class=\"has-text-align-center\" data-align=\"center\">1680<\/td><td class=\"has-text-align-center\" data-align=\"center\">66<\/td><td class=\"has-text-align-center\" data-align=\"center\">0,41 m3<\/td><\/tr><tr><td class=\"has-text-align-center\" data-align=\"center\">CD-1760<\/td><td class=\"has-text-align-center\" data-align=\"center\">1760<\/td><td class=\"has-text-align-center\" data-align=\"center\">69<\/td><td class=\"has-text-align-center\" data-align=\"center\">0,49 m3<\/td><\/tr><tr><td class=\"has-text-align-center\" data-align=\"center\">CD-HD-1850<\/td><td class=\"has-text-align-center\" data-align=\"center\">1850<\/td><td class=\"has-text-align-center\" data-align=\"center\">73<\/td><td class=\"has-text-align-center\" data-align=\"center\">0,56 m3<\/td><\/tr><tr><td class=\"has-text-align-center\" data-align=\"center\">CD-HD-2080<\/td><td class=\"has-text-align-center\" data-align=\"center\">2080<\/td><td class=\"has-text-align-center\" data-align=\"center\">82<\/td><td class=\"has-text-align-center\" data-align=\"center\">0,82 m3<\/td><\/tr><tr><td class=\"has-text-align-center\" data-align=\"center\">CD-HD-2140<\/td><td class=\"has-text-align-center\" data-align=\"center\">2140<\/td><td class=\"has-text-align-center\" data-align=\"center\">84<\/td><td class=\"has-text-align-center\" data-align=\"center\">0,87 m3<\/td><\/tr><\/tbody><\/table><\/figure>\n","protected":false},"excerpt":{"rendered":"<p>SEAUX CON DEM Le godet de chargeuse compacte de construction\/d\u00e9molition WHITES est un v\u00e9ritable leader du march\u00e9 en termes de qualit\u00e9 de construction et de sp\u00e9cifications. Si vous avez besoin de plus de votre chargeuse compacte, dans les environnements les plus difficiles, optez pour le godet WHITES Con Dem. MOD\u00c8LE Num\u00e9ro de pi\u00e8ce Largeur (mm)&hellip;<\/p>\n","protected":false},"featured_media":4168,"template":"","meta":{"_acf_changed":false},"product_brand":[],"product_cat":[304],"product_tag":[],"class_list":{"2":"type-product","7":"product","8":"first","9":"instock","10":"taxable","11":"shipping-taxable","12":"product-type-simple"},"acf":[],"_links":{"self":[{"href":"https:\/\/www.whitesmh.co.uk\/fr\/wp-json\/wp\/v2\/product\/4733","targetHints":{"allow":["GET"]}}],"collection":[{"href":"https:\/\/www.whitesmh.co.uk\/fr\/wp-json\/wp\/v2\/product"}],"about":[{"href":"https:\/\/www.whitesmh.co.uk\/fr\/wp-json\/wp\/v2\/types\/product"}],"wp:featuredmedia":[{"embeddable":true,"href":"https:\/\/www.whitesmh.co.uk\/fr\/wp-json\/wp\/v2\/media\/4168"}],"wp:attachment":[{"href":"https:\/\/www.whitesmh.co.uk\/fr\/wp-json\/wp\/v2\/media?parent=4733"}],"wp:term":[{"taxonomy":"product_brand","embeddable":true,"href":"https:\/\/www.whitesmh.co.uk\/fr\/wp-json\/wp\/v2\/product_brand?post=4733"},{"taxonomy":"product_cat","embeddable":true,"href":"https:\/\/www.whitesmh.co.uk\/fr\/wp-json\/wp\/v2\/product_cat?post=4733"},{"taxonomy":"product_tag","embeddable":true,"href":"https:\/\/www.whitesmh.co.uk\/fr\/wp-json\/wp\/v2\/product_tag?post=4733"}],"curies":[{"name":"wp","href":"https:\/\/api.w.org\/{rel}","templated":true}]}}