{"id":4731,"date":"2024-01-05T13:49:19","date_gmt":"2024-01-05T13:49:19","guid":{"rendered":"https:\/\/www.whitesmh.co.uk\/products\/grappin-a-godets-de-taille-moyenne\/"},"modified":"2024-11-19T11:54:14","modified_gmt":"2024-11-19T11:54:14","slug":"grappin-a-godets-de-taille-moyenne","status":"publish","type":"product","link":"https:\/\/www.whitesmh.co.uk\/fr\/produit\/grappin-a-godets-de-taille-moyenne\/","title":{"rendered":"Grappin \u00e0 godets de taille moyenne"},"content":{"rendered":"\n<div class=\"wp-block-columns is-layout-flex wp-container-core-columns-is-layout-28f84493 wp-block-columns-is-layout-flex\">\n<div class=\"wp-block-column is-vertically-aligned-center is-layout-flow wp-block-column-is-layout-flow\">\n<figure class=\"wp-block-image size-full\"><img loading=\"lazy\" decoding=\"async\" width=\"1241\" height=\"1241\" src=\"https:\/\/www.whitesmh.co.uk\/wp-content\/uploads\/Skidsteer-Light-Duty-Bucket-Grapple.jpg\" alt=\"\" class=\"wp-image-2445\" srcset=\"https:\/\/www.whitesmh.co.uk\/wp-content\/uploads\/Skidsteer-Light-Duty-Bucket-Grapple.jpg 1241w, https:\/\/www.whitesmh.co.uk\/wp-content\/uploads\/Skidsteer-Light-Duty-Bucket-Grapple-300x300.jpg 300w, https:\/\/www.whitesmh.co.uk\/wp-content\/uploads\/Skidsteer-Light-Duty-Bucket-Grapple-100x100.jpg 100w, https:\/\/www.whitesmh.co.uk\/wp-content\/uploads\/Skidsteer-Light-Duty-Bucket-Grapple-600x600.jpg 600w, https:\/\/www.whitesmh.co.uk\/wp-content\/uploads\/Skidsteer-Light-Duty-Bucket-Grapple-400x400.jpg 400w, https:\/\/www.whitesmh.co.uk\/wp-content\/uploads\/Skidsteer-Light-Duty-Bucket-Grapple-800x800.jpg 800w, https:\/\/www.whitesmh.co.uk\/wp-content\/uploads\/Skidsteer-Light-Duty-Bucket-Grapple-768x768.jpg 768w\" sizes=\"auto, (max-width: 800px) 100vw, 800px\" \/><\/figure>\n<\/div>\n\n\n\n<div class=\"wp-block-column is-layout-flow wp-block-column-is-layout-flow\">\n<h2 class=\"wp-block-heading\" style=\"text-transform:uppercase\">GRAPPIN \u00c0 GODETS DE SERVICE MOYEN<\/h2>\n\n\n\n<p>Le grappin \u00e0 godets \u00e0 usage moyen WHITES est une solution fantastique pour les clients disposant d\u2019une chargeuse compacte d\u2019une capacit\u00e9 de levage allant jusqu\u2019\u00e0 600 kg.<\/p>\n\n\n\n<ul class=\"wp-block-list\">\n<li>Convient aux chargeuses compactes moyennes<\/li>\n\n\n\n<li>Id\u00e9al pour le nettoyage, la manutention des balles et les t\u00e2ches agricoles g\u00e9n\u00e9rales<\/li>\n\n\n\n<li>V\u00e9rin hydraulique simple<\/li>\n\n\n\n<li>Dents forg\u00e9es rempla\u00e7ables \u00e0 haute teneur en carbone pour r\u00e9sister \u00e0 l\u2019usure<\/li>\n\n\n\n<li>Axes de charni\u00e8re graiss\u00e9s<\/li>\n\n\n\n<li>Dents de grappin sup\u00e9rieures soud\u00e9es<\/li>\n\n\n\n<li>Large ouverture du grappin<\/li>\n\n\n\n<li>Plaques de bord boulonn\u00e9es en option<\/li>\n\n\n\n<li>Capacit\u00e9 de fonctionnement de 400 kg \u00e0 650 kg<\/li>\n<\/ul>\n\n\n\n<div class=\"wp-block-columns is-layout-flex wp-container-core-columns-is-layout-28f84493 wp-block-columns-is-layout-flex\">\n<div class=\"wp-block-column is-layout-flow wp-block-column-is-layout-flow\" style=\"flex-basis:100%\">\n<figure class=\"wp-block-image size-full is-resized\"><img loading=\"lazy\" decoding=\"async\" width=\"626\" height=\"149\" src=\"https:\/\/www.whitesmh.co.uk\/wp-content\/uploads\/image.png\" alt=\"\" class=\"wp-image-635\" style=\"width:268px;height:auto\" srcset=\"https:\/\/www.whitesmh.co.uk\/wp-content\/uploads\/image.png 626w, https:\/\/www.whitesmh.co.uk\/wp-content\/uploads\/image-600x143.png 600w\" sizes=\"auto, (max-width: 626px) 100vw, 626px\" \/><\/figure>\n<\/div>\n<\/div>\n\n\n\n<div class=\"wp-block-buttons is-layout-flex wp-block-buttons-is-layout-flex\">\n<div class=\"wp-block-button\"><a class=\"wp-block-button__link wp-element-button\" href=\"https:\/\/www.whitesmh.co.uk\/fr\/contact\/\">CONTACTEZ-NOUS<\/a><\/div>\n\n\n\n<div class=\"wp-block-button\"><a class=\"wp-block-button__link wp-element-button\" href=\"https:\/\/www.whitesmh.co.uk\/support\/grapples-product-support\/\">SOUTIEN PRODUIT<\/a><\/div>\n<\/div>\n<\/div>\n<\/div>\n\n<div class=\"wp-block-group is-layout-flow wp-block-group-is-layout-flow\">\n<div class=\"wp-block-group has-primary-background-color has-background is-layout-flow wp-block-group-is-layout-flow\" style=\"margin-top:30px;margin-bottom:30px;padding-top:var(--wp--preset--spacing--40);padding-right:var(--wp--preset--spacing--40);padding-bottom:var(--wp--preset--spacing--40);padding-left:var(--wp--preset--spacing--40)\">\n<h3 class=\"wp-block-heading\">MOD\u00c8LE<\/h3>\n<\/div>\n<\/div>\n\n<figure class=\"wp-block-table\"><table><tbody><tr><td class=\"has-text-align-center\" data-align=\"center\"><strong>Num\u00e9ro de pi\u00e8ce<\/strong><\/td><td class=\"has-text-align-center\" data-align=\"center\"><strong>Largeur (mm)<\/strong><\/td><td class=\"has-text-align-center\" data-align=\"center\"><strong>Largeur (pouces)<\/strong><\/td><td class=\"has-text-align-center\" data-align=\"center\"><strong>B\u00e9liers<\/strong><\/td><td class=\"has-text-align-center\" data-align=\"center\"><strong>Dents de pr\u00e9hension<\/strong><\/td><\/tr><tr><td class=\"has-text-align-center\" data-align=\"center\">GB-4C-0900<\/td><td class=\"has-text-align-center\" data-align=\"center\">900<\/td><td class=\"has-text-align-center\" data-align=\"center\">36<\/td><td class=\"has-text-align-center\" data-align=\"center\">1<\/td><td class=\"has-text-align-center\" data-align=\"center\">Profil\u00e9<\/td><\/tr><tr><td class=\"has-text-align-center\" data-align=\"center\">GB-4C-1000<\/td><td class=\"has-text-align-center\" data-align=\"center\">1000<\/td><td class=\"has-text-align-center\" data-align=\"center\">39<\/td><td class=\"has-text-align-center\" data-align=\"center\">1<\/td><td class=\"has-text-align-center\" data-align=\"center\">Profil\u00e9<\/td><\/tr><tr><td class=\"has-text-align-center\" data-align=\"center\">GB-4C-1100<\/td><td class=\"has-text-align-center\" data-align=\"center\">1100<\/td><td class=\"has-text-align-center\" data-align=\"center\">43<\/td><td class=\"has-text-align-center\" data-align=\"center\">1<\/td><td class=\"has-text-align-center\" data-align=\"center\">Profil\u00e9<\/td><\/tr><tr><td class=\"has-text-align-center\" data-align=\"center\">GB-4C-1200<\/td><td class=\"has-text-align-center\" data-align=\"center\">1200<\/td><td class=\"has-text-align-center\" data-align=\"center\">48<\/td><td class=\"has-text-align-center\" data-align=\"center\">1<\/td><td class=\"has-text-align-center\" data-align=\"center\">Profil\u00e9<\/td><\/tr><tr><td class=\"has-text-align-center\" data-align=\"center\">GB-4C-1300<\/td><td class=\"has-text-align-center\" data-align=\"center\">1300<\/td><td class=\"has-text-align-center\" data-align=\"center\">52<\/td><td class=\"has-text-align-center\" data-align=\"center\">1<\/td><td class=\"has-text-align-center\" data-align=\"center\">Profil\u00e9<\/td><\/tr><tr><td class=\"has-text-align-center\" data-align=\"center\">GB-4C-1400<\/td><td class=\"has-text-align-center\" data-align=\"center\">1400<\/td><td class=\"has-text-align-center\" data-align=\"center\">55<\/td><td class=\"has-text-align-center\" data-align=\"center\">1<\/td><td class=\"has-text-align-center\" data-align=\"center\">Profil\u00e9<\/td><\/tr><tr><td class=\"has-text-align-center\" data-align=\"center\">GB-4C-1500<\/td><td class=\"has-text-align-center\" data-align=\"center\">1500<\/td><td class=\"has-text-align-center\" data-align=\"center\">60<\/td><td class=\"has-text-align-center\" data-align=\"center\">1<\/td><td class=\"has-text-align-center\" data-align=\"center\">Profil\u00e9<\/td><\/tr><\/tbody><\/table><\/figure>\n","protected":false},"excerpt":{"rendered":"<p>GRAPPIN \u00c0 GODETS DE SERVICE MOYEN Le grappin \u00e0 godets \u00e0 usage moyen WHITES est une solution fantastique pour les clients disposant d\u2019une chargeuse compacte d\u2019une capacit\u00e9 de levage allant jusqu\u2019\u00e0 600 kg. MOD\u00c8LE Num\u00e9ro de pi\u00e8ce Largeur (mm) Largeur (pouces) B\u00e9liers Dents de pr\u00e9hension GB-4C-0900 900 36 1 Profil\u00e9 GB-4C-1000 1000 39 1 Profil\u00e9&hellip;<\/p>\n","protected":false},"featured_media":4244,"template":"","meta":{"_acf_changed":false},"product_brand":[],"product_cat":[304],"product_tag":[],"class_list":{"2":"type-product","7":"product","8":"first","9":"instock","10":"taxable","11":"shipping-taxable","12":"product-type-simple"},"acf":[],"_links":{"self":[{"href":"https:\/\/www.whitesmh.co.uk\/fr\/wp-json\/wp\/v2\/product\/4731","targetHints":{"allow":["GET"]}}],"collection":[{"href":"https:\/\/www.whitesmh.co.uk\/fr\/wp-json\/wp\/v2\/product"}],"about":[{"href":"https:\/\/www.whitesmh.co.uk\/fr\/wp-json\/wp\/v2\/types\/product"}],"wp:featuredmedia":[{"embeddable":true,"href":"https:\/\/www.whitesmh.co.uk\/fr\/wp-json\/wp\/v2\/media\/4244"}],"wp:attachment":[{"href":"https:\/\/www.whitesmh.co.uk\/fr\/wp-json\/wp\/v2\/media?parent=4731"}],"wp:term":[{"taxonomy":"product_brand","embeddable":true,"href":"https:\/\/www.whitesmh.co.uk\/fr\/wp-json\/wp\/v2\/product_brand?post=4731"},{"taxonomy":"product_cat","embeddable":true,"href":"https:\/\/www.whitesmh.co.uk\/fr\/wp-json\/wp\/v2\/product_cat?post=4731"},{"taxonomy":"product_tag","embeddable":true,"href":"https:\/\/www.whitesmh.co.uk\/fr\/wp-json\/wp\/v2\/product_tag?post=4731"}],"curies":[{"name":"wp","href":"https:\/\/api.w.org\/{rel}","templated":true}]}}