{"id":4730,"date":"2024-01-30T09:13:01","date_gmt":"2024-01-30T09:13:01","guid":{"rendered":"https:\/\/www.whitesmh.co.uk\/products\/pouce-hydraulique\/"},"modified":"2024-11-19T11:55:09","modified_gmt":"2024-11-19T11:55:09","slug":"pouce-hydraulique","status":"publish","type":"product","link":"https:\/\/www.whitesmh.co.uk\/fr\/produit\/pouce-hydraulique\/","title":{"rendered":"POUCE HYDRAULIQUE"},"content":{"rendered":"\n<div class=\"wp-block-columns is-layout-flex wp-container-core-columns-is-layout-28f84493 wp-block-columns-is-layout-flex\">\n<div class=\"wp-block-column is-vertically-aligned-center is-layout-flow wp-block-column-is-layout-flow\">\n<figure class=\"wp-block-image size-full\"><img loading=\"lazy\" decoding=\"async\" width=\"1264\" height=\"768\" src=\"https:\/\/www.whitesmh.co.uk\/wp-content\/uploads\/TH15-1-edited.jpg\" alt=\"\" class=\"wp-image-3219\" srcset=\"https:\/\/www.whitesmh.co.uk\/wp-content\/uploads\/TH15-1-edited.jpg 1264w, https:\/\/www.whitesmh.co.uk\/wp-content\/uploads\/TH15-1-edited-600x365.jpg 600w, https:\/\/www.whitesmh.co.uk\/wp-content\/uploads\/TH15-1-edited-800x486.jpg 800w, https:\/\/www.whitesmh.co.uk\/wp-content\/uploads\/TH15-1-edited-768x467.jpg 768w\" sizes=\"auto, (max-width: 800px) 100vw, 800px\" \/><\/figure>\n<\/div>\n\n\n\n<div class=\"wp-block-column is-layout-flow wp-block-column-is-layout-flow\">\n<h2 class=\"wp-block-heading\" style=\"text-transform:uppercase\">POUCE HYDRAULIQUE<\/h2>\n\n\n\n<p>Le pouce hydraulique WHITES est une solution universelle pour lib\u00e9rer le potentiel de votre pelle. Fourni avec une plaque de support, le pouce peut \u00eatre install\u00e9 sur la plupart des excavatrices pour ajouter une installation de pr\u00e9hension \u00e0 votre godet d\u2019excavation.  <\/p>\n\n\n\n<ul class=\"wp-block-list\">\n<li>Soupape de surpression<\/li>\n\n\n\n<li>Montage universel<\/li>\n\n\n\n<li>Grand angle de rotation<\/li>\n\n\n\n<li>Se replie lorsqu\u2019il n\u2019est pas utilis\u00e9<\/li>\n\n\n\n<li>Bords dentel\u00e9s pour une prise en main s\u00fbre<\/li>\n<\/ul>\n\n\n\n<div class=\"wp-block-columns is-layout-flex wp-container-core-columns-is-layout-28f84493 wp-block-columns-is-layout-flex\">\n<div class=\"wp-block-column is-layout-flow wp-block-column-is-layout-flow\" style=\"flex-basis:100%\">\n<figure class=\"wp-block-image size-full is-resized\"><img loading=\"lazy\" decoding=\"async\" width=\"626\" height=\"149\" src=\"https:\/\/www.whitesmh.co.uk\/wp-content\/uploads\/image.png\" alt=\"\" class=\"wp-image-635\" style=\"width:268px;height:auto\" srcset=\"https:\/\/www.whitesmh.co.uk\/wp-content\/uploads\/image.png 626w, https:\/\/www.whitesmh.co.uk\/wp-content\/uploads\/image-600x143.png 600w\" sizes=\"auto, (max-width: 626px) 100vw, 626px\" \/><\/figure>\n<\/div>\n<\/div>\n\n\n\n<div class=\"wp-block-buttons is-layout-flex wp-block-buttons-is-layout-flex\">\n<div class=\"wp-block-button\"><a class=\"wp-block-button__link wp-element-button\" href=\"https:\/\/www.whitesmh.co.uk\/fr\/contact\/\">CONTACTEZ-NOUS<\/a><\/div>\n\n\n\n<div class=\"wp-block-button\"><a class=\"wp-block-button__link wp-element-button\" href=\"https:\/\/www.whitesmh.co.uk\/wp-content\/uploads\/WMH-Data-Sheet-Excavator-Thumb-2.pptx\">FICHE<\/a><\/div>\n<\/div>\n<\/div>\n<\/div>\n\n<div class=\"wp-block-group is-layout-constrained wp-block-group-is-layout-constrained\">\n<div class=\"wp-block-group alignfull has-primary-background-color has-background is-layout-flow wp-block-group-is-layout-flow\" style=\"margin-top:30px;margin-bottom:30px;padding-top:var(--wp--preset--spacing--40);padding-right:var(--wp--preset--spacing--40);padding-bottom:var(--wp--preset--spacing--40);padding-left:var(--wp--preset--spacing--40)\">\n<h3 class=\"wp-block-heading alignfull\">MOD\u00c8LE<\/h3>\n<\/div>\n<\/div>\n\n<figure class=\"wp-block-table\"><table><tbody><tr><td class=\"has-text-align-center\" data-align=\"center\"><strong>Mod\u00e8le<\/strong><\/td><td class=\"has-text-align-center\" data-align=\"center\"><strong>Gamme de poids<\/strong><\/td><\/tr><tr><td class=\"has-text-align-center\" data-align=\"center\">TH15<\/td><td class=\"has-text-align-center\" data-align=\"center\">1-2 tonnes<\/td><\/tr><tr><td class=\"has-text-align-center\" data-align=\"center\">TH30<\/td><td class=\"has-text-align-center\" data-align=\"center\">2-4 tonnes<\/td><\/tr><tr><td class=\"has-text-align-center\" data-align=\"center\">TH50<\/td><td class=\"has-text-align-center\" data-align=\"center\">4-6 tonnes<\/td><\/tr><tr><td class=\"has-text-align-center\" data-align=\"center\">TH70<\/td><td class=\"has-text-align-center\" data-align=\"center\">6-9 tonnes<\/td><\/tr><\/tbody><\/table><\/figure>\n\n<div class=\"wp-block-group is-layout-flow wp-block-group-is-layout-flow\">\n<div class=\"wp-block-group has-primary-background-color has-background is-layout-flow wp-block-group-is-layout-flow\" style=\"margin-top:30px;margin-bottom:30px;padding-top:var(--wp--preset--spacing--40);padding-right:var(--wp--preset--spacing--40);padding-bottom:var(--wp--preset--spacing--40);padding-left:var(--wp--preset--spacing--40)\">\n<h3 class=\"wp-block-heading\">GALERIE<\/h3>\n<\/div>\n\n\n\n<figure class=\"wp-block-gallery has-nested-images columns-4 is-cropped wp-block-gallery-1 is-layout-flex wp-block-gallery-is-layout-flex\">\n<figure class=\"wp-block-image size-thumbnail\"><a href=\"https:\/\/www.whitesmh.co.uk\/wp-content\/uploads\/Thumb-holding-log.jpeg\"><img loading=\"lazy\" decoding=\"async\" width=\"400\" height=\"400\" data-id=\"3217\" src=\"https:\/\/www.whitesmh.co.uk\/wp-content\/uploads\/Thumb-holding-log-400x400.jpeg\" alt=\"\" class=\"wp-image-3217\" srcset=\"https:\/\/www.whitesmh.co.uk\/wp-content\/uploads\/Thumb-holding-log-400x400.jpeg 400w, https:\/\/www.whitesmh.co.uk\/wp-content\/uploads\/Thumb-holding-log-300x300.jpeg 300w, https:\/\/www.whitesmh.co.uk\/wp-content\/uploads\/Thumb-holding-log-100x100.jpeg 100w\" sizes=\"auto, (max-width: 400px) 100vw, 400px\" \/><\/a><\/figure>\n\n\n\n<figure class=\"wp-block-image size-thumbnail\"><a href=\"https:\/\/www.whitesmh.co.uk\/wp-content\/uploads\/b8679195-33ab-4b48-a16d-dd9ab6f15408-scaled.jpeg\"><img loading=\"lazy\" decoding=\"async\" width=\"400\" height=\"400\" data-id=\"2871\" src=\"https:\/\/www.whitesmh.co.uk\/wp-content\/uploads\/b8679195-33ab-4b48-a16d-dd9ab6f15408-400x400.jpeg\" alt=\"\" class=\"wp-image-2871\" srcset=\"https:\/\/www.whitesmh.co.uk\/wp-content\/uploads\/b8679195-33ab-4b48-a16d-dd9ab6f15408-400x400.jpeg 400w, https:\/\/www.whitesmh.co.uk\/wp-content\/uploads\/b8679195-33ab-4b48-a16d-dd9ab6f15408-scaled-300x300.jpeg 300w, https:\/\/www.whitesmh.co.uk\/wp-content\/uploads\/b8679195-33ab-4b48-a16d-dd9ab6f15408-scaled-100x100.jpeg 100w\" sizes=\"auto, (max-width: 400px) 100vw, 400px\" \/><\/a><\/figure>\n\n\n\n<figure class=\"wp-block-image size-thumbnail\"><a href=\"https:\/\/www.whitesmh.co.uk\/wp-content\/uploads\/IMG_2902-1-scaled.jpeg\"><img loading=\"lazy\" decoding=\"async\" width=\"400\" height=\"400\" data-id=\"2582\" src=\"https:\/\/www.whitesmh.co.uk\/wp-content\/uploads\/IMG_2902-1-400x400.jpeg\" alt=\"\" class=\"wp-image-2582\" srcset=\"https:\/\/www.whitesmh.co.uk\/wp-content\/uploads\/IMG_2902-1-400x400.jpeg 400w, https:\/\/www.whitesmh.co.uk\/wp-content\/uploads\/IMG_2902-1-scaled-300x300.jpeg 300w, https:\/\/www.whitesmh.co.uk\/wp-content\/uploads\/IMG_2902-1-scaled-100x100.jpeg 100w\" sizes=\"auto, (max-width: 400px) 100vw, 400px\" \/><\/a><\/figure>\n\n\n\n<figure class=\"wp-block-image size-thumbnail\"><a href=\"https:\/\/www.whitesmh.co.uk\/wp-content\/uploads\/IMG_2907-scaled.jpeg\"><img loading=\"lazy\" decoding=\"async\" width=\"400\" height=\"400\" data-id=\"2587\" src=\"https:\/\/www.whitesmh.co.uk\/wp-content\/uploads\/IMG_2907-400x400.jpeg\" alt=\"\" class=\"wp-image-2587\" srcset=\"https:\/\/www.whitesmh.co.uk\/wp-content\/uploads\/IMG_2907-400x400.jpeg 400w, https:\/\/www.whitesmh.co.uk\/wp-content\/uploads\/IMG_2907-scaled-300x300.jpeg 300w, https:\/\/www.whitesmh.co.uk\/wp-content\/uploads\/IMG_2907-scaled-100x100.jpeg 100w\" sizes=\"auto, (max-width: 400px) 100vw, 400px\" \/><\/a><\/figure>\n\n\n\n<figure class=\"wp-block-image size-thumbnail\"><a href=\"https:\/\/www.whitesmh.co.uk\/wp-content\/uploads\/IMG_2677-1-scaled.jpeg\"><img loading=\"lazy\" decoding=\"async\" width=\"400\" height=\"400\" data-id=\"2580\" src=\"https:\/\/www.whitesmh.co.uk\/wp-content\/uploads\/IMG_2677-1-400x400.jpeg\" alt=\"\" class=\"wp-image-2580\" srcset=\"https:\/\/www.whitesmh.co.uk\/wp-content\/uploads\/IMG_2677-1-400x400.jpeg 400w, https:\/\/www.whitesmh.co.uk\/wp-content\/uploads\/IMG_2677-1-scaled-300x300.jpeg 300w, https:\/\/www.whitesmh.co.uk\/wp-content\/uploads\/IMG_2677-1-scaled-100x100.jpeg 100w\" sizes=\"auto, (max-width: 400px) 100vw, 400px\" \/><\/a><\/figure>\n\n\n\n<figure class=\"wp-block-image size-thumbnail\"><a href=\"https:\/\/www.whitesmh.co.uk\/wp-content\/uploads\/IMG_2911-scaled.jpeg\"><img loading=\"lazy\" decoding=\"async\" width=\"400\" height=\"400\" data-id=\"2591\" src=\"https:\/\/www.whitesmh.co.uk\/wp-content\/uploads\/IMG_2911-400x400.jpeg\" alt=\"\" class=\"wp-image-2591\" srcset=\"https:\/\/www.whitesmh.co.uk\/wp-content\/uploads\/IMG_2911-400x400.jpeg 400w, https:\/\/www.whitesmh.co.uk\/wp-content\/uploads\/IMG_2911-scaled-300x300.jpeg 300w, https:\/\/www.whitesmh.co.uk\/wp-content\/uploads\/IMG_2911-scaled-100x100.jpeg 100w\" sizes=\"auto, (max-width: 400px) 100vw, 400px\" \/><\/a><\/figure>\n\n\n\n<figure class=\"wp-block-image size-thumbnail\"><a href=\"https:\/\/www.whitesmh.co.uk\/wp-content\/uploads\/IMG_2910.jpeg\"><img loading=\"lazy\" decoding=\"async\" width=\"400\" height=\"400\" data-id=\"2590\" src=\"https:\/\/www.whitesmh.co.uk\/wp-content\/uploads\/IMG_2910-400x400.jpeg\" alt=\"\" class=\"wp-image-2590\" srcset=\"https:\/\/www.whitesmh.co.uk\/wp-content\/uploads\/IMG_2910-400x400.jpeg 400w, https:\/\/www.whitesmh.co.uk\/wp-content\/uploads\/IMG_2910-300x300.jpeg 300w, https:\/\/www.whitesmh.co.uk\/wp-content\/uploads\/IMG_2910-100x100.jpeg 100w\" sizes=\"auto, (max-width: 400px) 100vw, 400px\" \/><\/a><\/figure>\n\n\n\n<figure class=\"wp-block-image size-thumbnail\"><a href=\"https:\/\/www.whitesmh.co.uk\/wp-content\/uploads\/ee655065-56d0-4c7b-b27e-a2a303ccb73c-scaled.jpeg\"><img loading=\"lazy\" decoding=\"async\" width=\"400\" height=\"400\" data-id=\"2873\" src=\"https:\/\/www.whitesmh.co.uk\/wp-content\/uploads\/ee655065-56d0-4c7b-b27e-a2a303ccb73c-400x400.jpeg\" alt=\"\" class=\"wp-image-2873\" srcset=\"https:\/\/www.whitesmh.co.uk\/wp-content\/uploads\/ee655065-56d0-4c7b-b27e-a2a303ccb73c-400x400.jpeg 400w, https:\/\/www.whitesmh.co.uk\/wp-content\/uploads\/ee655065-56d0-4c7b-b27e-a2a303ccb73c-scaled-300x300.jpeg 300w, https:\/\/www.whitesmh.co.uk\/wp-content\/uploads\/ee655065-56d0-4c7b-b27e-a2a303ccb73c-scaled-100x100.jpeg 100w\" sizes=\"auto, (max-width: 400px) 100vw, 400px\" \/><\/a><\/figure>\n<\/figure>\n<\/div>\n","protected":false},"excerpt":{"rendered":"<p>POUCE HYDRAULIQUE Le pouce hydraulique WHITES est une solution universelle pour lib\u00e9rer le potentiel de votre pelle. Fourni avec une plaque de support, le pouce peut \u00eatre install\u00e9 sur la plupart des excavatrices pour ajouter une installation de pr\u00e9hension \u00e0 votre godet d\u2019excavation. MOD\u00c8LE Mod\u00e8le Gamme de poids TH15 1-2 tonnes TH30 2-4 tonnes TH50&hellip;<\/p>\n","protected":false},"featured_media":4548,"template":"","meta":{"_acf_changed":false},"product_brand":[],"product_cat":[293,302],"product_tag":[],"class_list":{"2":"type-product","8":"product","9":"first","10":"instock","11":"taxable","12":"shipping-taxable","13":"product-type-simple"},"acf":[],"_links":{"self":[{"href":"https:\/\/www.whitesmh.co.uk\/fr\/wp-json\/wp\/v2\/product\/4730","targetHints":{"allow":["GET"]}}],"collection":[{"href":"https:\/\/www.whitesmh.co.uk\/fr\/wp-json\/wp\/v2\/product"}],"about":[{"href":"https:\/\/www.whitesmh.co.uk\/fr\/wp-json\/wp\/v2\/types\/product"}],"wp:featuredmedia":[{"embeddable":true,"href":"https:\/\/www.whitesmh.co.uk\/fr\/wp-json\/wp\/v2\/media\/4548"}],"wp:attachment":[{"href":"https:\/\/www.whitesmh.co.uk\/fr\/wp-json\/wp\/v2\/media?parent=4730"}],"wp:term":[{"taxonomy":"product_brand","embeddable":true,"href":"https:\/\/www.whitesmh.co.uk\/fr\/wp-json\/wp\/v2\/product_brand?post=4730"},{"taxonomy":"product_cat","embeddable":true,"href":"https:\/\/www.whitesmh.co.uk\/fr\/wp-json\/wp\/v2\/product_cat?post=4730"},{"taxonomy":"product_tag","embeddable":true,"href":"https:\/\/www.whitesmh.co.uk\/fr\/wp-json\/wp\/v2\/product_tag?post=4730"}],"curies":[{"name":"wp","href":"https:\/\/api.w.org\/{rel}","templated":true}]}}