{"id":4726,"date":"2024-03-05T13:34:15","date_gmt":"2024-03-05T13:34:15","guid":{"rendered":"https:\/\/www.whitesmh.co.uk\/products\/blade-runner\/"},"modified":"2024-11-19T11:46:46","modified_gmt":"2024-11-19T11:46:46","slug":"blade-runner","status":"publish","type":"product","link":"https:\/\/www.whitesmh.co.uk\/fr\/produit\/blade-runner\/","title":{"rendered":"BLADE RUNNER"},"content":{"rendered":"\n<div class=\"wp-block-columns is-layout-flex wp-container-core-columns-is-layout-28f84493 wp-block-columns-is-layout-flex\">\n<div class=\"wp-block-column is-vertically-aligned-center is-layout-flow wp-block-column-is-layout-flow\">\n<figure class=\"wp-block-image size-full\"><img loading=\"lazy\" decoding=\"async\" width=\"2000\" height=\"1812\" src=\"https:\/\/www.whitesmh.co.uk\/wp-content\/uploads\/25ac1d19-22bc-4181-924d-109317dbc764.jpeg\" alt=\"\" class=\"wp-image-2812\" srcset=\"https:\/\/www.whitesmh.co.uk\/wp-content\/uploads\/25ac1d19-22bc-4181-924d-109317dbc764.jpeg 2000w, https:\/\/www.whitesmh.co.uk\/wp-content\/uploads\/25ac1d19-22bc-4181-924d-109317dbc764-600x544.jpeg 600w, https:\/\/www.whitesmh.co.uk\/wp-content\/uploads\/25ac1d19-22bc-4181-924d-109317dbc764-800x725.jpeg 800w, https:\/\/www.whitesmh.co.uk\/wp-content\/uploads\/25ac1d19-22bc-4181-924d-109317dbc764-768x696.jpeg 768w\" sizes=\"auto, (max-width: 800px) 100vw, 800px\" \/><\/figure>\n<\/div>\n\n\n\n<div class=\"wp-block-column is-layout-flow wp-block-column-is-layout-flow\">\n<h2 class=\"wp-block-heading\" style=\"text-transform:uppercase\">BLADE RUNNER<\/h2>\n\n\n\n<p>WHITES est le plus grand fabricant de godets d\u2019excavatrice au Royaume-Uni, produisant des produits approuv\u00e9s par les \u00e9quipementiers pour les machines du monde entier. Le WHITES Blade Runner est un ajout fantastique \u00e0 toute flotte pour augmenter la polyvalence de votre site.  <\/p>\n\n\n\n<ul class=\"wp-block-list\">\n<li>Ajoutez de la polyvalence \u00e0 votre machine<\/li>\n\n\n\n<li>Se connecte via une lame ou un montage direct au coupleur \/ machine<\/li>\n\n\n\n<li>Montage universel<\/li>\n\n\n\n<li>Transportez en toute s\u00e9curit\u00e9 des godets \/ accessoires et produits<\/li>\n\n\n\n<li>Rangez votre tiltrotateur en toute s\u00e9curit\u00e9<\/li>\n<\/ul>\n\n\n\n<div class=\"wp-block-columns is-layout-flex wp-container-core-columns-is-layout-28f84493 wp-block-columns-is-layout-flex\">\n<div class=\"wp-block-column is-layout-flow wp-block-column-is-layout-flow\" style=\"flex-basis:100%\">\n<figure class=\"wp-block-image size-full is-resized\"><img loading=\"lazy\" decoding=\"async\" width=\"626\" height=\"149\" src=\"https:\/\/www.whitesmh.co.uk\/wp-content\/uploads\/image.png\" alt=\"\" class=\"wp-image-635\" style=\"width:268px;height:auto\" srcset=\"https:\/\/www.whitesmh.co.uk\/wp-content\/uploads\/image.png 626w, https:\/\/www.whitesmh.co.uk\/wp-content\/uploads\/image-600x143.png 600w\" sizes=\"auto, (max-width: 626px) 100vw, 626px\" \/><\/figure>\n\n\n\n<p><\/p>\n\n\n\n<figure class=\"wp-block-image size-full is-resized\"><img loading=\"lazy\" decoding=\"async\" width=\"2560\" height=\"481\" src=\"https:\/\/www.whitesmh.co.uk\/wp-content\/uploads\/Blade-Runner-1-scaled.jpg\" alt=\"\" class=\"wp-image-2895\" style=\"width:268px;height:auto\" srcset=\"https:\/\/www.whitesmh.co.uk\/wp-content\/uploads\/Blade-Runner-1-scaled.jpg 2560w, https:\/\/www.whitesmh.co.uk\/wp-content\/uploads\/Blade-Runner-1-scaled-600x113.jpg 600w, https:\/\/www.whitesmh.co.uk\/wp-content\/uploads\/Blade-Runner-1-800x150.jpg 800w, https:\/\/www.whitesmh.co.uk\/wp-content\/uploads\/Blade-Runner-1-768x144.jpg 768w\" sizes=\"auto, (max-width: 800px) 100vw, 800px\" \/><\/figure>\n<\/div>\n<\/div>\n\n\n\n<div class=\"wp-block-buttons is-layout-flex wp-block-buttons-is-layout-flex\">\n<div class=\"wp-block-button\"><a class=\"wp-block-button__link wp-element-button\" href=\"https:\/\/www.whitesmh.co.uk\/fr\/contact\/\">CONTACTEZ-NOUS<\/a><\/div>\n\n\n\n<div class=\"wp-block-button\"><a class=\"wp-block-button__link wp-element-button\" href=\"https:\/\/www.whitesmh.co.uk\/support\/buckets-product-support\/\">SOUTIEN PRODUIT<\/a><\/div>\n\n\n\n<div class=\"wp-block-button\"><a class=\"wp-block-button__link wp-element-button\" href=\"https:\/\/www.whitesmh.co.uk\/wp-content\/uploads\/WMH-Data-Sheet-Blade-Runner.pptx\">FICHE<\/a><\/div>\n<\/div>\n<\/div>\n<\/div>\n\n<div class=\"wp-block-group is-layout-flow wp-block-group-is-layout-flow\">\n<div class=\"wp-block-group has-primary-background-color has-background is-layout-flow wp-block-group-is-layout-flow\" style=\"margin-top:30px;margin-bottom:30px;padding-top:var(--wp--preset--spacing--40);padding-right:var(--wp--preset--spacing--40);padding-bottom:var(--wp--preset--spacing--40);padding-left:var(--wp--preset--spacing--40)\">\n<h3 class=\"wp-block-heading\">MOD\u00c8LE<\/h3>\n<\/div>\n\n\n\n<figure class=\"wp-block-table\"><table><tbody><tr><td class=\"has-text-align-center\" data-align=\"center\"><strong>Mod\u00e8le<\/strong><\/td><td class=\"has-text-align-center\" data-align=\"center\"><strong>Largeur<\/strong><\/td><td class=\"has-text-align-center\" data-align=\"center\"><strong>Taille de la machine<\/strong><\/td><\/tr><tr><td class=\"has-text-align-center\" data-align=\"center\">ETB1500-3<\/td><td class=\"has-text-align-center\" data-align=\"center\">1500mm<\/td><td class=\"has-text-align-center\" data-align=\"center\">2 &#8211; 4 tonnes<\/td><\/tr><tr><td class=\"has-text-align-center\" data-align=\"center\">ETB1980-5<\/td><td class=\"has-text-align-center\" data-align=\"center\">1980mm<\/td><td class=\"has-text-align-center\" data-align=\"center\">5 &#8211; 9 tonnes<\/td><\/tr><\/tbody><\/table><\/figure>\n\n\n\n<div class=\"wp-block-group has-primary-background-color has-background is-layout-flow wp-block-group-is-layout-flow\" style=\"margin-top:30px;margin-bottom:30px;padding-top:var(--wp--preset--spacing--40);padding-right:var(--wp--preset--spacing--40);padding-bottom:var(--wp--preset--spacing--40);padding-left:var(--wp--preset--spacing--40)\">\n<h3 class=\"wp-block-heading\">GALERIE<\/h3>\n<\/div>\n\n\n\n<figure class=\"wp-block-gallery has-nested-images columns-4 is-cropped wp-block-gallery-1 is-layout-flex wp-block-gallery-is-layout-flex\">\n<figure class=\"wp-block-image size-thumbnail\"><a href=\"https:\/\/www.whitesmh.co.uk\/wp-content\/uploads\/IMG_7384.jpeg\"><img loading=\"lazy\" decoding=\"async\" width=\"400\" height=\"400\" data-id=\"2840\" src=\"https:\/\/www.whitesmh.co.uk\/wp-content\/uploads\/IMG_7384-400x400.jpeg\" alt=\"\" class=\"wp-image-2840\" srcset=\"https:\/\/www.whitesmh.co.uk\/wp-content\/uploads\/IMG_7384-400x400.jpeg 400w, https:\/\/www.whitesmh.co.uk\/wp-content\/uploads\/IMG_7384-300x300.jpeg 300w, https:\/\/www.whitesmh.co.uk\/wp-content\/uploads\/IMG_7384-100x100.jpeg 100w\" sizes=\"auto, (max-width: 400px) 100vw, 400px\" \/><\/a><\/figure>\n\n\n\n<figure class=\"wp-block-image size-thumbnail\"><a href=\"https:\/\/www.whitesmh.co.uk\/wp-content\/uploads\/e4ef2fb8-602d-4338-8af7-42366cce481f.jpeg\"><img loading=\"lazy\" decoding=\"async\" width=\"400\" height=\"400\" data-id=\"2816\" src=\"https:\/\/www.whitesmh.co.uk\/wp-content\/uploads\/e4ef2fb8-602d-4338-8af7-42366cce481f-400x400.jpeg\" alt=\"\" class=\"wp-image-2816\" srcset=\"https:\/\/www.whitesmh.co.uk\/wp-content\/uploads\/e4ef2fb8-602d-4338-8af7-42366cce481f-400x400.jpeg 400w, https:\/\/www.whitesmh.co.uk\/wp-content\/uploads\/e4ef2fb8-602d-4338-8af7-42366cce481f-300x300.jpeg 300w, https:\/\/www.whitesmh.co.uk\/wp-content\/uploads\/e4ef2fb8-602d-4338-8af7-42366cce481f-100x100.jpeg 100w\" sizes=\"auto, (max-width: 400px) 100vw, 400px\" \/><\/a><\/figure>\n\n\n\n<figure class=\"wp-block-image size-thumbnail\"><a href=\"https:\/\/www.whitesmh.co.uk\/wp-content\/uploads\/8a7ed172-d7f6-4fbf-aa63-94acfa1ae602.jpeg\"><img loading=\"lazy\" decoding=\"async\" width=\"400\" height=\"400\" data-id=\"2811\" src=\"https:\/\/www.whitesmh.co.uk\/wp-content\/uploads\/8a7ed172-d7f6-4fbf-aa63-94acfa1ae602-400x400.jpeg\" alt=\"\" class=\"wp-image-2811\" srcset=\"https:\/\/www.whitesmh.co.uk\/wp-content\/uploads\/8a7ed172-d7f6-4fbf-aa63-94acfa1ae602-400x400.jpeg 400w, https:\/\/www.whitesmh.co.uk\/wp-content\/uploads\/8a7ed172-d7f6-4fbf-aa63-94acfa1ae602-300x300.jpeg 300w, https:\/\/www.whitesmh.co.uk\/wp-content\/uploads\/8a7ed172-d7f6-4fbf-aa63-94acfa1ae602-100x100.jpeg 100w\" sizes=\"auto, (max-width: 400px) 100vw, 400px\" \/><\/a><\/figure>\n\n\n\n<figure class=\"wp-block-image size-thumbnail\"><a href=\"https:\/\/www.whitesmh.co.uk\/wp-content\/uploads\/IMG_7383.jpeg\"><img loading=\"lazy\" decoding=\"async\" width=\"400\" height=\"400\" data-id=\"2842\" src=\"https:\/\/www.whitesmh.co.uk\/wp-content\/uploads\/IMG_7383-400x400.jpeg\" alt=\"\" class=\"wp-image-2842\" srcset=\"https:\/\/www.whitesmh.co.uk\/wp-content\/uploads\/IMG_7383-400x400.jpeg 400w, https:\/\/www.whitesmh.co.uk\/wp-content\/uploads\/IMG_7383-300x300.jpeg 300w, https:\/\/www.whitesmh.co.uk\/wp-content\/uploads\/IMG_7383-100x100.jpeg 100w\" sizes=\"auto, (max-width: 400px) 100vw, 400px\" \/><\/a><\/figure>\n<\/figure>\n<\/div>\n\n<div class=\"wp-block-group is-layout-constrained wp-block-group-is-layout-constrained\">\n<div class=\"wp-block-group alignfull has-primary-background-color has-background is-layout-flow wp-block-group-is-layout-flow\" style=\"margin-top:30px;margin-bottom:30px;padding-top:var(--wp--preset--spacing--40);padding-right:var(--wp--preset--spacing--40);padding-bottom:var(--wp--preset--spacing--40);padding-left:var(--wp--preset--spacing--40)\">\n<h3 class=\"wp-block-heading\">VID\u00c9O<\/h3>\n<\/div>\n<\/div>\n\n<figure class=\"wp-block-embed is-type-video is-provider-youtube wp-block-embed-youtube wp-embed-aspect-16-9 wp-has-aspect-ratio\"><div class=\"wp-block-embed__wrapper\">\n<iframe loading=\"lazy\" title=\"Whites Material Handling - Blade Runner\" width=\"800\" height=\"450\" src=\"https:\/\/www.youtube.com\/embed\/ZHFdJPq_BDQ?feature=oembed\" frameborder=\"0\" allow=\"accelerometer; autoplay; clipboard-write; encrypted-media; gyroscope; picture-in-picture; web-share\" referrerpolicy=\"strict-origin-when-cross-origin\" allowfullscreen><\/iframe>\n<\/div><\/figure>\n\n<div class=\"wp-block-group alignfull has-primary-background-color has-background is-layout-flow wp-block-group-is-layout-flow\" style=\"margin-top:30px;margin-bottom:30px;padding-top:var(--wp--preset--spacing--40);padding-right:var(--wp--preset--spacing--40);padding-bottom:var(--wp--preset--spacing--40);padding-left:var(--wp--preset--spacing--40)\">\n<h3 class=\"wp-block-heading\">PRODUITS CONNEXES<\/h3>\n<\/div>\n\n<div class=\"product-grid flex\">\n\t\t<div class=\"col-25 padBottom\">\n\t\t<a href=\"https:\/\/www.whitesmh.co.uk\/fr\/produit\/godets-de-creusement-2\/\" title=\"Godets de creusement\" class=\"block radius\">\n\t\t\t\t\t\t<div class=\"thumb\">\n\t\t\t\t<img loading=\"lazy\" decoding=\"async\" width=\"400\" height=\"400\" src=\"https:\/\/www.whitesmh.co.uk\/wp-content\/uploads\/ES042724-1-400x400.jpg\" class=\"attachment-thumbnail size-thumbnail wp-post-image\" alt=\"\" srcset=\"https:\/\/www.whitesmh.co.uk\/wp-content\/uploads\/ES042724-1-400x400.jpg 400w, https:\/\/www.whitesmh.co.uk\/wp-content\/uploads\/ES042724-1-300x300.jpg 300w, https:\/\/www.whitesmh.co.uk\/wp-content\/uploads\/ES042724-1-100x100.jpg 100w\" sizes=\"auto, (max-width: 400px) 100vw, 400px\" \/>\t\t\t\t\t\t\t\t\t\n\t\t\t<\/div>\n\t\t\t\t\t\t<div class=\"meta smlPadAll\">\n\t\t\t\t<h4 class=\"no-margin\">Godets de creusement<\/h4>\n\t\t\t\t<span class=\"blue button marTop\">Find out more <i class=\"fa-solid fa-chevron-right\"><\/i><\/span>\n\t\t\t<\/div>\n\t\t<\/a>\n\t<\/div>\n\t\t<div class=\"col-25 padBottom\">\n\t\t<a href=\"https:\/\/www.whitesmh.co.uk\/fr\/produit\/godets-de-calibrage\/\" title=\"Godets de calibrage\" class=\"block radius\">\n\t\t\t\t\t\t<div class=\"thumb\">\n\t\t\t\t<img loading=\"lazy\" decoding=\"async\" width=\"400\" height=\"400\" src=\"https:\/\/www.whitesmh.co.uk\/wp-content\/uploads\/Grading-Bucket-1-400x400.jpg\" class=\"attachment-thumbnail size-thumbnail wp-post-image\" alt=\"\" srcset=\"https:\/\/www.whitesmh.co.uk\/wp-content\/uploads\/Grading-Bucket-1-400x400.jpg 400w, https:\/\/www.whitesmh.co.uk\/wp-content\/uploads\/Grading-Bucket-1-300x300.jpg 300w, https:\/\/www.whitesmh.co.uk\/wp-content\/uploads\/Grading-Bucket-1-100x100.jpg 100w\" sizes=\"auto, (max-width: 400px) 100vw, 400px\" \/>\t\t\t\t\t\t\t\t\t\n\t\t\t<\/div>\n\t\t\t\t\t\t<div class=\"meta smlPadAll\">\n\t\t\t\t<h4 class=\"no-margin\">Godets de calibrage<\/h4>\n\t\t\t\t<span class=\"blue button marTop\">Find out more <i class=\"fa-solid fa-chevron-right\"><\/i><\/span>\n\t\t\t<\/div>\n\t\t<\/a>\n\t<\/div>\n\t\t<div class=\"col-25 padBottom\">\n\t\t<a href=\"https:\/\/www.whitesmh.co.uk\/fr\/produit\/godets-basculants-hydrauliques\/\" title=\"Godets basculants hydrauliques\" class=\"block radius\">\n\t\t\t\t\t\t<div class=\"thumb\">\n\t\t\t\t<img loading=\"lazy\" decoding=\"async\" width=\"400\" height=\"400\" src=\"https:\/\/www.whitesmh.co.uk\/wp-content\/uploads\/EWST922548-1-400x400.jpg\" class=\"attachment-thumbnail size-thumbnail wp-post-image\" alt=\"\" srcset=\"https:\/\/www.whitesmh.co.uk\/wp-content\/uploads\/EWST922548-1-400x400.jpg 400w, https:\/\/www.whitesmh.co.uk\/wp-content\/uploads\/EWST922548-1-300x300.jpg 300w, https:\/\/www.whitesmh.co.uk\/wp-content\/uploads\/EWST922548-1-100x100.jpg 100w\" sizes=\"auto, (max-width: 400px) 100vw, 400px\" \/>\t\t\t\t\t\t\t\t\t\n\t\t\t<\/div>\n\t\t\t\t\t\t<div class=\"meta smlPadAll\">\n\t\t\t\t<h4 class=\"no-margin\">Godets basculants hydrauliques<\/h4>\n\t\t\t\t<span class=\"blue button marTop\">Find out more <i class=\"fa-solid fa-chevron-right\"><\/i><\/span>\n\t\t\t<\/div>\n\t\t<\/a>\n\t<\/div>\n\t\t<div class=\"col-25 padBottom\">\n\t\t<a href=\"https:\/\/www.whitesmh.co.uk\/fr\/produit\/excasweep\/\" title=\"EXCASWEEP\" class=\"block radius\">\n\t\t\t\t\t\t<div class=\"thumb\">\n\t\t\t\t<img loading=\"lazy\" decoding=\"async\" width=\"400\" height=\"400\" src=\"https:\/\/www.whitesmh.co.uk\/wp-content\/uploads\/ETS0900AA-400x400.jpg\" class=\"attachment-thumbnail size-thumbnail wp-post-image\" alt=\"\" srcset=\"https:\/\/www.whitesmh.co.uk\/wp-content\/uploads\/ETS0900AA-400x400.jpg 400w, https:\/\/www.whitesmh.co.uk\/wp-content\/uploads\/ETS0900AA-300x300.jpg 300w, https:\/\/www.whitesmh.co.uk\/wp-content\/uploads\/ETS0900AA-100x100.jpg 100w, https:\/\/www.whitesmh.co.uk\/wp-content\/uploads\/ETS0900AA-600x600.jpg 600w, https:\/\/www.whitesmh.co.uk\/wp-content\/uploads\/ETS0900AA-800x800.jpg 800w, https:\/\/www.whitesmh.co.uk\/wp-content\/uploads\/ETS0900AA-768x768.jpg 768w\" sizes=\"auto, (max-width: 400px) 100vw, 400px\" \/>\t\t\t\t\t\t\t\t\t\n\t\t\t<\/div>\n\t\t\t\t\t\t<div class=\"meta smlPadAll\">\n\t\t\t\t<h4 class=\"no-margin\">EXCASWEEP<\/h4>\n\t\t\t\t<span class=\"blue button marTop\">Find out more <i class=\"fa-solid fa-chevron-right\"><\/i><\/span>\n\t\t\t<\/div>\n\t\t<\/a>\n\t<\/div>\n\t<\/div>\n","protected":false},"excerpt":{"rendered":"<p>BLADE RUNNER WHITES est le plus grand fabricant de godets d\u2019excavatrice au Royaume-Uni, produisant des produits approuv\u00e9s par les \u00e9quipementiers pour les machines du monde entier. Le WHITES Blade Runner est un ajout fantastique \u00e0 toute flotte pour augmenter la polyvalence de votre site. MOD\u00c8LE Mod\u00e8le Largeur Taille de la machine ETB1500-3 1500mm 2 &#8211;&hellip;<\/p>\n","protected":false},"featured_media":10973,"template":"","meta":{"_acf_changed":false},"product_brand":[],"product_cat":[302],"product_tag":[],"class_list":{"2":"type-product","7":"product","8":"first","9":"instock","10":"taxable","11":"shipping-taxable","12":"product-type-simple"},"acf":[],"_links":{"self":[{"href":"https:\/\/www.whitesmh.co.uk\/fr\/wp-json\/wp\/v2\/product\/4726","targetHints":{"allow":["GET"]}}],"collection":[{"href":"https:\/\/www.whitesmh.co.uk\/fr\/wp-json\/wp\/v2\/product"}],"about":[{"href":"https:\/\/www.whitesmh.co.uk\/fr\/wp-json\/wp\/v2\/types\/product"}],"wp:featuredmedia":[{"embeddable":true,"href":"https:\/\/www.whitesmh.co.uk\/fr\/wp-json\/wp\/v2\/media\/10973"}],"wp:attachment":[{"href":"https:\/\/www.whitesmh.co.uk\/fr\/wp-json\/wp\/v2\/media?parent=4726"}],"wp:term":[{"taxonomy":"product_brand","embeddable":true,"href":"https:\/\/www.whitesmh.co.uk\/fr\/wp-json\/wp\/v2\/product_brand?post=4726"},{"taxonomy":"product_cat","embeddable":true,"href":"https:\/\/www.whitesmh.co.uk\/fr\/wp-json\/wp\/v2\/product_cat?post=4726"},{"taxonomy":"product_tag","embeddable":true,"href":"https:\/\/www.whitesmh.co.uk\/fr\/wp-json\/wp\/v2\/product_tag?post=4726"}],"curies":[{"name":"wp","href":"https:\/\/api.w.org\/{rel}","templated":true}]}}