{"id":4725,"date":"2023-11-28T11:06:50","date_gmt":"2023-11-28T11:06:50","guid":{"rendered":"https:\/\/www.whitesmh.co.uk\/products\/coupleurs-basculants-totaltilt\/"},"modified":"2024-11-19T11:46:32","modified_gmt":"2024-11-19T11:46:32","slug":"coupleurs-basculants-totaltilt","status":"publish","type":"product","link":"https:\/\/www.whitesmh.co.uk\/fr\/produit\/coupleurs-basculants-totaltilt\/","title":{"rendered":"Coupleurs basculants Totaltilt"},"content":{"rendered":"\n<div class=\"wp-block-columns is-layout-flex wp-container-core-columns-is-layout-28f84493 wp-block-columns-is-layout-flex\">\n<div class=\"wp-block-column is-vertically-aligned-center is-layout-flow wp-block-column-is-layout-flow\">\n<figure class=\"wp-block-image size-full\"><img loading=\"lazy\" decoding=\"async\" width=\"2000\" height=\"1500\" src=\"https:\/\/www.whitesmh.co.uk\/wp-content\/uploads\/Totaltilt2-1-scaled.jpg\" alt=\"\" class=\"wp-image-905\" srcset=\"https:\/\/www.whitesmh.co.uk\/wp-content\/uploads\/Totaltilt2-1-scaled.jpg 2000w, https:\/\/www.whitesmh.co.uk\/wp-content\/uploads\/Totaltilt2-1-scaled-600x450.jpg 600w, https:\/\/www.whitesmh.co.uk\/wp-content\/uploads\/Totaltilt2-1-scaled-800x600.jpg 800w, https:\/\/www.whitesmh.co.uk\/wp-content\/uploads\/Totaltilt2-1-scaled-768x576.jpg 768w\" sizes=\"auto, (max-width: 800px) 100vw, 800px\" \/><\/figure>\n<\/div>\n\n\n\n<div class=\"wp-block-column is-layout-flow wp-block-column-is-layout-flow\">\n<h2 class=\"wp-block-heading\" style=\"text-transform:uppercase\">COUPLEURS BASCULANTS TOTALTILT<\/h2>\n\n\n\n<p>L\u2019attelage hydraulique \u00e0 double verrouillage Whites TOTALTILT est un attelage \u00e0 double verrouillage simple, rapide et positif permettant le changement s\u00fbr et contr\u00f4l\u00e9 des accessoires depuis la s\u00e9curit\u00e9 et le confort de la cabine avec la polyvalence suppl\u00e9mentaire d\u2019une inclinaison de 180 pieds.<\/p>\n\n\n\n<ul class=\"wp-block-list\">\n<li>Centres de goupille variables pour une large gamme d\u2019accessoires OEM<\/li>\n\n\n\n<li>ISO13031 conforme<\/li>\n\n\n\n<li>Aucun entretien requis  <\/li>\n\n\n\n<li>Actionneur HKS \u2013 une qualit\u00e9 reconnue dans le monde entier<\/li>\n\n\n\n<li>Plaques de base en acier \u00e0 haute r\u00e9sistance RAEX  <\/li>\n\n\n\n<li>Cylindre amovible unique et protection de ressort de s\u00e9curit\u00e9  <\/li>\n\n\n\n<li>Kits de raccords hydrauliques sur mesure<\/li>\n\n\n\n<li>Conception compacte &#8211; pas de v\u00e9rins externes<\/li>\n\n\n\n<li>Inclinaison \u00e0 180\u00b0 &#8211; polyvalence maximale<\/li>\n\n\n\n<li>Convient \u00e0 une vari\u00e9t\u00e9 de machines et d\u2019accessoires<\/li>\n<\/ul>\n\n\n\n<div class=\"wp-block-columns is-layout-flex wp-container-core-columns-is-layout-28f84493 wp-block-columns-is-layout-flex\">\n<div class=\"wp-block-column is-layout-flow wp-block-column-is-layout-flow\" style=\"flex-basis:100%\">\n<figure class=\"wp-block-image size-full is-resized\"><img loading=\"lazy\" decoding=\"async\" width=\"626\" height=\"152\" src=\"https:\/\/www.whitesmh.co.uk\/wp-content\/uploads\/Made-in-Britain2.png\" alt=\"\" class=\"wp-image-924\" style=\"width:268px;height:auto\" srcset=\"https:\/\/www.whitesmh.co.uk\/wp-content\/uploads\/Made-in-Britain2.png 626w, https:\/\/www.whitesmh.co.uk\/wp-content\/uploads\/Made-in-Britain2-600x146.png 600w\" sizes=\"auto, (max-width: 626px) 100vw, 626px\" \/><\/figure>\n<\/div>\n<\/div>\n\n\n\n<div class=\"wp-block-buttons is-layout-flex wp-block-buttons-is-layout-flex\">\n<div class=\"wp-block-button\"><a class=\"wp-block-button__link wp-element-button\" href=\"https:\/\/www.whitesmh.co.uk\/fr\/contact\/\">CONTACTEZ-NOUS<\/a><\/div>\n\n\n\n<div class=\"wp-block-button\"><a class=\"wp-block-button__link wp-element-button\" href=\"https:\/\/www.whitesmh.co.uk\/support\/couplers-product-support\/\">SOUTIEN PRODUIT<\/a><\/div>\n\n\n\n<div class=\"wp-block-button\"><a class=\"wp-block-button__link wp-element-button\" href=\"https:\/\/www.whitesmh.co.uk\/wp-content\/uploads\/WMH-Data-Sheet-Totaltilt.pdf\" target=\"_blank\" rel=\"noreferrer noopener\">FICHE<\/a><\/div>\n<\/div>\n<\/div>\n<\/div>\n\n<div class=\"wp-block-group is-layout-constrained wp-block-group-is-layout-constrained\">\n<div class=\"wp-block-group alignfull has-primary-background-color has-background is-layout-flow wp-block-group-is-layout-flow\" style=\"margin-top:30px;margin-bottom:30px;padding-top:var(--wp--preset--spacing--40);padding-right:var(--wp--preset--spacing--40);padding-bottom:var(--wp--preset--spacing--40);padding-left:var(--wp--preset--spacing--40)\">\n<h3 class=\"wp-block-heading alignfull\">MOD\u00c8LE<\/h3>\n<\/div>\n<\/div>\n\n<figure class=\"wp-block-table\"><table><tbody><tr><td class=\"has-text-align-center\" data-align=\"center\"><strong>Num\u00e9ro de pi\u00e8ce<\/strong><\/td><td class=\"has-text-align-center\" data-align=\"center\"><strong>Taille de la machine<\/strong><\/td><\/tr><tr><td class=\"has-text-align-center\" data-align=\"center\">PT01<\/td><td class=\"has-text-align-center\" data-align=\"center\">1,50 T<\/td><\/tr><tr><td class=\"has-text-align-center\" data-align=\"center\">PT03<\/td><td class=\"has-text-align-center\" data-align=\"center\">3,0 dents<\/td><\/tr><tr><td class=\"has-text-align-center\" data-align=\"center\">PT05<\/td><td class=\"has-text-align-center\" data-align=\"center\">4,0 dents<\/td><\/tr><tr><td class=\"has-text-align-center\" data-align=\"center\">PT05<\/td><td class=\"has-text-align-center\" data-align=\"center\">5,50 dents<\/td><\/tr><tr><td class=\"has-text-align-center\" data-align=\"center\">PT07<\/td><td class=\"has-text-align-center\" data-align=\"center\">7,0 T \u00e0 9,0 T<\/td><\/tr><tr><td class=\"has-text-align-center\" data-align=\"center\">PT13<\/td><td class=\"has-text-align-center\" data-align=\"center\">13,0 dents<\/td><\/tr><tr><td class=\"has-text-align-center\" data-align=\"center\">PT20<\/td><td class=\"has-text-align-center\" data-align=\"center\">21,0 dents<\/td><\/tr><\/tbody><\/table><\/figure>\n\n<div class=\"wp-block-group is-layout-flow wp-block-group-is-layout-flow\">\n<div class=\"wp-block-group has-primary-background-color has-background is-layout-flow wp-block-group-is-layout-flow\" style=\"margin-top:30px;margin-bottom:30px;padding-top:var(--wp--preset--spacing--40);padding-right:var(--wp--preset--spacing--40);padding-bottom:var(--wp--preset--spacing--40);padding-left:var(--wp--preset--spacing--40)\">\n<h3 class=\"wp-block-heading\">GALERIE<\/h3>\n<\/div>\n\n\n\n<figure class=\"wp-block-gallery has-nested-images columns-4 is-cropped wp-block-gallery-1 is-layout-flex wp-block-gallery-is-layout-flex\">\n<figure class=\"wp-block-image size-thumbnail\"><a href=\"https:\/\/www.whitesmh.co.uk\/wp-content\/uploads\/IMG_2172-scaled.jpeg\"><img decoding=\"async\" data-id=\"762\" src=\"https:\/\/www.whitesmh.co.uk\/wp-content\/uploads\/IMG_2172-400x400.jpeg\" alt=\"\" class=\"wp-image-762\"\/><\/a><\/figure>\n\n\n\n<figure class=\"wp-block-image size-thumbnail\"><a href=\"https:\/\/www.whitesmh.co.uk\/wp-content\/uploads\/548-scaled.jpg\"><img decoding=\"async\" data-id=\"910\" src=\"https:\/\/www.whitesmh.co.uk\/wp-content\/uploads\/548-400x400.jpg\" alt=\"\" class=\"wp-image-910\"\/><\/a><\/figure>\n\n\n\n<figure class=\"wp-block-image size-thumbnail\"><a href=\"https:\/\/www.whitesmh.co.uk\/wp-content\/uploads\/WhatsApp-Image-2023-10-30-at-21.06.02.jpeg\"><img loading=\"lazy\" decoding=\"async\" width=\"400\" height=\"400\" data-id=\"904\" src=\"https:\/\/www.whitesmh.co.uk\/wp-content\/uploads\/WhatsApp-Image-2023-10-30-at-21.06.02-400x400.jpeg\" alt=\"\" class=\"wp-image-904\" srcset=\"https:\/\/www.whitesmh.co.uk\/wp-content\/uploads\/WhatsApp-Image-2023-10-30-at-21.06.02-400x400.jpeg 400w, https:\/\/www.whitesmh.co.uk\/wp-content\/uploads\/WhatsApp-Image-2023-10-30-at-21.06.02-300x300.jpeg 300w, https:\/\/www.whitesmh.co.uk\/wp-content\/uploads\/WhatsApp-Image-2023-10-30-at-21.06.02-100x100.jpeg 100w\" sizes=\"auto, (max-width: 400px) 100vw, 400px\" \/><\/a><\/figure>\n\n\n\n<figure class=\"wp-block-image size-thumbnail\"><a href=\"https:\/\/www.whitesmh.co.uk\/wp-content\/uploads\/TotalTilt3.jpg\"><img loading=\"lazy\" decoding=\"async\" width=\"400\" height=\"400\" data-id=\"907\" src=\"https:\/\/www.whitesmh.co.uk\/wp-content\/uploads\/TotalTilt3-400x400.jpg\" alt=\"\" class=\"wp-image-907\" srcset=\"https:\/\/www.whitesmh.co.uk\/wp-content\/uploads\/TotalTilt3-400x400.jpg 400w, https:\/\/www.whitesmh.co.uk\/wp-content\/uploads\/TotalTilt3-300x300.jpg 300w, https:\/\/www.whitesmh.co.uk\/wp-content\/uploads\/TotalTilt3-100x100.jpg 100w\" sizes=\"auto, (max-width: 400px) 100vw, 400px\" \/><\/a><\/figure>\n\n\n\n<figure class=\"wp-block-image size-thumbnail\"><a href=\"https:\/\/www.whitesmh.co.uk\/wp-content\/uploads\/IMG_2171-scaled.jpeg\"><img decoding=\"async\" data-id=\"913\" src=\"https:\/\/www.whitesmh.co.uk\/wp-content\/uploads\/IMG_2171-400x400.jpeg\" alt=\"\" class=\"wp-image-913\"\/><\/a><\/figure>\n\n\n\n<figure class=\"wp-block-image size-thumbnail\"><a href=\"https:\/\/www.whitesmh.co.uk\/wp-content\/uploads\/350.jpg\"><img loading=\"lazy\" decoding=\"async\" width=\"400\" height=\"400\" data-id=\"911\" src=\"https:\/\/www.whitesmh.co.uk\/wp-content\/uploads\/350-400x400.jpg\" alt=\"\" class=\"wp-image-911\" srcset=\"https:\/\/www.whitesmh.co.uk\/wp-content\/uploads\/350-400x400.jpg 400w, https:\/\/www.whitesmh.co.uk\/wp-content\/uploads\/350-300x300.jpg 300w, https:\/\/www.whitesmh.co.uk\/wp-content\/uploads\/350-100x100.jpg 100w\" sizes=\"auto, (max-width: 400px) 100vw, 400px\" \/><\/a><\/figure>\n\n\n\n<figure class=\"wp-block-image size-thumbnail\"><a href=\"https:\/\/www.whitesmh.co.uk\/wp-content\/uploads\/WhatsApp-Image-2023-10-30-at-21.06.01.jpeg\"><img loading=\"lazy\" decoding=\"async\" width=\"400\" height=\"400\" data-id=\"906\" src=\"https:\/\/www.whitesmh.co.uk\/wp-content\/uploads\/WhatsApp-Image-2023-10-30-at-21.06.01-400x400.jpeg\" alt=\"\" class=\"wp-image-906\" srcset=\"https:\/\/www.whitesmh.co.uk\/wp-content\/uploads\/WhatsApp-Image-2023-10-30-at-21.06.01-400x400.jpeg 400w, https:\/\/www.whitesmh.co.uk\/wp-content\/uploads\/WhatsApp-Image-2023-10-30-at-21.06.01-300x300.jpeg 300w, https:\/\/www.whitesmh.co.uk\/wp-content\/uploads\/WhatsApp-Image-2023-10-30-at-21.06.01-100x100.jpeg 100w\" sizes=\"auto, (max-width: 400px) 100vw, 400px\" \/><\/a><\/figure>\n\n\n\n<figure class=\"wp-block-image size-thumbnail\"><a href=\"https:\/\/www.whitesmh.co.uk\/wp-content\/uploads\/IMG_1175-scaled.jpeg\"><img decoding=\"async\" data-id=\"912\" src=\"https:\/\/www.whitesmh.co.uk\/wp-content\/uploads\/IMG_1175-400x400.jpeg\" alt=\"\" class=\"wp-image-912\"\/><\/a><\/figure>\n<\/figure>\n<\/div>\n\n<div class=\"wp-block-group has-primary-background-color has-background is-layout-flow wp-block-group-is-layout-flow\" style=\"margin-top:30px;margin-bottom:30px;padding-top:var(--wp--preset--spacing--40);padding-right:var(--wp--preset--spacing--40);padding-bottom:var(--wp--preset--spacing--40);padding-left:var(--wp--preset--spacing--40)\">\n<h3 class=\"wp-block-heading\">VID\u00c9OS<\/h3>\n<\/div>\n\n<figure class=\"wp-block-embed is-type-video is-provider-youtube wp-block-embed-youtube wp-embed-aspect-16-9 wp-has-aspect-ratio\"><div class=\"wp-block-embed__wrapper\">\n<iframe loading=\"lazy\" title=\"Whites Material Handling - TOTALTILT\" width=\"800\" height=\"450\" src=\"https:\/\/www.youtube.com\/embed\/DYaR5KjNLmg?feature=oembed\" frameborder=\"0\" allow=\"accelerometer; autoplay; clipboard-write; encrypted-media; gyroscope; picture-in-picture; web-share\" referrerpolicy=\"strict-origin-when-cross-origin\" allowfullscreen><\/iframe>\n<\/div><\/figure>\n\n<div class=\"wp-block-group is-layout-constrained wp-block-group-is-layout-constrained\">\n<div class=\"wp-block-group alignfull has-primary-background-color has-background is-layout-flow wp-block-group-is-layout-flow\" style=\"margin-top:30px;margin-bottom:30px;padding-top:var(--wp--preset--spacing--40);padding-right:var(--wp--preset--spacing--40);padding-bottom:var(--wp--preset--spacing--40);padding-left:var(--wp--preset--spacing--40)\">\n<h3 class=\"wp-block-heading alignfull\">PRODUITS CONNEXES<\/h3>\n<\/div>\n<\/div>\n\n<div class=\"product-grid flex\">\n\t\t<div class=\"col-25 padBottom\">\n\t\t<a href=\"https:\/\/www.whitesmh.co.uk\/fr\/produit\/coupleurs-manuels-springlock\/\" title=\"Coupleurs manuels Springlock\" class=\"block radius\">\n\t\t\t\t\t\t<div class=\"thumb\">\n\t\t\t\t<img loading=\"lazy\" decoding=\"async\" width=\"400\" height=\"400\" src=\"https:\/\/www.whitesmh.co.uk\/wp-content\/uploads\/PX2M0443-05-Menu-Image-400x400.jpg\" class=\"attachment-thumbnail size-thumbnail wp-post-image\" alt=\"\" srcset=\"https:\/\/www.whitesmh.co.uk\/wp-content\/uploads\/PX2M0443-05-Menu-Image-400x400.jpg 400w, https:\/\/www.whitesmh.co.uk\/wp-content\/uploads\/PX2M0443-05-Menu-Image-300x300.jpg 300w, https:\/\/www.whitesmh.co.uk\/wp-content\/uploads\/PX2M0443-05-Menu-Image-100x100.jpg 100w\" sizes=\"auto, (max-width: 400px) 100vw, 400px\" \/>\t\t\t\t\t\t\t\t\t\n\t\t\t<\/div>\n\t\t\t\t\t\t<div class=\"meta smlPadAll\">\n\t\t\t\t<h4 class=\"no-margin\">Coupleurs manuels Springlock<\/h4>\n\t\t\t\t<span class=\"blue button marTop\">Find out more <i class=\"fa-solid fa-chevron-right\"><\/i><\/span>\n\t\t\t<\/div>\n\t\t<\/a>\n\t<\/div>\n\t\t<div class=\"col-25 padBottom\">\n\t\t<a href=\"https:\/\/www.whitesmh.co.uk\/fr\/produit\/coupleurs-hydrauliques-totalock-2\/\" title=\"Coupleurs hydrauliques Totalock 2\" class=\"block radius\">\n\t\t\t\t\t\t<div class=\"thumb\">\n\t\t\t\t<img loading=\"lazy\" decoding=\"async\" width=\"400\" height=\"400\" src=\"https:\/\/www.whitesmh.co.uk\/wp-content\/uploads\/PY0427-02-400x400.jpg\" class=\"attachment-thumbnail size-thumbnail wp-post-image\" alt=\"\" srcset=\"https:\/\/www.whitesmh.co.uk\/wp-content\/uploads\/PY0427-02-400x400.jpg 400w, https:\/\/www.whitesmh.co.uk\/wp-content\/uploads\/PY0427-02-300x300.jpg 300w, https:\/\/www.whitesmh.co.uk\/wp-content\/uploads\/PY0427-02-100x100.jpg 100w\" sizes=\"auto, (max-width: 400px) 100vw, 400px\" \/>\t\t\t\t\t\t\t\t\t\n\t\t\t<\/div>\n\t\t\t\t\t\t<div class=\"meta smlPadAll\">\n\t\t\t\t<h4 class=\"no-margin\">Coupleurs hydrauliques Totalock 2<\/h4>\n\t\t\t\t<span class=\"blue button marTop\">Find out more <i class=\"fa-solid fa-chevron-right\"><\/i><\/span>\n\t\t\t<\/div>\n\t\t<\/a>\n\t<\/div>\n\t\t<div class=\"col-25 padBottom\">\n\t\t<a href=\"https:\/\/www.whitesmh.co.uk\/fr\/produit\/coupleurs-klac\/\" title=\"Coupleurs Klac\" class=\"block radius\">\n\t\t\t\t\t\t<div class=\"thumb\">\n\t\t\t\t<img loading=\"lazy\" decoding=\"async\" width=\"400\" height=\"400\" src=\"https:\/\/www.whitesmh.co.uk\/wp-content\/uploads\/R0A4886-Cropped-2-2-400x400.jpg\" class=\"attachment-thumbnail size-thumbnail wp-post-image\" alt=\"\" srcset=\"https:\/\/www.whitesmh.co.uk\/wp-content\/uploads\/R0A4886-Cropped-2-2-400x400.jpg 400w, https:\/\/www.whitesmh.co.uk\/wp-content\/uploads\/R0A4886-Cropped-2-2-300x300.jpg 300w, https:\/\/www.whitesmh.co.uk\/wp-content\/uploads\/R0A4886-Cropped-2-2-100x100.jpg 100w\" sizes=\"auto, (max-width: 400px) 100vw, 400px\" \/>\t\t\t\t\t\t\t\t\t\n\t\t\t<\/div>\n\t\t\t\t\t\t<div class=\"meta smlPadAll\">\n\t\t\t\t<h4 class=\"no-margin\">Coupleurs Klac<\/h4>\n\t\t\t\t<span class=\"blue button marTop\">Find out more <i class=\"fa-solid fa-chevron-right\"><\/i><\/span>\n\t\t\t<\/div>\n\t\t<\/a>\n\t<\/div>\n\t\t<div class=\"col-25 padBottom\">\n\t\t<a href=\"https:\/\/www.whitesmh.co.uk\/fr\/produit\/supports-de-marteau\/\" title=\"Supports de marteau\" class=\"block radius\">\n\t\t\t\t\t\t<div class=\"thumb\">\n\t\t\t\t<img loading=\"lazy\" decoding=\"async\" width=\"400\" height=\"400\" src=\"https:\/\/www.whitesmh.co.uk\/wp-content\/uploads\/EZ5025R40-Menu-Image-400x400.jpg\" class=\"attachment-thumbnail size-thumbnail wp-post-image\" alt=\"\" srcset=\"https:\/\/www.whitesmh.co.uk\/wp-content\/uploads\/EZ5025R40-Menu-Image-400x400.jpg 400w, https:\/\/www.whitesmh.co.uk\/wp-content\/uploads\/EZ5025R40-Menu-Image-300x300.jpg 300w, https:\/\/www.whitesmh.co.uk\/wp-content\/uploads\/EZ5025R40-Menu-Image-100x100.jpg 100w\" sizes=\"auto, (max-width: 400px) 100vw, 400px\" \/>\t\t\t\t\t\t\t\t\t\n\t\t\t<\/div>\n\t\t\t\t\t\t<div class=\"meta smlPadAll\">\n\t\t\t\t<h4 class=\"no-margin\">Supports de marteau<\/h4>\n\t\t\t\t<span class=\"blue button marTop\">Find out more <i class=\"fa-solid fa-chevron-right\"><\/i><\/span>\n\t\t\t<\/div>\n\t\t<\/a>\n\t<\/div>\n\t<\/div>\n","protected":false},"excerpt":{"rendered":"<p>COUPLEURS BASCULANTS TOTALTILT L\u2019attelage hydraulique \u00e0 double verrouillage Whites TOTALTILT est un attelage \u00e0 double verrouillage simple, rapide et positif permettant le changement s\u00fbr et contr\u00f4l\u00e9 des accessoires depuis la s\u00e9curit\u00e9 et le confort de la cabine avec la polyvalence suppl\u00e9mentaire d\u2019une inclinaison de 180 pieds. MOD\u00c8LE Num\u00e9ro de pi\u00e8ce Taille de la machine PT01&hellip;<\/p>\n","protected":false},"featured_media":3349,"template":"","meta":{"_acf_changed":false},"product_brand":[],"product_cat":[302],"product_tag":[],"class_list":{"2":"type-product","7":"product","8":"first","9":"instock","10":"taxable","11":"shipping-taxable","12":"product-type-simple"},"acf":[],"_links":{"self":[{"href":"https:\/\/www.whitesmh.co.uk\/fr\/wp-json\/wp\/v2\/product\/4725","targetHints":{"allow":["GET"]}}],"collection":[{"href":"https:\/\/www.whitesmh.co.uk\/fr\/wp-json\/wp\/v2\/product"}],"about":[{"href":"https:\/\/www.whitesmh.co.uk\/fr\/wp-json\/wp\/v2\/types\/product"}],"wp:featuredmedia":[{"embeddable":true,"href":"https:\/\/www.whitesmh.co.uk\/fr\/wp-json\/wp\/v2\/media\/3349"}],"wp:attachment":[{"href":"https:\/\/www.whitesmh.co.uk\/fr\/wp-json\/wp\/v2\/media?parent=4725"}],"wp:term":[{"taxonomy":"product_brand","embeddable":true,"href":"https:\/\/www.whitesmh.co.uk\/fr\/wp-json\/wp\/v2\/product_brand?post=4725"},{"taxonomy":"product_cat","embeddable":true,"href":"https:\/\/www.whitesmh.co.uk\/fr\/wp-json\/wp\/v2\/product_cat?post=4725"},{"taxonomy":"product_tag","embeddable":true,"href":"https:\/\/www.whitesmh.co.uk\/fr\/wp-json\/wp\/v2\/product_tag?post=4725"}],"curies":[{"name":"wp","href":"https:\/\/api.w.org\/{rel}","templated":true}]}}