{"id":4672,"date":"2023-11-21T11:12:58","date_gmt":"2023-11-21T11:12:58","guid":{"rendered":"https:\/\/www.whitesmh.co.uk\/products\/godets-de-construction-gp\/"},"modified":"2024-11-19T11:40:58","modified_gmt":"2024-11-19T11:40:58","slug":"godets-de-construction-gp","status":"publish","type":"product","link":"https:\/\/www.whitesmh.co.uk\/fr\/produit\/godets-de-construction-gp\/","title":{"rendered":"Godets de construction gp"},"content":{"rendered":"\n<div class=\"wp-block-columns is-layout-flex wp-container-core-columns-is-layout-28f84493 wp-block-columns-is-layout-flex\">\n<div class=\"wp-block-column is-layout-flow wp-block-column-is-layout-flow\">\n<h2 class=\"wp-block-heading\" style=\"text-transform:uppercase\">GODETS GP DE CONSTRUCTION<\/h2>\n\n\n\n<p>Le godet WHITES Construction GP est une solution id\u00e9ale pour charger et d\u00e9placer une vari\u00e9t\u00e9 de mat\u00e9riaux autour des chantiers de construction, des chantiers ou des petites exploitations.  <\/p>\n\n\n\n<ul class=\"wp-block-list\">\n<li>Sp\u00e9cifications de construction leaders sur le march\u00e9<\/li>\n\n\n\n<li>Coque interne lamin\u00e9e<\/li>\n\n\n\n<li>Lame de coupe et patins d\u2019usure arri\u00e8re au bore trait\u00e9s thermiquement HB500<\/li>\n\n\n\n<li>Pince coupante lat\u00e9rale en bore HB500<\/li>\n\n\n\n<li>Coussinets de support enveloppants &#8211; r\u00e9partissez les charges uniform\u00e9ment<\/li>\n\n\n\n<li>Raidisseurs de plaques lat\u00e9rales<\/li>\n\n\n\n<li>Goussets internes et renfort de pliage sup\u00e9rieur<\/li>\n\n\n\n<li>Le dessus plat du godet donne un excellent indicateur visuel de niveau<\/li>\n\n\n\n<li>Boulon sur ar\u00eate de coupe r\u00e9versible en option &#8211; HB500<\/li>\n<\/ul>\n\n\n\n<div class=\"wp-block-columns is-layout-flex wp-container-core-columns-is-layout-28f84493 wp-block-columns-is-layout-flex\">\n<div class=\"wp-block-column is-layout-flow wp-block-column-is-layout-flow\" style=\"flex-basis:100%\">\n<figure class=\"wp-block-image size-full is-resized\"><img loading=\"lazy\" decoding=\"async\" width=\"626\" height=\"152\" src=\"https:\/\/www.whitesmh.co.uk\/wp-content\/uploads\/Made-in-Britain2.png\" alt=\"\" class=\"wp-image-924\" style=\"width:268px;height:auto\" srcset=\"https:\/\/www.whitesmh.co.uk\/wp-content\/uploads\/Made-in-Britain2.png 626w, https:\/\/www.whitesmh.co.uk\/wp-content\/uploads\/Made-in-Britain2-600x146.png 600w\" sizes=\"auto, (max-width: 626px) 100vw, 626px\" \/><\/figure>\n<\/div>\n<\/div>\n\n\n\n<div class=\"wp-block-buttons is-layout-flex wp-block-buttons-is-layout-flex\">\n<div class=\"wp-block-button\"><a class=\"wp-block-button__link wp-element-button\" href=\"https:\/\/www.whitesmh.co.uk\/fr\/contact\/\">CONTACTEZ-NOUS<\/a><\/div>\n\n\n\n<div class=\"wp-block-button\"><a class=\"wp-block-button__link wp-element-button\" href=\"https:\/\/www.whitesmh.co.uk\/support\/buckets-product-support\/\">SOUTIEN PRODUIT<\/a><\/div>\n\n\n\n<div class=\"wp-block-button\"><a class=\"wp-block-button__link wp-element-button\" href=\"https:\/\/www.whitesmh.co.uk\/wp-content\/uploads\/WMH-Data-Sheet-Construction-GP-Buckets.pptx\" target=\"_blank\" rel=\"noreferrer noopener\">FICHE<\/a><\/div>\n<\/div>\n<\/div>\n\n\n\n<div class=\"wp-block-column is-vertically-aligned-center is-layout-flow wp-block-column-is-layout-flow\">\n<figure class=\"wp-block-image size-full\"><img loading=\"lazy\" decoding=\"async\" width=\"2000\" height=\"1334\" src=\"https:\/\/www.whitesmh.co.uk\/wp-content\/uploads\/IMG_2387-scaled.jpeg\" alt=\"\" class=\"wp-image-1503\" srcset=\"https:\/\/www.whitesmh.co.uk\/wp-content\/uploads\/IMG_2387-scaled.jpeg 2000w, https:\/\/www.whitesmh.co.uk\/wp-content\/uploads\/IMG_2387-scaled-600x400.jpeg 600w, https:\/\/www.whitesmh.co.uk\/wp-content\/uploads\/IMG_2387-800x533.jpeg 800w, https:\/\/www.whitesmh.co.uk\/wp-content\/uploads\/IMG_2387-768x512.jpeg 768w\" sizes=\"auto, (max-width: 800px) 100vw, 800px\" \/><\/figure>\n<\/div>\n<\/div>\n\n<div class=\"wp-block-group has-primary-background-color has-background is-layout-flow wp-block-group-is-layout-flow\" style=\"margin-top:30px;margin-bottom:30px;padding-top:var(--wp--preset--spacing--40);padding-right:var(--wp--preset--spacing--40);padding-bottom:var(--wp--preset--spacing--40);padding-left:var(--wp--preset--spacing--40)\">\n<h3 class=\"wp-block-heading\">MOD\u00c8LE<\/h3>\n<\/div>\n\n<figure class=\"wp-block-table\"><table><tbody><tr><td class=\"has-text-align-center\" data-align=\"center\"><strong>Mod\u00e8le<\/strong><\/td><td class=\"has-text-align-center\" data-align=\"center\"><strong>Largeur (mm)<\/strong><\/td><td class=\"has-text-align-center\" data-align=\"center\"><strong>Largeur (ft)<\/strong><\/td><td class=\"has-text-align-center\" data-align=\"center\"><strong>Capacit\u00e9<\/strong><\/td><\/tr><tr><td class=\"has-text-align-center\" data-align=\"center\">GP0550<\/td><td class=\"has-text-align-center\" data-align=\"center\">1525mm<\/td><td class=\"has-text-align-center\" data-align=\"center\">5 pieds<\/td><td class=\"has-text-align-center\" data-align=\"center\">0,50 m3<\/td><\/tr><tr><td class=\"has-text-align-center\" data-align=\"center\">GP0660<\/td><td class=\"has-text-align-center\" data-align=\"center\">1830mm<\/td><td class=\"has-text-align-center\" data-align=\"center\">6 pieds<\/td><td class=\"has-text-align-center\" data-align=\"center\">0,60 m3<\/td><\/tr><tr><td class=\"has-text-align-center\" data-align=\"center\">GP1060<\/td><td class=\"has-text-align-center\" data-align=\"center\">1830mm<\/td><td class=\"has-text-align-center\" data-align=\"center\">6 pieds<\/td><td class=\"has-text-align-center\" data-align=\"center\">1,00 m3<\/td><\/tr><tr><td class=\"has-text-align-center\" data-align=\"center\">GP1176<\/td><td class=\"has-text-align-center\" data-align=\"center\">2290mm<\/td><td class=\"has-text-align-center\" data-align=\"center\">7&rsquo;6\u00a0\u00bb<\/td><td class=\"has-text-align-center\" data-align=\"center\">1,10 m3<\/td><\/tr><tr><td class=\"has-text-align-center\" data-align=\"center\">GP1376<\/td><td class=\"has-text-align-center\" data-align=\"center\">2290mm<\/td><td class=\"has-text-align-center\" data-align=\"center\">7&rsquo;6\u00a0\u00bb<\/td><td class=\"has-text-align-center\" data-align=\"center\">1,30 m3<\/td><\/tr><tr><td class=\"has-text-align-center\" data-align=\"center\">GP1576<\/td><td class=\"has-text-align-center\" data-align=\"center\">2290mm<\/td><td class=\"has-text-align-center\" data-align=\"center\">7&rsquo;6\u00a0\u00bb<\/td><td class=\"has-text-align-center\" data-align=\"center\">1,50m3<\/td><\/tr><tr><td class=\"has-text-align-center\" data-align=\"center\">GP1180<\/td><td class=\"has-text-align-center\" data-align=\"center\">2440mm<\/td><td class=\"has-text-align-center\" data-align=\"center\">8 pieds<\/td><td class=\"has-text-align-center\" data-align=\"center\">1,10 m3<\/td><\/tr><tr><td class=\"has-text-align-center\" data-align=\"center\">GP1380<\/td><td class=\"has-text-align-center\" data-align=\"center\">2440mm<\/td><td class=\"has-text-align-center\" data-align=\"center\">8 pieds<\/td><td class=\"has-text-align-center\" data-align=\"center\">1,30 m3<\/td><\/tr><tr><td class=\"has-text-align-center\" data-align=\"center\">GP1580<\/td><td class=\"has-text-align-center\" data-align=\"center\">2440mm<\/td><td class=\"has-text-align-center\" data-align=\"center\">8 pieds<\/td><td class=\"has-text-align-center\" data-align=\"center\">1,50m3<\/td><\/tr><\/tbody><\/table><\/figure>\n\n<div class=\"wp-block-group is-layout-flow wp-block-group-is-layout-flow\">\n<div class=\"wp-block-group has-primary-background-color has-background is-layout-flow wp-block-group-is-layout-flow\" style=\"margin-top:30px;margin-bottom:30px;padding-top:var(--wp--preset--spacing--40);padding-right:var(--wp--preset--spacing--40);padding-bottom:var(--wp--preset--spacing--40);padding-left:var(--wp--preset--spacing--40)\">\n<h3 class=\"wp-block-heading\">GALERIE<\/h3>\n<\/div>\n\n\n\n<figure class=\"wp-block-gallery has-nested-images columns-4 is-cropped wp-block-gallery-1 is-layout-flex wp-block-gallery-is-layout-flex\">\n<figure class=\"wp-block-image size-thumbnail\"><a href=\"https:\/\/www.whitesmh.co.uk\/wp-content\/uploads\/566.jpg\"><img loading=\"lazy\" decoding=\"async\" width=\"400\" height=\"400\" data-id=\"1501\" src=\"https:\/\/www.whitesmh.co.uk\/wp-content\/uploads\/566-400x400.jpg\" alt=\"\" class=\"wp-image-1501\" srcset=\"https:\/\/www.whitesmh.co.uk\/wp-content\/uploads\/566-400x400.jpg 400w, https:\/\/www.whitesmh.co.uk\/wp-content\/uploads\/566-300x300.jpg 300w, https:\/\/www.whitesmh.co.uk\/wp-content\/uploads\/566-100x100.jpg 100w\" sizes=\"auto, (max-width: 400px) 100vw, 400px\" \/><\/a><\/figure>\n\n\n\n<figure class=\"wp-block-image size-thumbnail\"><a href=\"https:\/\/www.whitesmh.co.uk\/wp-content\/uploads\/2222.jpg\"><img loading=\"lazy\" decoding=\"async\" width=\"400\" height=\"400\" data-id=\"1500\" src=\"https:\/\/www.whitesmh.co.uk\/wp-content\/uploads\/2222-400x400.jpg\" alt=\"\" class=\"wp-image-1500\" srcset=\"https:\/\/www.whitesmh.co.uk\/wp-content\/uploads\/2222-400x400.jpg 400w, https:\/\/www.whitesmh.co.uk\/wp-content\/uploads\/2222-300x300.jpg 300w, https:\/\/www.whitesmh.co.uk\/wp-content\/uploads\/2222-100x100.jpg 100w\" sizes=\"auto, (max-width: 400px) 100vw, 400px\" \/><\/a><\/figure>\n\n\n\n<figure class=\"wp-block-image size-thumbnail\"><a href=\"https:\/\/www.whitesmh.co.uk\/wp-content\/uploads\/8547.jpg\"><img loading=\"lazy\" decoding=\"async\" width=\"400\" height=\"400\" data-id=\"1497\" src=\"https:\/\/www.whitesmh.co.uk\/wp-content\/uploads\/8547-400x400.jpg\" alt=\"\" class=\"wp-image-1497\" srcset=\"https:\/\/www.whitesmh.co.uk\/wp-content\/uploads\/8547-400x400.jpg 400w, https:\/\/www.whitesmh.co.uk\/wp-content\/uploads\/8547-300x300.jpg 300w, https:\/\/www.whitesmh.co.uk\/wp-content\/uploads\/8547-100x100.jpg 100w\" sizes=\"auto, (max-width: 400px) 100vw, 400px\" \/><\/a><\/figure>\n\n\n\n<figure class=\"wp-block-image size-thumbnail\"><a href=\"https:\/\/www.whitesmh.co.uk\/wp-content\/uploads\/IMG_2612-scaled.jpg\"><img loading=\"lazy\" decoding=\"async\" width=\"400\" height=\"400\" data-id=\"2469\" src=\"https:\/\/www.whitesmh.co.uk\/wp-content\/uploads\/IMG_2612-400x400.jpg\" alt=\"\" class=\"wp-image-2469\" srcset=\"https:\/\/www.whitesmh.co.uk\/wp-content\/uploads\/IMG_2612-400x400.jpg 400w, https:\/\/www.whitesmh.co.uk\/wp-content\/uploads\/IMG_2612-scaled-300x300.jpg 300w, https:\/\/www.whitesmh.co.uk\/wp-content\/uploads\/IMG_2612-scaled-100x100.jpg 100w\" sizes=\"auto, (max-width: 400px) 100vw, 400px\" \/><\/a><\/figure>\n\n\n\n<figure class=\"wp-block-image size-thumbnail\"><a href=\"https:\/\/www.whitesmh.co.uk\/wp-content\/uploads\/IMG_7141-scaled.jpeg\"><img loading=\"lazy\" decoding=\"async\" width=\"400\" height=\"400\" data-id=\"2714\" src=\"https:\/\/www.whitesmh.co.uk\/wp-content\/uploads\/IMG_7141-400x400.jpeg\" alt=\"\" class=\"wp-image-2714\" srcset=\"https:\/\/www.whitesmh.co.uk\/wp-content\/uploads\/IMG_7141-400x400.jpeg 400w, https:\/\/www.whitesmh.co.uk\/wp-content\/uploads\/IMG_7141-scaled-300x300.jpeg 300w, https:\/\/www.whitesmh.co.uk\/wp-content\/uploads\/IMG_7141-scaled-100x100.jpeg 100w\" sizes=\"auto, (max-width: 400px) 100vw, 400px\" \/><\/a><\/figure>\n\n\n\n<figure class=\"wp-block-image size-thumbnail\"><a href=\"https:\/\/www.whitesmh.co.uk\/wp-content\/uploads\/IMG_6210-scaled.jpg\"><img loading=\"lazy\" decoding=\"async\" width=\"400\" height=\"400\" data-id=\"2280\" src=\"https:\/\/www.whitesmh.co.uk\/wp-content\/uploads\/IMG_6210-400x400.jpg\" alt=\"\" class=\"wp-image-2280\" srcset=\"https:\/\/www.whitesmh.co.uk\/wp-content\/uploads\/IMG_6210-400x400.jpg 400w, https:\/\/www.whitesmh.co.uk\/wp-content\/uploads\/IMG_6210-scaled-300x300.jpg 300w, https:\/\/www.whitesmh.co.uk\/wp-content\/uploads\/IMG_6210-scaled-100x100.jpg 100w\" sizes=\"auto, (max-width: 400px) 100vw, 400px\" \/><\/a><\/figure>\n\n\n\n<figure class=\"wp-block-image size-thumbnail\"><a href=\"https:\/\/www.whitesmh.co.uk\/wp-content\/uploads\/342832351_893945245044109_7340214834555762424_n-1.jpg\"><img loading=\"lazy\" decoding=\"async\" width=\"400\" height=\"400\" data-id=\"2242\" src=\"https:\/\/www.whitesmh.co.uk\/wp-content\/uploads\/342832351_893945245044109_7340214834555762424_n-1-400x400.jpg\" alt=\"\" class=\"wp-image-2242\" srcset=\"https:\/\/www.whitesmh.co.uk\/wp-content\/uploads\/342832351_893945245044109_7340214834555762424_n-1-400x400.jpg 400w, https:\/\/www.whitesmh.co.uk\/wp-content\/uploads\/342832351_893945245044109_7340214834555762424_n-1-300x300.jpg 300w, https:\/\/www.whitesmh.co.uk\/wp-content\/uploads\/342832351_893945245044109_7340214834555762424_n-1-100x100.jpg 100w\" sizes=\"auto, (max-width: 400px) 100vw, 400px\" \/><\/a><\/figure>\n\n\n\n<figure class=\"wp-block-image size-thumbnail\"><a href=\"https:\/\/www.whitesmh.co.uk\/wp-content\/uploads\/6dfee992-b302-4374-b754-51f6fe2cdfed-1.jpg\"><img loading=\"lazy\" decoding=\"async\" width=\"400\" height=\"400\" data-id=\"2241\" src=\"https:\/\/www.whitesmh.co.uk\/wp-content\/uploads\/6dfee992-b302-4374-b754-51f6fe2cdfed-1-400x400.jpg\" alt=\"\" class=\"wp-image-2241\" srcset=\"https:\/\/www.whitesmh.co.uk\/wp-content\/uploads\/6dfee992-b302-4374-b754-51f6fe2cdfed-1-400x400.jpg 400w, https:\/\/www.whitesmh.co.uk\/wp-content\/uploads\/6dfee992-b302-4374-b754-51f6fe2cdfed-1-300x300.jpg 300w, https:\/\/www.whitesmh.co.uk\/wp-content\/uploads\/6dfee992-b302-4374-b754-51f6fe2cdfed-1-100x100.jpg 100w\" sizes=\"auto, (max-width: 400px) 100vw, 400px\" \/><\/a><\/figure>\n<\/figure>\n<\/div>\n\n<div class=\"wp-block-group has-primary-background-color has-background is-layout-flow wp-block-group-is-layout-flow\" style=\"margin-top:30px;margin-bottom:30px;padding-top:var(--wp--preset--spacing--40);padding-right:var(--wp--preset--spacing--40);padding-bottom:var(--wp--preset--spacing--40);padding-left:var(--wp--preset--spacing--40)\">\n<h3 class=\"wp-block-heading\">OPTIONS<\/h3>\n<\/div>\n\n<figure class=\"wp-block-table\"><table><tbody><tr><td class=\"has-text-align-center\" data-align=\"center\"><strong>Num\u00e9ro de pi\u00e8ce<\/strong><\/td><td class=\"has-text-align-center\" data-align=\"center\"><strong>Description<\/strong><\/td><\/tr><tr><td class=\"has-text-align-center\" data-align=\"center\">-SG<\/td><td class=\"has-text-align-center\" data-align=\"center\">Protection anti-d\u00e9versement pleine largeur<\/td><\/tr><tr><td class=\"has-text-align-center\" data-align=\"center\">-DB<\/td><td class=\"has-text-align-center\" data-align=\"center\">Plaque d\u2019orteil r\u00e9versible boulonn\u00e9e<\/td><\/tr><tr><td class=\"has-text-align-center\" data-align=\"center\">-FP<\/td><td class=\"has-text-align-center\" data-align=\"center\">Passages de fourche \u00e0 palettes<\/td><\/tr><\/tbody><\/table><\/figure>\n\n<p><\/p>\n\n<div class=\"wp-block-group is-layout-constrained wp-block-group-is-layout-constrained\">\n<figure class=\"wp-block-gallery alignfull has-nested-images columns-4 is-cropped wp-block-gallery-2 is-layout-flex wp-block-gallery-is-layout-flex\">\n<figure class=\"wp-block-image size-thumbnail\"><a href=\"https:\/\/www.whitesmh.co.uk\/wp-content\/uploads\/Untitled-5.jpg\"><img loading=\"lazy\" decoding=\"async\" width=\"400\" height=\"400\" data-id=\"2700\" src=\"https:\/\/www.whitesmh.co.uk\/wp-content\/uploads\/Untitled-5-400x400.jpg\" alt=\"\" class=\"wp-image-2700\" srcset=\"https:\/\/www.whitesmh.co.uk\/wp-content\/uploads\/Untitled-5-400x400.jpg 400w, https:\/\/www.whitesmh.co.uk\/wp-content\/uploads\/Untitled-5-300x300.jpg 300w, https:\/\/www.whitesmh.co.uk\/wp-content\/uploads\/Untitled-5-100x100.jpg 100w\" sizes=\"auto, (max-width: 400px) 100vw, 400px\" \/><\/a><figcaption class=\"wp-element-caption\">Protection contre les d\u00e9versements<\/figcaption><\/figure>\n\n\n\n<figure class=\"wp-block-image size-thumbnail\"><a href=\"https:\/\/www.whitesmh.co.uk\/wp-content\/uploads\/IMG_8957-scaled.jpeg\"><img loading=\"lazy\" decoding=\"async\" width=\"400\" height=\"400\" data-id=\"2699\" src=\"https:\/\/www.whitesmh.co.uk\/wp-content\/uploads\/IMG_8957-400x400.jpeg\" alt=\"\" class=\"wp-image-2699\" srcset=\"https:\/\/www.whitesmh.co.uk\/wp-content\/uploads\/IMG_8957-400x400.jpeg 400w, https:\/\/www.whitesmh.co.uk\/wp-content\/uploads\/IMG_8957-scaled-300x300.jpeg 300w, https:\/\/www.whitesmh.co.uk\/wp-content\/uploads\/IMG_8957-scaled-100x100.jpeg 100w\" sizes=\"auto, (max-width: 400px) 100vw, 400px\" \/><\/a><figcaption class=\"wp-element-caption\">Plaque d\u2019orteil r\u00e9versible boulonn\u00e9e<\/figcaption><\/figure>\n\n\n\n<figure class=\"wp-block-image size-thumbnail\"><a href=\"https:\/\/www.whitesmh.co.uk\/wp-content\/uploads\/b42fa954-531e-4ce2-adb3-2781dd1beda6.jpeg\"><img loading=\"lazy\" decoding=\"async\" width=\"400\" height=\"400\" data-id=\"2899\" src=\"https:\/\/www.whitesmh.co.uk\/wp-content\/uploads\/b42fa954-531e-4ce2-adb3-2781dd1beda6-400x400.jpeg\" alt=\"\" class=\"wp-image-2899\" srcset=\"https:\/\/www.whitesmh.co.uk\/wp-content\/uploads\/b42fa954-531e-4ce2-adb3-2781dd1beda6-400x400.jpeg 400w, https:\/\/www.whitesmh.co.uk\/wp-content\/uploads\/b42fa954-531e-4ce2-adb3-2781dd1beda6-300x300.jpeg 300w, https:\/\/www.whitesmh.co.uk\/wp-content\/uploads\/b42fa954-531e-4ce2-adb3-2781dd1beda6-100x100.jpeg 100w\" sizes=\"auto, (max-width: 400px) 100vw, 400px\" \/><\/a><figcaption class=\"wp-element-caption\">Passages de fourche<\/figcaption><\/figure>\n\n\n\n<figure class=\"wp-block-image size-thumbnail\"><a href=\"https:\/\/www.whitesmh.co.uk\/wp-content\/uploads\/65d68d5b-170a-4db2-97c0-74e5886aa604.jpeg\"><img loading=\"lazy\" decoding=\"async\" width=\"400\" height=\"400\" data-id=\"2898\" src=\"https:\/\/www.whitesmh.co.uk\/wp-content\/uploads\/65d68d5b-170a-4db2-97c0-74e5886aa604-400x400.jpeg\" alt=\"\" class=\"wp-image-2898\" srcset=\"https:\/\/www.whitesmh.co.uk\/wp-content\/uploads\/65d68d5b-170a-4db2-97c0-74e5886aa604-400x400.jpeg 400w, https:\/\/www.whitesmh.co.uk\/wp-content\/uploads\/65d68d5b-170a-4db2-97c0-74e5886aa604-300x300.jpeg 300w, https:\/\/www.whitesmh.co.uk\/wp-content\/uploads\/65d68d5b-170a-4db2-97c0-74e5886aa604-100x100.jpeg 100w\" sizes=\"auto, (max-width: 400px) 100vw, 400px\" \/><\/a><figcaption class=\"wp-element-caption\">Passages de fourche<\/figcaption><\/figure>\n<\/figure>\n<\/div>\n","protected":false},"excerpt":{"rendered":"<p>GODETS GP DE CONSTRUCTION Le godet WHITES Construction GP est une solution id\u00e9ale pour charger et d\u00e9placer une vari\u00e9t\u00e9 de mat\u00e9riaux autour des chantiers de construction, des chantiers ou des petites exploitations. MOD\u00c8LE Mod\u00e8le Largeur (mm) Largeur (ft) Capacit\u00e9 GP0550 1525mm 5 pieds 0,50 m3 GP0660 1830mm 6 pieds 0,60 m3 GP1060 1830mm 6 pieds&hellip;<\/p>\n","protected":false},"featured_media":3742,"template":"","meta":{"_acf_changed":false},"product_brand":[],"product_cat":[303],"product_tag":[],"class_list":{"2":"type-product","7":"product","8":"first","9":"instock","10":"taxable","11":"shipping-taxable","12":"product-type-simple"},"acf":[],"_links":{"self":[{"href":"https:\/\/www.whitesmh.co.uk\/fr\/wp-json\/wp\/v2\/product\/4672","targetHints":{"allow":["GET"]}}],"collection":[{"href":"https:\/\/www.whitesmh.co.uk\/fr\/wp-json\/wp\/v2\/product"}],"about":[{"href":"https:\/\/www.whitesmh.co.uk\/fr\/wp-json\/wp\/v2\/types\/product"}],"wp:featuredmedia":[{"embeddable":true,"href":"https:\/\/www.whitesmh.co.uk\/fr\/wp-json\/wp\/v2\/media\/3742"}],"wp:attachment":[{"href":"https:\/\/www.whitesmh.co.uk\/fr\/wp-json\/wp\/v2\/media?parent=4672"}],"wp:term":[{"taxonomy":"product_brand","embeddable":true,"href":"https:\/\/www.whitesmh.co.uk\/fr\/wp-json\/wp\/v2\/product_brand?post=4672"},{"taxonomy":"product_cat","embeddable":true,"href":"https:\/\/www.whitesmh.co.uk\/fr\/wp-json\/wp\/v2\/product_cat?post=4672"},{"taxonomy":"product_tag","embeddable":true,"href":"https:\/\/www.whitesmh.co.uk\/fr\/wp-json\/wp\/v2\/product_tag?post=4672"}],"curies":[{"name":"wp","href":"https:\/\/api.w.org\/{rel}","templated":true}]}}