{"id":4667,"date":"2023-11-28T10:55:00","date_gmt":"2023-11-28T10:55:00","guid":{"rendered":"https:\/\/www.whitesmh.co.uk\/products\/coupleurs-hydrauliques-totalock-2\/"},"modified":"2024-11-19T11:46:25","modified_gmt":"2024-11-19T11:46:25","slug":"coupleurs-hydrauliques-totalock-2","status":"publish","type":"product","link":"https:\/\/www.whitesmh.co.uk\/fr\/produit\/coupleurs-hydrauliques-totalock-2\/","title":{"rendered":"Coupleurs hydrauliques Totalock 2"},"content":{"rendered":"\n<div class=\"wp-block-columns is-layout-flex wp-container-core-columns-is-layout-28f84493 wp-block-columns-is-layout-flex\">\n<div class=\"wp-block-column is-vertically-aligned-center is-layout-flow wp-block-column-is-layout-flow\">\n<figure class=\"wp-block-image size-large\"><img loading=\"lazy\" decoding=\"async\" width=\"1400\" height=\"1050\" src=\"https:\/\/www.whitesmh.co.uk\/wp-content\/uploads\/347807352_1853393705024188_4529442118482992565_n-edited-1400x1050.jpg\" alt=\"\" class=\"wp-image-1710\" srcset=\"https:\/\/www.whitesmh.co.uk\/wp-content\/uploads\/347807352_1853393705024188_4529442118482992565_n-edited-1400x1050.jpg 1400w, https:\/\/www.whitesmh.co.uk\/wp-content\/uploads\/347807352_1853393705024188_4529442118482992565_n-edited-600x450.jpg 600w, https:\/\/www.whitesmh.co.uk\/wp-content\/uploads\/347807352_1853393705024188_4529442118482992565_n-edited-800x600.jpg 800w, https:\/\/www.whitesmh.co.uk\/wp-content\/uploads\/347807352_1853393705024188_4529442118482992565_n-edited-768x576.jpg 768w\" sizes=\"auto, (max-width: 800px) 100vw, 800px\" \/><\/figure>\n<\/div>\n\n\n\n<div class=\"wp-block-column is-layout-flow wp-block-column-is-layout-flow\">\n<h2 class=\"wp-block-heading\" style=\"text-transform:uppercase\">COUPLEURS HYDRAULIQUES TOTALOCK 2<\/h2>\n\n\n\n<p>Le TOTALOCK 2 offre une solution d\u2019ing\u00e9nierie simple et efficace aux probl\u00e8mes obscurs de s\u00e9curit\u00e9 des coupleurs et constitue une option de premier choix pour les principales lignes de production des \u00e9quipementiers.<\/p>\n\n\n\n<ul class=\"wp-block-list\">\n<li>Centres de goupille variables pour une large gamme d\u2019accessoires OEM<\/li>\n\n\n\n<li>Garantie de 3 ans<\/li>\n\n\n\n<li>ISO13031 conforme<\/li>\n\n\n\n<li>Aucun entretien requis  <\/li>\n\n\n\n<li>Conception compacte pour maximiser les sch\u00e9mas de la machine  <\/li>\n\n\n\n<li>Plaques de base en acier \u00e0 haute r\u00e9sistance RAEX  <\/li>\n\n\n\n<li>Protections uniques pour cylindre et ressort de s\u00e9curit\u00e9 amovibles<\/li>\n\n\n\n<li>Anneaux de levage certifi\u00e9s int\u00e9gr\u00e9s<\/li>\n\n\n\n<li>Kits de raccords hydrauliques sur mesure disponibles<\/li>\n\n\n\n<li>Compatible en mode face\/marche arri\u00e8re<\/li>\n<\/ul>\n\n\n\n<div class=\"wp-block-columns is-layout-flex wp-container-core-columns-is-layout-28f84493 wp-block-columns-is-layout-flex\">\n<div class=\"wp-block-column is-layout-flow wp-block-column-is-layout-flow\" style=\"flex-basis:100%\">\n<figure class=\"wp-block-image size-full is-resized\"><img loading=\"lazy\" decoding=\"async\" width=\"626\" height=\"152\" src=\"https:\/\/www.whitesmh.co.uk\/wp-content\/uploads\/Made-in-Britain2.png\" alt=\"\" class=\"wp-image-924\" style=\"width:268px;height:auto\" srcset=\"https:\/\/www.whitesmh.co.uk\/wp-content\/uploads\/Made-in-Britain2.png 626w, https:\/\/www.whitesmh.co.uk\/wp-content\/uploads\/Made-in-Britain2-600x146.png 600w\" sizes=\"auto, (max-width: 626px) 100vw, 626px\" \/><\/figure>\n<\/div>\n<\/div>\n\n\n\n<div class=\"wp-block-buttons is-layout-flex wp-block-buttons-is-layout-flex\">\n<div class=\"wp-block-button\"><a class=\"wp-block-button__link wp-element-button\" href=\"https:\/\/www.whitesmh.co.uk\/fr\/contact\/\">CONTACTEZ-NOUS<\/a><\/div>\n\n\n\n<div class=\"wp-block-button\"><a class=\"wp-block-button__link wp-element-button\" href=\"https:\/\/www.whitesmh.co.uk\/fr\/support\/coupleurs\/\">SOUTIEN PRODUIT<\/a><\/div>\n\n\n\n<div class=\"wp-block-button\"><a class=\"wp-block-button__link wp-element-button\" href=\"https:\/\/www.whitesmh.co.uk\/wp-content\/uploads\/WMH-Data-Sheet-Totalock-2.pptx\" target=\"_blank\" rel=\"noreferrer noopener\">FICHE<\/a><\/div>\n<\/div>\n<\/div>\n<\/div>\n\n<div class=\"wp-block-group is-layout-constrained wp-block-group-is-layout-constrained\">\n<div class=\"wp-block-group alignfull has-primary-background-color has-background is-layout-flow wp-block-group-is-layout-flow\" style=\"margin-top:30px;margin-bottom:30px;padding-top:var(--wp--preset--spacing--40);padding-right:var(--wp--preset--spacing--40);padding-bottom:var(--wp--preset--spacing--40);padding-left:var(--wp--preset--spacing--40)\">\n<h3 class=\"wp-block-heading\">MOD\u00c8LE<\/h3>\n<\/div>\n<\/div>\n\n<figure class=\"wp-block-table\"><table><tbody><tr><td class=\"has-text-align-center\" data-align=\"center\"><strong>Num\u00e9ro de pi\u00e8ce<\/strong><\/td><td class=\"has-text-align-center\" data-align=\"center\"><strong>Taille de la machine<\/strong><\/td><\/tr><tr><td class=\"has-text-align-center\" data-align=\"center\">PY01<\/td><td class=\"has-text-align-center\" data-align=\"center\">0,75 T<\/td><\/tr><tr><td class=\"has-text-align-center\" data-align=\"center\">PY01<\/td><td class=\"has-text-align-center\" data-align=\"center\">1,50 T<\/td><\/tr><tr><td class=\"has-text-align-center\" data-align=\"center\">PY3T<\/td><td class=\"has-text-align-center\" data-align=\"center\">3,0 dents<\/td><\/tr><tr><td class=\"has-text-align-center\" data-align=\"center\">PY4T<\/td><td class=\"has-text-align-center\" data-align=\"center\">4,0 dents<\/td><\/tr><tr><td class=\"has-text-align-center\" data-align=\"center\">PY4T<\/td><td class=\"has-text-align-center\" data-align=\"center\">5,50 dents<\/td><\/tr><tr><td class=\"has-text-align-center\" data-align=\"center\">PXYT6<\/td><td class=\"has-text-align-center\" data-align=\"center\">7,0 T \u00e0 9,0 T<\/td><\/tr><tr><td class=\"has-text-align-center\" data-align=\"center\">PY13T<\/td><td class=\"has-text-align-center\" data-align=\"center\">13,0 dents<\/td><\/tr><tr><td class=\"has-text-align-center\" data-align=\"center\">PY21T<\/td><td class=\"has-text-align-center\" data-align=\"center\">21,0 dents<\/td><\/tr><\/tbody><\/table><\/figure>\n\n<div class=\"wp-block-group is-layout-flow wp-block-group-is-layout-flow\">\n<div class=\"wp-block-group has-primary-background-color has-background is-layout-flow wp-block-group-is-layout-flow\" style=\"margin-top:30px;margin-bottom:30px;padding-top:var(--wp--preset--spacing--40);padding-right:var(--wp--preset--spacing--40);padding-bottom:var(--wp--preset--spacing--40);padding-left:var(--wp--preset--spacing--40)\">\n<h3 class=\"wp-block-heading\">GALERIE<\/h3>\n<\/div>\n\n\n\n<figure class=\"wp-block-gallery has-nested-images columns-4 is-cropped wp-block-gallery-1 is-layout-flex wp-block-gallery-is-layout-flex\">\n<figure class=\"wp-block-image size-thumbnail\"><a href=\"https:\/\/www.whitesmh.co.uk\/wp-content\/uploads\/IMG_2184-1-scaled.jpeg\"><img decoding=\"async\" data-id=\"970\" src=\"https:\/\/www.whitesmh.co.uk\/wp-content\/uploads\/IMG_2184-1-400x400.jpeg\" alt=\"\" class=\"wp-image-970\"\/><\/a><\/figure>\n\n\n\n<figure class=\"wp-block-image size-thumbnail\"><a href=\"https:\/\/www.whitesmh.co.uk\/wp-content\/uploads\/TOTALOCK2-3.jpg\"><img loading=\"lazy\" decoding=\"async\" width=\"400\" height=\"400\" data-id=\"951\" src=\"https:\/\/www.whitesmh.co.uk\/wp-content\/uploads\/TOTALOCK2-3-400x400.jpg\" alt=\"\" class=\"wp-image-951\" srcset=\"https:\/\/www.whitesmh.co.uk\/wp-content\/uploads\/TOTALOCK2-3-400x400.jpg 400w, https:\/\/www.whitesmh.co.uk\/wp-content\/uploads\/TOTALOCK2-3-300x300.jpg 300w, https:\/\/www.whitesmh.co.uk\/wp-content\/uploads\/TOTALOCK2-3-100x100.jpg 100w\" sizes=\"auto, (max-width: 400px) 100vw, 400px\" \/><\/a><\/figure>\n\n\n\n<figure class=\"wp-block-image size-thumbnail\"><a href=\"https:\/\/www.whitesmh.co.uk\/wp-content\/uploads\/TOTALOCK-2.jpg\"><img loading=\"lazy\" decoding=\"async\" width=\"400\" height=\"400\" data-id=\"950\" src=\"https:\/\/www.whitesmh.co.uk\/wp-content\/uploads\/TOTALOCK-2-400x400.jpg\" alt=\"\" class=\"wp-image-950\" srcset=\"https:\/\/www.whitesmh.co.uk\/wp-content\/uploads\/TOTALOCK-2-400x400.jpg 400w, https:\/\/www.whitesmh.co.uk\/wp-content\/uploads\/TOTALOCK-2-300x300.jpg 300w, https:\/\/www.whitesmh.co.uk\/wp-content\/uploads\/TOTALOCK-2-100x100.jpg 100w\" sizes=\"auto, (max-width: 400px) 100vw, 400px\" \/><\/a><\/figure>\n\n\n\n<figure class=\"wp-block-image size-thumbnail\"><a href=\"https:\/\/www.whitesmh.co.uk\/wp-content\/uploads\/IMG_2155-scaled.jpeg\"><img decoding=\"async\" data-id=\"961\" src=\"https:\/\/www.whitesmh.co.uk\/wp-content\/uploads\/IMG_2155-400x400.jpeg\" alt=\"\" class=\"wp-image-961\"\/><\/a><\/figure>\n\n\n\n<figure class=\"wp-block-image size-thumbnail\"><a href=\"https:\/\/www.whitesmh.co.uk\/wp-content\/uploads\/3f205d49-e09c-46a1-8d55-c8b149f1e1b5.jpeg\"><img loading=\"lazy\" decoding=\"async\" width=\"400\" height=\"400\" data-id=\"1858\" src=\"https:\/\/www.whitesmh.co.uk\/wp-content\/uploads\/3f205d49-e09c-46a1-8d55-c8b149f1e1b5-400x400.jpeg\" alt=\"\" class=\"wp-image-1858\" srcset=\"https:\/\/www.whitesmh.co.uk\/wp-content\/uploads\/3f205d49-e09c-46a1-8d55-c8b149f1e1b5-400x400.jpeg 400w, https:\/\/www.whitesmh.co.uk\/wp-content\/uploads\/3f205d49-e09c-46a1-8d55-c8b149f1e1b5-300x300.jpeg 300w, https:\/\/www.whitesmh.co.uk\/wp-content\/uploads\/3f205d49-e09c-46a1-8d55-c8b149f1e1b5-100x100.jpeg 100w\" sizes=\"auto, (max-width: 400px) 100vw, 400px\" \/><\/a><\/figure>\n\n\n\n<figure class=\"wp-block-image size-thumbnail\"><a href=\"https:\/\/www.whitesmh.co.uk\/wp-content\/uploads\/563.jpg\"><img loading=\"lazy\" decoding=\"async\" width=\"400\" height=\"400\" data-id=\"945\" src=\"https:\/\/www.whitesmh.co.uk\/wp-content\/uploads\/563-400x400.jpg\" alt=\"\" class=\"wp-image-945\" srcset=\"https:\/\/www.whitesmh.co.uk\/wp-content\/uploads\/563-400x400.jpg 400w, https:\/\/www.whitesmh.co.uk\/wp-content\/uploads\/563-300x300.jpg 300w, https:\/\/www.whitesmh.co.uk\/wp-content\/uploads\/563-100x100.jpg 100w\" sizes=\"auto, (max-width: 400px) 100vw, 400px\" \/><\/a><\/figure>\n\n\n\n<figure class=\"wp-block-image size-thumbnail\"><a href=\"https:\/\/www.whitesmh.co.uk\/wp-content\/uploads\/IMG_4905.jpeg\"><img loading=\"lazy\" decoding=\"async\" width=\"400\" height=\"400\" data-id=\"948\" src=\"https:\/\/www.whitesmh.co.uk\/wp-content\/uploads\/IMG_4905-400x400.jpeg\" alt=\"\" class=\"wp-image-948\" srcset=\"https:\/\/www.whitesmh.co.uk\/wp-content\/uploads\/IMG_4905-400x400.jpeg 400w, https:\/\/www.whitesmh.co.uk\/wp-content\/uploads\/IMG_4905-300x300.jpeg 300w, https:\/\/www.whitesmh.co.uk\/wp-content\/uploads\/IMG_4905-100x100.jpeg 100w\" sizes=\"auto, (max-width: 400px) 100vw, 400px\" \/><\/a><\/figure>\n\n\n\n<figure class=\"wp-block-image size-thumbnail\"><a href=\"https:\/\/www.whitesmh.co.uk\/wp-content\/uploads\/20231107_110935-scaled.jpg\"><img decoding=\"async\" data-id=\"947\" src=\"https:\/\/www.whitesmh.co.uk\/wp-content\/uploads\/20231107_110935-400x400.jpg\" alt=\"\" class=\"wp-image-947\"\/><\/a><\/figure>\n<\/figure>\n<\/div>\n\n<div class=\"wp-block-group has-primary-background-color has-background is-layout-flow wp-block-group-is-layout-flow\" style=\"margin-top:30px;margin-bottom:30px;padding-top:var(--wp--preset--spacing--40);padding-right:var(--wp--preset--spacing--40);padding-bottom:var(--wp--preset--spacing--40);padding-left:var(--wp--preset--spacing--40)\">\n<h3 class=\"wp-block-heading\">VID\u00c9OS<\/h3>\n<\/div>\n\n<figure class=\"wp-block-embed is-type-video is-provider-youtube wp-block-embed-youtube wp-embed-aspect-16-9 wp-has-aspect-ratio\"><div class=\"wp-block-embed__wrapper\">\n<iframe loading=\"lazy\" title=\"Whites Material Handling - Totalock 2 Hydraulic Coupler\" width=\"800\" height=\"450\" src=\"https:\/\/www.youtube.com\/embed\/GlAdqCLas2E?feature=oembed\" frameborder=\"0\" allow=\"accelerometer; autoplay; clipboard-write; encrypted-media; gyroscope; picture-in-picture; web-share\" referrerpolicy=\"strict-origin-when-cross-origin\" allowfullscreen><\/iframe>\n<\/div><\/figure>\n\n<div class=\"wp-block-group is-layout-constrained wp-block-group-is-layout-constrained\">\n<div class=\"wp-block-group alignfull has-primary-background-color has-background is-layout-flow wp-block-group-is-layout-flow\" style=\"margin-top:30px;margin-bottom:30px;padding-top:var(--wp--preset--spacing--40);padding-right:var(--wp--preset--spacing--40);padding-bottom:var(--wp--preset--spacing--40);padding-left:var(--wp--preset--spacing--40)\">\n<h3 class=\"wp-block-heading\">PRODUITS CONNEXES<\/h3>\n<\/div>\n<\/div>\n\n<div class=\"product-grid flex\">\n\t\t<div class=\"col-25 padBottom\">\n\t\t<a href=\"https:\/\/www.whitesmh.co.uk\/fr\/produit\/coupleurs-manuels-springlock\/\" title=\"Coupleurs manuels Springlock\" class=\"block radius\">\n\t\t\t\t\t\t<div class=\"thumb\">\n\t\t\t\t<img loading=\"lazy\" decoding=\"async\" width=\"400\" height=\"400\" src=\"https:\/\/www.whitesmh.co.uk\/wp-content\/uploads\/PX2M0443-05-Menu-Image-400x400.jpg\" class=\"attachment-thumbnail size-thumbnail wp-post-image\" alt=\"\" srcset=\"https:\/\/www.whitesmh.co.uk\/wp-content\/uploads\/PX2M0443-05-Menu-Image-400x400.jpg 400w, https:\/\/www.whitesmh.co.uk\/wp-content\/uploads\/PX2M0443-05-Menu-Image-300x300.jpg 300w, https:\/\/www.whitesmh.co.uk\/wp-content\/uploads\/PX2M0443-05-Menu-Image-100x100.jpg 100w\" sizes=\"auto, (max-width: 400px) 100vw, 400px\" \/>\t\t\t\t\t\t\t\t\t\n\t\t\t<\/div>\n\t\t\t\t\t\t<div class=\"meta smlPadAll\">\n\t\t\t\t<h4 class=\"no-margin\">Coupleurs manuels Springlock<\/h4>\n\t\t\t\t<span class=\"blue button marTop\">Find out more <i class=\"fa-solid fa-chevron-right\"><\/i><\/span>\n\t\t\t<\/div>\n\t\t<\/a>\n\t<\/div>\n\t\t<div class=\"col-25 padBottom\">\n\t\t<a href=\"https:\/\/www.whitesmh.co.uk\/fr\/produit\/coupleurs-basculants-totaltilt\/\" title=\"Coupleurs basculants Totaltilt\" class=\"block radius\">\n\t\t\t\t\t\t<div class=\"thumb\">\n\t\t\t\t<img loading=\"lazy\" decoding=\"async\" width=\"400\" height=\"400\" src=\"https:\/\/www.whitesmh.co.uk\/wp-content\/uploads\/Totatilt-PT0480-01-400x400.jpg\" class=\"attachment-thumbnail size-thumbnail wp-post-image\" alt=\"\" srcset=\"https:\/\/www.whitesmh.co.uk\/wp-content\/uploads\/Totatilt-PT0480-01-400x400.jpg 400w, https:\/\/www.whitesmh.co.uk\/wp-content\/uploads\/Totatilt-PT0480-01-300x300.jpg 300w, https:\/\/www.whitesmh.co.uk\/wp-content\/uploads\/Totatilt-PT0480-01-100x100.jpg 100w\" sizes=\"auto, (max-width: 400px) 100vw, 400px\" \/>\t\t\t\t\t\t\t\t\t\n\t\t\t<\/div>\n\t\t\t\t\t\t<div class=\"meta smlPadAll\">\n\t\t\t\t<h4 class=\"no-margin\">Coupleurs basculants Totaltilt<\/h4>\n\t\t\t\t<span class=\"blue button marTop\">Find out more <i class=\"fa-solid fa-chevron-right\"><\/i><\/span>\n\t\t\t<\/div>\n\t\t<\/a>\n\t<\/div>\n\t\t<div class=\"col-25 padBottom\">\n\t\t<a href=\"https:\/\/www.whitesmh.co.uk\/fr\/produit\/coupleurs-klac\/\" title=\"Coupleurs Klac\" class=\"block radius\">\n\t\t\t\t\t\t<div class=\"thumb\">\n\t\t\t\t<img loading=\"lazy\" decoding=\"async\" width=\"400\" height=\"400\" src=\"https:\/\/www.whitesmh.co.uk\/wp-content\/uploads\/R0A4886-Cropped-2-2-400x400.jpg\" class=\"attachment-thumbnail size-thumbnail wp-post-image\" alt=\"\" srcset=\"https:\/\/www.whitesmh.co.uk\/wp-content\/uploads\/R0A4886-Cropped-2-2-400x400.jpg 400w, https:\/\/www.whitesmh.co.uk\/wp-content\/uploads\/R0A4886-Cropped-2-2-300x300.jpg 300w, https:\/\/www.whitesmh.co.uk\/wp-content\/uploads\/R0A4886-Cropped-2-2-100x100.jpg 100w\" sizes=\"auto, (max-width: 400px) 100vw, 400px\" \/>\t\t\t\t\t\t\t\t\t\n\t\t\t<\/div>\n\t\t\t\t\t\t<div class=\"meta smlPadAll\">\n\t\t\t\t<h4 class=\"no-margin\">Coupleurs Klac<\/h4>\n\t\t\t\t<span class=\"blue button marTop\">Find out more <i class=\"fa-solid fa-chevron-right\"><\/i><\/span>\n\t\t\t<\/div>\n\t\t<\/a>\n\t<\/div>\n\t\t<div class=\"col-25 padBottom\">\n\t\t<a href=\"https:\/\/www.whitesmh.co.uk\/fr\/produit\/supports-de-marteau\/\" title=\"Supports de marteau\" class=\"block radius\">\n\t\t\t\t\t\t<div class=\"thumb\">\n\t\t\t\t<img loading=\"lazy\" decoding=\"async\" width=\"400\" height=\"400\" src=\"https:\/\/www.whitesmh.co.uk\/wp-content\/uploads\/EZ5025R40-Menu-Image-400x400.jpg\" class=\"attachment-thumbnail size-thumbnail wp-post-image\" alt=\"\" srcset=\"https:\/\/www.whitesmh.co.uk\/wp-content\/uploads\/EZ5025R40-Menu-Image-400x400.jpg 400w, https:\/\/www.whitesmh.co.uk\/wp-content\/uploads\/EZ5025R40-Menu-Image-300x300.jpg 300w, https:\/\/www.whitesmh.co.uk\/wp-content\/uploads\/EZ5025R40-Menu-Image-100x100.jpg 100w\" sizes=\"auto, (max-width: 400px) 100vw, 400px\" \/>\t\t\t\t\t\t\t\t\t\n\t\t\t<\/div>\n\t\t\t\t\t\t<div class=\"meta smlPadAll\">\n\t\t\t\t<h4 class=\"no-margin\">Supports de marteau<\/h4>\n\t\t\t\t<span class=\"blue button marTop\">Find out more <i class=\"fa-solid fa-chevron-right\"><\/i><\/span>\n\t\t\t<\/div>\n\t\t<\/a>\n\t<\/div>\n\t<\/div>\n","protected":false},"excerpt":{"rendered":"<p>COUPLEURS HYDRAULIQUES TOTALOCK 2 Le TOTALOCK 2 offre une solution d\u2019ing\u00e9nierie simple et efficace aux probl\u00e8mes obscurs de s\u00e9curit\u00e9 des coupleurs et constitue une option de premier choix pour les principales lignes de production des \u00e9quipementiers. MOD\u00c8LE Num\u00e9ro de pi\u00e8ce Taille de la machine PY01 0,75 T PY01 1,50 T PY3T 3,0 dents PY4T 4,0&hellip;<\/p>\n","protected":false},"featured_media":11610,"template":"","meta":{"_acf_changed":false},"product_brand":[],"product_cat":[302],"product_tag":[],"class_list":{"2":"type-product","7":"product","8":"first","9":"instock","10":"taxable","11":"shipping-taxable","12":"product-type-simple"},"acf":[],"_links":{"self":[{"href":"https:\/\/www.whitesmh.co.uk\/fr\/wp-json\/wp\/v2\/product\/4667","targetHints":{"allow":["GET"]}}],"collection":[{"href":"https:\/\/www.whitesmh.co.uk\/fr\/wp-json\/wp\/v2\/product"}],"about":[{"href":"https:\/\/www.whitesmh.co.uk\/fr\/wp-json\/wp\/v2\/types\/product"}],"wp:featuredmedia":[{"embeddable":true,"href":"https:\/\/www.whitesmh.co.uk\/fr\/wp-json\/wp\/v2\/media\/11610"}],"wp:attachment":[{"href":"https:\/\/www.whitesmh.co.uk\/fr\/wp-json\/wp\/v2\/media?parent=4667"}],"wp:term":[{"taxonomy":"product_brand","embeddable":true,"href":"https:\/\/www.whitesmh.co.uk\/fr\/wp-json\/wp\/v2\/product_brand?post=4667"},{"taxonomy":"product_cat","embeddable":true,"href":"https:\/\/www.whitesmh.co.uk\/fr\/wp-json\/wp\/v2\/product_cat?post=4667"},{"taxonomy":"product_tag","embeddable":true,"href":"https:\/\/www.whitesmh.co.uk\/fr\/wp-json\/wp\/v2\/product_tag?post=4667"}],"curies":[{"name":"wp","href":"https:\/\/api.w.org\/{rel}","templated":true}]}}