{"id":4660,"date":"2023-11-28T10:38:17","date_gmt":"2023-11-28T10:38:17","guid":{"rendered":"https:\/\/www.whitesmh.co.uk\/products\/coupleurs-manuels-springlock\/"},"modified":"2024-11-19T11:40:34","modified_gmt":"2024-11-19T11:40:34","slug":"coupleurs-manuels-springlock","status":"publish","type":"product","link":"https:\/\/www.whitesmh.co.uk\/fr\/produit\/coupleurs-manuels-springlock\/","title":{"rendered":"Coupleurs manuels Springlock"},"content":{"rendered":"\n<div class=\"wp-block-columns is-layout-flex wp-container-core-columns-is-layout-28f84493 wp-block-columns-is-layout-flex\">\n<div class=\"wp-block-column is-vertically-aligned-center is-layout-flow wp-block-column-is-layout-flow\">\n<figure class=\"wp-block-image size-full\"><img loading=\"lazy\" decoding=\"async\" width=\"2000\" height=\"1500\" src=\"https:\/\/www.whitesmh.co.uk\/wp-content\/uploads\/IMG_2168-2-scaled.jpeg\" alt=\"\" class=\"wp-image-1690\" srcset=\"https:\/\/www.whitesmh.co.uk\/wp-content\/uploads\/IMG_2168-2-scaled.jpeg 2000w, https:\/\/www.whitesmh.co.uk\/wp-content\/uploads\/IMG_2168-2-scaled-600x450.jpeg 600w, https:\/\/www.whitesmh.co.uk\/wp-content\/uploads\/IMG_2168-2-800x600.jpeg 800w, https:\/\/www.whitesmh.co.uk\/wp-content\/uploads\/IMG_2168-2-768x576.jpeg 768w\" sizes=\"auto, (max-width: 800px) 100vw, 800px\" \/><\/figure>\n<\/div>\n\n\n\n<div class=\"wp-block-column is-layout-flow wp-block-column-is-layout-flow\">\n<h2 class=\"wp-block-heading\" style=\"text-transform:uppercase\">COUPLEURS MANUELS SPRINGLOCK<\/h2>\n\n\n\n<p>L\u2019attache manuelle WHITES Springlock est un v\u00e9ritable leader du march\u00e9 en termes de sp\u00e9cifications, de qualit\u00e9 de fabrication et de nombre d\u2019unit\u00e9s vendues.  <\/p>\n\n\n\n<ul class=\"wp-block-list\">\n<li>Leader des parts de march\u00e9 au Royaume-Uni<\/li>\n\n\n\n<li>Mod\u00e8les pour machines de 0,75 t \u00e0 9,0 t<\/li>\n\n\n\n<li>Plaques de base en acier \u00e0 haute r\u00e9sistance RAEX  <\/li>\n\n\n\n<li>M\u00e9canisme de d\u00e9verrouillage et de verrouillage \u00e0 ressort simple<\/li>\n\n\n\n<li>Anneau de levage int\u00e9gr\u00e9<\/li>\n\n\n\n<li>Goupille de s\u00fbret\u00e9 enti\u00e8rement retenue<\/li>\n\n\n\n<li>Puissant ressort de verrouillage surdimensionn\u00e9<\/li>\n\n\n\n<li>Coupleurs mixtes disponibles<\/li>\n\n\n\n<li>Conception compacte pour maximiser les sch\u00e9mas de la machine  <\/li>\n\n\n\n<li>Compatible en mode visage\/r\u00e9versible<\/li>\n<\/ul>\n\n\n\n<div class=\"wp-block-columns is-layout-flex wp-container-core-columns-is-layout-28f84493 wp-block-columns-is-layout-flex\">\n<div class=\"wp-block-column is-layout-flow wp-block-column-is-layout-flow\" style=\"flex-basis:100%\">\n<figure class=\"wp-block-image size-full is-resized\"><img loading=\"lazy\" decoding=\"async\" width=\"626\" height=\"152\" src=\"https:\/\/www.whitesmh.co.uk\/wp-content\/uploads\/Made-in-Britain2.png\" alt=\"\" class=\"wp-image-924\" style=\"width:268px;height:auto\" srcset=\"https:\/\/www.whitesmh.co.uk\/wp-content\/uploads\/Made-in-Britain2.png 626w, https:\/\/www.whitesmh.co.uk\/wp-content\/uploads\/Made-in-Britain2-600x146.png 600w\" sizes=\"auto, (max-width: 626px) 100vw, 626px\" \/><\/figure>\n<\/div>\n<\/div>\n\n\n\n<div class=\"wp-block-buttons is-layout-flex wp-block-buttons-is-layout-flex\">\n<div class=\"wp-block-button\"><a class=\"wp-block-button__link wp-element-button\" href=\"https:\/\/www.whitesmh.co.uk\/fr\/contact\/\">CONTACTEZ-NOUS<\/a><\/div>\n\n\n\n<div class=\"wp-block-button\"><a class=\"wp-block-button__link wp-element-button\" href=\"https:\/\/www.whitesmh.co.uk\/fr\/support\/coupleurs\/\">SOUTIEN PRODUIT<\/a><\/div>\n\n\n\n<div class=\"wp-block-button\"><a class=\"wp-block-button__link wp-element-button\" href=\"https:\/\/www.whitesmh.co.uk\/wp-content\/uploads\/WMH-Data-Sheet-Manual-Springlock-Coupler.pptx\" target=\"_blank\" rel=\"noreferrer noopener\">FICHE<\/a><\/div>\n<\/div>\n<\/div>\n<\/div>\n\n<div class=\"wp-block-group is-layout-constrained wp-block-group-is-layout-constrained\">\n<div class=\"wp-block-group alignfull has-primary-background-color has-background is-layout-flow wp-block-group-is-layout-flow\" style=\"margin-top:30px;margin-bottom:30px;padding-top:var(--wp--preset--spacing--40);padding-right:var(--wp--preset--spacing--40);padding-bottom:var(--wp--preset--spacing--40);padding-left:var(--wp--preset--spacing--40)\">\n<h3 class=\"wp-block-heading alignfull\">MOD\u00c8LE<\/h3>\n<\/div>\n<\/div>\n\n<figure class=\"wp-block-table\"><table><tbody><tr><td class=\"has-text-align-center\" data-align=\"center\"><strong>Num\u00e9ro de pi\u00e8ce<\/strong><\/td><td class=\"has-text-align-center\" data-align=\"center\"><strong>Taille de la machine<\/strong><\/td><\/tr><tr><td class=\"has-text-align-center\" data-align=\"center\">PX2M<\/td><td class=\"has-text-align-center\" data-align=\"center\">0,75 T<\/td><\/tr><tr><td class=\"has-text-align-center\" data-align=\"center\">PX2M<\/td><td class=\"has-text-align-center\" data-align=\"center\">1,50 T<\/td><\/tr><tr><td class=\"has-text-align-center\" data-align=\"center\">PX3M<\/td><td class=\"has-text-align-center\" data-align=\"center\">3,0 dents<\/td><\/tr><tr><td class=\"has-text-align-center\" data-align=\"center\">PX4M<\/td><td class=\"has-text-align-center\" data-align=\"center\">4,0 dents<\/td><\/tr><tr><td class=\"has-text-align-center\" data-align=\"center\">PX4M<\/td><td class=\"has-text-align-center\" data-align=\"center\">5,5 dents<\/td><\/tr><tr><td class=\"has-text-align-center\" data-align=\"center\">PX6M<\/td><td class=\"has-text-align-center\" data-align=\"center\">7,0 T \u00e0 9,0 T<\/td><\/tr><\/tbody><\/table><\/figure>\n\n<div class=\"wp-block-group is-layout-flow wp-block-group-is-layout-flow\">\n<div class=\"wp-block-group has-primary-background-color has-background is-layout-flow wp-block-group-is-layout-flow\" style=\"margin-top:30px;margin-bottom:30px;padding-top:var(--wp--preset--spacing--40);padding-right:var(--wp--preset--spacing--40);padding-bottom:var(--wp--preset--spacing--40);padding-left:var(--wp--preset--spacing--40)\">\n<h3 class=\"wp-block-heading\">GALERIE<\/h3>\n<\/div>\n\n\n\n<figure class=\"wp-block-gallery has-nested-images columns-4 is-cropped wp-block-gallery-1 is-layout-flex wp-block-gallery-is-layout-flex\">\n<figure class=\"wp-block-image size-thumbnail\"><a href=\"https:\/\/www.whitesmh.co.uk\/wp-content\/uploads\/564.jpg\"><img loading=\"lazy\" decoding=\"async\" width=\"400\" height=\"400\" data-id=\"967\" src=\"https:\/\/www.whitesmh.co.uk\/wp-content\/uploads\/564-400x400.jpg\" alt=\"\" class=\"wp-image-967\" srcset=\"https:\/\/www.whitesmh.co.uk\/wp-content\/uploads\/564-400x400.jpg 400w, https:\/\/www.whitesmh.co.uk\/wp-content\/uploads\/564-300x300.jpg 300w, https:\/\/www.whitesmh.co.uk\/wp-content\/uploads\/564-100x100.jpg 100w\" sizes=\"auto, (max-width: 400px) 100vw, 400px\" \/><\/a><\/figure>\n\n\n\n<figure class=\"wp-block-image size-thumbnail\"><a href=\"https:\/\/www.whitesmh.co.uk\/wp-content\/uploads\/IMG_2182-scaled.jpeg\"><img decoding=\"async\" data-id=\"964\" src=\"https:\/\/www.whitesmh.co.uk\/wp-content\/uploads\/IMG_2182-400x400.jpeg\" alt=\"\" class=\"wp-image-964\"\/><\/a><\/figure>\n\n\n\n<figure class=\"wp-block-image size-thumbnail\"><a href=\"https:\/\/www.whitesmh.co.uk\/wp-content\/uploads\/Springlock-1.jpg\"><img loading=\"lazy\" decoding=\"async\" width=\"400\" height=\"400\" data-id=\"955\" src=\"https:\/\/www.whitesmh.co.uk\/wp-content\/uploads\/Springlock-1-400x400.jpg\" alt=\"\" class=\"wp-image-955\" srcset=\"https:\/\/www.whitesmh.co.uk\/wp-content\/uploads\/Springlock-1-400x400.jpg 400w, https:\/\/www.whitesmh.co.uk\/wp-content\/uploads\/Springlock-1-300x300.jpg 300w, https:\/\/www.whitesmh.co.uk\/wp-content\/uploads\/Springlock-1-100x100.jpg 100w\" sizes=\"auto, (max-width: 400px) 100vw, 400px\" \/><\/a><\/figure>\n\n\n\n<figure class=\"wp-block-image size-thumbnail\"><a href=\"https:\/\/www.whitesmh.co.uk\/wp-content\/uploads\/Springlock-2.jpg\"><img loading=\"lazy\" decoding=\"async\" width=\"400\" height=\"400\" data-id=\"958\" src=\"https:\/\/www.whitesmh.co.uk\/wp-content\/uploads\/Springlock-2-400x400.jpg\" alt=\"\" class=\"wp-image-958\" srcset=\"https:\/\/www.whitesmh.co.uk\/wp-content\/uploads\/Springlock-2-400x400.jpg 400w, https:\/\/www.whitesmh.co.uk\/wp-content\/uploads\/Springlock-2-300x300.jpg 300w, https:\/\/www.whitesmh.co.uk\/wp-content\/uploads\/Springlock-2-100x100.jpg 100w\" sizes=\"auto, (max-width: 400px) 100vw, 400px\" \/><\/a><\/figure>\n\n\n\n<figure class=\"wp-block-image size-thumbnail\"><a href=\"https:\/\/www.whitesmh.co.uk\/wp-content\/uploads\/91725d8e-3952-447d-9b53-6286b919a60f-scaled.jpg\"><img decoding=\"async\" data-id=\"959\" src=\"https:\/\/www.whitesmh.co.uk\/wp-content\/uploads\/91725d8e-3952-447d-9b53-6286b919a60f-400x400.jpg\" alt=\"\" class=\"wp-image-959\"\/><\/a><\/figure>\n\n\n\n<figure class=\"wp-block-image size-thumbnail\"><a href=\"https:\/\/www.whitesmh.co.uk\/wp-content\/uploads\/Springlock-3.jpg\"><img loading=\"lazy\" decoding=\"async\" width=\"400\" height=\"400\" data-id=\"957\" src=\"https:\/\/www.whitesmh.co.uk\/wp-content\/uploads\/Springlock-3-400x400.jpg\" alt=\"\" class=\"wp-image-957\" srcset=\"https:\/\/www.whitesmh.co.uk\/wp-content\/uploads\/Springlock-3-400x400.jpg 400w, https:\/\/www.whitesmh.co.uk\/wp-content\/uploads\/Springlock-3-300x300.jpg 300w, https:\/\/www.whitesmh.co.uk\/wp-content\/uploads\/Springlock-3-100x100.jpg 100w\" sizes=\"auto, (max-width: 400px) 100vw, 400px\" \/><\/a><\/figure>\n\n\n\n<figure class=\"wp-block-image size-thumbnail\"><a href=\"https:\/\/www.whitesmh.co.uk\/wp-content\/uploads\/IMG_2168-1-scaled.jpeg\"><img decoding=\"async\" data-id=\"963\" src=\"https:\/\/www.whitesmh.co.uk\/wp-content\/uploads\/IMG_2168-1-400x400.jpeg\" alt=\"\" class=\"wp-image-963\"\/><\/a><\/figure>\n\n\n\n<figure class=\"wp-block-image size-thumbnail\"><a href=\"https:\/\/www.whitesmh.co.uk\/wp-content\/uploads\/IMG_3050-scaled.jpeg\"><img loading=\"lazy\" decoding=\"async\" width=\"400\" height=\"400\" data-id=\"2749\" src=\"https:\/\/www.whitesmh.co.uk\/wp-content\/uploads\/IMG_3050-400x400.jpeg\" alt=\"\" class=\"wp-image-2749\" srcset=\"https:\/\/www.whitesmh.co.uk\/wp-content\/uploads\/IMG_3050-400x400.jpeg 400w, https:\/\/www.whitesmh.co.uk\/wp-content\/uploads\/IMG_3050-scaled-300x300.jpeg 300w, https:\/\/www.whitesmh.co.uk\/wp-content\/uploads\/IMG_3050-scaled-100x100.jpeg 100w\" sizes=\"auto, (max-width: 400px) 100vw, 400px\" \/><\/a><\/figure>\n<\/figure>\n<\/div>\n\n<div class=\"wp-block-group has-primary-background-color has-background is-layout-flow wp-block-group-is-layout-flow\" style=\"margin-top:30px;margin-bottom:30px;padding-top:var(--wp--preset--spacing--40);padding-right:var(--wp--preset--spacing--40);padding-bottom:var(--wp--preset--spacing--40);padding-left:var(--wp--preset--spacing--40)\">\n<h3 class=\"wp-block-heading\">VID\u00c9OS<\/h3>\n<\/div>\n\n<figure class=\"wp-block-embed is-type-video is-provider-youtube wp-block-embed-youtube wp-embed-aspect-16-9 wp-has-aspect-ratio\"><div class=\"wp-block-embed__wrapper\">\n<iframe loading=\"lazy\" title=\"Whites Material Handling - Springlock Manual Coupler\" width=\"800\" height=\"450\" src=\"https:\/\/www.youtube.com\/embed\/_avqnDWrayM?feature=oembed\" frameborder=\"0\" allow=\"accelerometer; autoplay; clipboard-write; encrypted-media; gyroscope; picture-in-picture; web-share\" referrerpolicy=\"strict-origin-when-cross-origin\" allowfullscreen><\/iframe>\n<\/div><\/figure>\n\n<div class=\"wp-block-group is-layout-constrained wp-block-group-is-layout-constrained\">\n<div class=\"wp-block-group alignfull has-primary-background-color has-background is-layout-flow wp-block-group-is-layout-flow\" style=\"margin-top:30px;margin-bottom:30px;padding-top:var(--wp--preset--spacing--40);padding-right:var(--wp--preset--spacing--40);padding-bottom:var(--wp--preset--spacing--40);padding-left:var(--wp--preset--spacing--40)\">\n<h3 class=\"wp-block-heading\">PRODUITS CONNEXES<\/h3>\n<\/div>\n<\/div>\n\n<div class=\"product-grid flex\">\n\t\t<div class=\"col-25 padBottom\">\n\t\t<a href=\"https:\/\/www.whitesmh.co.uk\/fr\/produit\/coupleurs-hydrauliques-totalock-2\/\" title=\"Coupleurs hydrauliques Totalock 2\" class=\"block radius\">\n\t\t\t\t\t\t<div class=\"thumb\">\n\t\t\t\t<img loading=\"lazy\" decoding=\"async\" width=\"400\" height=\"400\" src=\"https:\/\/www.whitesmh.co.uk\/wp-content\/uploads\/PY0427-02-400x400.jpg\" class=\"attachment-thumbnail size-thumbnail wp-post-image\" alt=\"\" srcset=\"https:\/\/www.whitesmh.co.uk\/wp-content\/uploads\/PY0427-02-400x400.jpg 400w, https:\/\/www.whitesmh.co.uk\/wp-content\/uploads\/PY0427-02-300x300.jpg 300w, https:\/\/www.whitesmh.co.uk\/wp-content\/uploads\/PY0427-02-100x100.jpg 100w\" sizes=\"auto, (max-width: 400px) 100vw, 400px\" \/>\t\t\t\t\t\t\t\t\t\n\t\t\t<\/div>\n\t\t\t\t\t\t<div class=\"meta smlPadAll\">\n\t\t\t\t<h4 class=\"no-margin\">Coupleurs hydrauliques Totalock 2<\/h4>\n\t\t\t\t<span class=\"blue button marTop\">Find out more <i class=\"fa-solid fa-chevron-right\"><\/i><\/span>\n\t\t\t<\/div>\n\t\t<\/a>\n\t<\/div>\n\t\t<div class=\"col-25 padBottom\">\n\t\t<a href=\"https:\/\/www.whitesmh.co.uk\/fr\/produit\/coupleurs-basculants-totaltilt\/\" title=\"Coupleurs basculants Totaltilt\" class=\"block radius\">\n\t\t\t\t\t\t<div class=\"thumb\">\n\t\t\t\t<img loading=\"lazy\" decoding=\"async\" width=\"400\" height=\"400\" src=\"https:\/\/www.whitesmh.co.uk\/wp-content\/uploads\/Totatilt-PT0480-01-400x400.jpg\" class=\"attachment-thumbnail size-thumbnail wp-post-image\" alt=\"\" srcset=\"https:\/\/www.whitesmh.co.uk\/wp-content\/uploads\/Totatilt-PT0480-01-400x400.jpg 400w, https:\/\/www.whitesmh.co.uk\/wp-content\/uploads\/Totatilt-PT0480-01-300x300.jpg 300w, https:\/\/www.whitesmh.co.uk\/wp-content\/uploads\/Totatilt-PT0480-01-100x100.jpg 100w\" sizes=\"auto, (max-width: 400px) 100vw, 400px\" \/>\t\t\t\t\t\t\t\t\t\n\t\t\t<\/div>\n\t\t\t\t\t\t<div class=\"meta smlPadAll\">\n\t\t\t\t<h4 class=\"no-margin\">Coupleurs basculants Totaltilt<\/h4>\n\t\t\t\t<span class=\"blue button marTop\">Find out more <i class=\"fa-solid fa-chevron-right\"><\/i><\/span>\n\t\t\t<\/div>\n\t\t<\/a>\n\t<\/div>\n\t\t<div class=\"col-25 padBottom\">\n\t\t<a href=\"https:\/\/www.whitesmh.co.uk\/fr\/produit\/coupleurs-klac\/\" title=\"Coupleurs Klac\" class=\"block radius\">\n\t\t\t\t\t\t<div class=\"thumb\">\n\t\t\t\t<img loading=\"lazy\" decoding=\"async\" width=\"400\" height=\"400\" src=\"https:\/\/www.whitesmh.co.uk\/wp-content\/uploads\/R0A4886-Cropped-2-2-400x400.jpg\" class=\"attachment-thumbnail size-thumbnail wp-post-image\" alt=\"\" srcset=\"https:\/\/www.whitesmh.co.uk\/wp-content\/uploads\/R0A4886-Cropped-2-2-400x400.jpg 400w, https:\/\/www.whitesmh.co.uk\/wp-content\/uploads\/R0A4886-Cropped-2-2-300x300.jpg 300w, https:\/\/www.whitesmh.co.uk\/wp-content\/uploads\/R0A4886-Cropped-2-2-100x100.jpg 100w\" sizes=\"auto, (max-width: 400px) 100vw, 400px\" \/>\t\t\t\t\t\t\t\t\t\n\t\t\t<\/div>\n\t\t\t\t\t\t<div class=\"meta smlPadAll\">\n\t\t\t\t<h4 class=\"no-margin\">Coupleurs Klac<\/h4>\n\t\t\t\t<span class=\"blue button marTop\">Find out more <i class=\"fa-solid fa-chevron-right\"><\/i><\/span>\n\t\t\t<\/div>\n\t\t<\/a>\n\t<\/div>\n\t\t<div class=\"col-25 padBottom\">\n\t\t<a href=\"https:\/\/www.whitesmh.co.uk\/fr\/produit\/supports-de-marteau\/\" title=\"Supports de marteau\" class=\"block radius\">\n\t\t\t\t\t\t<div class=\"thumb\">\n\t\t\t\t<img loading=\"lazy\" decoding=\"async\" width=\"400\" height=\"400\" src=\"https:\/\/www.whitesmh.co.uk\/wp-content\/uploads\/EZ5025R40-Menu-Image-400x400.jpg\" class=\"attachment-thumbnail size-thumbnail wp-post-image\" alt=\"\" srcset=\"https:\/\/www.whitesmh.co.uk\/wp-content\/uploads\/EZ5025R40-Menu-Image-400x400.jpg 400w, https:\/\/www.whitesmh.co.uk\/wp-content\/uploads\/EZ5025R40-Menu-Image-300x300.jpg 300w, https:\/\/www.whitesmh.co.uk\/wp-content\/uploads\/EZ5025R40-Menu-Image-100x100.jpg 100w\" sizes=\"auto, (max-width: 400px) 100vw, 400px\" \/>\t\t\t\t\t\t\t\t\t\n\t\t\t<\/div>\n\t\t\t\t\t\t<div class=\"meta smlPadAll\">\n\t\t\t\t<h4 class=\"no-margin\">Supports de marteau<\/h4>\n\t\t\t\t<span class=\"blue button marTop\">Find out more <i class=\"fa-solid fa-chevron-right\"><\/i><\/span>\n\t\t\t<\/div>\n\t\t<\/a>\n\t<\/div>\n\t<\/div>\n","protected":false},"excerpt":{"rendered":"<p>COUPLEURS MANUELS SPRINGLOCK L\u2019attache manuelle WHITES Springlock est un v\u00e9ritable leader du march\u00e9 en termes de sp\u00e9cifications, de qualit\u00e9 de fabrication et de nombre d\u2019unit\u00e9s vendues. MOD\u00c8LE Num\u00e9ro de pi\u00e8ce Taille de la machine PX2M 0,75 T PX2M 1,50 T PX3M 3,0 dents PX4M 4,0 dents PX4M 5,5 dents PX6M 7,0 T \u00e0 9,0 T&hellip;<\/p>\n","protected":false},"featured_media":10192,"template":"","meta":{"_acf_changed":false},"product_brand":[],"product_cat":[302],"product_tag":[],"class_list":{"2":"type-product","7":"product","8":"first","9":"instock","10":"taxable","11":"shipping-taxable","12":"product-type-simple"},"acf":[],"_links":{"self":[{"href":"https:\/\/www.whitesmh.co.uk\/fr\/wp-json\/wp\/v2\/product\/4660","targetHints":{"allow":["GET"]}}],"collection":[{"href":"https:\/\/www.whitesmh.co.uk\/fr\/wp-json\/wp\/v2\/product"}],"about":[{"href":"https:\/\/www.whitesmh.co.uk\/fr\/wp-json\/wp\/v2\/types\/product"}],"wp:featuredmedia":[{"embeddable":true,"href":"https:\/\/www.whitesmh.co.uk\/fr\/wp-json\/wp\/v2\/media\/10192"}],"wp:attachment":[{"href":"https:\/\/www.whitesmh.co.uk\/fr\/wp-json\/wp\/v2\/media?parent=4660"}],"wp:term":[{"taxonomy":"product_brand","embeddable":true,"href":"https:\/\/www.whitesmh.co.uk\/fr\/wp-json\/wp\/v2\/product_brand?post=4660"},{"taxonomy":"product_cat","embeddable":true,"href":"https:\/\/www.whitesmh.co.uk\/fr\/wp-json\/wp\/v2\/product_cat?post=4660"},{"taxonomy":"product_tag","embeddable":true,"href":"https:\/\/www.whitesmh.co.uk\/fr\/wp-json\/wp\/v2\/product_tag?post=4660"}],"curies":[{"name":"wp","href":"https:\/\/api.w.org\/{rel}","templated":true}]}}