{"id":4699,"date":"2023-10-24T14:58:06","date_gmt":"2023-10-24T14:58:06","guid":{"rendered":"https:\/\/www.whitesmh.co.uk\/conditions-generales\/"},"modified":"2024-05-10T13:26:47","modified_gmt":"2024-05-10T13:26:47","slug":"conditions-generales","status":"publish","type":"page","link":"https:\/\/www.whitesmh.co.uk\/fr\/conditions-generales\/","title":{"rendered":"Conditions g\u00e9n\u00e9rales"},"content":{"rendered":"\n<div class=\"wp-block-group is-layout-constrained wp-container-core-group-is-layout-f91bc924 wp-block-group-is-layout-constrained\" style=\"padding-top:var(--wp--preset--spacing--80);padding-bottom:var(--wp--preset--spacing--80)\">\n<h1 class=\"wp-block-heading\">TERMES ET CONDITIONS<\/h1>\n\n\n\n<h5 class=\"wp-block-heading\">NOTATION<\/h5>\n\n\n\n<p>Il est entendu que la r\u00e9f\u00e9rence au \u00ab Vendeur \u00bb d\u00e9signe Whites Material Handling Limited et que \u00ab Acheteur \u00bb d\u00e9signe toute personne, entreprise ou soci\u00e9t\u00e9 avec laquelle le Vendeur conclut un contrat, directement ou indirectement. \u00ab Services \u00bb d\u00e9signe tous les services \u00e0 ex\u00e9cuter en vertu d\u2019un contrat entre le vendeur et l\u2019acheteur. \u00ab Marchandises \u00bb d\u00e9signe tout produit fabriqu\u00e9 ou fourni par le Vendeur.<\/p>\n\n\n\n<h5 class=\"wp-block-heading\">APPLICATION<\/h5>\n\n\n\n<p>Les pr\u00e9sentes conditions de vente pr\u00e9valent sur toutes les conditions stipul\u00e9es, incorpor\u00e9es ou mentionn\u00e9es par l\u2019acheteur dans l\u2019acceptation (qu\u2019elle soit d\u00e9crite comme une commande ou autrement) ou dans toute n\u00e9gociation ant\u00e9rieure et si la commande d\u2019un acheteur contient ou est soumise \u00e0 des conditions g\u00e9n\u00e9rales divergentes avec les pr\u00e9sentes conditions de vente, les pr\u00e9sentes conditions de vente pr\u00e9vaudront.<\/p>\n\n\n\n<h5 class=\"wp-block-heading\">PAIEMENT<\/h5>\n\n\n\n<p>COMPTE MENSUEL NET. Le paiement est d\u00fb \u00e0 la fin du mois suivant le mois de la livraison, et en ce qui concerne le paiement de celui-ci, le d\u00e9lai est essentiel. Si le paiement n\u2019est pas effectu\u00e9 dans ce d\u00e9lai, sauf si des conditions particuli\u00e8res ont \u00e9t\u00e9 pr\u00e9alablement convenues, aucune autre Marchandise ne sera exp\u00e9di\u00e9e ni aucune Prestation ex\u00e9cut\u00e9e tant que le compte n\u2019aura pas \u00e9t\u00e9 r\u00e9gl\u00e9. Si le paiement n\u2019est pas effectu\u00e9 dans un d\u00e9lai suppl\u00e9mentaire de 30 jours, tout contrat ult\u00e9rieur de Biens et\/ou Services entre le Vendeur et l\u2019Acheteur sera effectu\u00e9 sur la base que le paiement doit \u00eatre effectu\u00e9 en totalit\u00e9 en livres sterling avant que les Biens ne soient exp\u00e9di\u00e9s et\/ou que les Services ne soient ex\u00e9cut\u00e9s.<\/p>\n\n\n\n<p>Tous les prix s\u2019entendent hors TVA, droits, pr\u00e9l\u00e8vements, frais de port et d\u2019assurance qui sont \u00e0 la charge de l\u2019Acheteur.<\/p>\n\n\n\n<p>Tous les paiements seront effectu\u00e9s en livres sterling et seront pay\u00e9s en totalit\u00e9 sans aucune d\u00e9duction, compensation ou demande reconventionnelle.<\/p>\n\n\n\n<p>Le vendeur a \u00e9galement le droit de r\u00e9cup\u00e9rer tous ses frais de justice raisonnables encourus en raison du d\u00e9faut de paiement du prix par l\u2019acheteur \u00e0 l\u2019\u00e9ch\u00e9ance.<\/p>\n\n\n\n<h5 class=\"wp-block-heading\">EXPORTATION<\/h5>\n\n\n\n<p>Cette condition s\u2019applique lorsque les marchandises sont fournies pour l\u2019exportation depuis le Royaume-Uni.<\/p>\n\n\n\n<p>Sauf indication expresse dans l\u2019accus\u00e9 de r\u00e9ception de la commande de l\u2019Acheteur par le Vendeur, les prix sont Ex-Works Incoterms 1990 et n\u2019incluent pas le transport, le fret, l\u2019assurance, le chargement et la pr\u00e9paration de tous les documents d\u2019exportation qui seront fournis au choix du Vendeur sur demande \u00e9crite de l\u2019Acheteur et tous les frais suppl\u00e9mentaires pour ces services seront \u00e0 la charge de l\u2019Acheteur.<\/p>\n\n\n\n<p>L\u2019acheteur est responsable de se conformer \u00e0 toutes les lois et r\u00e9glementations r\u00e9gissant l\u2019importation des marchandises dans tout pays et de s\u2019assurer que les marchandises sont conformes \u00e0 toutes les lois, r\u00e9glementations et exigences en mati\u00e8re de licence de tout pays vers lequel elles sont export\u00e9es. L\u2019acheteur indemnisera le vendeur contre les cons\u00e9quences de toute violation de ces lois, r\u00e8glements et exigences en mati\u00e8re de licence.<\/p>\n\n\n\n<p>L\u2019article 32(3) de la loi de 1979 sur la vente de marchandises ne s\u2019applique pas lorsque les marchandises sont remises \u00e0 un transporteur ou \u00e0 un port du Royaume-Uni pour \u00eatre export\u00e9es \u00e0 l\u2019acheteur. Ce transporteur ou ce port est trait\u00e9 comme un agent du vendeur aux fins des articles 44, 45 et 46 de la loi de 1979 sur la vente de marchandises.<\/p>\n\n\n\n<p>La loi uniforme sur les ventes internationales ne s\u2019applique pas.<\/p>\n\n\n\n<h5 class=\"wp-block-heading\">GARANTIE \u2013 TOUS LES PRODUITS \u00c0 L\u2019EXCEPTION DES COUPLEURS JB ET SWIFTHITCH<\/h5>\n\n\n\n<p>Si, dans les douze mois suivant la date \u00e0 laquelle les Marchandises sont utilis\u00e9es pour la premi\u00e8re fois ou dix-huit mois \u00e0 compter de la date de livraison des Marchandises \u00e0 l\u2019Acheteur, selon la premi\u00e8re \u00e9ventualit\u00e9, un d\u00e9faut appara\u00eet dans les Marchandises qui est d\u00fb \u00e0 un d\u00e9faut de mat\u00e9riau ou \u00e0 une mauvaise fabrication, le Vendeur rem\u00e9diera \u00e0 ces d\u00e9fauts \u00e0 son choix, soit par le remplacement ou la r\u00e9paration des Marchandises sans frais, \u00c0 CONDITION QUE TOUS LES D\u00c9TAILS de ce d\u00e9faut,  y compris les preuves photographiques le cas \u00e9ch\u00e9ant, sont notifi\u00e9es et confirm\u00e9es par \u00e9crit au vendeur dans les 7 jours suivant la premi\u00e8re apparition du d\u00e9faut.<\/p>\n\n\n\n<h5 class=\"wp-block-heading\">GARANTIE \u2013 COUPLEURS JB ET SWIFTHITCH<\/h5>\n\n\n\n<p>Si, dans les six mois suivant la date de premi\u00e8re installation ou livraison de l\u2019attelage, un d\u00e9faut appara\u00eet dans l\u2019attelage qui est d\u00fb \u00e0 un d\u00e9faut de mat\u00e9riau ou \u00e0 une mauvaise fabrication, le vendeur rem\u00e9diera \u00e0 ces d\u00e9fauts \u00e0 son choix soit par le remplacement, soit par la r\u00e9paration gratuite des pi\u00e8ces d\u00e9fectueuses \u00c0 CONDITION QUE tous les d\u00e9tails de ce d\u00e9faut,  y compris les preuves photographiques le cas \u00e9ch\u00e9ant, sont notifi\u00e9s et confirm\u00e9s par \u00e9crit au vendeur dans les 7 jours suivant la premi\u00e8re apparition du d\u00e9faut.<\/p>\n\n\n\n<p>Si, dans la p\u00e9riode de six mois \u00e0 douze mois \u00e0 compter de la date de premi\u00e8re utilisation de l\u2019attelage, un d\u00e9faut survient d\u00fb \u00e0 un d\u00e9faut de mat\u00e9riau ou \u00e0 une mauvaise fabrication, le vendeur remplacera gratuitement les pi\u00e8ces d\u00e9fectueuses mais ne paiera pas les frais de main-d\u2019\u0153uvre impliqu\u00e9s dans l\u2019enl\u00e8vement et\/ou le remontage des pi\u00e8ces d\u00e9fectueuses \u00c0 CONDITION QUE TOUS LES D\u00c9TAILS DE CE D\u00c9FAUT,  y compris les preuves photographiques le cas \u00e9ch\u00e9ant, sont notifi\u00e9es et confirm\u00e9es par \u00e9crit au vendeur dans les sept jours suivant la premi\u00e8re apparition du d\u00e9faut.<\/p>\n\n\n\n<h5 class=\"wp-block-heading\">GARANTIE \u2013 TOUS LES PRODUITS<\/h5>\n\n\n\n<p>L\u2019Acheteur doit soit retourner les Marchandises d\u00e9fectueuses au Vendeur (ce qui sera aux frais du Vendeur si les Marchandises sont jug\u00e9es d\u00e9fectueuses et aux frais de l\u2019Acheteur dans le cas contraire), soit mettre les Marchandises \u00e0 la disposition du Vendeur pour inspection avant que la r\u00e9paration ou le remplacement puisse \u00eatre effectu\u00e9.<\/p>\n\n\n\n<p>Apr\u00e8s notification appropri\u00e9e du d\u00e9faut, le vendeur peut, \u00e0 sa seule discr\u00e9tion, signer une autorisation de proc\u00e9der permettant \u00e0 l\u2019acheteur d\u2019organiser la r\u00e9paration ou le remplacement des marchandises. Le vendeur sera responsable des frais de r\u00e9paration et de remplacement de l\u2019acheteur dans la mesure o\u00f9 ces frais ont \u00e9t\u00e9 convenus par le vendeur avant le d\u00e9but des travaux. Le vendeur n\u2019est pas responsable des frais de d\u00e9placement et\/ou de nuit qui pourraient survenir pendant la r\u00e9paration des marchandises<\/p>\n\n\n\n<p>Une fois l\u2019autorisation de proc\u00e9der accord\u00e9e et le montant des frais de l\u2019acheteur convenu, le vendeur \u00e9mettra une note de cr\u00e9dit \u00e0 l\u2019acheteur sur la facture de vente originale pour couvrir les frais de r\u00e9paration ou de remplacement convenus. Le vendeur ne prendra pas en charge les frais de r\u00e9paration ou de remplacement non pr\u00e9alablement convenus par lui.<\/p>\n\n\n\n<p>MAIS, cette garantie ne s\u2019applique pas aux \u00e9l\u00e9ments suivants :<\/p>\n\n\n\n<ol class=\"wp-block-list\">\n<li>(i) Toutes les pi\u00e8ces d\u2019attaque du sol, y compris, mais sans s\u2019y limiter, les dents, les ar\u00eates de coupe, les couteaux lat\u00e9raux et les dents ;<\/li>\n\n\n\n<li>(ii) Les d\u00e9fauts r\u00e9sultant d\u2019une usure normale, d\u2019une mauvaise utilisation ou du non-respect de la proc\u00e9dure d\u2019entretien recommand\u00e9e par le vendeur ou de proc\u00e9dures d\u2019entretien raisonnables ;<\/li>\n\n\n\n<li>(iii) Les d\u00e9fauts des Marchandises r\u00e9sultant de la r\u00e9paration ou de l\u2019entretien effectu\u00e9 par une personne non pr\u00e9alablement agr\u00e9\u00e9e par le Vendeur ou des travaux de r\u00e9paration ou d\u2019entretien non autoris\u00e9s par le Vendeur ; ou<\/li>\n\n\n\n<li>(iv) D\u00e9fauts qui ne sont pas notifi\u00e9s au Vendeur conform\u00e9ment aux conditions \u00e9nonc\u00e9es dans les pr\u00e9sentes Conditions de Vente.<\/li>\n<\/ol>\n\n\n\n<p>Les d\u00e9fauts r\u00e9sultant d\u2019une d\u00e9faillance des syst\u00e8mes hydrauliques et\/ou \u00e9lectriques (qui sont utilis\u00e9s pour alimenter les marchandises) qui ont \u00e9t\u00e9 mal install\u00e9s par l\u2019acheteur.<\/p>\n\n\n\n<h5 class=\"wp-block-heading\">D\u00c9FAUTS<\/h5>\n\n\n\n<p>Les Biens livr\u00e9s ou les Services ex\u00e9cut\u00e9s sont pr\u00e9sum\u00e9s \u00eatre \u00e0 tous \u00e9gards conformes au contrat, sauf notification contraire de l\u2019Acheteur au Vendeur dans les 3 jours ouvrables suivant la date de livraison. Les r\u00e9clamations ne seront prises en compte par le vendeur que si les marchandises sont encore dans leur \u00e9tat d\u2019origine et n\u2019ont pas \u00e9t\u00e9 trait\u00e9es ou transform\u00e9es.  <\/p>\n\n\n\n<p>Si l\u2019acheteur \u00e9tablit \u00e0 la satisfaction raisonnable du vendeur qu\u2019il y a eu violation de la garantie ou que les biens et\/ou services ne sont pas conformes au contrat, le seul recours de l\u2019acheteur sera limit\u00e9 (au choix du vendeur) au remplacement des marchandises ou \u00e0 un remboursement du prix d\u2019achat dans chaque cas (autre que pour non-r\u00e9ception) contre le retour des marchandises. Les marchandises livr\u00e9es conform\u00e9ment au contrat ne peuvent \u00eatre retourn\u00e9es sans l\u2019accord expr\u00e8s du vendeur et aux conditions qu\u2019il juge appropri\u00e9es.<\/p>\n\n\n\n<p>Les propres mat\u00e9riaux de l\u2019acheteur seront trait\u00e9s conform\u00e9ment \u00e0 tout contrat, mais le vendeur n\u2019accepte aucune responsabilit\u00e9 pour les co\u00fbts de remplacement des mat\u00e9riaux en cas d\u2019erreur.<\/p>\n\n\n\n<h5 class=\"wp-block-heading\">RESPONSABILIT\u00c9<\/h5>\n\n\n\n<p>Rien dans ces conditions n\u2019affecte les droits statutaires d\u2019un acheteur lorsque les biens ou services sont vendus \u00e0 une personne agissant en tant que consommateur (tel que d\u00e9fini dans la loi de 1977 sur les clauses contractuelles abusives). Rien dans les pr\u00e9sentes conditions n\u2019exclut la responsabilit\u00e9 du Vendeur en cas de d\u00e9c\u00e8s ou de dommages corporels r\u00e9sultant de sa n\u00e9gligence, dans la mesure o\u00f9 cela est interdit par une loi du Royaume-Uni.<\/p>\n\n\n\n<p>Sauf disposition expresse dans les pr\u00e9sentes conditions, toutes les modalit\u00e9s, conditions, d\u00e9clarations et garanties (expresses ou implicites) sont exclues dans toute la mesure permise par la loi.<\/p>\n\n\n\n<p>Sous r\u00e9serve de toute autre limitation ou exclusion de responsabilit\u00e9 dans les pr\u00e9sentes conditions, la responsabilit\u00e9 globale maximale du Vendeur, de ses employ\u00e9s et agents en cas de violation de tout contrat ou autrement en relation avec ce contrat (y compris pour la violation de toute obligation l\u00e9gale et tout acte ou omission d\u00e9lictueux, y compris la n\u00e9gligence) sera, dans la mesure permise par la loi, limit\u00e9e au prix pay\u00e9 au Vendeur en vertu du contrat.<\/p>\n\n\n\n<p>Le Vendeur ne sera pas responsable de toute perte de profits ou de client\u00e8le ni de toute perte sp\u00e9ciale, indirecte, \u00e9conomique ou cons\u00e9cutive.<\/p>\n\n\n\n<p>Le vendeur ne sera pas responsable de tout retard ou manquement \u00e0 l\u2019ex\u00e9cution de ses obligations en vertu d\u2019un contrat dans la mesure o\u00f9 il est d\u00fb \u00e0 des circonstances ind\u00e9pendantes de sa volont\u00e9. Le d\u00e9lai de livraison des biens et\/ou services n\u2019est pas de l\u2019essence du contrat.<\/p>\n\n\n\n<h5 class=\"wp-block-heading\">R\u00c9SERVE DE PROPRI\u00c9T\u00c9 &#8211; \u00ab\u00a0PROPRI\u00c9T\u00c9 DES MARCHANDISES\u00a0\u00bb<\/h5>\n\n\n\n<p>(a) Le risque li\u00e9 aux marchandises est transf\u00e9r\u00e9 \u00e0 l\u2019acheteur imm\u00e9diatement apr\u00e8s la livraison \u00e0 l\u2019acheteur. La livraison a lieu lorsque les marchandises quittent les locaux du vendeur.<\/p>\n\n\n\n<p>(b) La propri\u00e9t\u00e9 des marchandises ne sera pas transf\u00e9r\u00e9e \u00e0 l\u2019acheteur tant que toutes les sommes dues ou dues au vendeur par l\u2019acheteur \u00e0 quelque titre que ce soit n\u2019auront pas \u00e9t\u00e9 pay\u00e9es. Bien que les marchandises soient la propri\u00e9t\u00e9 du vendeur, l\u2019acheteur doit les garder en s\u00e9curit\u00e9, assur\u00e9es et s\u00e9par\u00e9es et identifiables de toutes les marchandises en sa possession et le vendeur peut (en plus de tout autre droit qu\u2019il peut avoir) p\u00e9n\u00e9trer sur tout terrain ou b\u00e2timent o\u00f9 se trouvent les marchandises et reprendre possession et vendre les marchandises.<\/p>\n\n\n\n<h5 class=\"wp-block-heading\">ORDRES<\/h5>\n\n\n\n<p>Toutes les commandes, qui seront soumises aux pr\u00e9sentes conditions, n\u2019engageront pas le vendeur tant qu\u2019elles n\u2019auront pas \u00e9t\u00e9 accept\u00e9es par le vendeur.<\/p>\n\n\n\n<h5 class=\"wp-block-heading\">CHOIX DE LA LOI ET DE LA JURIDICTION<\/h5>\n\n\n\n<p>Tout contrat entre le vendeur et l\u2019acheteur est r\u00e9gi et interpr\u00e9t\u00e9 conform\u00e9ment au droit anglais. Le Vendeur et l\u2019Acheteur se soumettent chacun \u00e0 la comp\u00e9tence exclusive des tribunaux anglais<\/p>\n<\/div>\n","protected":false},"excerpt":{"rendered":"<p>TERMES ET CONDITIONS NOTATION Il est entendu que la r\u00e9f\u00e9rence au \u00ab Vendeur \u00bb d\u00e9signe Whites Material Handling Limited et que \u00ab Acheteur \u00bb d\u00e9signe toute personne, entreprise ou soci\u00e9t\u00e9 avec laquelle le Vendeur conclut un contrat, directement ou indirectement. \u00ab Services \u00bb d\u00e9signe tous les services \u00e0 ex\u00e9cuter en vertu d\u2019un contrat entre le&hellip;<\/p>\n","protected":false},"author":1,"featured_media":0,"parent":0,"menu_order":0,"comment_status":"closed","ping_status":"closed","template":"","meta":{"_acf_changed":false,"footnotes":""},"class_list":{"2":"type-page"},"acf":[],"_links":{"self":[{"href":"https:\/\/www.whitesmh.co.uk\/fr\/wp-json\/wp\/v2\/pages\/4699","targetHints":{"allow":["GET"]}}],"collection":[{"href":"https:\/\/www.whitesmh.co.uk\/fr\/wp-json\/wp\/v2\/pages"}],"about":[{"href":"https:\/\/www.whitesmh.co.uk\/fr\/wp-json\/wp\/v2\/types\/page"}],"author":[{"embeddable":true,"href":"https:\/\/www.whitesmh.co.uk\/fr\/wp-json\/wp\/v2\/users\/1"}],"replies":[{"embeddable":true,"href":"https:\/\/www.whitesmh.co.uk\/fr\/wp-json\/wp\/v2\/comments?post=4699"}],"version-history":[{"count":0,"href":"https:\/\/www.whitesmh.co.uk\/fr\/wp-json\/wp\/v2\/pages\/4699\/revisions"}],"wp:attachment":[{"href":"https:\/\/www.whitesmh.co.uk\/fr\/wp-json\/wp\/v2\/media?parent=4699"}],"curies":[{"name":"wp","href":"https:\/\/api.w.org\/{rel}","templated":true}]}}