{"id":4690,"date":"2023-08-17T11:23:33","date_gmt":"2023-08-17T11:23:33","guid":{"rendered":"https:\/\/www.whitesmh.co.uk\/politique-de-confidentialite\/"},"modified":"2024-05-10T13:23:35","modified_gmt":"2024-05-10T13:23:35","slug":"politique-de-confidentialite","status":"publish","type":"page","link":"https:\/\/www.whitesmh.co.uk\/fr\/politique-de-confidentialite\/","title":{"rendered":"Politique de confidentialit\u00e9"},"content":{"rendered":"\n<div class=\"wp-block-group is-layout-constrained wp-container-core-group-is-layout-82f22f87 wp-block-group-is-layout-constrained\" style=\"margin-top:var(--wp--preset--spacing--70);margin-bottom:var(--wp--preset--spacing--70)\">\n<h1 class=\"wp-block-heading\">POLITIQUE DE CONFIDENTIALIT\u00c9<\/h1>\n\n\n\n<h2 class=\"wp-block-heading\">INTRODUCTION<\/h2>\n\n\n\n<p>La pr\u00e9sente politique de confidentialit\u00e9 d\u00e9crit les pratiques de Whites Material Handling Limited (\u00ab <strong>nous<\/strong> \u00bb, \u00ab <strong>notre<\/strong> \u00bb ou \u00ab <strong>la Soci\u00e9t\u00e9<\/strong> \u00bb) en ce qui concerne les renseignements recueillis aupr\u00e8s des utilisateurs qui acc\u00e8dent \u00e0 notre site Web \u00e0 <a href=\"http:\/\/www.precisionprofiles.co.uk\/\" target=\"_blank\" rel=\"noopener\">l\u2019adresse www.whitesmh.co.uk<\/a> (\u00ab <strong>Site<\/strong> \u00bb) ou qui partagent des renseignements personnels avec nous (collectivement : \u00ab <strong>Utilisateurs<\/strong> \u00bb).  <\/p>\n\n\n\n<h2 class=\"wp-block-heading\">MOTIFS DE LA COLLECTE DE DONN\u00c9ES  <\/h2>\n\n\n\n<p>Traitement de vos informations personnelles (c\u2019est-\u00e0-dire toute information susceptible de permettre votre identification par des moyens raisonnables ; ci-apr\u00e8s \u00ab<strong>Informations personnelles<\/strong>\u00bb) est n\u00e9cessaire \u00e0 l\u2019ex\u00e9cution de nos obligations contractuelles envers vous et \u00e0 la fourniture de nos services, \u00e0 la protection de nos int\u00e9r\u00eats l\u00e9gitimes et au respect des obligations l\u00e9gales et r\u00e9glementaires financi\u00e8res auxquelles nous sommes soumis.<\/p>\n\n\n\n<p>Lorsque vous utilisez le site, vous consentez \u00e0 la collecte, au stockage, \u00e0 l\u2019utilisation, \u00e0 la divulgation et \u00e0 d\u2019autres utilisations de vos renseignements personnels comme d\u00e9crit dans la pr\u00e9sente politique de confidentialit\u00e9.<\/p>\n\n\n\n<p>Nous encourageons nos utilisateurs \u00e0 lire attentivement la politique de confidentialit\u00e9 et \u00e0 l\u2019utiliser pour prendre des d\u00e9cisions \u00e9clair\u00e9es.<\/p>\n\n\n\n<h2 class=\"wp-block-heading\">QUELLES INFORMATIONS RECUEILLONS-NOUS ?<\/h2>\n\n\n\n<p>Nous recueillons deux types de donn\u00e9es et d\u2019informations aupr\u00e8s des utilisateurs.  <\/p>\n\n\n\n<p>Le premier type d\u2019informations est constitu\u00e9 d\u2019informations non identifi\u00e9es et non identifiables relatives \u00e0 un ou plusieurs utilisateurs, qui peuvent \u00eatre mises \u00e0 disposition ou recueillies via votre utilisation du site (\u00ab <strong>Informations non personnelles<\/strong> \u00bb). Nous ne connaissons pas l\u2019identit\u00e9 d\u2019un utilisateur aupr\u00e8s duquel les informations non personnelles ont \u00e9t\u00e9 collect\u00e9es. Les informations non personnelles collect\u00e9es peuvent inclure vos informations d\u2019utilisation agr\u00e9g\u00e9es et des informations techniques transmises par votre appareil, y compris certaines informations logicielles et mat\u00e9rielles (par exemple, le type de navigateur et le syst\u00e8me d\u2019exploitation utilis\u00e9s par votre appareil, la pr\u00e9f\u00e9rence linguistique, le temps d\u2019acc\u00e8s, etc.) afin d\u2019am\u00e9liorer la fonctionnalit\u00e9 de notre site. Nous pouvons \u00e9galement collecter des informations sur votre activit\u00e9 sur le Site (e.g. pages consult\u00e9, navigation en ligne, clics, actions, etc.).<\/p>\n\n\n\n<p>Le deuxi\u00e8me type de renseignements est celui des <strong>renseignements<\/strong> personnels qui permettent d\u2019identifier une personne, \u00e0 savoir les renseignements qui permettent d\u2019identifier une personne ou qui peuvent, moyennant des efforts raisonnables, l\u2019identifier. Ces informations comprennent :<\/p>\n\n\n\n<ul class=\"wp-block-list\">\n<li>Informations sur l\u2019appareil : Nous recueillons des informations personnelles \u00e0 partir de votre appareil. Ces informations comprennent les donn\u00e9es de g\u00e9olocalisation, l\u2019adresse IP, les identifiants uniques (par exemple, l\u2019adresse MAC et l\u2019UUID) et d\u2019autres informations relatives \u00e0 votre activit\u00e9 sur le Site :<\/li>\n\n\n\n<li>nom et titre du poste<\/li>\n\n\n\n<li>coordonn\u00e9es, y compris l\u2019adresse e-mail<\/li>\n\n\n\n<li>des informations d\u00e9mographiques telles que le code postal, les pr\u00e9f\u00e9rences et les int\u00e9r\u00eats<\/li>\n\n\n\n<li>autres informations pertinentes pour les demandes des clients<\/li>\n\n\n\n<li>Nous ne stockons pas de donn\u00e9es financi\u00e8res<\/li>\n<\/ul>\n\n\n\n<h2 class=\"wp-block-heading\">COMMENT RECEVONS-NOUS LES INFORMATIONS VOUS CONCERNANT ?<\/h2>\n\n\n\n<p>Nous recevons vos informations personnelles de diverses sources :<\/p>\n\n\n\n<ul class=\"wp-block-list\">\n<li>Lorsque vous nous fournissez volontairement vos donn\u00e9es personnelles afin de vous inscrire sur notre Site ;<\/li>\n\n\n\n<li>Lorsque vous utilisez ou acc\u00e9dez \u00e0 notre Site dans le cadre de votre utilisation de nos services ;<\/li>\n\n\n\n<li>Aupr\u00e8s de fournisseurs tiers, de services et de registres publics (par exemple, des fournisseurs d\u2019analyse du trafic).<\/li>\n<\/ul>\n\n\n\n<h2 class=\"wp-block-heading\">QUELLES INFORMATIONS RECUEILLONS-NOUS ?<\/h2>\n\n\n\n<p>Nous ne louons, ne vendons ni ne partageons les informations des utilisateurs avec des tiers, sauf dans les cas d\u00e9crits dans la pr\u00e9sente politique de confidentialit\u00e9.<\/p>\n\n\n\n<p>Nous pouvons utiliser les informations pour les raisons suivantes :<\/p>\n\n\n\n<ul class=\"wp-block-list\">\n<li>Communiquer avec vous \u2013 vous envoyer des avis concernant nos services, vous fournir des informations techniques et r\u00e9pondre \u00e0 tout probl\u00e8me de service client que vous pourriez avoir ;<\/li>\n\n\n\n<li>Pour communiquer avec vous et vous tenir inform\u00e9 de nos derni\u00e8res mises \u00e0 jour et services ;<\/li>\n\n\n\n<li>Pour vous proposer des publicit\u00e9s lorsque vous utilisez notre Site (voir plus sous \u00ab Publicit\u00e9s \u00bb) ;  <\/li>\n\n\n\n<li>Pour commercialiser nos sites Web et nos produits (voir plus d\u2019informations dans la section \u00ab Marketing \u00bb) ;  <\/li>\n\n\n\n<li>Nous pouvons utiliser ces informations pour am\u00e9liorer nos produits et services<\/li>\n\n\n\n<li>\u00c0 des fins statistiques et analytiques, destin\u00e9es \u00e0 am\u00e9liorer le Site<\/li>\n\n\n\n<li>Tenue de dossiers internes<\/li>\n\n\n\n<li>Pour vous contacter en r\u00e9ponse \u00e0 une demande sp\u00e9cifique<\/li>\n\n\n\n<li>Nous pouvons communiquer avec vous par courriel, par t\u00e9l\u00e9phone, par t\u00e9l\u00e9copieur ou par la poste pour des raisons d\u2019\u00e9tude de march\u00e9<\/li>\n<\/ul>\n\n\n\n<p>En plus des diff\u00e9rentes utilisations \u00e9num\u00e9r\u00e9es ci-dessus, nous pouvons transf\u00e9rer ou divulguer des renseignements personnels \u00e0 nos filiales, soci\u00e9t\u00e9s affili\u00e9es et sous-traitants.<\/p>\n\n\n\n<p>En plus des fins \u00e9num\u00e9r\u00e9es dans la pr\u00e9sente Politique de confidentialit\u00e9, nous pouvons partager des Informations personnelles avec nos fournisseurs tiers de confiance, qui peuvent \u00eatre situ\u00e9s dans diff\u00e9rentes juridictions \u00e0 travers le monde, \u00e0 l\u2019une des fins suivantes :  <\/p>\n\n\n\n<ul class=\"wp-block-list\">\n<li>H\u00e9bergement et exploitation de notre site ;<\/li>\n\n\n\n<li>Vous fournir nos services, y compris fournir un affichage personnalis\u00e9 de notre Site ;<\/li>\n\n\n\n<li>Stocker et traiter ces informations en notre nom ;  <\/li>\n\n\n\n<li>Vous proposer des publicit\u00e9s et nous aider \u00e0 \u00e9valuer le succ\u00e8s de nos campagnes publicitaires et nous aider \u00e0 recibler l\u2019un de nos utilisateurs ;<\/li>\n\n\n\n<li>Vous fournir des offres marketing et du mat\u00e9riel promotionnel li\u00e9s \u00e0 notre site et \u00e0 nos services ;  <\/li>\n\n\n\n<li>Effectuer des recherches, des diagnostics techniques ou des analyses ;<\/li>\n<\/ul>\n\n\n\n<p>Nous pouvons \u00e9galement divulguer des informations si nous avons de bonnes raisons de croire que la divulgation de ces informations est utile ou raisonnablement n\u00e9cessaire pour : (i) se conformer \u00e0 toute loi, r\u00e9glementation, proc\u00e9dure judiciaire ou demande gouvernementale applicable ; (ii) appliquer nos politiques (y compris notre Accord), y compris les enqu\u00eates sur les violations potentielles de celles-ci ; (iii) enqu\u00eater, d\u00e9tecter, pr\u00e9venir ou prendre des mesures concernant des activit\u00e9s ill\u00e9gales ou d\u2019autres actes r\u00e9pr\u00e9hensibles, des fraudes pr\u00e9sum\u00e9es ou des probl\u00e8mes de s\u00e9curit\u00e9 ; (iv) pour \u00e9tablir ou exercer nos droits de d\u00e9fense contre des r\u00e9clamations l\u00e9gales ; (v) pr\u00e9venir les atteintes aux droits, \u00e0 la propri\u00e9t\u00e9 ou \u00e0 la s\u00e9curit\u00e9 de nous, de nos utilisateurs, de vous-m\u00eame ou de tout tiers ; ou (vi) dans le but de collaborer avec les organismes charg\u00e9s de l\u2019application de la loi et\/ou si nous le jugeons n\u00e9cessaire pour faire respecter la propri\u00e9t\u00e9 intellectuelle ou d\u2019autres droits l\u00e9gaux.<\/p>\n\n\n\n<h2 class=\"wp-block-heading\">DROITS DES UTILISATEURS<\/h2>\n\n\n\n<p>Vous pouvez demander \u00e0 :  <\/p>\n\n\n\n<ol class=\"wp-block-list\">\n<li>Recevoir la confirmation que des informations personnelles vous concernant sont trait\u00e9es ou non et acc\u00e9der \u00e0 vos informations personnelles stock\u00e9es, ainsi qu\u2019\u00e0 des informations suppl\u00e9mentaires.  <\/li>\n\n\n\n<li>Recevez une copie des renseignements personnels que vous nous fournissez directement dans un format structur\u00e9, couramment utilis\u00e9 et lisible par machine.  <\/li>\n\n\n\n<li>Demander la rectification de vos informations personnelles qui sont sous notre contr\u00f4le.<\/li>\n\n\n\n<li>Demander l\u2019effacement de vos informations personnelles.  <\/li>\n\n\n\n<li>S\u2019opposer au traitement des informations personnelles par nous.  <\/li>\n\n\n\n<li>Demande de limitation du traitement de vos informations personnelles par nous.<\/li>\n\n\n\n<li>D\u00e9poser une plainte aupr\u00e8s d\u2019une autorit\u00e9 de contr\u00f4le.<\/li>\n<\/ol>\n\n\n\n<p>Toutefois, veuillez noter que ces droits ne sont pas absolus et peuvent \u00eatre soumis \u00e0 nos propres int\u00e9r\u00eats l\u00e9gitimes et exigences r\u00e9glementaires.  <\/p>\n\n\n\n<p>Si vous souhaitez exercer l\u2019un des droits ci-dessus ou recevoir plus d\u2019informations, veuillez contacter notre d\u00e9l\u00e9gu\u00e9 \u00e0 la protection des donn\u00e9es (\u00ab DPD \u00bb) en utilisant les coordonn\u00e9es fournies ci-dessous :<\/p>\n\n\n\n<p>Lisa Sinclair : lsinclair@precisionprofiles.co.uk<\/p>\n\n\n\n<h2 class=\"wp-block-heading\">R\u00c9TENTION<\/h2>\n\n\n\n<p>Nous conserverons vos informations personnelles aussi longtemps que n\u00e9cessaire pour fournir nos services et aussi longtemps que n\u00e9cessaire pour nous conformer \u00e0 nos obligations l\u00e9gales, r\u00e9soudre les litiges et appliquer nos politiques. Les p\u00e9riodes de conservation seront d\u00e9termin\u00e9es en fonction du type de renseignements recueillis et des fins auxquelles ils sont recueillis, en tenant compte des exigences applicables \u00e0 la situation et de la n\u00e9cessit\u00e9 de d\u00e9truire les renseignements p\u00e9rim\u00e9s et inutilis\u00e9s d\u00e8s que possible. En vertu de la r\u00e9glementation applicable, nous conserverons des dossiers contenant les donn\u00e9es personnelles des clients, les documents d\u2019ouverture de compte, les communications et tout ce qui est requis par les lois et r\u00e9glementations applicables.  <\/p>\n\n\n\n<p>Nous pouvons rectifier, compl\u00e9ter ou supprimer des informations incompl\u00e8tes ou inexactes, \u00e0 tout moment et \u00e0 notre propre discr\u00e9tion.<\/p>\n\n\n\n<h2 class=\"wp-block-heading\">COOKIES<\/h2>\n\n\n\n<p>Nous et nos partenaires de confiance utilisons des cookies et d\u2019autres technologies dans nos services connexes, y compris lorsque vous visitez notre site ou acc\u00e9dez \u00e0 nos services.  <\/p>\n\n\n\n<p>Un \u00ab cookie \u00bb est un petit \u00e9l\u00e9ment d\u2019information qu\u2019un site Web attribue \u00e0 votre appareil lorsque vous consultez un site Web. Les cookies sont tr\u00e8s utiles et peuvent \u00eatre utilis\u00e9s \u00e0 diff\u00e9rentes fins. Ces objectifs incluent vous permettre de naviguer efficacement entre les pages, activer automatiquement certaines fonctionnalit\u00e9s, m\u00e9moriser vos pr\u00e9f\u00e9rences et rendre l\u2019interaction entre vous et nos Services plus rapide et plus facile. Les cookies sont \u00e9galement utilis\u00e9s pour s\u2019assurer que les publicit\u00e9s que vous voyez sont pertinentes pour vous et vos int\u00e9r\u00eats et pour compiler des donn\u00e9es statistiques sur votre utilisation de nos Services.  <\/p>\n\n\n\n<p>Le Site utilise les types de cookies suivants :<\/p>\n\n\n\n<p><strong>un. \u00ab cookies de session \u00bb<\/strong>  qui ne sont stock\u00e9es que temporairement pendant une session de navigation afin de permettre une utilisation normale du syst\u00e8me et sont supprim\u00e9es de votre appareil lorsque le navigateur est ferm\u00e9 ;  <\/p>\n\n\n\n<p><strong>b. \u00ab cookies persistants<\/strong>\u00bb qui sont en lecture seule par le Site, enregistr\u00e9s sur votre ordinateur pendant une dur\u00e9e d\u00e9termin\u00e9e et ne sont pas supprim\u00e9s \u00e0 la fermeture du navigateur. Ces cookies sont utilis\u00e9s lorsque nous avons besoin de savoir qui vous \u00eates pour des visites r\u00e9p\u00e9t\u00e9es, par exemple pour nous permettre de stocker vos pr\u00e9f\u00e9rences pour la prochaine connexion ;  <\/p>\n\n\n\n<p><strong>c. \u00ab Cookies tiers \u00bb<\/strong>  qui sont d\u00e9finis par d\u2019autres services en ligne qui diffusent du contenu sur la page que vous consultez, par exemple par des soci\u00e9t\u00e9s d\u2019analyse tierces qui surveillent et analysent notre acc\u00e8s au Web.<\/p>\n\n\n\n<p>Les cookies ne contiennent aucune information permettant de vous identifier personnellement, mais les informations personnelles que nous stockons \u00e0 votre sujet peuvent \u00eatre li\u00e9es, par nous, aux informations stock\u00e9es et obtenues \u00e0 partir des cookies. Vous pouvez supprimer les cookies en suivant les instructions des pr\u00e9f\u00e9rences de votre appareil ; cependant, si vous choisissez de d\u00e9sactiver les cookies, certaines fonctionnalit\u00e9s de notre site peuvent ne pas fonctionner correctement et votre exp\u00e9rience en ligne peut \u00eatre limit\u00e9e.<\/p>\n\n\n\n<p>Nous utilisons \u00e9galement un outil appel\u00e9 \u00ab Google Analytics \u00bb pour recueillir des informations sur votre utilisation du site. Google Analytics collecte des informations telles que la fr\u00e9quence \u00e0 laquelle les utilisateurs acc\u00e8dent au Site, les pages qu\u2019ils visitent, quand ils le font, etc. Nous utilisons les informations que nous obtenons de Google Analytics uniquement pour am\u00e9liorer notre site et nos services. Google Analytics recueille l\u2019adresse IP qui vous est attribu\u00e9e \u00e0 la date \u00e0 laquelle vous visitez les sites, plut\u00f4t que votre nom ou d\u2019autres informations d\u2019identification. Nous ne combinons pas les informations collect\u00e9es par l\u2019utilisation de Google Analytics avec des informations personnellement identifiables. La capacit\u00e9 de Google \u00e0 utiliser et \u00e0 partager les informations collect\u00e9es par Google Analytics sur vos visites sur ce site est limit\u00e9e par les conditions d\u2019utilisation de Google Analytics et la politique de confidentialit\u00e9 de Google.<\/p>\n\n\n\n<h2 class=\"wp-block-heading\">COLLECTE D\u2019INFORMATIONS PAR DES TIERS<\/h2>\n\n\n\n<p>Notre politique ne traite que de l\u2019utilisation et de la divulgation des informations que nous recueillons aupr\u00e8s de vous. Dans la mesure o\u00f9 vous divulguez vos informations \u00e0 d\u2019autres parties ou sites sur Internet, des r\u00e8gles diff\u00e9rentes peuvent s\u2019appliquer \u00e0 leur utilisation ou \u00e0 la divulgation des informations que vous leur divulguez. Par cons\u00e9quent, nous vous encourageons \u00e0 lire les conditions g\u00e9n\u00e9rales et la politique de confidentialit\u00e9 de chaque tiers auquel vous choisissez de divulguer des informations.  <\/p>\n\n\n\n<p>La pr\u00e9sente politique de confidentialit\u00e9 ne s\u2019applique pas aux pratiques des entreprises que nous ne poss\u00e9dons pas ou ne contr\u00f4lons pas, ni aux personnes que nous n\u2019employons pas ou ne g\u00e9rons pas, y compris les tiers auxquels nous pouvons divulguer des informations, comme indiqu\u00e9 dans la pr\u00e9sente politique de confidentialit\u00e9.  <\/p>\n\n\n\n<h2 class=\"wp-block-heading\" id=\"1604837267\">COMMENT PROT\u00c9GEONS-NOUS VOS INFORMATIONS ?<\/h2>\n\n\n\n<p>Nous apportons le plus grand soin \u00e0 la mise en \u0153uvre et au maintien de la s\u00e9curit\u00e9 du Site et de vos informations. Nous utilisons des proc\u00e9dures et des politiques standard de l\u2019industrie pour assurer la s\u00e9curit\u00e9 des informations que nous recueillons et conservons, et emp\u00eacher l\u2019utilisation non autoris\u00e9e de ces informations, et nous exigeons de tout tiers qu\u2019il se conforme \u00e0 des exigences de s\u00e9curit\u00e9 similaires, conform\u00e9ment \u00e0 la pr\u00e9sente politique de confidentialit\u00e9. Bien que nous prenions des mesures raisonnables pour prot\u00e9ger les informations, nous ne pouvons \u00eatre tenus responsables des actes de ceux qui obtiennent un acc\u00e8s non autoris\u00e9 ou abusent de notre site, et nous ne donnons aucune garantie, expresse, implicite ou autre, que nous emp\u00eacherons un tel acc\u00e8s.<\/p>\n\n\n\n<h2 class=\"wp-block-heading\">TRANSFERT DE DONN\u00c9ES EN DEHORS DE L\u2019EEE  <\/h2>\n\n\n\n<p>Veuillez noter que certains destinataires des donn\u00e9es peuvent \u00eatre situ\u00e9s en dehors de l\u2019EEE. Dans de tels cas, nous ne transf\u00e9rerons vos donn\u00e9es que vers les pays approuv\u00e9s par la Commission europ\u00e9enne comme offrant un niveau ad\u00e9quat de protection des donn\u00e9es, ou conclurons des accords juridiques garantissant un niveau ad\u00e9quat de protection des donn\u00e9es.<\/p>\n\n\n\n<h2 class=\"wp-block-heading\">PUBLICIT\u00c9S<\/h2>\n\n\n\n<p>  Nous pouvons utiliser une technologie publicitaire tierce pour diffuser des publicit\u00e9s lorsque vous acc\u00e9dez au site. Cette technologie utilise vos informations en ce qui concerne votre utilisation des Services pour vous proposer des publicit\u00e9s (par exemple, en pla\u00e7ant des cookies tiers sur votre navigateur Web).  <\/p>\n\n\n\n<p>Vous pouvez vous d\u00e9sinscrire de nombreux r\u00e9seaux publicitaires tiers, y compris ceux exploit\u00e9s par les membres de la Network Advertising Initiative (\u00ab NAI \u00bb) et de la Digital Advertising Alliance (\u00ab DAA \u00bb). Pour plus d\u2019informations sur cette pratique des membres de la NAI et de la DAA, et sur vos choix concernant l\u2019utilisation de ces informations par ces soci\u00e9t\u00e9s, y compris sur la mani\u00e8re de vous d\u00e9sinscrire des r\u00e9seaux publicitaires tiers exploit\u00e9s par les membres de la NAI et de la DAA, veuillez consulter leurs sites Web respectifs : <a href=\"http:\/\/optout.networkadvertising.org\/\" target=\"_blank\" rel=\"noreferrer noopener\">http:\/\/optout.networkadvertising.org<\/a> et <a href=\"http:\/\/optout.aboutads.info\/\" target=\"_blank\" rel=\"noreferrer noopener\">http:\/\/optout.aboutads.info<\/a><\/p>\n\n\n\n<h2 class=\"wp-block-heading\">MARKETING<\/h2>\n\n\n\n<p>Nous pouvons utiliser vos renseignements personnels tels que votre nom, votre adresse \u00e9lectronique, votre num\u00e9ro de t\u00e9l\u00e9phone, etc., nous-m\u00eames ou en faisant appel \u00e0 nos sous-traitants tiers, dans le but de vous fournir du mat\u00e9riel promotionnel concernant nos services qui, selon nous, pourrait vous int\u00e9resser.  <\/p>\n\n\n\n<p>Pour respecter votre droit \u00e0 la vie priv\u00e9e, nous vous fournissons dans ces documents marketing les moyens de refuser de recevoir d\u2019autres offres marketing de notre part. Si vous vous d\u00e9sabonnez, nous supprimerons votre adresse e-mail ou votre num\u00e9ro de t\u00e9l\u00e9phone de nos listes de distribution marketing.  <\/p>\n\n\n\n<p>Veuillez noter que m\u00eame si vous vous \u00eates d\u00e9sabonn\u00e9 de la r\u00e9ception d\u2019e-mails marketing de notre part, nous pouvons vous envoyer d\u2019autres types de communications importantes par e-mail sans vous offrir la possibilit\u00e9 de refuser de les recevoir. Il peut s\u2019agir d\u2019annonces de service \u00e0 la client\u00e8le ou d\u2019avis administratifs.<\/p>\n\n\n\n<h2 class=\"wp-block-heading\">TRANSACTION D\u2019ENTREPRISE<\/h2>\n\n\n\n<p>Nous pouvons partager des informations dans le cas d\u2019une transaction d\u2019entreprise (par exemple, vente d\u2019une partie substantielle de notre entreprise, fusion, consolidation ou vente d\u2019actifs). Dans ce cas, le cessionnaire ou la soci\u00e9t\u00e9 acqu\u00e9reuse assumera les droits et obligations d\u00e9crits dans la pr\u00e9sente politique de confidentialit\u00e9.<\/p>\n\n\n\n<h2 class=\"wp-block-heading\">MINEURS<\/h2>\n\n\n\n<p>Nous comprenons l\u2019importance de prot\u00e9ger la vie priv\u00e9e des enfants, en particulier dans un environnement en ligne. Le Site n\u2019est pas con\u00e7u pour ou destin\u00e9 aux enfants. En aucun cas, nous n\u2019autoriserons l\u2019utilisation de nos services par des mineurs sans le consentement ou l\u2019autorisation pr\u00e9alable d\u2019un parent ou d\u2019un tuteur l\u00e9gal. Nous ne recueillons pas sciemment d\u2019informations personnelles aupr\u00e8s de mineurs. Si un parent ou un tuteur apprend que son enfant nous a fourni des renseignements personnels sans son consentement, il doit communiquer avec nous au <a href=\"mailto:lsinclair@precisionprofiles.co.uk\">lsinclair@precisionprofiles.co.uk<\/a>.<\/p>\n\n\n\n<h2 class=\"wp-block-heading\">MISES \u00c0 JOUR OU MODIFICATIONS DE LA PR\u00c9SENTE POLITIQUE DE CONFIDENTIALIT\u00c9<\/h2>\n\n\n\n<p>Nous nous r\u00e9servons le droit de modifier ou de r\u00e9viser p\u00e9riodiquement la politique de confidentialit\u00e9 ; les modifications importantes entreront en vigueur imm\u00e9diatement apr\u00e8s l\u2019affichage de la politique de confidentialit\u00e9 r\u00e9vis\u00e9e. La derni\u00e8re r\u00e9vision sera refl\u00e9t\u00e9e dans la section \u00ab Derni\u00e8re modification \u00bb. Votre utilisation continue de la plateforme, apr\u00e8s la notification de ces modifications sur notre site Web, constitue votre reconnaissance et votre consentement \u00e0 ces modifications de la politique de confidentialit\u00e9 et votre accord d\u2019\u00eatre li\u00e9 par les conditions de ces modifications.<\/p>\n\n\n\n<h2 class=\"wp-block-heading\">COMMENT NOUS CONTACTER<\/h2>\n\n\n\n<p>Si vous avez des questions d\u2019ordre g\u00e9n\u00e9ral sur le Site ou sur les informations que nous recueillons \u00e0 votre sujet et sur la fa\u00e7on dont nous les utilisons, vous pouvez nous contacter \u00e0 l\u2019adresse igroveswhitesmh.co.uk.<\/p>\n\n\n\n<p>Manutention des mat\u00e9riaux blancs lt\u00e9e<br\/>Promenade Southway<br\/>Bristol<br\/>BS30 5LW<\/p>\n\n\n\n<p>Num\u00e9ro d\u2019enregistrement 1248229<\/p>\n\n\n\n<p>Derni\u00e8re modification 25 mai 2018<\/p>\n<\/div>\n","protected":false},"excerpt":{"rendered":"<p>POLITIQUE DE CONFIDENTIALIT\u00c9 INTRODUCTION La pr\u00e9sente politique de confidentialit\u00e9 d\u00e9crit les pratiques de Whites Material Handling Limited (\u00ab nous \u00bb, \u00ab notre \u00bb ou \u00ab la Soci\u00e9t\u00e9 \u00bb) en ce qui concerne les renseignements recueillis aupr\u00e8s des utilisateurs qui acc\u00e8dent \u00e0 notre site Web \u00e0 l\u2019adresse www.whitesmh.co.uk (\u00ab Site \u00bb) ou qui partagent des renseignements&hellip;<\/p>\n","protected":false},"author":1,"featured_media":0,"parent":0,"menu_order":0,"comment_status":"closed","ping_status":"open","template":"","meta":{"_acf_changed":false,"footnotes":""},"class_list":{"2":"type-page"},"acf":[],"_links":{"self":[{"href":"https:\/\/www.whitesmh.co.uk\/fr\/wp-json\/wp\/v2\/pages\/4690","targetHints":{"allow":["GET"]}}],"collection":[{"href":"https:\/\/www.whitesmh.co.uk\/fr\/wp-json\/wp\/v2\/pages"}],"about":[{"href":"https:\/\/www.whitesmh.co.uk\/fr\/wp-json\/wp\/v2\/types\/page"}],"author":[{"embeddable":true,"href":"https:\/\/www.whitesmh.co.uk\/fr\/wp-json\/wp\/v2\/users\/1"}],"replies":[{"embeddable":true,"href":"https:\/\/www.whitesmh.co.uk\/fr\/wp-json\/wp\/v2\/comments?post=4690"}],"version-history":[{"count":0,"href":"https:\/\/www.whitesmh.co.uk\/fr\/wp-json\/wp\/v2\/pages\/4690\/revisions"}],"wp:attachment":[{"href":"https:\/\/www.whitesmh.co.uk\/fr\/wp-json\/wp\/v2\/media?parent=4690"}],"curies":[{"name":"wp","href":"https:\/\/api.w.org\/{rel}","templated":true}]}}