{"id":4674,"date":"2023-11-15T10:42:05","date_gmt":"2023-11-15T10:42:05","guid":{"rendered":"https:\/\/www.whitesmh.co.uk\/qui-sommes-nous\/carrieres\/"},"modified":"2024-05-10T13:20:59","modified_gmt":"2024-05-10T13:20:59","slug":"carrieres","status":"publish","type":"page","link":"https:\/\/www.whitesmh.co.uk\/fr\/qui-sommes-nous\/carrieres\/","title":{"rendered":"Carri\u00e8res"},"content":{"rendered":"\n<div class=\"wp-block-group alignfull is-layout-constrained wp-block-group-is-layout-constrained\" style=\"padding-top:var(--wp--preset--spacing--80);padding-bottom:var(--wp--preset--spacing--80)\">\n<p class=\"has-primary-color has-text-color has-link-color has-medium-font-size wp-elements-8bf6412b976e01ac0c77fa5d1a9beb89\">Voulez-vous faire carri\u00e8re dans une entreprise manufacturi\u00e8re prosp\u00e8re et au rythme rapide bas\u00e9e au Royaume-Uni ?<\/p>\n\n\n\n<p>WHITES est toujours \u00e0 la recherche de personnes talentueuses pour rejoindre notre \u00e9quipe, que ce soit dans l\u2019usine, dans la conception de produits, dans les ventes ou au sein de l\u2019\u00e9quipe de soutien au bureau.<\/p>\n\n\n\n<p>Pour postuler \u00e0 un poste annonc\u00e9 ou pour envoyer votre CV et votre lettre de motivation, veuillez envoyer un e-mail vacancies@whitesmh.co.uk<\/p>\n\n\n\n<div class=\"wp-block-group is-layout-constrained wp-container-core-group-is-layout-aeedb313 wp-block-group-is-layout-constrained\" style=\"padding-top:var(--wp--preset--spacing--40);padding-right:var(--wp--preset--spacing--40);padding-bottom:var(--wp--preset--spacing--40);padding-left:var(--wp--preset--spacing--40)\">\n<p class=\"has-text-align-center\"><strong>OPPORTUNIT\u00c9S ACTUELLES<\/strong><\/p>\n\n\n\n<div class=\"wp-block-columns has-border-color has-tertiary-border-color is-layout-flex wp-container-core-columns-is-layout-28f84493 wp-block-columns-is-layout-flex\" style=\"border-width:1px\">\n<div class=\"wp-block-column is-layout-flow wp-block-column-is-layout-flow\">\n<p>Fabricants \/ Soudeurs<br\/>Pulv\u00e9risateurs de peinture<br\/>Op\u00e9rateurs d\u2019entrep\u00f4t<\/p>\n<\/div>\n\n\n\n<div class=\"wp-block-column is-layout-flow wp-block-column-is-layout-flow\">\n<p>Agents d\u2019assemblage\/d\u2019exp\u00e9dition<br\/>Manoeuvres<br\/>Chauffeurs de fourgonnettes (inter-d\u00e9p\u00f4ts)<\/p>\n<\/div>\n<\/div>\n<\/div>\n<\/div>\n","protected":false},"excerpt":{"rendered":"<p>Voulez-vous faire carri\u00e8re dans une entreprise manufacturi\u00e8re prosp\u00e8re et au rythme rapide bas\u00e9e au Royaume-Uni ? WHITES est toujours \u00e0 la recherche de personnes talentueuses pour rejoindre notre \u00e9quipe, que ce soit dans l\u2019usine, dans la conception de produits, dans les ventes ou au sein de l\u2019\u00e9quipe de soutien au bureau. Pour postuler \u00e0 un&hellip;<\/p>\n","protected":false},"author":1,"featured_media":0,"parent":4643,"menu_order":0,"comment_status":"closed","ping_status":"closed","template":"","meta":{"_acf_changed":false,"footnotes":""},"class_list":{"2":"type-page"},"acf":[],"_links":{"self":[{"href":"https:\/\/www.whitesmh.co.uk\/fr\/wp-json\/wp\/v2\/pages\/4674","targetHints":{"allow":["GET"]}}],"collection":[{"href":"https:\/\/www.whitesmh.co.uk\/fr\/wp-json\/wp\/v2\/pages"}],"about":[{"href":"https:\/\/www.whitesmh.co.uk\/fr\/wp-json\/wp\/v2\/types\/page"}],"author":[{"embeddable":true,"href":"https:\/\/www.whitesmh.co.uk\/fr\/wp-json\/wp\/v2\/users\/1"}],"replies":[{"embeddable":true,"href":"https:\/\/www.whitesmh.co.uk\/fr\/wp-json\/wp\/v2\/comments?post=4674"}],"version-history":[{"count":0,"href":"https:\/\/www.whitesmh.co.uk\/fr\/wp-json\/wp\/v2\/pages\/4674\/revisions"}],"up":[{"embeddable":true,"href":"https:\/\/www.whitesmh.co.uk\/fr\/wp-json\/wp\/v2\/pages\/4643"}],"wp:attachment":[{"href":"https:\/\/www.whitesmh.co.uk\/fr\/wp-json\/wp\/v2\/media?parent=4674"}],"curies":[{"name":"wp","href":"https:\/\/api.w.org\/{rel}","templated":true}]}}