{"id":4664,"date":"2023-08-17T11:23:33","date_gmt":"2023-08-17T11:23:33","guid":{"rendered":"https:\/\/www.whitesmh.co.uk\/domicile\/"},"modified":"2024-05-10T12:42:51","modified_gmt":"2024-05-10T12:42:51","slug":"domicile","status":"publish","type":"page","link":"https:\/\/www.whitesmh.co.uk\/fr\/","title":{"rendered":"Domicile"},"content":{"rendered":"<div id=\"slideshow-2094990099\" class=\"swiper slideshow\">\n\t<div class=\"swiper-wrapper\">   \n\t\t\t\t<div class=\"swiper-slide\">\n\n\t\t\t\t\t\t<a href=\"https:\/\/www.whitesmh.co.uk\/products\/digging-buckets\/\" title=\"Godets d\u2019excavatrice\">\n\t\t\t\t\t\t\t\t<div class=\"background\" style=\"background-image:url(https:\/\/www.whitesmh.co.uk\/wp-content\/uploads\/Untitled-2.jpg);\">\n\t\t\t\t\t<div class=\"slideshow-container\">\n\t\t\t\t\t\t<div class=\"slideshow-caption\">\n\t\t\t\t\t\t\t<h2>GODETS D\u2019EXCAVATRICE<\/h2>\t\t\t\t\t\t\t<p>LEADER DES PARTS DE MARCH\u00c9 AU ROYAUME-UNI | SP\u00c9CIFICATION IN\u00c9GAL\u00c9E<\/p>\n\n\t\t\t\t\t\t<\/div>\n\t\t\t\t\t<\/div>\n\t\t\t\t<\/div>\n\t\t\t\t<\/a>\t\t<\/div>\n\t\t\t\t<div class=\"swiper-slide\">\n\n\t\t\t\t\t\t<a href=\"https:\/\/www.whitesmh.co.uk\/products\/totalock-2-hydraulic-couplers\/\" title=\"Totalock 2\">\n\t\t\t\t\t\t\t\t<div class=\"background\" style=\"background-image:url(https:\/\/www.whitesmh.co.uk\/wp-content\/uploads\/Untitled1.jpg);\">\n\t\t\t\t\t<div class=\"slideshow-container\">\n\t\t\t\t\t\t<div class=\"slideshow-caption\">\n\t\t\t\t\t\t\t<h2>TOTALOCK 2<\/h2>\t\t\t\t\t\t\t<p>LEADER DES PARTS DE MARCH\u00c9 AU ROYAUME-UNI | CARACT\u00c9RISTIQUES IN\u00c9GAL\u00c9ES<\/p>\n\n\t\t\t\t\t\t<\/div>\n\t\t\t\t\t<\/div>\n\t\t\t\t<\/div>\n\t\t\t\t<\/a>\t\t<\/div>\n\t\t\t\t<div class=\"swiper-slide\">\n\n\t\t\t\t\t\t<a href=\"https:\/\/www.whitesmh.co.uk\/products\/ag-x-gp-buckets\/\" title=\"Remanutention des godets\">\n\t\t\t\t\t\t\t\t<div class=\"background\" style=\"background-image:url(https:\/\/www.whitesmh.co.uk\/wp-content\/uploads\/IMG_3033-1400x1050.jpeg);\">\n\t\t\t\t\t<div class=\"slideshow-container\">\n\t\t\t\t\t\t<div class=\"slideshow-caption\">\n\t\t\t\t\t\t\t<h2>GODETS AG-X<\/h2>\t\t\t\t\t\t\t<p>LES MEILLEURS DESIGNS | CARACT\u00c9RISTIQUES INNOVANTES<\/p>\n\n\t\t\t\t\t\t<\/div>\n\t\t\t\t\t<\/div>\n\t\t\t\t<\/div>\n\t\t\t\t<\/a>\t\t<\/div>\n\t\t\t\t<div class=\"swiper-slide\">\n\n\t\t\t\t\t\t<a href=\"https:\/\/www.whitesmh.co.uk\/products\/ag-x-bucket-brushes\/\" title=\"Brosses \u00e0 godets\">\n\t\t\t\t\t\t\t\t<div class=\"background\" style=\"background-image:url(https:\/\/www.whitesmh.co.uk\/wp-content\/uploads\/IMG_1302-1400x1050.jpeg);\">\n\t\t\t\t\t<div class=\"slideshow-container\">\n\t\t\t\t\t\t<div class=\"slideshow-caption\">\n\t\t\t\t\t\t\t<h2>BROSSES BAQUETTES<\/h2>\t\t\t\t\t\t\t<p>SP\u00c9CIFICATION LEADER DU MARCH\u00c9 | CONCEPTIONS APPROUV\u00c9ES PAR LES OEM<\/p>\n\n\t\t\t\t\t\t<\/div>\n\t\t\t\t\t<\/div>\n\t\t\t\t<\/div>\n\t\t\t\t<\/a>\t\t<\/div>\n\t\t\t\t<div class=\"swiper-slide\">\n\n\t\t\t\t\t\t<a href=\"https:\/\/www.whitesmh.co.uk\/products\/totaltilt-tilting-couplers\/\" title=\"Totaltilt\">\n\t\t\t\t\t\t\t\t<div class=\"background\" style=\"background-image:url(https:\/\/www.whitesmh.co.uk\/wp-content\/uploads\/Totaltilt2-1400x1050.jpg);\">\n\t\t\t\t\t<div class=\"slideshow-container\">\n\t\t\t\t\t\t<div class=\"slideshow-caption\">\n\t\t\t\t\t\t\t<h2>TOTALTILT<\/h2>\t\t\t\t\t\t\t<p>CONTR\u00d4LE TOTAL | PRODUCTIVIT\u00c9 TOTALE | INNOVATION TOTALE<\/p>\n\n\t\t\t\t\t\t<\/div>\n\t\t\t\t\t<\/div>\n\t\t\t\t<\/div>\n\t\t\t\t<\/a>\t\t<\/div>\n\t\t\t\t<div class=\"swiper-slide\">\n\n\t\t\t\t\t\t<a href=\"https:\/\/www.whitesmh.co.uk\/products\/double-fork-positioners\/\" title=\"Positionneurs de fourches\">\n\t\t\t\t\t\t\t\t<div class=\"background\" style=\"background-image:url(https:\/\/www.whitesmh.co.uk\/wp-content\/uploads\/Double-Fork-Positioner-Manitu-1400x933.jpeg);\">\n\t\t\t\t\t<div class=\"slideshow-container\">\n\t\t\t\t\t\t<div class=\"slideshow-caption\">\n\t\t\t\t\t\t\t<h2>POSITIONNEURS DE FOURCHES<\/h2>\t\t\t\t\t\t\t<p>CONCEPTION APPROUV\u00c9E PAR L\u2019\u00c9QUIPEMENTIER | AM\u00c9LIORER L\u2019EFFICACIT\u00c9 DU SITE | S\u00c9CURIT\u00c9 ROUTI\u00c8RE  <\/p>\n\n\t\t\t\t\t\t<\/div>\n\t\t\t\t\t<\/div>\n\t\t\t\t<\/div>\n\t\t\t\t<\/a>\t\t<\/div>\n\t\t\t\t<div class=\"swiper-slide\">\n\n\t\t\t\t\t\t<a href=\"https:\/\/www.whitesmh.co.uk\/products\/ag-x-shear-grabs\/\" title=\"Grappins de cisaillement\">\n\t\t\t\t\t\t\t\t<div class=\"background\" style=\"background-image:url(https:\/\/www.whitesmh.co.uk\/wp-content\/uploads\/IMG_0022-1-1400x1050.jpeg);\">\n\t\t\t\t\t<div class=\"slideshow-container\">\n\t\t\t\t\t\t<div class=\"slideshow-caption\">\n\t\t\t\t\t\t\t<h2>PINCES DE CISAILLEMENT<\/h2>\t\t\t\t\t\t\t<p>BO\u00ceTES HARDOX | SP\u00c9CIFICATION LEADER DU MARCH\u00c9<\/p>\n\n\t\t\t\t\t\t<\/div>\n\t\t\t\t\t<\/div>\n\t\t\t\t<\/div>\n\t\t\t\t<\/a>\t\t<\/div>\n\t\t\t\t<div class=\"swiper-slide\">\n\n\t\t\t\t\t\t<a href=\"https:\/\/www.whitesmh.co.uk\/products\/grain-pushers\/\" title=\"Poussoirs \u00e0 grains\">\n\t\t\t\t\t\t\t\t<div class=\"background\" style=\"background-image:url(https:\/\/www.whitesmh.co.uk\/wp-content\/uploads\/IMG_3491-1-1400x1050.jpeg);\">\n\t\t\t\t\t<div class=\"slideshow-container\">\n\t\t\t\t\t\t<div class=\"slideshow-caption\">\n\t\t\t\t\t\t\t<h2>POUSSOIRS \u00c0 GRAINS<\/h2>\t\t\t\t\t\t\t<p>CONCEPTION MODULAIRE | TUBE ROND | EXTENSIONS OPTIONNELLES<\/p>\n\n\t\t\t\t\t\t<\/div>\n\t\t\t\t\t<\/div>\n\t\t\t\t<\/div>\n\t\t\t\t<\/a>\t\t<\/div>\n\t\t\t<\/div>\n\t<div class=\"swiper-button-next\"><\/div>\n\t<div class=\"swiper-button-prev\"><\/div>\n\t<div class=\"swiper-pagination\"><\/div>\n\n<\/div>\n<script>\n\tvar swiper = new Swiper(\"#slideshow-2094990099\", {\n\t\tspaceBetween: 30,\n\t\tcenteredSlides: true,\n\t\tautoplay: {\n\t\t\tdelay: 7000,\n\t\t},\n\t\tloop: true,\n\t\tslidesPerView: 1,\n\t\tallowTouchMove: true,\n\t\tdisableOnInteraction: false,\n\t\tnavigation: {\n\t\t\tnextEl: \".swiper-button-next\",\n\t\t\tprevEl: \".swiper-button-prev\",\n\t\t},\n\t\tpagination: false\n\t});\n<\/script>\n\n\n<div class=\"wp-block-group alignfull has-background-color has-primary-background-color has-text-color has-background is-layout-constrained wp-block-group-is-layout-constrained\" style=\"padding-top:var(--wp--preset--spacing--70);padding-bottom:var(--wp--preset--spacing--70)\">\n<div class=\"wp-block-columns alignwide are-vertically-aligned-center is-layout-flex wp-container-core-columns-is-layout-28f84493 wp-block-columns-is-layout-flex\">\n<div class=\"wp-block-column is-vertically-aligned-center is-layout-flow wp-block-column-is-layout-flow\" style=\"flex-basis:66.66%\">\n<h2 class=\"wp-block-heading has-text-align-center\">MANUTENTION DE MAT\u00c9RIAUX BLANCS<\/h2>\n\n\n\n<p class=\"has-text-align-center has-x-large-font-size\">Nous sommes sp\u00e9cialis\u00e9s dans la conception et la fabrication de godets et d\u2019accessoires adapt\u00e9s \u00e0 tous les types de machines de chargement.<\/p>\n\n\n\n<p class=\"has-text-align-center\">Depuis que nous nous sommes lanc\u00e9s dans la fabrication d\u2019accessoires en 1980, nous sommes devenus l\u2019un des plus grands fabricants de godets et d\u2019accessoires en Europe et le fournisseur privil\u00e9gi\u00e9 de nombreux fabricants d\u2019\u00e9quipements d\u2019origine (OEM) parmi les plus importants au monde.<\/p>\n\n\n\n<p class=\"has-text-align-center\">Nous utilisons les derni\u00e8res technologies de fabrication pour produire plus de 3500 accessoires par mois dans nos 5 usines de Bristol, au Royaume-Uni. Y compris les installations de soudage robotis\u00e9 et de d\u00e9coupe laser.  <\/p>\n\n\n\n<p class=\"has-text-align-center\">Nous sommes fiers de notre h\u00e9ritage de fabrication et nous nous targuons du statut de fabrication \u00ab MADE IN BRITAIN \u00bb.  <\/p>\n\n\n\n<p class=\"has-text-align-center has-large-font-size\"><strong>#WHITESDIFFERENCE<\/strong><\/p>\n<\/div>\n<\/div>\n<\/div>\n\n<div class=\"wp-block-group alignfull is-layout-constrained wp-block-group-is-layout-constrained\" style=\"padding-top:var(--wp--preset--spacing--60);padding-bottom:var(--wp--preset--spacing--60)\">\n<div class=\"category-grid wp-elements-127bb94d333b5260d986731386e499c6 flex \">\n\t\n\t<div id=\"block-excavator-products\" class=\"col-25 padBottom\">\n\t\t<a href=\"https:\/\/www.whitesmh.co.uk\/fr\/?taxonomy=catalogue&#038;term=excavator-products\" class=\"block radius type-excavator-products\">\n\t\t\t<img decoding=\"async\" class=\"thumb\" src=\"https:\/\/www.whitesmh.co.uk\/wp-content\/uploads\/Kubota2-1-400x400.png\" title=\"Excavator Products\" alt=\"Excavator Products\">\t\t\t<div class=\"meta smlPadAll\">\n\t\t\t\t<h2>\n\t\t\t\t\tExcavator Products\t\t\t\t\n\t\t\t\t\t\n\t\t\t\t<\/h2>\n\t\t\t<\/div>\n\t\t<\/a>\n\t<\/div>\n\t\n\t<div id=\"block-telehandler-products\" class=\"col-25 padBottom\">\n\t\t<a href=\"https:\/\/www.whitesmh.co.uk\/fr\/?taxonomy=catalogue&#038;term=telehandler-products\" class=\"block radius type-telehandler-products\">\n\t\t\t<img decoding=\"async\" class=\"thumb\" src=\"https:\/\/www.whitesmh.co.uk\/wp-content\/uploads\/Manitou-MLT-630-1-400x400.jpg\" title=\"Telehandler Products\" alt=\"Telehandler Products\">\t\t\t<div class=\"meta smlPadAll\">\n\t\t\t\t<h2>\n\t\t\t\t\tTelehandler Products\t\t\t\t\n\t\t\t\t\t\n\t\t\t\t<\/h2>\n\t\t\t<\/div>\n\t\t<\/a>\n\t<\/div>\n\t\n\t<div id=\"block-skid-steer-products\" class=\"col-25 padBottom\">\n\t\t<a href=\"https:\/\/www.whitesmh.co.uk\/fr\/?taxonomy=catalogue&#038;term=skid-steer-products\" class=\"block radius type-skid-steer-products\">\n\t\t\t<img decoding=\"async\" class=\"thumb\" src=\"https:\/\/www.whitesmh.co.uk\/wp-content\/uploads\/Bobcat1-1-400x400.jpg\" title=\"Skid Steer Products\" alt=\"Skid Steer Products\">\t\t\t<div class=\"meta smlPadAll\">\n\t\t\t\t<h2>\n\t\t\t\t\tSkid Steer Products\t\t\t\t\n\t\t\t\t\t\n\t\t\t\t<\/h2>\n\t\t\t<\/div>\n\t\t<\/a>\n\t<\/div>\n\t\n\t<div id=\"block-compact-wheled-loader-products\" class=\"col-25 padBottom\">\n\t\t<a href=\"https:\/\/www.whitesmh.co.uk\/fr\/?taxonomy=catalogue&#038;term=compact-wheled-loader-products\" class=\"block radius type-compact-wheled-loader-products\">\n\t\t\t<img decoding=\"async\" class=\"thumb\" src=\"https:\/\/www.whitesmh.co.uk\/wp-content\/uploads\/Kubota1-3-400x400.jpg\" title=\"Wheeled Loader Products\" alt=\"Wheeled Loader Products\">\t\t\t<div class=\"meta smlPadAll\">\n\t\t\t\t<h2>\n\t\t\t\t\tWheeled Loader Products\t\t\t\t\n\t\t\t\t\t\n\t\t\t\t<\/h2>\n\t\t\t<\/div>\n\t\t<\/a>\n\t<\/div>\n\t<\/div>\n\n\n\n<div style=\"height:25px\" aria-hidden=\"true\" class=\"wp-block-spacer\"><\/div>\n\n\n\n<figure class=\"wp-block-image aligncenter size-large is-resized\"><img decoding=\"async\" src=\"https:\/\/www.whitesmh.co.uk\/wp-content\/uploads\/Made-in-Britain2-1.png\" alt=\"\" style=\"width:276px;height:auto\"\/><\/figure>\n<\/div>\n\n<div class=\"wp-block-cover alignwide has-background-color has-text-color has-link-color wp-elements-4747fd1c06cde0360c64ea94687d5461 wp-duotone-grayscale\"><span aria-hidden=\"true\" class=\"wp-block-cover__background has-background-dim\"><\/span><img loading=\"lazy\" decoding=\"async\" width=\"2000\" height=\"591\" class=\"wp-block-cover__image-background wp-image-1108\" alt=\"\" src=\"https:\/\/www.whitesmh.co.uk\/wp-content\/uploads\/IMG_0891-scaled.jpg\" data-object-fit=\"cover\" srcset=\"https:\/\/www.whitesmh.co.uk\/wp-content\/uploads\/IMG_0891-scaled.jpg 2000w, https:\/\/www.whitesmh.co.uk\/wp-content\/uploads\/IMG_0891-scaled-600x177.jpg 600w, https:\/\/www.whitesmh.co.uk\/wp-content\/uploads\/IMG_0891-800x236.jpg 800w, https:\/\/www.whitesmh.co.uk\/wp-content\/uploads\/IMG_0891-768x227.jpg 768w\" sizes=\"auto, (max-width: 800px) 100vw, 800px\" \/><div class=\"wp-block-cover__inner-container is-layout-flow wp-block-cover-is-layout-flow\">\n<h2 class=\"wp-block-heading has-text-align-right has-background-color has-primary-background-color has-text-color has-background has-link-color wp-elements-1589904e663934826d02cc31ae55a59b\">POUP\u00c9ES COMP\u00c9TITIVES<\/h2>\n\n\n\n<p class=\"has-text-align-right has-foreground-color has-text-color has-background has-link-color wp-elements-b7b51361742b0fb62ceadfa2ff1bab44\" style=\"background-color:#ffffffcc\">MAXIMISEZ LE POTENTIEL DE VOTRE MACHINE DE CHARGEMENT<\/p>\n<\/div><\/div>\n","protected":false},"excerpt":{"rendered":"<p>MANUTENTION DE MAT\u00c9RIAUX BLANCS Nous sommes sp\u00e9cialis\u00e9s dans la conception et la fabrication de godets et d\u2019accessoires adapt\u00e9s \u00e0 tous les types de machines de chargement. Depuis que nous nous sommes lanc\u00e9s dans la fabrication d\u2019accessoires en 1980, nous sommes devenus l\u2019un des plus grands fabricants de godets et d\u2019accessoires en Europe et le fournisseur&hellip;<\/p>\n","protected":false},"author":1,"featured_media":0,"parent":0,"menu_order":0,"comment_status":"closed","ping_status":"closed","template":"","meta":{"_acf_changed":false,"footnotes":""},"class_list":{"2":"type-page"},"acf":[],"_links":{"self":[{"href":"https:\/\/www.whitesmh.co.uk\/fr\/wp-json\/wp\/v2\/pages\/4664","targetHints":{"allow":["GET"]}}],"collection":[{"href":"https:\/\/www.whitesmh.co.uk\/fr\/wp-json\/wp\/v2\/pages"}],"about":[{"href":"https:\/\/www.whitesmh.co.uk\/fr\/wp-json\/wp\/v2\/types\/page"}],"author":[{"embeddable":true,"href":"https:\/\/www.whitesmh.co.uk\/fr\/wp-json\/wp\/v2\/users\/1"}],"replies":[{"embeddable":true,"href":"https:\/\/www.whitesmh.co.uk\/fr\/wp-json\/wp\/v2\/comments?post=4664"}],"version-history":[{"count":0,"href":"https:\/\/www.whitesmh.co.uk\/fr\/wp-json\/wp\/v2\/pages\/4664\/revisions"}],"wp:attachment":[{"href":"https:\/\/www.whitesmh.co.uk\/fr\/wp-json\/wp\/v2\/media?parent=4664"}],"curies":[{"name":"wp","href":"https:\/\/api.w.org\/{rel}","templated":true}]}}