{"id":4652,"date":"2023-10-24T14:58:23","date_gmt":"2023-10-24T14:58:23","guid":{"rendered":"https:\/\/www.whitesmh.co.uk\/loi-sur-lesclavage-moderne\/"},"modified":"2024-05-10T10:56:49","modified_gmt":"2024-05-10T10:56:49","slug":"loi-sur-lesclavage-moderne","status":"publish","type":"page","link":"https:\/\/www.whitesmh.co.uk\/fr\/loi-sur-lesclavage-moderne\/","title":{"rendered":"Loi sur l\u2019esclavage moderne"},"content":{"rendered":"\n<div class=\"wp-block-group is-layout-constrained wp-container-core-group-is-layout-f91bc924 wp-block-group-is-layout-constrained\" style=\"padding-top:var(--wp--preset--spacing--80);padding-bottom:var(--wp--preset--spacing--80)\">\n<h1 class=\"wp-block-heading has-text-align-center\">Manutention des mat\u00e9riaux blancs lt\u00e9e<\/h1>\n\n\n\n<div class=\"wp-block-group is-layout-constrained wp-container-core-group-is-layout-f36bc466 wp-block-group-is-layout-constrained\">\n<p class=\"has-text-align-left\">Chez Whites Material Handling Ltd, en tant que concepteur et fabricant sp\u00e9cialis\u00e9 de seaux et d\u2019accessoires, nous reconnaissons la responsabilit\u00e9 que nous partageons avec nos fournisseurs, d\u2019acheter des mati\u00e8res premi\u00e8res et de vendre nos produits de mani\u00e8re \u00e9thique. Dans le cadre de cet engagement, nous reconnaissons notre responsabilit\u00e9 envers la loi sur l\u2019esclavage moderne de 2015 et assurerons la transparence au sein de l\u2019organisation et avec nos fournisseurs de biens et de services \u00e0 Whites Material Handling Ltd.  <\/p>\n\n\n\n<p class=\"has-text-align-left\">Nous voulons que nos clients aient la certitude que nos partenaires commerciaux traitent leurs employ\u00e9s de mani\u00e8re \u00e9quitable, dans le respect des droits de l\u2019homme et qu\u2019ils ne sont pas expos\u00e9s \u00e0 des conditions de travail dangereuses ou forc\u00e9s de quelque mani\u00e8re que ce soit de travailler sous l\u2019esclavage. Nous pensons que lorsque des normes \u00e9thiques sont en place, cela peut am\u00e9liorer le bien-\u00eatre, la productivit\u00e9 et la qualit\u00e9 des travailleurs, ce qui profite \u00e0 la fois \u00e0 nos fournisseurs et \u00e0 nos clients. Seuls les fournisseurs qui partagent nos normes et nos valeurs seront consid\u00e9r\u00e9s comme appropri\u00e9s pour faire affaire avec Whites Material Handling Ltd et nous cherchons \u00e0 d\u00e9velopper des relations commerciales \u00e0 long terme avec les fournisseurs bas\u00e9es sur le principe de relations \u00e9quitables, ouvertes et honn\u00eates \u00e0 tout moment.  <\/p>\n\n\n\n<p class=\"has-text-align-left\">Nous v\u00e9rifions r\u00e9guli\u00e8rement nos principaux fournisseurs et visons \u00e0 ne travailler qu\u2019avec des organisations qui s\u2019engagent \u00e9galement \u00e0 \u00e9radiquer l\u2019esclavage et la traite des \u00eatres humains. Nous v\u00e9rifions que nos principaux fournisseurs publient une d\u00e9claration annuelle d\u00e9crivant leur engagement et les mesures prises pour \u00e9liminer l\u2019esclavage moderne.  <\/p>\n\n\n\n<p class=\"has-text-align-left\">Les produits import\u00e9s provenant de l\u2019ext\u00e9rieur du Royaume-Uni ou de la CE sont potentiellement plus expos\u00e9s aux probl\u00e8mes d\u2019esclavage ou de traite des \u00eatres humains. Si les produits proviennent de ces endroits en volumes importants, nous visons \u00e0 rendre visite r\u00e9guli\u00e8rement \u00e0 notre fournisseur et \u00e0 \u00e9tablir une relation \u00e0 long terme pour nous permettre d\u2019\u00e9valuer les normes qu\u2019il respecte en mati\u00e8re d\u2019engagement envers les droits de l\u2019homme, les conditions de travail et la fourniture d\u2019un salaire d\u00e9cent.  <\/p>\n\n\n\n<p class=\"has-text-align-left\">Whites Material Handling Ltd ne travaillera avec aucune organisation qui a ou s\u2019av\u00e8re \u00eatre sciemment impliqu\u00e9e dans la traite des \u00eatres humains ou l\u2019esclavage moderne.  <\/p>\n\n\n\n<p class=\"has-text-align-left\">Les administrateurs et la haute direction de la soci\u00e9t\u00e9 sont responsables de l\u2019application de cette politique et s\u2019assurent que toutes les activit\u00e9s sont conformes \u00e0 la loi sur l\u2019esclavage moderne de 2015. Whites Material Handling Ltd fournira des ressources, une formation et des investissements ad\u00e9quats pour assurer le succ\u00e8s de son application tout au long du prochain exercice.  <br\/><\/p>\n<\/div>\n\n\n\n<figure class=\"wp-block-image aligncenter size-full\"><img loading=\"lazy\" decoding=\"async\" width=\"592\" height=\"127\" src=\"https:\/\/www.whitesmh.co.uk\/wp-content\/uploads\/image-3.png\" alt=\"\" class=\"wp-image-707\"\/><\/figure>\n<\/div>\n\n<div style=\"height:30px\" aria-hidden=\"true\" class=\"wp-block-spacer\"><\/div>\n","protected":false},"excerpt":{"rendered":"<p>Manutention des mat\u00e9riaux blancs lt\u00e9e Chez Whites Material Handling Ltd, en tant que concepteur et fabricant sp\u00e9cialis\u00e9 de seaux et d\u2019accessoires, nous reconnaissons la responsabilit\u00e9 que nous partageons avec nos fournisseurs, d\u2019acheter des mati\u00e8res premi\u00e8res et de vendre nos produits de mani\u00e8re \u00e9thique. Dans le cadre de cet engagement, nous reconnaissons notre responsabilit\u00e9 envers la&hellip;<\/p>\n","protected":false},"author":1,"featured_media":0,"parent":0,"menu_order":0,"comment_status":"closed","ping_status":"closed","template":"","meta":{"_acf_changed":false,"footnotes":""},"class_list":{"2":"type-page"},"acf":[],"_links":{"self":[{"href":"https:\/\/www.whitesmh.co.uk\/fr\/wp-json\/wp\/v2\/pages\/4652","targetHints":{"allow":["GET"]}}],"collection":[{"href":"https:\/\/www.whitesmh.co.uk\/fr\/wp-json\/wp\/v2\/pages"}],"about":[{"href":"https:\/\/www.whitesmh.co.uk\/fr\/wp-json\/wp\/v2\/types\/page"}],"author":[{"embeddable":true,"href":"https:\/\/www.whitesmh.co.uk\/fr\/wp-json\/wp\/v2\/users\/1"}],"replies":[{"embeddable":true,"href":"https:\/\/www.whitesmh.co.uk\/fr\/wp-json\/wp\/v2\/comments?post=4652"}],"version-history":[{"count":0,"href":"https:\/\/www.whitesmh.co.uk\/fr\/wp-json\/wp\/v2\/pages\/4652\/revisions"}],"wp:attachment":[{"href":"https:\/\/www.whitesmh.co.uk\/fr\/wp-json\/wp\/v2\/media?parent=4652"}],"curies":[{"name":"wp","href":"https:\/\/api.w.org\/{rel}","templated":true}]}}