{"id":4643,"date":"2023-08-17T13:13:48","date_gmt":"2023-08-17T13:13:48","guid":{"rendered":"https:\/\/www.whitesmh.co.uk\/qui-sommes-nous\/"},"modified":"2024-05-10T10:54:07","modified_gmt":"2024-05-10T10:54:07","slug":"qui-sommes-nous","status":"publish","type":"page","link":"https:\/\/www.whitesmh.co.uk\/fr\/qui-sommes-nous\/","title":{"rendered":"Qui sommes-nous"},"content":{"rendered":"\n<div style=\"height:60px\" aria-hidden=\"true\" class=\"wp-block-spacer\"><\/div>\n\n<div class=\"wp-block-group alignfull is-layout-constrained wp-container-core-group-is-layout-ea8482c2 wp-block-group-is-layout-constrained\" style=\"padding-top:var(--wp--preset--spacing--30);padding-right:0;padding-bottom:var(--wp--preset--spacing--30);padding-left:0\">\n<div class=\"wp-block-columns is-layout-flex wp-container-core-columns-is-layout-cbe57604 wp-block-columns-is-layout-flex\">\n<div class=\"wp-block-column is-layout-flow wp-block-column-is-layout-flow\">\n<h1 class=\"wp-block-heading\">Nous sommes <mark style=\"background-color:rgba(0, 0, 0, 0)\" class=\"has-inline-color has-primary-color\">WHITES<\/mark><\/h1>\n\n\n\n<p class=\"has-foreground-color has-text-color has-large-font-size\"><strong>Fond\u00e9e en <mark style=\"background-color:rgba(0, 0, 0, 0)\" class=\"has-inline-color has-foreground-color\">1924 <\/mark>en tant qu\u2019entreprise de r\u00e9paration de soudures, WHITES s\u2019est lanc\u00e9e dans la fabrication d\u2019accessoires en 1980.<\/strong> <\/p>\n\n\n\n<p>Depuis l\u2019acquisition par Precision Profiles en 1992, Whites Material Handling n\u2019a cess\u00e9 de se d\u00e9velopper pour devenir l\u2019un des plus grands fabricants europ\u00e9ens d\u2019accessoires pour machines compactes.<\/p>\n\n\n\n<p>Nous sommes sp\u00e9cialis\u00e9s dans les accessoires pour les industries de la construction, de l\u2019agriculture et des d\u00e9chets et sommes devenus le fournisseur privil\u00e9gi\u00e9 de nombreux fabricants d\u2019\u00e9quipements d\u2019origine (OEM) parmi les plus importants au monde.<\/p>\n\n\n\n<p>Tous nos produits sont marqu\u00e9s CE et une d\u00e9claration de conformit\u00e9 est disponible le cas \u00e9ch\u00e9ant pour toutes les pi\u00e8ces jointes.<\/p>\n\n\n\n<p>Tous nos produits sont fabriqu\u00e9s en interne du d\u00e9but \u00e0 la fin. Le traitement des commandes, l\u2019achat de mat\u00e9riaux, la fabrication, l\u2019assemblage et l\u2019exp\u00e9dition sont tous li\u00e9s pour assurer une tra\u00e7abilit\u00e9 compl\u00e8te et que les livraisons r\u00e9pondent aux exigences des clients.<\/p>\n<\/div>\n\n\n\n<div class=\"wp-block-column is-layout-flow wp-block-column-is-layout-flow\">\n<figure class=\"wp-block-image size-large has-custom-border is-style-default\"><img loading=\"lazy\" decoding=\"async\" width=\"1400\" height=\"933\" src=\"https:\/\/www.whitesmh.co.uk\/wp-content\/uploads\/Double-Fork-Positioner-Manitu-1400x933.jpeg\" alt=\"\" class=\"wp-image-1416\" style=\"border-radius:10px\" srcset=\"https:\/\/www.whitesmh.co.uk\/wp-content\/uploads\/Double-Fork-Positioner-Manitu-1400x933.jpeg 1400w, https:\/\/www.whitesmh.co.uk\/wp-content\/uploads\/Double-Fork-Positioner-Manitu-scaled-600x400.jpeg 600w, https:\/\/www.whitesmh.co.uk\/wp-content\/uploads\/Double-Fork-Positioner-Manitu-800x533.jpeg 800w, https:\/\/www.whitesmh.co.uk\/wp-content\/uploads\/Double-Fork-Positioner-Manitu-768x512.jpeg 768w\" sizes=\"auto, (max-width: 800px) 100vw, 800px\" \/><\/figure>\n<\/div>\n<\/div>\n<\/div>\n\n<div class=\"wp-block-group alignfull is-layout-constrained wp-block-group-is-layout-constrained\" style=\"padding-top:var(--wp--preset--spacing--60);padding-bottom:var(--wp--preset--spacing--60)\">\n<div class=\"wp-block-columns is-layout-flex wp-container-core-columns-is-layout-cbe57604 wp-block-columns-is-layout-flex\">\n<div class=\"wp-block-column is-layout-flow wp-container-core-column-is-layout-0ab540ad wp-block-column-is-layout-flow\">\n<figure class=\"wp-block-image size-large has-custom-border is-style-default\"><img decoding=\"async\" src=\"https:\/\/www.whitesmh.co.uk\/wp-content\/uploads\/Totaltilt2-1-1400x1050.jpg\" alt=\"\" class=\"wp-image-905\" style=\"border-radius:10px\"\/><\/figure>\n<\/div>\n\n\n\n<div class=\"wp-block-column is-layout-flow wp-block-column-is-layout-flow\">\n<p>Des mat\u00e9riaux et des m\u00e9thodes de production de la plus haute qualit\u00e9 sont utilis\u00e9s pendant le processus de fabrication, garantissant une r\u00e9sistance et une durabilit\u00e9 maximales du produit. Les produits finis sont test\u00e9s pour l\u2019alignement, la qualit\u00e9 et, le cas \u00e9ch\u00e9ant, la fonction hydraulique avant exp\u00e9dition afin de garantir un ajustement sans probl\u00e8me et une longue dur\u00e9e de vie des accessoires.<\/p>\n\n\n\n<p>Tous nos produits sont fabriqu\u00e9s, du d\u00e9but \u00e0 la fin, dans nos 5 usines \u00e0 Bristol, au Royaume-Uni. Pour cette raison, nous sommes un membre certifi\u00e9 &lsquo;MADE IN BRITAIN&rsquo;.  <\/p>\n\n\n\n<p>L\u2019innovation et les id\u00e9es sont au c\u0153ur de la philosophie de Whites Material Handling et nous travaillons en \u00e9troite collaboration avec les agriculteurs, les entrepreneurs, les concessionnaires, les op\u00e9rateurs, les soci\u00e9t\u00e9s de location d\u2019installations et les \u00e9quipementiers pour nous assurer que nos produits maximiseront la productivit\u00e9 qu\u2019ils peuvent atteindre \u00e0 partir de leur machine h\u00f4te. Nos conceptions de pr\u00e9-production sont test\u00e9es sur le terrain avant d\u2019\u00eatre mises sur le march\u00e9, ce qui garantit que les nouvelles conceptions sont aussi fiables qu\u2019innovantes.  <\/p>\n\n\n\n<p>Nous investissons \u00e9galement dans les derni\u00e8res technologies pour fabriquer nos produits. Au sein de notre groupe, nous disposons de la technologie de soudage robotis\u00e9 et de d\u00e9coupe laser, garantissant que nos produits sont construits selon les normes les plus \u00e9lev\u00e9es.  <\/p>\n\n\n\n<p>Si vous avez des questions sur l\u2019un de nos produits, notre \u00e9quipe d\u2019experts est toujours \u00e0 votre disposition pour vous aider de toutes les mani\u00e8res possibles.  <\/p>\n<\/div>\n<\/div>\n<\/div>\n\n<p><\/p>\n\n<div class=\"wp-block-group alignfull is-layout-constrained wp-container-core-group-is-layout-0706528e wp-block-group-is-layout-constrained\" style=\"padding-top:var(--wp--preset--spacing--60);padding-bottom:var(--wp--preset--spacing--60)\">\n<figure class=\"wp-block-embed is-type-video is-provider-youtube wp-block-embed-youtube wp-embed-aspect-16-9 wp-has-aspect-ratio\"><div class=\"wp-block-embed__wrapper\">\n<iframe loading=\"lazy\" title=\"Whites Material Handling - Company Overview\" width=\"800\" height=\"450\" src=\"https:\/\/www.youtube.com\/embed\/h9nhodQO20E?feature=oembed\" frameborder=\"0\" allow=\"accelerometer; autoplay; clipboard-write; encrypted-media; gyroscope; picture-in-picture; web-share\" referrerpolicy=\"strict-origin-when-cross-origin\" allowfullscreen><\/iframe>\n<\/div><\/figure>\n<\/div>\n\n<div class=\"wp-block-group is-layout-constrained wp-block-group-is-layout-constrained\">\n<div class=\"wp-block-columns is-layout-flex wp-container-core-columns-is-layout-28f84493 wp-block-columns-is-layout-flex\">\n<div class=\"wp-block-column is-layout-flow wp-block-column-is-layout-flow\">\n<figure class=\"wp-block-image aligncenter size-large is-resized is-style-default\"><img loading=\"lazy\" decoding=\"async\" width=\"1400\" height=\"547\" src=\"https:\/\/www.whitesmh.co.uk\/wp-content\/uploads\/AGX-Logo-1400x547.jpg\" alt=\"\" class=\"wp-image-403\" style=\"object-fit:contain;width:200px;height:200px\" srcset=\"https:\/\/www.whitesmh.co.uk\/wp-content\/uploads\/AGX-Logo-1400x547.jpg 1400w, https:\/\/www.whitesmh.co.uk\/wp-content\/uploads\/AGX-Logo-600x234.jpg 600w, https:\/\/www.whitesmh.co.uk\/wp-content\/uploads\/AGX-Logo-800x313.jpg 800w, https:\/\/www.whitesmh.co.uk\/wp-content\/uploads\/AGX-Logo-768x300.jpg 768w\" sizes=\"auto, (max-width: 800px) 100vw, 800px\" \/><\/figure>\n<\/div>\n\n\n\n<div class=\"wp-block-column is-layout-flow wp-block-column-is-layout-flow\">\n<figure class=\"wp-block-image aligncenter size-large is-resized\"><img loading=\"lazy\" decoding=\"async\" width=\"1400\" height=\"554\" src=\"https:\/\/www.whitesmh.co.uk\/wp-content\/uploads\/HDX-Logo-1400x554.jpg\" alt=\"\" class=\"wp-image-402\" style=\"object-fit:contain;width:200px;height:200px\" srcset=\"https:\/\/www.whitesmh.co.uk\/wp-content\/uploads\/HDX-Logo-1400x554.jpg 1400w, https:\/\/www.whitesmh.co.uk\/wp-content\/uploads\/HDX-Logo-600x237.jpg 600w, https:\/\/www.whitesmh.co.uk\/wp-content\/uploads\/HDX-Logo-800x317.jpg 800w, https:\/\/www.whitesmh.co.uk\/wp-content\/uploads\/HDX-Logo-768x304.jpg 768w\" sizes=\"auto, (max-width: 800px) 100vw, 800px\" \/><\/figure>\n<\/div>\n\n\n\n<div class=\"wp-block-column is-layout-flow wp-block-column-is-layout-flow\">\n<figure class=\"wp-block-image aligncenter size-large is-resized\"><img loading=\"lazy\" decoding=\"async\" width=\"1400\" height=\"302\" src=\"https:\/\/www.whitesmh.co.uk\/wp-content\/uploads\/HDX-Waste-1400x302.jpg\" alt=\"\" class=\"wp-image-401\" style=\"object-fit:contain;width:200px;height:200px\" srcset=\"https:\/\/www.whitesmh.co.uk\/wp-content\/uploads\/HDX-Waste-1400x302.jpg 1400w, https:\/\/www.whitesmh.co.uk\/wp-content\/uploads\/HDX-Waste-600x129.jpg 600w, https:\/\/www.whitesmh.co.uk\/wp-content\/uploads\/HDX-Waste-800x172.jpg 800w, https:\/\/www.whitesmh.co.uk\/wp-content\/uploads\/HDX-Waste-768x166.jpg 768w\" sizes=\"auto, (max-width: 800px) 100vw, 800px\" \/><\/figure>\n<\/div>\n\n\n\n<div class=\"wp-block-column is-layout-flow wp-block-column-is-layout-flow\">\n<figure class=\"wp-block-image aligncenter size-large is-resized\"><img loading=\"lazy\" decoding=\"async\" width=\"1400\" height=\"466\" src=\"https:\/\/www.whitesmh.co.uk\/wp-content\/uploads\/BAG-X-Logo1-1-1400x466.jpg\" alt=\"\" class=\"wp-image-2408\" style=\"object-fit:contain;width:200px;height:200px\" srcset=\"https:\/\/www.whitesmh.co.uk\/wp-content\/uploads\/BAG-X-Logo1-1-1400x466.jpg 1400w, https:\/\/www.whitesmh.co.uk\/wp-content\/uploads\/BAG-X-Logo1-1-600x200.jpg 600w, https:\/\/www.whitesmh.co.uk\/wp-content\/uploads\/BAG-X-Logo1-1-800x266.jpg 800w, https:\/\/www.whitesmh.co.uk\/wp-content\/uploads\/BAG-X-Logo1-1-768x256.jpg 768w\" sizes=\"auto, (max-width: 800px) 100vw, 800px\" \/><\/figure>\n<\/div>\n<\/div>\n<\/div>\n\n<div style=\"height:30px\" aria-hidden=\"true\" class=\"wp-block-spacer\"><\/div>\n","protected":false},"excerpt":{"rendered":"<p>Nous sommes WHITES Fond\u00e9e en 1924 en tant qu\u2019entreprise de r\u00e9paration de soudures, WHITES s\u2019est lanc\u00e9e dans la fabrication d\u2019accessoires en 1980. Depuis l\u2019acquisition par Precision Profiles en 1992, Whites Material Handling n\u2019a cess\u00e9 de se d\u00e9velopper pour devenir l\u2019un des plus grands fabricants europ\u00e9ens d\u2019accessoires pour machines compactes. Nous sommes sp\u00e9cialis\u00e9s dans les accessoires&hellip;<\/p>\n","protected":false},"author":1,"featured_media":0,"parent":0,"menu_order":0,"comment_status":"closed","ping_status":"closed","template":"","meta":{"_acf_changed":false,"footnotes":""},"class_list":{"2":"type-page"},"acf":[],"_links":{"self":[{"href":"https:\/\/www.whitesmh.co.uk\/fr\/wp-json\/wp\/v2\/pages\/4643","targetHints":{"allow":["GET"]}}],"collection":[{"href":"https:\/\/www.whitesmh.co.uk\/fr\/wp-json\/wp\/v2\/pages"}],"about":[{"href":"https:\/\/www.whitesmh.co.uk\/fr\/wp-json\/wp\/v2\/types\/page"}],"author":[{"embeddable":true,"href":"https:\/\/www.whitesmh.co.uk\/fr\/wp-json\/wp\/v2\/users\/1"}],"replies":[{"embeddable":true,"href":"https:\/\/www.whitesmh.co.uk\/fr\/wp-json\/wp\/v2\/comments?post=4643"}],"version-history":[{"count":0,"href":"https:\/\/www.whitesmh.co.uk\/fr\/wp-json\/wp\/v2\/pages\/4643\/revisions"}],"wp:attachment":[{"href":"https:\/\/www.whitesmh.co.uk\/fr\/wp-json\/wp\/v2\/media?parent=4643"}],"curies":[{"name":"wp","href":"https:\/\/api.w.org\/{rel}","templated":true}]}}