{"id":8559,"date":"2023-11-21T09:05:09","date_gmt":"2023-11-21T09:05:09","guid":{"rendered":"https:\/\/www.whitesmh.co.uk\/products\/rastrillos-ag-x\/"},"modified":"2024-11-19T09:25:18","modified_gmt":"2024-11-19T09:25:18","slug":"rastrillos-ag-x","status":"publish","type":"product","link":"https:\/\/www.whitesmh.co.uk\/es\/producto\/rastrillos-ag-x\/","title":{"rendered":"Rastrillos AG-X"},"content":{"rendered":"\n<div class=\"wp-block-columns is-layout-flex wp-container-core-columns-is-layout-28f84493 wp-block-columns-is-layout-flex\">\n<div class=\"wp-block-column is-vertically-aligned-center is-layout-flow wp-block-column-is-layout-flow\">\n<figure class=\"wp-block-image size-full\"><img loading=\"lazy\" decoding=\"async\" width=\"2000\" height=\"1500\" src=\"https:\/\/www.whitesmh.co.uk\/wp-content\/uploads\/IMG_3498-1-scaled.jpeg\" alt=\"\" class=\"wp-image-1048\" srcset=\"https:\/\/www.whitesmh.co.uk\/wp-content\/uploads\/IMG_3498-1-scaled.jpeg 2000w, https:\/\/www.whitesmh.co.uk\/wp-content\/uploads\/IMG_3498-1-scaled-600x450.jpeg 600w, https:\/\/www.whitesmh.co.uk\/wp-content\/uploads\/IMG_3498-1-800x600.jpeg 800w, https:\/\/www.whitesmh.co.uk\/wp-content\/uploads\/IMG_3498-1-768x576.jpeg 768w\" sizes=\"auto, (max-width: 800px) 100vw, 800px\" \/><\/figure>\n<\/div>\n\n\n\n<div class=\"wp-block-column is-layout-flow wp-block-column-is-layout-flow\">\n<h2 class=\"wp-block-heading\" style=\"text-transform:uppercase\">RASTRILLOS AG-X<\/h2>\n\n\n\n<p>La gama de rastrillos WHITES AG-X est\u00e1 dise\u00f1ada para satisfacer las demandas de los contratistas y el uso intensivo de la granja. Un dise\u00f1o sobredimensionado garantiza la fiabilidad durante esas intensas temporadas de ensilado.<\/p>\n\n\n\n<ul class=\"wp-block-list\">\n<li>P\u00faas Hardox de 1650 mm de longitud<\/li>\n\n\n\n<li>Retenci\u00f3n de cangrejos para el movimiento de la puerta<\/li>\n\n\n\n<li>P\u00faas laterales dobles<\/li>\n\n\n\n<li>Base endurecida y placas de desgaste laterales<\/li>\n\n\n\n<li>Puerta cortada con l\u00e1ser: gran resistencia y visibilidad (opci\u00f3n de malla disponible)<\/li>\n\n\n\n<li>Cilindros hidr\u00e1ulicos de alta capacidad<\/li>\n\n\n\n<li>Enganche de tres puntos<\/li>\n\n\n\n<li>Tiras reflectantes<\/li>\n\n\n\n<li>Placa de identificaci\u00f3n personalizada opcional<\/li>\n\n\n\n<li>Cargadora de ruedas opcional con pernos en los soportes<\/li>\n<\/ul>\n\n\n\n<div class=\"wp-block-columns is-layout-flex wp-container-core-columns-is-layout-28f84493 wp-block-columns-is-layout-flex\">\n<div class=\"wp-block-column is-layout-flow wp-block-column-is-layout-flow\" style=\"flex-basis:100%\">\n<figure class=\"wp-block-image size-medium is-resized\"><img loading=\"lazy\" decoding=\"async\" width=\"800\" height=\"135\" src=\"https:\/\/www.whitesmh.co.uk\/wp-content\/uploads\/MIB-AGX-800x135.jpg\" alt=\"\" class=\"wp-image-1173\" style=\"width:268px;height:auto\" srcset=\"https:\/\/www.whitesmh.co.uk\/wp-content\/uploads\/MIB-AGX-800x135.jpg 800w, https:\/\/www.whitesmh.co.uk\/wp-content\/uploads\/MIB-AGX-600x101.jpg 600w, https:\/\/www.whitesmh.co.uk\/wp-content\/uploads\/MIB-AGX-768x129.jpg 768w, https:\/\/www.whitesmh.co.uk\/wp-content\/uploads\/MIB-AGX.jpg 1046w\" sizes=\"auto, (max-width: 800px) 100vw, 800px\" \/><\/figure>\n<\/div>\n<\/div>\n\n\n\n<div class=\"wp-block-buttons is-layout-flex wp-block-buttons-is-layout-flex\">\n<div class=\"wp-block-button\"><a class=\"wp-block-button__link wp-element-button\" href=\"https:\/\/www.whitesmh.co.uk\/es\/contacto\/\">CONT\u00c1CTENOS<\/a><\/div>\n\n\n\n<div class=\"wp-block-button\"><a class=\"wp-block-button__link wp-element-button\" href=\"https:\/\/www.whitesmh.co.uk\/support\/grapples-product-support\/\">SOPORTE DE PRODUCTO<\/a><\/div>\n\n\n\n<div class=\"wp-block-button\"><a class=\"wp-block-button__link wp-element-button\" href=\"https:\/\/www.whitesmh.co.uk\/wp-content\/uploads\/WMH-Data-Sheet-Buckrakes.pptx\" target=\"_blank\" rel=\"noreferrer noopener\">FICHA T\u00c9CNICA<\/a><\/div>\n<\/div>\n<\/div>\n<\/div>\n\n<div class=\"wp-block-group has-primary-background-color has-background is-layout-flow wp-block-group-is-layout-flow\" style=\"margin-top:30px;margin-bottom:30px;padding-top:var(--wp--preset--spacing--40);padding-right:var(--wp--preset--spacing--40);padding-bottom:var(--wp--preset--spacing--40);padding-left:var(--wp--preset--spacing--40)\">\n<h3 class=\"wp-block-heading\">MODELOS<\/h3>\n<\/div>\n\n<figure class=\"wp-block-table\"><table><tbody><tr><td class=\"has-text-align-center\" data-align=\"center\"><strong>Modelo<\/strong><\/td><td class=\"has-text-align-center\" data-align=\"center\"><strong>Ancho (pies)<\/strong><\/td><td class=\"has-text-align-center\" data-align=\"center\"><strong>Capacidad<\/strong><\/td><td class=\"has-text-align-center\" data-align=\"center\"><strong>Peso<\/strong><\/td><\/tr><tr><td class=\"has-text-align-center\" data-align=\"center\">BU5P2740<\/td><td class=\"has-text-align-center\" data-align=\"center\">9 pies<\/td><td class=\"has-text-align-center\" data-align=\"center\">5.50m3<\/td><td class=\"has-text-align-center\" data-align=\"center\">1300kg<\/td><\/tr><tr><td class=\"has-text-align-center\" data-align=\"center\">BU5P3000<\/td><td class=\"has-text-align-center\" data-align=\"center\">10 pies<\/td><td class=\"has-text-align-center\" data-align=\"center\">6.10m3<\/td><td class=\"has-text-align-center\" data-align=\"center\">1390kg<\/td><\/tr><\/tbody><\/table><\/figure>\n\n<div class=\"wp-block-group is-layout-flow wp-block-group-is-layout-flow\">\n<div class=\"wp-block-group has-primary-background-color has-background is-layout-flow wp-block-group-is-layout-flow\" style=\"margin-top:30px;margin-bottom:30px;padding-top:var(--wp--preset--spacing--40);padding-right:var(--wp--preset--spacing--40);padding-bottom:var(--wp--preset--spacing--40);padding-left:var(--wp--preset--spacing--40)\">\n<h3 class=\"wp-block-heading\">GALER\u00cdA<\/h3>\n<\/div>\n\n\n\n<figure class=\"wp-block-gallery has-nested-images columns-4 is-cropped wp-block-gallery-1 is-layout-flex wp-block-gallery-is-layout-flex\">\n<figure class=\"wp-block-image size-thumbnail\"><a href=\"https:\/\/www.whitesmh.co.uk\/wp-content\/uploads\/IMG_3605-scaled.jpeg\"><img loading=\"lazy\" decoding=\"async\" width=\"400\" height=\"400\" data-id=\"1369\" src=\"https:\/\/www.whitesmh.co.uk\/wp-content\/uploads\/IMG_3605-400x400.jpeg\" alt=\"\" class=\"wp-image-1369\" srcset=\"https:\/\/www.whitesmh.co.uk\/wp-content\/uploads\/IMG_3605-400x400.jpeg 400w, https:\/\/www.whitesmh.co.uk\/wp-content\/uploads\/IMG_3605-scaled-300x300.jpeg 300w, https:\/\/www.whitesmh.co.uk\/wp-content\/uploads\/IMG_3605-scaled-100x100.jpeg 100w\" sizes=\"auto, (max-width: 400px) 100vw, 400px\" \/><\/a><\/figure>\n\n\n\n<figure class=\"wp-block-image size-thumbnail\"><a href=\"https:\/\/www.whitesmh.co.uk\/wp-content\/uploads\/IMG_3603-scaled.jpeg\"><img loading=\"lazy\" decoding=\"async\" width=\"400\" height=\"400\" data-id=\"1368\" src=\"https:\/\/www.whitesmh.co.uk\/wp-content\/uploads\/IMG_3603-400x400.jpeg\" alt=\"\" class=\"wp-image-1368\" srcset=\"https:\/\/www.whitesmh.co.uk\/wp-content\/uploads\/IMG_3603-400x400.jpeg 400w, https:\/\/www.whitesmh.co.uk\/wp-content\/uploads\/IMG_3603-scaled-300x300.jpeg 300w, https:\/\/www.whitesmh.co.uk\/wp-content\/uploads\/IMG_3603-scaled-100x100.jpeg 100w\" sizes=\"auto, (max-width: 400px) 100vw, 400px\" \/><\/a><\/figure>\n\n\n\n<figure class=\"wp-block-image size-thumbnail\"><a href=\"https:\/\/www.whitesmh.co.uk\/wp-content\/uploads\/IMG_3591-scaled.jpeg\"><img loading=\"lazy\" decoding=\"async\" width=\"400\" height=\"400\" data-id=\"1367\" src=\"https:\/\/www.whitesmh.co.uk\/wp-content\/uploads\/IMG_3591-400x400.jpeg\" alt=\"\" class=\"wp-image-1367\" srcset=\"https:\/\/www.whitesmh.co.uk\/wp-content\/uploads\/IMG_3591-400x400.jpeg 400w, https:\/\/www.whitesmh.co.uk\/wp-content\/uploads\/IMG_3591-scaled-300x300.jpeg 300w, https:\/\/www.whitesmh.co.uk\/wp-content\/uploads\/IMG_3591-scaled-100x100.jpeg 100w\" sizes=\"auto, (max-width: 400px) 100vw, 400px\" \/><\/a><\/figure>\n\n\n\n<figure class=\"wp-block-image size-thumbnail\"><a href=\"https:\/\/www.whitesmh.co.uk\/wp-content\/uploads\/IMG_3555-scaled.jpeg\"><img loading=\"lazy\" decoding=\"async\" width=\"400\" height=\"400\" data-id=\"1366\" src=\"https:\/\/www.whitesmh.co.uk\/wp-content\/uploads\/IMG_3555-400x400.jpeg\" alt=\"\" class=\"wp-image-1366\" srcset=\"https:\/\/www.whitesmh.co.uk\/wp-content\/uploads\/IMG_3555-400x400.jpeg 400w, https:\/\/www.whitesmh.co.uk\/wp-content\/uploads\/IMG_3555-scaled-300x300.jpeg 300w, https:\/\/www.whitesmh.co.uk\/wp-content\/uploads\/IMG_3555-scaled-100x100.jpeg 100w\" sizes=\"auto, (max-width: 400px) 100vw, 400px\" \/><\/a><\/figure>\n\n\n\n<figure class=\"wp-block-image size-thumbnail\"><a href=\"https:\/\/www.whitesmh.co.uk\/wp-content\/uploads\/IMG_3535-scaled.jpeg\"><img loading=\"lazy\" decoding=\"async\" width=\"400\" height=\"400\" data-id=\"1365\" src=\"https:\/\/www.whitesmh.co.uk\/wp-content\/uploads\/IMG_3535-400x400.jpeg\" alt=\"\" class=\"wp-image-1365\" srcset=\"https:\/\/www.whitesmh.co.uk\/wp-content\/uploads\/IMG_3535-400x400.jpeg 400w, https:\/\/www.whitesmh.co.uk\/wp-content\/uploads\/IMG_3535-scaled-300x300.jpeg 300w, https:\/\/www.whitesmh.co.uk\/wp-content\/uploads\/IMG_3535-scaled-100x100.jpeg 100w\" sizes=\"auto, (max-width: 400px) 100vw, 400px\" \/><\/a><\/figure>\n\n\n\n<figure class=\"wp-block-image size-thumbnail\"><a href=\"https:\/\/www.whitesmh.co.uk\/wp-content\/uploads\/IMG_3509-scaled.jpeg\"><img loading=\"lazy\" decoding=\"async\" width=\"400\" height=\"400\" data-id=\"1363\" src=\"https:\/\/www.whitesmh.co.uk\/wp-content\/uploads\/IMG_3509-400x400.jpeg\" alt=\"\" class=\"wp-image-1363\" srcset=\"https:\/\/www.whitesmh.co.uk\/wp-content\/uploads\/IMG_3509-400x400.jpeg 400w, https:\/\/www.whitesmh.co.uk\/wp-content\/uploads\/IMG_3509-scaled-300x300.jpeg 300w, https:\/\/www.whitesmh.co.uk\/wp-content\/uploads\/IMG_3509-scaled-100x100.jpeg 100w\" sizes=\"auto, (max-width: 400px) 100vw, 400px\" \/><\/a><\/figure>\n\n\n\n<figure class=\"wp-block-image size-thumbnail\"><a href=\"https:\/\/www.whitesmh.co.uk\/wp-content\/uploads\/IMG_3514-scaled.jpeg\"><img loading=\"lazy\" decoding=\"async\" width=\"400\" height=\"400\" data-id=\"1364\" src=\"https:\/\/www.whitesmh.co.uk\/wp-content\/uploads\/IMG_3514-400x400.jpeg\" alt=\"\" class=\"wp-image-1364\" srcset=\"https:\/\/www.whitesmh.co.uk\/wp-content\/uploads\/IMG_3514-400x400.jpeg 400w, https:\/\/www.whitesmh.co.uk\/wp-content\/uploads\/IMG_3514-scaled-300x300.jpeg 300w, https:\/\/www.whitesmh.co.uk\/wp-content\/uploads\/IMG_3514-scaled-100x100.jpeg 100w\" sizes=\"auto, (max-width: 400px) 100vw, 400px\" \/><\/a><\/figure>\n\n\n\n<figure class=\"wp-block-image size-thumbnail\"><a href=\"https:\/\/www.whitesmh.co.uk\/wp-content\/uploads\/IMG_3496-scaled.jpeg\"><img loading=\"lazy\" decoding=\"async\" width=\"400\" height=\"400\" data-id=\"1362\" src=\"https:\/\/www.whitesmh.co.uk\/wp-content\/uploads\/IMG_3496-400x400.jpeg\" alt=\"\" class=\"wp-image-1362\" srcset=\"https:\/\/www.whitesmh.co.uk\/wp-content\/uploads\/IMG_3496-400x400.jpeg 400w, https:\/\/www.whitesmh.co.uk\/wp-content\/uploads\/IMG_3496-scaled-300x300.jpeg 300w, https:\/\/www.whitesmh.co.uk\/wp-content\/uploads\/IMG_3496-scaled-100x100.jpeg 100w\" sizes=\"auto, (max-width: 400px) 100vw, 400px\" \/><\/a><\/figure>\n<\/figure>\n<\/div>\n\n<div class=\"wp-block-group has-primary-background-color has-background is-layout-flow wp-block-group-is-layout-flow\" style=\"margin-top:30px;margin-bottom:30px;padding-top:var(--wp--preset--spacing--40);padding-right:var(--wp--preset--spacing--40);padding-bottom:var(--wp--preset--spacing--40);padding-left:var(--wp--preset--spacing--40)\">\n<h3 class=\"wp-block-heading\">VIDEOS<\/h3>\n<\/div>\n\n<figure class=\"wp-block-embed is-type-video is-provider-youtube wp-block-embed-youtube wp-embed-aspect-16-9 wp-has-aspect-ratio\"><div class=\"wp-block-embed__wrapper\">\n<iframe loading=\"lazy\" title=\"Whites Material Handling - Buckrakes\" width=\"800\" height=\"450\" src=\"https:\/\/www.youtube.com\/embed\/GoK5qGgqO_Y?feature=oembed\" frameborder=\"0\" allow=\"accelerometer; autoplay; clipboard-write; encrypted-media; gyroscope; picture-in-picture; web-share\" referrerpolicy=\"strict-origin-when-cross-origin\" allowfullscreen><\/iframe>\n<\/div><\/figure>\n\n<div class=\"wp-block-group has-primary-background-color has-background is-layout-flow wp-block-group-is-layout-flow\" style=\"margin-top:30px;margin-bottom:30px;padding-top:var(--wp--preset--spacing--40);padding-right:var(--wp--preset--spacing--40);padding-bottom:var(--wp--preset--spacing--40);padding-left:var(--wp--preset--spacing--40)\">\n<h3 class=\"wp-block-heading\">LO QUE DICEN LOS USUARIOS&#8230;.<\/h3>\n<\/div>\n\n<blockquote class=\"wp-block-quote is-layout-flow wp-block-quote-is-layout-flow\">\n<p>El Whites Buckrake mov\u00eda alrededor de un tercio m\u00e1s de hierba en cada pasada en comparaci\u00f3n con el modelo de otro fabricante. Nos dio m\u00e1s tiempo para rodar por el foso en lugar de tener remolques haciendo cola esper\u00e1ndonos.  <\/p>\n<cite>MD- Contratista, Suroeste de Inglaterra<\/cite><\/blockquote>\n\n<div class=\"wp-block-group is-layout-constrained wp-block-group-is-layout-constrained\">\n<div class=\"wp-block-group alignfull has-primary-background-color has-background is-layout-flow wp-block-group-is-layout-flow\" style=\"margin-top:30px;margin-bottom:30px;padding-top:var(--wp--preset--spacing--40);padding-right:var(--wp--preset--spacing--40);padding-bottom:var(--wp--preset--spacing--40);padding-left:var(--wp--preset--spacing--40)\">\n<h3 class=\"wp-block-heading\">PRODUCTOS RELACIONADOS<\/h3>\n<\/div>\n\n\n\n<div class=\"product-grid flex\">\n\t\t<div class=\"col-25 padBottom\">\n\t\t<a href=\"https:\/\/www.whitesmh.co.uk\/es\/producto\/horquillas-para-cesped-ag-x\/\" title=\"Horquillas para c\u00e9sped AG-X\" class=\"block radius\">\n\t\t\t\t\t\t<div class=\"thumb\">\n\t\t\t\t<img loading=\"lazy\" decoding=\"async\" width=\"400\" height=\"400\" src=\"https:\/\/www.whitesmh.co.uk\/wp-content\/uploads\/Grass-Fork-1-400x400.jpg\" class=\"attachment-thumbnail size-thumbnail wp-post-image\" alt=\"\" srcset=\"https:\/\/www.whitesmh.co.uk\/wp-content\/uploads\/Grass-Fork-1-400x400.jpg 400w, https:\/\/www.whitesmh.co.uk\/wp-content\/uploads\/Grass-Fork-1-300x300.jpg 300w, https:\/\/www.whitesmh.co.uk\/wp-content\/uploads\/Grass-Fork-1-100x100.jpg 100w\" sizes=\"auto, (max-width: 400px) 100vw, 400px\" \/>\t\t\t\t\t\t\t\t\t\n\t\t\t<\/div>\n\t\t\t\t\t\t<div class=\"meta smlPadAll\">\n\t\t\t\t<h4 class=\"no-margin\">Horquillas para c\u00e9sped AG-X<\/h4>\n\t\t\t\t<span class=\"blue button marTop\">Find out more <i class=\"fa-solid fa-chevron-right\"><\/i><\/span>\n\t\t\t<\/div>\n\t\t<\/a>\n\t<\/div>\n\t<\/div>\n<\/div>\n","protected":false},"excerpt":{"rendered":"<p>RASTRILLOS AG-X La gama de rastrillos WHITES AG-X est\u00e1 dise\u00f1ada para satisfacer las demandas de los contratistas y el uso intensivo de la granja. Un dise\u00f1o sobredimensionado garantiza la fiabilidad durante esas intensas temporadas de ensilado. MODELOS Modelo Ancho (pies) Capacidad Peso BU5P2740 9 pies 5.50m3 1300kg BU5P3000 10 pies 6.10m3 1390kg GALER\u00cdA VIDEOS LO&hellip;<\/p>\n","protected":false},"featured_media":8568,"template":"","meta":{"_acf_changed":false},"product_brand":[],"product_cat":[324,325,297],"product_tag":[],"class_list":{"2":"type-product","9":"product","10":"first","11":"instock","12":"taxable","13":"shipping-taxable","14":"product-type-simple"},"acf":[],"_links":{"self":[{"href":"https:\/\/www.whitesmh.co.uk\/es\/wp-json\/wp\/v2\/product\/8559","targetHints":{"allow":["GET"]}}],"collection":[{"href":"https:\/\/www.whitesmh.co.uk\/es\/wp-json\/wp\/v2\/product"}],"about":[{"href":"https:\/\/www.whitesmh.co.uk\/es\/wp-json\/wp\/v2\/types\/product"}],"wp:featuredmedia":[{"embeddable":true,"href":"https:\/\/www.whitesmh.co.uk\/es\/wp-json\/wp\/v2\/media\/8568"}],"wp:attachment":[{"href":"https:\/\/www.whitesmh.co.uk\/es\/wp-json\/wp\/v2\/media?parent=8559"}],"wp:term":[{"taxonomy":"product_brand","embeddable":true,"href":"https:\/\/www.whitesmh.co.uk\/es\/wp-json\/wp\/v2\/product_brand?post=8559"},{"taxonomy":"product_cat","embeddable":true,"href":"https:\/\/www.whitesmh.co.uk\/es\/wp-json\/wp\/v2\/product_cat?post=8559"},{"taxonomy":"product_tag","embeddable":true,"href":"https:\/\/www.whitesmh.co.uk\/es\/wp-json\/wp\/v2\/product_tag?post=8559"}],"curies":[{"name":"wp","href":"https:\/\/api.w.org\/{rel}","templated":true}]}}