{"id":8548,"date":"2023-11-21T09:23:24","date_gmt":"2023-11-21T09:23:24","guid":{"rendered":"https:\/\/www.whitesmh.co.uk\/products\/horquillas-para-cesped-ag-x\/"},"modified":"2024-11-19T09:25:44","modified_gmt":"2024-11-19T09:25:44","slug":"horquillas-para-cesped-ag-x","status":"publish","type":"product","link":"https:\/\/www.whitesmh.co.uk\/es\/producto\/horquillas-para-cesped-ag-x\/","title":{"rendered":"Horquillas para c\u00e9sped AG-X"},"content":{"rendered":"\n<div class=\"wp-block-columns is-layout-flex wp-container-core-columns-is-layout-28f84493 wp-block-columns-is-layout-flex\">\n<div class=\"wp-block-column is-layout-flow wp-block-column-is-layout-flow\">\n<h2 class=\"wp-block-heading\" style=\"text-transform:uppercase\">HORQUILLAS PARA C\u00c9SPED AG-X<\/h2>\n\n\n\n<p>La gama de horquillas para c\u00e9sped WHITES AG-X ofrece a los usuarios una opci\u00f3n resistente, fiable y duradera para trabajar con la abrazadera de su manipulador telesc\u00f3pico o cargadora de ruedas.<\/p>\n\n\n\n<ul class=\"wp-block-list\">\n<li>P\u00faas Hardox de 1400 mm de longitud<\/li>\n\n\n\n<li>Tira de desgaste inferior de ancho completo<\/li>\n\n\n\n<li>Almohadillas de desgaste laterales HB500 para protecci\u00f3n de paredes<\/li>\n\n\n\n<li>Grandes ranuras de visibilidad<\/li>\n\n\n\n<li>Protecci\u00f3n contra derrames de malla soldada<\/li>\n\n\n\n<li>P\u00faas laterales dobles  <\/li>\n\n\n\n<li>Placas en \u00e1ngulo para evitar la acumulaci\u00f3n de hierba<\/li>\n\n\n\n<li>Soportes atornillados <\/li>\n\n\n\n<li>Placa de identificaci\u00f3n personalizada opcional<\/li>\n<\/ul>\n\n\n\n<div class=\"wp-block-columns is-layout-flex wp-container-core-columns-is-layout-28f84493 wp-block-columns-is-layout-flex\">\n<div class=\"wp-block-column is-layout-flow wp-block-column-is-layout-flow\" style=\"flex-basis:100%\">\n<figure class=\"wp-block-image size-medium is-resized\"><img loading=\"lazy\" decoding=\"async\" width=\"800\" height=\"135\" src=\"https:\/\/www.whitesmh.co.uk\/wp-content\/uploads\/MIB-AGX-800x135.jpg\" alt=\"\" class=\"wp-image-1173\" style=\"width:268px;height:auto\" srcset=\"https:\/\/www.whitesmh.co.uk\/wp-content\/uploads\/MIB-AGX-800x135.jpg 800w, https:\/\/www.whitesmh.co.uk\/wp-content\/uploads\/MIB-AGX-600x101.jpg 600w, https:\/\/www.whitesmh.co.uk\/wp-content\/uploads\/MIB-AGX-768x129.jpg 768w, https:\/\/www.whitesmh.co.uk\/wp-content\/uploads\/MIB-AGX.jpg 1046w\" sizes=\"auto, (max-width: 800px) 100vw, 800px\" \/><\/figure>\n<\/div>\n<\/div>\n\n\n\n<div class=\"wp-block-buttons is-layout-flex wp-block-buttons-is-layout-flex\">\n<div class=\"wp-block-button\"><a class=\"wp-block-button__link wp-element-button\" href=\"https:\/\/www.whitesmh.co.uk\/es\/contacto\/\">CONT\u00c1CTENOS<\/a><\/div>\n\n\n\n<div class=\"wp-block-button\"><a class=\"wp-block-button__link wp-element-button\" href=\"https:\/\/www.whitesmh.co.uk\/support\/grapples-product-support\/\">SOPORTE DE PRODUCTO<\/a><\/div>\n\n\n\n<div class=\"wp-block-button\"><a class=\"wp-block-button__link wp-element-button\" href=\"https:\/\/www.whitesmh.co.uk\/wp-content\/uploads\/WMH-Data-Sheet-Grass-Fork.pptx\" target=\"_blank\" rel=\"noreferrer noopener\">FICHA T\u00c9CNICA<\/a><\/div>\n<\/div>\n<\/div>\n\n\n\n<div class=\"wp-block-column is-vertically-aligned-center is-layout-flow wp-block-column-is-layout-flow\">\n<figure class=\"wp-block-image size-full\"><img loading=\"lazy\" decoding=\"async\" width=\"2000\" height=\"1500\" src=\"https:\/\/www.whitesmh.co.uk\/wp-content\/uploads\/IMG_1789-scaled.jpeg\" alt=\"\" class=\"wp-image-1393\" srcset=\"https:\/\/www.whitesmh.co.uk\/wp-content\/uploads\/IMG_1789-scaled.jpeg 2000w, https:\/\/www.whitesmh.co.uk\/wp-content\/uploads\/IMG_1789-scaled-600x450.jpeg 600w, https:\/\/www.whitesmh.co.uk\/wp-content\/uploads\/IMG_1789-800x600.jpeg 800w, https:\/\/www.whitesmh.co.uk\/wp-content\/uploads\/IMG_1789-768x576.jpeg 768w\" sizes=\"auto, (max-width: 800px) 100vw, 800px\" \/><\/figure>\n<\/div>\n<\/div>\n\n<div class=\"wp-block-group has-primary-background-color has-background is-layout-flow wp-block-group-is-layout-flow\" style=\"margin-top:30px;margin-bottom:30px;padding-top:var(--wp--preset--spacing--40);padding-right:var(--wp--preset--spacing--40);padding-bottom:var(--wp--preset--spacing--40);padding-left:var(--wp--preset--spacing--40)\">\n<h3 class=\"wp-block-heading\">MODELOS<\/h3>\n<\/div>\n\n<figure class=\"wp-block-table\"><table><tbody><tr><td class=\"has-text-align-center\" data-align=\"center\"><strong>Modelo<\/strong><\/td><td class=\"has-text-align-center\" data-align=\"center\"><strong>Ancho (pies)<\/strong><\/td><td class=\"has-text-align-center\" data-align=\"center\"><strong>Capacidad<\/strong><\/td><td class=\"has-text-align-center\" data-align=\"center\"><strong>Dientes<\/strong><\/td><\/tr><tr><td class=\"has-text-align-center\" data-align=\"center\">GF80HX<\/td><td class=\"has-text-align-center\" data-align=\"center\">8 pies<\/td><td class=\"has-text-align-center\" data-align=\"center\">4.50m3<\/td><td class=\"has-text-align-center\" data-align=\"center\">Hardox<\/td><\/tr><tr><td class=\"has-text-align-center\" data-align=\"center\">GF90HX<\/td><td class=\"has-text-align-center\" data-align=\"center\">9 pies<\/td><td class=\"has-text-align-center\" data-align=\"center\">5.15m3<\/td><td class=\"has-text-align-center\" data-align=\"center\">Hardox<\/td><\/tr><tr><td class=\"has-text-align-center\" data-align=\"center\">GF10HX<\/td><td class=\"has-text-align-center\" data-align=\"center\">10 pies<\/td><td class=\"has-text-align-center\" data-align=\"center\">5.70m3<\/td><td class=\"has-text-align-center\" data-align=\"center\">Hardox<\/td><\/tr><\/tbody><\/table><\/figure>\n\n<div class=\"wp-block-group is-layout-flow wp-block-group-is-layout-flow\">\n<div class=\"wp-block-group has-primary-background-color has-background is-layout-flow wp-block-group-is-layout-flow\" style=\"margin-top:30px;margin-bottom:30px;padding-top:var(--wp--preset--spacing--40);padding-right:var(--wp--preset--spacing--40);padding-bottom:var(--wp--preset--spacing--40);padding-left:var(--wp--preset--spacing--40)\">\n<h3 class=\"wp-block-heading\">GALER\u00cdA<\/h3>\n<\/div>\n\n\n\n<figure class=\"wp-block-gallery has-nested-images columns-4 is-cropped wp-block-gallery-1 is-layout-flex wp-block-gallery-is-layout-flex\">\n<figure class=\"wp-block-image size-thumbnail\"><a href=\"https:\/\/www.whitesmh.co.uk\/wp-content\/uploads\/IMG_1788-scaled.jpeg\"><img loading=\"lazy\" decoding=\"async\" width=\"400\" height=\"400\" data-id=\"1392\" src=\"https:\/\/www.whitesmh.co.uk\/wp-content\/uploads\/IMG_1788-400x400.jpeg\" alt=\"\" class=\"wp-image-1392\" srcset=\"https:\/\/www.whitesmh.co.uk\/wp-content\/uploads\/IMG_1788-400x400.jpeg 400w, https:\/\/www.whitesmh.co.uk\/wp-content\/uploads\/IMG_1788-scaled-300x300.jpeg 300w, https:\/\/www.whitesmh.co.uk\/wp-content\/uploads\/IMG_1788-scaled-100x100.jpeg 100w\" sizes=\"auto, (max-width: 400px) 100vw, 400px\" \/><\/a><\/figure>\n\n\n\n<figure class=\"wp-block-image size-thumbnail\"><a href=\"https:\/\/www.whitesmh.co.uk\/wp-content\/uploads\/IMG_1786-scaled.jpeg\"><img loading=\"lazy\" decoding=\"async\" width=\"400\" height=\"400\" data-id=\"1391\" src=\"https:\/\/www.whitesmh.co.uk\/wp-content\/uploads\/IMG_1786-400x400.jpeg\" alt=\"\" class=\"wp-image-1391\" srcset=\"https:\/\/www.whitesmh.co.uk\/wp-content\/uploads\/IMG_1786-400x400.jpeg 400w, https:\/\/www.whitesmh.co.uk\/wp-content\/uploads\/IMG_1786-scaled-300x300.jpeg 300w, https:\/\/www.whitesmh.co.uk\/wp-content\/uploads\/IMG_1786-scaled-100x100.jpeg 100w\" sizes=\"auto, (max-width: 400px) 100vw, 400px\" \/><\/a><\/figure>\n\n\n\n<figure class=\"wp-block-image size-thumbnail\"><a href=\"https:\/\/www.whitesmh.co.uk\/wp-content\/uploads\/IMG_1785-scaled.jpeg\"><img loading=\"lazy\" decoding=\"async\" width=\"400\" height=\"400\" data-id=\"1390\" src=\"https:\/\/www.whitesmh.co.uk\/wp-content\/uploads\/IMG_1785-400x400.jpeg\" alt=\"\" class=\"wp-image-1390\" srcset=\"https:\/\/www.whitesmh.co.uk\/wp-content\/uploads\/IMG_1785-400x400.jpeg 400w, https:\/\/www.whitesmh.co.uk\/wp-content\/uploads\/IMG_1785-scaled-300x300.jpeg 300w, https:\/\/www.whitesmh.co.uk\/wp-content\/uploads\/IMG_1785-scaled-100x100.jpeg 100w\" sizes=\"auto, (max-width: 400px) 100vw, 400px\" \/><\/a><\/figure>\n\n\n\n<figure class=\"wp-block-image size-thumbnail\"><a href=\"https:\/\/www.whitesmh.co.uk\/wp-content\/uploads\/IMG_1784-scaled.jpeg\"><img loading=\"lazy\" decoding=\"async\" width=\"400\" height=\"400\" data-id=\"1389\" src=\"https:\/\/www.whitesmh.co.uk\/wp-content\/uploads\/IMG_1784-400x400.jpeg\" alt=\"\" class=\"wp-image-1389\" srcset=\"https:\/\/www.whitesmh.co.uk\/wp-content\/uploads\/IMG_1784-400x400.jpeg 400w, https:\/\/www.whitesmh.co.uk\/wp-content\/uploads\/IMG_1784-scaled-300x300.jpeg 300w, https:\/\/www.whitesmh.co.uk\/wp-content\/uploads\/IMG_1784-scaled-100x100.jpeg 100w\" sizes=\"auto, (max-width: 400px) 100vw, 400px\" \/><\/a><\/figure>\n\n\n\n<figure class=\"wp-block-image size-thumbnail\"><a href=\"https:\/\/www.whitesmh.co.uk\/wp-content\/uploads\/IMG_1780-scaled.jpeg\"><img loading=\"lazy\" decoding=\"async\" width=\"400\" height=\"400\" data-id=\"1388\" src=\"https:\/\/www.whitesmh.co.uk\/wp-content\/uploads\/IMG_1780-400x400.jpeg\" alt=\"\" class=\"wp-image-1388\" srcset=\"https:\/\/www.whitesmh.co.uk\/wp-content\/uploads\/IMG_1780-400x400.jpeg 400w, https:\/\/www.whitesmh.co.uk\/wp-content\/uploads\/IMG_1780-scaled-300x300.jpeg 300w, https:\/\/www.whitesmh.co.uk\/wp-content\/uploads\/IMG_1780-scaled-100x100.jpeg 100w\" sizes=\"auto, (max-width: 400px) 100vw, 400px\" \/><\/a><\/figure>\n\n\n\n<figure class=\"wp-block-image size-thumbnail\"><a href=\"https:\/\/www.whitesmh.co.uk\/wp-content\/uploads\/IMG_1779-scaled.jpeg\"><img loading=\"lazy\" decoding=\"async\" width=\"400\" height=\"400\" data-id=\"1387\" src=\"https:\/\/www.whitesmh.co.uk\/wp-content\/uploads\/IMG_1779-400x400.jpeg\" alt=\"\" class=\"wp-image-1387\" srcset=\"https:\/\/www.whitesmh.co.uk\/wp-content\/uploads\/IMG_1779-400x400.jpeg 400w, https:\/\/www.whitesmh.co.uk\/wp-content\/uploads\/IMG_1779-scaled-300x300.jpeg 300w, https:\/\/www.whitesmh.co.uk\/wp-content\/uploads\/IMG_1779-scaled-100x100.jpeg 100w\" sizes=\"auto, (max-width: 400px) 100vw, 400px\" \/><\/a><\/figure>\n\n\n\n<figure class=\"wp-block-image size-thumbnail\"><a href=\"https:\/\/www.whitesmh.co.uk\/wp-content\/uploads\/IMG_1778-scaled.jpeg\"><img loading=\"lazy\" decoding=\"async\" width=\"400\" height=\"400\" data-id=\"1386\" src=\"https:\/\/www.whitesmh.co.uk\/wp-content\/uploads\/IMG_1778-400x400.jpeg\" alt=\"\" class=\"wp-image-1386\" srcset=\"https:\/\/www.whitesmh.co.uk\/wp-content\/uploads\/IMG_1778-400x400.jpeg 400w, https:\/\/www.whitesmh.co.uk\/wp-content\/uploads\/IMG_1778-scaled-300x300.jpeg 300w, https:\/\/www.whitesmh.co.uk\/wp-content\/uploads\/IMG_1778-scaled-100x100.jpeg 100w\" sizes=\"auto, (max-width: 400px) 100vw, 400px\" \/><\/a><\/figure>\n\n\n\n<figure class=\"wp-block-image size-thumbnail\"><a href=\"https:\/\/www.whitesmh.co.uk\/wp-content\/uploads\/IMG_1776-scaled.jpeg\"><img loading=\"lazy\" decoding=\"async\" width=\"400\" height=\"400\" data-id=\"1385\" src=\"https:\/\/www.whitesmh.co.uk\/wp-content\/uploads\/IMG_1776-400x400.jpeg\" alt=\"\" class=\"wp-image-1385\" srcset=\"https:\/\/www.whitesmh.co.uk\/wp-content\/uploads\/IMG_1776-400x400.jpeg 400w, https:\/\/www.whitesmh.co.uk\/wp-content\/uploads\/IMG_1776-scaled-300x300.jpeg 300w, https:\/\/www.whitesmh.co.uk\/wp-content\/uploads\/IMG_1776-scaled-100x100.jpeg 100w\" sizes=\"auto, (max-width: 400px) 100vw, 400px\" \/><\/a><\/figure>\n<\/figure>\n<\/div>\n\n<div class=\"wp-block-group is-layout-constrained wp-block-group-is-layout-constrained\">\n<div class=\"wp-block-group alignfull has-primary-background-color has-background is-layout-flow wp-block-group-is-layout-flow\" style=\"margin-top:30px;margin-bottom:30px;padding-top:var(--wp--preset--spacing--40);padding-right:var(--wp--preset--spacing--40);padding-bottom:var(--wp--preset--spacing--40);padding-left:var(--wp--preset--spacing--40)\">\n<h3 class=\"wp-block-heading\">PRODUCTOS RELACIONADOS<\/h3>\n<\/div>\n\n\n\n<div class=\"product-grid flex\">\n\t\t<div class=\"col-25 padBottom\">\n\t\t<a href=\"https:\/\/www.whitesmh.co.uk\/es\/producto\/rastrillos-ag-x\/\" title=\"Rastrillos AG-X\" class=\"block radius\">\n\t\t\t\t\t\t<div class=\"thumb\">\n\t\t\t\t<img loading=\"lazy\" decoding=\"async\" width=\"400\" height=\"400\" src=\"https:\/\/www.whitesmh.co.uk\/wp-content\/uploads\/Buckrake-400x400.jpg\" class=\"attachment-thumbnail size-thumbnail wp-post-image\" alt=\"\" srcset=\"https:\/\/www.whitesmh.co.uk\/wp-content\/uploads\/Buckrake-400x400.jpg 400w, https:\/\/www.whitesmh.co.uk\/wp-content\/uploads\/Buckrake-300x300.jpg 300w, https:\/\/www.whitesmh.co.uk\/wp-content\/uploads\/Buckrake-100x100.jpg 100w\" sizes=\"auto, (max-width: 400px) 100vw, 400px\" \/>\t\t\t\t\t\t\t\t\t\n\t\t\t<\/div>\n\t\t\t\t\t\t<div class=\"meta smlPadAll\">\n\t\t\t\t<h4 class=\"no-margin\">Rastrillos AG-X<\/h4>\n\t\t\t\t<span class=\"blue button marTop\">Find out more <i class=\"fa-solid fa-chevron-right\"><\/i><\/span>\n\t\t\t<\/div>\n\t\t<\/a>\n\t<\/div>\n\t<\/div>\n<\/div>\n","protected":false},"excerpt":{"rendered":"<p>HORQUILLAS PARA C\u00c9SPED AG-X La gama de horquillas para c\u00e9sped WHITES AG-X ofrece a los usuarios una opci\u00f3n resistente, fiable y duradera para trabajar con la abrazadera de su manipulador telesc\u00f3pico o cargadora de ruedas. MODELOS Modelo Ancho (pies) Capacidad Dientes GF80HX 8 pies 4.50m3 Hardox GF90HX 9 pies 5.15m3 Hardox GF10HX 10 pies 5.70m3&hellip;<\/p>\n","protected":false},"featured_media":8558,"template":"","meta":{"_acf_changed":false},"product_brand":[],"product_cat":[324,294],"product_tag":[],"class_list":{"2":"type-product","8":"product","9":"first","10":"instock","11":"taxable","12":"shipping-taxable","13":"product-type-simple"},"acf":[],"_links":{"self":[{"href":"https:\/\/www.whitesmh.co.uk\/es\/wp-json\/wp\/v2\/product\/8548","targetHints":{"allow":["GET"]}}],"collection":[{"href":"https:\/\/www.whitesmh.co.uk\/es\/wp-json\/wp\/v2\/product"}],"about":[{"href":"https:\/\/www.whitesmh.co.uk\/es\/wp-json\/wp\/v2\/types\/product"}],"wp:featuredmedia":[{"embeddable":true,"href":"https:\/\/www.whitesmh.co.uk\/es\/wp-json\/wp\/v2\/media\/8558"}],"wp:attachment":[{"href":"https:\/\/www.whitesmh.co.uk\/es\/wp-json\/wp\/v2\/media?parent=8548"}],"wp:term":[{"taxonomy":"product_brand","embeddable":true,"href":"https:\/\/www.whitesmh.co.uk\/es\/wp-json\/wp\/v2\/product_brand?post=8548"},{"taxonomy":"product_cat","embeddable":true,"href":"https:\/\/www.whitesmh.co.uk\/es\/wp-json\/wp\/v2\/product_cat?post=8548"},{"taxonomy":"product_tag","embeddable":true,"href":"https:\/\/www.whitesmh.co.uk\/es\/wp-json\/wp\/v2\/product_tag?post=8548"}],"curies":[{"name":"wp","href":"https:\/\/api.w.org\/{rel}","templated":true}]}}